{"id":73311,"date":"2021-09-10T15:39:23","date_gmt":"2021-09-10T19:39:23","guid":{"rendered":"https:\/\/dev.inrs.ca\/?page_id=73311"},"modified":"2021-09-21T08:47:41","modified_gmt":"2021-09-21T12:47:41","slug":"inrs-uqat-joint-research-unit-in-indigenous-studies","status":"publish","type":"page","link":"https:\/\/dev.inrs.ca\/en\/research\/research-chairs-groups-and-networks\/find-research-chair-group-or-network\/inrs-uqat-joint-research-unit-in-indigenous-studies\/","title":{"rendered":"INRS-UQAT Joint Research Unit in Indigenous Studies"},"content":{"rendered":"\n<p class=\"has-large-font-size\"><strong>Institut national de la recherche scientifique (INRS) and Universit\u00e9 du Qu\u00e9bec en Abitibi-T\u00e9miscamingue (UQAT) launches a joint research unit (UMR) in Indigenous Studies<\/strong>.<\/p>\n\n\n\n<div style=\"height:20px\" aria-hidden=\"true\" class=\"wp-block-spacer\"><\/div>\n\n\n\n<p>INRS and UQAT are developing a joint research unit at the crossroads of scientific and Indigenous knowledge. UQAT serves a large Indigenous population and is a leader in research, education, and services for, by, and with Indigenous peoples. INRS has also developed extensive expertise on Indigenous issues at the Urbanisation Culture Soci\u00e9t\u00e9 Research Centre. The goal of this UMR is to further strengthen Abitibi-T\u00e9miscamingue as a centre of excellence in research on Indigenous issues in areas such as education, territory, self-determination, revitalization of Indigenous languages, modern urban life, and others by fostering co-construction of knowledge that will benefit all of Qu\u00e9bec.<\/p>\n\n\n\n<p>The INRS-UQAT Joint Research Unit will promote dialogue and knowledge sharing between all communities. It will also help train the next generation of local scientists in a crucial field for Qu\u00e9bec.<\/p>\n\n\n\n<div style=\"height:20px\" aria-hidden=\"true\" class=\"wp-block-spacer\"><\/div>\n\n\n\n<div class=\"wp-block-cover has-background-dim has-parallax\" style=\"background-image:url(https:\/\/dev.inrs.ca\/wp-content\/uploads\/tipi-umr-etudes-autochtones.jpeg)\"><div class=\"wp-block-cover__inner-container is-layout-flow wp-block-cover-is-layout-flow\">\n<p class=\"has-text-align-center\" style=\"font-size:clamp(18.959px, 1.185rem + ((1vw - 3.2px) * 1.33), 30px);px\"><strong>The INRS-UQAT Joint Research Unit in Indigenous Studies will promote dialogue and knowledge sharing between all communities. It will also help train the next generation of local scientists in a crucial field for Qu\u00e9bec.<\/strong><\/p>\n<\/div><\/div>\n\n\n\n<div style=\"height:40px\" aria-hidden=\"true\" class=\"wp-block-spacer\"><\/div>\n\n\n\n<div class=\"wp-block-columns is-layout-flex wp-container-core-columns-is-layout-1 wp-block-columns-is-layout-flex\">\n<div class=\"wp-block-column is-layout-flow wp-block-column-is-layout-flow\">\n<div class=\"wp-block-image\"><figure class=\"alignleft size-large\"><img decoding=\"async\" src=\"https:\/\/dev.inrs.ca\/wp-content\/uploads\/2020\/10\/Logo-INRS-horizontal-web-300x182.png\" alt=\"\"\/><\/figure><\/div>\n\n\n\n<div style=\"height:20px\" aria-hidden=\"true\" class=\"wp-block-spacer\"><\/div>\n\n\n\n<div class=\"wp-block-image\"><figure class=\"alignleft size-large\"><img decoding=\"async\" src=\"https:\/\/dev.inrs.ca\/wp-content\/uploads\/2021\/03\/UQAT_logotype_RGB_XL-300x97.png\" alt=\"\"\/><\/figure><\/div>\n<\/div>\n\n\n\n<div class=\"wp-block-column is-layout-flow wp-block-column-is-layout-flow\" style=\"flex-basis:66.66%\">\n<p style=\"font-size:clamp(14px, 0.875rem + ((1vw - 3.2px) * 0.723), 20px);px\"><strong>Development of the INRS-UQAR Joint Research Unit in Indigenous Studies was made possible thanks to initial funding of $3 million from the Government of Qu\u00e9bec.<\/strong><\/p>\n\n\n\n<p>This funding by <a href=\"http:\/\/www.education.gouv.qc.ca\/en\/home\/\" target=\"_blank\" rel=\"noreferrer noopener\">Minist\u00e8re de l\u2019Enseignement sup\u00e9rieur<\/a> du Qu\u00e9bec will make it possible to create three professorships at the INRS <a href=\"https:\/\/dev.inrs.ca\/en\/inrs\/research-centres\/urbanisation-culture-societe-research-centre\/\">Urbanisation Culture Soci\u00e9t\u00e9 Research Centre<\/a>.<\/p>\n\n\n\n<p>These professors will work as part of the UMR from <a href=\"https:\/\/www.uqat.ca\/en\/\" target=\"_blank\" rel=\"noreferrer noopener\">UQAT<\/a>\u2019s Val-d\u2019Or campus. The UMR\u2019s mission is to conduct multidisciplinary graduate-level research and educational activities.<\/p>\n\n\n\n<div style=\"height:20px\" aria-hidden=\"true\" class=\"wp-block-spacer\"><\/div>\n\n\n\n<h4 class=\"wp-block-heading\"><strong>Important addresses:<\/strong><strong><\/strong><\/h4>\n\n\n\n<ul class=\"wp-block-list\"><li><a href=\"https:\/\/reseaudialog.ca\/\" target=\"_blank\" rel=\"noreferrer noopener\" class=\"broken_link\">DIALOG \u2013 Indigenous Peoples Research and Knowledge Network<\/a><\/li><li><a href=\"http:\/\/www.odena.ca\/fr\/\" target=\"_blank\" rel=\"noreferrer noopener\">ODENA Alliance<\/a><\/li><li><a href=\"https:\/\/www.uqat.ca\/etudes\/etudes-autochtones\/\" target=\"_blank\" rel=\"noreferrer noopener\">UQAT School of Indigenous Studies<\/a><\/li><\/ul>\n<\/div>\n<\/div>\n\n\n\n<figure class=\"wp-block-gallery columns-3 is-cropped wp-block-gallery-2 is-layout-flex wp-block-gallery-is-layout-flex\"><ul class=\"blocks-gallery-grid\"><li class=\"blocks-gallery-item\"><figure><img loading=\"lazy\" decoding=\"async\" width=\"1024\" height=\"536\" src=\"https:\/\/dev.inrs.ca\/wp-content\/uploads\/UMR-001-1024x536-1.png\" alt=\"\" data-id=\"73343\" data-link=\"https:\/\/dev.inrs.ca\/en\/research\/research-chairs-groups-and-networks\/find-research-chair-group-or-network\/attachment\/umr-001-1024x536-1\/\" class=\"wp-image-73343\" srcset=\"https:\/\/dev.inrs.ca\/wp-content\/uploads\/UMR-001-1024x536-1.png 1024w, https:\/\/dev.inrs.ca\/wp-content\/uploads\/UMR-001-1024x536-1-300x157.png 300w, https:\/\/dev.inrs.ca\/wp-content\/uploads\/UMR-001-1024x536-1-768x402.png 768w\" sizes=\"auto, (max-width: 1024px) 100vw, 1024px\" \/><\/figure><\/li><li class=\"blocks-gallery-item\"><figure><img loading=\"lazy\" decoding=\"async\" width=\"1000\" height=\"666\" src=\"https:\/\/dev.inrs.ca\/wp-content\/uploads\/umr-autochtone-manawan.jpeg\" alt=\"\" data-id=\"73342\" data-link=\"https:\/\/dev.inrs.ca\/en\/research\/research-chairs-groups-and-networks\/find-research-chair-group-or-network\/attachment\/native-village-of-manawan-quebec-canada\/\" class=\"wp-image-73342\" srcset=\"https:\/\/dev.inrs.ca\/wp-content\/uploads\/umr-autochtone-manawan.jpeg 1000w, https:\/\/dev.inrs.ca\/wp-content\/uploads\/umr-autochtone-manawan-300x200.jpeg 300w, https:\/\/dev.inrs.ca\/wp-content\/uploads\/umr-autochtone-manawan-768x511.jpeg 768w, https:\/\/dev.inrs.ca\/wp-content\/uploads\/umr-autochtone-manawan-600x400.jpeg 600w\" sizes=\"auto, (max-width: 1000px) 100vw, 1000px\" \/><\/figure><\/li><li class=\"blocks-gallery-item\"><figure><img loading=\"lazy\" decoding=\"async\" width=\"1000\" height=\"666\" src=\"https:\/\/dev.inrs.ca\/wp-content\/uploads\/2021\/01\/autochtones-etudes.jpeg\" alt=\"\" data-id=\"72698\" data-link=\"https:\/\/dev.inrs.ca\/en\/news\/first-joyce-echaquan-scholarship-awarded\/attachment\/the-dream-catcher-hangs-from-the-ceiling\/\" class=\"wp-image-72698\" srcset=\"https:\/\/dev.inrs.ca\/wp-content\/uploads\/2021\/01\/autochtones-etudes.jpeg 1000w, https:\/\/dev.inrs.ca\/wp-content\/uploads\/2021\/01\/autochtones-etudes-300x200.jpeg 300w, https:\/\/dev.inrs.ca\/wp-content\/uploads\/2021\/01\/autochtones-etudes-768x511.jpeg 768w, https:\/\/dev.inrs.ca\/wp-content\/uploads\/2021\/01\/autochtones-etudes-600x400.jpeg 600w\" sizes=\"auto, (max-width: 1000px) 100vw, 1000px\" \/><\/figure><\/li><li class=\"blocks-gallery-item\"><figure><img loading=\"lazy\" decoding=\"async\" width=\"1000\" height=\"666\" src=\"https:\/\/dev.inrs.ca\/wp-content\/uploads\/autochtones-relations-quebec.jpeg\" alt=\"\" data-id=\"73345\" data-full-url=\"https:\/\/dev.inrs.ca\/wp-content\/uploads\/autochtones-relations-quebec.jpeg\" data-link=\"https:\/\/dev.inrs.ca\/en\/research\/research-chairs-groups-and-networks\/find-research-chair-group-or-network\/attachment\/pow-wow\/\" class=\"wp-image-73345\" srcset=\"https:\/\/dev.inrs.ca\/wp-content\/uploads\/autochtones-relations-quebec.jpeg 1000w, https:\/\/dev.inrs.ca\/wp-content\/uploads\/autochtones-relations-quebec-300x200.jpeg 300w, https:\/\/dev.inrs.ca\/wp-content\/uploads\/autochtones-relations-quebec-768x511.jpeg 768w, https:\/\/dev.inrs.ca\/wp-content\/uploads\/autochtones-relations-quebec-600x400.jpeg 600w\" sizes=\"auto, (max-width: 1000px) 100vw, 1000px\" \/><\/figure><\/li><\/ul><\/figure>\n\n\n\n<h2 class=\"wp-block-heading\"><strong>UMR joint implementation committee<\/strong><strong><\/strong><\/h2>\n\n\n\n<ul class=\"wp-block-list\"><li><a href=\"https:\/\/www.uqat.ca\/services\/personnel\/fiche.asp?Fiche=010017\" target=\"_blank\" rel=\"noreferrer noopener\">Louis Imbeau<\/a>, Dean of Research and Innovation, UQAT<\/li><li><a href=\"https:\/\/portail.uqat.ca\/prf\/fr\/Hugo-Asselin\/Pages\/default.aspx\" target=\"_blank\" rel=\"noreferrer noopener\">Hugo Asselin<\/a>, Professor and Director of the School of Indigenous Studies, UQAT<\/li><li><a href=\"https:\/\/www.uqat.ca\/services\/personnel\/fiche.asp?Fiche=070133\" target=\"_blank\" rel=\"noreferrer noopener\">Suzy Basile<\/a>, Professor, UQAT<\/li><li><a href=\"https:\/\/dev.inrs.ca\/en\/research\/professors\/helene-belleau\/\">H\u00e9l\u00e8ne Belleau<\/a>, Professor and Director of the Urbanisation Culture Soci\u00e9t\u00e9 Research Centre, INRS<\/li><li><a href=\"https:\/\/dev.inrs.ca\/en\/research\/professors\/carole-levesque\/\">Carole L\u00e9vesque<\/a>, Professor, INRS<\/li><li><a href=\"https:\/\/dev.inrs.ca\/en\/research\/professors\/stephane-guimont-marceau\/\">St\u00e9phane Guimont Marceau<\/a>, Professor, INRS<\/li><li><a href=\"https:\/\/www.linkedin.com\/in\/sharon-hunter-b18ba2164\/?originalSubdomain=ca\" target=\"_blank\" rel=\"noreferrer noopener\">Sharon Hunter<\/a>, Executive Director, Long Point First Nation<\/li><li><a href=\"https:\/\/www.linkedin.com\/in\/melissa-saganash-98991114\/?originalSubdomain=ca\" target=\"_blank\" rel=\"noreferrer noopener\">Melissa Saganash<\/a>, Director of Cree-Qu\u00e9bec Relations, Grand Council of the Crees<\/li><li><a href=\"https:\/\/www.rcaaq.info\/en\/equipe\/\" target=\"_blank\" rel=\"noreferrer noopener\" class=\"broken_link\">Tanya Sirois<\/a>, Executive Director, Regroupement des centres d\u2019amiti\u00e9 autochtones du Qu\u00e9bec (Qu\u00e9bec association of Friendship Centres)<\/li><li>Kitty Gordon, Nunavik Health and Social Services<\/li><\/ul>\n\n\n\n<p class=\"has-small-font-size\"><strong>Coordination:<\/strong>\u00a0\u00c9milie-Jade Poliquin, Research Officer, <a href=\"https:\/\/dev.inrs.ca\/linrs\/directions-et-services\/cabinet-relations-gouvernementales-et-affaires-publiques\/\">Cabinet, Government Relations and Public Affairs<\/a>, INRS<\/p>\n\n\n\n<div style=\"height:20px\" aria-hidden=\"true\" class=\"wp-block-spacer\"><\/div>\n\n\n<div class=\"content-page-list-ctn\">\n    <h4 class=\"title\"><\/h4>\n    <div class=\"featured-cta-ctn -trio\">\n                    <div class=\"item jsBlockLink\">\n                <div class=\"image\">\n                                            <img decoding=\"async\" src=\"https:\/\/dev.inrs.ca\/wp-content\/uploads\/2021\/03\/unites-mixtes-de-recherche-inrs-1000x780-1-600x400.jpg\" alt=\"Joint Research Units\">\n                                    <\/div>\n                <div class=\"info\">\n                    <a class=\"link\" href=\"\/en\/research\/joint-research-units\/\">Joint Research Units<\/a>\n                <\/div>\n            <\/div>\n                    <div class=\"item jsBlockLink\">\n                <div class=\"image\">\n                                            <img decoding=\"async\" src=\"https:\/\/dev.inrs.ca\/wp-content\/uploads\/2020\/06\/inrs-innover-par-la-recherche-600x400.jpg\" alt=\"Innovating Through Research\">\n                                    <\/div>\n                <div class=\"info\">\n                    <a class=\"link\" href=\"\/en\/research\/innovating-through-research\/\">Innovating Through Research<\/a>\n                <\/div>\n            <\/div>\n                    <div class=\"item jsBlockLink\">\n                <div class=\"image\">\n                                            <img decoding=\"async\" src=\"https:\/\/dev.inrs.ca\/wp-content\/uploads\/inrs-decouvrir-en-bref-tour-horizon-1-600x400.jpg\" alt=\"INRS, a Unique Academic Institution\">\n                                    <\/div>\n                <div class=\"info\">\n                    <a class=\"link\" href=\"\/en\/inrs\/a-unique-teaching-and-research-institute\/\">INRS, a Unique Academic Institution<\/a>\n                <\/div>\n            <\/div>\n            <\/div>\n<\/div>\n\n\n<div style=\"height:20px\" aria-hidden=\"true\" class=\"wp-block-spacer\"><\/div>\n","protected":false},"excerpt":{"rendered":"<p>Institut national de la recherche scientifique (INRS) and Universit\u00e9 du Qu\u00e9bec en Abitibi-T\u00e9miscamingue (UQAT) launches a joint research unit (UMR) in Indigenous Studies. INRS and UQAT are developing a joint research unit at the crossroads of scientific and Indigenous knowledge. UQAT serves a large Indigenous population and is a leader in research, education, and services [&hellip;]<\/p>\n","protected":false},"author":3,"featured_media":73317,"parent":21773,"menu_order":0,"comment_status":"closed","ping_status":"closed","template":"templates\/research-infrastructure.php","meta":{"_acf_changed":false,"footnotes":""},"page_type":[1214],"wf_page_folders":[117],"class_list":["post-73311","page","type-page","status-publish","has-post-thumbnail","hentry","page_type-chair-research-group"],"acf":[],"yoast_head":"<!-- This site is optimized with the Yoast SEO Premium plugin v24.6 (Yoast SEO v24.6) - https:\/\/yoast.com\/wordpress\/plugins\/seo\/ -->\n<title>INRS-UQAT Joint Research Unit in Indigenous Studies | INRS<\/title>\n<meta name=\"robots\" content=\"noindex, follow, max-snippet:-1, max-image-preview:large, max-video-preview:-1\" \/>\n<meta property=\"og:locale\" content=\"en_US\" \/>\n<meta property=\"og:type\" content=\"article\" \/>\n<meta property=\"og:title\" content=\"INRS-UQAT Joint Research Unit in Indigenous Studies | INRS\" \/>\n<meta property=\"og:description\" content=\"Institut national de la recherche scientifique (INRS) and Universit\u00e9 du Qu\u00e9bec en Abitibi-T\u00e9miscamingue (UQAT) launches a joint research unit (UMR) in Indigenous Studies. INRS and UQAT are developing a joint research unit at the crossroads of scientific and Indigenous knowledge. UQAT serves a large Indigenous population and is a leader in research, education, and services [&hellip;]\" \/>\n<meta property=\"og:url\" content=\"https:\/\/dev.inrs.ca\/en\/research\/research-chairs-groups-and-networks\/find-research-chair-group-or-network\/inrs-uqat-joint-research-unit-in-indigenous-studies\/\" \/>\n<meta property=\"og:site_name\" content=\"INRS\" \/>\n<meta property=\"article:publisher\" content=\"https:\/\/www.facebook.com\/inrsciences\/\" \/>\n<meta property=\"article:modified_time\" content=\"2021-09-21T12:47:41+00:00\" \/>\n<meta property=\"og:image\" content=\"https:\/\/dev.inrs.ca\/wp-content\/uploads\/2021\/03\/umr-etudes-autochtones-inrs-uqat.png\" \/>\n\t<meta property=\"og:image:width\" content=\"1200\" \/>\n\t<meta property=\"og:image:height\" content=\"628\" \/>\n\t<meta property=\"og:image:type\" content=\"image\/png\" \/>\n<meta name=\"twitter:card\" content=\"summary_large_image\" \/>\n<meta name=\"twitter:site\" content=\"@inrsciences\" \/>\n<meta name=\"twitter:label1\" content=\"Est. reading time\" \/>\n\t<meta name=\"twitter:data1\" content=\"2 minutes\" \/>\n<script type=\"application\/ld+json\" class=\"yoast-schema-graph\">{\"@context\":\"https:\/\/schema.org\",\"@graph\":[{\"@type\":\"WebPage\",\"@id\":\"https:\/\/dev.inrs.ca\/en\/research\/research-chairs-groups-and-networks\/find-research-chair-group-or-network\/inrs-uqat-joint-research-unit-in-indigenous-studies\/\",\"url\":\"https:\/\/dev.inrs.ca\/en\/research\/research-chairs-groups-and-networks\/find-research-chair-group-or-network\/inrs-uqat-joint-research-unit-in-indigenous-studies\/\",\"name\":\"INRS-UQAT Joint Research Unit in Indigenous Studies | INRS\",\"isPartOf\":{\"@id\":\"https:\/\/dev.inrs.ca\/en\/#website\"},\"primaryImageOfPage\":{\"@id\":\"https:\/\/dev.inrs.ca\/en\/research\/research-chairs-groups-and-networks\/find-research-chair-group-or-network\/inrs-uqat-joint-research-unit-in-indigenous-studies\/#primaryimage\"},\"image\":{\"@id\":\"https:\/\/dev.inrs.ca\/en\/research\/research-chairs-groups-and-networks\/find-research-chair-group-or-network\/inrs-uqat-joint-research-unit-in-indigenous-studies\/#primaryimage\"},\"thumbnailUrl\":\"https:\/\/dev.inrs.ca\/wp-content\/uploads\/2021\/03\/umr-etudes-autochtones-inrs-uqat.png\",\"datePublished\":\"2021-09-10T19:39:23+00:00\",\"dateModified\":\"2021-09-21T12:47:41+00:00\",\"breadcrumb\":{\"@id\":\"https:\/\/dev.inrs.ca\/en\/research\/research-chairs-groups-and-networks\/find-research-chair-group-or-network\/inrs-uqat-joint-research-unit-in-indigenous-studies\/#breadcrumb\"},\"inLanguage\":\"en-CA\",\"potentialAction\":[{\"@type\":\"ReadAction\",\"target\":[\"https:\/\/dev.inrs.ca\/en\/research\/research-chairs-groups-and-networks\/find-research-chair-group-or-network\/inrs-uqat-joint-research-unit-in-indigenous-studies\/\"]}]},{\"@type\":\"ImageObject\",\"inLanguage\":\"en-CA\",\"@id\":\"https:\/\/dev.inrs.ca\/en\/research\/research-chairs-groups-and-networks\/find-research-chair-group-or-network\/inrs-uqat-joint-research-unit-in-indigenous-studies\/#primaryimage\",\"url\":\"https:\/\/dev.inrs.ca\/wp-content\/uploads\/2021\/03\/umr-etudes-autochtones-inrs-uqat.png\",\"contentUrl\":\"https:\/\/dev.inrs.ca\/wp-content\/uploads\/2021\/03\/umr-etudes-autochtones-inrs-uqat.png\",\"width\":1200,\"height\":628},{\"@type\":\"BreadcrumbList\",\"@id\":\"https:\/\/dev.inrs.ca\/en\/research\/research-chairs-groups-and-networks\/find-research-chair-group-or-network\/inrs-uqat-joint-research-unit-in-indigenous-studies\/#breadcrumb\",\"itemListElement\":[{\"@type\":\"ListItem\",\"position\":1,\"name\":\"Research\",\"item\":\"https:\/\/dev.inrs.ca\/la-recherche\/\"},{\"@type\":\"ListItem\",\"position\":2,\"name\":\"Research chairs, groups, and networks\",\"item\":\"https:\/\/dev.inrs.ca\/la-recherche\/chaires-groupes-et-reseaux-de-recherche\/\"},{\"@type\":\"ListItem\",\"position\":3,\"name\":\"Find a research chair, group, or network\",\"item\":\"https:\/\/dev.inrs.ca\/la-recherche\/chaires-groupes-et-reseaux-de-recherche\/repertoire-des-chaires-groupes-et-reseaux-de-recherche\/\"},{\"@type\":\"ListItem\",\"position\":4,\"name\":\"INRS-UQAT Joint Research Unit in Indigenous Studies\"}]},{\"@type\":\"WebSite\",\"@id\":\"https:\/\/dev.inrs.ca\/en\/#website\",\"url\":\"https:\/\/dev.inrs.ca\/en\/\",\"name\":\"INRS\",\"description\":\"Institut national de la recherche scientifique\",\"potentialAction\":[{\"@type\":\"SearchAction\",\"target\":{\"@type\":\"EntryPoint\",\"urlTemplate\":\"https:\/\/dev.inrs.ca\/en\/?s={search_term_string}\"},\"query-input\":{\"@type\":\"PropertyValueSpecification\",\"valueRequired\":true,\"valueName\":\"search_term_string\"}}],\"inLanguage\":\"en-CA\"}]}<\/script>\n<!-- \/ Yoast SEO Premium plugin. -->","yoast_head_json":{"title":"INRS-UQAT Joint Research Unit in Indigenous Studies | INRS","robots":{"index":"noindex","follow":"follow","max-snippet":"max-snippet:-1","max-image-preview":"max-image-preview:large","max-video-preview":"max-video-preview:-1"},"og_locale":"en_US","og_type":"article","og_title":"INRS-UQAT Joint Research Unit in Indigenous Studies | INRS","og_description":"Institut national de la recherche scientifique (INRS) and Universit\u00e9 du Qu\u00e9bec en Abitibi-T\u00e9miscamingue (UQAT) launches a joint research unit (UMR) in Indigenous Studies. INRS and UQAT are developing a joint research unit at the crossroads of scientific and Indigenous knowledge. UQAT serves a large Indigenous population and is a leader in research, education, and services [&hellip;]","og_url":"https:\/\/dev.inrs.ca\/en\/research\/research-chairs-groups-and-networks\/find-research-chair-group-or-network\/inrs-uqat-joint-research-unit-in-indigenous-studies\/","og_site_name":"INRS","article_publisher":"https:\/\/www.facebook.com\/inrsciences\/","article_modified_time":"2021-09-21T12:47:41+00:00","og_image":[{"width":1200,"height":628,"url":"https:\/\/dev.inrs.ca\/wp-content\/uploads\/2021\/03\/umr-etudes-autochtones-inrs-uqat.png","type":"image\/png"}],"twitter_card":"summary_large_image","twitter_site":"@inrsciences","twitter_misc":{"Est. reading time":"2 minutes"},"schema":{"@context":"https:\/\/schema.org","@graph":[{"@type":"WebPage","@id":"https:\/\/dev.inrs.ca\/en\/research\/research-chairs-groups-and-networks\/find-research-chair-group-or-network\/inrs-uqat-joint-research-unit-in-indigenous-studies\/","url":"https:\/\/dev.inrs.ca\/en\/research\/research-chairs-groups-and-networks\/find-research-chair-group-or-network\/inrs-uqat-joint-research-unit-in-indigenous-studies\/","name":"INRS-UQAT Joint Research Unit in Indigenous Studies | INRS","isPartOf":{"@id":"https:\/\/dev.inrs.ca\/en\/#website"},"primaryImageOfPage":{"@id":"https:\/\/dev.inrs.ca\/en\/research\/research-chairs-groups-and-networks\/find-research-chair-group-or-network\/inrs-uqat-joint-research-unit-in-indigenous-studies\/#primaryimage"},"image":{"@id":"https:\/\/dev.inrs.ca\/en\/research\/research-chairs-groups-and-networks\/find-research-chair-group-or-network\/inrs-uqat-joint-research-unit-in-indigenous-studies\/#primaryimage"},"thumbnailUrl":"https:\/\/dev.inrs.ca\/wp-content\/uploads\/2021\/03\/umr-etudes-autochtones-inrs-uqat.png","datePublished":"2021-09-10T19:39:23+00:00","dateModified":"2021-09-21T12:47:41+00:00","breadcrumb":{"@id":"https:\/\/dev.inrs.ca\/en\/research\/research-chairs-groups-and-networks\/find-research-chair-group-or-network\/inrs-uqat-joint-research-unit-in-indigenous-studies\/#breadcrumb"},"inLanguage":"en-CA","potentialAction":[{"@type":"ReadAction","target":["https:\/\/dev.inrs.ca\/en\/research\/research-chairs-groups-and-networks\/find-research-chair-group-or-network\/inrs-uqat-joint-research-unit-in-indigenous-studies\/"]}]},{"@type":"ImageObject","inLanguage":"en-CA","@id":"https:\/\/dev.inrs.ca\/en\/research\/research-chairs-groups-and-networks\/find-research-chair-group-or-network\/inrs-uqat-joint-research-unit-in-indigenous-studies\/#primaryimage","url":"https:\/\/dev.inrs.ca\/wp-content\/uploads\/2021\/03\/umr-etudes-autochtones-inrs-uqat.png","contentUrl":"https:\/\/dev.inrs.ca\/wp-content\/uploads\/2021\/03\/umr-etudes-autochtones-inrs-uqat.png","width":1200,"height":628},{"@type":"BreadcrumbList","@id":"https:\/\/dev.inrs.ca\/en\/research\/research-chairs-groups-and-networks\/find-research-chair-group-or-network\/inrs-uqat-joint-research-unit-in-indigenous-studies\/#breadcrumb","itemListElement":[{"@type":"ListItem","position":1,"name":"Research","item":"https:\/\/dev.inrs.ca\/la-recherche\/"},{"@type":"ListItem","position":2,"name":"Research chairs, groups, and networks","item":"https:\/\/dev.inrs.ca\/la-recherche\/chaires-groupes-et-reseaux-de-recherche\/"},{"@type":"ListItem","position":3,"name":"Find a research chair, group, or network","item":"https:\/\/dev.inrs.ca\/la-recherche\/chaires-groupes-et-reseaux-de-recherche\/repertoire-des-chaires-groupes-et-reseaux-de-recherche\/"},{"@type":"ListItem","position":4,"name":"INRS-UQAT Joint Research Unit in Indigenous Studies"}]},{"@type":"WebSite","@id":"https:\/\/dev.inrs.ca\/en\/#website","url":"https:\/\/dev.inrs.ca\/en\/","name":"INRS","description":"Institut national de la recherche scientifique","potentialAction":[{"@type":"SearchAction","target":{"@type":"EntryPoint","urlTemplate":"https:\/\/dev.inrs.ca\/en\/?s={search_term_string}"},"query-input":{"@type":"PropertyValueSpecification","valueRequired":true,"valueName":"search_term_string"}}],"inLanguage":"en-CA"}]}},"_links":{"self":[{"href":"https:\/\/dev.inrs.ca\/en\/wp-json\/wp\/v2\/pages\/73311","targetHints":{"allow":["GET"]}}],"collection":[{"href":"https:\/\/dev.inrs.ca\/en\/wp-json\/wp\/v2\/pages"}],"about":[{"href":"https:\/\/dev.inrs.ca\/en\/wp-json\/wp\/v2\/types\/page"}],"author":[{"embeddable":true,"href":"https:\/\/dev.inrs.ca\/en\/wp-json\/wp\/v2\/users\/3"}],"replies":[{"embeddable":true,"href":"https:\/\/dev.inrs.ca\/en\/wp-json\/wp\/v2\/comments?post=73311"}],"version-history":[{"count":5,"href":"https:\/\/dev.inrs.ca\/en\/wp-json\/wp\/v2\/pages\/73311\/revisions"}],"predecessor-version":[{"id":74632,"href":"https:\/\/dev.inrs.ca\/en\/wp-json\/wp\/v2\/pages\/73311\/revisions\/74632"}],"up":[{"embeddable":true,"href":"https:\/\/dev.inrs.ca\/en\/wp-json\/wp\/v2\/pages\/21773"}],"wp:featuredmedia":[{"embeddable":true,"href":"https:\/\/dev.inrs.ca\/en\/wp-json\/wp\/v2\/media\/73317"}],"wp:attachment":[{"href":"https:\/\/dev.inrs.ca\/en\/wp-json\/wp\/v2\/media?parent=73311"}],"wp:term":[{"taxonomy":"page_type","embeddable":true,"href":"https:\/\/dev.inrs.ca\/en\/wp-json\/wp\/v2\/page_type?post=73311"},{"taxonomy":"wf_page_folders","embeddable":true,"href":"https:\/\/dev.inrs.ca\/en\/wp-json\/wp\/v2\/wf_page_folders?post=73311"}],"curies":[{"name":"wp","href":"https:\/\/api.w.org\/{rel}","templated":true}]}}