{"id":73244,"date":"2021-09-10T14:54:01","date_gmt":"2021-09-10T18:54:01","guid":{"rendered":"https:\/\/dev.inrs.ca\/?page_id=73244"},"modified":"2021-09-21T08:50:58","modified_gmt":"2021-09-21T12:50:58","slug":"inrs-uqac-joint-research-unit-in-sustainable-health","status":"publish","type":"page","link":"https:\/\/dev.inrs.ca\/en\/research\/research-chairs-groups-and-networks\/find-research-chair-group-or-network\/inrs-uqac-joint-research-unit-in-sustainable-health\/","title":{"rendered":"INRS-UQAC Joint Research Unit in Sustainable Health"},"content":{"rendered":"\n<p class=\"has-large-font-size\"><strong>Institut national de la recherche scientifique (INRS) and Universit\u00e9 du Qu\u00e9bec \u00e0 Chicoutimi (UQAC) are developing a joint research unit (UMR) in sustainable health.<\/strong><\/p>\n\n\n\n<div style=\"height:20px\" aria-hidden=\"true\" class=\"wp-block-spacer\"><\/div>\n\n\n\n<p>INRS and UQAC are creating this UMR in sustainable health to foster collective prosperity in a time of major societal challenges, mainly in the genetic and epigenetic determinants of health and in medicinal chemistry. UQAC recently set up a <a href=\"#adresses\">sustainable health research centre<\/a> with two research themes, one of which will be addressed by this new UMR.<\/p>\n\n\n\n<p>For its part INRS plays an important role in the Qu\u00e9bec health research ecosystem with its<a href=\"https:\/\/dev.inrs.ca\/en\/inrs\/research-centres\/armand-frappier-sante-biotechnologie-research-centre\/\"> Armand-Frappier Sant\u00e9 Biotechnologie Research Centre<\/a> in Laval. The Saguenay\u2013Lac-Saint-Jean region is already considered a national hub for sustainable health research, and the addition of three new INRS faculty members in this strategic field will further strengthen and enhance Qu\u00e9bec\u2019s leadership in this area.<\/p>\n\n\n\n<div style=\"height:20px\" aria-hidden=\"true\" class=\"wp-block-spacer\"><\/div>\n\n\n\n<div class=\"wp-block-cover has-background-dim\"><img loading=\"lazy\" decoding=\"async\" width=\"1200\" height=\"738\" class=\"wp-block-cover__image-background wp-image-73286\" alt=\"\" src=\"https:\/\/dev.inrs.ca\/wp-content\/uploads\/umr-sante-durable-adn.jpeg\" data-object-fit=\"cover\" srcset=\"https:\/\/dev.inrs.ca\/wp-content\/uploads\/umr-sante-durable-adn.jpeg 1200w, https:\/\/dev.inrs.ca\/wp-content\/uploads\/umr-sante-durable-adn-300x185.jpeg 300w, https:\/\/dev.inrs.ca\/wp-content\/uploads\/umr-sante-durable-adn-1024x630.jpeg 1024w, https:\/\/dev.inrs.ca\/wp-content\/uploads\/umr-sante-durable-adn-768x472.jpeg 768w\" sizes=\"auto, (max-width: 1200px) 100vw, 1200px\" \/><div class=\"wp-block-cover__inner-container is-layout-flow wp-block-cover-is-layout-flow\">\n<p class=\"has-text-align-center\" style=\"font-size:clamp(18.959px, 1.185rem + ((1vw - 3.2px) * 1.33), 30px);px\"><strong>The Joint Research Unit in Sustainable Health will bolster the region\u2019s status as a national and international leader in this strategic field of priority interest to Qu\u00e9bec while providing a regular source of new scientific expertise.<\/strong><\/p>\n<\/div><\/div>\n\n\n\n<div style=\"height:40px\" aria-hidden=\"true\" class=\"wp-block-spacer\"><\/div>\n\n\n\n<div class=\"wp-block-columns is-layout-flex wp-container-core-columns-is-layout-1 wp-block-columns-is-layout-flex\">\n<div class=\"wp-block-column is-layout-flow wp-block-column-is-layout-flow\">\n<div class=\"wp-block-image\"><figure class=\"alignleft size-large\"><img decoding=\"async\" src=\"https:\/\/dev.inrs.ca\/wp-content\/uploads\/2020\/10\/Logo-INRS-horizontal-web-300x182.png\" alt=\"\"\/><\/figure><\/div>\n\n\n\n<div style=\"height:20px\" aria-hidden=\"true\" class=\"wp-block-spacer\"><\/div>\n\n\n\n<div class=\"wp-block-image\"><figure class=\"alignleft size-large\"><img decoding=\"async\" src=\"https:\/\/dev.inrs.ca\/wp-content\/uploads\/2021\/03\/uqac527x316-300x180.jpg\" alt=\"\"\/><\/figure><\/div>\n<\/div>\n\n\n\n<div class=\"wp-block-column is-layout-flow wp-block-column-is-layout-flow\" style=\"flex-basis:66.66%\">\n<p style=\"font-size:clamp(14px, 0.875rem + ((1vw - 3.2px) * 0.723), 20px);px\"><strong>Development of the INRS-UQAR Joint Research Unit in Sustainable Health was made possible thanks to initial funding of $3 million from the Government of Qu\u00e9bec.<\/strong><\/p>\n\n\n\n<p>This funding by <a href=\"http:\/\/www.education.gouv.qc.ca\/en\/home\/\" target=\"_blank\" rel=\"noreferrer noopener\">Minist\u00e8re de l\u2019Enseignement sup\u00e9rieur<\/a> will make it possible to create three professorships at the INRS Armand-Frappier Sant\u00e9 Biotechnologie Research Centre.<\/p>\n\n\n\n<p>These professors will work as part of the UMR from the <a href=\"https:\/\/www.uqac.ca\/\" target=\"_blank\" rel=\"noreferrer noopener\">UQAC<\/a> campus in Chicoutimi. The UMR\u2019s mission is to conduct multidisciplinary graduate-level research and educational activities.<\/p>\n\n\n\n<div style=\"height:20px\" aria-hidden=\"true\" class=\"wp-block-spacer\"><\/div>\n\n\n\n<h4 class=\"wp-block-heading\" id=\"adresses\"><strong>Important addresses:<\/strong><strong><\/strong><\/h4>\n\n\n\n<ul class=\"wp-block-list\"><li><a href=\"http:\/\/www.uqac.ca\/santedurable\/\" target=\"_blank\" rel=\"noreferrer noopener\">UQAC Intersectoral Centre for Sustainable Health<\/a><\/li><li><a href=\"https:\/\/risuq.uquebec.ca\/\" target=\"_blank\" rel=\"noreferrer noopener\">Universit\u00e9 du Qu\u00e9bec Intersectoral Health Research Network<\/a><\/li><li><a href=\"http:\/\/recherche.uqac.ca\/chaire-de-recherche-du-canada-en-environnement-et-genetique-des-troubles-respiratoires-et-de-lallergie\/\" target=\"_blank\" rel=\"noreferrer noopener\">Canada Research Chair in the Environment and Genetics of Respiratory Diseases and Allergy<\/a><\/li><li><a href=\"https:\/\/dev.inrs.ca\/en\/research\/research-facilities\/find-a-research-facilitie\/?c_id=13242\">INRS Armand-Frappier Sant\u00e9 Biotechnologie Research Centre Research Facilities<\/a><\/li><li><a href=\"https:\/\/dev.inrs.ca\/en\/research\/research-themes\/#armand-frappier-sante-biotechnologie-research-centre\">INRS Armand-Frappier Sant\u00e9 Biotechnologie Research Centre Research Themes<\/a><\/li><li><a href=\"https:\/\/www.uqac.ca\/departements\/dsf\/\" target=\"_blank\" rel=\"noreferrer noopener\">UQAC Department of Basic Sciences<\/a><\/li><\/ul>\n<\/div>\n<\/div>\n\n\n\n<figure class=\"wp-block-gallery columns-3 is-cropped wp-block-gallery-2 is-layout-flex wp-block-gallery-is-layout-flex\"><ul class=\"blocks-gallery-grid\"><li class=\"blocks-gallery-item\"><figure><img loading=\"lazy\" decoding=\"async\" width=\"1024\" height=\"683\" src=\"https:\/\/dev.inrs.ca\/wp-content\/uploads\/sante-durable-pollution-eau-environnement-umr-1024x683-1.jpeg\" alt=\"\" data-id=\"73280\" data-full-url=\"https:\/\/dev.inrs.ca\/wp-content\/uploads\/sante-durable-pollution-eau-environnement-umr-1024x683-1.jpeg\" data-link=\"https:\/\/dev.inrs.ca\/sante-durable-pollution-eau-environnement-umr-1024x683\/\" class=\"wp-image-73280\" srcset=\"https:\/\/dev.inrs.ca\/wp-content\/uploads\/sante-durable-pollution-eau-environnement-umr-1024x683-1.jpeg 1024w, https:\/\/dev.inrs.ca\/wp-content\/uploads\/sante-durable-pollution-eau-environnement-umr-1024x683-1-300x200.jpeg 300w, https:\/\/dev.inrs.ca\/wp-content\/uploads\/sante-durable-pollution-eau-environnement-umr-1024x683-1-768x512.jpeg 768w, https:\/\/dev.inrs.ca\/wp-content\/uploads\/sante-durable-pollution-eau-environnement-umr-1024x683-1-600x400.jpeg 600w\" sizes=\"auto, (max-width: 1024px) 100vw, 1024px\" \/><\/figure><\/li><li class=\"blocks-gallery-item\"><figure><img loading=\"lazy\" decoding=\"async\" width=\"1024\" height=\"539\" src=\"https:\/\/dev.inrs.ca\/wp-content\/uploads\/umr-sante-durable-nourriture-inrs-1024x539-1.jpeg\" alt=\"\" data-id=\"73279\" data-full-url=\"https:\/\/dev.inrs.ca\/wp-content\/uploads\/umr-sante-durable-nourriture-inrs-1024x539-1.jpeg\" data-link=\"https:\/\/dev.inrs.ca\/umr-sante-durable-nourriture-inrs-1024x539\/\" class=\"wp-image-73279\" srcset=\"https:\/\/dev.inrs.ca\/wp-content\/uploads\/umr-sante-durable-nourriture-inrs-1024x539-1.jpeg 1024w, https:\/\/dev.inrs.ca\/wp-content\/uploads\/umr-sante-durable-nourriture-inrs-1024x539-1-300x158.jpeg 300w, https:\/\/dev.inrs.ca\/wp-content\/uploads\/umr-sante-durable-nourriture-inrs-1024x539-1-768x404.jpeg 768w\" sizes=\"auto, (max-width: 1024px) 100vw, 1024px\" \/><\/figure><\/li><li class=\"blocks-gallery-item\"><figure><img loading=\"lazy\" decoding=\"async\" width=\"1024\" height=\"682\" src=\"https:\/\/dev.inrs.ca\/wp-content\/uploads\/installations-sportives-inrs-1024x682-1.jpeg\" alt=\"\" data-id=\"73278\" data-full-url=\"https:\/\/dev.inrs.ca\/wp-content\/uploads\/installations-sportives-inrs-1024x682-1.jpeg\" data-link=\"https:\/\/dev.inrs.ca\/installations-sportives-inrs-1024x682\/\" class=\"wp-image-73278\" srcset=\"https:\/\/dev.inrs.ca\/wp-content\/uploads\/installations-sportives-inrs-1024x682-1.jpeg 1024w, https:\/\/dev.inrs.ca\/wp-content\/uploads\/installations-sportives-inrs-1024x682-1-300x200.jpeg 300w, https:\/\/dev.inrs.ca\/wp-content\/uploads\/installations-sportives-inrs-1024x682-1-768x512.jpeg 768w, https:\/\/dev.inrs.ca\/wp-content\/uploads\/installations-sportives-inrs-1024x682-1-600x400.jpeg 600w\" sizes=\"auto, (max-width: 1024px) 100vw, 1024px\" \/><\/figure><\/li><li class=\"blocks-gallery-item\"><figure><img loading=\"lazy\" decoding=\"async\" width=\"683\" height=\"1024\" src=\"https:\/\/dev.inrs.ca\/wp-content\/uploads\/Actualite-existe-t-il-des-antidepresseurs-moins-risques-pour-les-femmes-enceintes-2-inrs.jpg-683x1024-1.jpg\" alt=\"\" data-id=\"73277\" data-full-url=\"https:\/\/dev.inrs.ca\/wp-content\/uploads\/Actualite-existe-t-il-des-antidepresseurs-moins-risques-pour-les-femmes-enceintes-2-inrs.jpg-683x1024-1.jpg\" data-link=\"https:\/\/dev.inrs.ca\/actualite-existe-t-il-des-antidepresseurs-moins-risques-pour-les-femmes-enceintes-2-inrs-jpg-683x1024\/\" class=\"wp-image-73277\" srcset=\"https:\/\/dev.inrs.ca\/wp-content\/uploads\/Actualite-existe-t-il-des-antidepresseurs-moins-risques-pour-les-femmes-enceintes-2-inrs.jpg-683x1024-1.jpg 683w, https:\/\/dev.inrs.ca\/wp-content\/uploads\/Actualite-existe-t-il-des-antidepresseurs-moins-risques-pour-les-femmes-enceintes-2-inrs.jpg-683x1024-1-200x300.jpg 200w\" sizes=\"auto, (max-width: 683px) 100vw, 683px\" \/><\/figure><\/li><li class=\"blocks-gallery-item\"><figure><img loading=\"lazy\" decoding=\"async\" width=\"1024\" height=\"683\" src=\"https:\/\/dev.inrs.ca\/wp-content\/uploads\/stress-umr-sante-durable-1024x683-1.jpeg\" alt=\"\" data-id=\"73276\" data-full-url=\"https:\/\/dev.inrs.ca\/wp-content\/uploads\/stress-umr-sante-durable-1024x683-1.jpeg\" data-link=\"https:\/\/dev.inrs.ca\/stress-umr-sante-durable-1024x683\/\" class=\"wp-image-73276\" srcset=\"https:\/\/dev.inrs.ca\/wp-content\/uploads\/stress-umr-sante-durable-1024x683-1.jpeg 1024w, https:\/\/dev.inrs.ca\/wp-content\/uploads\/stress-umr-sante-durable-1024x683-1-300x200.jpeg 300w, https:\/\/dev.inrs.ca\/wp-content\/uploads\/stress-umr-sante-durable-1024x683-1-768x512.jpeg 768w, https:\/\/dev.inrs.ca\/wp-content\/uploads\/stress-umr-sante-durable-1024x683-1-600x400.jpeg 600w\" sizes=\"auto, (max-width: 1024px) 100vw, 1024px\" \/><\/figure><\/li><\/ul><\/figure>\n\n\n\n<h2 class=\"wp-block-heading\"><strong>UMR joint implementation committee<\/strong><strong><\/strong><\/h2>\n\n\n\n<ul class=\"wp-block-list\"><li>Claude Gilbert, Director of Development and Strategic Planning, UQAC<\/li><li><a href=\"http:\/\/www.uqac.ca\/portfolio\/jeanlegault\/\" target=\"_blank\" rel=\"noreferrer noopener\">Jean Legault<\/a>, Professor and Director of the Department of Basic Sciences, UQAC<\/li><li><a href=\"http:\/\/genopop.ca\/simon-girard\/\" target=\"_blank\" rel=\"noreferrer noopener\">Simon Girard<\/a>, Professor, UQAC<\/li><li><a href=\"http:\/\/www.uqac.ca\/portfolio\/catherinelaprise\/\" target=\"_blank\" rel=\"noreferrer noopener\">Catherine Laprise<\/a>, Professor, Canada Research Chair in the Environment and Genetics of Respiratory Diseases and Allergy, and Director of the Intersectoral Centre for Sustainable Health, UQAC<\/li><li><a href=\"https:\/\/dev.inrs.ca\/en\/research\/professors\/claude-guertin\/\">Claude Guertin<\/a>, Professor and Director of the Armand-Frappier Sant\u00e9 Biotechnologie Research Centre, INRS<\/li><li><a href=\"https:\/\/dev.inrs.ca\/en\/research\/professors\/cathy-vaillancourt\/\">Cathy Vaillancourt<\/a>, Professor and Director of the Universit\u00e9 du Qu\u00e9bec Intersectoral Health Research Network (RISUQ), INRS<\/li><li><a href=\"https:\/\/dev.inrs.ca\/en\/research\/professors\/daniel-g-cyr\/\">Daniel G. Cyr<\/a>, Professor and Canada Research Chair in Reproductive Toxicology, INRS<\/li><\/ul>\n\n\n\n<p class=\"has-small-font-size\"><strong>Coordination:<\/strong>\u00a0\u00c9milie-Jade Poliquin, Research Officer, <a href=\"https:\/\/dev.inrs.ca\/linrs\/directions-et-services\/cabinet-relations-gouvernementales-et-affaires-publiques\/\">Cabinet, Government Relations and Public Affairs<\/a>, INRS<\/p>\n\n\n\n<div style=\"height:20px\" aria-hidden=\"true\" class=\"wp-block-spacer\"><\/div>\n\n\n<div class=\"content-page-list-ctn\">\n    <h4 class=\"title\"><\/h4>\n    <div class=\"featured-cta-ctn -trio\">\n                    <div class=\"item jsBlockLink\">\n                <div class=\"image\">\n                                            <img decoding=\"async\" src=\"https:\/\/dev.inrs.ca\/wp-content\/uploads\/2021\/03\/unites-mixtes-de-recherche-inrs-1000x780-1-600x400.jpg\" alt=\"Joint Research Units\">\n                                    <\/div>\n                <div class=\"info\">\n                    <a class=\"link\" href=\"\/en\/research\/joint-research-units\/\">Joint Research Units<\/a>\n                <\/div>\n            <\/div>\n                    <div class=\"item jsBlockLink\">\n                <div class=\"image\">\n                                            <img decoding=\"async\" src=\"https:\/\/dev.inrs.ca\/wp-content\/uploads\/2020\/06\/inrs-innover-par-la-recherche-600x400.jpg\" alt=\"Innovating Through Research\">\n                                    <\/div>\n                <div class=\"info\">\n                    <a class=\"link\" href=\"\/en\/research\/innovating-through-research\/\">Innovating Through Research<\/a>\n                <\/div>\n            <\/div>\n                    <div class=\"item jsBlockLink\">\n                <div class=\"image\">\n                                            <img decoding=\"async\" src=\"https:\/\/dev.inrs.ca\/wp-content\/uploads\/inrs-decouvrir-en-bref-tour-horizon-1-600x400.jpg\" alt=\"INRS, a Unique Academic Institution\">\n                                    <\/div>\n                <div class=\"info\">\n                    <a class=\"link\" href=\"\/en\/inrs\/a-unique-teaching-and-research-institute\/\">INRS, a Unique Academic Institution<\/a>\n                <\/div>\n            <\/div>\n            <\/div>\n<\/div>\n\n\n<div style=\"height:20px\" aria-hidden=\"true\" class=\"wp-block-spacer\"><\/div>\n","protected":false},"excerpt":{"rendered":"<p>Institut national de la recherche scientifique (INRS) and Universit\u00e9 du Qu\u00e9bec \u00e0 Chicoutimi (UQAC) are developing a joint research unit (UMR) in sustainable health.<\/p>\n","protected":false},"author":3,"featured_media":73247,"parent":21773,"menu_order":0,"comment_status":"closed","ping_status":"closed","template":"templates\/research-infrastructure.php","meta":{"_acf_changed":false,"footnotes":""},"page_type":[1214],"wf_page_folders":[52],"class_list":["post-73244","page","type-page","status-publish","has-post-thumbnail","hentry","page_type-chair-research-group"],"acf":[],"yoast_head":"<!-- This site is optimized with the Yoast SEO Premium plugin v24.6 (Yoast SEO v24.6) - https:\/\/yoast.com\/wordpress\/plugins\/seo\/ -->\n<title>INRS-UQAC Joint Research Unit in Sustainable Health | INRS<\/title>\n<meta name=\"description\" content=\"Institut national de la recherche scientifique (INRS) and Universit\u00e9 du Qu\u00e9bec \u00e0 Chicoutimi (UQAC) are developing a joint research unit (UMR) in sustainable health.\" \/>\n<meta name=\"robots\" content=\"noindex, follow, max-snippet:-1, max-image-preview:large, max-video-preview:-1\" \/>\n<meta property=\"og:locale\" content=\"en_US\" \/>\n<meta property=\"og:type\" content=\"article\" \/>\n<meta property=\"og:title\" content=\"INRS-UQAC Joint Research Unit in Sustainable Health | INRS\" \/>\n<meta property=\"og:description\" content=\"Institut national de la recherche scientifique (INRS) and Universit\u00e9 du Qu\u00e9bec \u00e0 Chicoutimi (UQAC) are developing a joint research unit (UMR) in sustainable health.\" \/>\n<meta property=\"og:url\" content=\"https:\/\/dev.inrs.ca\/en\/research\/research-chairs-groups-and-networks\/find-research-chair-group-or-network\/inrs-uqac-joint-research-unit-in-sustainable-health\/\" \/>\n<meta property=\"og:site_name\" content=\"INRS\" \/>\n<meta property=\"article:publisher\" content=\"https:\/\/www.facebook.com\/inrsciences\/\" \/>\n<meta property=\"article:modified_time\" content=\"2021-09-21T12:50:58+00:00\" \/>\n<meta property=\"og:image\" content=\"https:\/\/dev.inrs.ca\/wp-content\/uploads\/2021\/03\/UMR-Sante-Durable-img.png\" \/>\n\t<meta property=\"og:image:width\" content=\"1200\" \/>\n\t<meta property=\"og:image:height\" content=\"628\" \/>\n\t<meta property=\"og:image:type\" content=\"image\/png\" \/>\n<meta name=\"twitter:card\" content=\"summary_large_image\" \/>\n<meta name=\"twitter:site\" content=\"@inrsciences\" \/>\n<meta name=\"twitter:label1\" content=\"Est. reading time\" \/>\n\t<meta name=\"twitter:data1\" content=\"2 minutes\" \/>\n<script type=\"application\/ld+json\" class=\"yoast-schema-graph\">{\"@context\":\"https:\/\/schema.org\",\"@graph\":[{\"@type\":\"WebPage\",\"@id\":\"https:\/\/dev.inrs.ca\/en\/research\/research-chairs-groups-and-networks\/find-research-chair-group-or-network\/inrs-uqac-joint-research-unit-in-sustainable-health\/\",\"url\":\"https:\/\/dev.inrs.ca\/en\/research\/research-chairs-groups-and-networks\/find-research-chair-group-or-network\/inrs-uqac-joint-research-unit-in-sustainable-health\/\",\"name\":\"INRS-UQAC Joint Research Unit in Sustainable Health | INRS\",\"isPartOf\":{\"@id\":\"https:\/\/dev.inrs.ca\/en\/#website\"},\"primaryImageOfPage\":{\"@id\":\"https:\/\/dev.inrs.ca\/en\/research\/research-chairs-groups-and-networks\/find-research-chair-group-or-network\/inrs-uqac-joint-research-unit-in-sustainable-health\/#primaryimage\"},\"image\":{\"@id\":\"https:\/\/dev.inrs.ca\/en\/research\/research-chairs-groups-and-networks\/find-research-chair-group-or-network\/inrs-uqac-joint-research-unit-in-sustainable-health\/#primaryimage\"},\"thumbnailUrl\":\"https:\/\/dev.inrs.ca\/wp-content\/uploads\/2021\/03\/UMR-Sante-Durable-img.png\",\"datePublished\":\"2021-09-10T18:54:01+00:00\",\"dateModified\":\"2021-09-21T12:50:58+00:00\",\"description\":\"Institut national de la recherche scientifique (INRS) and Universit\u00e9 du Qu\u00e9bec \u00e0 Chicoutimi (UQAC) are developing a joint research unit (UMR) in sustainable health.\",\"breadcrumb\":{\"@id\":\"https:\/\/dev.inrs.ca\/en\/research\/research-chairs-groups-and-networks\/find-research-chair-group-or-network\/inrs-uqac-joint-research-unit-in-sustainable-health\/#breadcrumb\"},\"inLanguage\":\"en-CA\",\"potentialAction\":[{\"@type\":\"ReadAction\",\"target\":[\"https:\/\/dev.inrs.ca\/en\/research\/research-chairs-groups-and-networks\/find-research-chair-group-or-network\/inrs-uqac-joint-research-unit-in-sustainable-health\/\"]}]},{\"@type\":\"ImageObject\",\"inLanguage\":\"en-CA\",\"@id\":\"https:\/\/dev.inrs.ca\/en\/research\/research-chairs-groups-and-networks\/find-research-chair-group-or-network\/inrs-uqac-joint-research-unit-in-sustainable-health\/#primaryimage\",\"url\":\"https:\/\/dev.inrs.ca\/wp-content\/uploads\/2021\/03\/UMR-Sante-Durable-img.png\",\"contentUrl\":\"https:\/\/dev.inrs.ca\/wp-content\/uploads\/2021\/03\/UMR-Sante-Durable-img.png\",\"width\":1200,\"height\":628},{\"@type\":\"BreadcrumbList\",\"@id\":\"https:\/\/dev.inrs.ca\/en\/research\/research-chairs-groups-and-networks\/find-research-chair-group-or-network\/inrs-uqac-joint-research-unit-in-sustainable-health\/#breadcrumb\",\"itemListElement\":[{\"@type\":\"ListItem\",\"position\":1,\"name\":\"Research\",\"item\":\"https:\/\/dev.inrs.ca\/la-recherche\/\"},{\"@type\":\"ListItem\",\"position\":2,\"name\":\"Research chairs, groups, and networks\",\"item\":\"https:\/\/dev.inrs.ca\/la-recherche\/chaires-groupes-et-reseaux-de-recherche\/\"},{\"@type\":\"ListItem\",\"position\":3,\"name\":\"Find a research chair, group, or network\",\"item\":\"https:\/\/dev.inrs.ca\/la-recherche\/chaires-groupes-et-reseaux-de-recherche\/repertoire-des-chaires-groupes-et-reseaux-de-recherche\/\"},{\"@type\":\"ListItem\",\"position\":4,\"name\":\"INRS-UQAC Joint Research Unit in Sustainable Health\"}]},{\"@type\":\"WebSite\",\"@id\":\"https:\/\/dev.inrs.ca\/en\/#website\",\"url\":\"https:\/\/dev.inrs.ca\/en\/\",\"name\":\"INRS\",\"description\":\"Institut national de la recherche scientifique\",\"potentialAction\":[{\"@type\":\"SearchAction\",\"target\":{\"@type\":\"EntryPoint\",\"urlTemplate\":\"https:\/\/dev.inrs.ca\/en\/?s={search_term_string}\"},\"query-input\":{\"@type\":\"PropertyValueSpecification\",\"valueRequired\":true,\"valueName\":\"search_term_string\"}}],\"inLanguage\":\"en-CA\"}]}<\/script>\n<!-- \/ Yoast SEO Premium plugin. -->","yoast_head_json":{"title":"INRS-UQAC Joint Research Unit in Sustainable Health | INRS","description":"Institut national de la recherche scientifique (INRS) and Universit\u00e9 du Qu\u00e9bec \u00e0 Chicoutimi (UQAC) are developing a joint research unit (UMR) in sustainable health.","robots":{"index":"noindex","follow":"follow","max-snippet":"max-snippet:-1","max-image-preview":"max-image-preview:large","max-video-preview":"max-video-preview:-1"},"og_locale":"en_US","og_type":"article","og_title":"INRS-UQAC Joint Research Unit in Sustainable Health | INRS","og_description":"Institut national de la recherche scientifique (INRS) and Universit\u00e9 du Qu\u00e9bec \u00e0 Chicoutimi (UQAC) are developing a joint research unit (UMR) in sustainable health.","og_url":"https:\/\/dev.inrs.ca\/en\/research\/research-chairs-groups-and-networks\/find-research-chair-group-or-network\/inrs-uqac-joint-research-unit-in-sustainable-health\/","og_site_name":"INRS","article_publisher":"https:\/\/www.facebook.com\/inrsciences\/","article_modified_time":"2021-09-21T12:50:58+00:00","og_image":[{"width":1200,"height":628,"url":"https:\/\/dev.inrs.ca\/wp-content\/uploads\/2021\/03\/UMR-Sante-Durable-img.png","type":"image\/png"}],"twitter_card":"summary_large_image","twitter_site":"@inrsciences","twitter_misc":{"Est. reading time":"2 minutes"},"schema":{"@context":"https:\/\/schema.org","@graph":[{"@type":"WebPage","@id":"https:\/\/dev.inrs.ca\/en\/research\/research-chairs-groups-and-networks\/find-research-chair-group-or-network\/inrs-uqac-joint-research-unit-in-sustainable-health\/","url":"https:\/\/dev.inrs.ca\/en\/research\/research-chairs-groups-and-networks\/find-research-chair-group-or-network\/inrs-uqac-joint-research-unit-in-sustainable-health\/","name":"INRS-UQAC Joint Research Unit in Sustainable Health | INRS","isPartOf":{"@id":"https:\/\/dev.inrs.ca\/en\/#website"},"primaryImageOfPage":{"@id":"https:\/\/dev.inrs.ca\/en\/research\/research-chairs-groups-and-networks\/find-research-chair-group-or-network\/inrs-uqac-joint-research-unit-in-sustainable-health\/#primaryimage"},"image":{"@id":"https:\/\/dev.inrs.ca\/en\/research\/research-chairs-groups-and-networks\/find-research-chair-group-or-network\/inrs-uqac-joint-research-unit-in-sustainable-health\/#primaryimage"},"thumbnailUrl":"https:\/\/dev.inrs.ca\/wp-content\/uploads\/2021\/03\/UMR-Sante-Durable-img.png","datePublished":"2021-09-10T18:54:01+00:00","dateModified":"2021-09-21T12:50:58+00:00","description":"Institut national de la recherche scientifique (INRS) and Universit\u00e9 du Qu\u00e9bec \u00e0 Chicoutimi (UQAC) are developing a joint research unit (UMR) in sustainable health.","breadcrumb":{"@id":"https:\/\/dev.inrs.ca\/en\/research\/research-chairs-groups-and-networks\/find-research-chair-group-or-network\/inrs-uqac-joint-research-unit-in-sustainable-health\/#breadcrumb"},"inLanguage":"en-CA","potentialAction":[{"@type":"ReadAction","target":["https:\/\/dev.inrs.ca\/en\/research\/research-chairs-groups-and-networks\/find-research-chair-group-or-network\/inrs-uqac-joint-research-unit-in-sustainable-health\/"]}]},{"@type":"ImageObject","inLanguage":"en-CA","@id":"https:\/\/dev.inrs.ca\/en\/research\/research-chairs-groups-and-networks\/find-research-chair-group-or-network\/inrs-uqac-joint-research-unit-in-sustainable-health\/#primaryimage","url":"https:\/\/dev.inrs.ca\/wp-content\/uploads\/2021\/03\/UMR-Sante-Durable-img.png","contentUrl":"https:\/\/dev.inrs.ca\/wp-content\/uploads\/2021\/03\/UMR-Sante-Durable-img.png","width":1200,"height":628},{"@type":"BreadcrumbList","@id":"https:\/\/dev.inrs.ca\/en\/research\/research-chairs-groups-and-networks\/find-research-chair-group-or-network\/inrs-uqac-joint-research-unit-in-sustainable-health\/#breadcrumb","itemListElement":[{"@type":"ListItem","position":1,"name":"Research","item":"https:\/\/dev.inrs.ca\/la-recherche\/"},{"@type":"ListItem","position":2,"name":"Research chairs, groups, and networks","item":"https:\/\/dev.inrs.ca\/la-recherche\/chaires-groupes-et-reseaux-de-recherche\/"},{"@type":"ListItem","position":3,"name":"Find a research chair, group, or network","item":"https:\/\/dev.inrs.ca\/la-recherche\/chaires-groupes-et-reseaux-de-recherche\/repertoire-des-chaires-groupes-et-reseaux-de-recherche\/"},{"@type":"ListItem","position":4,"name":"INRS-UQAC Joint Research Unit in Sustainable Health"}]},{"@type":"WebSite","@id":"https:\/\/dev.inrs.ca\/en\/#website","url":"https:\/\/dev.inrs.ca\/en\/","name":"INRS","description":"Institut national de la recherche scientifique","potentialAction":[{"@type":"SearchAction","target":{"@type":"EntryPoint","urlTemplate":"https:\/\/dev.inrs.ca\/en\/?s={search_term_string}"},"query-input":{"@type":"PropertyValueSpecification","valueRequired":true,"valueName":"search_term_string"}}],"inLanguage":"en-CA"}]}},"_links":{"self":[{"href":"https:\/\/dev.inrs.ca\/en\/wp-json\/wp\/v2\/pages\/73244","targetHints":{"allow":["GET"]}}],"collection":[{"href":"https:\/\/dev.inrs.ca\/en\/wp-json\/wp\/v2\/pages"}],"about":[{"href":"https:\/\/dev.inrs.ca\/en\/wp-json\/wp\/v2\/types\/page"}],"author":[{"embeddable":true,"href":"https:\/\/dev.inrs.ca\/en\/wp-json\/wp\/v2\/users\/3"}],"replies":[{"embeddable":true,"href":"https:\/\/dev.inrs.ca\/en\/wp-json\/wp\/v2\/comments?post=73244"}],"version-history":[{"count":5,"href":"https:\/\/dev.inrs.ca\/en\/wp-json\/wp\/v2\/pages\/73244\/revisions"}],"predecessor-version":[{"id":74638,"href":"https:\/\/dev.inrs.ca\/en\/wp-json\/wp\/v2\/pages\/73244\/revisions\/74638"}],"up":[{"embeddable":true,"href":"https:\/\/dev.inrs.ca\/en\/wp-json\/wp\/v2\/pages\/21773"}],"wp:featuredmedia":[{"embeddable":true,"href":"https:\/\/dev.inrs.ca\/en\/wp-json\/wp\/v2\/media\/73247"}],"wp:attachment":[{"href":"https:\/\/dev.inrs.ca\/en\/wp-json\/wp\/v2\/media?parent=73244"}],"wp:term":[{"taxonomy":"page_type","embeddable":true,"href":"https:\/\/dev.inrs.ca\/en\/wp-json\/wp\/v2\/page_type?post=73244"},{"taxonomy":"wf_page_folders","embeddable":true,"href":"https:\/\/dev.inrs.ca\/en\/wp-json\/wp\/v2\/wf_page_folders?post=73244"}],"curies":[{"name":"wp","href":"https:\/\/api.w.org\/{rel}","templated":true}]}}