{"id":72919,"date":"2021-09-09T09:29:29","date_gmt":"2021-09-09T13:29:29","guid":{"rendered":"https:\/\/dev.inrs.ca\/?page_id=72919"},"modified":"2021-09-21T08:50:23","modified_gmt":"2021-09-21T12:50:23","slug":"inrs-uqar-joint-research-unit-in-digital-transformation-in-support-of-regional-development","status":"publish","type":"page","link":"https:\/\/dev.inrs.ca\/en\/research\/research-chairs-groups-and-networks\/find-research-chair-group-or-network\/inrs-uqar-joint-research-unit-in-digital-transformation-in-support-of-regional-development\/","title":{"rendered":"INRS-UQAR Joint Research Unit in Digital Transformation in Support of Regional Development"},"content":{"rendered":"\n<p class=\"has-large-font-size\"><strong>Institut national de la recherche scientifique (INRS) and Universit\u00e9 du Qu\u00e9bec \u00e0 Rimouski (UQAR) are launching a joint research unit (UMR) in digital transformation to bolster regional development.<\/strong><\/p>\n\n\n\n<div style=\"height:20px\" aria-hidden=\"true\" class=\"wp-block-spacer\"><\/div>\n\n\n\n<p>INRS and UQAR are setting up a digital transformation joint research unit dedicated to examining how best to diversity and integrate digital technologies in a variety of sectors (such as education, culture, business, green technology, manufacturing, and health) to support the social, cultural, and economic development of regions. By furthering and transferring knowledge and by training qualified new workers, the INRS-UQAR joint research unit will spur the use of digital technology and help regional communities harness the potential and opportunities this new digital age will bring for their development.<\/p>\n\n\n\n<div style=\"height:20px\" aria-hidden=\"true\" class=\"wp-block-spacer\"><\/div>\n\n\n\n<div class=\"wp-block-cover has-background-dim has-parallax is-repeated\" style=\"background-image:url(https:\/\/dev.inrs.ca\/wp-content\/uploads\/numerique-umr-technologie-verte.jpeg)\"><div class=\"wp-block-cover__inner-container is-layout-flow wp-block-cover-is-layout-flow\">\n<p class=\"has-text-align-center\" style=\"font-size:clamp(18.959px, 1.185rem + ((1vw - 3.2px) * 1.33), 30px);px\"><strong>This UMR will bring national and international leadership in the area of digital transformation to support regional development and provide communities east of Qu\u00e9bec City with a deep pool of new scientific expertise in this strategic field of priority interest to Qu\u00e9bec.<\/strong><\/p>\n<\/div><\/div>\n\n\n\n<div style=\"height:40px\" aria-hidden=\"true\" class=\"wp-block-spacer\"><\/div>\n\n\n\n<div class=\"wp-block-columns is-layout-flex wp-container-core-columns-is-layout-1 wp-block-columns-is-layout-flex\">\n<div class=\"wp-block-column is-layout-flow wp-block-column-is-layout-flow\" style=\"flex-basis:40%\">\n<div class=\"wp-block-image\"><figure class=\"alignleft size-large\"><img decoding=\"async\" src=\"https:\/\/dev.inrs.ca\/wp-content\/uploads\/2020\/10\/Logo-INRS-horizontal-web-300x182.png\" alt=\"\"\/><\/figure><\/div>\n\n\n\n<div style=\"height:20px\" aria-hidden=\"true\" class=\"wp-block-spacer\"><\/div>\n\n\n\n<div class=\"wp-block-image\"><figure class=\"alignleft size-large\"><img decoding=\"async\" src=\"https:\/\/dev.inrs.ca\/wp-content\/uploads\/2021\/03\/uqar-avec-signature-rimouski-bleu-noir-300-300x164.jpg\" alt=\"\"\/><\/figure><\/div>\n<\/div>\n\n\n\n<div class=\"wp-block-column is-layout-flow wp-block-column-is-layout-flow\" style=\"flex-basis:60%\">\n<p style=\"font-size:clamp(14px, 0.875rem + ((1vw - 3.2px) * 0.723), 20px);px\"><strong>Development of the INRS-UQAR Joint Research Unit in Digital Transformation in Support of Regional Development was made possible thanks to initial funding of $3 million from the Government of Qu\u00e9bec.<\/strong><\/p>\n\n\n\n<p>This funding by <a href=\"http:\/\/www.education.gouv.qc.ca\/en\/home\/\" target=\"_blank\" rel=\"noreferrer noopener\">Minist\u00e8re de l\u2019Enseignement sup\u00e9rieur<\/a> will make it possible to create three professorships at INRS.<\/p>\n\n\n\n<p>These professors will work as part of the UMR from <a href=\"https:\/\/www.uqar.ca\/a-propos\/langues\/english\/university\/choosing-uqar\" target=\"_blank\" rel=\"noreferrer noopener\" class=\"broken_link\">UQAR<\/a>\u2019s Rimouski campus. The UMR\u2019s mission is to conduct multidisciplinary graduate-level research and educational activities.<\/p>\n<\/div>\n<\/div>\n\n\n\n<figure class=\"wp-block-gallery columns-3 is-cropped wp-block-gallery-2 is-layout-flex wp-block-gallery-is-layout-flex\"><ul class=\"blocks-gallery-grid\"><li class=\"blocks-gallery-item\"><figure><img loading=\"lazy\" decoding=\"async\" width=\"1024\" height=\"656\" src=\"https:\/\/dev.inrs.ca\/wp-content\/uploads\/culture-numerique-digital-umr-1024x656-1.jpeg\" alt=\"\" data-id=\"72944\" data-full-url=\"https:\/\/dev.inrs.ca\/wp-content\/uploads\/culture-numerique-digital-umr-1024x656-1.jpeg\" data-link=\"https:\/\/dev.inrs.ca\/en\/research\/research-chairs-groups-and-networks\/find-research-chair-group-or-network\/attachment\/culture-numerique-digital-umr-1024x656-1\/\" class=\"wp-image-72944\" srcset=\"https:\/\/dev.inrs.ca\/wp-content\/uploads\/culture-numerique-digital-umr-1024x656-1.jpeg 1024w, https:\/\/dev.inrs.ca\/wp-content\/uploads\/culture-numerique-digital-umr-1024x656-1-300x192.jpeg 300w, https:\/\/dev.inrs.ca\/wp-content\/uploads\/culture-numerique-digital-umr-1024x656-1-768x492.jpeg 768w\" sizes=\"auto, (max-width: 1024px) 100vw, 1024px\" \/><\/figure><\/li><li class=\"blocks-gallery-item\"><figure><img loading=\"lazy\" decoding=\"async\" width=\"640\" height=\"320\" src=\"https:\/\/dev.inrs.ca\/wp-content\/uploads\/cpoirier-rapport-numerique.jpg\" alt=\"\" data-id=\"72940\" data-full-url=\"https:\/\/dev.inrs.ca\/wp-content\/uploads\/cpoirier-rapport-numerique.jpg\" data-link=\"https:\/\/dev.inrs.ca\/en\/research\/research-chairs-groups-and-networks\/find-research-chair-group-or-network\/attachment\/cpoirier-rapport-numerique\/\" class=\"wp-image-72940\" srcset=\"https:\/\/dev.inrs.ca\/wp-content\/uploads\/cpoirier-rapport-numerique.jpg 640w, https:\/\/dev.inrs.ca\/wp-content\/uploads\/cpoirier-rapport-numerique-300x150.jpg 300w\" sizes=\"auto, (max-width: 640px) 100vw, 640px\" \/><\/figure><\/li><li class=\"blocks-gallery-item\"><figure><img loading=\"lazy\" decoding=\"async\" width=\"1000\" height=\"562\" src=\"https:\/\/dev.inrs.ca\/wp-content\/uploads\/UMR-INRS-UQAR-transformation-numerique-education.jpg\" alt=\"\" data-id=\"72941\" data-full-url=\"https:\/\/dev.inrs.ca\/wp-content\/uploads\/UMR-INRS-UQAR-transformation-numerique-education.jpg\" data-link=\"https:\/\/dev.inrs.ca\/en\/research\/research-chairs-groups-and-networks\/find-research-chair-group-or-network\/attachment\/umr-inrs-uqar-transformation-numerique-education-2\/\" class=\"wp-image-72941\" srcset=\"https:\/\/dev.inrs.ca\/wp-content\/uploads\/UMR-INRS-UQAR-transformation-numerique-education.jpg 1000w, https:\/\/dev.inrs.ca\/wp-content\/uploads\/UMR-INRS-UQAR-transformation-numerique-education-300x169.jpg 300w, https:\/\/dev.inrs.ca\/wp-content\/uploads\/UMR-INRS-UQAR-transformation-numerique-education-768x432.jpg 768w\" sizes=\"auto, (max-width: 1000px) 100vw, 1000px\" \/><\/figure><\/li><li class=\"blocks-gallery-item\"><figure><img loading=\"lazy\" decoding=\"async\" width=\"1000\" height=\"667\" src=\"https:\/\/dev.inrs.ca\/wp-content\/uploads\/UMR-INRS-UQAR-transformation-numerique-03.jpg\" alt=\"\" data-id=\"72943\" data-full-url=\"https:\/\/dev.inrs.ca\/wp-content\/uploads\/UMR-INRS-UQAR-transformation-numerique-03.jpg\" data-link=\"https:\/\/dev.inrs.ca\/en\/research\/research-chairs-groups-and-networks\/find-research-chair-group-or-network\/attachment\/umr-inrs-uqar-transformation-numerique-03-2\/\" class=\"wp-image-72943\" srcset=\"https:\/\/dev.inrs.ca\/wp-content\/uploads\/UMR-INRS-UQAR-transformation-numerique-03.jpg 1000w, https:\/\/dev.inrs.ca\/wp-content\/uploads\/UMR-INRS-UQAR-transformation-numerique-03-300x200.jpg 300w, https:\/\/dev.inrs.ca\/wp-content\/uploads\/UMR-INRS-UQAR-transformation-numerique-03-768x512.jpg 768w, https:\/\/dev.inrs.ca\/wp-content\/uploads\/UMR-INRS-UQAR-transformation-numerique-03-600x400.jpg 600w\" sizes=\"auto, (max-width: 1000px) 100vw, 1000px\" \/><\/figure><\/li><\/ul><\/figure>\n\n\n\n<h2 class=\"wp-block-heading\">UMR joint implementation committee<\/h2>\n\n\n\n<ul class=\"wp-block-list\"><li><a href=\"https:\/\/www.uqar.ca\/nouvelles\/uqar-info\/3292-melanie-gagnon-est-nommee-vice-rectrice-au-campus-de-levis-et-a-la-planification\" target=\"_blank\" rel=\"noreferrer noopener\" class=\"broken_link\">M\u00e9lanie Gagnon<\/a>, Vice Rector, Planning and Partnerships, UQAR<\/li><li>Pietro-Luciano Buono, Dean of Research, UQAR<\/li><li><a href=\"https:\/\/www.uqar.ca\/universite\/a-propos-de-l-uqar\/departements\/departement-de-mathematiques-informatique-et-genie\/brousseau-jean\" target=\"_blank\" rel=\"noreferrer noopener\" class=\"broken_link\">Jean Brousseau<\/a>, Professor, UQAR<\/li><li><a href=\"https:\/\/www.uqar.ca\/universite\/a-propos-de-l-uqar\/departements\/unites-departementales-des-sciences-de-la-gestion\/benabbou-lobna\" target=\"_blank\" rel=\"noreferrer noopener\" class=\"broken_link\">Loubna Benabbou<\/a>, Professor, UQAR<\/li><li><a href=\"https:\/\/www.uqar.ca\/universite\/a-propos-de-l-uqar\/departements\/unites-departementales-des-sciences-de-la-gestion\/souza-de-melo-erika\" target=\"_blank\" rel=\"noreferrer noopener\" class=\"broken_link\">\u00c9rika Souza de Melo<\/a>, Professor, UQAR<\/li><li><a href=\"https:\/\/www.uqar.ca\/universite\/a-propos-de-l-uqar\/departements\/unites-departementales-des-sciences-de-l-education\/deschenaux-frederic\" target=\"_blank\" rel=\"noreferrer noopener\">Fr\u00e9d\u00e9ric Deschenaux<\/a>, Professor, UQAR<\/li><li><a href=\"https:\/\/dev.inrs.ca\/en\/research\/professors\/louise-henault-ethier\/\">Louise H\u00e9nault-Ethier<\/a>, Professor and Director of the <a href=\"https:\/\/dev.inrs.ca\/en\/inrs\/research-centres\/eau-terre-environnement-research-centre\/\">Eau Terre Environnement Research Centre<\/a>, INRS<\/li><li><a href=\"https:\/\/dev.inrs.ca\/en\/research\/professors\/taha-b-m-j-ouarda\/\">Taha Ouarda<\/a>, Professor, INRS<\/li><li><a href=\"https:\/\/dev.inrs.ca\/en\/research\/professors\/erwan-gloaguen\/\">Erwan Gloaguen<\/a>, Professor, INRS<\/li><li><a href=\"https:\/\/dev.inrs.ca\/en\/research\/professors\/helene-belleau\/\">H\u00e9l\u00e8ne Belleau<\/a>, Professor and Director of the <a href=\"https:\/\/dev.inrs.ca\/en\/inrs\/research-centres\/urbanisation-culture-societe-research-centre\/\">Urbanisation Culture Soci\u00e9t\u00e9 Research Centre<\/a>, INRS<\/li><li><a href=\"https:\/\/dev.inrs.ca\/en\/research\/professors\/mircea-vultur\/\">Mircea Vultur<\/a>, Professor, INRS<\/li><li><a href=\"https:\/\/dev.inrs.ca\/en\/research\/professors\/nathalie-casemajor\/\">Nathalie Casemajor<\/a>, Professor, INRS<\/li><\/ul>\n\n\n\n<p class=\"has-small-font-size\"><strong>Coordination:<\/strong>\u00a0\u00c9milie-Jade Poliquin, Research Officer, <a href=\"https:\/\/dev.inrs.ca\/linrs\/directions-et-services\/cabinet-relations-gouvernementales-et-affaires-publiques\/\">Cabinet, Government Relations and Public Affairs<\/a>, INRS; and Florence Vincent, Research Officer, Office of the Vice Rector of Education and Research, UQAR<\/p>\n\n\n\n<div style=\"height:20px\" aria-hidden=\"true\" class=\"wp-block-spacer\"><\/div>\n","protected":false},"excerpt":{"rendered":"<p>Institut national de la recherche scientifique (INRS) and Universit\u00e9 du Qu\u00e9bec \u00e0 Rimouski (UQAR) are launching a joint research unit (UMR) in digital transformation to bolster regional development.<\/p>\n","protected":false},"author":3,"featured_media":72929,"parent":21773,"menu_order":0,"comment_status":"closed","ping_status":"closed","template":"templates\/research-infrastructure.php","meta":{"_acf_changed":false,"footnotes":""},"page_type":[1214],"wf_page_folders":[52],"class_list":["post-72919","page","type-page","status-publish","has-post-thumbnail","hentry","page_type-chair-research-group"],"acf":[],"yoast_head":"<!-- This site is optimized with the Yoast SEO Premium plugin v24.6 (Yoast SEO v24.6) - https:\/\/yoast.com\/wordpress\/plugins\/seo\/ -->\n<title>INRS | INRS-UQAR Joint Research Unit in Digital Transformation in Support of Regional Development<\/title>\n<meta name=\"description\" content=\"Institut national de la recherche scientifique (INRS) and Universit\u00e9 du Qu\u00e9bec \u00e0 Rimouski (UQAR) are launching a joint research unit (UMR) in digital transformation to bolster regional development.\" \/>\n<meta name=\"robots\" content=\"noindex, follow, max-snippet:-1, max-image-preview:large, max-video-preview:-1\" \/>\n<meta property=\"og:locale\" content=\"en_US\" \/>\n<meta property=\"og:type\" content=\"article\" \/>\n<meta property=\"og:title\" content=\"INRS | INRS-UQAR Joint Research Unit in Digital Transformation in Support of Regional Development\" \/>\n<meta property=\"og:description\" content=\"Institut national de la recherche scientifique (INRS) and Universit\u00e9 du Qu\u00e9bec \u00e0 Rimouski (UQAR) are launching a joint research unit (UMR) in digital transformation to bolster regional development.\" \/>\n<meta property=\"og:url\" content=\"https:\/\/dev.inrs.ca\/en\/research\/research-chairs-groups-and-networks\/find-research-chair-group-or-network\/inrs-uqar-joint-research-unit-in-digital-transformation-in-support-of-regional-development\/\" \/>\n<meta property=\"og:site_name\" content=\"INRS\" \/>\n<meta property=\"article:publisher\" content=\"https:\/\/www.facebook.com\/inrsciences\/\" \/>\n<meta property=\"article:modified_time\" content=\"2021-09-21T12:50:23+00:00\" \/>\n<meta property=\"og:image\" content=\"https:\/\/dev.inrs.ca\/wp-content\/uploads\/2021\/03\/umr-transformation-numerique.png\" \/>\n\t<meta property=\"og:image:width\" content=\"1200\" \/>\n\t<meta property=\"og:image:height\" content=\"628\" \/>\n\t<meta property=\"og:image:type\" content=\"image\/png\" \/>\n<meta name=\"twitter:card\" content=\"summary_large_image\" \/>\n<meta name=\"twitter:site\" content=\"@inrsciences\" \/>\n<meta name=\"twitter:label1\" content=\"Est. reading time\" \/>\n\t<meta name=\"twitter:data1\" content=\"2 minutes\" \/>\n<script type=\"application\/ld+json\" class=\"yoast-schema-graph\">{\"@context\":\"https:\/\/schema.org\",\"@graph\":[{\"@type\":\"WebPage\",\"@id\":\"https:\/\/dev.inrs.ca\/en\/research\/research-chairs-groups-and-networks\/find-research-chair-group-or-network\/inrs-uqar-joint-research-unit-in-digital-transformation-in-support-of-regional-development\/\",\"url\":\"https:\/\/dev.inrs.ca\/en\/research\/research-chairs-groups-and-networks\/find-research-chair-group-or-network\/inrs-uqar-joint-research-unit-in-digital-transformation-in-support-of-regional-development\/\",\"name\":\"INRS | INRS-UQAR Joint Research Unit in Digital Transformation in Support of Regional Development\",\"isPartOf\":{\"@id\":\"https:\/\/dev.inrs.ca\/en\/#website\"},\"primaryImageOfPage\":{\"@id\":\"https:\/\/dev.inrs.ca\/en\/research\/research-chairs-groups-and-networks\/find-research-chair-group-or-network\/inrs-uqar-joint-research-unit-in-digital-transformation-in-support-of-regional-development\/#primaryimage\"},\"image\":{\"@id\":\"https:\/\/dev.inrs.ca\/en\/research\/research-chairs-groups-and-networks\/find-research-chair-group-or-network\/inrs-uqar-joint-research-unit-in-digital-transformation-in-support-of-regional-development\/#primaryimage\"},\"thumbnailUrl\":\"https:\/\/dev.inrs.ca\/wp-content\/uploads\/2021\/03\/umr-transformation-numerique.png\",\"datePublished\":\"2021-09-09T13:29:29+00:00\",\"dateModified\":\"2021-09-21T12:50:23+00:00\",\"description\":\"Institut national de la recherche scientifique (INRS) and Universit\u00e9 du Qu\u00e9bec \u00e0 Rimouski (UQAR) are launching a joint research unit (UMR) in digital transformation to bolster regional development.\",\"breadcrumb\":{\"@id\":\"https:\/\/dev.inrs.ca\/en\/research\/research-chairs-groups-and-networks\/find-research-chair-group-or-network\/inrs-uqar-joint-research-unit-in-digital-transformation-in-support-of-regional-development\/#breadcrumb\"},\"inLanguage\":\"en-CA\",\"potentialAction\":[{\"@type\":\"ReadAction\",\"target\":[\"https:\/\/dev.inrs.ca\/en\/research\/research-chairs-groups-and-networks\/find-research-chair-group-or-network\/inrs-uqar-joint-research-unit-in-digital-transformation-in-support-of-regional-development\/\"]}]},{\"@type\":\"ImageObject\",\"inLanguage\":\"en-CA\",\"@id\":\"https:\/\/dev.inrs.ca\/en\/research\/research-chairs-groups-and-networks\/find-research-chair-group-or-network\/inrs-uqar-joint-research-unit-in-digital-transformation-in-support-of-regional-development\/#primaryimage\",\"url\":\"https:\/\/dev.inrs.ca\/wp-content\/uploads\/2021\/03\/umr-transformation-numerique.png\",\"contentUrl\":\"https:\/\/dev.inrs.ca\/wp-content\/uploads\/2021\/03\/umr-transformation-numerique.png\",\"width\":1200,\"height\":628},{\"@type\":\"BreadcrumbList\",\"@id\":\"https:\/\/dev.inrs.ca\/en\/research\/research-chairs-groups-and-networks\/find-research-chair-group-or-network\/inrs-uqar-joint-research-unit-in-digital-transformation-in-support-of-regional-development\/#breadcrumb\",\"itemListElement\":[{\"@type\":\"ListItem\",\"position\":1,\"name\":\"Research\",\"item\":\"https:\/\/dev.inrs.ca\/la-recherche\/\"},{\"@type\":\"ListItem\",\"position\":2,\"name\":\"Research chairs, groups, and networks\",\"item\":\"https:\/\/dev.inrs.ca\/la-recherche\/chaires-groupes-et-reseaux-de-recherche\/\"},{\"@type\":\"ListItem\",\"position\":3,\"name\":\"Find a research chair, group, or network\",\"item\":\"https:\/\/dev.inrs.ca\/la-recherche\/chaires-groupes-et-reseaux-de-recherche\/repertoire-des-chaires-groupes-et-reseaux-de-recherche\/\"},{\"@type\":\"ListItem\",\"position\":4,\"name\":\"INRS-UQAR Joint Research Unit in Digital Transformation in Support of Regional Development\"}]},{\"@type\":\"WebSite\",\"@id\":\"https:\/\/dev.inrs.ca\/en\/#website\",\"url\":\"https:\/\/dev.inrs.ca\/en\/\",\"name\":\"INRS\",\"description\":\"Institut national de la recherche scientifique\",\"potentialAction\":[{\"@type\":\"SearchAction\",\"target\":{\"@type\":\"EntryPoint\",\"urlTemplate\":\"https:\/\/dev.inrs.ca\/en\/?s={search_term_string}\"},\"query-input\":{\"@type\":\"PropertyValueSpecification\",\"valueRequired\":true,\"valueName\":\"search_term_string\"}}],\"inLanguage\":\"en-CA\"}]}<\/script>\n<!-- \/ Yoast SEO Premium plugin. -->","yoast_head_json":{"title":"INRS | INRS-UQAR Joint Research Unit in Digital Transformation in Support of Regional Development","description":"Institut national de la recherche scientifique (INRS) and Universit\u00e9 du Qu\u00e9bec \u00e0 Rimouski (UQAR) are launching a joint research unit (UMR) in digital transformation to bolster regional development.","robots":{"index":"noindex","follow":"follow","max-snippet":"max-snippet:-1","max-image-preview":"max-image-preview:large","max-video-preview":"max-video-preview:-1"},"og_locale":"en_US","og_type":"article","og_title":"INRS | INRS-UQAR Joint Research Unit in Digital Transformation in Support of Regional Development","og_description":"Institut national de la recherche scientifique (INRS) and Universit\u00e9 du Qu\u00e9bec \u00e0 Rimouski (UQAR) are launching a joint research unit (UMR) in digital transformation to bolster regional development.","og_url":"https:\/\/dev.inrs.ca\/en\/research\/research-chairs-groups-and-networks\/find-research-chair-group-or-network\/inrs-uqar-joint-research-unit-in-digital-transformation-in-support-of-regional-development\/","og_site_name":"INRS","article_publisher":"https:\/\/www.facebook.com\/inrsciences\/","article_modified_time":"2021-09-21T12:50:23+00:00","og_image":[{"width":1200,"height":628,"url":"https:\/\/dev.inrs.ca\/wp-content\/uploads\/2021\/03\/umr-transformation-numerique.png","type":"image\/png"}],"twitter_card":"summary_large_image","twitter_site":"@inrsciences","twitter_misc":{"Est. reading time":"2 minutes"},"schema":{"@context":"https:\/\/schema.org","@graph":[{"@type":"WebPage","@id":"https:\/\/dev.inrs.ca\/en\/research\/research-chairs-groups-and-networks\/find-research-chair-group-or-network\/inrs-uqar-joint-research-unit-in-digital-transformation-in-support-of-regional-development\/","url":"https:\/\/dev.inrs.ca\/en\/research\/research-chairs-groups-and-networks\/find-research-chair-group-or-network\/inrs-uqar-joint-research-unit-in-digital-transformation-in-support-of-regional-development\/","name":"INRS | INRS-UQAR Joint Research Unit in Digital Transformation in Support of Regional Development","isPartOf":{"@id":"https:\/\/dev.inrs.ca\/en\/#website"},"primaryImageOfPage":{"@id":"https:\/\/dev.inrs.ca\/en\/research\/research-chairs-groups-and-networks\/find-research-chair-group-or-network\/inrs-uqar-joint-research-unit-in-digital-transformation-in-support-of-regional-development\/#primaryimage"},"image":{"@id":"https:\/\/dev.inrs.ca\/en\/research\/research-chairs-groups-and-networks\/find-research-chair-group-or-network\/inrs-uqar-joint-research-unit-in-digital-transformation-in-support-of-regional-development\/#primaryimage"},"thumbnailUrl":"https:\/\/dev.inrs.ca\/wp-content\/uploads\/2021\/03\/umr-transformation-numerique.png","datePublished":"2021-09-09T13:29:29+00:00","dateModified":"2021-09-21T12:50:23+00:00","description":"Institut national de la recherche scientifique (INRS) and Universit\u00e9 du Qu\u00e9bec \u00e0 Rimouski (UQAR) are launching a joint research unit (UMR) in digital transformation to bolster regional development.","breadcrumb":{"@id":"https:\/\/dev.inrs.ca\/en\/research\/research-chairs-groups-and-networks\/find-research-chair-group-or-network\/inrs-uqar-joint-research-unit-in-digital-transformation-in-support-of-regional-development\/#breadcrumb"},"inLanguage":"en-CA","potentialAction":[{"@type":"ReadAction","target":["https:\/\/dev.inrs.ca\/en\/research\/research-chairs-groups-and-networks\/find-research-chair-group-or-network\/inrs-uqar-joint-research-unit-in-digital-transformation-in-support-of-regional-development\/"]}]},{"@type":"ImageObject","inLanguage":"en-CA","@id":"https:\/\/dev.inrs.ca\/en\/research\/research-chairs-groups-and-networks\/find-research-chair-group-or-network\/inrs-uqar-joint-research-unit-in-digital-transformation-in-support-of-regional-development\/#primaryimage","url":"https:\/\/dev.inrs.ca\/wp-content\/uploads\/2021\/03\/umr-transformation-numerique.png","contentUrl":"https:\/\/dev.inrs.ca\/wp-content\/uploads\/2021\/03\/umr-transformation-numerique.png","width":1200,"height":628},{"@type":"BreadcrumbList","@id":"https:\/\/dev.inrs.ca\/en\/research\/research-chairs-groups-and-networks\/find-research-chair-group-or-network\/inrs-uqar-joint-research-unit-in-digital-transformation-in-support-of-regional-development\/#breadcrumb","itemListElement":[{"@type":"ListItem","position":1,"name":"Research","item":"https:\/\/dev.inrs.ca\/la-recherche\/"},{"@type":"ListItem","position":2,"name":"Research chairs, groups, and networks","item":"https:\/\/dev.inrs.ca\/la-recherche\/chaires-groupes-et-reseaux-de-recherche\/"},{"@type":"ListItem","position":3,"name":"Find a research chair, group, or network","item":"https:\/\/dev.inrs.ca\/la-recherche\/chaires-groupes-et-reseaux-de-recherche\/repertoire-des-chaires-groupes-et-reseaux-de-recherche\/"},{"@type":"ListItem","position":4,"name":"INRS-UQAR Joint Research Unit in Digital Transformation in Support of Regional Development"}]},{"@type":"WebSite","@id":"https:\/\/dev.inrs.ca\/en\/#website","url":"https:\/\/dev.inrs.ca\/en\/","name":"INRS","description":"Institut national de la recherche scientifique","potentialAction":[{"@type":"SearchAction","target":{"@type":"EntryPoint","urlTemplate":"https:\/\/dev.inrs.ca\/en\/?s={search_term_string}"},"query-input":{"@type":"PropertyValueSpecification","valueRequired":true,"valueName":"search_term_string"}}],"inLanguage":"en-CA"}]}},"_links":{"self":[{"href":"https:\/\/dev.inrs.ca\/en\/wp-json\/wp\/v2\/pages\/72919","targetHints":{"allow":["GET"]}}],"collection":[{"href":"https:\/\/dev.inrs.ca\/en\/wp-json\/wp\/v2\/pages"}],"about":[{"href":"https:\/\/dev.inrs.ca\/en\/wp-json\/wp\/v2\/types\/page"}],"author":[{"embeddable":true,"href":"https:\/\/dev.inrs.ca\/en\/wp-json\/wp\/v2\/users\/3"}],"replies":[{"embeddable":true,"href":"https:\/\/dev.inrs.ca\/en\/wp-json\/wp\/v2\/comments?post=72919"}],"version-history":[{"count":5,"href":"https:\/\/dev.inrs.ca\/en\/wp-json\/wp\/v2\/pages\/72919\/revisions"}],"predecessor-version":[{"id":74636,"href":"https:\/\/dev.inrs.ca\/en\/wp-json\/wp\/v2\/pages\/72919\/revisions\/74636"}],"up":[{"embeddable":true,"href":"https:\/\/dev.inrs.ca\/en\/wp-json\/wp\/v2\/pages\/21773"}],"wp:featuredmedia":[{"embeddable":true,"href":"https:\/\/dev.inrs.ca\/en\/wp-json\/wp\/v2\/media\/72929"}],"wp:attachment":[{"href":"https:\/\/dev.inrs.ca\/en\/wp-json\/wp\/v2\/media?parent=72919"}],"wp:term":[{"taxonomy":"page_type","embeddable":true,"href":"https:\/\/dev.inrs.ca\/en\/wp-json\/wp\/v2\/page_type?post=72919"},{"taxonomy":"wf_page_folders","embeddable":true,"href":"https:\/\/dev.inrs.ca\/en\/wp-json\/wp\/v2\/wf_page_folders?post=72919"}],"curies":[{"name":"wp","href":"https:\/\/api.w.org\/{rel}","templated":true}]}}