{"id":72803,"date":"2021-09-08T16:13:09","date_gmt":"2021-09-08T20:13:09","guid":{"rendered":"https:\/\/dev.inrs.ca\/?page_id=72803"},"modified":"2021-09-21T08:48:47","modified_gmt":"2021-09-21T12:48:47","slug":"inrs-uqo-joint-research-unit-in-cybersecurity","status":"publish","type":"page","link":"https:\/\/dev.inrs.ca\/en\/research\/research-chairs-groups-and-networks\/find-research-chair-group-or-network\/inrs-uqo-joint-research-unit-in-cybersecurity\/","title":{"rendered":"INRS-UQO Joint Research Unit in Cybersecurity"},"content":{"rendered":"\n<p class=\"has-large-font-size\"><strong>The Institut national de la recherche scientifique (INRS) and Universit\u00e9 du Qu\u00e9bec en Outaouais (UQO) are developing a joint research unit (UMR) in cybersecurity.<\/strong><\/p>\n\n\n\n<div style=\"height:20px\" aria-hidden=\"true\" class=\"wp-block-spacer\"><\/div>\n\n\n\n<p>At INRS, the <a href=\"https:\/\/dev.inrs.ca\/en\/inrs\/research-centres\/energie-materiaux-telecommunications-research-centre\/\">\u00c9nergie Mat\u00e9riaux T\u00e9l\u00e9communications Research Centre<\/a> brings together a number of world-renowned telecommunications experts who specialize in the development of digital technologies and other fields. The creation of this UMR reflects INRS\u2019s desire to be a leader in this strategic field of research. UQO has been active in the field of cybersecurity for 20 years with its computer security research lab and offers cybersecurity training with a graduate program aimed at professionals or people looking to improve their knowledge of the various aspects of cybersecurity. UQO plans to build on its educational offering in the near future with new bachelor\u2019s and master\u2019s programs in cybersecurity.<\/p>\n\n\n\n<p>Digital security issues are of paramount importance, and cybersecurity needs are growing exponentially. This project is part of a regional plan to develop a critical mass of researchers and qualified workers to better respond to the political, strategic, and economic issues related to information systems integrity locally in Outaouais and across Qu\u00e9bec and the rest of Canada.<\/p>\n\n\n\n<div style=\"height:20px\" aria-hidden=\"true\" class=\"wp-block-spacer\"><\/div>\n\n\n\n<div class=\"wp-block-cover has-background-dim has-parallax is-repeated\" style=\"background-image:url(https:\/\/dev.inrs.ca\/wp-content\/uploads\/2020\/08\/Networks-and-Cyber-Physical-Systems-Lab-inrs.jpg)\"><div class=\"wp-block-cover__inner-container is-layout-flow wp-block-cover-is-layout-flow\">\n<p class=\"has-text-align-center\" style=\"font-size:clamp(18.959px, 1.185rem + ((1vw - 3.2px) * 1.33), 30px);px\"><strong>The Joint Research Unit in Cybersecurity will provide the Outaouais region with a new cohort of scientists specialized in this priority field for Qu\u00e9bec and help create promising partnerships with many economic players.<\/strong><\/p>\n<\/div><\/div>\n\n\n\n<div style=\"height:40px\" aria-hidden=\"true\" class=\"wp-block-spacer\"><\/div>\n\n\n\n<div class=\"wp-block-columns is-layout-flex wp-container-core-columns-is-layout-1 wp-block-columns-is-layout-flex\">\n<div class=\"wp-block-column is-layout-flow wp-block-column-is-layout-flow\" style=\"flex-basis:40%\">\n<div class=\"wp-block-image\"><figure class=\"alignleft size-large\"><img decoding=\"async\" src=\"https:\/\/dev.inrs.ca\/wp-content\/uploads\/2020\/10\/Logo-INRS-horizontal-web-300x182.png\" alt=\"\"\/><\/figure><\/div>\n\n\n\n<div style=\"height:20px\" aria-hidden=\"true\" class=\"wp-block-spacer\"><\/div>\n\n\n\n<div class=\"wp-block-image\"><figure class=\"alignleft size-large\"><img decoding=\"async\" src=\"https:\/\/dev.inrs.ca\/wp-content\/uploads\/2021\/03\/logo-uqo-hr-300x147.jpg\" alt=\"\"\/><\/figure><\/div>\n<\/div>\n\n\n\n<div class=\"wp-block-column is-layout-flow wp-block-column-is-layout-flow\" style=\"flex-basis:60%\">\n<p style=\"font-size:clamp(14px, 0.875rem + ((1vw - 3.2px) * 0.723), 20px);px\"><strong>Development of the INRS-UQO Joint Research Unit in Cybersecurity was made possible thanks to initial funding of $3 million from the Government of Qu\u00e9bec.<\/strong><\/p>\n\n\n\n<p>This funding by <a href=\"http:\/\/www.education.gouv.qc.ca\/en\/home\/\" target=\"_blank\" rel=\"noreferrer noopener\">Minist\u00e8re de l\u2019Enseignement sup\u00e9rieur<\/a> will make it possible to create three professorships at INRS&#8217;s \u00c9nergie Mat\u00e9riaux T\u00e9l\u00e9communications Research Centre.<\/p>\n\n\n\n<p>These professors will work as part of the UMR from <a href=\"https:\/\/uqo.ca\/english\" target=\"_blank\" rel=\"noreferrer noopener\">UQO\u2019s<\/a>, in Gatineau. The UMR\u2019s mission is to conduct multidisciplinary graduate-level research and educational activities.<\/p>\n\n\n\n<div style=\"height:20px\" aria-hidden=\"true\" class=\"wp-block-spacer\"><\/div>\n\n\n\n<h4 class=\"wp-block-heading\"><strong>Important addresses:<\/strong><\/h4>\n\n\n\n<ul class=\"wp-block-list\"><li><a href=\"https:\/\/dev.inrs.ca\/en\/research\/research-themes\/telecommunications\/\">Telecommunications at INRS<\/a><\/li><li><a href=\"https:\/\/uqo.ca\/dep\/informatique-ingenierie\/programme-court-deuxieme-cycle-cybersecurite\" target=\"_blank\" rel=\"noreferrer noopener\">UQO Short Graduate Program in Cybersecurity<\/a> (French only)<\/li><li><a href=\"https:\/\/www.canada.ca\/en\/services\/defence\/cybersecurity.html\" target=\"_blank\" rel=\"noreferrer noopener\" class=\"broken_link\">Cybersecurity (Government of Canada website)<\/a><\/li><\/ul>\n<\/div>\n<\/div>\n\n\n\n<figure class=\"wp-block-gallery columns-3 is-cropped wp-block-gallery-2 is-layout-flex wp-block-gallery-is-layout-flex\"><ul class=\"blocks-gallery-grid\"><li class=\"blocks-gallery-item\"><figure><img loading=\"lazy\" decoding=\"async\" width=\"1024\" height=\"683\" src=\"https:\/\/dev.inrs.ca\/wp-content\/uploads\/cybersecurite-umr-confidentialite-donnees-1024x683-1.jpeg\" alt=\"\" data-id=\"72860\" data-full-url=\"https:\/\/dev.inrs.ca\/wp-content\/uploads\/cybersecurite-umr-confidentialite-donnees-1024x683-1.jpeg\" data-link=\"https:\/\/dev.inrs.ca\/en\/research\/research-chairs-groups-and-networks\/find-research-chair-group-or-network\/attachment\/cybersecurite-umr-confidentialite-donnees-1024x683-1\/\" class=\"wp-image-72860\" srcset=\"https:\/\/dev.inrs.ca\/wp-content\/uploads\/cybersecurite-umr-confidentialite-donnees-1024x683-1.jpeg 1024w, https:\/\/dev.inrs.ca\/wp-content\/uploads\/cybersecurite-umr-confidentialite-donnees-1024x683-1-300x200.jpeg 300w, https:\/\/dev.inrs.ca\/wp-content\/uploads\/cybersecurite-umr-confidentialite-donnees-1024x683-1-768x512.jpeg 768w, https:\/\/dev.inrs.ca\/wp-content\/uploads\/cybersecurite-umr-confidentialite-donnees-1024x683-1-600x400.jpeg 600w\" sizes=\"auto, (max-width: 1024px) 100vw, 1024px\" \/><\/figure><\/li><li class=\"blocks-gallery-item\"><figure><img loading=\"lazy\" decoding=\"async\" width=\"1024\" height=\"683\" src=\"https:\/\/dev.inrs.ca\/wp-content\/uploads\/cybersecurite-umr-pirate-informatique-1024x683-1.jpeg\" alt=\"\" data-id=\"72857\" data-full-url=\"https:\/\/dev.inrs.ca\/wp-content\/uploads\/cybersecurite-umr-pirate-informatique-1024x683-1.jpeg\" data-link=\"https:\/\/dev.inrs.ca\/en\/research\/research-chairs-groups-and-networks\/find-research-chair-group-or-network\/attachment\/cybersecurite-umr-pirate-informatique-1024x683-1\/\" class=\"wp-image-72857\" srcset=\"https:\/\/dev.inrs.ca\/wp-content\/uploads\/cybersecurite-umr-pirate-informatique-1024x683-1.jpeg 1024w, https:\/\/dev.inrs.ca\/wp-content\/uploads\/cybersecurite-umr-pirate-informatique-1024x683-1-300x200.jpeg 300w, https:\/\/dev.inrs.ca\/wp-content\/uploads\/cybersecurite-umr-pirate-informatique-1024x683-1-768x512.jpeg 768w, https:\/\/dev.inrs.ca\/wp-content\/uploads\/cybersecurite-umr-pirate-informatique-1024x683-1-600x400.jpeg 600w\" sizes=\"auto, (max-width: 1024px) 100vw, 1024px\" \/><\/figure><\/li><li class=\"blocks-gallery-item\"><figure><img loading=\"lazy\" decoding=\"async\" width=\"1024\" height=\"427\" src=\"https:\/\/dev.inrs.ca\/wp-content\/uploads\/umr-cybersecurite-ordinateur-telephone-1024x427-1.jpeg\" alt=\"\" data-id=\"72859\" data-full-url=\"https:\/\/dev.inrs.ca\/wp-content\/uploads\/umr-cybersecurite-ordinateur-telephone-1024x427-1.jpeg\" data-link=\"https:\/\/dev.inrs.ca\/en\/research\/research-chairs-groups-and-networks\/find-research-chair-group-or-network\/attachment\/umr-cybersecurite-ordinateur-telephone-1024x427-1\/\" class=\"wp-image-72859\" srcset=\"https:\/\/dev.inrs.ca\/wp-content\/uploads\/umr-cybersecurite-ordinateur-telephone-1024x427-1.jpeg 1024w, https:\/\/dev.inrs.ca\/wp-content\/uploads\/umr-cybersecurite-ordinateur-telephone-1024x427-1-300x125.jpeg 300w, https:\/\/dev.inrs.ca\/wp-content\/uploads\/umr-cybersecurite-ordinateur-telephone-1024x427-1-768x320.jpeg 768w\" sizes=\"auto, (max-width: 1024px) 100vw, 1024px\" \/><\/figure><\/li><li class=\"blocks-gallery-item\"><figure><img loading=\"lazy\" decoding=\"async\" width=\"1024\" height=\"640\" src=\"https:\/\/dev.inrs.ca\/wp-content\/uploads\/cybersecurite-umr-code-informatique-encryptage-1024x640-2.jpeg\" alt=\"\" data-id=\"72856\" data-full-url=\"https:\/\/dev.inrs.ca\/wp-content\/uploads\/cybersecurite-umr-code-informatique-encryptage-1024x640-2.jpeg\" data-link=\"https:\/\/dev.inrs.ca\/en\/research\/research-chairs-groups-and-networks\/find-research-chair-group-or-network\/attachment\/cybersecurite-umr-code-informatique-encryptage-1024x640-2\/\" class=\"wp-image-72856\" srcset=\"https:\/\/dev.inrs.ca\/wp-content\/uploads\/cybersecurite-umr-code-informatique-encryptage-1024x640-2.jpeg 1024w, https:\/\/dev.inrs.ca\/wp-content\/uploads\/cybersecurite-umr-code-informatique-encryptage-1024x640-2-300x188.jpeg 300w, https:\/\/dev.inrs.ca\/wp-content\/uploads\/cybersecurite-umr-code-informatique-encryptage-1024x640-2-768x480.jpeg 768w\" sizes=\"auto, (max-width: 1024px) 100vw, 1024px\" \/><\/figure><\/li><\/ul><\/figure>\n\n\n\n<h2 class=\"wp-block-heading\">UMR joint implementation committee<\/h2>\n\n\n\n<ul class=\"wp-block-list\"><li><a href=\"https:\/\/uqo.ca\/vrdcsj\/la-vice-rectrice\" target=\"_blank\" rel=\"noreferrer noopener\" class=\"broken_link\">Sylvie B. de Grosbois<\/a>, Development Vice Rector, Saint-J\u00e9r\u00f4me Campus, UQO<\/li><li><a href=\"http:\/\/w4.uqo.ca\/dii\/dyn\/profs\/kamel.adi.php\" target=\"_blank\" rel=\"noreferrer noopener\" class=\"broken_link\">Kamel Adi<\/a>, Professor and Head of PhD Information Science and Technology Program, UQO<\/li><li><a href=\"http:\/\/w4.uqo.ca\/dii\/dyn\/profs\/omar.abdulwahab.php\" target=\"_blank\" rel=\"noreferrer noopener\" class=\"broken_link\">Omar Abdul Wahab<\/a>, Professor, UQO<\/li><li><a href=\"http:\/\/w4.uqo.ca\/dii\/dyn\/profs\/luigi.logrippo.php\" target=\"_blank\" rel=\"noreferrer noopener\" class=\"broken_link\">Luigi Logrippo<\/a>, Professor, UQO<\/li><li><a href=\"https:\/\/dev.inrs.ca\/en\/research\/professors\/jean-claude-kieffer\/\">Jean-Claude Kieffer<\/a>, Professor and Interim Director of the \u00c9nergie Mat\u00e9riaux T\u00e9l\u00e9communications Research Centre, INRS<\/li><li><a href=\"https:\/\/dev.inrs.ca\/en\/research\/professors\/tiago-h-falk\/\">Tiago H. Falk<\/a>, Professor, \u00c9nergie Mat\u00e9riaux T\u00e9l\u00e9communications Research Centre, INRS<\/li><li><a href=\"https:\/\/dev.inrs.ca\/en\/research\/professors\/long-le\/\">Long Le<\/a>, Professor, \u00c9nergie Mat\u00e9riaux T\u00e9l\u00e9communications Research Centre, INRS<\/li><li><a href=\"https:\/\/dev.inrs.ca\/en\/research\/professors\/roberto-morandotti\/\">Roberto Morandott<\/a>i, Professor, \u00c9nergie Mat\u00e9riaux T\u00e9l\u00e9communications Research Centre, INRS<\/li><\/ul>\n\n\n\n<p class=\"has-small-font-size\"><strong>Coordination:<\/strong>&nbsp;\u00c9milie-Jade Poliquin, Research Officer, <a href=\"https:\/\/dev.inrs.ca\/linrs\/directions-et-services\/cabinet-relations-gouvernementales-et-affaires-publiques\/\">Cabinet, Government Relations and Public Affairs<\/a>, INRS<\/p>\n\n\n\n<p class=\"has-small-font-size\"><\/p>\n\n\n\n<div style=\"height:20px\" aria-hidden=\"true\" class=\"wp-block-spacer\"><\/div>\n\n\n<div class=\"content-page-list-ctn\">\n    <h4 class=\"title\"><\/h4>\n    <div class=\"featured-cta-ctn -trio\">\n                    <div class=\"item jsBlockLink\">\n                <div class=\"image\">\n                                            <img decoding=\"async\" src=\"https:\/\/dev.inrs.ca\/wp-content\/uploads\/2021\/03\/unites-mixtes-de-recherche-inrs-1000x780-1-600x400.jpg\" alt=\"Joint Research Units\">\n                                    <\/div>\n                <div class=\"info\">\n                    <a class=\"link\" href=\"\/en\/research\/joint-research-units\/\">Joint Research Units<\/a>\n                <\/div>\n            <\/div>\n                    <div class=\"item jsBlockLink\">\n                <div class=\"image\">\n                                            <img decoding=\"async\" src=\"https:\/\/dev.inrs.ca\/wp-content\/uploads\/2020\/06\/inrs-innover-par-la-recherche-600x400.jpg\" alt=\"Innovating Through Research\">\n                                    <\/div>\n                <div class=\"info\">\n                    <a class=\"link\" href=\"\/en\/research\/innovating-through-research\/\">Innovating Through Research<\/a>\n                <\/div>\n            <\/div>\n                    <div class=\"item jsBlockLink\">\n                <div class=\"image\">\n                                            <img decoding=\"async\" src=\"https:\/\/dev.inrs.ca\/wp-content\/uploads\/inrs-decouvrir-en-bref-tour-horizon-1-600x400.jpg\" alt=\"INRS, a Unique Academic Institution\">\n                                    <\/div>\n                <div class=\"info\">\n                    <a class=\"link\" href=\"\/en\/inrs\/a-unique-teaching-and-research-institute\/\">INRS, a Unique Academic Institution<\/a>\n                <\/div>\n            <\/div>\n            <\/div>\n<\/div>","protected":false},"excerpt":{"rendered":"<p>Institut national de la recherche scientifique (INRS) and Universit\u00e9 du Qu\u00e9bec en Outaouais (UQO) are developing a joint research unit (UMR) in cybersecurity.<\/p>\n","protected":false},"author":3,"featured_media":72807,"parent":21773,"menu_order":0,"comment_status":"closed","ping_status":"closed","template":"templates\/research-infrastructure.php","meta":{"_acf_changed":false,"footnotes":""},"page_type":[1214],"wf_page_folders":[117],"class_list":["post-72803","page","type-page","status-publish","has-post-thumbnail","hentry","page_type-chair-research-group"],"acf":[],"yoast_head":"<!-- This site is optimized with the Yoast SEO Premium plugin v24.6 (Yoast SEO v24.6) - https:\/\/yoast.com\/wordpress\/plugins\/seo\/ -->\n<title>INRS | INRS-UQO Joint Research Unit in Cybersecurity<\/title>\n<meta name=\"description\" content=\"The Institut national de la recherche scientifique (INRS) and Universit\u00e9 du Qu\u00e9bec en Outaouais (UQO) are developing a joint research unit (UMR) in cybersecurity.\" \/>\n<meta name=\"robots\" content=\"noindex, follow, max-snippet:-1, max-image-preview:large, max-video-preview:-1\" \/>\n<meta property=\"og:locale\" content=\"en_US\" \/>\n<meta property=\"og:type\" content=\"article\" \/>\n<meta property=\"og:title\" content=\"INRS | INRS-UQO Joint Research Unit in Cybersecurity\" \/>\n<meta property=\"og:description\" content=\"The Institut national de la recherche scientifique (INRS) and Universit\u00e9 du Qu\u00e9bec en Outaouais (UQO) are developing a joint research unit (UMR) in cybersecurity.\" \/>\n<meta property=\"og:url\" content=\"https:\/\/dev.inrs.ca\/en\/research\/research-chairs-groups-and-networks\/find-research-chair-group-or-network\/inrs-uqo-joint-research-unit-in-cybersecurity\/\" \/>\n<meta property=\"og:site_name\" content=\"INRS\" \/>\n<meta property=\"article:publisher\" content=\"https:\/\/www.facebook.com\/inrsciences\/\" \/>\n<meta property=\"article:modified_time\" content=\"2021-09-21T12:48:47+00:00\" \/>\n<meta property=\"og:image\" content=\"https:\/\/dev.inrs.ca\/wp-content\/uploads\/2021\/03\/cybersecurite-unite-mixte-recherche-inrs-uqo.jpeg\" \/>\n\t<meta property=\"og:image:width\" content=\"1000\" \/>\n\t<meta property=\"og:image:height\" content=\"664\" \/>\n\t<meta property=\"og:image:type\" content=\"image\/jpeg\" \/>\n<meta name=\"twitter:card\" content=\"summary_large_image\" \/>\n<meta name=\"twitter:site\" content=\"@inrsciences\" \/>\n<meta name=\"twitter:label1\" content=\"Est. reading time\" \/>\n\t<meta name=\"twitter:data1\" content=\"2 minutes\" \/>\n<script type=\"application\/ld+json\" class=\"yoast-schema-graph\">{\"@context\":\"https:\/\/schema.org\",\"@graph\":[{\"@type\":\"WebPage\",\"@id\":\"https:\/\/dev.inrs.ca\/en\/research\/research-chairs-groups-and-networks\/find-research-chair-group-or-network\/inrs-uqo-joint-research-unit-in-cybersecurity\/\",\"url\":\"https:\/\/dev.inrs.ca\/en\/research\/research-chairs-groups-and-networks\/find-research-chair-group-or-network\/inrs-uqo-joint-research-unit-in-cybersecurity\/\",\"name\":\"INRS | INRS-UQO Joint Research Unit in Cybersecurity\",\"isPartOf\":{\"@id\":\"https:\/\/dev.inrs.ca\/en\/#website\"},\"primaryImageOfPage\":{\"@id\":\"https:\/\/dev.inrs.ca\/en\/research\/research-chairs-groups-and-networks\/find-research-chair-group-or-network\/inrs-uqo-joint-research-unit-in-cybersecurity\/#primaryimage\"},\"image\":{\"@id\":\"https:\/\/dev.inrs.ca\/en\/research\/research-chairs-groups-and-networks\/find-research-chair-group-or-network\/inrs-uqo-joint-research-unit-in-cybersecurity\/#primaryimage\"},\"thumbnailUrl\":\"https:\/\/dev.inrs.ca\/wp-content\/uploads\/2021\/03\/cybersecurite-unite-mixte-recherche-inrs-uqo.jpeg\",\"datePublished\":\"2021-09-08T20:13:09+00:00\",\"dateModified\":\"2021-09-21T12:48:47+00:00\",\"description\":\"The Institut national de la recherche scientifique (INRS) and Universit\u00e9 du Qu\u00e9bec en Outaouais (UQO) are developing a joint research unit (UMR) in cybersecurity.\",\"breadcrumb\":{\"@id\":\"https:\/\/dev.inrs.ca\/en\/research\/research-chairs-groups-and-networks\/find-research-chair-group-or-network\/inrs-uqo-joint-research-unit-in-cybersecurity\/#breadcrumb\"},\"inLanguage\":\"en-CA\",\"potentialAction\":[{\"@type\":\"ReadAction\",\"target\":[\"https:\/\/dev.inrs.ca\/en\/research\/research-chairs-groups-and-networks\/find-research-chair-group-or-network\/inrs-uqo-joint-research-unit-in-cybersecurity\/\"]}]},{\"@type\":\"ImageObject\",\"inLanguage\":\"en-CA\",\"@id\":\"https:\/\/dev.inrs.ca\/en\/research\/research-chairs-groups-and-networks\/find-research-chair-group-or-network\/inrs-uqo-joint-research-unit-in-cybersecurity\/#primaryimage\",\"url\":\"https:\/\/dev.inrs.ca\/wp-content\/uploads\/2021\/03\/cybersecurite-unite-mixte-recherche-inrs-uqo.jpeg\",\"contentUrl\":\"https:\/\/dev.inrs.ca\/wp-content\/uploads\/2021\/03\/cybersecurite-unite-mixte-recherche-inrs-uqo.jpeg\",\"width\":1000,\"height\":664,\"caption\":\"Cyber security concept businessman Lock on digital screen, contrast, virtual screen with a consultant doing presentation in the background Closed Padlock on digital, cyber security, key\"},{\"@type\":\"BreadcrumbList\",\"@id\":\"https:\/\/dev.inrs.ca\/en\/research\/research-chairs-groups-and-networks\/find-research-chair-group-or-network\/inrs-uqo-joint-research-unit-in-cybersecurity\/#breadcrumb\",\"itemListElement\":[{\"@type\":\"ListItem\",\"position\":1,\"name\":\"Research\",\"item\":\"https:\/\/dev.inrs.ca\/la-recherche\/\"},{\"@type\":\"ListItem\",\"position\":2,\"name\":\"Research chairs, groups, and networks\",\"item\":\"https:\/\/dev.inrs.ca\/la-recherche\/chaires-groupes-et-reseaux-de-recherche\/\"},{\"@type\":\"ListItem\",\"position\":3,\"name\":\"Find a research chair, group, or network\",\"item\":\"https:\/\/dev.inrs.ca\/la-recherche\/chaires-groupes-et-reseaux-de-recherche\/repertoire-des-chaires-groupes-et-reseaux-de-recherche\/\"},{\"@type\":\"ListItem\",\"position\":4,\"name\":\"INRS-UQO Joint Research Unit in Cybersecurity\"}]},{\"@type\":\"WebSite\",\"@id\":\"https:\/\/dev.inrs.ca\/en\/#website\",\"url\":\"https:\/\/dev.inrs.ca\/en\/\",\"name\":\"INRS\",\"description\":\"Institut national de la recherche scientifique\",\"potentialAction\":[{\"@type\":\"SearchAction\",\"target\":{\"@type\":\"EntryPoint\",\"urlTemplate\":\"https:\/\/dev.inrs.ca\/en\/?s={search_term_string}\"},\"query-input\":{\"@type\":\"PropertyValueSpecification\",\"valueRequired\":true,\"valueName\":\"search_term_string\"}}],\"inLanguage\":\"en-CA\"}]}<\/script>\n<!-- \/ Yoast SEO Premium plugin. -->","yoast_head_json":{"title":"INRS | INRS-UQO Joint Research Unit in Cybersecurity","description":"The Institut national de la recherche scientifique (INRS) and Universit\u00e9 du Qu\u00e9bec en Outaouais (UQO) are developing a joint research unit (UMR) in cybersecurity.","robots":{"index":"noindex","follow":"follow","max-snippet":"max-snippet:-1","max-image-preview":"max-image-preview:large","max-video-preview":"max-video-preview:-1"},"og_locale":"en_US","og_type":"article","og_title":"INRS | INRS-UQO Joint Research Unit in Cybersecurity","og_description":"The Institut national de la recherche scientifique (INRS) and Universit\u00e9 du Qu\u00e9bec en Outaouais (UQO) are developing a joint research unit (UMR) in cybersecurity.","og_url":"https:\/\/dev.inrs.ca\/en\/research\/research-chairs-groups-and-networks\/find-research-chair-group-or-network\/inrs-uqo-joint-research-unit-in-cybersecurity\/","og_site_name":"INRS","article_publisher":"https:\/\/www.facebook.com\/inrsciences\/","article_modified_time":"2021-09-21T12:48:47+00:00","og_image":[{"width":1000,"height":664,"url":"https:\/\/dev.inrs.ca\/wp-content\/uploads\/2021\/03\/cybersecurite-unite-mixte-recherche-inrs-uqo.jpeg","type":"image\/jpeg"}],"twitter_card":"summary_large_image","twitter_site":"@inrsciences","twitter_misc":{"Est. reading time":"2 minutes"},"schema":{"@context":"https:\/\/schema.org","@graph":[{"@type":"WebPage","@id":"https:\/\/dev.inrs.ca\/en\/research\/research-chairs-groups-and-networks\/find-research-chair-group-or-network\/inrs-uqo-joint-research-unit-in-cybersecurity\/","url":"https:\/\/dev.inrs.ca\/en\/research\/research-chairs-groups-and-networks\/find-research-chair-group-or-network\/inrs-uqo-joint-research-unit-in-cybersecurity\/","name":"INRS | INRS-UQO Joint Research Unit in Cybersecurity","isPartOf":{"@id":"https:\/\/dev.inrs.ca\/en\/#website"},"primaryImageOfPage":{"@id":"https:\/\/dev.inrs.ca\/en\/research\/research-chairs-groups-and-networks\/find-research-chair-group-or-network\/inrs-uqo-joint-research-unit-in-cybersecurity\/#primaryimage"},"image":{"@id":"https:\/\/dev.inrs.ca\/en\/research\/research-chairs-groups-and-networks\/find-research-chair-group-or-network\/inrs-uqo-joint-research-unit-in-cybersecurity\/#primaryimage"},"thumbnailUrl":"https:\/\/dev.inrs.ca\/wp-content\/uploads\/2021\/03\/cybersecurite-unite-mixte-recherche-inrs-uqo.jpeg","datePublished":"2021-09-08T20:13:09+00:00","dateModified":"2021-09-21T12:48:47+00:00","description":"The Institut national de la recherche scientifique (INRS) and Universit\u00e9 du Qu\u00e9bec en Outaouais (UQO) are developing a joint research unit (UMR) in cybersecurity.","breadcrumb":{"@id":"https:\/\/dev.inrs.ca\/en\/research\/research-chairs-groups-and-networks\/find-research-chair-group-or-network\/inrs-uqo-joint-research-unit-in-cybersecurity\/#breadcrumb"},"inLanguage":"en-CA","potentialAction":[{"@type":"ReadAction","target":["https:\/\/dev.inrs.ca\/en\/research\/research-chairs-groups-and-networks\/find-research-chair-group-or-network\/inrs-uqo-joint-research-unit-in-cybersecurity\/"]}]},{"@type":"ImageObject","inLanguage":"en-CA","@id":"https:\/\/dev.inrs.ca\/en\/research\/research-chairs-groups-and-networks\/find-research-chair-group-or-network\/inrs-uqo-joint-research-unit-in-cybersecurity\/#primaryimage","url":"https:\/\/dev.inrs.ca\/wp-content\/uploads\/2021\/03\/cybersecurite-unite-mixte-recherche-inrs-uqo.jpeg","contentUrl":"https:\/\/dev.inrs.ca\/wp-content\/uploads\/2021\/03\/cybersecurite-unite-mixte-recherche-inrs-uqo.jpeg","width":1000,"height":664,"caption":"Cyber security concept businessman Lock on digital screen, contrast, virtual screen with a consultant doing presentation in the background Closed Padlock on digital, cyber security, key"},{"@type":"BreadcrumbList","@id":"https:\/\/dev.inrs.ca\/en\/research\/research-chairs-groups-and-networks\/find-research-chair-group-or-network\/inrs-uqo-joint-research-unit-in-cybersecurity\/#breadcrumb","itemListElement":[{"@type":"ListItem","position":1,"name":"Research","item":"https:\/\/dev.inrs.ca\/la-recherche\/"},{"@type":"ListItem","position":2,"name":"Research chairs, groups, and networks","item":"https:\/\/dev.inrs.ca\/la-recherche\/chaires-groupes-et-reseaux-de-recherche\/"},{"@type":"ListItem","position":3,"name":"Find a research chair, group, or network","item":"https:\/\/dev.inrs.ca\/la-recherche\/chaires-groupes-et-reseaux-de-recherche\/repertoire-des-chaires-groupes-et-reseaux-de-recherche\/"},{"@type":"ListItem","position":4,"name":"INRS-UQO Joint Research Unit in Cybersecurity"}]},{"@type":"WebSite","@id":"https:\/\/dev.inrs.ca\/en\/#website","url":"https:\/\/dev.inrs.ca\/en\/","name":"INRS","description":"Institut national de la recherche scientifique","potentialAction":[{"@type":"SearchAction","target":{"@type":"EntryPoint","urlTemplate":"https:\/\/dev.inrs.ca\/en\/?s={search_term_string}"},"query-input":{"@type":"PropertyValueSpecification","valueRequired":true,"valueName":"search_term_string"}}],"inLanguage":"en-CA"}]}},"_links":{"self":[{"href":"https:\/\/dev.inrs.ca\/en\/wp-json\/wp\/v2\/pages\/72803","targetHints":{"allow":["GET"]}}],"collection":[{"href":"https:\/\/dev.inrs.ca\/en\/wp-json\/wp\/v2\/pages"}],"about":[{"href":"https:\/\/dev.inrs.ca\/en\/wp-json\/wp\/v2\/types\/page"}],"author":[{"embeddable":true,"href":"https:\/\/dev.inrs.ca\/en\/wp-json\/wp\/v2\/users\/3"}],"replies":[{"embeddable":true,"href":"https:\/\/dev.inrs.ca\/en\/wp-json\/wp\/v2\/comments?post=72803"}],"version-history":[{"count":5,"href":"https:\/\/dev.inrs.ca\/en\/wp-json\/wp\/v2\/pages\/72803\/revisions"}],"predecessor-version":[{"id":74633,"href":"https:\/\/dev.inrs.ca\/en\/wp-json\/wp\/v2\/pages\/72803\/revisions\/74633"}],"up":[{"embeddable":true,"href":"https:\/\/dev.inrs.ca\/en\/wp-json\/wp\/v2\/pages\/21773"}],"wp:featuredmedia":[{"embeddable":true,"href":"https:\/\/dev.inrs.ca\/en\/wp-json\/wp\/v2\/media\/72807"}],"wp:attachment":[{"href":"https:\/\/dev.inrs.ca\/en\/wp-json\/wp\/v2\/media?parent=72803"}],"wp:term":[{"taxonomy":"page_type","embeddable":true,"href":"https:\/\/dev.inrs.ca\/en\/wp-json\/wp\/v2\/page_type?post=72803"},{"taxonomy":"wf_page_folders","embeddable":true,"href":"https:\/\/dev.inrs.ca\/en\/wp-json\/wp\/v2\/wf_page_folders?post=72803"}],"curies":[{"name":"wp","href":"https:\/\/api.w.org\/{rel}","templated":true}]}}