{"id":71893,"date":"2021-09-08T14:57:31","date_gmt":"2021-09-08T18:57:31","guid":{"rendered":"https:\/\/dev.inrs.ca\/?page_id=71893"},"modified":"2021-09-15T08:49:33","modified_gmt":"2021-09-15T12:49:33","slug":"apprentis-chercheurs-program","status":"publish","type":"page","link":"https:\/\/dev.inrs.ca\/en\/studies\/science-communication\/apprentis-chercheurs-program\/","title":{"rendered":"Apprentis chercheurs Program"},"content":{"rendered":"\n<p class=\"has-large-font-size\"><strong>Do you want to share your interest in science and transfer your knowledge? During your graduate studies at INRS, you will have the opportunity to mentor high school students through the Apprentice Researcher (Apprentis chercheurs) program.<\/strong><\/p>\n\n\n\n<div style=\"height:20px\" aria-hidden=\"true\" class=\"wp-block-spacer\"><\/div>\n\n\n\n<div class=\"wp-block-columns is-layout-flex wp-container-core-columns-is-layout-1 wp-block-columns-is-layout-flex\">\n<div class=\"wp-block-column is-layout-flow wp-block-column-is-layout-flow\">\n<h2 class=\"wp-block-heading\">A mentoring opportunity<\/h2>\n\n\n\n<p>Our <a href=\"https:\/\/www.apprentisdev.inrs.ca\/?lang=en&amp;ref=INRS\" target=\"_blank\" rel=\"noreferrer noopener\">Apprentis chercheur<\/a>s program (formerly Apprentis en biosciences) allows INRS students to accompany a high school student in the realization of a research project related to your field of study.<\/p>\n\n\n\n<p>Your role as mentor will be to help a young student conduct a research project related to your field of study.&nbsp; Throughout the week, you will guide your budding scientist and answer their questions. It\u2019s a great way to share your knowledge and passion for science.<\/p>\n\n\n\n<p>The program runs twice each summer, in July and August.<\/p>\n\n\n\n<h3 class=\"wp-block-heading\"><br>Spread your passion of science<\/h3>\n\n\n\n<p>Launched by INRS and the <a href=\"http:\/\/www.musee-afrappier.qc.ca\/en\/index.php?switchlang&amp;page=2100-museum-e\" target=\"_blank\" rel=\"noreferrer noopener\">Armand-Frappier Museum<\/a> in 2002, the program is designed for Secondary 3, 4, and 5 students with an interest in science. It\u2019s a unique opportunity for them to experience university lab research up close. Each participant is matched with a INRS student for a week, based on shared research interests.<\/p>\n\n\n\n<p>A distinctive feature of the program is that high school students are admitted on the basis of based on their interest in science rather than on their shcool grades.<\/p>\n\n\n\n<p>For almost 20 years, the program has been introducing high school students to the world of university research and giving INRS students the opportunity to share their passion of science.<\/p>\n\n\n\n<h3 class=\"wp-block-heading\"><br>Health and advanced technologies<\/h3>\n\n\n\n<p>The program has been offered at the <a href=\"https:\/\/dev.inrs.ca\/en\/inrs\/research-centres\/armand-frappier-sante-biotechnologie-research-centre\/\">Armand-Frappier Sant\u00e9 Biotechnologie Research Centre <\/a>(Laval) since 2002 and, since the summer of 2021, at the <a href=\"https:\/\/dev.inrs.ca\/en\/inrs\/research-centres\/energie-materiaux-telecommunications-research-centre\/\">\u00c9nergie Mat\u00e9riaux T\u00e9l\u00e9communications Research Centre<\/a> (Varennes).<\/p>\n\n\n\n<p>Indeed, after having been devoted more to the biosciences, the program is expanding to other INRS research centres and adding fields of expertise in advanced technologies to its offer to high school students.<\/p>\n<\/div>\n\n\n\n<div class=\"wp-block-column is-layout-flow wp-block-column-is-layout-flow\">\n<blockquote class=\"wp-block-quote is-layout-flow wp-block-quote-is-layout-flow\"><p><span style=\"color:#801336\" class=\"tadv-color\"><strong>Goal #1<\/strong> <\/span>Demystify the scientific research environment and the careers associated with it<\/p><p><span style=\"color:#801336\" class=\"tadv-color\"><strong>Goal #2<\/strong><\/span> Accompany high school students in their reflection on their future path<\/p><p><span style=\"color:#801336\" class=\"tadv-color\"><strong>Goal #3<\/strong><\/span> Maintain and even increase the motivation of young people to pursue their studies through contact with inspiring mentors<\/p><\/blockquote>\n\n\n\n<h2 class=\"wp-block-heading\"><\/h2>\n\n\n\n<div class=\"wp-block-cover has-red-background-color has-background-dim has-custom-content-position is-position-top-center\" style=\"min-height:250px;aspect-ratio:unset;\"><div class=\"wp-block-cover__inner-container is-layout-flow wp-block-cover-is-layout-flow\">\n<p class=\"has-text-align-left has-large-font-size\"><strong>More information<\/strong><\/p>\n\n\n\n<p><strong>If you have any questions about the Apprentis chercheurs program, please contact the coordinator<\/strong>.<\/p>\n\n\n\n<p class=\"has-lighter-color has-text-color\" id=\"block-6f326372-f8d7-42e2-bfb1-aed49a130860\"><span style=\"color:#ffffff\" class=\"tadv-color\">Email:<\/span> <a href=\"mailto:amelie.cote@dev.inrs.ca\"><span style=\"color:#ffffff\" class=\"tadv-color\"><strong>amelie.cote@dev.inrs.ca<\/strong><\/span><\/a><span style=\"color:#ffffff\" class=\"tadv-color\"><strong> <\/strong>or<strong> <\/strong><\/span><a href=\"mailto:apprentis@dev.inrs.ca\"><strong><span style=\"color:#ffffff\" class=\"tadv-color\">apprentis@dev.inrs.ca<\/span><\/strong><\/a><\/p>\n\n\n\n<p class=\"has-lighter-color has-text-color\" id=\"block-6f326372-f8d7-42e2-bfb1-aed49a130860\"><span style=\"color:#ffffff\" class=\"tadv-color\">Phone: <\/span><a href=\"http:\/\/tel.450-687-5010\/\"><span style=\"color:#ffffff\" class=\"tadv-color\"><strong>450-687-5010<\/strong><\/span><\/a> <span style=\"color:#ffffff\" class=\"tadv-color\">ext. 8848<\/span><\/p>\n\n\n\n<div style=\"height:20px\" aria-hidden=\"true\" class=\"wp-block-spacer\"><\/div>\n\n\n\n<div class=\"wp-block-buttons is-layout-flex wp-block-buttons-is-layout-flex\">\n<div class=\"wp-block-button\"><a class=\"wp-block-button__link has-lighter-background-color has-background\" href=\"https:\/\/www.apprentisdev.inrs.ca\/?lang=en&amp;ref=INRS\" target=\"_blank\" rel=\"noreferrer noopener\">APPRENTIS CHERCHEURS website<\/a><\/div>\n<\/div>\n<\/div><\/div>\n<\/div>\n<\/div>\n\n\n\n<div class=\"wp-block-cover has-darker-background-color has-background-dim\"><div class=\"wp-block-cover__inner-container is-layout-flow wp-block-cover-is-layout-flow\">\n<p class=\"has-text-align-left is-style-fjalla\" style=\"font-size:clamp(24.034px, 1.502rem + ((1vw - 3.2px) * 1.924), 40px);px\">Several areas of research to discover:<\/p>\n\n\n\n<div class=\"wp-block-columns is-layout-flex wp-container-core-columns-is-layout-2 wp-block-columns-is-layout-flex\">\n<div class=\"wp-block-column is-layout-flow wp-block-column-is-layout-flow\">\n<ul id=\"block-575c9a15-2dc8-4ff3-82b5-6523aac8d95c\" class=\"has-large-font-size wp-block-list\"><li><span style=\"color:#ffffff\" class=\"tadv-color\"><strong>Biomedical Applications<\/strong><\/span><\/li><li><span style=\"color:#ffffff\" class=\"tadv-color\"><strong>Molecular Biology<\/strong><\/span><\/li><li><span style=\"color:#ffffff\" class=\"tadv-color\"><strong>Electrochemistry<\/strong><\/span><\/li><li><span style=\"color:#ffffff\" class=\"tadv-color\"><strong>Genetics<\/strong><\/span><\/li><li><span style=\"color:#ffffff\" class=\"tadv-color\"><strong>Immunology<\/strong><\/span><\/li><li><span style=\"color:#ffffff\" class=\"tadv-color\"><strong>Infectious Diseases<\/strong><\/span><\/li><\/ul>\n<\/div>\n\n\n\n<div class=\"wp-block-column is-layout-flow wp-block-column-is-layout-flow\">\n<ul id=\"block-575c9a15-2dc8-4ff3-82b5-6523aac8d95c\" class=\"has-large-font-size wp-block-list\"><li><span style=\"color:#ffffff\" class=\"tadv-color\"><strong>Microbiology<\/strong><\/span><\/li><li><span style=\"color:#ffffff\" class=\"tadv-color\"><strong>Optics<\/strong><\/span><\/li><li><span style=\"color:#ffffff\" class=\"tadv-color\"><strong>Photonics<\/strong><\/span><\/li><li><span style=\"color:#ffffff\" class=\"tadv-color\"><strong>Telecommunications<\/strong><\/span><\/li><li><span style=\"color:#ffffff\" class=\"tadv-color\"><strong>Toxicolog<\/strong>y<\/span><\/li><li><span style=\"color:#ffffff\" class=\"tadv-color\"><strong>Virolog<\/strong>y<\/span><\/li><\/ul>\n<\/div>\n<\/div>\n<\/div><\/div>\n\n\n\n<figure class=\"wp-block-gallery columns-3 is-cropped wp-block-gallery-2 is-layout-flex wp-block-gallery-is-layout-flex\"><ul class=\"blocks-gallery-grid\"><li class=\"blocks-gallery-item\"><figure><img loading=\"lazy\" decoding=\"async\" width=\"1000\" height=\"666\" src=\"https:\/\/dev.inrs.ca\/wp-content\/uploads\/2020\/09\/Etudes-inrs-mentorat-etudiants-programme-apprentis.jpg\" alt=\"\" data-id=\"24569\" data-full-url=\"https:\/\/dev.inrs.ca\/wp-content\/uploads\/2020\/09\/Etudes-inrs-mentorat-etudiants-programme-apprentis.jpg\" data-link=\"https:\/\/dev.inrs.ca\/en\/studies\/attachment\/etudes-inrs-mentorat-etudiants-programme-apprentis-2\/\" class=\"wp-image-24569\" srcset=\"https:\/\/dev.inrs.ca\/wp-content\/uploads\/2020\/09\/Etudes-inrs-mentorat-etudiants-programme-apprentis.jpg 1000w, https:\/\/dev.inrs.ca\/wp-content\/uploads\/2020\/09\/Etudes-inrs-mentorat-etudiants-programme-apprentis-300x200.jpg 300w, https:\/\/dev.inrs.ca\/wp-content\/uploads\/2020\/09\/Etudes-inrs-mentorat-etudiants-programme-apprentis-768x511.jpg 768w, https:\/\/dev.inrs.ca\/wp-content\/uploads\/2020\/09\/Etudes-inrs-mentorat-etudiants-programme-apprentis-600x400.jpg 600w\" sizes=\"auto, (max-width: 1000px) 100vw, 1000px\" \/><\/figure><\/li><li class=\"blocks-gallery-item\"><figure><img loading=\"lazy\" decoding=\"async\" width=\"1024\" height=\"763\" src=\"https:\/\/dev.inrs.ca\/wp-content\/uploads\/2020\/09\/2011-Ahmad-parrain-et-Nivatha-apprentie-1024x763.jpg\" alt=\"Plus de 15 ans \u00e0 \u00e9veiller la passion des jeunes pour la recherche scientifique\" data-id=\"24246\" data-full-url=\"https:\/\/dev.inrs.ca\/wp-content\/uploads\/2020\/09\/2011-Ahmad-parrain-et-Nivatha-apprentie.jpg\" data-link=\"https:\/\/dev.inrs.ca\/2011-ahmad-parrain-et-nivatha-apprentie-2\/\" class=\"wp-image-24246\" srcset=\"https:\/\/dev.inrs.ca\/wp-content\/uploads\/2020\/09\/2011-Ahmad-parrain-et-Nivatha-apprentie-1024x763.jpg 1024w, https:\/\/dev.inrs.ca\/wp-content\/uploads\/2020\/09\/2011-Ahmad-parrain-et-Nivatha-apprentie-300x223.jpg 300w, https:\/\/dev.inrs.ca\/wp-content\/uploads\/2020\/09\/2011-Ahmad-parrain-et-Nivatha-apprentie-768x572.jpg 768w, https:\/\/dev.inrs.ca\/wp-content\/uploads\/2020\/09\/2011-Ahmad-parrain-et-Nivatha-apprentie.jpg 1031w\" sizes=\"auto, (max-width: 1024px) 100vw, 1024px\" \/><\/figure><\/li><li class=\"blocks-gallery-item\"><figure><img loading=\"lazy\" decoding=\"async\" width=\"1024\" height=\"768\" src=\"https:\/\/dev.inrs.ca\/wp-content\/uploads\/Josianne-apprentie-et-Marc-parrain-apprentisbiosciences.jpg\" alt=\"\" data-id=\"72771\" data-full-url=\"https:\/\/dev.inrs.ca\/wp-content\/uploads\/Josianne-apprentie-et-Marc-parrain-apprentisbiosciences.jpg\" data-link=\"https:\/\/dev.inrs.ca\/en\/studies\/science-communication\/apprentis-chercheurs-program\/attachment\/josianne-apprentie-et-marc-parrain-apprentisbiosciences\/\" class=\"wp-image-72771\" srcset=\"https:\/\/dev.inrs.ca\/wp-content\/uploads\/Josianne-apprentie-et-Marc-parrain-apprentisbiosciences.jpg 1024w, https:\/\/dev.inrs.ca\/wp-content\/uploads\/Josianne-apprentie-et-Marc-parrain-apprentisbiosciences-300x225.jpg 300w, https:\/\/dev.inrs.ca\/wp-content\/uploads\/Josianne-apprentie-et-Marc-parrain-apprentisbiosciences-768x576.jpg 768w\" sizes=\"auto, (max-width: 1024px) 100vw, 1024px\" \/><\/figure><\/li><li class=\"blocks-gallery-item\"><figure><img loading=\"lazy\" decoding=\"async\" width=\"1024\" height=\"682\" src=\"https:\/\/dev.inrs.ca\/wp-content\/uploads\/2020\/07\/INRS-Recherche-Vulgarisation-scientifiaue-Apprentis-Biosciences-1024x682.jpg\" alt=\"Apprentis en biosciences\" data-id=\"12333\" data-full-url=\"https:\/\/dev.inrs.ca\/wp-content\/uploads\/2020\/07\/INRS-Recherche-Vulgarisation-scientifiaue-Apprentis-Biosciences.jpg\" data-link=\"https:\/\/dev.inrs.ca\/en\/studies\/science-communication\/attachment\/inrs-recherche-vulgarisation-scientifiaue-apprentis-biosciences-2\/\" class=\"wp-image-12333\" srcset=\"https:\/\/dev.inrs.ca\/wp-content\/uploads\/2020\/07\/INRS-Recherche-Vulgarisation-scientifiaue-Apprentis-Biosciences-1024x682.jpg 1024w, https:\/\/dev.inrs.ca\/wp-content\/uploads\/2020\/07\/INRS-Recherche-Vulgarisation-scientifiaue-Apprentis-Biosciences-300x200.jpg 300w, https:\/\/dev.inrs.ca\/wp-content\/uploads\/2020\/07\/INRS-Recherche-Vulgarisation-scientifiaue-Apprentis-Biosciences-768x511.jpg 768w, https:\/\/dev.inrs.ca\/wp-content\/uploads\/2020\/07\/INRS-Recherche-Vulgarisation-scientifiaue-Apprentis-Biosciences-600x400.jpg 600w, https:\/\/dev.inrs.ca\/wp-content\/uploads\/2020\/07\/INRS-Recherche-Vulgarisation-scientifiaue-Apprentis-Biosciences.jpg 1122w\" sizes=\"auto, (max-width: 1024px) 100vw, 1024px\" \/><\/figure><\/li><li class=\"blocks-gallery-item\"><figure><img loading=\"lazy\" decoding=\"async\" width=\"1024\" height=\"682\" src=\"https:\/\/dev.inrs.ca\/wp-content\/uploads\/Recherche-laboratoire-photonique-IR-et-THz-2-inrs-1024x682-1.jpg\" alt=\"\" data-id=\"72770\" data-full-url=\"https:\/\/dev.inrs.ca\/wp-content\/uploads\/Recherche-laboratoire-photonique-IR-et-THz-2-inrs-1024x682-1.jpg\" data-link=\"https:\/\/dev.inrs.ca\/en\/studies\/science-communication\/apprentis-chercheurs-program\/attachment\/recherche-laboratoire-photonique-ir-et-thz-2-inrs-1024x682\/\" class=\"wp-image-72770\" srcset=\"https:\/\/dev.inrs.ca\/wp-content\/uploads\/Recherche-laboratoire-photonique-IR-et-THz-2-inrs-1024x682-1.jpg 1024w, https:\/\/dev.inrs.ca\/wp-content\/uploads\/Recherche-laboratoire-photonique-IR-et-THz-2-inrs-1024x682-1-300x200.jpg 300w, https:\/\/dev.inrs.ca\/wp-content\/uploads\/Recherche-laboratoire-photonique-IR-et-THz-2-inrs-1024x682-1-768x512.jpg 768w, https:\/\/dev.inrs.ca\/wp-content\/uploads\/Recherche-laboratoire-photonique-IR-et-THz-2-inrs-1024x682-1-600x400.jpg 600w\" sizes=\"auto, (max-width: 1024px) 100vw, 1024px\" \/><\/figure><\/li><\/ul><\/figure>\n\n\n\n<div class=\"wp-block-cover has-red-background-color has-background-dim\"><div class=\"wp-block-cover__inner-container is-layout-flow wp-block-cover-is-layout-flow\">\n<p class=\"has-drop-cap has-text-align-left\" style=\"font-size:clamp(18.959px, 1.185rem + ((1vw - 3.2px) * 1.33), 30px);px\">Over the years, the Bioscience Apprentices program has often been the spark that has encouraged young people to undertake postsecondary studies in science. We often see students who have participated in the program start their master\u2019s at INRS once they\u2019ve completed their bachelor\u2019s.&nbsp;<\/p>\n<\/div><\/div>\n\n\n<div class=\"content-page-list-ctn\">\n    <h4 class=\"title\"><\/h4>\n    <div class=\"featured-cta-ctn -trio\">\n                    <div class=\"item jsBlockLink\">\n                <div class=\"image\">\n                                            <img decoding=\"async\" src=\"https:\/\/dev.inrs.ca\/wp-content\/uploads\/visuel-inrs-stages-600x400.png\" alt=\"Undergraduate Summer Research Internships\">\n                                    <\/div>\n                <div class=\"info\">\n                    <a class=\"link\" href=\"\/en\/studies\/research-internships\/undergraduate-summer-research-internships\/\">Undergraduate Summer Research Internships<\/a>\n                <\/div>\n            <\/div>\n                    <div class=\"item jsBlockLink\">\n                <div class=\"image\">\n                                            <img decoding=\"async\" src=\"https:\/\/dev.inrs.ca\/wp-content\/uploads\/2020\/08\/Maria-Eugenia-Long-professeure-et-ses-etudiants-inrs-600x400.jpg\" alt=\"Graduate Programs\">\n                                    <\/div>\n                <div class=\"info\">\n                    <a class=\"link\" href=\"\/en\/studies\/graduate-programs\/\">Graduate Programs<\/a>\n                <\/div>\n            <\/div>\n                    <div class=\"item jsBlockLink\">\n                <div class=\"image\">\n                                            <img decoding=\"async\" src=\"https:\/\/dev.inrs.ca\/wp-content\/uploads\/2020\/11\/analyse-des-perturbateurs-endocriniens-a-l-INRS-600x400.png\" alt=\"Training Through Research\">\n                                    <\/div>\n                <div class=\"info\">\n                    <a class=\"link\" href=\"\/en\/studies\/training-through-research\/\">Training Through Research<\/a>\n                <\/div>\n            <\/div>\n            <\/div>\n<\/div>","protected":false},"excerpt":{"rendered":"<p>Do you want to share your interest in science and transfer your knowledge? During your graduate studies at INRS, you will have the opportunity to mentor high school students through the Apprentice Researcher (Apprentis chercheurs) program. A mentoring opportunity Our Apprentis chercheurs program (formerly Apprentis en biosciences) allows INRS students to accompany a high school [&hellip;]<\/p>\n","protected":false},"author":3,"featured_media":72069,"parent":13339,"menu_order":0,"comment_status":"closed","ping_status":"closed","template":"templates\/research-infrastructure.php","meta":{"_acf_changed":false,"footnotes":""},"page_type":[],"wf_page_folders":[],"class_list":["post-71893","page","type-page","status-publish","has-post-thumbnail","hentry"],"acf":[],"yoast_head":"<!-- This site is optimized with the Yoast SEO Premium plugin v24.6 (Yoast SEO v24.6) - https:\/\/yoast.com\/wordpress\/plugins\/seo\/ -->\n<title>Apprentis chercheurs Program | INRS<\/title>\n<meta name=\"robots\" content=\"noindex, follow, max-snippet:-1, max-image-preview:large, max-video-preview:-1\" \/>\n<meta property=\"og:locale\" content=\"en_US\" \/>\n<meta property=\"og:type\" content=\"article\" \/>\n<meta property=\"og:title\" content=\"Apprentis chercheurs Program | INRS\" \/>\n<meta property=\"og:description\" content=\"Do you want to share your interest in science and transfer your knowledge? During your graduate studies at INRS, you will have the opportunity to mentor high school students through the Apprentice Researcher (Apprentis chercheurs) program. A mentoring opportunity Our Apprentis chercheurs program (formerly Apprentis en biosciences) allows INRS students to accompany a high school [&hellip;]\" \/>\n<meta property=\"og:url\" content=\"https:\/\/dev.inrs.ca\/en\/studies\/science-communication\/apprentis-chercheurs-program\/\" \/>\n<meta property=\"og:site_name\" content=\"INRS\" \/>\n<meta property=\"article:publisher\" content=\"https:\/\/www.facebook.com\/inrsciences\/\" \/>\n<meta property=\"article:modified_time\" content=\"2021-09-15T12:49:33+00:00\" \/>\n<meta property=\"og:image\" content=\"https:\/\/dev.inrs.ca\/wp-content\/uploads\/ApprentisVirtuel-Web.jpg\" \/>\n\t<meta property=\"og:image:width\" content=\"1200\" \/>\n\t<meta property=\"og:image:height\" content=\"800\" \/>\n\t<meta property=\"og:image:type\" content=\"image\/jpeg\" \/>\n<meta name=\"twitter:card\" content=\"summary_large_image\" \/>\n<meta name=\"twitter:site\" content=\"@inrsciences\" \/>\n<meta name=\"twitter:label1\" content=\"Est. reading time\" \/>\n\t<meta name=\"twitter:data1\" content=\"2 minutes\" \/>\n<script type=\"application\/ld+json\" class=\"yoast-schema-graph\">{\"@context\":\"https:\/\/schema.org\",\"@graph\":[{\"@type\":\"WebPage\",\"@id\":\"https:\/\/dev.inrs.ca\/en\/studies\/science-communication\/apprentis-chercheurs-program\/\",\"url\":\"https:\/\/dev.inrs.ca\/en\/studies\/science-communication\/apprentis-chercheurs-program\/\",\"name\":\"Apprentis chercheurs Program | INRS\",\"isPartOf\":{\"@id\":\"https:\/\/dev.inrs.ca\/en\/#website\"},\"primaryImageOfPage\":{\"@id\":\"https:\/\/dev.inrs.ca\/en\/studies\/science-communication\/apprentis-chercheurs-program\/#primaryimage\"},\"image\":{\"@id\":\"https:\/\/dev.inrs.ca\/en\/studies\/science-communication\/apprentis-chercheurs-program\/#primaryimage\"},\"thumbnailUrl\":\"https:\/\/dev.inrs.ca\/wp-content\/uploads\/ApprentisVirtuel-Web.jpg\",\"datePublished\":\"2021-09-08T18:57:31+00:00\",\"dateModified\":\"2021-09-15T12:49:33+00:00\",\"breadcrumb\":{\"@id\":\"https:\/\/dev.inrs.ca\/en\/studies\/science-communication\/apprentis-chercheurs-program\/#breadcrumb\"},\"inLanguage\":\"en-CA\",\"potentialAction\":[{\"@type\":\"ReadAction\",\"target\":[\"https:\/\/dev.inrs.ca\/en\/studies\/science-communication\/apprentis-chercheurs-program\/\"]}]},{\"@type\":\"ImageObject\",\"inLanguage\":\"en-CA\",\"@id\":\"https:\/\/dev.inrs.ca\/en\/studies\/science-communication\/apprentis-chercheurs-program\/#primaryimage\",\"url\":\"https:\/\/dev.inrs.ca\/wp-content\/uploads\/ApprentisVirtuel-Web.jpg\",\"contentUrl\":\"https:\/\/dev.inrs.ca\/wp-content\/uploads\/ApprentisVirtuel-Web.jpg\",\"width\":1200,\"height\":800},{\"@type\":\"BreadcrumbList\",\"@id\":\"https:\/\/dev.inrs.ca\/en\/studies\/science-communication\/apprentis-chercheurs-program\/#breadcrumb\",\"itemListElement\":[{\"@type\":\"ListItem\",\"position\":1,\"name\":\"Studies\",\"item\":\"https:\/\/dev.inrs.ca\/les-etudes\/\"},{\"@type\":\"ListItem\",\"position\":2,\"name\":\"Science Communication\",\"item\":\"https:\/\/dev.inrs.ca\/les-etudes\/vulgarisation-scientifique\/\"},{\"@type\":\"ListItem\",\"position\":3,\"name\":\"Apprentis chercheurs Program\"}]},{\"@type\":\"WebSite\",\"@id\":\"https:\/\/dev.inrs.ca\/en\/#website\",\"url\":\"https:\/\/dev.inrs.ca\/en\/\",\"name\":\"INRS\",\"description\":\"Institut national de la recherche scientifique\",\"potentialAction\":[{\"@type\":\"SearchAction\",\"target\":{\"@type\":\"EntryPoint\",\"urlTemplate\":\"https:\/\/dev.inrs.ca\/en\/?s={search_term_string}\"},\"query-input\":{\"@type\":\"PropertyValueSpecification\",\"valueRequired\":true,\"valueName\":\"search_term_string\"}}],\"inLanguage\":\"en-CA\"}]}<\/script>\n<!-- \/ Yoast SEO Premium plugin. -->","yoast_head_json":{"title":"Apprentis chercheurs Program | INRS","robots":{"index":"noindex","follow":"follow","max-snippet":"max-snippet:-1","max-image-preview":"max-image-preview:large","max-video-preview":"max-video-preview:-1"},"og_locale":"en_US","og_type":"article","og_title":"Apprentis chercheurs Program | INRS","og_description":"Do you want to share your interest in science and transfer your knowledge? During your graduate studies at INRS, you will have the opportunity to mentor high school students through the Apprentice Researcher (Apprentis chercheurs) program. A mentoring opportunity Our Apprentis chercheurs program (formerly Apprentis en biosciences) allows INRS students to accompany a high school [&hellip;]","og_url":"https:\/\/dev.inrs.ca\/en\/studies\/science-communication\/apprentis-chercheurs-program\/","og_site_name":"INRS","article_publisher":"https:\/\/www.facebook.com\/inrsciences\/","article_modified_time":"2021-09-15T12:49:33+00:00","og_image":[{"width":1200,"height":800,"url":"https:\/\/dev.inrs.ca\/wp-content\/uploads\/ApprentisVirtuel-Web.jpg","type":"image\/jpeg"}],"twitter_card":"summary_large_image","twitter_site":"@inrsciences","twitter_misc":{"Est. reading time":"2 minutes"},"schema":{"@context":"https:\/\/schema.org","@graph":[{"@type":"WebPage","@id":"https:\/\/dev.inrs.ca\/en\/studies\/science-communication\/apprentis-chercheurs-program\/","url":"https:\/\/dev.inrs.ca\/en\/studies\/science-communication\/apprentis-chercheurs-program\/","name":"Apprentis chercheurs Program | INRS","isPartOf":{"@id":"https:\/\/dev.inrs.ca\/en\/#website"},"primaryImageOfPage":{"@id":"https:\/\/dev.inrs.ca\/en\/studies\/science-communication\/apprentis-chercheurs-program\/#primaryimage"},"image":{"@id":"https:\/\/dev.inrs.ca\/en\/studies\/science-communication\/apprentis-chercheurs-program\/#primaryimage"},"thumbnailUrl":"https:\/\/dev.inrs.ca\/wp-content\/uploads\/ApprentisVirtuel-Web.jpg","datePublished":"2021-09-08T18:57:31+00:00","dateModified":"2021-09-15T12:49:33+00:00","breadcrumb":{"@id":"https:\/\/dev.inrs.ca\/en\/studies\/science-communication\/apprentis-chercheurs-program\/#breadcrumb"},"inLanguage":"en-CA","potentialAction":[{"@type":"ReadAction","target":["https:\/\/dev.inrs.ca\/en\/studies\/science-communication\/apprentis-chercheurs-program\/"]}]},{"@type":"ImageObject","inLanguage":"en-CA","@id":"https:\/\/dev.inrs.ca\/en\/studies\/science-communication\/apprentis-chercheurs-program\/#primaryimage","url":"https:\/\/dev.inrs.ca\/wp-content\/uploads\/ApprentisVirtuel-Web.jpg","contentUrl":"https:\/\/dev.inrs.ca\/wp-content\/uploads\/ApprentisVirtuel-Web.jpg","width":1200,"height":800},{"@type":"BreadcrumbList","@id":"https:\/\/dev.inrs.ca\/en\/studies\/science-communication\/apprentis-chercheurs-program\/#breadcrumb","itemListElement":[{"@type":"ListItem","position":1,"name":"Studies","item":"https:\/\/dev.inrs.ca\/les-etudes\/"},{"@type":"ListItem","position":2,"name":"Science Communication","item":"https:\/\/dev.inrs.ca\/les-etudes\/vulgarisation-scientifique\/"},{"@type":"ListItem","position":3,"name":"Apprentis chercheurs Program"}]},{"@type":"WebSite","@id":"https:\/\/dev.inrs.ca\/en\/#website","url":"https:\/\/dev.inrs.ca\/en\/","name":"INRS","description":"Institut national de la recherche scientifique","potentialAction":[{"@type":"SearchAction","target":{"@type":"EntryPoint","urlTemplate":"https:\/\/dev.inrs.ca\/en\/?s={search_term_string}"},"query-input":{"@type":"PropertyValueSpecification","valueRequired":true,"valueName":"search_term_string"}}],"inLanguage":"en-CA"}]}},"_links":{"self":[{"href":"https:\/\/dev.inrs.ca\/en\/wp-json\/wp\/v2\/pages\/71893","targetHints":{"allow":["GET"]}}],"collection":[{"href":"https:\/\/dev.inrs.ca\/en\/wp-json\/wp\/v2\/pages"}],"about":[{"href":"https:\/\/dev.inrs.ca\/en\/wp-json\/wp\/v2\/types\/page"}],"author":[{"embeddable":true,"href":"https:\/\/dev.inrs.ca\/en\/wp-json\/wp\/v2\/users\/3"}],"replies":[{"embeddable":true,"href":"https:\/\/dev.inrs.ca\/en\/wp-json\/wp\/v2\/comments?post=71893"}],"version-history":[{"count":5,"href":"https:\/\/dev.inrs.ca\/en\/wp-json\/wp\/v2\/pages\/71893\/revisions"}],"predecessor-version":[{"id":73742,"href":"https:\/\/dev.inrs.ca\/en\/wp-json\/wp\/v2\/pages\/71893\/revisions\/73742"}],"up":[{"embeddable":true,"href":"https:\/\/dev.inrs.ca\/en\/wp-json\/wp\/v2\/pages\/13339"}],"wp:featuredmedia":[{"embeddable":true,"href":"https:\/\/dev.inrs.ca\/en\/wp-json\/wp\/v2\/media\/72069"}],"wp:attachment":[{"href":"https:\/\/dev.inrs.ca\/en\/wp-json\/wp\/v2\/media?parent=71893"}],"wp:term":[{"taxonomy":"page_type","embeddable":true,"href":"https:\/\/dev.inrs.ca\/en\/wp-json\/wp\/v2\/page_type?post=71893"},{"taxonomy":"wf_page_folders","embeddable":true,"href":"https:\/\/dev.inrs.ca\/en\/wp-json\/wp\/v2\/wf_page_folders?post=71893"}],"curies":[{"name":"wp","href":"https:\/\/api.w.org\/{rel}","templated":true}]}}