{"id":62098,"date":"2021-07-27T11:50:22","date_gmt":"2021-07-27T15:50:22","guid":{"rendered":"https:\/\/dev.inrs.ca\/?page_id=62098"},"modified":"2021-07-27T12:06:14","modified_gmt":"2021-07-27T16:06:14","slug":"equity-diversity-and-inclusion","status":"publish","type":"page","link":"https:\/\/dev.inrs.ca\/en\/research\/research-and-commercialization\/equity-diversity-and-inclusion\/","title":{"rendered":"Equity, Diversity, and Inclusion"},"content":{"rendered":"\n<p class=\"is-style-default has-large-font-size\"><strong>INRS strives to make sure that everyone in its community feels respected and valued by promoting an equitable, diverse, and inclusive environment for all.<\/strong><\/p>\n\n\n\n<div style=\"height:20px\" aria-hidden=\"true\" class=\"wp-block-spacer\"><\/div>\n\n\n\n<p>INRS&#8217;s understands that it\u2019s important to embrace diversity in all its forms\u2014race, colour, place of origin, religion, immigration or Indigenous status, ethnicity, ability, sex, sexual orientation, gender identity, and age\u2014within its community.<\/p>\n\n\n\n<p class=\"is-style-default\">It is also aware that these groups are more likely to be discriminated against in the recruitment, selection, and appointment process for Canada Research Chairs and other research activities within the institution.<\/p>\n\n\n\n<p class=\"is-style-default\">It is also committed to gender equity and meets its legal obligations in that regard. It sets clear objectives to promote equity for everyone (including women, Indigenous persons, visible minorities, and persons with disabilities) based on the <em>Employment Equity Act<\/em>, not only in recruitment, but also in appointments to Canada Research Chairs and in activities that are closely related to INRS\u2019s <a href=\"https:\/\/dev.inrs.ca\/en\/inrs\/strategic-planning\/\">mission<\/a>.<\/p>\n\n\n\n<div style=\"height:20px\" aria-hidden=\"true\" class=\"wp-block-spacer\"><\/div>\n\n\n\n<div class=\"wp-block-media-text alignwide is-stacked-on-mobile is-image-fill has-background\" style=\"background:linear-gradient(26deg,rgb(239,239,239) 0%,rgb(229,229,229) 100%);grid-template-columns:40% auto\"><figure class=\"wp-block-media-text__media\" style=\"background-image:url(https:\/\/dev.inrs.ca\/wp-content\/uploads\/2020\/05\/Recherche-laboratoire-Ecotoxicogenomique-Perturbation-Endocrinienne-1-inrs-1024x682.jpg);background-position:50% 50%\"><img loading=\"lazy\" decoding=\"async\" width=\"1024\" height=\"682\" src=\"https:\/\/dev.inrs.ca\/wp-content\/uploads\/2020\/05\/Recherche-laboratoire-Ecotoxicogenomique-Perturbation-Endocrinienne-1-inrs-1024x682.jpg\" alt=\"\u00c9quipe du Laboratoire d\u2019\u00e9lectrotechnologies environnementales et proc\u00e9d\u00e9s oxydatifs de l'INRS\" class=\"wp-image-11833 size-full\" srcset=\"https:\/\/dev.inrs.ca\/wp-content\/uploads\/2020\/05\/Recherche-laboratoire-Ecotoxicogenomique-Perturbation-Endocrinienne-1-inrs-1024x682.jpg 1024w, https:\/\/dev.inrs.ca\/wp-content\/uploads\/2020\/05\/Recherche-laboratoire-Ecotoxicogenomique-Perturbation-Endocrinienne-1-inrs-300x200.jpg 300w, https:\/\/dev.inrs.ca\/wp-content\/uploads\/2020\/05\/Recherche-laboratoire-Ecotoxicogenomique-Perturbation-Endocrinienne-1-inrs-768x512.jpg 768w, https:\/\/dev.inrs.ca\/wp-content\/uploads\/2020\/05\/Recherche-laboratoire-Ecotoxicogenomique-Perturbation-Endocrinienne-1-inrs-1536x1024.jpg 1536w, https:\/\/dev.inrs.ca\/wp-content\/uploads\/2020\/05\/Recherche-laboratoire-Ecotoxicogenomique-Perturbation-Endocrinienne-1-inrs-600x400.jpg 600w, https:\/\/dev.inrs.ca\/wp-content\/uploads\/2020\/05\/Recherche-laboratoire-Ecotoxicogenomique-Perturbation-Endocrinienne-1-inrs.jpg 2000w\" sizes=\"auto, (max-width: 1024px) 100vw, 1024px\" \/><\/figure><div class=\"wp-block-media-text__content\">\n<h2 class=\"wp-block-heading\"><br><strong>Canada Research Chairs<\/strong><\/h2>\n\n\n\n<p>INRS\u2019s goal is to maintain equitable representation of the designated groups in its workforce and adjust its policies and practices for selecting Canada Research Chair candidates accordingly. <a href=\"https:\/\/dev.inrs.ca\/la-recherche\/developpement-et-valorisation-de-la-recherche\/equite-diversite-et-inclusion\/equite-diversite-et-inclusion-en-matiere-de-dotation\/\">Learn more<\/a> (in French only)<\/p>\n\n\n\n<div style=\"height:20px\" aria-hidden=\"true\" class=\"wp-block-spacer\"><\/div>\n<\/div><\/div>\n\n\n\n<blockquote class=\"wp-block-quote is-layout-flow wp-block-quote-is-layout-flow\"><p>INRS&#8217;s recognizes that the contributions of women, Indigenous persons, visible and ethnic minorities, and persons with disabilities are essential to the pursuit of its mission.<\/p><\/blockquote>\n\n\n\n<p>INRS is aware that these groups of people are more likely to be discriminated against in matters such as recruitment, selection and appointment to Canada Research Chairs and other research activities within its institution.<\/p>\n\n\n\n<div style=\"height:20px\" aria-hidden=\"true\" class=\"wp-block-spacer\"><\/div>\n\n\n\n<div class=\"wp-block-media-text alignwide is-stacked-on-mobile is-image-fill has-background\" style=\"background:linear-gradient(26deg,rgb(239,239,239) 0%,rgb(229,229,229) 100%);grid-template-columns:40% auto\"><figure class=\"wp-block-media-text__media\" style=\"background-image:url(https:\/\/dev.inrs.ca\/wp-content\/uploads\/redaction-inclusive-guide-inrs-2.jpeg);background-position:50% 50%\"><img loading=\"lazy\" decoding=\"async\" width=\"1000\" height=\"666\" src=\"https:\/\/dev.inrs.ca\/wp-content\/uploads\/redaction-inclusive-guide-inrs-2.jpeg\" alt=\"Inclusivity redaction writing\" class=\"wp-image-68746 size-full\" srcset=\"https:\/\/dev.inrs.ca\/wp-content\/uploads\/redaction-inclusive-guide-inrs-2.jpeg 1000w, https:\/\/dev.inrs.ca\/wp-content\/uploads\/redaction-inclusive-guide-inrs-2-300x200.jpeg 300w, https:\/\/dev.inrs.ca\/wp-content\/uploads\/redaction-inclusive-guide-inrs-2-768x511.jpeg 768w, https:\/\/dev.inrs.ca\/wp-content\/uploads\/redaction-inclusive-guide-inrs-2-600x400.jpeg 600w\" sizes=\"auto, (max-width: 1000px) 100vw, 1000px\" \/><\/figure><div class=\"wp-block-media-text__content\">\n<h2 class=\"wp-block-heading\"><br><strong>Inclusive writing<\/strong><\/h2>\n\n\n\n<p>The <em>Inclusivement v\u00f4tres! <\/em>guide suggests a number ways to write more egalitarian texts in French that avoid discrimination or prejudice and better represent the INRS community in all its diversity. It includes neutral terms and formulations that are suitable for an academic environment.&nbsp;<strong><a href=\"https:\/\/dev.inrs.ca\/la-recherche\/developpement-et-valorisation-de-la-recherche\/equite-diversite-et-inclusion\/guide-de-redaction-inclusive\/\">Learn more about inclusive writing in French<\/a><\/strong> (available in French only)<\/p>\n\n\n\n<div style=\"height:20px\" aria-hidden=\"true\" class=\"wp-block-spacer\"><\/div>\n\n\n\n<div style=\"height:20px\" aria-hidden=\"true\" class=\"wp-block-spacer\"><\/div>\n<\/div><\/div>\n\n\n\n<div style=\"height:20px\" aria-hidden=\"true\" class=\"wp-block-spacer\"><\/div>\n","protected":false},"excerpt":{"rendered":"<p>INRS strives to make sure that everyone in its community feels respected and valued by promoting an equitable, diverse, and inclusive environment for all.<\/p>\n","protected":false},"author":3,"featured_media":57232,"parent":13273,"menu_order":0,"comment_status":"closed","ping_status":"closed","template":"templates\/research-infrastructure.php","meta":{"_acf_changed":false,"footnotes":""},"page_type":[],"wf_page_folders":[58],"class_list":["post-62098","page","type-page","status-publish","has-post-thumbnail","hentry"],"acf":[],"yoast_head":"<!-- This site is optimized with the Yoast SEO Premium plugin v24.6 (Yoast SEO v24.6) - https:\/\/yoast.com\/wordpress\/plugins\/seo\/ -->\n<title>INRS | Equity, Diversity, and Inclusion | Community<\/title>\n<meta name=\"description\" content=\"INRS strives to make sure that everyone in its community feels respected and valued by promoting an equitable, diverse, and inclusive environment for all.\" \/>\n<meta name=\"robots\" content=\"noindex, follow, max-snippet:-1, max-image-preview:large, max-video-preview:-1\" \/>\n<meta property=\"og:locale\" content=\"en_US\" \/>\n<meta property=\"og:type\" content=\"article\" \/>\n<meta property=\"og:title\" content=\"INRS | Equity, Diversity, and Inclusion | Community\" \/>\n<meta property=\"og:description\" content=\"INRS strives to make sure that everyone in its community feels respected and valued by promoting an equitable, diverse, and inclusive environment for all.\" \/>\n<meta property=\"og:url\" content=\"https:\/\/dev.inrs.ca\/en\/research\/research-and-commercialization\/equity-diversity-and-inclusion\/\" \/>\n<meta property=\"og:site_name\" content=\"INRS\" \/>\n<meta property=\"article:publisher\" content=\"https:\/\/www.facebook.com\/inrsciences\/\" \/>\n<meta property=\"article:modified_time\" content=\"2021-07-27T16:06:14+00:00\" \/>\n<meta property=\"og:image\" content=\"https:\/\/dev.inrs.ca\/wp-content\/uploads\/milieux-inclusifs-inrs-equite-diversite-inclusion.jpeg\" \/>\n\t<meta property=\"og:image:width\" content=\"1200\" \/>\n\t<meta property=\"og:image:height\" content=\"600\" \/>\n\t<meta property=\"og:image:type\" content=\"image\/jpeg\" \/>\n<meta name=\"twitter:card\" content=\"summary_large_image\" \/>\n<meta name=\"twitter:site\" content=\"@inrsciences\" \/>\n<meta name=\"twitter:label1\" content=\"Est. reading time\" \/>\n\t<meta name=\"twitter:data1\" content=\"2 minutes\" \/>\n<script type=\"application\/ld+json\" class=\"yoast-schema-graph\">{\"@context\":\"https:\/\/schema.org\",\"@graph\":[{\"@type\":\"WebPage\",\"@id\":\"https:\/\/dev.inrs.ca\/en\/research\/research-and-commercialization\/equity-diversity-and-inclusion\/\",\"url\":\"https:\/\/dev.inrs.ca\/en\/research\/research-and-commercialization\/equity-diversity-and-inclusion\/\",\"name\":\"INRS | Equity, Diversity, and Inclusion | Community\",\"isPartOf\":{\"@id\":\"https:\/\/dev.inrs.ca\/en\/#website\"},\"primaryImageOfPage\":{\"@id\":\"https:\/\/dev.inrs.ca\/en\/research\/research-and-commercialization\/equity-diversity-and-inclusion\/#primaryimage\"},\"image\":{\"@id\":\"https:\/\/dev.inrs.ca\/en\/research\/research-and-commercialization\/equity-diversity-and-inclusion\/#primaryimage\"},\"thumbnailUrl\":\"https:\/\/dev.inrs.ca\/wp-content\/uploads\/milieux-inclusifs-inrs-equite-diversite-inclusion.jpeg\",\"datePublished\":\"2021-07-27T15:50:22+00:00\",\"dateModified\":\"2021-07-27T16:06:14+00:00\",\"description\":\"INRS strives to make sure that everyone in its community feels respected and valued by promoting an equitable, diverse, and inclusive environment for all.\",\"breadcrumb\":{\"@id\":\"https:\/\/dev.inrs.ca\/en\/research\/research-and-commercialization\/equity-diversity-and-inclusion\/#breadcrumb\"},\"inLanguage\":\"en-CA\",\"potentialAction\":[{\"@type\":\"ReadAction\",\"target\":[\"https:\/\/dev.inrs.ca\/en\/research\/research-and-commercialization\/equity-diversity-and-inclusion\/\"]}]},{\"@type\":\"ImageObject\",\"inLanguage\":\"en-CA\",\"@id\":\"https:\/\/dev.inrs.ca\/en\/research\/research-and-commercialization\/equity-diversity-and-inclusion\/#primaryimage\",\"url\":\"https:\/\/dev.inrs.ca\/wp-content\/uploads\/milieux-inclusifs-inrs-equite-diversite-inclusion.jpeg\",\"contentUrl\":\"https:\/\/dev.inrs.ca\/wp-content\/uploads\/milieux-inclusifs-inrs-equite-diversite-inclusion.jpeg\",\"width\":1200,\"height\":600},{\"@type\":\"BreadcrumbList\",\"@id\":\"https:\/\/dev.inrs.ca\/en\/research\/research-and-commercialization\/equity-diversity-and-inclusion\/#breadcrumb\",\"itemListElement\":[{\"@type\":\"ListItem\",\"position\":1,\"name\":\"Research\",\"item\":\"https:\/\/dev.inrs.ca\/la-recherche\/\"},{\"@type\":\"ListItem\",\"position\":2,\"name\":\"Research and Commercialization\",\"item\":\"https:\/\/dev.inrs.ca\/la-recherche\/developpement-et-valorisation-de-la-recherche\/\"},{\"@type\":\"ListItem\",\"position\":3,\"name\":\"Equity, Diversity, and Inclusion\"}]},{\"@type\":\"WebSite\",\"@id\":\"https:\/\/dev.inrs.ca\/en\/#website\",\"url\":\"https:\/\/dev.inrs.ca\/en\/\",\"name\":\"INRS\",\"description\":\"Institut national de la recherche scientifique\",\"potentialAction\":[{\"@type\":\"SearchAction\",\"target\":{\"@type\":\"EntryPoint\",\"urlTemplate\":\"https:\/\/dev.inrs.ca\/en\/?s={search_term_string}\"},\"query-input\":{\"@type\":\"PropertyValueSpecification\",\"valueRequired\":true,\"valueName\":\"search_term_string\"}}],\"inLanguage\":\"en-CA\"}]}<\/script>\n<!-- \/ Yoast SEO Premium plugin. -->","yoast_head_json":{"title":"INRS | Equity, Diversity, and Inclusion | Community","description":"INRS strives to make sure that everyone in its community feels respected and valued by promoting an equitable, diverse, and inclusive environment for all.","robots":{"index":"noindex","follow":"follow","max-snippet":"max-snippet:-1","max-image-preview":"max-image-preview:large","max-video-preview":"max-video-preview:-1"},"og_locale":"en_US","og_type":"article","og_title":"INRS | Equity, Diversity, and Inclusion | Community","og_description":"INRS strives to make sure that everyone in its community feels respected and valued by promoting an equitable, diverse, and inclusive environment for all.","og_url":"https:\/\/dev.inrs.ca\/en\/research\/research-and-commercialization\/equity-diversity-and-inclusion\/","og_site_name":"INRS","article_publisher":"https:\/\/www.facebook.com\/inrsciences\/","article_modified_time":"2021-07-27T16:06:14+00:00","og_image":[{"width":1200,"height":600,"url":"https:\/\/dev.inrs.ca\/wp-content\/uploads\/milieux-inclusifs-inrs-equite-diversite-inclusion.jpeg","type":"image\/jpeg"}],"twitter_card":"summary_large_image","twitter_site":"@inrsciences","twitter_misc":{"Est. reading time":"2 minutes"},"schema":{"@context":"https:\/\/schema.org","@graph":[{"@type":"WebPage","@id":"https:\/\/dev.inrs.ca\/en\/research\/research-and-commercialization\/equity-diversity-and-inclusion\/","url":"https:\/\/dev.inrs.ca\/en\/research\/research-and-commercialization\/equity-diversity-and-inclusion\/","name":"INRS | Equity, Diversity, and Inclusion | Community","isPartOf":{"@id":"https:\/\/dev.inrs.ca\/en\/#website"},"primaryImageOfPage":{"@id":"https:\/\/dev.inrs.ca\/en\/research\/research-and-commercialization\/equity-diversity-and-inclusion\/#primaryimage"},"image":{"@id":"https:\/\/dev.inrs.ca\/en\/research\/research-and-commercialization\/equity-diversity-and-inclusion\/#primaryimage"},"thumbnailUrl":"https:\/\/dev.inrs.ca\/wp-content\/uploads\/milieux-inclusifs-inrs-equite-diversite-inclusion.jpeg","datePublished":"2021-07-27T15:50:22+00:00","dateModified":"2021-07-27T16:06:14+00:00","description":"INRS strives to make sure that everyone in its community feels respected and valued by promoting an equitable, diverse, and inclusive environment for all.","breadcrumb":{"@id":"https:\/\/dev.inrs.ca\/en\/research\/research-and-commercialization\/equity-diversity-and-inclusion\/#breadcrumb"},"inLanguage":"en-CA","potentialAction":[{"@type":"ReadAction","target":["https:\/\/dev.inrs.ca\/en\/research\/research-and-commercialization\/equity-diversity-and-inclusion\/"]}]},{"@type":"ImageObject","inLanguage":"en-CA","@id":"https:\/\/dev.inrs.ca\/en\/research\/research-and-commercialization\/equity-diversity-and-inclusion\/#primaryimage","url":"https:\/\/dev.inrs.ca\/wp-content\/uploads\/milieux-inclusifs-inrs-equite-diversite-inclusion.jpeg","contentUrl":"https:\/\/dev.inrs.ca\/wp-content\/uploads\/milieux-inclusifs-inrs-equite-diversite-inclusion.jpeg","width":1200,"height":600},{"@type":"BreadcrumbList","@id":"https:\/\/dev.inrs.ca\/en\/research\/research-and-commercialization\/equity-diversity-and-inclusion\/#breadcrumb","itemListElement":[{"@type":"ListItem","position":1,"name":"Research","item":"https:\/\/dev.inrs.ca\/la-recherche\/"},{"@type":"ListItem","position":2,"name":"Research and Commercialization","item":"https:\/\/dev.inrs.ca\/la-recherche\/developpement-et-valorisation-de-la-recherche\/"},{"@type":"ListItem","position":3,"name":"Equity, Diversity, and Inclusion"}]},{"@type":"WebSite","@id":"https:\/\/dev.inrs.ca\/en\/#website","url":"https:\/\/dev.inrs.ca\/en\/","name":"INRS","description":"Institut national de la recherche scientifique","potentialAction":[{"@type":"SearchAction","target":{"@type":"EntryPoint","urlTemplate":"https:\/\/dev.inrs.ca\/en\/?s={search_term_string}"},"query-input":{"@type":"PropertyValueSpecification","valueRequired":true,"valueName":"search_term_string"}}],"inLanguage":"en-CA"}]}},"_links":{"self":[{"href":"https:\/\/dev.inrs.ca\/en\/wp-json\/wp\/v2\/pages\/62098","targetHints":{"allow":["GET"]}}],"collection":[{"href":"https:\/\/dev.inrs.ca\/en\/wp-json\/wp\/v2\/pages"}],"about":[{"href":"https:\/\/dev.inrs.ca\/en\/wp-json\/wp\/v2\/types\/page"}],"author":[{"embeddable":true,"href":"https:\/\/dev.inrs.ca\/en\/wp-json\/wp\/v2\/users\/3"}],"replies":[{"embeddable":true,"href":"https:\/\/dev.inrs.ca\/en\/wp-json\/wp\/v2\/comments?post=62098"}],"version-history":[{"count":5,"href":"https:\/\/dev.inrs.ca\/en\/wp-json\/wp\/v2\/pages\/62098\/revisions"}],"predecessor-version":[{"id":68774,"href":"https:\/\/dev.inrs.ca\/en\/wp-json\/wp\/v2\/pages\/62098\/revisions\/68774"}],"up":[{"embeddable":true,"href":"https:\/\/dev.inrs.ca\/en\/wp-json\/wp\/v2\/pages\/13273"}],"wp:featuredmedia":[{"embeddable":true,"href":"https:\/\/dev.inrs.ca\/en\/wp-json\/wp\/v2\/media\/57232"}],"wp:attachment":[{"href":"https:\/\/dev.inrs.ca\/en\/wp-json\/wp\/v2\/media?parent=62098"}],"wp:term":[{"taxonomy":"page_type","embeddable":true,"href":"https:\/\/dev.inrs.ca\/en\/wp-json\/wp\/v2\/page_type?post=62098"},{"taxonomy":"wf_page_folders","embeddable":true,"href":"https:\/\/dev.inrs.ca\/en\/wp-json\/wp\/v2\/wf_page_folders?post=62098"}],"curies":[{"name":"wp","href":"https:\/\/api.w.org\/{rel}","templated":true}]}}