{"id":59915,"date":"2021-05-28T18:05:39","date_gmt":"2021-05-28T22:05:39","guid":{"rendered":"https:\/\/dev.inrs.ca\/?page_id=59915"},"modified":"2021-08-31T15:15:40","modified_gmt":"2021-08-31T19:15:40","slug":"guides-to-success-in-graduate-studies","status":"publish","type":"page","link":"https:\/\/dev.inrs.ca\/en\/studies\/registrars-office\/guides-to-success-in-graduate-studies\/","title":{"rendered":"Guides to Success in Graduate Studies"},"content":{"rendered":"\n<p class=\"has-large-font-size\"><strong>Your success is important to us. Whether you\u2019ve chosen to pursue a master\u2019s degree or a doctorate, a short program or a DESS, you\u2019ll need educational guides and tools throughout your time at INRS.<\/strong><strong><\/strong><\/p>\n\n\n\n<div style=\"height:20px\" aria-hidden=\"true\" class=\"wp-block-spacer\"><\/div>\n\n\n\n<h2 class=\"wp-block-heading\"><strong>Welcome Guides<\/strong><\/h2>\n\n\n\n<p>Our welcome guides for new students contain everything you need to get familiar with where you\u2019ll be living, studying, and researching.<\/p>\n\n\n\n<div class=\"wp-block-columns is-layout-flex wp-container-core-columns-is-layout-1 wp-block-columns-is-layout-flex\">\n<div class=\"wp-block-column is-layout-flow wp-block-column-is-layout-flow\">\n<div class=\"wp-block-image\"><figure class=\"alignleft size-large\"><a href=\"https:\/\/dev.inrs.ca\/wp-content\/uploads\/Welcome_Guide_ETE_May3-2021-1.pdf\" target=\"_blank\" class=\"broken_link\"><img loading=\"lazy\" decoding=\"async\" width=\"612\" height=\"792\" src=\"https:\/\/dev.inrs.ca\/wp-content\/uploads\/Welcome_Guide_ETE_May3-2021-1-1.jpg\" alt=\"\" class=\"wp-image-61283\" srcset=\"https:\/\/dev.inrs.ca\/wp-content\/uploads\/Welcome_Guide_ETE_May3-2021-1-1.jpg 612w, https:\/\/dev.inrs.ca\/wp-content\/uploads\/Welcome_Guide_ETE_May3-2021-1-1-232x300.jpg 232w\" sizes=\"auto, (max-width: 612px) 100vw, 612px\" \/><\/a><\/figure><\/div>\n\n\n\n<p><strong>Eau Terre Environnement<\/strong> <strong>Research Centre<\/strong><\/p>\n<\/div>\n\n\n\n<div class=\"wp-block-column is-layout-flow wp-block-column-is-layout-flow\">\n<div class=\"wp-block-image\"><figure class=\"alignleft size-large\"><a href=\"https:\/\/dev.inrs.ca\/wp-content\/uploads\/Welcome_Guide_EMT_May3-2021.pdf\" target=\"_blank\" class=\"broken_link\"><img loading=\"lazy\" decoding=\"async\" width=\"612\" height=\"792\" src=\"https:\/\/dev.inrs.ca\/wp-content\/uploads\/Welcome_Guide_EMT_May3-2021-1.jpg\" alt=\"\" class=\"wp-image-61284\" srcset=\"https:\/\/dev.inrs.ca\/wp-content\/uploads\/Welcome_Guide_EMT_May3-2021-1.jpg 612w, https:\/\/dev.inrs.ca\/wp-content\/uploads\/Welcome_Guide_EMT_May3-2021-1-232x300.jpg 232w\" sizes=\"auto, (max-width: 612px) 100vw, 612px\" \/><\/a><\/figure><\/div>\n\n\n\n<p><strong>\u00c9nergie Mat\u00e9riaux T\u00e9l\u00e9communications<\/strong> <strong>Research Centre<\/strong><\/p>\n<\/div>\n\n\n\n<div class=\"wp-block-column is-layout-flow wp-block-column-is-layout-flow\">\n<div class=\"wp-block-image\"><figure class=\"alignleft size-large\"><a href=\"https:\/\/dev.inrs.ca\/wp-content\/uploads\/Welcome_Guide_AFSB_May3-2021.pdf\" target=\"_blank\" class=\"broken_link\"><img loading=\"lazy\" decoding=\"async\" width=\"612\" height=\"792\" src=\"https:\/\/dev.inrs.ca\/wp-content\/uploads\/Welcome_Guide_AFSB_May3-2021-1.jpg\" alt=\"\" class=\"wp-image-61286\" srcset=\"https:\/\/dev.inrs.ca\/wp-content\/uploads\/Welcome_Guide_AFSB_May3-2021-1.jpg 612w, https:\/\/dev.inrs.ca\/wp-content\/uploads\/Welcome_Guide_AFSB_May3-2021-1-232x300.jpg 232w\" sizes=\"auto, (max-width: 612px) 100vw, 612px\" \/><\/a><\/figure><\/div>\n\n\n\n<p><strong>Armand-Frappier Sant\u00e9 Biotechnologie<\/strong> <strong>Research Centre<\/strong><\/p>\n<\/div>\n\n\n\n<div class=\"wp-block-column is-layout-flow wp-block-column-is-layout-flow\">\n<div class=\"wp-block-image\"><figure class=\"alignleft\"><a href=\"https:\/\/dev.inrs.ca\/wp-content\/uploads\/Guide_accueil_UCS_3mai2021.pdf\" target=\"_blank\" rel=\"noreferrer noopener\" class=\"broken_link\"><img decoding=\"async\" src=\"https:\/\/dev.inrs.ca\/wp-content\/uploads\/Guide_accueil_UCS_12jan2021-1-791x1024.jpg\" alt=\"Guide du Centre Urbanisation Culture Soci\u00e9t\u00e9 (PDF)\" class=\"wp-image-56862\"\/><\/a><\/figure><\/div>\n\n\n\n<p><strong>Urbanisation Culture Soci\u00e9t\u00e9<\/strong> <strong>Research Centre<\/strong> (available in French only)<\/p>\n<\/div>\n<\/div>\n\n\n\n<h2 class=\"wp-block-heading\"><br>Academic experience guides for graduate studies<\/h2>\n\n\n\n<p>What is the recipe for successful master\u2019s or doctorate studies? What are copyright and intellectual property in research? How can you understand intellectual and research integrity? You\u2019ll find all the answers in our guides to successful higher education.<\/p>\n\n\n\n<h3 class=\"wp-block-heading\"><br>General study guides<\/h3>\n\n\n\n<p><a href=\"https:\/\/dev.inrs.ca\/wp-content\/uploads\/2020\/07\/Etudes-Guide-de-cheminement-aux-cycles-superieures-inrs.pdf\" target=\"_blank\" rel=\"noreferrer noopener\"><strong>Academic Experience Guide for Graduate Studies<\/strong><\/a> (PDF, available in French only)<\/p>\n\n\n\n<p><a href=\"https:\/\/dev.inrs.ca\/wp-content\/uploads\/2020\/07\/Etudes-Guide-de-l-etudiant-sur-l-integrite-en-recherche-inrs.pdf\" target=\"_blank\" rel=\"noreferrer noopener\"><strong>Student Guide to Research Integrity<\/strong><\/a> (PDF, available in French only)<\/p>\n\n\n\n<p><a href=\"http:\/\/sdis.dev.inrs.ca\/sites\/sdis.dev.inrs.ca\/files\/INRSGuideEN_2019_rev3.pdf\" target=\"_blank\" rel=\"noreferrer noopener\"><strong>Thesis Writing Guide for Pure, Applied, and Life Sciences<\/strong><\/a><\/p>\n\n\n\n<p><a href=\"https:\/\/dev.inrs.ca\/wp-content\/uploads\/2020\/07\/Etudes-Guide-sur-les-droits-d-auteur-reseau-universitaire.pdf\" target=\"_blank\" rel=\"noreferrer noopener\"><strong>Copyright Guide<\/strong><\/a> (PDF, available in French only)<\/p>\n\n\n\n<h3 class=\"wp-block-heading\"><br>Curriculum guides<\/h3>\n\n\n\n<p><a href=\"https:\/\/dev.inrs.ca\/wp-content\/uploads\/GuideMOB-2021-v25-08-2021.pdf\" target=\"_blank\" rel=\"noreferrer noopener\" class=\"broken_link\"><strong>2021\u20132022 Guide for the Master\u2019s in Knowledge Mobilization and Transfer<\/strong><\/a> (PDF, available in French only)<\/p>\n\n\n\n<p id=\"accueil\"><a href=\"https:\/\/dev.inrs.ca\/wp-content\/uploads\/20210825-GuidePOP.pdf\" target=\"_blank\" rel=\"noreferrer noopener\" class=\"broken_link\">2021-2022 Guide for the Population Studies (Master&#8217;s and PhD)<\/a>\u00a0(PDF, available in French only)<\/p>\n\n\n\n<p><a href=\"https:\/\/dev.inrs.ca\/wp-content\/uploads\/2021\/01\/GuideEtudesUrbaines_19-jan-2021.pdf\" target=\"_blank\" rel=\"noreferrer noopener\"><strong>2020\u20132021 Guide on INRS and UQAM Joint Graduate Programs in Urban Studies<\/strong><\/a> (PDF, available in French only)<\/p>\n\n\n\n<div style=\"height:20px\" aria-hidden=\"true\" class=\"wp-block-spacer\"><\/div>\n\n\n\n<figure class=\"wp-block-gallery columns-3 is-cropped wp-block-gallery-2 is-layout-flex wp-block-gallery-is-layout-flex\"><ul class=\"blocks-gallery-grid\"><li class=\"blocks-gallery-item\"><figure><img loading=\"lazy\" decoding=\"async\" width=\"1024\" height=\"682\" src=\"https:\/\/dev.inrs.ca\/wp-content\/uploads\/2020\/07\/guides-reussir-etudes-inrs-1024x682.jpg\" alt=\"Guides pour r\u00e9ussir ses \u00e9tudes sup\u00e9rieures \u00e0 l'INRS\" data-id=\"12978\" data-full-url=\"https:\/\/dev.inrs.ca\/wp-content\/uploads\/2020\/07\/guides-reussir-etudes-inrs.jpg\" data-link=\"https:\/\/dev.inrs.ca\/en\/studies\/masters-and-phd-projects\/find-a-masters-or-phd-project\/attachment\/guides-reussir-etudes-inrs-2\/\" class=\"wp-image-12978\" srcset=\"https:\/\/dev.inrs.ca\/wp-content\/uploads\/2020\/07\/guides-reussir-etudes-inrs-1024x682.jpg 1024w, https:\/\/dev.inrs.ca\/wp-content\/uploads\/2020\/07\/guides-reussir-etudes-inrs-300x200.jpg 300w, https:\/\/dev.inrs.ca\/wp-content\/uploads\/2020\/07\/guides-reussir-etudes-inrs-768x512.jpg 768w, https:\/\/dev.inrs.ca\/wp-content\/uploads\/2020\/07\/guides-reussir-etudes-inrs-1536x1024.jpg 1536w, https:\/\/dev.inrs.ca\/wp-content\/uploads\/2020\/07\/guides-reussir-etudes-inrs-600x400.jpg 600w, https:\/\/dev.inrs.ca\/wp-content\/uploads\/2020\/07\/guides-reussir-etudes-inrs.jpg 2000w\" sizes=\"auto, (max-width: 1024px) 100vw, 1024px\" \/><\/figure><\/li><li class=\"blocks-gallery-item\"><figure><img loading=\"lazy\" decoding=\"async\" width=\"971\" height=\"648\" src=\"https:\/\/dev.inrs.ca\/wp-content\/uploads\/INRS5688-UCS-web-JLecompte.jpg\" alt=\"\" data-id=\"54988\" data-full-url=\"https:\/\/dev.inrs.ca\/wp-content\/uploads\/INRS5688-UCS-web-JLecompte.jpg\" data-link=\"https:\/\/dev.inrs.ca\/en\/studies\/future-students\/attachment\/inrs5688-ucs-web-jlecompte\/\" class=\"wp-image-54988\" srcset=\"https:\/\/dev.inrs.ca\/wp-content\/uploads\/INRS5688-UCS-web-JLecompte.jpg 971w, https:\/\/dev.inrs.ca\/wp-content\/uploads\/INRS5688-UCS-web-JLecompte-300x200.jpg 300w, https:\/\/dev.inrs.ca\/wp-content\/uploads\/INRS5688-UCS-web-JLecompte-768x513.jpg 768w, https:\/\/dev.inrs.ca\/wp-content\/uploads\/INRS5688-UCS-web-JLecompte-600x400.jpg 600w\" sizes=\"auto, (max-width: 971px) 100vw, 971px\" \/><\/figure><\/li><li class=\"blocks-gallery-item\"><figure><img loading=\"lazy\" decoding=\"async\" width=\"1024\" height=\"683\" src=\"https:\/\/dev.inrs.ca\/wp-content\/uploads\/2020\/05\/INRS-Laval_laetitiaphotographe-0724-1024x683.jpg\" alt=\"Projets d'\u00e9tudes (ma\u00eetrise et doctorat) \u00e0 l'INRS\" data-id=\"10085\" data-full-url=\"https:\/\/dev.inrs.ca\/wp-content\/uploads\/2020\/05\/INRS-Laval_laetitiaphotographe-0724.jpg\" data-link=\"https:\/\/dev.inrs.ca\/en\/accueil\/inrs-laval_laetitiaphotographe-0724-2\/\" class=\"wp-image-10085\" srcset=\"https:\/\/dev.inrs.ca\/wp-content\/uploads\/2020\/05\/INRS-Laval_laetitiaphotographe-0724-1024x683.jpg 1024w, https:\/\/dev.inrs.ca\/wp-content\/uploads\/2020\/05\/INRS-Laval_laetitiaphotographe-0724-300x200.jpg 300w, https:\/\/dev.inrs.ca\/wp-content\/uploads\/2020\/05\/INRS-Laval_laetitiaphotographe-0724-768x512.jpg 768w, https:\/\/dev.inrs.ca\/wp-content\/uploads\/2020\/05\/INRS-Laval_laetitiaphotographe-0724-1536x1024.jpg 1536w, https:\/\/dev.inrs.ca\/wp-content\/uploads\/2020\/05\/INRS-Laval_laetitiaphotographe-0724-2048x1366.jpg 2048w, https:\/\/dev.inrs.ca\/wp-content\/uploads\/2020\/05\/INRS-Laval_laetitiaphotographe-0724-600x400.jpg 600w\" sizes=\"auto, (max-width: 1024px) 100vw, 1024px\" \/><\/figure><\/li><\/ul><\/figure>\n\n\n\n<h4 class=\"wp-block-heading\">Need help?<\/h4>\n\n\n\n<p>You will be required to read many guides and other documents and complete and submit <a href=\"https:\/\/dev.inrs.ca\/en\/studies\/registrars-office\/useful-documents-and-forms-for-graduate-studies\/\">forms<\/a> between the time you begin your graduate studies at INRS and the time you receive your graduate degree. You will need to master the <a href=\"https:\/\/portail.dev.inrs.ca\/moodle\/?lang=en\" target=\"_blank\" rel=\"noreferrer noopener\">Moodle course platform<\/a>, access and update your student record on the <a href=\"https:\/\/portail.dev.inrs.ca\/ide\/portail\/index.html\" target=\"_blank\" rel=\"noreferrer noopener\">online portal<\/a>, and borrow from our specialized libraries.<\/p>\n\n\n\n<p>Please feel free to contact the <a href=\"https:\/\/dev.inrs.ca\/en\/studies\/registrars-office\/\"><strong>Registrar\u2019s Office<\/strong><\/a> if you have any questions about our academic experience and thesis writing guides, our <a href=\"https:\/\/portail.dev.inrs.ca\/ide\/portail\/index.html\" target=\"_blank\" rel=\"noreferrer noopener\"><strong>ID\u00c9 student portal<\/strong><\/a>, <a href=\"https:\/\/dev.inrs.ca\/en\/studies\/registrars-office\/useful-documents-and-forms-for-graduate-studies\/\"><strong>forms<\/strong><\/a>, term courses, or any other topic related to your academic career.<\/p>\n\n\n\n<div style=\"height:20px\" aria-hidden=\"true\" class=\"wp-block-spacer\"><\/div>\n\n\n<div class=\"content-page-list-ctn\">\n    <h4 class=\"title\"><\/h4>\n    <div class=\"featured-cta-ctn -trio\">\n                    <div class=\"item jsBlockLink\">\n                <div class=\"image\">\n                                            <img decoding=\"async\" src=\"https:\/\/dev.inrs.ca\/wp-content\/uploads\/2021\/02\/mentorat-etudiant-600x400.jpg\" alt=\"Support for Learning and Academic Success\">\n                                    <\/div>\n                <div class=\"info\">\n                    <a class=\"link\" href=\"\/en\/studies\/student-services\/learning-and-student-success\/\">Support for Learning and Academic Success<\/a>\n                <\/div>\n            <\/div>\n                    <div class=\"item jsBlockLink\">\n                <div class=\"image\">\n                                            <img decoding=\"async\" src=\"https:\/\/dev.inrs.ca\/wp-content\/uploads\/2021\/01\/rentree-hivernale-600x400.png\" alt=\"Workshops and Training Sessions\">\n                                    <\/div>\n                <div class=\"info\">\n                    <a class=\"link\" href=\"\/en\/studies\/student-services\/workshops-and-training-sessions\/\">Workshops and Training Sessions<\/a>\n                <\/div>\n            <\/div>\n                    <div class=\"item jsBlockLink\">\n                <div class=\"image\">\n                                            <img decoding=\"async\" src=\"https:\/\/dev.inrs.ca\/wp-content\/uploads\/2021\/02\/Mobilite-sociale-et-inegalites-de-genre-au-Canada-projet-detudes-inrs-600x400.jpg\" alt=\"Student Mentorship Program\">\n                                    <\/div>\n                <div class=\"info\">\n                    <a class=\"link\" href=\"\/en\/studies\/student-life-services\/student-mentorship-program\/\">Student Mentorship Program<\/a>\n                <\/div>\n            <\/div>\n            <\/div>\n<\/div>\n\n<div class=\"content-page-list-ctn\">\n    <h4 class=\"title\"><\/h4>\n    <div class=\"featured-cta-ctn -trio\">\n                    <div class=\"item jsBlockLink\">\n                <div class=\"image\">\n                                            <img decoding=\"async\" src=\"https:\/\/dev.inrs.ca\/wp-content\/uploads\/2020\/08\/Etudes-registrariat-inrs-600x400.jpg\" alt=\"Useful Documents and Forms for Graduate Studies\">\n                                    <\/div>\n                <div class=\"info\">\n                    <a class=\"link\" href=\"\/en\/studies\/registrars-office\/useful-documents-and-forms-for-graduate-studies\/\">Useful Documents and Forms for Graduate Studies<\/a>\n                <\/div>\n            <\/div>\n                    <div class=\"item jsBlockLink\">\n                <div class=\"image\">\n                                            <img decoding=\"async\" src=\"https:\/\/dev.inrs.ca\/wp-content\/uploads\/2021\/03\/INRS-Mtl-Sherbrooke_laetitiaphotographe-0916-600x400.jpg\" alt=\"Libraries\">\n                                    <\/div>\n                <div class=\"info\">\n                    <a class=\"link\" href=\"\/en\/inrs\/community-services\/libraries\/\">Libraries<\/a>\n                <\/div>\n            <\/div>\n                    <div class=\"item jsBlockLink\">\n                <div class=\"image\">\n                                            <img decoding=\"async\" src=\"https:\/\/dev.inrs.ca\/wp-content\/uploads\/2020\/09\/depot-numerique-digital-inrs-600x400.jpeg\" alt=\"Institutional Digital Repository\">\n                                    <\/div>\n                <div class=\"info\">\n                    <a class=\"link\" href=\"\/en\/research\/institutional-digital-repository\/\">Institutional Digital Repository<\/a>\n                <\/div>\n            <\/div>\n            <\/div>\n<\/div>","protected":false},"excerpt":{"rendered":"<p>Your success is important to us. Whether you\u2019ve chosen to pursue a master\u2019s degree or a doctorate, a short program or a DESS, you\u2019ll need educational guides and tools throughout your time at INRS.<\/p>\n","protected":false},"author":3,"featured_media":59917,"parent":13322,"menu_order":0,"comment_status":"closed","ping_status":"closed","template":"templates\/research-infrastructure.php","meta":{"_acf_changed":false,"footnotes":""},"page_type":[],"wf_page_folders":[66,19],"class_list":["post-59915","page","type-page","status-publish","has-post-thumbnail","hentry"],"acf":[],"yoast_head":"<!-- This site is optimized with the Yoast SEO Premium plugin v24.6 (Yoast SEO v24.6) - https:\/\/yoast.com\/wordpress\/plugins\/seo\/ -->\n<title>INRS | Guides to Success in Graduate Studies | Current Students<\/title>\n<meta name=\"description\" content=\"Whether you\u2019ve chosen to pursue a master\u2019s degree or a doctorate,, you\u2019ll need educational guides and tools throughout your time at INRS.\" \/>\n<meta name=\"robots\" content=\"noindex, follow, max-snippet:-1, max-image-preview:large, max-video-preview:-1\" \/>\n<meta property=\"og:locale\" content=\"en_US\" \/>\n<meta property=\"og:type\" content=\"article\" \/>\n<meta property=\"og:title\" content=\"INRS | Guides to Success in Graduate Studies | Current Students\" \/>\n<meta property=\"og:description\" content=\"Whether you\u2019ve chosen to pursue a master\u2019s degree or a doctorate,, you\u2019ll need educational guides and tools throughout your time at INRS.\" \/>\n<meta property=\"og:url\" content=\"https:\/\/dev.inrs.ca\/en\/studies\/registrars-office\/guides-to-success-in-graduate-studies\/\" \/>\n<meta property=\"og:site_name\" content=\"INRS\" \/>\n<meta property=\"article:publisher\" content=\"https:\/\/www.facebook.com\/inrsciences\/\" \/>\n<meta property=\"article:modified_time\" content=\"2021-08-31T19:15:40+00:00\" \/>\n<meta property=\"og:image\" content=\"https:\/\/dev.inrs.ca\/wp-content\/uploads\/2020\/09\/INRS-etudier-guides-etudes-maitrise-doctorat-laetitiaphotographe-0345.jpg\" \/>\n\t<meta property=\"og:image:width\" content=\"1000\" \/>\n\t<meta property=\"og:image:height\" content=\"666\" \/>\n\t<meta property=\"og:image:type\" content=\"image\/jpeg\" \/>\n<meta name=\"twitter:card\" content=\"summary_large_image\" \/>\n<meta name=\"twitter:site\" content=\"@inrsciences\" \/>\n<meta name=\"twitter:label1\" content=\"Est. reading time\" \/>\n\t<meta name=\"twitter:data1\" content=\"2 minutes\" \/>\n<script type=\"application\/ld+json\" class=\"yoast-schema-graph\">{\"@context\":\"https:\/\/schema.org\",\"@graph\":[{\"@type\":\"WebPage\",\"@id\":\"https:\/\/dev.inrs.ca\/en\/studies\/registrars-office\/guides-to-success-in-graduate-studies\/\",\"url\":\"https:\/\/dev.inrs.ca\/en\/studies\/registrars-office\/guides-to-success-in-graduate-studies\/\",\"name\":\"INRS | Guides to Success in Graduate Studies | Current Students\",\"isPartOf\":{\"@id\":\"https:\/\/dev.inrs.ca\/en\/#website\"},\"primaryImageOfPage\":{\"@id\":\"https:\/\/dev.inrs.ca\/en\/studies\/registrars-office\/guides-to-success-in-graduate-studies\/#primaryimage\"},\"image\":{\"@id\":\"https:\/\/dev.inrs.ca\/en\/studies\/registrars-office\/guides-to-success-in-graduate-studies\/#primaryimage\"},\"thumbnailUrl\":\"https:\/\/dev.inrs.ca\/wp-content\/uploads\/2020\/09\/INRS-etudier-guides-etudes-maitrise-doctorat-laetitiaphotographe-0345.jpg\",\"datePublished\":\"2021-05-28T22:05:39+00:00\",\"dateModified\":\"2021-08-31T19:15:40+00:00\",\"description\":\"Whether you\u2019ve chosen to pursue a master\u2019s degree or a doctorate,, you\u2019ll need educational guides and tools throughout your time at INRS.\",\"breadcrumb\":{\"@id\":\"https:\/\/dev.inrs.ca\/en\/studies\/registrars-office\/guides-to-success-in-graduate-studies\/#breadcrumb\"},\"inLanguage\":\"en-CA\",\"potentialAction\":[{\"@type\":\"ReadAction\",\"target\":[\"https:\/\/dev.inrs.ca\/en\/studies\/registrars-office\/guides-to-success-in-graduate-studies\/\"]}]},{\"@type\":\"ImageObject\",\"inLanguage\":\"en-CA\",\"@id\":\"https:\/\/dev.inrs.ca\/en\/studies\/registrars-office\/guides-to-success-in-graduate-studies\/#primaryimage\",\"url\":\"https:\/\/dev.inrs.ca\/wp-content\/uploads\/2020\/09\/INRS-etudier-guides-etudes-maitrise-doctorat-laetitiaphotographe-0345.jpg\",\"contentUrl\":\"https:\/\/dev.inrs.ca\/wp-content\/uploads\/2020\/09\/INRS-etudier-guides-etudes-maitrise-doctorat-laetitiaphotographe-0345.jpg\",\"width\":1000,\"height\":666},{\"@type\":\"BreadcrumbList\",\"@id\":\"https:\/\/dev.inrs.ca\/en\/studies\/registrars-office\/guides-to-success-in-graduate-studies\/#breadcrumb\",\"itemListElement\":[{\"@type\":\"ListItem\",\"position\":1,\"name\":\"Studies\",\"item\":\"https:\/\/dev.inrs.ca\/les-etudes\/\"},{\"@type\":\"ListItem\",\"position\":2,\"name\":\"Registrar\u2019s Office\",\"item\":\"https:\/\/dev.inrs.ca\/les-etudes\/bureau-du-registraire\/\"},{\"@type\":\"ListItem\",\"position\":3,\"name\":\"Guides to Success in Graduate Studies\"}]},{\"@type\":\"WebSite\",\"@id\":\"https:\/\/dev.inrs.ca\/en\/#website\",\"url\":\"https:\/\/dev.inrs.ca\/en\/\",\"name\":\"INRS\",\"description\":\"Institut national de la recherche scientifique\",\"potentialAction\":[{\"@type\":\"SearchAction\",\"target\":{\"@type\":\"EntryPoint\",\"urlTemplate\":\"https:\/\/dev.inrs.ca\/en\/?s={search_term_string}\"},\"query-input\":{\"@type\":\"PropertyValueSpecification\",\"valueRequired\":true,\"valueName\":\"search_term_string\"}}],\"inLanguage\":\"en-CA\"}]}<\/script>\n<!-- \/ Yoast SEO Premium plugin. -->","yoast_head_json":{"title":"INRS | Guides to Success in Graduate Studies | Current Students","description":"Whether you\u2019ve chosen to pursue a master\u2019s degree or a doctorate,, you\u2019ll need educational guides and tools throughout your time at INRS.","robots":{"index":"noindex","follow":"follow","max-snippet":"max-snippet:-1","max-image-preview":"max-image-preview:large","max-video-preview":"max-video-preview:-1"},"og_locale":"en_US","og_type":"article","og_title":"INRS | Guides to Success in Graduate Studies | Current Students","og_description":"Whether you\u2019ve chosen to pursue a master\u2019s degree or a doctorate,, you\u2019ll need educational guides and tools throughout your time at INRS.","og_url":"https:\/\/dev.inrs.ca\/en\/studies\/registrars-office\/guides-to-success-in-graduate-studies\/","og_site_name":"INRS","article_publisher":"https:\/\/www.facebook.com\/inrsciences\/","article_modified_time":"2021-08-31T19:15:40+00:00","og_image":[{"width":1000,"height":666,"url":"https:\/\/dev.inrs.ca\/wp-content\/uploads\/2020\/09\/INRS-etudier-guides-etudes-maitrise-doctorat-laetitiaphotographe-0345.jpg","type":"image\/jpeg"}],"twitter_card":"summary_large_image","twitter_site":"@inrsciences","twitter_misc":{"Est. reading time":"2 minutes"},"schema":{"@context":"https:\/\/schema.org","@graph":[{"@type":"WebPage","@id":"https:\/\/dev.inrs.ca\/en\/studies\/registrars-office\/guides-to-success-in-graduate-studies\/","url":"https:\/\/dev.inrs.ca\/en\/studies\/registrars-office\/guides-to-success-in-graduate-studies\/","name":"INRS | Guides to Success in Graduate Studies | Current Students","isPartOf":{"@id":"https:\/\/dev.inrs.ca\/en\/#website"},"primaryImageOfPage":{"@id":"https:\/\/dev.inrs.ca\/en\/studies\/registrars-office\/guides-to-success-in-graduate-studies\/#primaryimage"},"image":{"@id":"https:\/\/dev.inrs.ca\/en\/studies\/registrars-office\/guides-to-success-in-graduate-studies\/#primaryimage"},"thumbnailUrl":"https:\/\/dev.inrs.ca\/wp-content\/uploads\/2020\/09\/INRS-etudier-guides-etudes-maitrise-doctorat-laetitiaphotographe-0345.jpg","datePublished":"2021-05-28T22:05:39+00:00","dateModified":"2021-08-31T19:15:40+00:00","description":"Whether you\u2019ve chosen to pursue a master\u2019s degree or a doctorate,, you\u2019ll need educational guides and tools throughout your time at INRS.","breadcrumb":{"@id":"https:\/\/dev.inrs.ca\/en\/studies\/registrars-office\/guides-to-success-in-graduate-studies\/#breadcrumb"},"inLanguage":"en-CA","potentialAction":[{"@type":"ReadAction","target":["https:\/\/dev.inrs.ca\/en\/studies\/registrars-office\/guides-to-success-in-graduate-studies\/"]}]},{"@type":"ImageObject","inLanguage":"en-CA","@id":"https:\/\/dev.inrs.ca\/en\/studies\/registrars-office\/guides-to-success-in-graduate-studies\/#primaryimage","url":"https:\/\/dev.inrs.ca\/wp-content\/uploads\/2020\/09\/INRS-etudier-guides-etudes-maitrise-doctorat-laetitiaphotographe-0345.jpg","contentUrl":"https:\/\/dev.inrs.ca\/wp-content\/uploads\/2020\/09\/INRS-etudier-guides-etudes-maitrise-doctorat-laetitiaphotographe-0345.jpg","width":1000,"height":666},{"@type":"BreadcrumbList","@id":"https:\/\/dev.inrs.ca\/en\/studies\/registrars-office\/guides-to-success-in-graduate-studies\/#breadcrumb","itemListElement":[{"@type":"ListItem","position":1,"name":"Studies","item":"https:\/\/dev.inrs.ca\/les-etudes\/"},{"@type":"ListItem","position":2,"name":"Registrar\u2019s Office","item":"https:\/\/dev.inrs.ca\/les-etudes\/bureau-du-registraire\/"},{"@type":"ListItem","position":3,"name":"Guides to Success in Graduate Studies"}]},{"@type":"WebSite","@id":"https:\/\/dev.inrs.ca\/en\/#website","url":"https:\/\/dev.inrs.ca\/en\/","name":"INRS","description":"Institut national de la recherche scientifique","potentialAction":[{"@type":"SearchAction","target":{"@type":"EntryPoint","urlTemplate":"https:\/\/dev.inrs.ca\/en\/?s={search_term_string}"},"query-input":{"@type":"PropertyValueSpecification","valueRequired":true,"valueName":"search_term_string"}}],"inLanguage":"en-CA"}]}},"_links":{"self":[{"href":"https:\/\/dev.inrs.ca\/en\/wp-json\/wp\/v2\/pages\/59915","targetHints":{"allow":["GET"]}}],"collection":[{"href":"https:\/\/dev.inrs.ca\/en\/wp-json\/wp\/v2\/pages"}],"about":[{"href":"https:\/\/dev.inrs.ca\/en\/wp-json\/wp\/v2\/types\/page"}],"author":[{"embeddable":true,"href":"https:\/\/dev.inrs.ca\/en\/wp-json\/wp\/v2\/users\/3"}],"replies":[{"embeddable":true,"href":"https:\/\/dev.inrs.ca\/en\/wp-json\/wp\/v2\/comments?post=59915"}],"version-history":[{"count":5,"href":"https:\/\/dev.inrs.ca\/en\/wp-json\/wp\/v2\/pages\/59915\/revisions"}],"predecessor-version":[{"id":71796,"href":"https:\/\/dev.inrs.ca\/en\/wp-json\/wp\/v2\/pages\/59915\/revisions\/71796"}],"up":[{"embeddable":true,"href":"https:\/\/dev.inrs.ca\/en\/wp-json\/wp\/v2\/pages\/13322"}],"wp:featuredmedia":[{"embeddable":true,"href":"https:\/\/dev.inrs.ca\/en\/wp-json\/wp\/v2\/media\/59917"}],"wp:attachment":[{"href":"https:\/\/dev.inrs.ca\/en\/wp-json\/wp\/v2\/media?parent=59915"}],"wp:term":[{"taxonomy":"page_type","embeddable":true,"href":"https:\/\/dev.inrs.ca\/en\/wp-json\/wp\/v2\/page_type?post=59915"},{"taxonomy":"wf_page_folders","embeddable":true,"href":"https:\/\/dev.inrs.ca\/en\/wp-json\/wp\/v2\/wf_page_folders?post=59915"}],"curies":[{"name":"wp","href":"https:\/\/api.w.org\/{rel}","templated":true}]}}