{"id":59290,"date":"2021-06-03T06:21:23","date_gmt":"2021-06-03T10:21:23","guid":{"rendered":"https:\/\/dev.inrs.ca\/?page_id=59290"},"modified":"2021-09-10T16:43:07","modified_gmt":"2021-09-10T20:43:07","slug":"joint-research-units","status":"publish","type":"page","link":"https:\/\/dev.inrs.ca\/en\/research\/joint-research-units\/","title":{"rendered":"Joint Research Units"},"content":{"rendered":"\n<p class=\"is-style-default has-large-font-size\"><strong>Joint research units (UMRs) create and consolidate interuniversity research and innovation clusters across Qu\u00e9bec (particularly outside urban areas) through joint projects by Institut national de la recherche scientifique (INRS) and five partner universities from the Universit\u00e9 du Qu\u00e9bec (UQ) network.<\/strong><\/p>\n\n\n\n<div style=\"height:20px\" aria-hidden=\"true\" class=\"wp-block-spacer\"><\/div>\n\n\n\n<p class=\"is-style-default\">These interuniversity research groups study strategic themes of priority interest to Qu\u00e9bec, such <strong>energy transition materials and technologies<\/strong>, <strong>cybersecurity<\/strong>, <strong>digital transformation in support of regional development<\/strong>, <strong>sustainable health<\/strong>, and <strong>Indigenous studies<\/strong>. Partner universities are Universit\u00e9 du Qu\u00e9bec \u00e0 Chicoutimi (UQAC), Universit\u00e9 du Qu\u00e9bec \u00e0 Rimouski (UQAR), Universit\u00e9 du Qu\u00e9bec en Abitibi-T\u00e9miscamingue (UQAT), Universit\u00e9 du Qu\u00e9bec en Outaouais (UQO), and Universit\u00e9 du Qu\u00e9bec \u00e0 Trois-Rivi\u00e8res (UQTR).<\/p>\n\n\n<div class=\"content-page-list-ctn\">\n    <h4 class=\"title\"><\/h4>\n    <div class=\"featured-cta-ctn -trio\">\n                    <div class=\"item jsBlockLink\">\n                <div class=\"image\">\n                                            <img decoding=\"async\" src=\"https:\/\/dev.inrs.ca\/wp-content\/uploads\/2021\/03\/cybersecurite-unite-mixte-recherche-inrs-uqo-600x400.jpeg\" alt=\"INRS-UQO Joint Research Unit in Cybersecurity\">\n                                    <\/div>\n                <div class=\"info\">\n                    <a class=\"link\" href=\"\/en\/research\/research-chairs-groups-and-networks\/find-research-chair-group-or-network\/inrs-uqo-joint-research-unit-in-cybersecurity\/\">INRS-UQO Joint Research Unit in Cybersecurity<\/a>\n                <\/div>\n            <\/div>\n                    <div class=\"item jsBlockLink\">\n                <div class=\"image\">\n                                            <img decoding=\"async\" src=\"https:\/\/dev.inrs.ca\/wp-content\/uploads\/2021\/03\/umr-transformation-numerique-600x400.png\" alt=\"INRS-UQAR Joint Research Unit in Digital Transformation in Support of Regional Development\">\n                                    <\/div>\n                <div class=\"info\">\n                    <a class=\"link\" href=\"\/en\/research\/research-chairs-groups-and-networks\/find-research-chair-group-or-network\/inrs-uqar-joint-research-unit-in-digital-transformation-in-support-of-regional-development\/\">INRS-UQAR Joint Research Unit in Digital Transformation in Support of Regional Development<\/a>\n                <\/div>\n            <\/div>\n                    <div class=\"item jsBlockLink\">\n                <div class=\"image\">\n                                            <img decoding=\"async\" src=\"https:\/\/dev.inrs.ca\/wp-content\/uploads\/2021\/03\/UMR-Sante-Durable-img-600x400.png\" alt=\"INRS-UQAC Joint Research Unit in Sustainable Health\">\n                                    <\/div>\n                <div class=\"info\">\n                    <a class=\"link\" href=\"\/en\/research\/research-chairs-groups-and-networks\/find-research-chair-group-or-network\/inrs-uqac-joint-research-unit-in-sustainable-health\/\">INRS-UQAC Joint Research Unit in Sustainable Health<\/a>\n                <\/div>\n            <\/div>\n            <\/div>\n<\/div>\n\n<div class=\"content-page-list-ctn\">\n    <h4 class=\"title\"><\/h4>\n    <div class=\"featured-cta-ctn -trio\">\n                    <div class=\"item jsBlockLink\">\n                <div class=\"image\">\n                                            <img decoding=\"async\" src=\"https:\/\/dev.inrs.ca\/wp-content\/uploads\/2021\/03\/umr-etudes-autochtones-inrs-uqat-600x400.png\" alt=\"INRS-UQAT Joint Research Unit in Indigenous Studies\">\n                                    <\/div>\n                <div class=\"info\">\n                    <a class=\"link\" href=\"\/en\/research\/research-chairs-groups-and-networks\/find-research-chair-group-or-network\/inrs-uqat-joint-research-unit-in-indigenous-studies\/\">INRS-UQAT Joint Research Unit in Indigenous Studies<\/a>\n                <\/div>\n            <\/div>\n                    <div class=\"item jsBlockLink\">\n                <div class=\"image\">\n                                            <img decoding=\"async\" src=\"https:\/\/dev.inrs.ca\/wp-content\/uploads\/2021\/03\/umr-transition-energetique-inrs-uqtr-1-600x400.jpeg\" alt=\"Joint Research Unit in Energy Transition Materials and Technologies\">\n                                    <\/div>\n                <div class=\"info\">\n                    <a class=\"link\" href=\"\/en\/research\/research-chairs-groups-and-networks\/find-research-chair-group-or-network\/joint-research-unit-in-energy-transition-materials-and-technologies\/\">Joint Research Unit in Energy Transition Materials and Technologies<\/a>\n                <\/div>\n            <\/div>\n            <\/div>\n<\/div>\n\n\n<blockquote class=\"wp-block-quote is-layout-flow wp-block-quote-is-layout-flow\"><p>The purpose of UMRs is to build national and international leadership in strategic sectors for Qu\u00e9bec and accelerate the development of research capacity at regional academic institutions.<\/p><\/blockquote>\n\n\n\n<div class=\"wp-block-columns is-layout-flex wp-container-core-columns-is-layout-1 wp-block-columns-is-layout-flex\">\n<div class=\"wp-block-column is-layout-flow wp-block-column-is-layout-flow\" style=\"flex-basis:30%\">\n<div class=\"wp-block-image\"><figure class=\"alignleft size-large is-resized\"><img loading=\"lazy\" decoding=\"async\" src=\"https:\/\/dev.inrs.ca\/wp-content\/uploads\/2020\/10\/Logo-INRS-horizontal-web-1024x622.png\" alt=\"\" width=\"256\" height=\"156\"\/><\/figure><\/div>\n\n\n\n<div style=\"height:20px\" aria-hidden=\"true\" class=\"wp-block-spacer\"><\/div>\n\n\n\n<div class=\"wp-block-image\"><figure class=\"alignleft size-large is-resized\"><img loading=\"lazy\" decoding=\"async\" src=\"https:\/\/dev.inrs.ca\/wp-content\/uploads\/2021\/03\/uqac527x316.jpg\" alt=\"\" width=\"175\" height=\"105\"\/><\/figure><\/div>\n\n\n\n<div style=\"height:20px\" aria-hidden=\"true\" class=\"wp-block-spacer\"><\/div>\n\n\n\n<div class=\"wp-block-image\"><figure class=\"alignleft size-large is-resized\"><img loading=\"lazy\" decoding=\"async\" src=\"https:\/\/dev.inrs.ca\/wp-content\/uploads\/2021\/03\/logo-uqo-hr-300x147.jpg\" alt=\"\" width=\"150\" height=\"74\"\/><\/figure><\/div>\n\n\n\n<div style=\"height:20px\" aria-hidden=\"true\" class=\"wp-block-spacer\"><\/div>\n\n\n\n<div class=\"wp-block-image\"><figure class=\"alignleft size-large is-resized\"><img loading=\"lazy\" decoding=\"async\" src=\"https:\/\/dev.inrs.ca\/wp-content\/uploads\/2021\/03\/uqar-avec-signature-rimouski-bleu-noir-300-300x164.jpg\" alt=\"\" width=\"150\" height=\"82\"\/><\/figure><\/div>\n\n\n\n<div style=\"height:20px\" aria-hidden=\"true\" class=\"wp-block-spacer\"><\/div>\n\n\n\n<div class=\"wp-block-image\"><figure class=\"alignleft size-large is-resized\"><img loading=\"lazy\" decoding=\"async\" src=\"https:\/\/dev.inrs.ca\/wp-content\/uploads\/2021\/03\/UQAT_logotype_RGB_XL-300x97.png\" alt=\"\" width=\"150\" height=\"49\"\/><\/figure><\/div>\n\n\n\n<div style=\"height:20px\" aria-hidden=\"true\" class=\"wp-block-spacer\"><\/div>\n\n\n\n<div class=\"wp-block-image\"><figure class=\"alignleft size-large is-resized\"><img loading=\"lazy\" decoding=\"async\" src=\"https:\/\/dev.inrs.ca\/wp-content\/uploads\/2021\/03\/h-UQTR-300x140.jpg\" alt=\"\" width=\"221\" height=\"150\"\/><\/figure><\/div>\n<\/div>\n\n\n\n<div class=\"wp-block-column is-layout-flow wp-block-column-is-layout-flow\" style=\"flex-basis:70%\">\n<div style=\"height:40px\" aria-hidden=\"true\" class=\"wp-block-spacer\"><\/div>\n\n\n\n<blockquote class=\"wp-block-quote is-layout-flow wp-block-quote-is-layout-flow\"><p><a href=\"https:\/\/dev.inrs.ca\/en\/research\/research-chairs-groups-and-networks\/find-research-chair-group-or-network\/inrs-uqac-joint-research-unit-in-sustainable-health\/\">INRS-UQAC Joint Research Unit in Sustainable Health<\/a><\/p><p><a href=\"https:\/\/dev.inrs.ca\/en\/research\/research-chairs-groups-and-networks\/find-research-chair-group-or-network\/inrs-uqo-joint-research-unit-in-cybersecurity\/\">INRS-UQO Joint Research Unit in Cybersecurity<\/a><\/p><p><a href=\"https:\/\/dev.inrs.ca\/en\/research\/research-chairs-groups-and-networks\/find-research-chair-group-or-network\/inrs-uqar-joint-research-unit-in-digital-transformation-in-support-of-regional-development\/\">INRS-UQAR Joint Research Unit in Digital Transformation in Support of Regional Development<\/a><\/p><p><a href=\"https:\/\/dev.inrs.ca\/en\/research\/research-chairs-groups-and-networks\/find-research-chair-group-or-network\/inrs-uqat-joint-research-unit-in-indigenous-studies\/\">INRS-UQAT Joint Research Unit in Indigenous Studie<\/a>s<\/p><p><a href=\"https:\/\/dev.inrs.ca\/en\/research\/research-chairs-groups-and-networks\/find-research-chair-group-or-network\/joint-research-centre-in-energy-transition-materials-and-technologies\/\" class=\"broken_link\">INRS-UQTR Joint Research Unit in Energy Transition Materials and Technologies<\/a> <\/p><\/blockquote>\n\n\n\n<p class=\"is-style-default\"><\/p>\n<\/div>\n<\/div>\n\n\n\n<div style=\"height:20px\" aria-hidden=\"true\" class=\"wp-block-spacer\"><\/div>\n\n\n\n<h2 class=\"wp-block-heading\">What is a joint research unit?<\/h2>\n\n\n\n<p>A joint research unit (UMR) is an interuniversity research group, recognized by INRS and the host university where the research is conducted, that is dedicated to fostering private and public partnerships and contributing fully to the economic, social, and cultural development of the host region.<\/p>\n\n\n\n<p>Each joint research unit between INRS and a partner university conducts high-level research and trains highly qualified personnel in scientific fields that address pressing societal needs in Qu\u00e9bec and around the world. Many students receive training through the research projects and programs offered at each UMR. Every UMR generates considerable spinoffs for their region.<\/p>\n\n\n\n<p>These research units are considered \u201cjoint\u201d because they involve professors from both INRS and the host university. INRS and the host university work together to form a joint implementation committee for the UMR\u2019s designated research sector.<\/p>\n\n\n\n<div class=\"wp-block-columns is-layout-flex wp-container-core-columns-is-layout-2 wp-block-columns-is-layout-flex\">\n<div class=\"wp-block-column is-layout-flow wp-block-column-is-layout-flow\" style=\"flex-basis:30%\">\n<figure class=\"wp-block-image size-large\"><img decoding=\"async\" src=\"https:\/\/dev.inrs.ca\/wp-content\/uploads\/2021\/03\/logo-quebec-300x60.png\" alt=\"\"\/><\/figure>\n\n\n\n<div style=\"height:20px\" aria-hidden=\"true\" class=\"wp-block-spacer\"><\/div>\n\n\n\n<figure class=\"wp-block-image size-large\"><img decoding=\"async\" src=\"https:\/\/dev.inrs.ca\/wp-content\/uploads\/2021\/03\/uq1_couleur300-300x43.jpg\" alt=\"\"\/><\/figure>\n<\/div>\n\n\n\n<div class=\"wp-block-column is-layout-flow wp-block-column-is-layout-flow\" style=\"flex-basis:70%\">\n<h3 class=\"wp-block-heading\">Joint research unit funding<\/h3>\n\n\n\n<p>Joint research units <a href=\"https:\/\/dev.inrs.ca\/actualites\/linrs-obtient-15-m-du-gouvernement-du-quebec-pour-la-recherche-en-region\/\">receive initial funding of $15 million from the Qu\u00e9bec government<\/a> (in French). This allows for the creation of 15 additional faculty positions at INRS (i.e., 3 per UMR). These new faculty members are located at each partner university in the <a href=\"https:\/\/www.uquebec.ca\/reseau\/fr\/contenu\/english-section\" target=\"_blank\" rel=\"noreferrer noopener\">UQ network<\/a>.<\/p>\n<\/div>\n<\/div>\n\n\n\n<p><\/p>\n","protected":false},"excerpt":{"rendered":"<p>Joint research units (UMRs) create and consolidate interuniversity research and innovation groups across Qu\u00e9bec (particularly outside urban areas) through joint projects by Institut national de la recherche scientifique (INRS) and five partner universities from the Universit\u00e9 du Qu\u00e9bec (UQ) network.<\/p>\n","protected":false},"author":3,"featured_media":59292,"parent":19618,"menu_order":0,"comment_status":"closed","ping_status":"closed","template":"templates\/research-infrastructure.php","meta":{"_acf_changed":false,"footnotes":""},"page_type":[],"wf_page_folders":[],"class_list":["post-59290","page","type-page","status-publish","has-post-thumbnail","hentry"],"acf":[],"yoast_head":"<!-- This site is optimized with the Yoast SEO Premium plugin v24.6 (Yoast SEO v24.6) - https:\/\/yoast.com\/wordpress\/plugins\/seo\/ -->\n<title>INRS | Joint Research Units | Interuniversity Research and Innovation<\/title>\n<meta name=\"description\" content=\"INRS&#039;s Joint research units (UMRs) create and consolidate interuniversity research and innovation groups across Qu\u00e9bec (particularly outside urban areas) through joint projects by Institut national de la recherche scientifique (INRS) and five partner universities.\" \/>\n<meta name=\"robots\" content=\"noindex, follow, max-snippet:-1, max-image-preview:large, max-video-preview:-1\" \/>\n<meta property=\"og:locale\" content=\"en_US\" \/>\n<meta property=\"og:type\" content=\"article\" \/>\n<meta property=\"og:title\" content=\"INRS | Joint Research Units | Interuniversity Research and Innovation\" \/>\n<meta property=\"og:description\" content=\"INRS&#039;s Joint research units (UMRs) create and consolidate interuniversity research and innovation groups across Qu\u00e9bec (particularly outside urban areas) through joint projects by Institut national de la recherche scientifique (INRS) and five partner universities.\" \/>\n<meta property=\"og:url\" content=\"https:\/\/dev.inrs.ca\/en\/research\/joint-research-units\/\" \/>\n<meta property=\"og:site_name\" content=\"INRS\" \/>\n<meta property=\"article:publisher\" content=\"https:\/\/www.facebook.com\/inrsciences\/\" \/>\n<meta property=\"article:modified_time\" content=\"2021-09-10T20:43:07+00:00\" \/>\n<meta property=\"og:image\" content=\"https:\/\/dev.inrs.ca\/wp-content\/uploads\/2021\/03\/unites-mixtes-de-recherche-inrs-1000x780-1.jpg\" \/>\n\t<meta property=\"og:image:width\" content=\"1000\" \/>\n\t<meta property=\"og:image:height\" content=\"780\" \/>\n\t<meta property=\"og:image:type\" content=\"image\/jpeg\" \/>\n<meta name=\"twitter:card\" content=\"summary_large_image\" \/>\n<meta name=\"twitter:site\" content=\"@inrsciences\" \/>\n<meta name=\"twitter:label1\" content=\"Est. reading time\" \/>\n\t<meta name=\"twitter:data1\" content=\"2 minutes\" \/>\n<script type=\"application\/ld+json\" class=\"yoast-schema-graph\">{\"@context\":\"https:\/\/schema.org\",\"@graph\":[{\"@type\":\"WebPage\",\"@id\":\"https:\/\/dev.inrs.ca\/en\/research\/joint-research-units\/\",\"url\":\"https:\/\/dev.inrs.ca\/en\/research\/joint-research-units\/\",\"name\":\"INRS | Joint Research Units | Interuniversity Research and Innovation\",\"isPartOf\":{\"@id\":\"https:\/\/dev.inrs.ca\/en\/#website\"},\"primaryImageOfPage\":{\"@id\":\"https:\/\/dev.inrs.ca\/en\/research\/joint-research-units\/#primaryimage\"},\"image\":{\"@id\":\"https:\/\/dev.inrs.ca\/en\/research\/joint-research-units\/#primaryimage\"},\"thumbnailUrl\":\"https:\/\/dev.inrs.ca\/wp-content\/uploads\/2021\/03\/unites-mixtes-de-recherche-inrs-1000x780-1.jpg\",\"datePublished\":\"2021-06-03T10:21:23+00:00\",\"dateModified\":\"2021-09-10T20:43:07+00:00\",\"description\":\"INRS's Joint research units (UMRs) create and consolidate interuniversity research and innovation groups across Qu\u00e9bec (particularly outside urban areas) through joint projects by Institut national de la recherche scientifique (INRS) and five partner universities.\",\"breadcrumb\":{\"@id\":\"https:\/\/dev.inrs.ca\/en\/research\/joint-research-units\/#breadcrumb\"},\"inLanguage\":\"en-CA\",\"potentialAction\":[{\"@type\":\"ReadAction\",\"target\":[\"https:\/\/dev.inrs.ca\/en\/research\/joint-research-units\/\"]}]},{\"@type\":\"ImageObject\",\"inLanguage\":\"en-CA\",\"@id\":\"https:\/\/dev.inrs.ca\/en\/research\/joint-research-units\/#primaryimage\",\"url\":\"https:\/\/dev.inrs.ca\/wp-content\/uploads\/2021\/03\/unites-mixtes-de-recherche-inrs-1000x780-1.jpg\",\"contentUrl\":\"https:\/\/dev.inrs.ca\/wp-content\/uploads\/2021\/03\/unites-mixtes-de-recherche-inrs-1000x780-1.jpg\",\"width\":1000,\"height\":780,\"caption\":\"Research Joint Units une goutte d'eau\"},{\"@type\":\"BreadcrumbList\",\"@id\":\"https:\/\/dev.inrs.ca\/en\/research\/joint-research-units\/#breadcrumb\",\"itemListElement\":[{\"@type\":\"ListItem\",\"position\":1,\"name\":\"Research\",\"item\":\"https:\/\/dev.inrs.ca\/la-recherche\/\"},{\"@type\":\"ListItem\",\"position\":2,\"name\":\"Joint Research Units\"}]},{\"@type\":\"WebSite\",\"@id\":\"https:\/\/dev.inrs.ca\/en\/#website\",\"url\":\"https:\/\/dev.inrs.ca\/en\/\",\"name\":\"INRS\",\"description\":\"Institut national de la recherche scientifique\",\"potentialAction\":[{\"@type\":\"SearchAction\",\"target\":{\"@type\":\"EntryPoint\",\"urlTemplate\":\"https:\/\/dev.inrs.ca\/en\/?s={search_term_string}\"},\"query-input\":{\"@type\":\"PropertyValueSpecification\",\"valueRequired\":true,\"valueName\":\"search_term_string\"}}],\"inLanguage\":\"en-CA\"}]}<\/script>\n<!-- \/ Yoast SEO Premium plugin. -->","yoast_head_json":{"title":"INRS | Joint Research Units | Interuniversity Research and Innovation","description":"INRS's Joint research units (UMRs) create and consolidate interuniversity research and innovation groups across Qu\u00e9bec (particularly outside urban areas) through joint projects by Institut national de la recherche scientifique (INRS) and five partner universities.","robots":{"index":"noindex","follow":"follow","max-snippet":"max-snippet:-1","max-image-preview":"max-image-preview:large","max-video-preview":"max-video-preview:-1"},"og_locale":"en_US","og_type":"article","og_title":"INRS | Joint Research Units | Interuniversity Research and Innovation","og_description":"INRS's Joint research units (UMRs) create and consolidate interuniversity research and innovation groups across Qu\u00e9bec (particularly outside urban areas) through joint projects by Institut national de la recherche scientifique (INRS) and five partner universities.","og_url":"https:\/\/dev.inrs.ca\/en\/research\/joint-research-units\/","og_site_name":"INRS","article_publisher":"https:\/\/www.facebook.com\/inrsciences\/","article_modified_time":"2021-09-10T20:43:07+00:00","og_image":[{"width":1000,"height":780,"url":"https:\/\/dev.inrs.ca\/wp-content\/uploads\/2021\/03\/unites-mixtes-de-recherche-inrs-1000x780-1.jpg","type":"image\/jpeg"}],"twitter_card":"summary_large_image","twitter_site":"@inrsciences","twitter_misc":{"Est. reading time":"2 minutes"},"schema":{"@context":"https:\/\/schema.org","@graph":[{"@type":"WebPage","@id":"https:\/\/dev.inrs.ca\/en\/research\/joint-research-units\/","url":"https:\/\/dev.inrs.ca\/en\/research\/joint-research-units\/","name":"INRS | Joint Research Units | Interuniversity Research and Innovation","isPartOf":{"@id":"https:\/\/dev.inrs.ca\/en\/#website"},"primaryImageOfPage":{"@id":"https:\/\/dev.inrs.ca\/en\/research\/joint-research-units\/#primaryimage"},"image":{"@id":"https:\/\/dev.inrs.ca\/en\/research\/joint-research-units\/#primaryimage"},"thumbnailUrl":"https:\/\/dev.inrs.ca\/wp-content\/uploads\/2021\/03\/unites-mixtes-de-recherche-inrs-1000x780-1.jpg","datePublished":"2021-06-03T10:21:23+00:00","dateModified":"2021-09-10T20:43:07+00:00","description":"INRS's Joint research units (UMRs) create and consolidate interuniversity research and innovation groups across Qu\u00e9bec (particularly outside urban areas) through joint projects by Institut national de la recherche scientifique (INRS) and five partner universities.","breadcrumb":{"@id":"https:\/\/dev.inrs.ca\/en\/research\/joint-research-units\/#breadcrumb"},"inLanguage":"en-CA","potentialAction":[{"@type":"ReadAction","target":["https:\/\/dev.inrs.ca\/en\/research\/joint-research-units\/"]}]},{"@type":"ImageObject","inLanguage":"en-CA","@id":"https:\/\/dev.inrs.ca\/en\/research\/joint-research-units\/#primaryimage","url":"https:\/\/dev.inrs.ca\/wp-content\/uploads\/2021\/03\/unites-mixtes-de-recherche-inrs-1000x780-1.jpg","contentUrl":"https:\/\/dev.inrs.ca\/wp-content\/uploads\/2021\/03\/unites-mixtes-de-recherche-inrs-1000x780-1.jpg","width":1000,"height":780,"caption":"Research Joint Units une goutte d'eau"},{"@type":"BreadcrumbList","@id":"https:\/\/dev.inrs.ca\/en\/research\/joint-research-units\/#breadcrumb","itemListElement":[{"@type":"ListItem","position":1,"name":"Research","item":"https:\/\/dev.inrs.ca\/la-recherche\/"},{"@type":"ListItem","position":2,"name":"Joint Research Units"}]},{"@type":"WebSite","@id":"https:\/\/dev.inrs.ca\/en\/#website","url":"https:\/\/dev.inrs.ca\/en\/","name":"INRS","description":"Institut national de la recherche scientifique","potentialAction":[{"@type":"SearchAction","target":{"@type":"EntryPoint","urlTemplate":"https:\/\/dev.inrs.ca\/en\/?s={search_term_string}"},"query-input":{"@type":"PropertyValueSpecification","valueRequired":true,"valueName":"search_term_string"}}],"inLanguage":"en-CA"}]}},"_links":{"self":[{"href":"https:\/\/dev.inrs.ca\/en\/wp-json\/wp\/v2\/pages\/59290","targetHints":{"allow":["GET"]}}],"collection":[{"href":"https:\/\/dev.inrs.ca\/en\/wp-json\/wp\/v2\/pages"}],"about":[{"href":"https:\/\/dev.inrs.ca\/en\/wp-json\/wp\/v2\/types\/page"}],"author":[{"embeddable":true,"href":"https:\/\/dev.inrs.ca\/en\/wp-json\/wp\/v2\/users\/3"}],"replies":[{"embeddable":true,"href":"https:\/\/dev.inrs.ca\/en\/wp-json\/wp\/v2\/comments?post=59290"}],"version-history":[{"count":5,"href":"https:\/\/dev.inrs.ca\/en\/wp-json\/wp\/v2\/pages\/59290\/revisions"}],"predecessor-version":[{"id":73409,"href":"https:\/\/dev.inrs.ca\/en\/wp-json\/wp\/v2\/pages\/59290\/revisions\/73409"}],"up":[{"embeddable":true,"href":"https:\/\/dev.inrs.ca\/en\/wp-json\/wp\/v2\/pages\/19618"}],"wp:featuredmedia":[{"embeddable":true,"href":"https:\/\/dev.inrs.ca\/en\/wp-json\/wp\/v2\/media\/59292"}],"wp:attachment":[{"href":"https:\/\/dev.inrs.ca\/en\/wp-json\/wp\/v2\/media?parent=59290"}],"wp:term":[{"taxonomy":"page_type","embeddable":true,"href":"https:\/\/dev.inrs.ca\/en\/wp-json\/wp\/v2\/page_type?post=59290"},{"taxonomy":"wf_page_folders","embeddable":true,"href":"https:\/\/dev.inrs.ca\/en\/wp-json\/wp\/v2\/wf_page_folders?post=59290"}],"curies":[{"name":"wp","href":"https:\/\/api.w.org\/{rel}","templated":true}]}}