{"id":52625,"date":"2021-03-24T15:47:07","date_gmt":"2021-03-24T19:47:07","guid":{"rendered":"https:\/\/dev.inrs.ca\/?page_id=52625"},"modified":"2021-03-24T16:04:53","modified_gmt":"2021-03-24T20:04:53","slug":"jacques-beaulieu-excellence-research-chair-2","status":"publish","type":"page","link":"https:\/\/dev.inrs.ca\/en\/research\/research-chairs-groups-and-networks\/find-research-chair-group-or-network\/jacques-beaulieu-excellence-research-chair\/","title":{"rendered":"Jacques-Beaulieu Excellence Research Chair"},"content":{"rendered":"\n<p class=\"has-large-font-size\"><strong>The Jacques-Beaulieu Excellence Research Chair pays tribute to the man who was the central pivot of the INRS-\u00c9nergie laser interaction program from 1970 to the late 1980s.<\/strong><\/p>\n\n\n\n<div style=\"height:20px\" aria-hidden=\"true\" class=\"wp-block-spacer\"><\/div>\n\n\n\n<div style=\"height:20px\" aria-hidden=\"true\" class=\"wp-block-spacer\"><\/div>\n\n\n\n<div class=\"wp-block-image is-style-default\"><figure class=\"alignright size-large is-resized\"><img loading=\"lazy\" decoding=\"async\" src=\"https:\/\/dev.inrs.ca\/wp-content\/uploads\/\/2020\/02\/PWeiss-685x1024.jpg\" alt=\"Paul S. Weiss, distinguished professor and holder of the UC Presidential Chair of the University of California (UCLA).\" class=\"wp-image-1483\" width=\"343\" height=\"512\" srcset=\"https:\/\/dev.inrs.ca\/wp-content\/uploads\/2020\/02\/PWeiss-685x1024.jpg 685w, https:\/\/dev.inrs.ca\/wp-content\/uploads\/2020\/02\/PWeiss-201x300.jpg 201w, https:\/\/dev.inrs.ca\/wp-content\/uploads\/2020\/02\/PWeiss-768x1148.jpg 768w, https:\/\/dev.inrs.ca\/wp-content\/uploads\/2020\/02\/PWeiss.jpg 803w\" sizes=\"auto, (max-width: 343px) 100vw, 343px\" \/><figcaption>Paul S. Weiss, distinguished professor and holder of the UC Presidential Chair of the University of California (UCLA)<\/figcaption><\/figure><\/div>\n\n\n\n<h2 class=\"wp-block-heading\"><strong>Paul S. Weiss, 5<sup>th<\/sup> holder  <\/strong><\/h2>\n\n\n\n<p class=\"has-drop-cap\" style=\"font-size:clamp(14px, 0.875rem + ((1vw - 3.2px) * 0.723), 20px);px\"><strong>Considered a giant in the world of nanoscience, Paul S. Weiss is a distinguished professor and holder of the UC Presidential Chair of the University of California (UCLA). He was also director of the California NanoSystems Institute and a professor at Pennsylvania State University.<\/strong><\/p>\n\n\n\n<p>A world-renowned scientist, Weiss explores the atomic-scale chemical, physical, optical, mechanical, and electronic properties of supramolecular surfaces and assemblies.<\/p>\n\n\n\n<p>He has produced pioneering work on molecular assemblies on surfaces characterized by scanning tunnelling microscopy.<\/p>\n\n\n\n<p>His impressive scientific output includes more than 300 publications and some twenty patents. His achievements in nanoscience cover a broad range of fields and have earned him extensive recognition and distinguished awards, as well as invitations to sit on many national and international committees. Professor Weiss is a great scientific communicator with a gift for explaining highly complex research in terms the general public can understand. He is the founding and current editor-in-chief of ACS Nano, one of the most widely acclaimed nanoscience journals published by the American Chemical Society.&nbsp;<\/p>\n\n\n\n<div style=\"height:20px\" aria-hidden=\"true\" class=\"wp-block-spacer\"><\/div>\n\n\n\n<h2 class=\"wp-block-heading\">About the Jacques-Beaulieu Excellence Research Chair<\/h2>\n\n\n\n<p class=\"has-drop-cap\">Named in honour of&nbsp;<a href=\"http:\/\/www.emt.dev.inrs.ca\/emt\/recherche\/chaires-groupes-reseaux\/chaire-excellence-jacques-beaulieu\" target=\"_blank\" rel=\"noreferrer noopener\"><strong>physician Jacques Beaulieu<\/strong><\/a>, a researcher and pioneer of the carbon dioxide (CO<sub>2<\/sub>-TEA) laser who indelibly shaped the landscape of Quebec research, the Jacques-Beaulieu Excellence Research Chair seeks to recognize the cutting-edge work of INRS&#8217;s <a href=\"https:\/\/dev.inrs.ca\/en\/inrs\/research-centres\/energie-materiaux-telecommunications-research-centre\/\"><strong>\u00c9nergie Mat\u00e9riaux T\u00e9l\u00e9communications Research Centre<\/strong><\/a> in photonics, optics, telecommunications, advanced materials, energy, and other sectors. As with the <a href=\"http:\/\/www.chaires-blaise-pascal.ens.fr\/news\/?lang=enhttp:\/\/www.chaires-blaise-pascal.ens.fr\/news\/?lang=en\" target=\"_blank\" rel=\"noreferrer noopener\" class=\"broken_link\"><strong>Blaise Pascal Chair<\/strong><\/a> in France, the choice of chairholder and research sector rotates.<\/p>\n\n\n\n<div style=\"height:20px\" aria-hidden=\"true\" class=\"wp-block-spacer\"><\/div>\n\n\n<div class=\"content-accordion-ctn js-accordion\">\n    <p class=\"title\">Pierre Duhamel, 4th holder<\/p>\n    <div class=\"inner\">\n        <div>\n            <p><span style=\"font-size: 14pt;\"><strong>Pierre Duhamel, leading authority in the field of signal processing for communications.<\/strong><\/span><\/p>\n<p><span style=\"font-size: 14pt;\"><!-- \/wp:paragraph --> <!-- wp:paragraph --><\/span><\/p>\n<p>A leading authority in the field of signal processing for communications,\u00a0<a href=\"http:\/\/www.l2s.centralesupelec.fr\/en\/perso\/pierre.duhamel\" target=\"_blank\" rel=\"noreferrer noopener\">Pierre Duhamel<\/a>\u00a0is research director at\u00a0<a href=\"http:\/\/www.cnrs.fr\/\" target=\"_blank\" rel=\"noreferrer noopener\">the French National Centre for Scientific Research (CNRS)<\/a>\u00a0and head of the\u00a0<a href=\"http:\/\/www.l2s.centralesupelec.fr\/en\/telecoms\/division-telecoms-and-networks\" target=\"_blank\" rel=\"noreferrer noopener\">Telecoms and Networks Division<\/a>\u00a0of the\u00a0<a href=\"http:\/\/www.l2s.centralesupelec.fr\/en\" target=\"_blank\" rel=\"noreferrer noopener\">Signals and Systems Laboratory (L2S)<\/a>\u00a0a research unit of CNRS-Centrale, Sup\u00e9lec, and Paris-Sud University. Throughout his career, he has contributed to advancing research at France\u2019s largest telecommunications institutions. His work has focused on signal theory, signal processing for digital communications and multimedia, and digital communications. Pierre Duhamel is a prolific researcher, with 28 patents, more than 80 articles, and four book chapters to his credit, and is coauthor of\u00a0<a href=\"http:\/\/www.sciencedirect.com\/science\/book\/9780123744494\" target=\"_blank\" rel=\"noreferrer noopener\">Joint Source-Channel Decoding. A Cross-Layer Perspective with Applications in Video Broadcasting over Mobile and Wireless Networks<\/a>. He has been a member and chair of a number of IEEE committees, and has been elected IEEE Fellow and Eurasip Fellow. In 2000 he was awarded the Grand prix France T\u00e9l\u00e9com by France\u2019s Academy of Sciences, which recognizes a fundamental or applied research project in telecommunications that has enhanced services, networks, equipment, or components.<\/p>\n\n        <\/div>\n    <\/div>\n<\/div>\n\n<div class=\"content-accordion-ctn js-accordion\">\n    <p class=\"title\">Alexander O. Govorov, 3rd holder <\/p>\n    <div class=\"inner\">\n        <div>\n            <p><span style=\"font-size: 14pt;\"><strong>A world-renowned expert in the theoretical and digital physics of nanostructures, Alexander O. Govorov worked for 15 years as a researcher in the Siberian branch of the Russian Academy of Sciences before joining the Department of Physics and Astronomy at Ohio University.<\/strong><\/span><\/p>\n<p>His research interests include the optical and electronic properties of nanoscale structures like quantum dots and rings, plasmonic nanocrystals, nanowires, and molecular\/nanocrystal assemblies. A number of experimental research groups worldwide have demonstrated the accuracy of his theoretical calculations and predictions, which have led to key discoveries with benefits for nanotechnology and biotechnology. Professor Govorov also works on more practical applications such as biosensors and artificial light systems. His scientific output is remarkable and includes over 200 articles\u2014many published in leading international scientific journals like Nature, Nature Nanotechnology, Nature Materials, and Nature Physics. Known for his significant scientific accomplishments and extensive expertise, Professor Govorov is often invited to take part in international conferences and evaluate major research projects. A Fellow of the American Physical Society, he has received the Friedrich Wilhelm Bessel Research Award from the Alexander von Humboldt Foundation, the Ikerbasque Fellow Award (Spain), the Walton Visitor Award (Ireland), and the Chang-Jiang Scholars Award 2014 (China).<\/p>\n\n        <\/div>\n    <\/div>\n<\/div>\n\n<div class=\"content-accordion-ctn js-accordion\">\n    <p class=\"title\">Xiaowei Sun, 2nd holder<\/p>\n    <div class=\"inner\">\n        <div>\n            <p><span style=\"font-size: 14pt;\"><strong>Considered a leader in the field of electronic materials and devices, Xiaowei Sun is currently the head of the Department of Electrical and Electronic Engineering at South University of Science and Technology of China (SUSTC) in Shenzhen.<\/strong><\/span><\/p>\n<p>He enjoys an international reputation for his original and innovative contributions in the fields of advanced materials, light-emitting devices, and solar energy conversion. In addition, Professor Sun has developed a world-class research program at Singapore&#8217;s Nanyang Technological University (NTU). His multidisciplinary knowledge of materials science and the physics of devices have enabled him to create functional and reliable devices with real commercial potential. Indeed, his research has led to considerable advances in applications related to monocrystalline nanowires for flat screens, organic light-emitting diodes (OLEDs), and liquid crystal technology. This research has resulted in an impressive scientific output of some 300 articles published in prestigious international journals, and more than 6,000 citations. Moreover, the leading-edge nature and importance of his research has earned him numerous awards and accolades from such well-known organizations as SPIE, the Society for Information Display, and the Institute of Physics. In addition to being a visiting professor and researcher, particularly in China and Singapore, Professor Sun is regularly invited to evaluate international research projects, including in Israel, Switzerland, Finland, New Zealand, Hong Kong, Georgia, the United States, and Canada.<\/p>\n\n        <\/div>\n    <\/div>\n<\/div>\n\n<div class=\"content-accordion-ctn js-accordion\">\n    <p class=\"title\">G\u00e9rard Mourou, 1st holder<\/p>\n    <div class=\"inner\">\n        <div>\n            <p><span style=\"font-size: 14pt;\"><strong>G\u00e9rard Mourou, the first holder of the Jacques-Beaulieu Excellence Research Chair (January to June 2012), is one of the great inventors in optics and lasers. This physicist revolutionized the chirped pulse amplification (CPA) of short pulses, paving the way for smaller, ultra-powerful lasers.<\/strong><\/span><\/p>\n<p>His invention led to the large-scale introduction of short pulse lasers in medicine, biology, chemistry, and industry. Recently admitted to the Russian Academy of Science, Mourou received the Charles H. Townes award\u2014the most prestigious prize in optics, lasers, and quantum optics\u2014from the Optical Society of America. Dr. Mourou held this chair for six months, during which he participated in various public talks, presentations, seminars, and other activities. <a href=\"https:\/\/www.nobelprize.org\/prizes\/physics\/2018\/mourou\/facts\/\" target=\"_blank\" rel=\"noopener\">Winner of the Nobel Prize in Physics 2018<\/a><\/p>\n\n        <\/div>\n    <\/div>\n<\/div>","protected":false},"excerpt":{"rendered":"<p>The Jacques-Beaulieu Excellence Research Chair pays tribute to the man who was the central pivot of the INRS-\u00c9nergie laser interaction program from 1970 to the late 1980s.<\/p>\n","protected":false},"author":3,"featured_media":0,"parent":21773,"menu_order":0,"comment_status":"closed","ping_status":"closed","template":"","meta":{"_acf_changed":false,"footnotes":""},"page_type":[1214],"wf_page_folders":[117],"class_list":["post-52625","page","type-page","status-publish","hentry","page_type-chair-research-group"],"acf":[],"yoast_head":"<!-- This site is optimized with the Yoast SEO Premium plugin v24.6 (Yoast SEO v24.6) - https:\/\/yoast.com\/wordpress\/plugins\/seo\/ -->\n<title>Jacques-Beaulieu Excellence Research Chair | INRS<\/title>\n<meta name=\"description\" content=\"The Jacques Beaulieu Chair of Excellence pays tribute to the man who was the central pivot of the INRS-\u00c9nergie laser interaction program from 1970 to the late 1980s.\" \/>\n<meta name=\"robots\" content=\"noindex, follow, max-snippet:-1, max-image-preview:large, max-video-preview:-1\" \/>\n<meta property=\"og:locale\" content=\"en_US\" \/>\n<meta property=\"og:type\" content=\"article\" \/>\n<meta property=\"og:title\" content=\"Jacques-Beaulieu Excellence Research Chair | INRS\" \/>\n<meta property=\"og:description\" content=\"The Jacques Beaulieu Chair of Excellence pays tribute to the man who was the central pivot of the INRS-\u00c9nergie laser interaction program from 1970 to the late 1980s.\" \/>\n<meta property=\"og:url\" content=\"https:\/\/dev.inrs.ca\/en\/research\/research-chairs-groups-and-networks\/find-research-chair-group-or-network\/jacques-beaulieu-excellence-research-chair\/\" \/>\n<meta property=\"og:site_name\" content=\"INRS\" \/>\n<meta property=\"article:publisher\" content=\"https:\/\/www.facebook.com\/inrsciences\/\" \/>\n<meta property=\"article:modified_time\" content=\"2021-03-24T20:04:53+00:00\" \/>\n<meta property=\"og:image\" content=\"https:\/\/dev.inrs.ca\/wp-content\/uploads\/\/2020\/02\/PWeiss-685x1024.jpg\" \/>\n<meta name=\"twitter:card\" content=\"summary_large_image\" \/>\n<meta name=\"twitter:site\" content=\"@inrsciences\" \/>\n<meta name=\"twitter:label1\" content=\"Est. reading time\" \/>\n\t<meta name=\"twitter:data1\" content=\"2 minutes\" \/>\n<script type=\"application\/ld+json\" class=\"yoast-schema-graph\">{\"@context\":\"https:\/\/schema.org\",\"@graph\":[{\"@type\":\"WebPage\",\"@id\":\"https:\/\/dev.inrs.ca\/en\/research\/research-chairs-groups-and-networks\/find-research-chair-group-or-network\/jacques-beaulieu-excellence-research-chair\/\",\"url\":\"https:\/\/dev.inrs.ca\/en\/research\/research-chairs-groups-and-networks\/find-research-chair-group-or-network\/jacques-beaulieu-excellence-research-chair\/\",\"name\":\"Jacques-Beaulieu Excellence Research Chair | INRS\",\"isPartOf\":{\"@id\":\"https:\/\/dev.inrs.ca\/en\/#website\"},\"primaryImageOfPage\":{\"@id\":\"https:\/\/dev.inrs.ca\/en\/research\/research-chairs-groups-and-networks\/find-research-chair-group-or-network\/jacques-beaulieu-excellence-research-chair\/#primaryimage\"},\"image\":{\"@id\":\"https:\/\/dev.inrs.ca\/en\/research\/research-chairs-groups-and-networks\/find-research-chair-group-or-network\/jacques-beaulieu-excellence-research-chair\/#primaryimage\"},\"thumbnailUrl\":\"https:\/\/dev.inrs.ca\/wp-content\/uploads\/\/2020\/02\/PWeiss-685x1024.jpg\",\"datePublished\":\"2021-03-24T19:47:07+00:00\",\"dateModified\":\"2021-03-24T20:04:53+00:00\",\"description\":\"The Jacques Beaulieu Chair of Excellence pays tribute to the man who was the central pivot of the INRS-\u00c9nergie laser interaction program from 1970 to the late 1980s.\",\"breadcrumb\":{\"@id\":\"https:\/\/dev.inrs.ca\/en\/research\/research-chairs-groups-and-networks\/find-research-chair-group-or-network\/jacques-beaulieu-excellence-research-chair\/#breadcrumb\"},\"inLanguage\":\"en-CA\",\"potentialAction\":[{\"@type\":\"ReadAction\",\"target\":[\"https:\/\/dev.inrs.ca\/en\/research\/research-chairs-groups-and-networks\/find-research-chair-group-or-network\/jacques-beaulieu-excellence-research-chair\/\"]}]},{\"@type\":\"ImageObject\",\"inLanguage\":\"en-CA\",\"@id\":\"https:\/\/dev.inrs.ca\/en\/research\/research-chairs-groups-and-networks\/find-research-chair-group-or-network\/jacques-beaulieu-excellence-research-chair\/#primaryimage\",\"url\":\"https:\/\/dev.inrs.ca\/wp-content\/uploads\/\/2020\/02\/PWeiss-685x1024.jpg\",\"contentUrl\":\"https:\/\/dev.inrs.ca\/wp-content\/uploads\/\/2020\/02\/PWeiss-685x1024.jpg\"},{\"@type\":\"BreadcrumbList\",\"@id\":\"https:\/\/dev.inrs.ca\/en\/research\/research-chairs-groups-and-networks\/find-research-chair-group-or-network\/jacques-beaulieu-excellence-research-chair\/#breadcrumb\",\"itemListElement\":[{\"@type\":\"ListItem\",\"position\":1,\"name\":\"Research\",\"item\":\"https:\/\/dev.inrs.ca\/la-recherche\/\"},{\"@type\":\"ListItem\",\"position\":2,\"name\":\"Research chairs, groups, and networks\",\"item\":\"https:\/\/dev.inrs.ca\/la-recherche\/chaires-groupes-et-reseaux-de-recherche\/\"},{\"@type\":\"ListItem\",\"position\":3,\"name\":\"Find a research chair, group, or network\",\"item\":\"https:\/\/dev.inrs.ca\/la-recherche\/chaires-groupes-et-reseaux-de-recherche\/repertoire-des-chaires-groupes-et-reseaux-de-recherche\/\"},{\"@type\":\"ListItem\",\"position\":4,\"name\":\"Jacques-Beaulieu Excellence Research Chair\"}]},{\"@type\":\"WebSite\",\"@id\":\"https:\/\/dev.inrs.ca\/en\/#website\",\"url\":\"https:\/\/dev.inrs.ca\/en\/\",\"name\":\"INRS\",\"description\":\"Institut national de la recherche scientifique\",\"potentialAction\":[{\"@type\":\"SearchAction\",\"target\":{\"@type\":\"EntryPoint\",\"urlTemplate\":\"https:\/\/dev.inrs.ca\/en\/?s={search_term_string}\"},\"query-input\":{\"@type\":\"PropertyValueSpecification\",\"valueRequired\":true,\"valueName\":\"search_term_string\"}}],\"inLanguage\":\"en-CA\"}]}<\/script>\n<!-- \/ Yoast SEO Premium plugin. -->","yoast_head_json":{"title":"Jacques-Beaulieu Excellence Research Chair | INRS","description":"The Jacques Beaulieu Chair of Excellence pays tribute to the man who was the central pivot of the INRS-\u00c9nergie laser interaction program from 1970 to the late 1980s.","robots":{"index":"noindex","follow":"follow","max-snippet":"max-snippet:-1","max-image-preview":"max-image-preview:large","max-video-preview":"max-video-preview:-1"},"og_locale":"en_US","og_type":"article","og_title":"Jacques-Beaulieu Excellence Research Chair | INRS","og_description":"The Jacques Beaulieu Chair of Excellence pays tribute to the man who was the central pivot of the INRS-\u00c9nergie laser interaction program from 1970 to the late 1980s.","og_url":"https:\/\/dev.inrs.ca\/en\/research\/research-chairs-groups-and-networks\/find-research-chair-group-or-network\/jacques-beaulieu-excellence-research-chair\/","og_site_name":"INRS","article_publisher":"https:\/\/www.facebook.com\/inrsciences\/","article_modified_time":"2021-03-24T20:04:53+00:00","og_image":[{"url":"https:\/\/dev.inrs.ca\/wp-content\/uploads\/\/2020\/02\/PWeiss-685x1024.jpg","type":"","width":"","height":""}],"twitter_card":"summary_large_image","twitter_site":"@inrsciences","twitter_misc":{"Est. reading time":"2 minutes"},"schema":{"@context":"https:\/\/schema.org","@graph":[{"@type":"WebPage","@id":"https:\/\/dev.inrs.ca\/en\/research\/research-chairs-groups-and-networks\/find-research-chair-group-or-network\/jacques-beaulieu-excellence-research-chair\/","url":"https:\/\/dev.inrs.ca\/en\/research\/research-chairs-groups-and-networks\/find-research-chair-group-or-network\/jacques-beaulieu-excellence-research-chair\/","name":"Jacques-Beaulieu Excellence Research Chair | INRS","isPartOf":{"@id":"https:\/\/dev.inrs.ca\/en\/#website"},"primaryImageOfPage":{"@id":"https:\/\/dev.inrs.ca\/en\/research\/research-chairs-groups-and-networks\/find-research-chair-group-or-network\/jacques-beaulieu-excellence-research-chair\/#primaryimage"},"image":{"@id":"https:\/\/dev.inrs.ca\/en\/research\/research-chairs-groups-and-networks\/find-research-chair-group-or-network\/jacques-beaulieu-excellence-research-chair\/#primaryimage"},"thumbnailUrl":"https:\/\/dev.inrs.ca\/wp-content\/uploads\/\/2020\/02\/PWeiss-685x1024.jpg","datePublished":"2021-03-24T19:47:07+00:00","dateModified":"2021-03-24T20:04:53+00:00","description":"The Jacques Beaulieu Chair of Excellence pays tribute to the man who was the central pivot of the INRS-\u00c9nergie laser interaction program from 1970 to the late 1980s.","breadcrumb":{"@id":"https:\/\/dev.inrs.ca\/en\/research\/research-chairs-groups-and-networks\/find-research-chair-group-or-network\/jacques-beaulieu-excellence-research-chair\/#breadcrumb"},"inLanguage":"en-CA","potentialAction":[{"@type":"ReadAction","target":["https:\/\/dev.inrs.ca\/en\/research\/research-chairs-groups-and-networks\/find-research-chair-group-or-network\/jacques-beaulieu-excellence-research-chair\/"]}]},{"@type":"ImageObject","inLanguage":"en-CA","@id":"https:\/\/dev.inrs.ca\/en\/research\/research-chairs-groups-and-networks\/find-research-chair-group-or-network\/jacques-beaulieu-excellence-research-chair\/#primaryimage","url":"https:\/\/dev.inrs.ca\/wp-content\/uploads\/\/2020\/02\/PWeiss-685x1024.jpg","contentUrl":"https:\/\/dev.inrs.ca\/wp-content\/uploads\/\/2020\/02\/PWeiss-685x1024.jpg"},{"@type":"BreadcrumbList","@id":"https:\/\/dev.inrs.ca\/en\/research\/research-chairs-groups-and-networks\/find-research-chair-group-or-network\/jacques-beaulieu-excellence-research-chair\/#breadcrumb","itemListElement":[{"@type":"ListItem","position":1,"name":"Research","item":"https:\/\/dev.inrs.ca\/la-recherche\/"},{"@type":"ListItem","position":2,"name":"Research chairs, groups, and networks","item":"https:\/\/dev.inrs.ca\/la-recherche\/chaires-groupes-et-reseaux-de-recherche\/"},{"@type":"ListItem","position":3,"name":"Find a research chair, group, or network","item":"https:\/\/dev.inrs.ca\/la-recherche\/chaires-groupes-et-reseaux-de-recherche\/repertoire-des-chaires-groupes-et-reseaux-de-recherche\/"},{"@type":"ListItem","position":4,"name":"Jacques-Beaulieu Excellence Research Chair"}]},{"@type":"WebSite","@id":"https:\/\/dev.inrs.ca\/en\/#website","url":"https:\/\/dev.inrs.ca\/en\/","name":"INRS","description":"Institut national de la recherche scientifique","potentialAction":[{"@type":"SearchAction","target":{"@type":"EntryPoint","urlTemplate":"https:\/\/dev.inrs.ca\/en\/?s={search_term_string}"},"query-input":{"@type":"PropertyValueSpecification","valueRequired":true,"valueName":"search_term_string"}}],"inLanguage":"en-CA"}]}},"_links":{"self":[{"href":"https:\/\/dev.inrs.ca\/en\/wp-json\/wp\/v2\/pages\/52625","targetHints":{"allow":["GET"]}}],"collection":[{"href":"https:\/\/dev.inrs.ca\/en\/wp-json\/wp\/v2\/pages"}],"about":[{"href":"https:\/\/dev.inrs.ca\/en\/wp-json\/wp\/v2\/types\/page"}],"author":[{"embeddable":true,"href":"https:\/\/dev.inrs.ca\/en\/wp-json\/wp\/v2\/users\/3"}],"replies":[{"embeddable":true,"href":"https:\/\/dev.inrs.ca\/en\/wp-json\/wp\/v2\/comments?post=52625"}],"version-history":[{"count":5,"href":"https:\/\/dev.inrs.ca\/en\/wp-json\/wp\/v2\/pages\/52625\/revisions"}],"predecessor-version":[{"id":52745,"href":"https:\/\/dev.inrs.ca\/en\/wp-json\/wp\/v2\/pages\/52625\/revisions\/52745"}],"up":[{"embeddable":true,"href":"https:\/\/dev.inrs.ca\/en\/wp-json\/wp\/v2\/pages\/21773"}],"wp:attachment":[{"href":"https:\/\/dev.inrs.ca\/en\/wp-json\/wp\/v2\/media?parent=52625"}],"wp:term":[{"taxonomy":"page_type","embeddable":true,"href":"https:\/\/dev.inrs.ca\/en\/wp-json\/wp\/v2\/page_type?post=52625"},{"taxonomy":"wf_page_folders","embeddable":true,"href":"https:\/\/dev.inrs.ca\/en\/wp-json\/wp\/v2\/wf_page_folders?post=52625"}],"curies":[{"name":"wp","href":"https:\/\/api.w.org\/{rel}","templated":true}]}}