{"id":49251,"date":"2021-08-30T15:58:40","date_gmt":"2021-08-30T19:58:40","guid":{"rendered":"https:\/\/dev.inrs.ca\/?page_id=49251"},"modified":"2021-08-31T20:45:55","modified_gmt":"2021-09-01T00:45:55","slug":"la-synthese","status":"publish","type":"page","link":"https:\/\/dev.inrs.ca\/en\/studies\/science-communication\/la-synthese\/","title":{"rendered":"La Synth\u00e8se: Student Science Journal"},"content":{"rendered":"\n<p class=\"has-large-font-size\"><strong><em>La Synth\u00e8se<\/em> is a science journal that democratizes all student research conducted at INRS, from bacteria to cancers, through hydrology and sustainable energy sources, to societal issues.<\/strong><\/p>\n\n\n\n<div style=\"height:20px\" aria-hidden=\"true\" class=\"wp-block-spacer\"><\/div>\n\n\n\n<div class=\"wp-block-image\"><figure class=\"alignleft size-large is-resized\"><img loading=\"lazy\" decoding=\"async\" src=\"https:\/\/dev.inrs.ca\/wp-content\/uploads\/2021\/02\/logo-la-synthese-inrs.jpg\" alt=\"logo La Synth\u00e8se\" class=\"wp-image-49253\" width=\"146\" height=\"239\" srcset=\"https:\/\/dev.inrs.ca\/wp-content\/uploads\/2021\/02\/logo-la-synthese-inrs.jpg 585w, https:\/\/dev.inrs.ca\/wp-content\/uploads\/2021\/02\/logo-la-synthese-inrs-184x300.jpg 184w\" sizes=\"auto, (max-width: 146px) 100vw, 146px\" \/><\/figure><\/div>\n\n\n\n<p>Master&#8217;s and doctoral students explain in plain language their work to their peers and to the general public. The <a href=\"https:\/\/www.lasyntheseinrs.com\/articles\" target=\"_blank\" rel=\"noreferrer noopener\">articles<\/a> are illustrated with photos and short cartoons. The publication frequency is three to four issues per year.<\/p>\n\n\n\n<p>Launched by the student community of the <a href=\"https:\/\/dev.inrs.ca\/en\/inrs\/research-centres\/armand-frappier-sante-biotechnologie-research-centre\/\">Armand-Frappier Sant\u00e9 Biotechnologie Research Centre<\/a> in 2018, <em>La Synth\u00e8se<\/em> is financially supported by <a href=\"https:\/\/www.lasyntheseinrs.com\/partenaires\" target=\"_blank\" rel=\"noreferrer noopener\">several partners<\/a>. This student project also reaches out beyond written scientific popularization as members of the organizing committee present their research and make the INRS stand out at various events aimed at the general public or student recruitment.<\/p>\n\n\n\n<blockquote class=\"wp-block-quote is-layout-flow wp-block-quote-is-layout-flow\"><p><em>La Synth\u00e8se <\/em>provides students with an opportunity to learn how to explain scientific research in simple terms. <a href=\"https:\/\/www.lasyntheseinrs.com\/contact-1\" target=\"_blank\" rel=\"noreferrer noopener\">Please contact the organizing committee<\/a> if you want to take part in this adventure!<\/p><\/blockquote>\n\n\n\n<div style=\"height:20px\" aria-hidden=\"true\" class=\"wp-block-spacer\"><\/div>\n\n\n\n<h3 class=\"wp-block-heading\">Follow <em>La Synth\u00e8se<\/em><\/h3>\n\n\n\n<ul class=\"wp-block-list\" id=\"block-f997b23c-d187-4e2c-b24a-2591c42f9289\"><li><a href=\"https:\/\/www.lasyntheseinrs.com\/\" target=\"_blank\" rel=\"noreferrer noopener\">Website<\/a><\/li><li><a href=\"https:\/\/www.facebook.com\/JournalLaSynthese\/\" target=\"_blank\" rel=\"noreferrer noopener\">Facebook<\/a><\/li><li><a href=\"https:\/\/twitter.com\/lsynthese\" target=\"_blank\" rel=\"noreferrer noopener\">Twitter<\/a><\/li><li><a href=\"https:\/\/www.instagram.com\/journallasynthese\/\" target=\"_blank\" rel=\"noreferrer noopener\">Instagram<\/a><\/li><\/ul>\n\n\n\n<p><\/p>\n\n\n\n<div style=\"height:20px\" aria-hidden=\"true\" class=\"wp-block-spacer\"><\/div>\n\n\n\n<div class=\"wp-block-columns is-layout-flex wp-container-core-columns-is-layout-1 wp-block-columns-is-layout-flex\">\n<div class=\"wp-block-column is-layout-flow wp-block-column-is-layout-flow\">\n<figure class=\"wp-block-embed is-type-video is-provider-youtube wp-block-embed-youtube wp-embed-aspect-16-9 wp-has-aspect-ratio\"><div class=\"wp-block-embed__wrapper\">\n<iframe loading=\"lazy\" title=\"La Synth\u00e8se, le journal de vulgarisation des \u00e9tudiants en biosciences de la sant\u00e9 de l&#039;INRS\" width=\"500\" height=\"281\" src=\"https:\/\/www.youtube.com\/embed\/Zk33t-DTfdM?feature=oembed\" frameborder=\"0\" allow=\"accelerometer; autoplay; clipboard-write; encrypted-media; gyroscope; picture-in-picture; web-share\" referrerpolicy=\"strict-origin-when-cross-origin\" allowfullscreen><\/iframe>\n<\/div><\/figure>\n<\/div>\n\n\n\n<div class=\"wp-block-column is-layout-flow wp-block-column-is-layout-flow\">\n<h3 class=\"wp-block-heading\">Film production committee<\/h3>\n\n\n\n<p>The film production committee helps students present their work in video form. The team takes care of filming, animation, editing and sound recording. The are posted on the INRS YouTube account.<\/p>\n\n\n\n<p><strong>Contact<\/strong><\/p>\n\n\n\n<p><a href=\"mailto:prodcine@iaf.dev.inrs.ca\">prodcine@iaf.dev.inrs.ca<\/a><\/p>\n<\/div>\n<\/div>\n\n\n\n<p><\/p>\n","protected":false},"excerpt":{"rendered":"<p>La Synth\u00e8se is a science journal that democratizes all student research conducted at INRS, from bacteria to cancers, through hydrology and sustainable energy sources, to societal issues. Master&#8217;s and doctoral students explain in plain language their work to their peers and to the general public. The articles are illustrated with photos and short cartoons. The [&hellip;]<\/p>\n","protected":false},"author":3,"featured_media":53873,"parent":13339,"menu_order":0,"comment_status":"closed","ping_status":"closed","template":"templates\/research-infrastructure.php","meta":{"_acf_changed":false,"footnotes":""},"page_type":[],"wf_page_folders":[19],"class_list":["post-49251","page","type-page","status-publish","has-post-thumbnail","hentry"],"acf":[],"yoast_head":"<!-- This site is optimized with the Yoast SEO Premium plugin v24.6 (Yoast SEO v24.6) - https:\/\/yoast.com\/wordpress\/plugins\/seo\/ -->\n<title>La Synth\u00e8se: Student Science Journal | INRS<\/title>\n<meta name=\"robots\" content=\"noindex, follow, max-snippet:-1, max-image-preview:large, max-video-preview:-1\" \/>\n<meta property=\"og:locale\" content=\"en_US\" \/>\n<meta property=\"og:type\" content=\"article\" \/>\n<meta property=\"og:title\" content=\"La Synth\u00e8se: Student Science Journal | INRS\" \/>\n<meta property=\"og:description\" content=\"La Synth\u00e8se is a science journal that democratizes all student research conducted at INRS, from bacteria to cancers, through hydrology and sustainable energy sources, to societal issues. Master&#8217;s and doctoral students explain in plain language their work to their peers and to the general public. The articles are illustrated with photos and short cartoons. The [&hellip;]\" \/>\n<meta property=\"og:url\" content=\"https:\/\/dev.inrs.ca\/en\/studies\/science-communication\/la-synthese\/\" \/>\n<meta property=\"og:site_name\" content=\"INRS\" \/>\n<meta property=\"article:publisher\" content=\"https:\/\/www.facebook.com\/inrsciences\/\" \/>\n<meta property=\"article:modified_time\" content=\"2021-09-01T00:45:55+00:00\" \/>\n<meta property=\"og:image\" content=\"https:\/\/dev.inrs.ca\/wp-content\/uploads\/2021\/03\/lasythese-journal-etudiant-inrs.png\" \/>\n\t<meta property=\"og:image:width\" content=\"960\" \/>\n\t<meta property=\"og:image:height\" content=\"720\" \/>\n\t<meta property=\"og:image:type\" content=\"image\/png\" \/>\n<meta name=\"twitter:card\" content=\"summary_large_image\" \/>\n<meta name=\"twitter:site\" content=\"@inrsciences\" \/>\n<meta name=\"twitter:label1\" content=\"Est. reading time\" \/>\n\t<meta name=\"twitter:data1\" content=\"1 minute\" \/>\n<script type=\"application\/ld+json\" class=\"yoast-schema-graph\">{\"@context\":\"https:\/\/schema.org\",\"@graph\":[{\"@type\":\"WebPage\",\"@id\":\"https:\/\/dev.inrs.ca\/en\/studies\/science-communication\/la-synthese\/\",\"url\":\"https:\/\/dev.inrs.ca\/en\/studies\/science-communication\/la-synthese\/\",\"name\":\"La Synth\u00e8se: Student Science Journal | INRS\",\"isPartOf\":{\"@id\":\"https:\/\/dev.inrs.ca\/en\/#website\"},\"primaryImageOfPage\":{\"@id\":\"https:\/\/dev.inrs.ca\/en\/studies\/science-communication\/la-synthese\/#primaryimage\"},\"image\":{\"@id\":\"https:\/\/dev.inrs.ca\/en\/studies\/science-communication\/la-synthese\/#primaryimage\"},\"thumbnailUrl\":\"https:\/\/dev.inrs.ca\/wp-content\/uploads\/2021\/03\/lasythese-journal-etudiant-inrs.png\",\"datePublished\":\"2021-08-30T19:58:40+00:00\",\"dateModified\":\"2021-09-01T00:45:55+00:00\",\"breadcrumb\":{\"@id\":\"https:\/\/dev.inrs.ca\/en\/studies\/science-communication\/la-synthese\/#breadcrumb\"},\"inLanguage\":\"en-CA\",\"potentialAction\":[{\"@type\":\"ReadAction\",\"target\":[\"https:\/\/dev.inrs.ca\/en\/studies\/science-communication\/la-synthese\/\"]}]},{\"@type\":\"ImageObject\",\"inLanguage\":\"en-CA\",\"@id\":\"https:\/\/dev.inrs.ca\/en\/studies\/science-communication\/la-synthese\/#primaryimage\",\"url\":\"https:\/\/dev.inrs.ca\/wp-content\/uploads\/2021\/03\/lasythese-journal-etudiant-inrs.png\",\"contentUrl\":\"https:\/\/dev.inrs.ca\/wp-content\/uploads\/2021\/03\/lasythese-journal-etudiant-inrs.png\",\"width\":960,\"height\":720},{\"@type\":\"BreadcrumbList\",\"@id\":\"https:\/\/dev.inrs.ca\/en\/studies\/science-communication\/la-synthese\/#breadcrumb\",\"itemListElement\":[{\"@type\":\"ListItem\",\"position\":1,\"name\":\"Studies\",\"item\":\"https:\/\/dev.inrs.ca\/les-etudes\/\"},{\"@type\":\"ListItem\",\"position\":2,\"name\":\"Science Communication\",\"item\":\"https:\/\/dev.inrs.ca\/les-etudes\/vulgarisation-scientifique\/\"},{\"@type\":\"ListItem\",\"position\":3,\"name\":\"La Synth\u00e8se: Student Science Journal\"}]},{\"@type\":\"WebSite\",\"@id\":\"https:\/\/dev.inrs.ca\/en\/#website\",\"url\":\"https:\/\/dev.inrs.ca\/en\/\",\"name\":\"INRS\",\"description\":\"Institut national de la recherche scientifique\",\"potentialAction\":[{\"@type\":\"SearchAction\",\"target\":{\"@type\":\"EntryPoint\",\"urlTemplate\":\"https:\/\/dev.inrs.ca\/en\/?s={search_term_string}\"},\"query-input\":{\"@type\":\"PropertyValueSpecification\",\"valueRequired\":true,\"valueName\":\"search_term_string\"}}],\"inLanguage\":\"en-CA\"}]}<\/script>\n<!-- \/ Yoast SEO Premium plugin. -->","yoast_head_json":{"title":"La Synth\u00e8se: Student Science Journal | INRS","robots":{"index":"noindex","follow":"follow","max-snippet":"max-snippet:-1","max-image-preview":"max-image-preview:large","max-video-preview":"max-video-preview:-1"},"og_locale":"en_US","og_type":"article","og_title":"La Synth\u00e8se: Student Science Journal | INRS","og_description":"La Synth\u00e8se is a science journal that democratizes all student research conducted at INRS, from bacteria to cancers, through hydrology and sustainable energy sources, to societal issues. Master&#8217;s and doctoral students explain in plain language their work to their peers and to the general public. The articles are illustrated with photos and short cartoons. The [&hellip;]","og_url":"https:\/\/dev.inrs.ca\/en\/studies\/science-communication\/la-synthese\/","og_site_name":"INRS","article_publisher":"https:\/\/www.facebook.com\/inrsciences\/","article_modified_time":"2021-09-01T00:45:55+00:00","og_image":[{"width":960,"height":720,"url":"https:\/\/dev.inrs.ca\/wp-content\/uploads\/2021\/03\/lasythese-journal-etudiant-inrs.png","type":"image\/png"}],"twitter_card":"summary_large_image","twitter_site":"@inrsciences","twitter_misc":{"Est. reading time":"1 minute"},"schema":{"@context":"https:\/\/schema.org","@graph":[{"@type":"WebPage","@id":"https:\/\/dev.inrs.ca\/en\/studies\/science-communication\/la-synthese\/","url":"https:\/\/dev.inrs.ca\/en\/studies\/science-communication\/la-synthese\/","name":"La Synth\u00e8se: Student Science Journal | INRS","isPartOf":{"@id":"https:\/\/dev.inrs.ca\/en\/#website"},"primaryImageOfPage":{"@id":"https:\/\/dev.inrs.ca\/en\/studies\/science-communication\/la-synthese\/#primaryimage"},"image":{"@id":"https:\/\/dev.inrs.ca\/en\/studies\/science-communication\/la-synthese\/#primaryimage"},"thumbnailUrl":"https:\/\/dev.inrs.ca\/wp-content\/uploads\/2021\/03\/lasythese-journal-etudiant-inrs.png","datePublished":"2021-08-30T19:58:40+00:00","dateModified":"2021-09-01T00:45:55+00:00","breadcrumb":{"@id":"https:\/\/dev.inrs.ca\/en\/studies\/science-communication\/la-synthese\/#breadcrumb"},"inLanguage":"en-CA","potentialAction":[{"@type":"ReadAction","target":["https:\/\/dev.inrs.ca\/en\/studies\/science-communication\/la-synthese\/"]}]},{"@type":"ImageObject","inLanguage":"en-CA","@id":"https:\/\/dev.inrs.ca\/en\/studies\/science-communication\/la-synthese\/#primaryimage","url":"https:\/\/dev.inrs.ca\/wp-content\/uploads\/2021\/03\/lasythese-journal-etudiant-inrs.png","contentUrl":"https:\/\/dev.inrs.ca\/wp-content\/uploads\/2021\/03\/lasythese-journal-etudiant-inrs.png","width":960,"height":720},{"@type":"BreadcrumbList","@id":"https:\/\/dev.inrs.ca\/en\/studies\/science-communication\/la-synthese\/#breadcrumb","itemListElement":[{"@type":"ListItem","position":1,"name":"Studies","item":"https:\/\/dev.inrs.ca\/les-etudes\/"},{"@type":"ListItem","position":2,"name":"Science Communication","item":"https:\/\/dev.inrs.ca\/les-etudes\/vulgarisation-scientifique\/"},{"@type":"ListItem","position":3,"name":"La Synth\u00e8se: Student Science Journal"}]},{"@type":"WebSite","@id":"https:\/\/dev.inrs.ca\/en\/#website","url":"https:\/\/dev.inrs.ca\/en\/","name":"INRS","description":"Institut national de la recherche scientifique","potentialAction":[{"@type":"SearchAction","target":{"@type":"EntryPoint","urlTemplate":"https:\/\/dev.inrs.ca\/en\/?s={search_term_string}"},"query-input":{"@type":"PropertyValueSpecification","valueRequired":true,"valueName":"search_term_string"}}],"inLanguage":"en-CA"}]}},"_links":{"self":[{"href":"https:\/\/dev.inrs.ca\/en\/wp-json\/wp\/v2\/pages\/49251","targetHints":{"allow":["GET"]}}],"collection":[{"href":"https:\/\/dev.inrs.ca\/en\/wp-json\/wp\/v2\/pages"}],"about":[{"href":"https:\/\/dev.inrs.ca\/en\/wp-json\/wp\/v2\/types\/page"}],"author":[{"embeddable":true,"href":"https:\/\/dev.inrs.ca\/en\/wp-json\/wp\/v2\/users\/3"}],"replies":[{"embeddable":true,"href":"https:\/\/dev.inrs.ca\/en\/wp-json\/wp\/v2\/comments?post=49251"}],"version-history":[{"count":5,"href":"https:\/\/dev.inrs.ca\/en\/wp-json\/wp\/v2\/pages\/49251\/revisions"}],"predecessor-version":[{"id":71858,"href":"https:\/\/dev.inrs.ca\/en\/wp-json\/wp\/v2\/pages\/49251\/revisions\/71858"}],"up":[{"embeddable":true,"href":"https:\/\/dev.inrs.ca\/en\/wp-json\/wp\/v2\/pages\/13339"}],"wp:featuredmedia":[{"embeddable":true,"href":"https:\/\/dev.inrs.ca\/en\/wp-json\/wp\/v2\/media\/53873"}],"wp:attachment":[{"href":"https:\/\/dev.inrs.ca\/en\/wp-json\/wp\/v2\/media?parent=49251"}],"wp:term":[{"taxonomy":"page_type","embeddable":true,"href":"https:\/\/dev.inrs.ca\/en\/wp-json\/wp\/v2\/page_type?post=49251"},{"taxonomy":"wf_page_folders","embeddable":true,"href":"https:\/\/dev.inrs.ca\/en\/wp-json\/wp\/v2\/wf_page_folders?post=49251"}],"curies":[{"name":"wp","href":"https:\/\/api.w.org\/{rel}","templated":true}]}}