{"id":43608,"date":"2021-01-28T16:15:03","date_gmt":"2021-01-28T21:15:03","guid":{"rendered":"https:\/\/dev.inrs.ca\/?page_id=43608"},"modified":"2021-10-06T09:03:23","modified_gmt":"2021-10-06T13:03:23","slug":"general-management","status":"publish","type":"page","link":"https:\/\/dev.inrs.ca\/en\/inrs\/offices-and-services\/chief-executive-office\/","title":{"rendered":"Chief Executive Office"},"content":{"rendered":"\n<p style=\"font-size:clamp(14px, 0.875rem + ((1vw - 3.2px) * 0.723), 20px);px\"><strong>Coordination of development at Institut national de la recherche scientifique (INRS) is provided by a central administrative structure overseen by the CEO and made up of the following directorships:<\/strong><\/p>\n\n\n\n<div style=\"height:20px\" aria-hidden=\"true\" class=\"wp-block-spacer\"><\/div>\n\n\n\n<ul class=\"wp-block-list\"><li>Scientific Direction<\/li><li>Human, Administrative, and Financial Resources<\/li><li>General Secretariat<\/li><li>International Relations and Planing<\/li><li>Cabinet, Government Relations and Public Affairs<\/li><li>Philanthropic Development and Alumni Relations<\/li><\/ul>\n\n\n\n<div style=\"height:20px\" aria-hidden=\"true\" class=\"wp-block-spacer\"><\/div>\n\n\n\n<p><a href=\"https:\/\/dev.inrs.ca\/en\/inrs\/research-centres\/\"><strong>Research centres<\/strong><\/a> also come under the purview of the INRS CEO.<\/p>\n\n\n\n<p><br>The CEO office pursues the following objectives:<\/p>\n\n\n\n<ul class=\"wp-block-list\"><li>Develop visionary leadership to tackle the challenges facing INRS<\/li><li>Implement an innovative action approach in tune with societal needs<\/li><li>Ensure INRS\u2019s strategic development in the medium and long term<\/li><li>Help promote institutional outreach<\/li><\/ul>\n\n\n\n<div style=\"height:20px\" aria-hidden=\"true\" class=\"wp-block-spacer\"><\/div>\n\n\n\n<h2 class=\"wp-block-heading\">Contact us<\/h2>\n\n\n\n<div class=\"wp-block-media-text alignwide is-stacked-on-mobile is-vertically-aligned-bottom has-background\" style=\"background:linear-gradient(26deg,rgb(239,239,239) 0%,rgb(229,229,229) 100%);grid-template-columns:39% auto\"><figure class=\"wp-block-media-text__media\"><img loading=\"lazy\" decoding=\"async\" width=\"1024\" height=\"805\" src=\"https:\/\/dev.inrs.ca\/wp-content\/uploads\/\/2020\/02\/inrs-luc-alain-giraldeau_web-1024x805.png\" alt=\"Luc-Alain Giraldeau, Directeur g\u00e9n\u00e9ral de l'INRS\" class=\"wp-image-626 size-full\" srcset=\"https:\/\/dev.inrs.ca\/wp-content\/uploads\/2020\/02\/inrs-luc-alain-giraldeau_web-1024x805.png 1024w, https:\/\/dev.inrs.ca\/wp-content\/uploads\/2020\/02\/inrs-luc-alain-giraldeau_web-300x236.png 300w, https:\/\/dev.inrs.ca\/wp-content\/uploads\/2020\/02\/inrs-luc-alain-giraldeau_web-768x604.png 768w, https:\/\/dev.inrs.ca\/wp-content\/uploads\/2020\/02\/inrs-luc-alain-giraldeau_web.png 1200w\" sizes=\"auto, (max-width: 1024px) 100vw, 1024px\" \/><\/figure><div class=\"wp-block-media-text__content\">\n<p><strong>Luc-Alain Giraldeau<br><\/strong>Chief Executive Officer<br>Phone: <a href=\"http:\/\/tel.418-654-2505\/\">418 654-2505<\/a><br>Email: <a href=\"mailto:luc-alain.giraldeau@dev.inrs.ca\">luc-alain.giraldeau@dev.inrs.ca<\/a><\/p>\n\n\n\n<p class=\"has-small-font-size\"><a href=\"https:\/\/www.researchgate.net\/profile\/Luc-Alain-Giraldeau\/7\" target=\"_blank\" rel=\"noreferrer noopener\" class=\"broken_link\">ResearchGate<\/a><\/p>\n<\/div><\/div>\n\n\n\n<div style=\"height:20px\" aria-hidden=\"true\" class=\"wp-block-spacer\"><\/div>\n\n\n\n<p><strong>Jane O&#8217;Brien<br><\/strong>Administrative Assistant to the CEO<br>Phone: <a href=\"http:\/\/tel.418-654-2507\">418-654-2507<\/a><br>Fax: 418-654-3876<br>Email: <a href=\"mailto:jane.obrien@dev.inrs.ca\">jane.obrien@dev.inrs.ca<\/a><\/p>\n\n\n\n<p><strong>Vacant position<\/strong><br><a href=\"https:\/\/dev.inrs.ca\/linrs\/directions-et-services\/direction-scientifique\/\">Scientific Direction<\/a><\/p>\n\n\n\n<p><strong>Claude Arbour<\/strong><br>Director, <a href=\"https:\/\/dev.inrs.ca\/linrs\/directions-et-services\/direction-des-ressources-humaines-administratives-et-financieres\/\">Human, Administrative, and Financial resources<br><\/a>Phone:&nbsp;<a href=\"http:\/\/tel.418-654-2502\/\">418-654-2502<\/a><br>Email:&nbsp;<a href=\"mailto:claude.arbour@dev.inrs.ca\">claude.arbour@dev.inrs.ca<\/a><\/p>\n\n\n\n<p><strong>Michel Fortin<br><\/strong><a href=\"https:\/\/dev.inrs.ca\/linrs\/directions-et-services\/secretariat-general\/\">General Secretariat<br><\/a>Phone:&nbsp;<a href=\"http:\/\/tel.:418-650-7427\/\">418-650-7427<\/a><br>Email:&nbsp;<a href=\"mailto:michel.fortin@dev.inrs.ca\">michel.fortin@dev.inrs.ca<\/a><\/p>\n\n\n\n<p><strong>Genevi\u00e8ve Chacon<br><\/strong>Director, <a href=\"https:\/\/dev.inrs.ca\/linrs\/directions-et-services\/cabinet-relations-gouvernementales-et-affaires-publiques\/\">Cabinet, Government Relations and Public Affairs<\/a><br>Phone: <a href=\"http:\/\/tel.418-654-3838\">418-654-3838<\/a><br>Email: <a href=\"mailto:genevieve.chacon@dev.inrs.ca\">genevieve.chacon@dev.inrs.ca<\/a><\/p>\n\n\n\n<p><strong>Dalida Poirier<br><\/strong>Director, <a href=\"https:\/\/dev.inrs.ca\/linrs\/directions-et-services\/service-de-la-planification-et-des-relations-internationales\/\">International Relations and Planing<\/a><br>Phone: <a href=\"http:\/\/tel.450-686-5670\">450-686-5670<\/a><br>Email: <a href=\"mailto:dalida.poirier@dev.inrs.ca\">dalida.poirier@dev.inrs.ca<\/a><\/p>\n\n\n\n<p><strong>\u00c9lise Comtois<br><\/strong>Director, <a href=\"https:\/\/dev.inrs.ca\/linrs\/directions-et-services\/service-du-developpement-philanthropique-et-des-relations-avec-les-diplomes\/\">Service du d\u00e9veloppement philanthropique et des relations avec les membres dipl\u00f4m\u00e9s<\/a><br>Director, INRS Fondation<br>Phone:&nbsp;<a href=\"tel:514 499-8203\">514-499-8203<\/a><br>Email:&nbsp;<a href=\"mailto:elise.comtois@dev.inrs.ca\">elise.comtois@dev.inrs.ca<\/a><\/p>\n\n\n\n<div style=\"height:20px\" aria-hidden=\"true\" class=\"wp-block-spacer\"><\/div>\n\n\n<div class=\"content-accordion-ctn js-accordion\">\n    <p class=\"title\">CEO profile<\/p>\n    <div class=\"inner\">\n        <div>\n            <p>Luc-Alain Giraldeau was appointed CEO of Institut national de la recherche scientifique (INRS) by the Goverment of Qu\u00e9bec in September 2017. An internationally reknown behavioural ecologist specializing in social foraging and evolutionary game theory, he has spent much of his career studying animal behaviour and group living and its impact on learning and cognition. Dr. Giraldeau is an academic admnistrator, professor, and prolific researcher who is also well known for his abilities as a lay science communicator.<\/p>\n<p>Dr. Giraldeau earned a PhD in biology from McGill University in 1985. He spent some time at Oxford University in the course of his doctoral programme and went on to complete a postdoctoral fellowship at the University of Toronto. In 1987 he began his academic career as an NSERC research fellow in the Biology Department at Concordia University, where he worked his way to a full professorship. In 2000 he was appointed professor in UQAM\u2019s Biology Department, which he chaired from 2007 to 2010. During his tenure at UQAM, he held positions as director of the animal care facility at the Pierre Dansereau science complex in 2005-2006, vice-dean of research of the Faculty of Science from 2010 to 2014, and dean of Science from 2014 to 2017. In addition to serving on and chairing various university committees and bodies, he also sat on many Qu\u00e9bec, Canadian, and international committees, including the boards of Acfas and the Canadian Council on Animal Care. He has served on the editorial boards of various international scientific journals, including Philosophical Transactions of The Royal Society of London, and as an associate editor of Animal Behaviour and The American Naturalist.<\/p>\n<p>Luc-Alain Giraldeau is strongly committed to the transmission of knowledge and has helped train numerous young scientists. He has published over 100 scientific articles as well as a number of books chapters and books with Princeton University Press, Oxford University Press, and Dunod \u00c9diteur, among others. His book Dans l\u2019\u0153il du pigeon, a general-audience work published by Le Pommier in France and Bor\u00e9al in Quebec, won the Hubert Reeves prize for science popularization as well as the Grand Prix (philosophy) awarded by the Acad\u00e9mie fran\u00e7aise. His abilities as a scientific communicator have made him a sought-after speaker and media commentator. He has also acted as an advisor on numerous documentaries and participated in initiatives linking science and the arts, including the 21 Balan\u00e7oires (21 swings) project and the building projections in Montreal\u2019s Quartier des spectacles, two initiatives he is particularly proud of.<\/p>\n<p>Luc-Alain Giraldeau is the recipient of a career research excellence award from Universit\u00e9 du Quebec and the Geoffroy Saint-Hilaire award from the French Society for the Study of Animal Behaviour for his important contribution to the field.<\/p>\n\n        <\/div>\n    <\/div>\n<\/div>\n\n<div class=\"content-page-list-ctn\">\n    <h4 class=\"title\"><\/h4>\n    <div class=\"featured-cta-ctn -trio\">\n                    <div class=\"item jsBlockLink\">\n                <div class=\"image\">\n                                            <img decoding=\"async\" src=\"https:\/\/dev.inrs.ca\/wp-content\/uploads\/inrs-decouvrir-en-bref-tour-horizon-1-600x400.jpg\" alt=\"INRS, a Unique Academic Institution\">\n                                    <\/div>\n                <div class=\"info\">\n                    <a class=\"link\" href=\"\/en\/inrs\/a-unique-teaching-and-research-institute\/\">INRS, a Unique Academic Institution<\/a>\n                <\/div>\n            <\/div>\n                    <div class=\"item jsBlockLink\">\n                <div class=\"image\">\n                                            <img decoding=\"async\" src=\"https:\/\/dev.inrs.ca\/wp-content\/uploads\/2020\/11\/analyse-des-perturbateurs-endocriniens-a-l-INRS-600x400.png\" alt=\"Training Through Research\">\n                                    <\/div>\n                <div class=\"info\">\n                    <a class=\"link\" href=\"\/en\/studies\/training-through-research\/\">Training Through Research<\/a>\n                <\/div>\n            <\/div>\n                    <div class=\"item jsBlockLink\">\n                <div class=\"image\">\n                                            <img decoding=\"async\" src=\"https:\/\/dev.inrs.ca\/wp-content\/uploads\/2020\/06\/inrs-innover-par-la-recherche-600x400.jpg\" alt=\"Innovating Through Research\">\n                                    <\/div>\n                <div class=\"info\">\n                    <a class=\"link\" href=\"\/en\/research\/innovating-through-research\/\">Innovating Through Research<\/a>\n                <\/div>\n            <\/div>\n            <\/div>\n<\/div>\n\n<div class=\"content-page-list-ctn\">\n    <h4 class=\"title\"><\/h4>\n    <div class=\"featured-cta-ctn -trio\">\n                    <div class=\"item jsBlockLink\">\n                <div class=\"image\">\n                                            <img decoding=\"async\" src=\"https:\/\/dev.inrs.ca\/wp-content\/uploads\/2020\/07\/planification-strategique-mission-inrs-600x400.jpg\" alt=\"Strategic Planning\">\n                                    <\/div>\n                <div class=\"info\">\n                    <a class=\"link\" href=\"\/en\/inrs\/strategic-planning\/\">Strategic Planning<\/a>\n                <\/div>\n            <\/div>\n                    <div class=\"item jsBlockLink\">\n                <div class=\"image\">\n                                            <img decoding=\"async\" src=\"https:\/\/dev.inrs.ca\/wp-content\/uploads\/2020\/06\/inrs-institut-national-recherche-scientifique-quebec-batiment-centre-eau-terre-environnement-600x400.jpg\" alt=\"Research Centres\">\n                                    <\/div>\n                <div class=\"info\">\n                    <a class=\"link\" href=\"\/en\/inrs\/research-centres\/\">Research Centres<\/a>\n                <\/div>\n            <\/div>\n            <\/div>\n<\/div>","protected":false},"excerpt":{"rendered":"<p>Coordination of development at Institut national de la recherche scientifique (INRS) is provided by a central administrative structure overseen by the CEO and made up of the following directorships:<\/p>\n","protected":false},"author":3,"featured_media":56700,"parent":13246,"menu_order":0,"comment_status":"closed","ping_status":"closed","template":"","meta":{"_acf_changed":false,"footnotes":""},"page_type":[],"wf_page_folders":[23],"class_list":["post-43608","page","type-page","status-publish","has-post-thumbnail","hentry"],"acf":[],"yoast_head":"<!-- This site is optimized with the Yoast SEO Premium plugin v24.6 (Yoast SEO v24.6) - https:\/\/yoast.com\/wordpress\/plugins\/seo\/ -->\n<title>Chief Executive Office | Offices and Services | INRS<\/title>\n<meta name=\"description\" content=\"Coordination of development at Institut national de la recherche scientifique is provided by a central administrative structure overseen by the CEO and made up of the following directorships.\" \/>\n<meta name=\"robots\" content=\"noindex, follow, max-snippet:-1, max-image-preview:large, max-video-preview:-1\" \/>\n<meta property=\"og:locale\" content=\"en_US\" \/>\n<meta property=\"og:type\" content=\"article\" \/>\n<meta property=\"og:title\" content=\"Chief Executive Office | Offices and Services | INRS\" \/>\n<meta property=\"og:description\" content=\"Coordination of development at Institut national de la recherche scientifique is provided by a central administrative structure overseen by the CEO and made up of the following directorships.\" \/>\n<meta property=\"og:url\" content=\"https:\/\/dev.inrs.ca\/en\/inrs\/offices-and-services\/chief-executive-office\/\" \/>\n<meta property=\"og:site_name\" content=\"INRS\" \/>\n<meta property=\"article:publisher\" content=\"https:\/\/www.facebook.com\/inrsciences\/\" \/>\n<meta property=\"article:modified_time\" content=\"2021-10-06T13:03:23+00:00\" \/>\n<meta property=\"og:image\" content=\"https:\/\/dev.inrs.ca\/wp-content\/uploads\/2021\/03\/INRS-Partenariat-Unites-Mixtes-Recherche-1200x628-img-1.png\" \/>\n\t<meta property=\"og:image:width\" content=\"1200\" \/>\n\t<meta property=\"og:image:height\" content=\"628\" \/>\n\t<meta property=\"og:image:type\" content=\"image\/png\" \/>\n<meta name=\"twitter:card\" content=\"summary_large_image\" \/>\n<meta name=\"twitter:site\" content=\"@inrsciences\" \/>\n<meta name=\"twitter:label1\" content=\"Est. reading time\" \/>\n\t<meta name=\"twitter:data1\" content=\"1 minute\" \/>\n<script type=\"application\/ld+json\" class=\"yoast-schema-graph\">{\"@context\":\"https:\/\/schema.org\",\"@graph\":[{\"@type\":\"WebPage\",\"@id\":\"https:\/\/dev.inrs.ca\/en\/inrs\/offices-and-services\/chief-executive-office\/\",\"url\":\"https:\/\/dev.inrs.ca\/en\/inrs\/offices-and-services\/chief-executive-office\/\",\"name\":\"Chief Executive Office | Offices and Services | INRS\",\"isPartOf\":{\"@id\":\"https:\/\/dev.inrs.ca\/en\/#website\"},\"primaryImageOfPage\":{\"@id\":\"https:\/\/dev.inrs.ca\/en\/inrs\/offices-and-services\/chief-executive-office\/#primaryimage\"},\"image\":{\"@id\":\"https:\/\/dev.inrs.ca\/en\/inrs\/offices-and-services\/chief-executive-office\/#primaryimage\"},\"thumbnailUrl\":\"https:\/\/dev.inrs.ca\/wp-content\/uploads\/2021\/03\/INRS-Partenariat-Unites-Mixtes-Recherche-1200x628-img-1.png\",\"datePublished\":\"2021-01-28T21:15:03+00:00\",\"dateModified\":\"2021-10-06T13:03:23+00:00\",\"description\":\"Coordination of development at Institut national de la recherche scientifique is provided by a central administrative structure overseen by the CEO and made up of the following directorships.\",\"breadcrumb\":{\"@id\":\"https:\/\/dev.inrs.ca\/en\/inrs\/offices-and-services\/chief-executive-office\/#breadcrumb\"},\"inLanguage\":\"en-CA\",\"potentialAction\":[{\"@type\":\"ReadAction\",\"target\":[\"https:\/\/dev.inrs.ca\/en\/inrs\/offices-and-services\/chief-executive-office\/\"]}]},{\"@type\":\"ImageObject\",\"inLanguage\":\"en-CA\",\"@id\":\"https:\/\/dev.inrs.ca\/en\/inrs\/offices-and-services\/chief-executive-office\/#primaryimage\",\"url\":\"https:\/\/dev.inrs.ca\/wp-content\/uploads\/2021\/03\/INRS-Partenariat-Unites-Mixtes-Recherche-1200x628-img-1.png\",\"contentUrl\":\"https:\/\/dev.inrs.ca\/wp-content\/uploads\/2021\/03\/INRS-Partenariat-Unites-Mixtes-Recherche-1200x628-img-1.png\",\"width\":1200,\"height\":628,\"caption\":\"INRS\"},{\"@type\":\"BreadcrumbList\",\"@id\":\"https:\/\/dev.inrs.ca\/en\/inrs\/offices-and-services\/chief-executive-office\/#breadcrumb\",\"itemListElement\":[{\"@type\":\"ListItem\",\"position\":1,\"name\":\"INRS\",\"item\":\"https:\/\/dev.inrs.ca\/linrs\/\"},{\"@type\":\"ListItem\",\"position\":2,\"name\":\"Offices and Services\",\"item\":\"https:\/\/dev.inrs.ca\/linrs\/directions-et-services\/\"},{\"@type\":\"ListItem\",\"position\":3,\"name\":\"Chief Executive Office\"}]},{\"@type\":\"WebSite\",\"@id\":\"https:\/\/dev.inrs.ca\/en\/#website\",\"url\":\"https:\/\/dev.inrs.ca\/en\/\",\"name\":\"INRS\",\"description\":\"Institut national de la recherche scientifique\",\"potentialAction\":[{\"@type\":\"SearchAction\",\"target\":{\"@type\":\"EntryPoint\",\"urlTemplate\":\"https:\/\/dev.inrs.ca\/en\/?s={search_term_string}\"},\"query-input\":{\"@type\":\"PropertyValueSpecification\",\"valueRequired\":true,\"valueName\":\"search_term_string\"}}],\"inLanguage\":\"en-CA\"}]}<\/script>\n<!-- \/ Yoast SEO Premium plugin. -->","yoast_head_json":{"title":"Chief Executive Office | Offices and Services | INRS","description":"Coordination of development at Institut national de la recherche scientifique is provided by a central administrative structure overseen by the CEO and made up of the following directorships.","robots":{"index":"noindex","follow":"follow","max-snippet":"max-snippet:-1","max-image-preview":"max-image-preview:large","max-video-preview":"max-video-preview:-1"},"og_locale":"en_US","og_type":"article","og_title":"Chief Executive Office | Offices and Services | INRS","og_description":"Coordination of development at Institut national de la recherche scientifique is provided by a central administrative structure overseen by the CEO and made up of the following directorships.","og_url":"https:\/\/dev.inrs.ca\/en\/inrs\/offices-and-services\/chief-executive-office\/","og_site_name":"INRS","article_publisher":"https:\/\/www.facebook.com\/inrsciences\/","article_modified_time":"2021-10-06T13:03:23+00:00","og_image":[{"width":1200,"height":628,"url":"https:\/\/dev.inrs.ca\/wp-content\/uploads\/2021\/03\/INRS-Partenariat-Unites-Mixtes-Recherche-1200x628-img-1.png","type":"image\/png"}],"twitter_card":"summary_large_image","twitter_site":"@inrsciences","twitter_misc":{"Est. reading time":"1 minute"},"schema":{"@context":"https:\/\/schema.org","@graph":[{"@type":"WebPage","@id":"https:\/\/dev.inrs.ca\/en\/inrs\/offices-and-services\/chief-executive-office\/","url":"https:\/\/dev.inrs.ca\/en\/inrs\/offices-and-services\/chief-executive-office\/","name":"Chief Executive Office | Offices and Services | INRS","isPartOf":{"@id":"https:\/\/dev.inrs.ca\/en\/#website"},"primaryImageOfPage":{"@id":"https:\/\/dev.inrs.ca\/en\/inrs\/offices-and-services\/chief-executive-office\/#primaryimage"},"image":{"@id":"https:\/\/dev.inrs.ca\/en\/inrs\/offices-and-services\/chief-executive-office\/#primaryimage"},"thumbnailUrl":"https:\/\/dev.inrs.ca\/wp-content\/uploads\/2021\/03\/INRS-Partenariat-Unites-Mixtes-Recherche-1200x628-img-1.png","datePublished":"2021-01-28T21:15:03+00:00","dateModified":"2021-10-06T13:03:23+00:00","description":"Coordination of development at Institut national de la recherche scientifique is provided by a central administrative structure overseen by the CEO and made up of the following directorships.","breadcrumb":{"@id":"https:\/\/dev.inrs.ca\/en\/inrs\/offices-and-services\/chief-executive-office\/#breadcrumb"},"inLanguage":"en-CA","potentialAction":[{"@type":"ReadAction","target":["https:\/\/dev.inrs.ca\/en\/inrs\/offices-and-services\/chief-executive-office\/"]}]},{"@type":"ImageObject","inLanguage":"en-CA","@id":"https:\/\/dev.inrs.ca\/en\/inrs\/offices-and-services\/chief-executive-office\/#primaryimage","url":"https:\/\/dev.inrs.ca\/wp-content\/uploads\/2021\/03\/INRS-Partenariat-Unites-Mixtes-Recherche-1200x628-img-1.png","contentUrl":"https:\/\/dev.inrs.ca\/wp-content\/uploads\/2021\/03\/INRS-Partenariat-Unites-Mixtes-Recherche-1200x628-img-1.png","width":1200,"height":628,"caption":"INRS"},{"@type":"BreadcrumbList","@id":"https:\/\/dev.inrs.ca\/en\/inrs\/offices-and-services\/chief-executive-office\/#breadcrumb","itemListElement":[{"@type":"ListItem","position":1,"name":"INRS","item":"https:\/\/dev.inrs.ca\/linrs\/"},{"@type":"ListItem","position":2,"name":"Offices and Services","item":"https:\/\/dev.inrs.ca\/linrs\/directions-et-services\/"},{"@type":"ListItem","position":3,"name":"Chief Executive Office"}]},{"@type":"WebSite","@id":"https:\/\/dev.inrs.ca\/en\/#website","url":"https:\/\/dev.inrs.ca\/en\/","name":"INRS","description":"Institut national de la recherche scientifique","potentialAction":[{"@type":"SearchAction","target":{"@type":"EntryPoint","urlTemplate":"https:\/\/dev.inrs.ca\/en\/?s={search_term_string}"},"query-input":{"@type":"PropertyValueSpecification","valueRequired":true,"valueName":"search_term_string"}}],"inLanguage":"en-CA"}]}},"_links":{"self":[{"href":"https:\/\/dev.inrs.ca\/en\/wp-json\/wp\/v2\/pages\/43608","targetHints":{"allow":["GET"]}}],"collection":[{"href":"https:\/\/dev.inrs.ca\/en\/wp-json\/wp\/v2\/pages"}],"about":[{"href":"https:\/\/dev.inrs.ca\/en\/wp-json\/wp\/v2\/types\/page"}],"author":[{"embeddable":true,"href":"https:\/\/dev.inrs.ca\/en\/wp-json\/wp\/v2\/users\/3"}],"replies":[{"embeddable":true,"href":"https:\/\/dev.inrs.ca\/en\/wp-json\/wp\/v2\/comments?post=43608"}],"version-history":[{"count":5,"href":"https:\/\/dev.inrs.ca\/en\/wp-json\/wp\/v2\/pages\/43608\/revisions"}],"predecessor-version":[{"id":76753,"href":"https:\/\/dev.inrs.ca\/en\/wp-json\/wp\/v2\/pages\/43608\/revisions\/76753"}],"up":[{"embeddable":true,"href":"https:\/\/dev.inrs.ca\/en\/wp-json\/wp\/v2\/pages\/13246"}],"wp:featuredmedia":[{"embeddable":true,"href":"https:\/\/dev.inrs.ca\/en\/wp-json\/wp\/v2\/media\/56700"}],"wp:attachment":[{"href":"https:\/\/dev.inrs.ca\/en\/wp-json\/wp\/v2\/media?parent=43608"}],"wp:term":[{"taxonomy":"page_type","embeddable":true,"href":"https:\/\/dev.inrs.ca\/en\/wp-json\/wp\/v2\/page_type?post=43608"},{"taxonomy":"wf_page_folders","embeddable":true,"href":"https:\/\/dev.inrs.ca\/en\/wp-json\/wp\/v2\/wf_page_folders?post=43608"}],"curies":[{"name":"wp","href":"https:\/\/api.w.org\/{rel}","templated":true}]}}