{"id":3207,"date":"2020-01-30T16:05:07","date_gmt":"2020-01-30T16:05:07","guid":{"rendered":"https:\/\/dev.inrs.ca\/?page_id=3207"},"modified":"2021-03-08T14:09:59","modified_gmt":"2021-03-08T19:09:59","slug":"research-centres","status":"publish","type":"page","link":"https:\/\/dev.inrs.ca\/en\/inrs\/research-centres\/","title":{"rendered":"Research Centres"},"content":{"rendered":"<p><strong>Based in four major cities in Quebec, the Institut national de la recherche scientifique (INRS) is composed of thematic research and training centres: Armand-Frappier Sant\u00e9 Biotechnologie, <\/strong><strong>Eau Terre Environnement, \u00c9nergie Mat\u00e9riaux T\u00e9l\u00e9communications, and Urbanisation Culture Soci\u00e9t\u00e9.<\/strong><\/p>\n","protected":false},"excerpt":{"rendered":"<p>Based in four major cities in Quebec, the Institut national de la recherche scientifique (INRS) is composed of thematic research and training centres: Armand-Frappier Sant\u00e9 Biotechnologie, Eau Terre Environnement, \u00c9nergie Mat\u00e9riaux T\u00e9l\u00e9communications, and Urbanisation Culture Soci\u00e9t\u00e9.<\/p>\n","protected":false},"author":1,"featured_media":10874,"parent":20050,"menu_order":0,"comment_status":"closed","ping_status":"closed","template":"templates\/centers.php","meta":{"_acf_changed":false,"footnotes":""},"page_type":[],"wf_page_folders":[22],"class_list":["post-3207","page","type-page","status-publish","has-post-thumbnail","hentry"],"acf":[],"yoast_head":"<!-- This site is optimized with the Yoast SEO Premium plugin v24.6 (Yoast SEO v24.6) - https:\/\/yoast.com\/wordpress\/plugins\/seo\/ -->\n<title>Research Centres | INRS<\/title>\n<meta name=\"description\" content=\"Based in four major cities in Quebec, INRS is composed of thematic research and training centres: Armand-Frappier Sant\u00e9 Biotechnologie, Eau Terre Environnement, \u00c9nergie Mat\u00e9riaux T\u00e9l\u00e9communications, and Urbanisation Culture Soci\u00e9t\u00e9.\" \/>\n<meta name=\"robots\" content=\"noindex, follow, max-snippet:-1, max-image-preview:large, max-video-preview:-1\" \/>\n<meta property=\"og:locale\" content=\"en_US\" \/>\n<meta property=\"og:type\" content=\"article\" \/>\n<meta property=\"og:title\" content=\"Research Centres | INRS\" \/>\n<meta property=\"og:description\" content=\"Based in four major cities in Quebec, INRS is composed of thematic research and training centres: Armand-Frappier Sant\u00e9 Biotechnologie, Eau Terre Environnement, \u00c9nergie Mat\u00e9riaux T\u00e9l\u00e9communications, and Urbanisation Culture Soci\u00e9t\u00e9.\" \/>\n<meta property=\"og:url\" content=\"https:\/\/dev.inrs.ca\/en\/inrs\/research-centres\/\" \/>\n<meta property=\"og:site_name\" content=\"INRS\" \/>\n<meta property=\"article:publisher\" content=\"https:\/\/www.facebook.com\/inrsciences\/\" \/>\n<meta property=\"article:modified_time\" content=\"2021-03-08T19:09:59+00:00\" \/>\n<meta property=\"og:image\" content=\"https:\/\/dev.inrs.ca\/wp-content\/uploads\/2020\/06\/inrs-institut-national-recherche-scientifique-quebec-batiment-centre-eau-terre-environnement.jpg\" \/>\n\t<meta property=\"og:image:width\" content=\"1138\" \/>\n\t<meta property=\"og:image:height\" content=\"759\" \/>\n\t<meta property=\"og:image:type\" content=\"image\/jpeg\" \/>\n<meta name=\"twitter:card\" content=\"summary_large_image\" \/>\n<meta name=\"twitter:site\" content=\"@inrsciences\" \/>\n<script type=\"application\/ld+json\" class=\"yoast-schema-graph\">{\"@context\":\"https:\/\/schema.org\",\"@graph\":[{\"@type\":\"WebPage\",\"@id\":\"https:\/\/dev.inrs.ca\/en\/inrs\/research-centres\/\",\"url\":\"https:\/\/dev.inrs.ca\/en\/inrs\/research-centres\/\",\"name\":\"Research Centres | INRS\",\"isPartOf\":{\"@id\":\"https:\/\/dev.inrs.ca\/en\/#website\"},\"primaryImageOfPage\":{\"@id\":\"https:\/\/dev.inrs.ca\/en\/inrs\/research-centres\/#primaryimage\"},\"image\":{\"@id\":\"https:\/\/dev.inrs.ca\/en\/inrs\/research-centres\/#primaryimage\"},\"thumbnailUrl\":\"https:\/\/dev.inrs.ca\/wp-content\/uploads\/2020\/06\/inrs-institut-national-recherche-scientifique-quebec-batiment-centre-eau-terre-environnement.jpg\",\"datePublished\":\"2020-01-30T16:05:07+00:00\",\"dateModified\":\"2021-03-08T19:09:59+00:00\",\"description\":\"Based in four major cities in Quebec, INRS is composed of thematic research and training centres: Armand-Frappier Sant\u00e9 Biotechnologie, Eau Terre Environnement, \u00c9nergie Mat\u00e9riaux T\u00e9l\u00e9communications, and Urbanisation Culture Soci\u00e9t\u00e9.\",\"breadcrumb\":{\"@id\":\"https:\/\/dev.inrs.ca\/en\/inrs\/research-centres\/#breadcrumb\"},\"inLanguage\":\"en-CA\",\"potentialAction\":[{\"@type\":\"ReadAction\",\"target\":[\"https:\/\/dev.inrs.ca\/en\/inrs\/research-centres\/\"]}]},{\"@type\":\"ImageObject\",\"inLanguage\":\"en-CA\",\"@id\":\"https:\/\/dev.inrs.ca\/en\/inrs\/research-centres\/#primaryimage\",\"url\":\"https:\/\/dev.inrs.ca\/wp-content\/uploads\/2020\/06\/inrs-institut-national-recherche-scientifique-quebec-batiment-centre-eau-terre-environnement.jpg\",\"contentUrl\":\"https:\/\/dev.inrs.ca\/wp-content\/uploads\/2020\/06\/inrs-institut-national-recherche-scientifique-quebec-batiment-centre-eau-terre-environnement.jpg\",\"width\":1138,\"height\":759,\"caption\":\"L'administration g\u00e9n\u00e9rale est situ\u00e9e \u00e0 Qu\u00e9bec\"},{\"@type\":\"BreadcrumbList\",\"@id\":\"https:\/\/dev.inrs.ca\/en\/inrs\/research-centres\/#breadcrumb\",\"itemListElement\":[{\"@type\":\"ListItem\",\"position\":1,\"name\":\"INRS\",\"item\":\"https:\/\/dev.inrs.ca\/linrs\/\"},{\"@type\":\"ListItem\",\"position\":2,\"name\":\"Research Centres\"}]},{\"@type\":\"WebSite\",\"@id\":\"https:\/\/dev.inrs.ca\/en\/#website\",\"url\":\"https:\/\/dev.inrs.ca\/en\/\",\"name\":\"INRS\",\"description\":\"Institut national de la recherche scientifique\",\"potentialAction\":[{\"@type\":\"SearchAction\",\"target\":{\"@type\":\"EntryPoint\",\"urlTemplate\":\"https:\/\/dev.inrs.ca\/en\/?s={search_term_string}\"},\"query-input\":{\"@type\":\"PropertyValueSpecification\",\"valueRequired\":true,\"valueName\":\"search_term_string\"}}],\"inLanguage\":\"en-CA\"}]}<\/script>\n<!-- \/ Yoast SEO Premium plugin. -->","yoast_head_json":{"title":"Research Centres | INRS","description":"Based in four major cities in Quebec, INRS is composed of thematic research and training centres: Armand-Frappier Sant\u00e9 Biotechnologie, Eau Terre Environnement, \u00c9nergie Mat\u00e9riaux T\u00e9l\u00e9communications, and Urbanisation Culture Soci\u00e9t\u00e9.","robots":{"index":"noindex","follow":"follow","max-snippet":"max-snippet:-1","max-image-preview":"max-image-preview:large","max-video-preview":"max-video-preview:-1"},"og_locale":"en_US","og_type":"article","og_title":"Research Centres | INRS","og_description":"Based in four major cities in Quebec, INRS is composed of thematic research and training centres: Armand-Frappier Sant\u00e9 Biotechnologie, Eau Terre Environnement, \u00c9nergie Mat\u00e9riaux T\u00e9l\u00e9communications, and Urbanisation Culture Soci\u00e9t\u00e9.","og_url":"https:\/\/dev.inrs.ca\/en\/inrs\/research-centres\/","og_site_name":"INRS","article_publisher":"https:\/\/www.facebook.com\/inrsciences\/","article_modified_time":"2021-03-08T19:09:59+00:00","og_image":[{"width":1138,"height":759,"url":"https:\/\/dev.inrs.ca\/wp-content\/uploads\/2020\/06\/inrs-institut-national-recherche-scientifique-quebec-batiment-centre-eau-terre-environnement.jpg","type":"image\/jpeg"}],"twitter_card":"summary_large_image","twitter_site":"@inrsciences","schema":{"@context":"https:\/\/schema.org","@graph":[{"@type":"WebPage","@id":"https:\/\/dev.inrs.ca\/en\/inrs\/research-centres\/","url":"https:\/\/dev.inrs.ca\/en\/inrs\/research-centres\/","name":"Research Centres | INRS","isPartOf":{"@id":"https:\/\/dev.inrs.ca\/en\/#website"},"primaryImageOfPage":{"@id":"https:\/\/dev.inrs.ca\/en\/inrs\/research-centres\/#primaryimage"},"image":{"@id":"https:\/\/dev.inrs.ca\/en\/inrs\/research-centres\/#primaryimage"},"thumbnailUrl":"https:\/\/dev.inrs.ca\/wp-content\/uploads\/2020\/06\/inrs-institut-national-recherche-scientifique-quebec-batiment-centre-eau-terre-environnement.jpg","datePublished":"2020-01-30T16:05:07+00:00","dateModified":"2021-03-08T19:09:59+00:00","description":"Based in four major cities in Quebec, INRS is composed of thematic research and training centres: Armand-Frappier Sant\u00e9 Biotechnologie, Eau Terre Environnement, \u00c9nergie Mat\u00e9riaux T\u00e9l\u00e9communications, and Urbanisation Culture Soci\u00e9t\u00e9.","breadcrumb":{"@id":"https:\/\/dev.inrs.ca\/en\/inrs\/research-centres\/#breadcrumb"},"inLanguage":"en-CA","potentialAction":[{"@type":"ReadAction","target":["https:\/\/dev.inrs.ca\/en\/inrs\/research-centres\/"]}]},{"@type":"ImageObject","inLanguage":"en-CA","@id":"https:\/\/dev.inrs.ca\/en\/inrs\/research-centres\/#primaryimage","url":"https:\/\/dev.inrs.ca\/wp-content\/uploads\/2020\/06\/inrs-institut-national-recherche-scientifique-quebec-batiment-centre-eau-terre-environnement.jpg","contentUrl":"https:\/\/dev.inrs.ca\/wp-content\/uploads\/2020\/06\/inrs-institut-national-recherche-scientifique-quebec-batiment-centre-eau-terre-environnement.jpg","width":1138,"height":759,"caption":"L'administration g\u00e9n\u00e9rale est situ\u00e9e \u00e0 Qu\u00e9bec"},{"@type":"BreadcrumbList","@id":"https:\/\/dev.inrs.ca\/en\/inrs\/research-centres\/#breadcrumb","itemListElement":[{"@type":"ListItem","position":1,"name":"INRS","item":"https:\/\/dev.inrs.ca\/linrs\/"},{"@type":"ListItem","position":2,"name":"Research Centres"}]},{"@type":"WebSite","@id":"https:\/\/dev.inrs.ca\/en\/#website","url":"https:\/\/dev.inrs.ca\/en\/","name":"INRS","description":"Institut national de la recherche scientifique","potentialAction":[{"@type":"SearchAction","target":{"@type":"EntryPoint","urlTemplate":"https:\/\/dev.inrs.ca\/en\/?s={search_term_string}"},"query-input":{"@type":"PropertyValueSpecification","valueRequired":true,"valueName":"search_term_string"}}],"inLanguage":"en-CA"}]}},"_links":{"self":[{"href":"https:\/\/dev.inrs.ca\/en\/wp-json\/wp\/v2\/pages\/3207","targetHints":{"allow":["GET"]}}],"collection":[{"href":"https:\/\/dev.inrs.ca\/en\/wp-json\/wp\/v2\/pages"}],"about":[{"href":"https:\/\/dev.inrs.ca\/en\/wp-json\/wp\/v2\/types\/page"}],"author":[{"embeddable":true,"href":"https:\/\/dev.inrs.ca\/en\/wp-json\/wp\/v2\/users\/1"}],"replies":[{"embeddable":true,"href":"https:\/\/dev.inrs.ca\/en\/wp-json\/wp\/v2\/comments?post=3207"}],"version-history":[{"count":4,"href":"https:\/\/dev.inrs.ca\/en\/wp-json\/wp\/v2\/pages\/3207\/revisions"}],"predecessor-version":[{"id":50217,"href":"https:\/\/dev.inrs.ca\/en\/wp-json\/wp\/v2\/pages\/3207\/revisions\/50217"}],"up":[{"embeddable":true,"href":"https:\/\/dev.inrs.ca\/en\/wp-json\/wp\/v2\/pages\/20050"}],"wp:featuredmedia":[{"embeddable":true,"href":"https:\/\/dev.inrs.ca\/en\/wp-json\/wp\/v2\/media\/10874"}],"wp:attachment":[{"href":"https:\/\/dev.inrs.ca\/en\/wp-json\/wp\/v2\/media?parent=3207"}],"wp:term":[{"taxonomy":"page_type","embeddable":true,"href":"https:\/\/dev.inrs.ca\/en\/wp-json\/wp\/v2\/page_type?post=3207"},{"taxonomy":"wf_page_folders","embeddable":true,"href":"https:\/\/dev.inrs.ca\/en\/wp-json\/wp\/v2\/wf_page_folders?post=3207"}],"curies":[{"name":"wp","href":"https:\/\/api.w.org\/{rel}","templated":true}]}}