{"id":23381,"date":"2021-01-18T15:33:57","date_gmt":"2021-01-18T20:33:57","guid":{"rendered":"https:\/\/dev.inrs.ca\/?page_id=23381"},"modified":"2021-09-10T13:51:21","modified_gmt":"2021-09-10T17:51:21","slug":"northern-geothermal-potential-research-chair","status":"publish","type":"page","link":"https:\/\/dev.inrs.ca\/en\/research\/research-chairs-groups-and-networks\/find-research-chair-group-or-network\/northern-geothermal-potential-research-chair\/","title":{"rendered":"INQ Northern Geothermal Potential Research Chair"},"content":{"rendered":"\n<p class=\"has-large-font-size\"><strong>Access to clean and affordable energy is critical to the development of communities and natural resources north of the 49<sup>th<\/sup> parallel.&nbsp;The mission of the&nbsp;INQ northern geothermal potential research chair&nbsp;is to advance the knowledge needed to assess the performance of geothermal systems in cold climates, to adapt technologies to northern realities, and to help bring green energy to northern Quebec. The Chair is funded by the&nbsp;<a href=\"https:\/\/www.inq.ulaval.ca\/en\" target=\"_blank\" rel=\"noreferrer noopener\">Institut nordique du Qu\u00e9bec<\/a>.<\/strong><\/p>\n\n\n\n<h2 class=\"wp-block-heading\"><br>Objectives<\/h2>\n\n\n\n<p>The research will be used to evaluate strategies for reducing hydrocarbon consumption and increasing the productivity of geothermal systems in northern environments to make them more affordable and provide access to clean energy. The strategy for meeting this goal is threefold:&nbsp;<\/p>\n\n\n\n<ul class=\"wp-block-list\"><li>Identify northern geological environments with high geothermal potential<\/li><li>Improve the design and operating procedures of northern geothermal systems installed in a permafrost area<\/li><li>Develop technologies to facilitate geothermal development in the North&nbsp;<\/li><\/ul>\n\n\n\n<h2 class=\"wp-block-heading\"><br>Chairholder<\/h2>\n\n\n\n<p>A trained hydrogeologist,&nbsp;<a href=\"https:\/\/dev.inrs.ca\/en\/professors\/jasmin-raymond\/\">Jasmin Raymond<\/a> obtained his PhD at Universit\u00e9 Laval and performed postdoctoral research at INRS through a Banting Fellowship. Professor Raymond has a keen interest in geothermal energy and conducts research at INRS on low to medium temperature resources, including heat pump systems. Mr. Raymond works with designers, operators, and manufacturers from the geothermal sector and draws on field testing and numerical modelling to conduct his research, which aims to spur scientific and technological innovation to optimize the efficiency, efficacy, and profitability of geothermal systems. Professor and chairholder Jasmin Raymond is the codirector of an international geothermal energy research group supported by UNESCO and sits on the Canadian Standards Association geothermal heat pump task group and the Geoscience BC Geothermal Technical Advisory Committee. He teaches geothermal energy basics and is the co-author of a report by the Geological Survey of Canada on the geothermal energy resource potential of the country. He is the recipient of the Canadian Geotechnical Society\u2019s 2016 Colloquium Lecture honour.&nbsp;<\/p>\n\n\n\n    \n    <div class=\"content-slider-ctn\">\n        <!-- Slider main container -->\n        <div class=\"swiper-container\">\n            <!-- Additional required wrapper -->\n            <div class=\"swiper-wrapper\">\n\n                <!-- Slides -->\n                                    <div class=\"swiper-slide slide-img\">\n                        <img decoding=\"async\" src=\"https:\/\/dev.inrs.ca\/wp-content\/uploads\/2020\/09\/Chaire-de-recherche-sur-le-potentiel-geothermique-Nord-inrs-1-1200x780.png\" alt=\"\">\n                                            <\/div>   \n                                    <div class=\"swiper-slide slide-img\">\n                        <img decoding=\"async\" src=\"https:\/\/dev.inrs.ca\/wp-content\/uploads\/2020\/09\/jraymond_243-1-1200x780.png\" alt=\"\">\n                                            <\/div>   \n                                    <div class=\"swiper-slide slide-img\">\n                        <img decoding=\"async\" src=\"https:\/\/dev.inrs.ca\/wp-content\/uploads\/2020\/09\/Chaire-de-recherche-sur-le-potentiel-geothermique-Nord-inrs-jasmin-1-1200x780.png\" alt=\"\">\n                                            <\/div>   \n                                    <div class=\"swiper-slide slide-img\">\n                        <img decoding=\"async\" src=\"https:\/\/dev.inrs.ca\/wp-content\/uploads\/2020\/09\/Chaire-de-recherche-sur-le-potentiel-geothermique-Nord-inrs-2-1-1200x780.png\" alt=\"\">\n                                            <\/div>   \n                            <\/div>\n            <div class=\"navigation-ctn\">\n                <div class=\"swiper-button-prev\"><\/div>\n                <div class=\"swiper-button-next\"><\/div>\n            <\/div>\n        <\/div>\n    <\/div>\n\n\n\n<h2 class=\"wp-block-heading\"><br>Background<\/h2>\n\n\n\n<p>Hydrocarbons transported by truck, train and boat are the main source of heat and electricity in the North, a situation that comes at a high financial and environmental cost. Geothermal technologies offer an alternative that can be used to diversify energy sources and reduce greenhouse gas emissions. This could give rise to new business activities of great benefit to northern communities, such as greenhouse operations for producing fruits and vegetables locally.&nbsp;&nbsp;However, the extent of geothermal resources available in the North is still largely unknown. The region is vast and the thermohydraulic properties characterizing shallow and deep geothermal resources vary greatly. The research chair aims to demonstrate the potential of northern geothermal resources so that this renewable energy source can be developed.&nbsp;&nbsp;<\/p>\n\n\n\n<h2 class=\"wp-block-heading\"><br>Advance Knowledge and Develop Technologies<\/h2>\n\n\n\n<p>The research project focuses on two northern regions with distinct energy supply profiles:<\/p>\n\n\n\n<ul class=\"wp-block-list\"><li>the mines and villages connected to a distribution system, primarily in the James Bay area<\/li><li>the Aboriginal villages deserved by off-grid systems in northern Qu\u00e9bec, mainly in Nunavik&nbsp;<\/li><\/ul>\n\n\n\n<p>The researchers will assess the state of local geothermal resources, develop hydrogeological and energy models to predict the operating temperatures of potential geothermal systems, develop new modelling strategies to improve the methods used to design heat pumps, improve underground thermal energy storage, and study the impact of permafrost, among others.&nbsp;&nbsp;<\/p>\n\n\n\n<div style=\"height:29px\" aria-hidden=\"true\" class=\"wp-block-spacer\"><\/div>\n\n\n\n<div class=\"wp-block-image\"><figure class=\"aligncenter size-large\"><img loading=\"lazy\" decoding=\"async\" width=\"1000\" height=\"787\" src=\"https:\/\/dev.inrs.ca\/wp-content\/uploads\/2020\/09\/Carte-thematique-Travaux-geothermie-INRS-view-1.jpg\" alt=\"\" class=\"wp-image-26136\" srcset=\"https:\/\/dev.inrs.ca\/wp-content\/uploads\/2020\/09\/Carte-thematique-Travaux-geothermie-INRS-view-1.jpg 1000w, https:\/\/dev.inrs.ca\/wp-content\/uploads\/2020\/09\/Carte-thematique-Travaux-geothermie-INRS-view-1-300x236.jpg 300w, https:\/\/dev.inrs.ca\/wp-content\/uploads\/2020\/09\/Carte-thematique-Travaux-geothermie-INRS-view-1-768x604.jpg 768w\" sizes=\"auto, (max-width: 1000px) 100vw, 1000px\" \/><\/figure><\/div>\n\n\n\n<div style=\"height:29px\" aria-hidden=\"true\" class=\"wp-block-spacer\"><\/div>\n\n\n\n<p>The chair seeks to innovate by developing underused geothermal resources and technologies, one of very few local alternatives for continuous heat production. &nbsp;With the acquisition of new knowledge, use of these resources and technologies can be extended to northern Quebec and new simulation approaches can be tested to determine if geothermal technology is a viable alternative in the North.&nbsp;<\/p>\n\n\n\n<div class=\"wp-block-buttons is-content-justification-center is-layout-flex wp-block-buttons-is-layout-flex\">\n<div class=\"wp-block-button\"><a class=\"wp-block-button__link has-darker-background-color has-background\" href=\"https:\/\/dev.inrs.ca\/inq-inrs-northern-geothermal-potential-research-chair-web\/\" target=\"_blank\" rel=\"noreferrer noopener\">research chair flyer (pdf)<\/a><\/div>\n<\/div>\n\n\n\n<h2 class=\"wp-block-heading\"><br>Partners and collaborators<\/h2>\n\n\n\n<h4 class=\"wp-block-heading\"><br><strong>Local organizations<\/strong><\/h4>\n\n\n\n<ul class=\"wp-block-list\"><li>Corporation fonci\u00e8re Nayumivik<\/li><li>Soci\u00e9t\u00e9 Kuujjuamiut<\/li><li>Cree Nation Government<\/li><li>Whapmagoostui First Nation<\/li><li>NV Kuujjuarapik<\/li><\/ul>\n\n\n\n<h4 class=\"wp-block-heading\"><br><strong>Companies<\/strong><\/h4>\n\n\n\n<ul class=\"wp-block-list\"><li>Nunatech-Englobe<\/li><li>Induktion G\u00e9othermie<\/li><li>CIMA+<\/li><\/ul>\n\n\n\n<h4 class=\"wp-block-heading\"><br><strong>Government agencies and research institutions<\/strong><\/h4>\n\n\n\n<p><strong>In the country<\/strong><\/p>\n\n\n\n<ul class=\"wp-block-list\"><li>Centre d\u2019\u00e9tudes nordiques (CEN)<\/li><li>Centre TERRE, C\u00e9gep de Jonqui\u00e8re (CCTT)<\/li><li>Nergica, C\u00e9gep de la Gasp\u00e9sie et des \u00celes (CCTT)<\/li><li>Transition \u00c9nerg\u00e9tique Qu\u00e9bec, Gouvernement du Qu\u00e9bec<\/li><li>Commission g\u00e9ologique du Yukon, Gouvernement du Yukon<\/li><li>Commission g\u00e9ologique des Territoires du Nord-Ouest, Gouvernement des Territoires du Nord-Ouest<\/li><\/ul>\n\n\n\n<p><strong>Abroad<\/strong><\/p>\n\n\n\n<ul class=\"wp-block-list\"><li>BRGM (France)<\/li><li>Universit\u00e9 de Rennes 1 (France)<\/li><li><em>Politecnico di Torino<\/em>&nbsp;(Italie)<\/li><li><em>Universit\u00e0 di Torino<\/em>&nbsp;(Italie)<\/li><li><em>H\u00e1sk\u00f3linn \u00ed Reykjav\u00edk<\/em>&nbsp;(Islande)<\/li><li><em>Kungliga Tekniska h\u00f6gskolan<\/em>&nbsp;(Su\u00e8de)<\/li><li><em>Universidad de Medell\u00edn<\/em>&nbsp;(Colombie)<\/li><\/ul>\n","protected":false},"excerpt":{"rendered":"<p>The mission of the Northern Geothermal Potential Research Chair is to advance the knowledge needed to assess the performance of geothermal systems in cold climates, to adapt technologies to northern realities, and to help bring green energy to northern Quebec. <\/p>\n","protected":false},"author":3,"featured_media":26118,"parent":21773,"menu_order":0,"comment_status":"closed","ping_status":"closed","template":"","meta":{"_acf_changed":false,"footnotes":""},"page_type":[1214],"wf_page_folders":[9],"class_list":["post-23381","page","type-page","status-publish","has-post-thumbnail","hentry","page_type-chair-research-group"],"acf":[],"yoast_head":"<!-- This site is optimized with the Yoast SEO Premium plugin v24.6 (Yoast SEO v24.6) - https:\/\/yoast.com\/wordpress\/plugins\/seo\/ -->\n<title>INQ Northern Geothermal Potential Research Chair | INRS<\/title>\n<meta name=\"robots\" content=\"noindex, follow, max-snippet:-1, max-image-preview:large, max-video-preview:-1\" \/>\n<meta property=\"og:locale\" content=\"en_US\" \/>\n<meta property=\"og:type\" content=\"article\" \/>\n<meta property=\"og:title\" content=\"INQ Northern Geothermal Potential Research Chair | INRS\" \/>\n<meta property=\"og:description\" content=\"The mission of the Northern Geothermal Potential Research Chair is to advance the knowledge needed to assess the performance of geothermal systems in cold climates, to adapt technologies to northern realities, and to help bring green energy to northern Quebec.\" \/>\n<meta property=\"og:url\" content=\"https:\/\/dev.inrs.ca\/en\/research\/research-chairs-groups-and-networks\/find-research-chair-group-or-network\/northern-geothermal-potential-research-chair\/\" \/>\n<meta property=\"og:site_name\" content=\"INRS\" \/>\n<meta property=\"article:publisher\" content=\"https:\/\/www.facebook.com\/inrsciences\/\" \/>\n<meta property=\"article:modified_time\" content=\"2021-09-10T17:51:21+00:00\" \/>\n<meta property=\"og:image\" content=\"https:\/\/dev.inrs.ca\/wp-content\/uploads\/2020\/09\/nord-recherches.jpg\" \/>\n\t<meta property=\"og:image:width\" content=\"1687\" \/>\n\t<meta property=\"og:image:height\" content=\"1126\" \/>\n\t<meta property=\"og:image:type\" content=\"image\/jpeg\" \/>\n<meta name=\"twitter:card\" content=\"summary_large_image\" \/>\n<meta name=\"twitter:site\" content=\"@inrsciences\" \/>\n<meta name=\"twitter:label1\" content=\"Est. reading time\" \/>\n\t<meta name=\"twitter:data1\" content=\"4 minutes\" \/>\n<script type=\"application\/ld+json\" class=\"yoast-schema-graph\">{\"@context\":\"https:\/\/schema.org\",\"@graph\":[{\"@type\":\"WebPage\",\"@id\":\"https:\/\/dev.inrs.ca\/en\/research\/research-chairs-groups-and-networks\/find-research-chair-group-or-network\/northern-geothermal-potential-research-chair\/\",\"url\":\"https:\/\/dev.inrs.ca\/en\/research\/research-chairs-groups-and-networks\/find-research-chair-group-or-network\/northern-geothermal-potential-research-chair\/\",\"name\":\"INQ Northern Geothermal Potential Research Chair | INRS\",\"isPartOf\":{\"@id\":\"https:\/\/dev.inrs.ca\/en\/#website\"},\"primaryImageOfPage\":{\"@id\":\"https:\/\/dev.inrs.ca\/en\/research\/research-chairs-groups-and-networks\/find-research-chair-group-or-network\/northern-geothermal-potential-research-chair\/#primaryimage\"},\"image\":{\"@id\":\"https:\/\/dev.inrs.ca\/en\/research\/research-chairs-groups-and-networks\/find-research-chair-group-or-network\/northern-geothermal-potential-research-chair\/#primaryimage\"},\"thumbnailUrl\":\"https:\/\/dev.inrs.ca\/wp-content\/uploads\/2020\/09\/nord-recherches.jpg\",\"datePublished\":\"2021-01-18T20:33:57+00:00\",\"dateModified\":\"2021-09-10T17:51:21+00:00\",\"breadcrumb\":{\"@id\":\"https:\/\/dev.inrs.ca\/en\/research\/research-chairs-groups-and-networks\/find-research-chair-group-or-network\/northern-geothermal-potential-research-chair\/#breadcrumb\"},\"inLanguage\":\"en-CA\",\"potentialAction\":[{\"@type\":\"ReadAction\",\"target\":[\"https:\/\/dev.inrs.ca\/en\/research\/research-chairs-groups-and-networks\/find-research-chair-group-or-network\/northern-geothermal-potential-research-chair\/\"]}]},{\"@type\":\"ImageObject\",\"inLanguage\":\"en-CA\",\"@id\":\"https:\/\/dev.inrs.ca\/en\/research\/research-chairs-groups-and-networks\/find-research-chair-group-or-network\/northern-geothermal-potential-research-chair\/#primaryimage\",\"url\":\"https:\/\/dev.inrs.ca\/wp-content\/uploads\/2020\/09\/nord-recherches.jpg\",\"contentUrl\":\"https:\/\/dev.inrs.ca\/wp-content\/uploads\/2020\/09\/nord-recherches.jpg\",\"width\":1687,\"height\":1126},{\"@type\":\"BreadcrumbList\",\"@id\":\"https:\/\/dev.inrs.ca\/en\/research\/research-chairs-groups-and-networks\/find-research-chair-group-or-network\/northern-geothermal-potential-research-chair\/#breadcrumb\",\"itemListElement\":[{\"@type\":\"ListItem\",\"position\":1,\"name\":\"Research\",\"item\":\"https:\/\/dev.inrs.ca\/la-recherche\/\"},{\"@type\":\"ListItem\",\"position\":2,\"name\":\"Research chairs, groups, and networks\",\"item\":\"https:\/\/dev.inrs.ca\/la-recherche\/chaires-groupes-et-reseaux-de-recherche\/\"},{\"@type\":\"ListItem\",\"position\":3,\"name\":\"Find a research chair, group, or network\",\"item\":\"https:\/\/dev.inrs.ca\/la-recherche\/chaires-groupes-et-reseaux-de-recherche\/repertoire-des-chaires-groupes-et-reseaux-de-recherche\/\"},{\"@type\":\"ListItem\",\"position\":4,\"name\":\"INQ Northern Geothermal Potential Research Chair\"}]},{\"@type\":\"WebSite\",\"@id\":\"https:\/\/dev.inrs.ca\/en\/#website\",\"url\":\"https:\/\/dev.inrs.ca\/en\/\",\"name\":\"INRS\",\"description\":\"Institut national de la recherche scientifique\",\"potentialAction\":[{\"@type\":\"SearchAction\",\"target\":{\"@type\":\"EntryPoint\",\"urlTemplate\":\"https:\/\/dev.inrs.ca\/en\/?s={search_term_string}\"},\"query-input\":{\"@type\":\"PropertyValueSpecification\",\"valueRequired\":true,\"valueName\":\"search_term_string\"}}],\"inLanguage\":\"en-CA\"}]}<\/script>\n<!-- \/ Yoast SEO Premium plugin. -->","yoast_head_json":{"title":"INQ Northern Geothermal Potential Research Chair | INRS","robots":{"index":"noindex","follow":"follow","max-snippet":"max-snippet:-1","max-image-preview":"max-image-preview:large","max-video-preview":"max-video-preview:-1"},"og_locale":"en_US","og_type":"article","og_title":"INQ Northern Geothermal Potential Research Chair | INRS","og_description":"The mission of the Northern Geothermal Potential Research Chair is to advance the knowledge needed to assess the performance of geothermal systems in cold climates, to adapt technologies to northern realities, and to help bring green energy to northern Quebec.","og_url":"https:\/\/dev.inrs.ca\/en\/research\/research-chairs-groups-and-networks\/find-research-chair-group-or-network\/northern-geothermal-potential-research-chair\/","og_site_name":"INRS","article_publisher":"https:\/\/www.facebook.com\/inrsciences\/","article_modified_time":"2021-09-10T17:51:21+00:00","og_image":[{"width":1687,"height":1126,"url":"https:\/\/dev.inrs.ca\/wp-content\/uploads\/2020\/09\/nord-recherches.jpg","type":"image\/jpeg"}],"twitter_card":"summary_large_image","twitter_site":"@inrsciences","twitter_misc":{"Est. reading time":"4 minutes"},"schema":{"@context":"https:\/\/schema.org","@graph":[{"@type":"WebPage","@id":"https:\/\/dev.inrs.ca\/en\/research\/research-chairs-groups-and-networks\/find-research-chair-group-or-network\/northern-geothermal-potential-research-chair\/","url":"https:\/\/dev.inrs.ca\/en\/research\/research-chairs-groups-and-networks\/find-research-chair-group-or-network\/northern-geothermal-potential-research-chair\/","name":"INQ Northern Geothermal Potential Research Chair | INRS","isPartOf":{"@id":"https:\/\/dev.inrs.ca\/en\/#website"},"primaryImageOfPage":{"@id":"https:\/\/dev.inrs.ca\/en\/research\/research-chairs-groups-and-networks\/find-research-chair-group-or-network\/northern-geothermal-potential-research-chair\/#primaryimage"},"image":{"@id":"https:\/\/dev.inrs.ca\/en\/research\/research-chairs-groups-and-networks\/find-research-chair-group-or-network\/northern-geothermal-potential-research-chair\/#primaryimage"},"thumbnailUrl":"https:\/\/dev.inrs.ca\/wp-content\/uploads\/2020\/09\/nord-recherches.jpg","datePublished":"2021-01-18T20:33:57+00:00","dateModified":"2021-09-10T17:51:21+00:00","breadcrumb":{"@id":"https:\/\/dev.inrs.ca\/en\/research\/research-chairs-groups-and-networks\/find-research-chair-group-or-network\/northern-geothermal-potential-research-chair\/#breadcrumb"},"inLanguage":"en-CA","potentialAction":[{"@type":"ReadAction","target":["https:\/\/dev.inrs.ca\/en\/research\/research-chairs-groups-and-networks\/find-research-chair-group-or-network\/northern-geothermal-potential-research-chair\/"]}]},{"@type":"ImageObject","inLanguage":"en-CA","@id":"https:\/\/dev.inrs.ca\/en\/research\/research-chairs-groups-and-networks\/find-research-chair-group-or-network\/northern-geothermal-potential-research-chair\/#primaryimage","url":"https:\/\/dev.inrs.ca\/wp-content\/uploads\/2020\/09\/nord-recherches.jpg","contentUrl":"https:\/\/dev.inrs.ca\/wp-content\/uploads\/2020\/09\/nord-recherches.jpg","width":1687,"height":1126},{"@type":"BreadcrumbList","@id":"https:\/\/dev.inrs.ca\/en\/research\/research-chairs-groups-and-networks\/find-research-chair-group-or-network\/northern-geothermal-potential-research-chair\/#breadcrumb","itemListElement":[{"@type":"ListItem","position":1,"name":"Research","item":"https:\/\/dev.inrs.ca\/la-recherche\/"},{"@type":"ListItem","position":2,"name":"Research chairs, groups, and networks","item":"https:\/\/dev.inrs.ca\/la-recherche\/chaires-groupes-et-reseaux-de-recherche\/"},{"@type":"ListItem","position":3,"name":"Find a research chair, group, or network","item":"https:\/\/dev.inrs.ca\/la-recherche\/chaires-groupes-et-reseaux-de-recherche\/repertoire-des-chaires-groupes-et-reseaux-de-recherche\/"},{"@type":"ListItem","position":4,"name":"INQ Northern Geothermal Potential Research Chair"}]},{"@type":"WebSite","@id":"https:\/\/dev.inrs.ca\/en\/#website","url":"https:\/\/dev.inrs.ca\/en\/","name":"INRS","description":"Institut national de la recherche scientifique","potentialAction":[{"@type":"SearchAction","target":{"@type":"EntryPoint","urlTemplate":"https:\/\/dev.inrs.ca\/en\/?s={search_term_string}"},"query-input":{"@type":"PropertyValueSpecification","valueRequired":true,"valueName":"search_term_string"}}],"inLanguage":"en-CA"}]}},"_links":{"self":[{"href":"https:\/\/dev.inrs.ca\/en\/wp-json\/wp\/v2\/pages\/23381","targetHints":{"allow":["GET"]}}],"collection":[{"href":"https:\/\/dev.inrs.ca\/en\/wp-json\/wp\/v2\/pages"}],"about":[{"href":"https:\/\/dev.inrs.ca\/en\/wp-json\/wp\/v2\/types\/page"}],"author":[{"embeddable":true,"href":"https:\/\/dev.inrs.ca\/en\/wp-json\/wp\/v2\/users\/3"}],"replies":[{"embeddable":true,"href":"https:\/\/dev.inrs.ca\/en\/wp-json\/wp\/v2\/comments?post=23381"}],"version-history":[{"count":5,"href":"https:\/\/dev.inrs.ca\/en\/wp-json\/wp\/v2\/pages\/23381\/revisions"}],"predecessor-version":[{"id":73250,"href":"https:\/\/dev.inrs.ca\/en\/wp-json\/wp\/v2\/pages\/23381\/revisions\/73250"}],"up":[{"embeddable":true,"href":"https:\/\/dev.inrs.ca\/en\/wp-json\/wp\/v2\/pages\/21773"}],"wp:featuredmedia":[{"embeddable":true,"href":"https:\/\/dev.inrs.ca\/en\/wp-json\/wp\/v2\/media\/26118"}],"wp:attachment":[{"href":"https:\/\/dev.inrs.ca\/en\/wp-json\/wp\/v2\/media?parent=23381"}],"wp:term":[{"taxonomy":"page_type","embeddable":true,"href":"https:\/\/dev.inrs.ca\/en\/wp-json\/wp\/v2\/page_type?post=23381"},{"taxonomy":"wf_page_folders","embeddable":true,"href":"https:\/\/dev.inrs.ca\/en\/wp-json\/wp\/v2\/wf_page_folders?post=23381"}],"curies":[{"name":"wp","href":"https:\/\/api.w.org\/{rel}","templated":true}]}}