{"id":23157,"date":"2020-09-08T21:35:27","date_gmt":"2020-09-09T01:35:27","guid":{"rendered":"https:\/\/dev.inrs.ca\/?page_id=23157"},"modified":"2020-11-12T09:24:40","modified_gmt":"2020-11-12T14:24:40","slug":"charron","status":"publish","type":"page","link":"https:\/\/dev.inrs.ca\/en\/research\/research-chairs-groups-and-networks\/find-research-chairs-groups-and-networks\/louise-and-andre-charron-research-chair-on-alzheimer-disease\/","title":{"rendered":"Louise and Andr\u00e9 Charron Research Chair on Alzheimer&#8217;s Disease"},"content":{"rendered":"\n<p id=\"block-c2ade6a3-312c-403c-913b-376e40911be5\" style=\"font-size:clamp(14px, 0.875rem + ((1vw - 3.2px) * 0.723), 20px);px\"><strong><br>The number of people with Alzheimer\u2019s disease (AD) is increasing every year. To fight it, efforts must focus on early detection, prevention, and the improvement of treatments. The Louise and Andr\u00e9 Charron Research Chair in Alzheimer\u2019s Disease will investigate these areas of research. It studies the role of oxidative stress in the development of AD and the biomarkers that precede the onset of symptoms.<\/strong><\/p>\n\n\n\n<h2 class=\"wp-block-heading\" id=\"block-64a7afaf-b9ec-4ed6-9228-72716f347135\"><br>Problem<\/h2>\n\n\n\n<p id=\"block-dfa4501b-766b-45bf-8917-19b71a8ab222\">Alzheimer\u2019s disease (AD), an irreversible stage in the neurodegenerative process, affects over 35 million people worldwide, including more than 450,000 in Canada alone.&nbsp;Based on current data, if no action is taken, 65 million people will have the disease by 2030, and that number will grow to 115 million by 2050. In light of this situation, the&nbsp;<a href=\"http:\/\/www.nia.nih.gov\/\" target=\"_blank\" rel=\"noreferrer noopener\" class=\"broken_link\">National Institute on Aging<\/a>,&nbsp;<a href=\"http:\/\/www.alz.org\/\" target=\"_blank\" rel=\"noreferrer noopener\">Alzheimer&#8217;s Association<\/a>, and&nbsp;<a href=\"http:\/\/www.who.int\/en\/index.html\" target=\"_blank\" rel=\"noreferrer noopener\" class=\"broken_link\">World Health Organization<\/a>&nbsp;are calling for increased efforts to develop means of prevention.<\/p>\n\n\n\n<p id=\"block-0cab9eb6-4146-483e-b9fd-9f7bb7f93dd2\">What\u2019s more, current pharmacological treatments for Alzheimer\u2019s disease often have serious side effects that can interrupt treatment and negatively affect patient quality of life. Since only a small amount of the medication reaches the brain, high doses are required, which increases the adverse effects.<\/p>\n\n\n\n<h2 class=\"wp-block-heading\" id=\"block-2b758221-acca-477f-9843-00f55314be98\"><br>Early detection of AD<\/h2>\n\n\n\n<p id=\"block-766f46c9-1feb-4a13-9e1f-be50e7a81913\">To develop ways to prevent AD, the biomarkers characterizing the very first signs of the disease must be identified to enable early detection.&nbsp;Currently, 80% of the neurons involved in cognitive processing have already degenerated by the time the disease is diagnosed. This phase is irreversible and the goal of treatment is to alleviate symptoms or, at best, slightly slow down the progression of the disease.<\/p>\n\n\n\n<p id=\"block-8c3f26ee-e4af-4fe9-bf73-13484e705002\">With access to patient groups with different cognitive statuses, the chair will research peripheral biomarkers that evolve with the disease and characterize the various phases leading to AD. These biomarkers represent a first step toward biochemical tools for early detection of the disease.<\/p>\n\n\n\n<h2 class=\"wp-block-heading\" id=\"block-02a20a00-2482-4db4-a962-b9fc9b841df7\"><br>More effective treatments<\/h2>\n\n\n\n<p id=\"block-a7a011ca-81a1-4aaf-a749-0da0ed0ca1f7\">AD patients also need treatments that improve their quality of life<strong>.<\/strong>&nbsp;The blood-brain barrier presents a challenge for reaching the brain structures being treated: It prevents most medications from working, since they are blocked outside the brain. Nanotechnology offers new opportunities, which will be explored by the chair.<\/p>\n\n\n\n<p id=\"block-34355610-ae81-46b3-8773-9d7b742155e2\">Certain nanoparticles cross the blood-brain barrier to reach neurons, so drugs could be attached to them for targeted delivery. This approach has many advantages\u2014in particular, it significantly reduces the required treatment dose and, by the same token, the peripheral side effects.<\/p>\n\n\n\n<p id=\"block-9b6af498-e18e-4cf5-8cff-52cf2ae2d302\">The active molecules transported to the brain are not limited to drugs already used by AD patients. New avenues for action have been proposed to slow the disease by reducing oxidative stress in neurons. To this end, research will focus on polyphenols in food to determine their efficacy.<\/p>\n\n\n\n<p>Launched in 2012, the Louise and Andr\u00e9 Charron Research Chair in Alzheimer\u2019s Disease is funded by <a href=\"https:\/\/www.fondationafrappier.ca\/en\/\" target=\"_blank\" rel=\"noreferrer noopener\">Armand-Frappier Foundation<\/a>.<\/p>\n\n\n\n<figure class=\"wp-block-gallery columns-2 is-cropped wp-block-gallery-2 is-layout-flex wp-block-gallery-is-layout-flex\"><ul class=\"blocks-gallery-grid\"><li class=\"blocks-gallery-item\"><figure><img loading=\"lazy\" decoding=\"async\" width=\"700\" height=\"228\" src=\"https:\/\/dev.inrs.ca\/wp-content\/uploads\/\/2020\/01\/banniere_chaire.jpg\" alt=\"Louise and Andr\u00e9 Charron Research Chair on Alzheimer\u2019s Disease\" data-id=\"21939\" data-full-url=\"https:\/\/dev.inrs.ca\/wp-content\/uploads\/\/2020\/01\/banniere_chaire.jpg\" data-link=\"https:\/\/dev.inrs.ca\/en\/studies\/masters-and-phd-projects\/find-a-masters-or-phd-project\/next-generation-smart-nanomaterials\/attachment\/louise-and-andre-charron-research-chair-on-alzheimers-disease-2\/\" class=\"wp-image-21939\" srcset=\"https:\/\/dev.inrs.ca\/wp-content\/uploads\/2020\/01\/banniere_chaire.jpg 700w, https:\/\/dev.inrs.ca\/wp-content\/uploads\/2020\/01\/banniere_chaire-300x98.jpg 300w\" sizes=\"auto, (max-width: 700px) 100vw, 700px\" \/><\/figure><\/li><li class=\"blocks-gallery-item\"><figure><img loading=\"lazy\" decoding=\"async\" width=\"640\" height=\"385\" src=\"https:\/\/dev.inrs.ca\/wp-content\/uploads\/\/2020\/03\/ramassamy_065.jpg\" alt=\"Charles Ramassamy titulaire chaire de recherche sur l'Alzheimer\" data-id=\"8734\" data-full-url=\"https:\/\/dev.inrs.ca\/wp-content\/uploads\/\/2020\/03\/ramassamy_065.jpg\" data-link=\"https:\/\/dev.inrs.ca\/en\/un-cerveau-sain-dans-un-corps-sain\/attachment\/un-cerveau-sain-dans-un-corps-sain-2\/\" class=\"wp-image-8734\" srcset=\"https:\/\/dev.inrs.ca\/wp-content\/uploads\/2020\/03\/ramassamy_065.jpg 640w, https:\/\/dev.inrs.ca\/wp-content\/uploads\/2020\/03\/ramassamy_065-300x180.jpg 300w\" sizes=\"auto, (max-width: 640px) 100vw, 640px\" \/><figcaption class=\"blocks-gallery-item__caption\">Pr. Charles Ramassamy, chair holder of Louise and Andr\u00e9 Charron Research Chair on Alzheimer&#8217;s Disease<\/figcaption><\/figure><\/li><\/ul><\/figure>\n\n\n\n<p><\/p>\n\n\n<div class=\"content-accordion-ctn js-accordion\">\n    <p class=\"title\">Chairholder<\/p>\n    <div class=\"inner\">\n        <div>\n            <p><!-- wp:paragraph --><\/p>\n<p id=\"block-d308184c-9e4c-4b79-88da-f6a5662bc17a\">Professor <a href=\"https:\/\/dev.inrs.ca\/en\/research\/professors\/charles-ramassamy\/\">Charles Ramassamy<\/a> focused on free radicals and oxidative stress for his doctorate in neuroscience at Universit\u00e9 de Rouen in France.\u00a0At the time he was studying their role in Parkinson\u2019s disease. His researchled him to take an interest in Alzheimer\u2019s disease during his postdoctoral training at McGill University.<\/p>\n<p><!-- \/wp:paragraph --> <!-- wp:paragraph --><\/p>\n<p id=\"block-1461e3f8-c15e-42b3-ab5d-b521044ed27c\">Professor Ramassamy first developed his theory on the major role of oxidative stress in the progression of Alzheimer\u2019s disease while working in the laboratory of Professor\u00a0<a href=\"http:\/\/www.douglas.qc.ca\/researcher\/judes-poirier\" target=\"_blank\" rel=\"noreferrer noopener\">Judes Poirier<\/a>, an internationally renowned researcher in the fields of Alzheimer\u2019s and Parkinson\u2019s disease.<\/p>\n<p><!-- \/wp:paragraph --> <!-- wp:paragraph --><\/p>\n<p id=\"block-3e1dc592-b789-4f25-ba4b-d6e0fc7b49a4\">Inpursuing his career as a professor, first at Universit\u00e9 du Qu\u00e9bec \u00e0 Trois-Rivi\u00e8res, then at INRS since 2004, Charles Ramassamy has focused on the neurotoxic mechanisms of oxidants and the protective effects of various antioxidants. He is a member of many research networks, has many well-known collaborators, and regularly serves on grant and scholarship selection committees for Alzheimer\u2019s disease\u2013related projects.<\/p>\n<p><!-- \/wp:paragraph --> <!-- wp:paragraph --><\/p>\n<p id=\"block-e958a480-7925-46be-9bd8-597a1094430d\">Since joining INRS, Professor Ramassamy has published over 28 peer-reviewed articles and six book chapters. He has been a keynote speaker at more than 30 national and international conferences and his publications have been cited more than 2200 times. He edited the book\u00a0<a href=\"http:\/\/ressign.com\/UserBookDetail.aspx?bkid=1059&amp;catid=236\" target=\"_blank\" rel=\"noreferrer noopener\">Recent Advances on Nutrition and the Prevention of Alzheimer\u2019s Disease\u00a0<\/a>(Transworld Research Network, 2010) and a\u00a0special issueof the prestigious journal\u00a0<em>Current Alzheimer Research<\/em>\u00a0on the same topic. He is an associate editor of the\u00a0<a href=\"http:\/\/www.j-alz.com\/\" target=\"_blank\" rel=\"noreferrer noopener\">Journal of Alzheimer\u2019s Disease\u00a0<\/a>and the\u00a0<a href=\"http:\/\/www.omicsonline.org\/jadphome.php\" target=\"_blank\" rel=\"noreferrer noopener\">Journal of Alzheimer\u2019s Disease &amp; Parkinsonism<\/a>.<\/p>\n<p><!-- \/wp:paragraph --> <!-- wp:paragraph --><\/p>\n<p id=\"block-d13ac99f-b365-42ec-83b6-d668ab798677\">In addition to his scientific activities, Professor Ramassamy is involved in various outreach initiatives as president of the Montreal chapter of\u00a0<a href=\"http:\/\/brainawarenessmontreal.com\/\" target=\"_blank\" rel=\"noreferrer noopener\">Brain Awareness<\/a>, a neuroscience awareness organization.<\/p>\n<p><!-- \/wp:paragraph --><\/p>\n\n        <\/div>\n    <\/div>\n<\/div>\n\n\n<h3 class=\"wp-block-heading\" id=\"block-a10c789f-8a5c-418e-afc3-ad77432b6f6a\"><br>Partners<\/h3>\n\n\n\n<p id=\"block-8b08f323-6db5-4caa-80c3-3c78b404e4e5\"><a href=\"http:\/\/www.douglas.qc.ca\/page\/prevenir-alzheimer-accueil?locale=en\" target=\"_blank\" rel=\"noreferrer noopener\">Centre for Studies on Prevention of Alzehimer&#8217;s Disease<\/a>&nbsp;(McGill University)<\/p>\n\n\n\n<p id=\"block-7c7d4933-33f9-4214-bd12-b7de5e555b73\"><a href=\"http:\/\/cdrv.csss-iugs.ca\/home\" target=\"_blank\" rel=\"noreferrer noopener\">Centre de recherche sur le vieillissement<\/a>&nbsp;(Universit\u00e9 de Sherbrooke)<\/p>\n\n\n\n<p id=\"block-c5a06113-5864-4758-b413-51bc4dd47d1c\"><a href=\"http:\/\/www.inaf.ulaval.ca\/no_cache\/en\/home\/#.UmGd-VAz18E\" target=\"_blank\" rel=\"noreferrer noopener\">Institute of Nutrition and Functional Foods<\/a>&nbsp;(Universit\u00e9 Laval)<\/p>\n\n\n\n<h2 class=\"wp-block-heading\" id=\"block-038eeb02-c44b-40e5-9924-ddc937ae9a52\"><br>Other collaborators<\/h2>\n\n\n\n<p id=\"block-671e1f0e-b0c3-469d-ba1a-76a34eab6946\">Consortium pour l\u2019identification pr\u00e9coce de la maladie d\u2019Alzheimer-Qu\u00e9bec&nbsp;(CIMA-Q)<\/p>\n\n\n\n<p id=\"block-dd03680f-4dde-411c-baca-64ad6a094000\"><a href=\"http:\/\/www.nadproject.eu\/\" target=\"_blank\" rel=\"noreferrer noopener\">Nanoparticles for Therapy and Diagnosis of Alzheimer Disease<\/a><\/p>\n\n\n\n<p id=\"block-9bfaa2ed-cdf4-40dd-a714-ff08c909f45c\">R\u00e9seau AFIRMAQ (Approches fondamentales et innovatrices de la recherche sur la maladie d\u2019Alzheimer au Qu\u00e9bec)<\/p>\n\n\n\n<h3 class=\"wp-block-heading\" id=\"block-83b8fae2-2c0e-4090-8450-7d2fd8a4e516\"><canvas width=\"97\" height=\"34\"><\/canvas><canvas width=\"162\" height=\"34\"><\/canvas><\/h3>\n\n\n\n<h3 class=\"wp-block-heading\">Information on Alzheimer&#8217;s disease<\/h3>\n\n\n\n<p id=\"block-dc589628-2197-4a6c-8de9-cef024d00736\"><a href=\"http:\/\/www.alzheimer.ca\/en\" target=\"_blank\" rel=\"noreferrer noopener\">Alzheimer Society<\/a><\/p>\n\n\n\n<p id=\"block-f473c4dc-a985-4b83-bc1a-3fc46598080f\"><a href=\"http:\/\/www.douglas.qc.ca\/info\/alzheimer?locale=en\" target=\"_blank\" rel=\"noreferrer noopener\" class=\"broken_link\">Alzheimer&#8217;s Disease: Causes, symptoms and evolution<\/a>&nbsp;(Douglas Mental Health University Institute)<\/p>\n\n\n\n<p id=\"block-25ba1ea1-44d9-4cf7-a7df-0a12e1e80d90\"><a href=\"http:\/\/www.cihr-irsc.gc.ca\/e\/45554.html\" target=\"_blank\" rel=\"noreferrer noopener\">Information about Alzheimer\u2019s and related dementias<\/a>&nbsp;(Canada Institutes of Health Research)<\/p>\n\n\n\n<p id=\"block-8285b531-1bf0-4646-97fa-f92eab96366e\"><a href=\"http:\/\/www.alz.co.uk\/\" target=\"_blank\" rel=\"noreferrer noopener\">Alzheimer&#8217;s Disease International<\/a><\/p>\n\n\n\n<h3 class=\"wp-block-heading\" id=\"block-fea4c4c9-f244-4562-8fae-da54ace7e7be\"><canvas width=\"153\" height=\"34\"><\/canvas><canvas width=\"58\" height=\"34\"><\/canvas><canvas width=\"152\" height=\"34\"><\/canvas><canvas width=\"97\" height=\"34\"><\/canvas><\/h3>\n","protected":false},"excerpt":{"rendered":"<p>The number of people with Alzheimer\u2019s disease (AD) is increasing every year. To fight it, efforts must focus on early detection, prevention, and the improvement of treatments. The Louise and Andr\u00e9 Charron Research Chair in Alzheimer\u2019s Disease will investigate these areas of research. It studies the role of oxidative stress in the development of AD [&hellip;]<\/p>\n","protected":false},"author":3,"featured_media":704,"parent":21773,"menu_order":0,"comment_status":"closed","ping_status":"closed","template":"","meta":{"_acf_changed":false,"footnotes":""},"page_type":[1214],"wf_page_folders":[117,52],"class_list":["post-23157","page","type-page","status-publish","has-post-thumbnail","hentry","page_type-chair-research-group"],"acf":[],"yoast_head":"<!-- This site is optimized with the Yoast SEO Premium plugin v24.6 (Yoast SEO v24.6) - https:\/\/yoast.com\/wordpress\/plugins\/seo\/ -->\n<title>Louise and Andr\u00e9 Charron Research Chair on Alzheimer&#039;s Disease | INRS<\/title>\n<meta name=\"robots\" content=\"noindex, follow, max-snippet:-1, max-image-preview:large, max-video-preview:-1\" \/>\n<meta property=\"og:locale\" content=\"en_US\" \/>\n<meta property=\"og:type\" content=\"article\" \/>\n<meta property=\"og:title\" content=\"Louise and Andr\u00e9 Charron Research Chair on Alzheimer&#039;s Disease | INRS\" \/>\n<meta property=\"og:description\" content=\"The number of people with Alzheimer\u2019s disease (AD) is increasing every year. To fight it, efforts must focus on early detection, prevention, and the improvement of treatments. The Louise and Andr\u00e9 Charron Research Chair in Alzheimer\u2019s Disease will investigate these areas of research. It studies the role of oxidative stress in the development of AD [&hellip;]\" \/>\n<meta property=\"og:url\" content=\"https:\/\/dev.inrs.ca\/en\/research\/research-chairs-groups-and-networks\/find-research-chairs-groups-and-networks\/louise-and-andre-charron-research-chair-on-alzheimer-disease\/\" \/>\n<meta property=\"og:site_name\" content=\"INRS\" \/>\n<meta property=\"article:publisher\" content=\"https:\/\/www.facebook.com\/inrsciences\/\" \/>\n<meta property=\"article:modified_time\" content=\"2020-11-12T14:24:40+00:00\" \/>\n<meta name=\"twitter:card\" content=\"summary_large_image\" \/>\n<meta name=\"twitter:site\" content=\"@inrsciences\" \/>\n<meta name=\"twitter:label1\" content=\"Est. reading time\" \/>\n\t<meta name=\"twitter:data1\" content=\"4 minutes\" \/>\n<script type=\"application\/ld+json\" class=\"yoast-schema-graph\">{\"@context\":\"https:\/\/schema.org\",\"@graph\":[{\"@type\":\"WebPage\",\"@id\":\"https:\/\/dev.inrs.ca\/en\/research\/research-chairs-groups-and-networks\/find-research-chairs-groups-and-networks\/louise-and-andre-charron-research-chair-on-alzheimer-disease\/\",\"url\":\"https:\/\/dev.inrs.ca\/en\/research\/research-chairs-groups-and-networks\/find-research-chairs-groups-and-networks\/louise-and-andre-charron-research-chair-on-alzheimer-disease\/\",\"name\":\"Louise and Andr\u00e9 Charron Research Chair on Alzheimer's Disease | INRS\",\"isPartOf\":{\"@id\":\"https:\/\/dev.inrs.ca\/en\/#website\"},\"primaryImageOfPage\":{\"@id\":\"https:\/\/dev.inrs.ca\/en\/research\/research-chairs-groups-and-networks\/find-research-chairs-groups-and-networks\/louise-and-andre-charron-research-chair-on-alzheimer-disease\/#primaryimage\"},\"image\":{\"@id\":\"https:\/\/dev.inrs.ca\/en\/research\/research-chairs-groups-and-networks\/find-research-chairs-groups-and-networks\/louise-and-andre-charron-research-chair-on-alzheimer-disease\/#primaryimage\"},\"thumbnailUrl\":\"https:\/\/dev.inrs.ca\/wp-content\/uploads\/\/2020\/02\/Fotolia_191527501_Subscription_Monthly_M_crop.jpg\",\"datePublished\":\"2020-09-09T01:35:27+00:00\",\"dateModified\":\"2020-11-12T14:24:40+00:00\",\"breadcrumb\":{\"@id\":\"https:\/\/dev.inrs.ca\/en\/research\/research-chairs-groups-and-networks\/find-research-chairs-groups-and-networks\/louise-and-andre-charron-research-chair-on-alzheimer-disease\/#breadcrumb\"},\"inLanguage\":\"en-CA\",\"potentialAction\":[{\"@type\":\"ReadAction\",\"target\":[\"https:\/\/dev.inrs.ca\/en\/research\/research-chairs-groups-and-networks\/find-research-chairs-groups-and-networks\/louise-and-andre-charron-research-chair-on-alzheimer-disease\/\"]}]},{\"@type\":\"ImageObject\",\"inLanguage\":\"en-CA\",\"@id\":\"https:\/\/dev.inrs.ca\/en\/research\/research-chairs-groups-and-networks\/find-research-chairs-groups-and-networks\/louise-and-andre-charron-research-chair-on-alzheimer-disease\/#primaryimage\",\"url\":\"https:\/\/dev.inrs.ca\/wp-content\/uploads\/\/2020\/02\/Fotolia_191527501_Subscription_Monthly_M_crop.jpg\",\"contentUrl\":\"https:\/\/dev.inrs.ca\/wp-content\/uploads\/\/2020\/02\/Fotolia_191527501_Subscription_Monthly_M_crop.jpg\",\"width\":1200,\"height\":578,\"caption\":\"louise and andr\u00e9 charron research chair on alzheimer\"},{\"@type\":\"BreadcrumbList\",\"@id\":\"https:\/\/dev.inrs.ca\/en\/research\/research-chairs-groups-and-networks\/find-research-chairs-groups-and-networks\/louise-and-andre-charron-research-chair-on-alzheimer-disease\/#breadcrumb\",\"itemListElement\":[{\"@type\":\"ListItem\",\"position\":1,\"name\":\"Research\",\"item\":\"https:\/\/dev.inrs.ca\/la-recherche\/\"},{\"@type\":\"ListItem\",\"position\":2,\"name\":\"Research chairs, groups, and networks\",\"item\":\"https:\/\/dev.inrs.ca\/la-recherche\/chaires-groupes-et-reseaux-de-recherche\/\"},{\"@type\":\"ListItem\",\"position\":3,\"name\":\"Find a research chair, group, or network\",\"item\":\"https:\/\/dev.inrs.ca\/la-recherche\/chaires-groupes-et-reseaux-de-recherche\/repertoire-des-chaires-groupes-et-reseaux-de-recherche\/\"},{\"@type\":\"ListItem\",\"position\":4,\"name\":\"Louise and Andr\u00e9 Charron Research Chair on Alzheimer&rsquo;s Disease\"}]},{\"@type\":\"WebSite\",\"@id\":\"https:\/\/dev.inrs.ca\/en\/#website\",\"url\":\"https:\/\/dev.inrs.ca\/en\/\",\"name\":\"INRS\",\"description\":\"Institut national de la recherche scientifique\",\"potentialAction\":[{\"@type\":\"SearchAction\",\"target\":{\"@type\":\"EntryPoint\",\"urlTemplate\":\"https:\/\/dev.inrs.ca\/en\/?s={search_term_string}\"},\"query-input\":{\"@type\":\"PropertyValueSpecification\",\"valueRequired\":true,\"valueName\":\"search_term_string\"}}],\"inLanguage\":\"en-CA\"}]}<\/script>\n<!-- \/ Yoast SEO Premium plugin. -->","yoast_head_json":{"title":"Louise and Andr\u00e9 Charron Research Chair on Alzheimer's Disease | INRS","robots":{"index":"noindex","follow":"follow","max-snippet":"max-snippet:-1","max-image-preview":"max-image-preview:large","max-video-preview":"max-video-preview:-1"},"og_locale":"en_US","og_type":"article","og_title":"Louise and Andr\u00e9 Charron Research Chair on Alzheimer's Disease | INRS","og_description":"The number of people with Alzheimer\u2019s disease (AD) is increasing every year. To fight it, efforts must focus on early detection, prevention, and the improvement of treatments. The Louise and Andr\u00e9 Charron Research Chair in Alzheimer\u2019s Disease will investigate these areas of research. It studies the role of oxidative stress in the development of AD [&hellip;]","og_url":"https:\/\/dev.inrs.ca\/en\/research\/research-chairs-groups-and-networks\/find-research-chairs-groups-and-networks\/louise-and-andre-charron-research-chair-on-alzheimer-disease\/","og_site_name":"INRS","article_publisher":"https:\/\/www.facebook.com\/inrsciences\/","article_modified_time":"2020-11-12T14:24:40+00:00","twitter_card":"summary_large_image","twitter_site":"@inrsciences","twitter_misc":{"Est. reading time":"4 minutes"},"schema":{"@context":"https:\/\/schema.org","@graph":[{"@type":"WebPage","@id":"https:\/\/dev.inrs.ca\/en\/research\/research-chairs-groups-and-networks\/find-research-chairs-groups-and-networks\/louise-and-andre-charron-research-chair-on-alzheimer-disease\/","url":"https:\/\/dev.inrs.ca\/en\/research\/research-chairs-groups-and-networks\/find-research-chairs-groups-and-networks\/louise-and-andre-charron-research-chair-on-alzheimer-disease\/","name":"Louise and Andr\u00e9 Charron Research Chair on Alzheimer's Disease | INRS","isPartOf":{"@id":"https:\/\/dev.inrs.ca\/en\/#website"},"primaryImageOfPage":{"@id":"https:\/\/dev.inrs.ca\/en\/research\/research-chairs-groups-and-networks\/find-research-chairs-groups-and-networks\/louise-and-andre-charron-research-chair-on-alzheimer-disease\/#primaryimage"},"image":{"@id":"https:\/\/dev.inrs.ca\/en\/research\/research-chairs-groups-and-networks\/find-research-chairs-groups-and-networks\/louise-and-andre-charron-research-chair-on-alzheimer-disease\/#primaryimage"},"thumbnailUrl":"https:\/\/dev.inrs.ca\/wp-content\/uploads\/\/2020\/02\/Fotolia_191527501_Subscription_Monthly_M_crop.jpg","datePublished":"2020-09-09T01:35:27+00:00","dateModified":"2020-11-12T14:24:40+00:00","breadcrumb":{"@id":"https:\/\/dev.inrs.ca\/en\/research\/research-chairs-groups-and-networks\/find-research-chairs-groups-and-networks\/louise-and-andre-charron-research-chair-on-alzheimer-disease\/#breadcrumb"},"inLanguage":"en-CA","potentialAction":[{"@type":"ReadAction","target":["https:\/\/dev.inrs.ca\/en\/research\/research-chairs-groups-and-networks\/find-research-chairs-groups-and-networks\/louise-and-andre-charron-research-chair-on-alzheimer-disease\/"]}]},{"@type":"ImageObject","inLanguage":"en-CA","@id":"https:\/\/dev.inrs.ca\/en\/research\/research-chairs-groups-and-networks\/find-research-chairs-groups-and-networks\/louise-and-andre-charron-research-chair-on-alzheimer-disease\/#primaryimage","url":"https:\/\/dev.inrs.ca\/wp-content\/uploads\/\/2020\/02\/Fotolia_191527501_Subscription_Monthly_M_crop.jpg","contentUrl":"https:\/\/dev.inrs.ca\/wp-content\/uploads\/\/2020\/02\/Fotolia_191527501_Subscription_Monthly_M_crop.jpg","width":1200,"height":578,"caption":"louise and andr\u00e9 charron research chair on alzheimer"},{"@type":"BreadcrumbList","@id":"https:\/\/dev.inrs.ca\/en\/research\/research-chairs-groups-and-networks\/find-research-chairs-groups-and-networks\/louise-and-andre-charron-research-chair-on-alzheimer-disease\/#breadcrumb","itemListElement":[{"@type":"ListItem","position":1,"name":"Research","item":"https:\/\/dev.inrs.ca\/la-recherche\/"},{"@type":"ListItem","position":2,"name":"Research chairs, groups, and networks","item":"https:\/\/dev.inrs.ca\/la-recherche\/chaires-groupes-et-reseaux-de-recherche\/"},{"@type":"ListItem","position":3,"name":"Find a research chair, group, or network","item":"https:\/\/dev.inrs.ca\/la-recherche\/chaires-groupes-et-reseaux-de-recherche\/repertoire-des-chaires-groupes-et-reseaux-de-recherche\/"},{"@type":"ListItem","position":4,"name":"Louise and Andr\u00e9 Charron Research Chair on Alzheimer&rsquo;s Disease"}]},{"@type":"WebSite","@id":"https:\/\/dev.inrs.ca\/en\/#website","url":"https:\/\/dev.inrs.ca\/en\/","name":"INRS","description":"Institut national de la recherche scientifique","potentialAction":[{"@type":"SearchAction","target":{"@type":"EntryPoint","urlTemplate":"https:\/\/dev.inrs.ca\/en\/?s={search_term_string}"},"query-input":{"@type":"PropertyValueSpecification","valueRequired":true,"valueName":"search_term_string"}}],"inLanguage":"en-CA"}]}},"_links":{"self":[{"href":"https:\/\/dev.inrs.ca\/en\/wp-json\/wp\/v2\/pages\/23157","targetHints":{"allow":["GET"]}}],"collection":[{"href":"https:\/\/dev.inrs.ca\/en\/wp-json\/wp\/v2\/pages"}],"about":[{"href":"https:\/\/dev.inrs.ca\/en\/wp-json\/wp\/v2\/types\/page"}],"author":[{"embeddable":true,"href":"https:\/\/dev.inrs.ca\/en\/wp-json\/wp\/v2\/users\/3"}],"replies":[{"embeddable":true,"href":"https:\/\/dev.inrs.ca\/en\/wp-json\/wp\/v2\/comments?post=23157"}],"version-history":[{"count":4,"href":"https:\/\/dev.inrs.ca\/en\/wp-json\/wp\/v2\/pages\/23157\/revisions"}],"predecessor-version":[{"id":32979,"href":"https:\/\/dev.inrs.ca\/en\/wp-json\/wp\/v2\/pages\/23157\/revisions\/32979"}],"up":[{"embeddable":true,"href":"https:\/\/dev.inrs.ca\/en\/wp-json\/wp\/v2\/pages\/21773"}],"wp:featuredmedia":[{"embeddable":true,"href":"https:\/\/dev.inrs.ca\/en\/wp-json\/wp\/v2\/media\/704"}],"wp:attachment":[{"href":"https:\/\/dev.inrs.ca\/en\/wp-json\/wp\/v2\/media?parent=23157"}],"wp:term":[{"taxonomy":"page_type","embeddable":true,"href":"https:\/\/dev.inrs.ca\/en\/wp-json\/wp\/v2\/page_type?post=23157"},{"taxonomy":"wf_page_folders","embeddable":true,"href":"https:\/\/dev.inrs.ca\/en\/wp-json\/wp\/v2\/wf_page_folders?post=23157"}],"curies":[{"name":"wp","href":"https:\/\/api.w.org\/{rel}","templated":true}]}}