{"id":22955,"date":"2021-02-23T10:14:44","date_gmt":"2021-02-23T15:14:44","guid":{"rendered":"https:\/\/dev.inrs.ca\/?page_id=22955"},"modified":"2021-09-15T10:22:48","modified_gmt":"2021-09-15T14:22:48","slug":"student-mentorship","status":"publish","type":"page","link":"https:\/\/dev.inrs.ca\/en\/studies\/student-life-services\/student-mentorship-program\/","title":{"rendered":"Student Mentorship Program"},"content":{"rendered":"\n<p class=\"has-large-font-size\"><strong>Are you about to begin your studies at INRS in a regular program? You will benefit from our student mentorship program for newly arrived students.<\/strong><\/p>\n\n\n\n<div style=\"height:20px\" aria-hidden=\"true\" class=\"wp-block-spacer\"><\/div>\n\n\n\n<h2 class=\"wp-block-heading\" id=\"program\">What is the INRS Student Mentorship Program?<\/h2>\n\n\n\n<p>This program allows all students entering their first semester at INRS (regular program) are paired with a mentor. Wherever possible, all students enrolled in a short program, a DESS, a professional master&#8217;s degree or a master&#8217;s or doctoral research program benefit from mentoring.<\/p>\n\n\n\n<div style=\"height:15px\" aria-hidden=\"true\" class=\"wp-block-spacer\"><\/div>\n\n\n\n<div class=\"wp-block-cover has-darker-background-color has-background-dim has-parallax\" style=\"background-image:url(https:\/\/dev.inrs.ca\/wp-content\/uploads\/inrs-decouvrir-en-bref-tour-horizon.jpg);min-height:250px;aspect-ratio:unset;\"><div class=\"wp-block-cover__inner-container is-layout-flow wp-block-cover-is-layout-flow\">\n<p class=\"has-text-align-left is-style-fjalla\" style=\"font-size:clamp(21.027px, 1.314rem + ((1vw - 3.2px) * 1.563), 34px);px\">Objectives<\/p>\n\n\n\n<p>\u2022 <span style=\"color:#ffffff\" class=\"tadv-color\">Facilitate your early experience at INRS and in Quebec<\/span><br>\u2022 <span style=\"color:#ffffff\" class=\"tadv-color\">Answer your questions and direct you to the right resources<\/span><br>\u2022 <span style=\"color:#ffffff\" class=\"tadv-color\">Allow you to create a knowledge network at INRS<\/span><br>\u2022 <span style=\"color:#ffffff\" class=\"tadv-color\">Facilitate your full participation in academic life<\/span><\/p>\n<\/div><\/div>\n\n\n\n<div style=\"height:20px\" aria-hidden=\"true\" class=\"wp-block-spacer\"><\/div>\n\n\n\n<div class=\"wp-block-cover has-background-dim has-background-gradient\" style=\"background:linear-gradient(135deg,rgb(242,242,242) 0%,rgb(232,232,232) 100%);min-height:250px;aspect-ratio:unset;\"><div class=\"wp-block-cover__inner-container is-layout-flow wp-block-cover-is-layout-flow\">\n<p class=\"has-darker-color has-text-color has-large-font-size\">First contact<\/p>\n\n\n\n<p class=\"has-darker-color has-text-color\">In the weeks leading up to the start of your first term, you will be match with a colleague who knows INRS well: this person will be responsible for mentoring you! You don&#8217;t have to ask for pairing: it is automatic if you have confirmed your arrival. For international students, the <a href=\"https:\/\/dev.inrs.ca\/en\/studies\/registrars-office\/\">Registrar&#8217;s Office<\/a> must have received the study permit approval letter.<\/p>\n<\/div><\/div>\n\n\n\n<div style=\"height:20px\" aria-hidden=\"true\" class=\"wp-block-spacer\"><\/div>\n\n\n\n<h2 class=\"wp-block-heading\">Pairing<\/h2>\n\n\n\n<div class=\"wp-block-image\"><figure class=\"alignright size-large is-resized\"><img loading=\"lazy\" decoding=\"async\" src=\"https:\/\/dev.inrs.ca\/wp-content\/uploads\/mentorat-etudiants-1024x683.jpg\" alt=\"student mentorship\" class=\"wp-image-64116\" width=\"432\" height=\"289\" srcset=\"https:\/\/dev.inrs.ca\/wp-content\/uploads\/mentorat-etudiants-1024x683.jpg 1024w, https:\/\/dev.inrs.ca\/wp-content\/uploads\/mentorat-etudiants-300x200.jpg 300w, https:\/\/dev.inrs.ca\/wp-content\/uploads\/mentorat-etudiants-768x512.jpg 768w, https:\/\/dev.inrs.ca\/wp-content\/uploads\/mentorat-etudiants-600x400.jpg 600w, https:\/\/dev.inrs.ca\/wp-content\/uploads\/mentorat-etudiants.jpg 1300w\" sizes=\"auto, (max-width: 432px) 100vw, 432px\" \/><\/figure><\/div>\n\n\n\n<p>Pairing is based on the preferred language of communication; the background and previous experiences; and the program of study and the research team. The mentee can withdraw from mentoring, request a change of mentor, or decline an activity proposed by the mentor.<\/p>\n\n\n\n<h2 class=\"wp-block-heading\">\u2003<br>Terms of references and mentor roles<\/h2>\n\n\n\n<p>Normally, the term begins with fall semester and lasts for three semesters. It is renewable. New mentees are assigned to mentors for the winter semester. The main role of mentors is to help mentees socialize and get them involved, as well as to guide him\/her to the right support person. To do this, they must:<\/p>\n\n\n\n<ul class=\"wp-block-list\"><li>Communicate with him\/her at the agreed-upon frequency.<\/li><li>Respect the mentor&#8217;s code of ethics.<\/li><li>Act in accordance with their training and the limits of their mandate.<\/li><\/ul>\n\n\n\n<p><br>During their mandate, mentors are well supervised and can always refer to their centre mentorship supervisor.<\/p>\n\n\n\n<h2 class=\"wp-block-heading\"><br>Mentors supervisors per centre<\/h2>\n\n\n<div class=\"content-accordion-ctn js-accordion\">\n    <p class=\"title\">Armand-Frappier Sant\u00e9 Biotechnologie Research Centre<\/p>\n    <div class=\"inner\">\n        <div>\n            <p><strong>Am\u00e9lie C\u00f4t\u00e9<\/strong>, Mentors supervisors<br \/>\n<a href=\"mailto:amelie.cote@dev.inrs.ca\">amelie.cote@dev.inrs.ca<\/a><\/p>\n<p style=\"text-align: right;\"><a href=\"https:\/\/dev.inrs.ca\/en\/inrs\/research-centres\/armand-frappier-sante-biotechnologie-research-centre\/\">Learn more about the Center &gt;<\/a><\/p>\n\n        <\/div>\n    <\/div>\n<\/div>\n\n<div class=\"content-accordion-ctn js-accordion\">\n    <p class=\"title\">\u00c9nergie Mat\u00e9riaux T\u00e9l\u00e9communications Research Centre<\/p>\n    <div class=\"inner\">\n        <div>\n            <p><strong>Aim\u00e9 Mosongo<\/strong>, Mentors supervisors<br \/>\n<a href=\"mailto:aime.mosongo@dev.inrs.ca\">aime.mosongo@dev.inrs.ca<\/a><a href=\"https:\/\/dev.inrs.ca\/en\/inrs\/research-centres\/energie-materiaux-telecommunications-research-centre\/\">Learn more about the Center &gt;<\/a><\/p>\n\n        <\/div>\n    <\/div>\n<\/div>\n\n<div class=\"content-accordion-ctn js-accordion\">\n    <p class=\"title\">Eau Terre Environnement Research Centre<\/p>\n    <div class=\"inner\">\n        <div>\n            <p><strong>Mathilde Renaud<\/strong>, Mentors supervisors<br \/>\n<a href=\"mailto:mathilde.renaud@dev.inrs.ca\">mathilde.renaud@dev.inrs.ca<\/a><\/p>\n<p style=\"text-align: right;\"><a href=\"https:\/\/dev.inrs.ca\/en\/inrs\/research-centres\/eau-terre-environnement-research-centre\/\">Learn more about the Center &gt;<\/a><\/p>\n\n        <\/div>\n    <\/div>\n<\/div>\n\n<div class=\"content-accordion-ctn js-accordion\">\n    <p class=\"title\">Urbanisation Culture Soci\u00e9t\u00e9 Research Centre<\/p>\n    <div class=\"inner\">\n        <div>\n            <p><strong>H\u00e9lo\u00efse Roy<\/strong>, Mentors supervisors<br \/>\n<a href=\"mailto:heloise.roy@dev.inrs.ca\">heloise.roy@dev.inrs.ca<\/a><\/p>\n<p style=\"text-align: right;\"><a href=\"https:\/\/dev.inrs.ca\/en\/inrs\/research-centres\/urbanisation-culture-societe-research-centre\/\">Learn more about the Center &gt;<\/a><\/p>\n\n        <\/div>\n    <\/div>\n<\/div>\n\n\n<div style=\"height:32px\" aria-hidden=\"true\" class=\"wp-block-spacer\"><\/div>\n\n\n\n<h2 class=\"wp-block-heading\" id=\"how\"><br>How to mentor students<\/h2>\n\n\n\n<p>Have you been studying at INRS for a few semesters? Do you want to get involved in your university? Do you think that newcomers need to be supported?<\/p>\n\n\n\n<div class=\"wp-block-image\"><figure class=\"alignright size-large is-resized\"><img loading=\"lazy\" decoding=\"async\" src=\"https:\/\/dev.inrs.ca\/wp-content\/uploads\/2020\/05\/INRS-Centre-Eau-Terre-Environnement-etudiantes-Laboratoire-quebec-1024x683.jpg\" alt=\"\" class=\"wp-image-11006\" width=\"423\" height=\"282\" srcset=\"https:\/\/dev.inrs.ca\/wp-content\/uploads\/2020\/05\/INRS-Centre-Eau-Terre-Environnement-etudiantes-Laboratoire-quebec-1024x683.jpg 1024w, https:\/\/dev.inrs.ca\/wp-content\/uploads\/2020\/05\/INRS-Centre-Eau-Terre-Environnement-etudiantes-Laboratoire-quebec-300x200.jpg 300w, https:\/\/dev.inrs.ca\/wp-content\/uploads\/2020\/05\/INRS-Centre-Eau-Terre-Environnement-etudiantes-Laboratoire-quebec-768x512.jpg 768w, https:\/\/dev.inrs.ca\/wp-content\/uploads\/2020\/05\/INRS-Centre-Eau-Terre-Environnement-etudiantes-Laboratoire-quebec-1536x1024.jpg 1536w, https:\/\/dev.inrs.ca\/wp-content\/uploads\/2020\/05\/INRS-Centre-Eau-Terre-Environnement-etudiantes-Laboratoire-quebec-2048x1366.jpg 2048w, https:\/\/dev.inrs.ca\/wp-content\/uploads\/2020\/05\/INRS-Centre-Eau-Terre-Environnement-etudiantes-Laboratoire-quebec-600x400.jpg 600w\" sizes=\"auto, (max-width: 423px) 100vw, 423px\" \/><\/figure><\/div>\n\n\n\n<p><strong>To be a mentor is:<\/strong><\/p>\n\n\n\n<ul class=\"wp-block-list\"><li>Supporting new students for 2 or 3 semesters to help them adapt, take their place and create a network in their new environment.<\/li><li>Adding a rewarding and formative action to your own experiences.<\/li><li>Above all, about helping, creating links and animating your living environment.<br><\/li><\/ul>\n\n\n\n<p>This is a volunteer commitment, but a letter of recognition along with a $400 scholarship will acknowledge the participation of all mentors afterwards! To support you in this role, you will receive a short training as well as coaching.<\/p>\n\n\n\n<div style=\"height:20px\" aria-hidden=\"true\" class=\"wp-block-spacer\"><\/div>\n\n\n\n<blockquote class=\"wp-block-quote is-layout-flow wp-block-quote-is-layout-flow\"><p>The 2021-2022 mentoring team is full, but you can already apply for next year in case a spot opens up. The 2022-2023 team will be formed in April 2022.<\/p><\/blockquote>\n\n\n\n<div style=\"height:23px\" aria-hidden=\"true\" class=\"wp-block-spacer\"><\/div>\n\n\n\n<h2 class=\"wp-block-heading\"><br>Eligibility<\/h2>\n\n\n\n<p>To qualify as a mentor, you must:<\/p>\n\n\n\n<ul class=\"wp-block-list\"><li>Not be in a situation of failing.<\/li><li>Have been a graduate student at INRS for at least 1 year at the time of starting the mentorship.<\/li><li>Continue your studies at INRS for at least two semesters in the next academic year.<\/li><\/ul>\n\n\n\n<h3 class=\"wp-block-heading\"><br>Required characteristics<\/h3>\n\n\n\n<p>Mentors should:<\/p>\n\n\n\n<ul class=\"wp-block-list\"><li>Have an interest in welcoming new students.<\/li><li>Socialize easily.<\/li><li>Have the time to meet with 3 to 4 new mentees each semester a couple of times, remotely or in person, and answer their questions.<\/li><\/ul>\n\n\n\n<div style=\"height:28px\" aria-hidden=\"true\" class=\"wp-block-spacer\"><\/div>\n\n\n\n<h2 class=\"wp-block-heading\" id=\"mentors\"><br>How to submit your application<\/h2>\n\n\n\n<p style=\"font-size:clamp(14.642px, 0.915rem + ((1vw - 3.2px) * 0.887), 22px);px\">If you are interested in being a mentor for the 2022-2023 year, you can apply now. The deadline to apply is <strong>April 8, 2022<\/strong>.<\/p>\n\n\n\n<div style=\"height:8px\" aria-hidden=\"true\" class=\"wp-block-spacer\"><\/div>\n\n\n\n<p>Applicants should send the following items to <a href=\"mailto:sve@dev.inrs.ca\">sve@dev.inrs.ca<\/a>:<\/p>\n\n\n\n<div style=\"height:17px\" aria-hidden=\"true\" class=\"wp-block-spacer\"><\/div>\n\n\n\n<p>1. <strong>A few paragraphs explaining:<\/strong><\/p>\n\n\n\n<ul class=\"wp-block-list\"><li>Their motivation to be a mentor and the skills that will enable them to play this role.<\/li><li>Their past experiences demonstrating their responsible and organized nature.<\/li><li>The list of languages in which she or he is fluent and can do the mentorship.<\/li><\/ul>\n\n\n\n<div style=\"height:17px\" aria-hidden=\"true\" class=\"wp-block-spacer\"><\/div>\n\n\n\n<p>2. <strong>Those enrolled in a program of study with research<\/strong> must<strong> <\/strong>notify their research supervisor of their application by email <strong>and copy <a href=\"mailto:sve@dev.inrs.ca\">sve@dev.inrs.ca<\/a>.<\/strong><\/p>\n\n\n\n<div style=\"height:37px\" aria-hidden=\"true\" class=\"wp-block-spacer\"><\/div>\n","protected":false},"excerpt":{"rendered":"<p>Are you starting your first term at INRS? You will benefit from our student mentorship program for newly arrived students.<\/p>\n","protected":false},"author":3,"featured_media":47601,"parent":13372,"menu_order":0,"comment_status":"closed","ping_status":"closed","template":"templates\/research-infrastructure.php","meta":{"_acf_changed":false,"footnotes":""},"page_type":[],"wf_page_folders":[21,19],"class_list":["post-22955","page","type-page","status-publish","has-post-thumbnail","hentry"],"acf":[],"yoast_head":"<!-- This site is optimized with the Yoast SEO Premium plugin v24.6 (Yoast SEO v24.6) - https:\/\/yoast.com\/wordpress\/plugins\/seo\/ -->\n<title>Student Mentorship Program | Student Life Services | INRS<\/title>\n<meta name=\"description\" content=\"Are you starting your first term at INRS? You will benefit from our student mentorship program for newly arrived students.\" \/>\n<meta name=\"robots\" content=\"noindex, follow, max-snippet:-1, max-image-preview:large, max-video-preview:-1\" \/>\n<meta property=\"og:locale\" content=\"en_US\" \/>\n<meta property=\"og:type\" content=\"article\" \/>\n<meta property=\"og:title\" content=\"Student Mentorship Program | Student Life Services | INRS\" \/>\n<meta property=\"og:description\" content=\"Are you starting your first term at INRS? You will benefit from our student mentorship program for newly arrived students.\" \/>\n<meta property=\"og:url\" content=\"https:\/\/dev.inrs.ca\/en\/studies\/student-life-services\/student-mentorship-program\/\" \/>\n<meta property=\"og:site_name\" content=\"INRS\" \/>\n<meta property=\"article:publisher\" content=\"https:\/\/www.facebook.com\/inrsciences\/\" \/>\n<meta property=\"article:modified_time\" content=\"2021-09-15T14:22:48+00:00\" \/>\n<meta property=\"og:image\" content=\"https:\/\/dev.inrs.ca\/wp-content\/uploads\/2021\/02\/Mobilite-sociale-et-inegalites-de-genre-au-Canada-projet-detudes-inrs.jpg\" \/>\n\t<meta property=\"og:image:width\" content=\"1292\" \/>\n\t<meta property=\"og:image:height\" content=\"861\" \/>\n\t<meta property=\"og:image:type\" content=\"image\/jpeg\" \/>\n<meta name=\"twitter:card\" content=\"summary_large_image\" \/>\n<meta name=\"twitter:site\" content=\"@inrsciences\" \/>\n<meta name=\"twitter:label1\" content=\"Est. reading time\" \/>\n\t<meta name=\"twitter:data1\" content=\"3 minutes\" \/>\n<script type=\"application\/ld+json\" class=\"yoast-schema-graph\">{\"@context\":\"https:\/\/schema.org\",\"@graph\":[{\"@type\":\"WebPage\",\"@id\":\"https:\/\/dev.inrs.ca\/en\/studies\/student-life-services\/student-mentorship-program\/\",\"url\":\"https:\/\/dev.inrs.ca\/en\/studies\/student-life-services\/student-mentorship-program\/\",\"name\":\"Student Mentorship Program | Student Life Services | INRS\",\"isPartOf\":{\"@id\":\"https:\/\/dev.inrs.ca\/en\/#website\"},\"primaryImageOfPage\":{\"@id\":\"https:\/\/dev.inrs.ca\/en\/studies\/student-life-services\/student-mentorship-program\/#primaryimage\"},\"image\":{\"@id\":\"https:\/\/dev.inrs.ca\/en\/studies\/student-life-services\/student-mentorship-program\/#primaryimage\"},\"thumbnailUrl\":\"https:\/\/dev.inrs.ca\/wp-content\/uploads\/2021\/02\/Mobilite-sociale-et-inegalites-de-genre-au-Canada-projet-detudes-inrs.jpg\",\"datePublished\":\"2021-02-23T15:14:44+00:00\",\"dateModified\":\"2021-09-15T14:22:48+00:00\",\"description\":\"Are you starting your first term at INRS? You will benefit from our student mentorship program for newly arrived students.\",\"breadcrumb\":{\"@id\":\"https:\/\/dev.inrs.ca\/en\/studies\/student-life-services\/student-mentorship-program\/#breadcrumb\"},\"inLanguage\":\"en-CA\",\"potentialAction\":[{\"@type\":\"ReadAction\",\"target\":[\"https:\/\/dev.inrs.ca\/en\/studies\/student-life-services\/student-mentorship-program\/\"]}]},{\"@type\":\"ImageObject\",\"inLanguage\":\"en-CA\",\"@id\":\"https:\/\/dev.inrs.ca\/en\/studies\/student-life-services\/student-mentorship-program\/#primaryimage\",\"url\":\"https:\/\/dev.inrs.ca\/wp-content\/uploads\/2021\/02\/Mobilite-sociale-et-inegalites-de-genre-au-Canada-projet-detudes-inrs.jpg\",\"contentUrl\":\"https:\/\/dev.inrs.ca\/wp-content\/uploads\/2021\/02\/Mobilite-sociale-et-inegalites-de-genre-au-Canada-projet-detudes-inrs.jpg\",\"width\":1292,\"height\":861},{\"@type\":\"BreadcrumbList\",\"@id\":\"https:\/\/dev.inrs.ca\/en\/studies\/student-life-services\/student-mentorship-program\/#breadcrumb\",\"itemListElement\":[{\"@type\":\"ListItem\",\"position\":1,\"name\":\"Studies\",\"item\":\"https:\/\/dev.inrs.ca\/les-etudes\/\"},{\"@type\":\"ListItem\",\"position\":2,\"name\":\"Student Life Services\",\"item\":\"https:\/\/dev.inrs.ca\/les-etudes\/services-a-la-vie-etudiante\/\"},{\"@type\":\"ListItem\",\"position\":3,\"name\":\"Student Mentorship Program\"}]},{\"@type\":\"WebSite\",\"@id\":\"https:\/\/dev.inrs.ca\/en\/#website\",\"url\":\"https:\/\/dev.inrs.ca\/en\/\",\"name\":\"INRS\",\"description\":\"Institut national de la recherche scientifique\",\"potentialAction\":[{\"@type\":\"SearchAction\",\"target\":{\"@type\":\"EntryPoint\",\"urlTemplate\":\"https:\/\/dev.inrs.ca\/en\/?s={search_term_string}\"},\"query-input\":{\"@type\":\"PropertyValueSpecification\",\"valueRequired\":true,\"valueName\":\"search_term_string\"}}],\"inLanguage\":\"en-CA\"}]}<\/script>\n<!-- \/ Yoast SEO Premium plugin. -->","yoast_head_json":{"title":"Student Mentorship Program | Student Life Services | INRS","description":"Are you starting your first term at INRS? You will benefit from our student mentorship program for newly arrived students.","robots":{"index":"noindex","follow":"follow","max-snippet":"max-snippet:-1","max-image-preview":"max-image-preview:large","max-video-preview":"max-video-preview:-1"},"og_locale":"en_US","og_type":"article","og_title":"Student Mentorship Program | Student Life Services | INRS","og_description":"Are you starting your first term at INRS? You will benefit from our student mentorship program for newly arrived students.","og_url":"https:\/\/dev.inrs.ca\/en\/studies\/student-life-services\/student-mentorship-program\/","og_site_name":"INRS","article_publisher":"https:\/\/www.facebook.com\/inrsciences\/","article_modified_time":"2021-09-15T14:22:48+00:00","og_image":[{"width":1292,"height":861,"url":"https:\/\/dev.inrs.ca\/wp-content\/uploads\/2021\/02\/Mobilite-sociale-et-inegalites-de-genre-au-Canada-projet-detudes-inrs.jpg","type":"image\/jpeg"}],"twitter_card":"summary_large_image","twitter_site":"@inrsciences","twitter_misc":{"Est. reading time":"3 minutes"},"schema":{"@context":"https:\/\/schema.org","@graph":[{"@type":"WebPage","@id":"https:\/\/dev.inrs.ca\/en\/studies\/student-life-services\/student-mentorship-program\/","url":"https:\/\/dev.inrs.ca\/en\/studies\/student-life-services\/student-mentorship-program\/","name":"Student Mentorship Program | Student Life Services | INRS","isPartOf":{"@id":"https:\/\/dev.inrs.ca\/en\/#website"},"primaryImageOfPage":{"@id":"https:\/\/dev.inrs.ca\/en\/studies\/student-life-services\/student-mentorship-program\/#primaryimage"},"image":{"@id":"https:\/\/dev.inrs.ca\/en\/studies\/student-life-services\/student-mentorship-program\/#primaryimage"},"thumbnailUrl":"https:\/\/dev.inrs.ca\/wp-content\/uploads\/2021\/02\/Mobilite-sociale-et-inegalites-de-genre-au-Canada-projet-detudes-inrs.jpg","datePublished":"2021-02-23T15:14:44+00:00","dateModified":"2021-09-15T14:22:48+00:00","description":"Are you starting your first term at INRS? You will benefit from our student mentorship program for newly arrived students.","breadcrumb":{"@id":"https:\/\/dev.inrs.ca\/en\/studies\/student-life-services\/student-mentorship-program\/#breadcrumb"},"inLanguage":"en-CA","potentialAction":[{"@type":"ReadAction","target":["https:\/\/dev.inrs.ca\/en\/studies\/student-life-services\/student-mentorship-program\/"]}]},{"@type":"ImageObject","inLanguage":"en-CA","@id":"https:\/\/dev.inrs.ca\/en\/studies\/student-life-services\/student-mentorship-program\/#primaryimage","url":"https:\/\/dev.inrs.ca\/wp-content\/uploads\/2021\/02\/Mobilite-sociale-et-inegalites-de-genre-au-Canada-projet-detudes-inrs.jpg","contentUrl":"https:\/\/dev.inrs.ca\/wp-content\/uploads\/2021\/02\/Mobilite-sociale-et-inegalites-de-genre-au-Canada-projet-detudes-inrs.jpg","width":1292,"height":861},{"@type":"BreadcrumbList","@id":"https:\/\/dev.inrs.ca\/en\/studies\/student-life-services\/student-mentorship-program\/#breadcrumb","itemListElement":[{"@type":"ListItem","position":1,"name":"Studies","item":"https:\/\/dev.inrs.ca\/les-etudes\/"},{"@type":"ListItem","position":2,"name":"Student Life Services","item":"https:\/\/dev.inrs.ca\/les-etudes\/services-a-la-vie-etudiante\/"},{"@type":"ListItem","position":3,"name":"Student Mentorship Program"}]},{"@type":"WebSite","@id":"https:\/\/dev.inrs.ca\/en\/#website","url":"https:\/\/dev.inrs.ca\/en\/","name":"INRS","description":"Institut national de la recherche scientifique","potentialAction":[{"@type":"SearchAction","target":{"@type":"EntryPoint","urlTemplate":"https:\/\/dev.inrs.ca\/en\/?s={search_term_string}"},"query-input":{"@type":"PropertyValueSpecification","valueRequired":true,"valueName":"search_term_string"}}],"inLanguage":"en-CA"}]}},"_links":{"self":[{"href":"https:\/\/dev.inrs.ca\/en\/wp-json\/wp\/v2\/pages\/22955","targetHints":{"allow":["GET"]}}],"collection":[{"href":"https:\/\/dev.inrs.ca\/en\/wp-json\/wp\/v2\/pages"}],"about":[{"href":"https:\/\/dev.inrs.ca\/en\/wp-json\/wp\/v2\/types\/page"}],"author":[{"embeddable":true,"href":"https:\/\/dev.inrs.ca\/en\/wp-json\/wp\/v2\/users\/3"}],"replies":[{"embeddable":true,"href":"https:\/\/dev.inrs.ca\/en\/wp-json\/wp\/v2\/comments?post=22955"}],"version-history":[{"count":5,"href":"https:\/\/dev.inrs.ca\/en\/wp-json\/wp\/v2\/pages\/22955\/revisions"}],"predecessor-version":[{"id":73769,"href":"https:\/\/dev.inrs.ca\/en\/wp-json\/wp\/v2\/pages\/22955\/revisions\/73769"}],"up":[{"embeddable":true,"href":"https:\/\/dev.inrs.ca\/en\/wp-json\/wp\/v2\/pages\/13372"}],"wp:featuredmedia":[{"embeddable":true,"href":"https:\/\/dev.inrs.ca\/en\/wp-json\/wp\/v2\/media\/47601"}],"wp:attachment":[{"href":"https:\/\/dev.inrs.ca\/en\/wp-json\/wp\/v2\/media?parent=22955"}],"wp:term":[{"taxonomy":"page_type","embeddable":true,"href":"https:\/\/dev.inrs.ca\/en\/wp-json\/wp\/v2\/page_type?post=22955"},{"taxonomy":"wf_page_folders","embeddable":true,"href":"https:\/\/dev.inrs.ca\/en\/wp-json\/wp\/v2\/wf_page_folders?post=22955"}],"curies":[{"name":"wp","href":"https:\/\/api.w.org\/{rel}","templated":true}]}}