{"id":22182,"date":"2020-09-02T15:32:19","date_gmt":"2020-09-02T19:32:19","guid":{"rendered":"https:\/\/dev.inrs.ca\/?page_id=22182"},"modified":"2021-05-06T17:18:46","modified_gmt":"2021-05-06T21:18:46","slug":"partners-for-excellence-in-research-and-innovation","status":"publish","type":"page","link":"https:\/\/dev.inrs.ca\/en\/research\/research-partnerships\/partners-for-excellence-in-research-and-innovation\/","title":{"rendered":"Partners for Excellence in Research and Innovation"},"content":{"rendered":"\n<p class=\"has-large-font-size\"><strong>Working together with the scientific community in Quebec and abroad strengthens our graduate research and training activities. These successful and strategic partnerships have enabled INRS to excel in research and to constantly innovate since its creation in 1969.<\/strong><\/p>\n\n\n\n<div style=\"height:20px\" aria-hidden=\"true\" class=\"wp-block-spacer\"><\/div>\n\n\n\n<p class=\"has-drop-cap\">INRS contributed to the hydrological planning of the James Bay dams, the development of the family policy that led to the creation of Quebec\u2019s network of childcare centres, the development of Laval\u2019s Biotech City, and Montreal\u2019s emergence as speech recognition technology hub, which paved the way for the city\u2019s rise as a leader in the key sector of artificial intelligence. INRS is now working with major partners to develop research in its four areas of excellence.<\/p>\n\n\n\n<h2 class=\"wp-block-heading\"><br>Quebec Geoscience Centre<\/h2>\n\n\n\n<p>Born of a partnership between INRS and Natural Resources Canada, the Quebec Geoscience Centre (QGC) brings together geoscience researchers from INRS and scientists from the Quebec Division of the Geological Survey of Canada (GSC). Research is focused on Canadian socioeconomic issues related to regional geology and georesources. The partnership also provides access to various state-of-the-art facilities and gives graduate students the opportunity to do research under joint supervision. <a href=\"http:\/\/cgq-qgc.ca\/en\/home\" target=\"_blank\" rel=\"noreferrer noopener\"><strong>Learn more<\/strong><\/a><\/p>\n\n\n\n<h2 class=\"wp-block-heading\"><br>Centre interuniversitaire de recherche sur le saumon atlantique (CIRSA)<\/h2>\n\n\n\n<p>Founded in 1994 by the governments of Quebec and Canada, Fondation de la faune, F\u00e9d\u00e9ration qu\u00e9b\u00e9coise pour le saumon atlantique, and ALCAN to ensure sustainable management of Atlantic salmon, CIRSA boasts a multidisciplinary team of researchers specializing in fields such as river geomorphology, aquatic habitat modelling, fish ecology, and limnology. Since 2008, INRS has been running the CIRSA research station in Sacr\u00e9-C\u0153ur, where it conducts research and graduate training.<strong> <a href=\"http:\/\/cirsa-saumon.ca\/\" target=\"_blank\" rel=\"noreferrer noopener\">Learn more<\/a><\/strong><\/p>\n\n\n\n<h2 class=\"wp-block-heading\"><br>Laboratoire international associ\u00e9 REsources-Soci\u00e9t\u00e9<\/h2>\n\n\n\n<p>Part of a long history of collaboration between Quebec and France, Laboratoire international associ\u00e9 REsources-Soci\u00e9t\u00e9 was created to inform public debate on issues surrounding geological resources and their sustainability. A number of <a href=\"https:\/\/dev.inrs.ca\/en\/inrs\/research-centres\/eau-terre-environnement-research-centre\/\">Eau Terre Environnement Research Centre<\/a> faculty members are involved in projects investigating deep geothermal energy, the environmental risks associated with unconventional oil development, and the effects of climate variations on aquifers. This partnership brings together French teams from Universit\u00e9 de Rennes 1, the French National Centre for Scientific Research (CNRS), Universit\u00e9 de Rennes 2, and Bureau de recherches g\u00e9ologiques et mini\u00e8res, as well as Quebec researchers from INRS, Universit\u00e9 Laval, the Geological Survey of Canada, and Universit\u00e9 du Qu\u00e9bec en Abitibi-T\u00e9miscamingue.<\/p>\n\n\n\n<h2 class=\"wp-block-heading\"><br>Laboratoire international associ\u00e9 LUMAQ<\/h2>\n\n\n\n<p>Drawing on Quebec and French expertise in photonics, LIA \u2013 Lumi\u00e8re, Mati\u00e8re, France Qu\u00e9bec (LUMAQ) studies light\u2013matter interaction with a view to designing photonic and architectured materials and innovative laser systems for telecommunications, health, energy, and other applications. INRS scientists from the <a href=\"https:\/\/dev.inrs.ca\/en\/inrs\/research-centres\/energie-materiaux-telecommunications-research-centre\/\">\u00c9nergie Mat\u00e9riaux T\u00e9l\u00e9communications Research Centre<\/a> are contributing to the production of radiation and energetic particle pulses using intense, ultrafast lasers.&nbsp;<br><\/p>\n\n\n\n<h2 class=\"wp-block-heading\">World Anti-Doping Agency<\/h2>\n\n\n\n<p>The INRS <a href=\"https:\/\/dev.inrs.ca\/en\/research\/research-facilities\/find-a-research-facilitie\/doping-control-laboratory\/\">Doping Control Laboratory <\/a>is the only laboratory in Canada accredited by the <a href=\"http:\/\/www.wada-ama.org\/\" target=\"_blank\" rel=\"noreferrer noopener\">World Anti-Doping Agency <\/a>(WADA) and several international sports federations. INRS was among the first laboratories accredited by the sports community in 1976 and has consistently maintained WADA and IOC (International Olympic Committee) accreditation since 2004. Over the years, Doping Control Laboratory director <a href=\"https:\/\/dev.inrs.ca\/en\/research\/professors\/christiane-ayotte\/\">Christiane Ayotte<\/a> has become a prominent figure in the sports and drug control community. The laboratory continues to improve drug testing methods and its expertise is highly sought-after.<\/p>\n\n\n\n<p><\/p>\n\n\n\n<h2 class=\"wp-block-heading\">Biotech City<\/h2>\n\n\n\n<p>Biotech City, created as a partnership between the City of Laval and INRS, is a centre for interuniversity collaboration where science and technology companies converge for research, training, and commercial development. In addition to promoting the creation and growth of R&amp;D companies, Biotech City provides specialized rental space. <a href=\"https:\/\/www.citebiotech.com\/home.html\" target=\"_blank\" rel=\"noreferrer noopener\"><strong>Lea<\/strong>rn more&nbsp;<\/a><\/p>\n\n\n\n<h2 class=\"wp-block-heading\"><br>Instituts Pasteur<\/h2>\n\n\n\n<p>In 2005, INRS became <a href=\"https:\/\/dev.inrs.ca\/en\/inrs\/research-centres\/armand-frappier-sante-biotechnologie-research-centre\/\">the first institute in North America<\/a> to join the International Network of Pasteur Institutes (INPI), which encompasses 29 institutes on five continents. With its expertise on acute respiratory diseases such as SARS and influenza, and on many other diseases such as AIDS, hepatitis C, salmonellosis, and leishmaniasis, INRS supports INPI in its global efforts to combat infectious diseases.<\/p>\n\n\n\n<h2 class=\"wp-block-heading\"><br>Anna Sforza Djoukhadjian Philanthropic Chair<\/h2>\n\n\n\n<p>This is the first philanthropic research chair on amyotrophic lateral sclerosis (ALS). It was created thanks to a $1 million donation from the Manouk Djoukhadjian II Family Foundation to the <a href=\"https:\/\/www.fondationafrappier.ca\/en\/\" target=\"_blank\" rel=\"noreferrer noopener\">Armand-Frappier Foundation<\/a>. The Chair enables an INRS team to conduct research entirely dedicated to ALS, and more specifically, to develop drugs and new treatments.&nbsp;<a href=\"https:\/\/dev.inrs.ca\/la-recherche\/chaires-groupes-et-reseaux-de-recherche\/repertoire-des-chaires-groupes-et-reseaux-de-recherche\/chaire-philanthropique-anna-sforza-djoukhadjian\/\"><strong>Learn more<\/strong><\/a> (in French only)<\/p>\n\n\n\n<p><\/p>\n\n\n\n<h2 class=\"wp-block-heading\">Philanthropic chair for the prevention and treatment of Alzheimer\u2019s disease<\/h2>\n\n\n\n<p>Funded by a generous gift from the Louise and Andr\u00e9 Charron family to the INRS\u2019s Armand- Frappier Foundation, the Louise and Andr\u00e9 Charron Research Chair in Alzheimer\u2019s Disease\u2019s research program will focus on prevention, early detection, and improved treatment of the disease, which is a growing problem in North America and around the world. <a href=\"https:\/\/dev.inrs.ca\/en\/research\/research-chairs-groups-and-networks\/find-research-chairs-groups-and-networks\/louise-and-andre-charron-research-chair-on-alzheimer-disease\/\"><strong>Learn more<\/strong><\/a><\/p>\n\n\n\n<h2 class=\"wp-block-heading\"><br>Jeanne and J.-Louis L\u00e9vesque Philanthropic Chair<\/h2>\n\n\n\n<p>In 2003, a donation from Fondation J.-Louis L\u00e9vesque to INRS\u2019s Armand-Frappier Foundation led to the creation of the Jeanne and J.-Louis L\u00e9vesque Chair, which supports research on persistent viral infections, particularly hepatitis C infection, and the immune mechanisms involved in their control. <a href=\"https:\/\/dev.inrs.ca\/la-recherche\/chaires-groupes-et-reseaux-de-recherche\/repertoire-des-chaires-groupes-et-reseaux-de-recherche\/chaire-de-recherche-jeanne-et-j-louis-levesque-en-immunovirologie\/\"><strong>Learn more<\/strong><\/a> (in French only)<\/p>\n\n\n\n<h2 class=\"wp-block-heading\"><br>Youth Network Chair<\/h2>\n\n\n\n<p>Four joint chairholders (including an INRS professor), 79 co-researchers, and 42 collaborators from 14 different universities: the Quebec Youth Network Chair takes a big picture approach to exploring the complex realities of young people age 15\u201329. Some 10 INRS researchers are part of this project, which has been awarded more than $4.5 million in funding over six years by Fonds de recherche du Qu\u00e9bec \u2013 Soci\u00e9t\u00e9 et culture (FRQSC) and Secr\u00e9tariat \u00e0 la jeunesse (SAJ) at Minist\u00e8re du Conseil ex\u00e9cutif.&nbsp; <a href=\"https:\/\/dev.inrs.ca\/la-recherche\/chaires-groupes-et-reseaux-de-recherche\/repertoire-des-chaires-groupes-et-reseaux-de-recherche\/chaire-reseau-jeunesse-emploi-et-entrepreneuriat\/\"><strong>Learn more<\/strong><\/a> (in French only)<\/p>\n\n\n\n<h2 class=\"wp-block-heading\"><br>DIALOG network<\/h2>\n\n\n\n<p>DIALOG provides an innovative forum for dialogue between First Peoples and the academic community. DIALOG was founded to promote research and co-construction and is committed to the development of just, egalitarian, and equitable social relationships. Created in 2001 and based at INRS, this strategic knowledge network is subsidized by Fonds qu\u00e9b\u00e9cois de recherche sur la soci\u00e9t\u00e9 et la culture (FQRSC) and the Social Sciences and Humanities Research Council of Canada (SSHRC). <a href=\"https:\/\/dev.inrs.ca\/la-recherche\/chaires-groupes-et-reseaux-de-recherche\/repertoire-des-chaires-groupes-et-reseaux-de-recherche\/reseau-de-recherche-et-de-connaissances-relatives-aux-peuples-autochtones-dialog\/\">Learn more<\/a> (in French)<\/p>\n\n\n\n<h2 class=\"wp-block-heading\"><br>Labo Climat Montr\u00e9al<\/h2>\n\n\n\n<p>Labo Climat Montr\u00e9al\u2019s Lachine East Project, funded by the City of Montreal, Ouranos, MITACS Acc\u00e9l\u00e9ration, SSHRC, and INRS, was set up to jointly develop new urban planning practices that incorporate adaptation to climate change based on the case of Lachine East, an urban district undergoing redevelopment. <a href=\"https:\/\/dev.inrs.ca\/la-recherche\/chaires-groupes-et-reseaux-de-recherche\/repertoire-des-chaires-groupes-et-reseaux-de-recherche\/labo-climat-montreal\/\"><strong>Learn more<\/strong><\/a> (in French only)<\/p>\n\n\n\n<h2 class=\"wp-block-heading\"><br>Observatoire des m\u00e9diations culturelles<\/h2>\n\n\n\n<p>Observatoire des m\u00e9diations culturelles contributes to the advancement of knowledge on cultural mediation practices and their sociopolitical implications. It provides the academic and professional communities with a platform for observation, research, knowledge transfer and mobilization, training, and networking. <a href=\"https:\/\/dev.inrs.ca\/la-recherche\/chaires-groupes-et-reseaux-de-recherche\/repertoire-des-chaires-groupes-et-reseaux-de-recherche\/observatoire-des-mediations-culturelles\/\"><strong>Learn more<\/strong><\/a> (in French only)<\/p>\n\n\n\n<h2 class=\"wp-block-heading\"><br>Partenariat Familles en mouvance<\/h2>\n\n\n\n<p>Partners from academia, government, and community organizations have been working together since 1993 to promote the development and dissemination of up-to-date knowledge on families. Co-directed by INRS and funded since 2004 by Fonds qu\u00e9b\u00e9cois de recherche sur la soci\u00e9t\u00e9 et la culture (FQRSC), this partnership has been monitoring the evolution of family life for more than 25 years. <a href=\"https:\/\/dev.inrs.ca\/la-recherche\/chaires-groupes-et-reseaux-de-recherche\/repertoire-des-chaires-groupes-et-reseaux-de-recherche\/partenariat-de-recherche-familles-en-mouvance\/\"><strong>Learn more<\/strong><\/a><\/p>\n\n\n\n<h2 class=\"wp-block-heading\"><br>Villes R\u00e9gions Monde (VRM)<\/h2>\n\n\n\n<p>Founded in 2000 by INRS and Universit\u00e9 Laval\u2019s Centre for Research on Planning and Development (CRAD), VRM is an interuniversity urban studies network dedicated to fostering collaboration and leadership in research and training and to promoting and publishing research findings. Its members are drawn from a wide range of practice settings. <a href=\"https:\/\/dev.inrs.ca\/la-recherche\/chaires-groupes-et-reseaux-de-recherche\/repertoire-des-chaires-groupes-et-reseaux-de-recherche\/reseau-villes-regions-monde-vrm\/\"><strong>Learn more<\/strong><\/a> (in French only)<\/p>\n\n\n\n<div style=\"height:20px\" aria-hidden=\"true\" class=\"wp-block-spacer\"><\/div>\n\n\n<div class=\"content-page-list-ctn\">\n    <h4 class=\"title\"><\/h4>\n    <div class=\"featured-cta-ctn -trio\">\n                    <div class=\"item jsBlockLink\">\n                <div class=\"image\">\n                                            <img decoding=\"async\" src=\"https:\/\/dev.inrs.ca\/wp-content\/uploads\/2020\/07\/Fotolia_47442886_Subscription_Monthly_M-600x400.jpg\" alt=\"International Training and Research Partners\">\n                                    <\/div>\n                <div class=\"info\">\n                    <a class=\"link\" href=\"\/en\/research\/research-partnerships\/international-training-and-research-partners\/\">International Training and Research Partners<\/a>\n                <\/div>\n            <\/div>\n                    <div class=\"item jsBlockLink\">\n                <div class=\"image\">\n                                            <img decoding=\"async\" src=\"https:\/\/dev.inrs.ca\/wp-content\/uploads\/2020\/09\/la-recherche-international-research-inrs-600x400.jpeg\" alt=\"International Research\">\n                                    <\/div>\n                <div class=\"info\">\n                    <a class=\"link\" href=\"\/en\/research\/international-research\/\">International Research<\/a>\n                <\/div>\n            <\/div>\n            <\/div>\n<\/div>\n\n\n<p class=\"has-small-font-size\"><br><strong>Photo<\/strong>: H\u00e9l\u00e8ne Belleau, Professor and Director of the research partnership Familles en mouvance (Photo credit: Philippe Bernard)<\/p>\n","protected":false},"excerpt":{"rendered":"<p>Working together with the scientific community in Quebec and abroad strengthens our graduate research and training activities. These successful and strategic partnerships have enabled INRS to excel in research and to constantly innovate since its creation in 1969.<\/p>\n","protected":false},"author":1,"featured_media":617,"parent":13263,"menu_order":0,"comment_status":"closed","ping_status":"closed","template":"","meta":{"_acf_changed":false,"footnotes":""},"page_type":[],"wf_page_folders":[],"class_list":["post-22182","page","type-page","status-publish","has-post-thumbnail","hentry"],"acf":[],"yoast_head":"<!-- This site is optimized with the Yoast SEO Premium plugin v24.6 (Yoast SEO v24.6) - https:\/\/yoast.com\/wordpress\/plugins\/seo\/ -->\n<title>INRS | Partners for Excellence in Research and Innovation<\/title>\n<meta name=\"description\" content=\"Successful and strategic partnerships have enabled INRS to excel in research and to constantly innovate since its creation in 1969.\" \/>\n<meta name=\"robots\" content=\"noindex, follow, max-snippet:-1, max-image-preview:large, max-video-preview:-1\" \/>\n<meta property=\"og:locale\" content=\"en_US\" \/>\n<meta property=\"og:type\" content=\"article\" \/>\n<meta property=\"og:title\" content=\"INRS | Partners for Excellence in Research and Innovation\" \/>\n<meta property=\"og:description\" content=\"Successful and strategic partnerships have enabled INRS to excel in research and to constantly innovate since its creation in 1969.\" \/>\n<meta property=\"og:url\" content=\"https:\/\/dev.inrs.ca\/en\/research\/research-partnerships\/partners-for-excellence-in-research-and-innovation\/\" \/>\n<meta property=\"og:site_name\" content=\"INRS\" \/>\n<meta property=\"article:publisher\" content=\"https:\/\/www.facebook.com\/inrsciences\/\" \/>\n<meta property=\"article:modified_time\" content=\"2021-05-06T21:18:46+00:00\" \/>\n<meta name=\"twitter:card\" content=\"summary_large_image\" \/>\n<meta name=\"twitter:site\" content=\"@inrsciences\" \/>\n<meta name=\"twitter:label1\" content=\"Est. reading time\" \/>\n\t<meta name=\"twitter:data1\" content=\"6 minutes\" \/>\n<script type=\"application\/ld+json\" class=\"yoast-schema-graph\">{\"@context\":\"https:\/\/schema.org\",\"@graph\":[{\"@type\":\"WebPage\",\"@id\":\"https:\/\/dev.inrs.ca\/en\/research\/research-partnerships\/partners-for-excellence-in-research-and-innovation\/\",\"url\":\"https:\/\/dev.inrs.ca\/en\/research\/research-partnerships\/partners-for-excellence-in-research-and-innovation\/\",\"name\":\"INRS | Partners for Excellence in Research and Innovation\",\"isPartOf\":{\"@id\":\"https:\/\/dev.inrs.ca\/en\/#website\"},\"primaryImageOfPage\":{\"@id\":\"https:\/\/dev.inrs.ca\/en\/research\/research-partnerships\/partners-for-excellence-in-research-and-innovation\/#primaryimage\"},\"image\":{\"@id\":\"https:\/\/dev.inrs.ca\/en\/research\/research-partnerships\/partners-for-excellence-in-research-and-innovation\/#primaryimage\"},\"thumbnailUrl\":\"https:\/\/dev.inrs.ca\/wp-content\/uploads\/\/2020\/02\/hbelleau-inrs.jpg\",\"datePublished\":\"2020-09-02T19:32:19+00:00\",\"dateModified\":\"2021-05-06T21:18:46+00:00\",\"description\":\"Successful and strategic partnerships have enabled INRS to excel in research and to constantly innovate since its creation in 1969.\",\"breadcrumb\":{\"@id\":\"https:\/\/dev.inrs.ca\/en\/research\/research-partnerships\/partners-for-excellence-in-research-and-innovation\/#breadcrumb\"},\"inLanguage\":\"en-CA\",\"potentialAction\":[{\"@type\":\"ReadAction\",\"target\":[\"https:\/\/dev.inrs.ca\/en\/research\/research-partnerships\/partners-for-excellence-in-research-and-innovation\/\"]}]},{\"@type\":\"ImageObject\",\"inLanguage\":\"en-CA\",\"@id\":\"https:\/\/dev.inrs.ca\/en\/research\/research-partnerships\/partners-for-excellence-in-research-and-innovation\/#primaryimage\",\"url\":\"https:\/\/dev.inrs.ca\/wp-content\/uploads\/\/2020\/02\/hbelleau-inrs.jpg\",\"contentUrl\":\"https:\/\/dev.inrs.ca\/wp-content\/uploads\/\/2020\/02\/hbelleau-inrs.jpg\",\"width\":1000,\"height\":667},{\"@type\":\"BreadcrumbList\",\"@id\":\"https:\/\/dev.inrs.ca\/en\/research\/research-partnerships\/partners-for-excellence-in-research-and-innovation\/#breadcrumb\",\"itemListElement\":[{\"@type\":\"ListItem\",\"position\":1,\"name\":\"Research\",\"item\":\"https:\/\/dev.inrs.ca\/la-recherche\/\"},{\"@type\":\"ListItem\",\"position\":2,\"name\":\"Research Partnerships\",\"item\":\"https:\/\/dev.inrs.ca\/la-recherche\/partenariats-de-recherche\/\"},{\"@type\":\"ListItem\",\"position\":3,\"name\":\"Partners for Excellence in Research and Innovation\"}]},{\"@type\":\"WebSite\",\"@id\":\"https:\/\/dev.inrs.ca\/en\/#website\",\"url\":\"https:\/\/dev.inrs.ca\/en\/\",\"name\":\"INRS\",\"description\":\"Institut national de la recherche scientifique\",\"potentialAction\":[{\"@type\":\"SearchAction\",\"target\":{\"@type\":\"EntryPoint\",\"urlTemplate\":\"https:\/\/dev.inrs.ca\/en\/?s={search_term_string}\"},\"query-input\":{\"@type\":\"PropertyValueSpecification\",\"valueRequired\":true,\"valueName\":\"search_term_string\"}}],\"inLanguage\":\"en-CA\"}]}<\/script>\n<!-- \/ Yoast SEO Premium plugin. -->","yoast_head_json":{"title":"INRS | Partners for Excellence in Research and Innovation","description":"Successful and strategic partnerships have enabled INRS to excel in research and to constantly innovate since its creation in 1969.","robots":{"index":"noindex","follow":"follow","max-snippet":"max-snippet:-1","max-image-preview":"max-image-preview:large","max-video-preview":"max-video-preview:-1"},"og_locale":"en_US","og_type":"article","og_title":"INRS | Partners for Excellence in Research and Innovation","og_description":"Successful and strategic partnerships have enabled INRS to excel in research and to constantly innovate since its creation in 1969.","og_url":"https:\/\/dev.inrs.ca\/en\/research\/research-partnerships\/partners-for-excellence-in-research-and-innovation\/","og_site_name":"INRS","article_publisher":"https:\/\/www.facebook.com\/inrsciences\/","article_modified_time":"2021-05-06T21:18:46+00:00","twitter_card":"summary_large_image","twitter_site":"@inrsciences","twitter_misc":{"Est. reading time":"6 minutes"},"schema":{"@context":"https:\/\/schema.org","@graph":[{"@type":"WebPage","@id":"https:\/\/dev.inrs.ca\/en\/research\/research-partnerships\/partners-for-excellence-in-research-and-innovation\/","url":"https:\/\/dev.inrs.ca\/en\/research\/research-partnerships\/partners-for-excellence-in-research-and-innovation\/","name":"INRS | Partners for Excellence in Research and Innovation","isPartOf":{"@id":"https:\/\/dev.inrs.ca\/en\/#website"},"primaryImageOfPage":{"@id":"https:\/\/dev.inrs.ca\/en\/research\/research-partnerships\/partners-for-excellence-in-research-and-innovation\/#primaryimage"},"image":{"@id":"https:\/\/dev.inrs.ca\/en\/research\/research-partnerships\/partners-for-excellence-in-research-and-innovation\/#primaryimage"},"thumbnailUrl":"https:\/\/dev.inrs.ca\/wp-content\/uploads\/\/2020\/02\/hbelleau-inrs.jpg","datePublished":"2020-09-02T19:32:19+00:00","dateModified":"2021-05-06T21:18:46+00:00","description":"Successful and strategic partnerships have enabled INRS to excel in research and to constantly innovate since its creation in 1969.","breadcrumb":{"@id":"https:\/\/dev.inrs.ca\/en\/research\/research-partnerships\/partners-for-excellence-in-research-and-innovation\/#breadcrumb"},"inLanguage":"en-CA","potentialAction":[{"@type":"ReadAction","target":["https:\/\/dev.inrs.ca\/en\/research\/research-partnerships\/partners-for-excellence-in-research-and-innovation\/"]}]},{"@type":"ImageObject","inLanguage":"en-CA","@id":"https:\/\/dev.inrs.ca\/en\/research\/research-partnerships\/partners-for-excellence-in-research-and-innovation\/#primaryimage","url":"https:\/\/dev.inrs.ca\/wp-content\/uploads\/\/2020\/02\/hbelleau-inrs.jpg","contentUrl":"https:\/\/dev.inrs.ca\/wp-content\/uploads\/\/2020\/02\/hbelleau-inrs.jpg","width":1000,"height":667},{"@type":"BreadcrumbList","@id":"https:\/\/dev.inrs.ca\/en\/research\/research-partnerships\/partners-for-excellence-in-research-and-innovation\/#breadcrumb","itemListElement":[{"@type":"ListItem","position":1,"name":"Research","item":"https:\/\/dev.inrs.ca\/la-recherche\/"},{"@type":"ListItem","position":2,"name":"Research Partnerships","item":"https:\/\/dev.inrs.ca\/la-recherche\/partenariats-de-recherche\/"},{"@type":"ListItem","position":3,"name":"Partners for Excellence in Research and Innovation"}]},{"@type":"WebSite","@id":"https:\/\/dev.inrs.ca\/en\/#website","url":"https:\/\/dev.inrs.ca\/en\/","name":"INRS","description":"Institut national de la recherche scientifique","potentialAction":[{"@type":"SearchAction","target":{"@type":"EntryPoint","urlTemplate":"https:\/\/dev.inrs.ca\/en\/?s={search_term_string}"},"query-input":{"@type":"PropertyValueSpecification","valueRequired":true,"valueName":"search_term_string"}}],"inLanguage":"en-CA"}]}},"_links":{"self":[{"href":"https:\/\/dev.inrs.ca\/en\/wp-json\/wp\/v2\/pages\/22182","targetHints":{"allow":["GET"]}}],"collection":[{"href":"https:\/\/dev.inrs.ca\/en\/wp-json\/wp\/v2\/pages"}],"about":[{"href":"https:\/\/dev.inrs.ca\/en\/wp-json\/wp\/v2\/types\/page"}],"author":[{"embeddable":true,"href":"https:\/\/dev.inrs.ca\/en\/wp-json\/wp\/v2\/users\/1"}],"replies":[{"embeddable":true,"href":"https:\/\/dev.inrs.ca\/en\/wp-json\/wp\/v2\/comments?post=22182"}],"version-history":[{"count":5,"href":"https:\/\/dev.inrs.ca\/en\/wp-json\/wp\/v2\/pages\/22182\/revisions"}],"predecessor-version":[{"id":58010,"href":"https:\/\/dev.inrs.ca\/en\/wp-json\/wp\/v2\/pages\/22182\/revisions\/58010"}],"up":[{"embeddable":true,"href":"https:\/\/dev.inrs.ca\/en\/wp-json\/wp\/v2\/pages\/13263"}],"wp:featuredmedia":[{"embeddable":true,"href":"https:\/\/dev.inrs.ca\/en\/wp-json\/wp\/v2\/media\/617"}],"wp:attachment":[{"href":"https:\/\/dev.inrs.ca\/en\/wp-json\/wp\/v2\/media?parent=22182"}],"wp:term":[{"taxonomy":"page_type","embeddable":true,"href":"https:\/\/dev.inrs.ca\/en\/wp-json\/wp\/v2\/page_type?post=22182"},{"taxonomy":"wf_page_folders","embeddable":true,"href":"https:\/\/dev.inrs.ca\/en\/wp-json\/wp\/v2\/wf_page_folders?post=22182"}],"curies":[{"name":"wp","href":"https:\/\/api.w.org\/{rel}","templated":true}]}}