{"id":21846,"date":"2020-09-01T19:43:16","date_gmt":"2020-09-01T19:43:16","guid":{"rendered":"https:\/\/dev.inrs.ca\/?page_id=21846"},"modified":"2021-09-03T08:51:43","modified_gmt":"2021-09-03T12:51:43","slug":"dual-degree-programs","status":"publish","type":"page","link":"https:\/\/dev.inrs.ca\/en\/studies\/graduate-programs\/dual-degree-programs\/","title":{"rendered":"Dual-Degree Programs"},"content":{"rendered":"\n<p class=\"has-large-font-size\"><strong>With our dual-degree graduate programs, you get the best of both words. You\u2019ll split your time as a student between INRS (Institut national de la recherche scientifique) in Qu\u00e9bec and one of our partner universities abroad, depending on your program.<\/strong><\/p>\n\n\n\n<div style=\"height:20px\" aria-hidden=\"true\" class=\"wp-block-spacer\"><\/div>\n\n\n\n<p>Our dual-degree programs are a unique opportunity to <a href=\"https:\/\/dev.inrs.ca\/en\/studies\/studying-abroad\/\"><strong>study abroad<\/strong><\/a>. You\u2019ll benefit from high-quality instruction and outstanding <a href=\"https:\/\/dev.inrs.ca\/en\/research\/research-facilities\/\">research facilities<\/a> at each institution you study at. By spending time on two continents you\u2019ll expand your international network and broaden your career prospects.<\/p>\n\n\n\n<div style=\"height:20px\" aria-hidden=\"true\" class=\"wp-block-spacer\"><\/div>\n\n\n\n<blockquote class=\"wp-block-quote is-layout-flow wp-block-quote-is-layout-flow\"><p>Upon graduation, you\u2019ll earn a diploma from each institution\u2014that\u2019s two degrees for one single program!<\/p><\/blockquote>\n\n\n\n<h2 class=\"wp-block-heading\"><br>Explore new horizons<\/h2>\n\n\n\n<p>INRS has more than ten dual-degree programs with partner universities.<\/p>\n\n\n\n<ul class=\"wp-block-list\" id=\"block-79cd2b58-f93f-4adc-89cd-153fae8e5524\"><li>Dual-degree program (master) in <a href=\"https:\/\/dev.inrs.ca\/les-etudes\/programmes-d-etudes\/repertoire-des-programmes-d-etudes\/maitrise-sciences-experimentales-sante-cheminement-bidiplomant-diagnostic-biomedical-1733-1734\/\">biomedical diagnostics<\/a> (in French) with Universit\u00e9 Clermont Auvergne, France<\/li><li>Dual-degree program (master) in <a href=\"https:\/\/dev.inrs.ca\/les-etudes\/programmes-d-etudes\/repertoire-des-programmes-d-etudes\/cheminement-bidiplomant-en-ecotoxicologie-aquatique-1688-1689\/\">aquatic exotoxicology<\/a> (in French) with Universit\u00e9 de Bordeaux, France<\/li><li>Dual-degree program (master) in <a href=\"https:\/\/dev.inrs.ca\/les-etudes\/programmes-d-etudes\/repertoire-des-programmes-d-etudes\/maitrise-sciences-de-la-terre-cheminement-bidiplomant-energie-renouvelable-2017-2018\/\">sustainable energy<\/a> (in French) with Reykjavik University, Iceland<\/li><li>Dual-degree program (master) in <a href=\"https:\/\/dev.inrs.ca\/les-etudes\/programmes-d-etudes\/repertoire-des-programmes-d-etudes\/maitrise-en-sciences-de-la-terre-cheminement-bidiplomant-en-geoingenierie-et-environnement\/\" class=\"broken_link\">geoengineering and environment<\/a> (in French) with Universit\u00e9 de Rennes 1, France<\/li><li>Dual-degree program in plasma physics (<a href=\"https:\/\/dev.inrs.ca\/les-etudes\/programmes-d-etudes\/repertoire-des-programmes-d-etudes\/maitrise-sciences-energie-materiaux-cheminement-bidiplomant-en-plasma-1593-1594\/\">master <\/a>and <a href=\"https:\/\/dev.inrs.ca\/les-etudes\/programmes-d-etudes\/repertoire-des-programmes-d-etudes\/doctorat-sciences-energie-materiaux-cheminement-bidiplomant-plasma-2013-2014\/\">doctorate<\/a>) (in French) with Universit\u00e9 Toulouse III &#8211; Paul Sabatier, France<\/li><li>Dual-degree program in photonics (<a href=\"https:\/\/dev.inrs.ca\/les-etudes\/programmes-d-etudes\/repertoire-des-programmes-d-etudes\/maitrise-sciences-energie-materiaux-cheminement-bidiplomant-photonique-1696-1693\/\">master<\/a> and <a href=\"https:\/\/dev.inrs.ca\/les-etudes\/programmes-d-etudes\/repertoire-des-programmes-d-etudes\/doctorat-sciences-energie-materiaux-cheminement-bidiplomant-en-photonique-2011-2012\/\">doctorate<\/a>) (in French) with Universit\u00e9 de Bordeaux, France<\/li><li>Dual-degree program (master) in <a href=\"https:\/\/dev.inrs.ca\/les-etudes\/programmes-d-etudes\/repertoire-des-programmes-d-etudes\/cheminement-bidiplomant-en-sciences-de-l-eau-1599-1672\/\">water sciences<\/a> (in French) with Institut sup\u00e9rieur des hautes \u00e9tudes en d\u00e9veloppement durable (ISH\u00c9DD), Morocco<\/li><li>Dual-degree program (master) in <a href=\"https:\/\/dev.inrs.ca\/les-etudes\/programmes-d-etudes\/repertoire-des-programmes-d-etudes\/maitrise-sciences-de-l-eau-cheminement-bidiplomant-en-changements-climatiques-3672-3748\/\">climate change<\/a> (in French) with Institut sup\u00e9rieur des hautes \u00e9tudes en d\u00e9veloppement durable (ISH\u00c9DD), Morocco<\/li><\/ul>\n\n\n\n<h3 class=\"wp-block-heading\"><br>How to apply for admission<\/h3>\n\n\n\n<p>Interested in exploring new horizons both inside and outside the classroom? You will need to <a href=\"https:\/\/dev.inrs.ca\/en\/studies\/how-to-apply\/\">apply for admission<\/a> to both partner schools and meet the academic requirements for your chosen program.<\/p>\n\n\n\n<div style=\"height:20px\" aria-hidden=\"true\" class=\"wp-block-spacer\"><\/div>\n\n\n<div class=\"content-page-list-ctn\">\n    <h4 class=\"title\"><\/h4>\n    <div class=\"featured-cta-ctn -trio\">\n                    <div class=\"item jsBlockLink\">\n                <div class=\"image\">\n                                            <img decoding=\"async\" src=\"https:\/\/dev.inrs.ca\/wp-content\/uploads\/2020\/08\/INRS-Etudes-international-600x400.jpg\" alt=\"Studying Abroad\">\n                                    <\/div>\n                <div class=\"info\">\n                    <a class=\"link\" href=\"\/en\/studies\/studying-abroad\/\">Studying Abroad<\/a>\n                <\/div>\n            <\/div>\n                    <div class=\"item jsBlockLink\">\n                <div class=\"image\">\n                                            <img decoding=\"async\" src=\"https:\/\/dev.inrs.ca\/wp-content\/uploads\/2020\/07\/INRS-PlaceBonaventure_laetitiaphotographe-0941-600x400.jpg\" alt=\"Future International Students\">\n                                    <\/div>\n                <div class=\"info\">\n                    <a class=\"link\" href=\"\/en\/studies\/future-students\/future-international-students\/\">Future International Students<\/a>\n                <\/div>\n            <\/div>\n                    <div class=\"item jsBlockLink\">\n                <div class=\"image\">\n                                            <img decoding=\"async\" src=\"https:\/\/dev.inrs.ca\/wp-content\/uploads\/2020\/07\/etudiant-trouver-directeur-recherche-inrs-philbernard-600x400.jpg\" alt=\"How to Find a Research Supervisor\">\n                                    <\/div>\n                <div class=\"info\">\n                    <a class=\"link\" href=\"\/en\/studies\/how-to-apply\/three-ways-to-find-a-research-supervisor\/\">How to Find a Research Supervisor<\/a>\n                <\/div>\n            <\/div>\n            <\/div>\n<\/div>","protected":false},"excerpt":{"rendered":"<p>With our dual-degree graduate programs, you get the best of both words. You\u2019ll split your time as a student between INRS (Institut national de la recherche scientifique) in Qu\u00e9bec and one of our partner universities abroad, depending on your program. <\/p>\n","protected":false},"author":1,"featured_media":25547,"parent":20103,"menu_order":0,"comment_status":"closed","ping_status":"closed","template":"","meta":{"_acf_changed":false,"footnotes":""},"page_type":[],"wf_page_folders":[],"class_list":["post-21846","page","type-page","status-publish","has-post-thumbnail","hentry"],"acf":[],"yoast_head":"<!-- This site is optimized with the Yoast SEO Premium plugin v24.6 (Yoast SEO v24.6) - https:\/\/yoast.com\/wordpress\/plugins\/seo\/ -->\n<title>INRS | Dual-Degree Programs | Future Students<\/title>\n<meta name=\"description\" content=\"With our dual-degree graduate programs, you\u2019ll split your time as a student between INRS in Qu\u00e9bec and one of our partner universities abroad, depending on your program.\" \/>\n<meta name=\"robots\" content=\"noindex, follow, max-snippet:-1, max-image-preview:large, max-video-preview:-1\" \/>\n<meta property=\"og:locale\" content=\"en_US\" \/>\n<meta property=\"og:type\" content=\"article\" \/>\n<meta property=\"og:title\" content=\"INRS | Dual-Degree Programs | Future Students\" \/>\n<meta property=\"og:description\" content=\"With our dual-degree graduate programs, you\u2019ll split your time as a student between INRS in Qu\u00e9bec and one of our partner universities abroad, depending on your program.\" \/>\n<meta property=\"og:url\" content=\"https:\/\/dev.inrs.ca\/en\/studies\/graduate-programs\/dual-degree-programs\/\" \/>\n<meta property=\"og:site_name\" content=\"INRS\" \/>\n<meta property=\"article:publisher\" content=\"https:\/\/www.facebook.com\/inrsciences\/\" \/>\n<meta property=\"article:modified_time\" content=\"2021-09-03T12:51:43+00:00\" \/>\n<meta property=\"og:image\" content=\"https:\/\/dev.inrs.ca\/wp-content\/uploads\/2020\/09\/cheminements-bidiplomants-inrs-master-maitrise-doctorat-programme-etudes.jpeg\" \/>\n\t<meta property=\"og:image:width\" content=\"1700\" \/>\n\t<meta property=\"og:image:height\" content=\"965\" \/>\n\t<meta property=\"og:image:type\" content=\"image\/jpeg\" \/>\n<meta name=\"twitter:card\" content=\"summary_large_image\" \/>\n<meta name=\"twitter:site\" content=\"@inrsciences\" \/>\n<meta name=\"twitter:label1\" content=\"Est. reading time\" \/>\n\t<meta name=\"twitter:data1\" content=\"1 minute\" \/>\n<script type=\"application\/ld+json\" class=\"yoast-schema-graph\">{\"@context\":\"https:\/\/schema.org\",\"@graph\":[{\"@type\":\"WebPage\",\"@id\":\"https:\/\/dev.inrs.ca\/en\/studies\/graduate-programs\/dual-degree-programs\/\",\"url\":\"https:\/\/dev.inrs.ca\/en\/studies\/graduate-programs\/dual-degree-programs\/\",\"name\":\"INRS | Dual-Degree Programs | Future Students\",\"isPartOf\":{\"@id\":\"https:\/\/dev.inrs.ca\/en\/#website\"},\"primaryImageOfPage\":{\"@id\":\"https:\/\/dev.inrs.ca\/en\/studies\/graduate-programs\/dual-degree-programs\/#primaryimage\"},\"image\":{\"@id\":\"https:\/\/dev.inrs.ca\/en\/studies\/graduate-programs\/dual-degree-programs\/#primaryimage\"},\"thumbnailUrl\":\"https:\/\/dev.inrs.ca\/wp-content\/uploads\/2020\/09\/cheminements-bidiplomants-inrs-master-maitrise-doctorat-programme-etudes.jpeg\",\"datePublished\":\"2020-09-01T19:43:16+00:00\",\"dateModified\":\"2021-09-03T12:51:43+00:00\",\"description\":\"With our dual-degree graduate programs, you\u2019ll split your time as a student between INRS in Qu\u00e9bec and one of our partner universities abroad, depending on your program.\",\"breadcrumb\":{\"@id\":\"https:\/\/dev.inrs.ca\/en\/studies\/graduate-programs\/dual-degree-programs\/#breadcrumb\"},\"inLanguage\":\"en-CA\",\"potentialAction\":[{\"@type\":\"ReadAction\",\"target\":[\"https:\/\/dev.inrs.ca\/en\/studies\/graduate-programs\/dual-degree-programs\/\"]}]},{\"@type\":\"ImageObject\",\"inLanguage\":\"en-CA\",\"@id\":\"https:\/\/dev.inrs.ca\/en\/studies\/graduate-programs\/dual-degree-programs\/#primaryimage\",\"url\":\"https:\/\/dev.inrs.ca\/wp-content\/uploads\/2020\/09\/cheminements-bidiplomants-inrs-master-maitrise-doctorat-programme-etudes.jpeg\",\"contentUrl\":\"https:\/\/dev.inrs.ca\/wp-content\/uploads\/2020\/09\/cheminements-bidiplomants-inrs-master-maitrise-doctorat-programme-etudes.jpeg\",\"width\":1700,\"height\":965,\"caption\":\"Cheminements bidpl\u00f4mants \u00e0 l'INRS\"},{\"@type\":\"BreadcrumbList\",\"@id\":\"https:\/\/dev.inrs.ca\/en\/studies\/graduate-programs\/dual-degree-programs\/#breadcrumb\",\"itemListElement\":[{\"@type\":\"ListItem\",\"position\":1,\"name\":\"Studies\",\"item\":\"https:\/\/dev.inrs.ca\/les-etudes\/\"},{\"@type\":\"ListItem\",\"position\":2,\"name\":\"Graduate Programs\",\"item\":\"https:\/\/dev.inrs.ca\/les-etudes\/programmes-d-etudes\/\"},{\"@type\":\"ListItem\",\"position\":3,\"name\":\"Dual-Degree Programs\"}]},{\"@type\":\"WebSite\",\"@id\":\"https:\/\/dev.inrs.ca\/en\/#website\",\"url\":\"https:\/\/dev.inrs.ca\/en\/\",\"name\":\"INRS\",\"description\":\"Institut national de la recherche scientifique\",\"potentialAction\":[{\"@type\":\"SearchAction\",\"target\":{\"@type\":\"EntryPoint\",\"urlTemplate\":\"https:\/\/dev.inrs.ca\/en\/?s={search_term_string}\"},\"query-input\":{\"@type\":\"PropertyValueSpecification\",\"valueRequired\":true,\"valueName\":\"search_term_string\"}}],\"inLanguage\":\"en-CA\"}]}<\/script>\n<!-- \/ Yoast SEO Premium plugin. -->","yoast_head_json":{"title":"INRS | Dual-Degree Programs | Future Students","description":"With our dual-degree graduate programs, you\u2019ll split your time as a student between INRS in Qu\u00e9bec and one of our partner universities abroad, depending on your program.","robots":{"index":"noindex","follow":"follow","max-snippet":"max-snippet:-1","max-image-preview":"max-image-preview:large","max-video-preview":"max-video-preview:-1"},"og_locale":"en_US","og_type":"article","og_title":"INRS | Dual-Degree Programs | Future Students","og_description":"With our dual-degree graduate programs, you\u2019ll split your time as a student between INRS in Qu\u00e9bec and one of our partner universities abroad, depending on your program.","og_url":"https:\/\/dev.inrs.ca\/en\/studies\/graduate-programs\/dual-degree-programs\/","og_site_name":"INRS","article_publisher":"https:\/\/www.facebook.com\/inrsciences\/","article_modified_time":"2021-09-03T12:51:43+00:00","og_image":[{"width":1700,"height":965,"url":"https:\/\/dev.inrs.ca\/wp-content\/uploads\/2020\/09\/cheminements-bidiplomants-inrs-master-maitrise-doctorat-programme-etudes.jpeg","type":"image\/jpeg"}],"twitter_card":"summary_large_image","twitter_site":"@inrsciences","twitter_misc":{"Est. reading time":"1 minute"},"schema":{"@context":"https:\/\/schema.org","@graph":[{"@type":"WebPage","@id":"https:\/\/dev.inrs.ca\/en\/studies\/graduate-programs\/dual-degree-programs\/","url":"https:\/\/dev.inrs.ca\/en\/studies\/graduate-programs\/dual-degree-programs\/","name":"INRS | Dual-Degree Programs | Future Students","isPartOf":{"@id":"https:\/\/dev.inrs.ca\/en\/#website"},"primaryImageOfPage":{"@id":"https:\/\/dev.inrs.ca\/en\/studies\/graduate-programs\/dual-degree-programs\/#primaryimage"},"image":{"@id":"https:\/\/dev.inrs.ca\/en\/studies\/graduate-programs\/dual-degree-programs\/#primaryimage"},"thumbnailUrl":"https:\/\/dev.inrs.ca\/wp-content\/uploads\/2020\/09\/cheminements-bidiplomants-inrs-master-maitrise-doctorat-programme-etudes.jpeg","datePublished":"2020-09-01T19:43:16+00:00","dateModified":"2021-09-03T12:51:43+00:00","description":"With our dual-degree graduate programs, you\u2019ll split your time as a student between INRS in Qu\u00e9bec and one of our partner universities abroad, depending on your program.","breadcrumb":{"@id":"https:\/\/dev.inrs.ca\/en\/studies\/graduate-programs\/dual-degree-programs\/#breadcrumb"},"inLanguage":"en-CA","potentialAction":[{"@type":"ReadAction","target":["https:\/\/dev.inrs.ca\/en\/studies\/graduate-programs\/dual-degree-programs\/"]}]},{"@type":"ImageObject","inLanguage":"en-CA","@id":"https:\/\/dev.inrs.ca\/en\/studies\/graduate-programs\/dual-degree-programs\/#primaryimage","url":"https:\/\/dev.inrs.ca\/wp-content\/uploads\/2020\/09\/cheminements-bidiplomants-inrs-master-maitrise-doctorat-programme-etudes.jpeg","contentUrl":"https:\/\/dev.inrs.ca\/wp-content\/uploads\/2020\/09\/cheminements-bidiplomants-inrs-master-maitrise-doctorat-programme-etudes.jpeg","width":1700,"height":965,"caption":"Cheminements bidpl\u00f4mants \u00e0 l'INRS"},{"@type":"BreadcrumbList","@id":"https:\/\/dev.inrs.ca\/en\/studies\/graduate-programs\/dual-degree-programs\/#breadcrumb","itemListElement":[{"@type":"ListItem","position":1,"name":"Studies","item":"https:\/\/dev.inrs.ca\/les-etudes\/"},{"@type":"ListItem","position":2,"name":"Graduate Programs","item":"https:\/\/dev.inrs.ca\/les-etudes\/programmes-d-etudes\/"},{"@type":"ListItem","position":3,"name":"Dual-Degree Programs"}]},{"@type":"WebSite","@id":"https:\/\/dev.inrs.ca\/en\/#website","url":"https:\/\/dev.inrs.ca\/en\/","name":"INRS","description":"Institut national de la recherche scientifique","potentialAction":[{"@type":"SearchAction","target":{"@type":"EntryPoint","urlTemplate":"https:\/\/dev.inrs.ca\/en\/?s={search_term_string}"},"query-input":{"@type":"PropertyValueSpecification","valueRequired":true,"valueName":"search_term_string"}}],"inLanguage":"en-CA"}]}},"_links":{"self":[{"href":"https:\/\/dev.inrs.ca\/en\/wp-json\/wp\/v2\/pages\/21846","targetHints":{"allow":["GET"]}}],"collection":[{"href":"https:\/\/dev.inrs.ca\/en\/wp-json\/wp\/v2\/pages"}],"about":[{"href":"https:\/\/dev.inrs.ca\/en\/wp-json\/wp\/v2\/types\/page"}],"author":[{"embeddable":true,"href":"https:\/\/dev.inrs.ca\/en\/wp-json\/wp\/v2\/users\/1"}],"replies":[{"embeddable":true,"href":"https:\/\/dev.inrs.ca\/en\/wp-json\/wp\/v2\/comments?post=21846"}],"version-history":[{"count":5,"href":"https:\/\/dev.inrs.ca\/en\/wp-json\/wp\/v2\/pages\/21846\/revisions"}],"predecessor-version":[{"id":72197,"href":"https:\/\/dev.inrs.ca\/en\/wp-json\/wp\/v2\/pages\/21846\/revisions\/72197"}],"up":[{"embeddable":true,"href":"https:\/\/dev.inrs.ca\/en\/wp-json\/wp\/v2\/pages\/20103"}],"wp:featuredmedia":[{"embeddable":true,"href":"https:\/\/dev.inrs.ca\/en\/wp-json\/wp\/v2\/media\/25547"}],"wp:attachment":[{"href":"https:\/\/dev.inrs.ca\/en\/wp-json\/wp\/v2\/media?parent=21846"}],"wp:term":[{"taxonomy":"page_type","embeddable":true,"href":"https:\/\/dev.inrs.ca\/en\/wp-json\/wp\/v2\/page_type?post=21846"},{"taxonomy":"wf_page_folders","embeddable":true,"href":"https:\/\/dev.inrs.ca\/en\/wp-json\/wp\/v2\/wf_page_folders?post=21846"}],"curies":[{"name":"wp","href":"https:\/\/api.w.org\/{rel}","templated":true}]}}