{"id":21773,"date":"2020-09-01T17:12:15","date_gmt":"2020-09-01T17:12:15","guid":{"rendered":"https:\/\/dev.inrs.ca\/research\/research-chairs-groups-and-networks\/reperrtoire-chaires-groupes-et-reseaux-de-recherche\/"},"modified":"2020-09-13T13:51:43","modified_gmt":"2020-09-13T17:51:43","slug":"reperrtoire-chaires-groupes-et-reseaux-de-recherche","status":"publish","type":"page","link":"https:\/\/dev.inrs.ca\/en\/research\/research-chairs-groups-and-networks\/find-research-chair-group-or-network\/","title":{"rendered":"Find a research chair, group, or network"},"content":{"rendered":"","protected":false},"excerpt":{"rendered":"<p>R\u00e9pertoire des chaires, groupes et r\u00e9seaux de recherche de l&#8217;Institut national de la recherche scientifique (INRS)<\/p>\n","protected":false},"author":1,"featured_media":2690,"parent":13260,"menu_order":0,"comment_status":"closed","ping_status":"closed","template":"templates\/chaires-and-groups.php","meta":{"_acf_changed":false,"footnotes":""},"page_type":[],"wf_page_folders":[117],"class_list":["post-21773","page","type-page","status-publish","has-post-thumbnail","hentry"],"acf":[],"yoast_head":"<!-- This site is optimized with the Yoast SEO Premium plugin v24.6 (Yoast SEO v24.6) - https:\/\/yoast.com\/wordpress\/plugins\/seo\/ -->\n<title>Find a research chair, group, or network | INRS<\/title>\n<meta name=\"description\" content=\"R\u00e9pertoire des toutes les chaires de recherche du Canada, chaires priv\u00e9es, autres typdes de chaires, groupes et r\u00e9seaux de recherche.\" \/>\n<meta name=\"robots\" content=\"noindex, follow, max-snippet:-1, max-image-preview:large, max-video-preview:-1\" \/>\n<meta property=\"og:locale\" content=\"en_US\" \/>\n<meta property=\"og:type\" content=\"article\" \/>\n<meta property=\"og:title\" content=\"Find a research chair, group, or network | INRS\" \/>\n<meta property=\"og:description\" content=\"R\u00e9pertoire des toutes les chaires de recherche du Canada, chaires priv\u00e9es, autres typdes de chaires, groupes et r\u00e9seaux de recherche.\" \/>\n<meta property=\"og:url\" content=\"https:\/\/dev.inrs.ca\/en\/research\/research-chairs-groups-and-networks\/find-research-chair-group-or-network\/\" \/>\n<meta property=\"og:site_name\" content=\"INRS\" \/>\n<meta property=\"article:publisher\" content=\"https:\/\/www.facebook.com\/inrsciences\/\" \/>\n<meta property=\"article:modified_time\" content=\"2020-09-13T17:51:43+00:00\" \/>\n<meta name=\"twitter:card\" content=\"summary_large_image\" \/>\n<meta name=\"twitter:site\" content=\"@inrsciences\" \/>\n<script type=\"application\/ld+json\" class=\"yoast-schema-graph\">{\"@context\":\"https:\/\/schema.org\",\"@graph\":[{\"@type\":\"WebPage\",\"@id\":\"https:\/\/dev.inrs.ca\/en\/research\/research-chairs-groups-and-networks\/find-research-chair-group-or-network\/\",\"url\":\"https:\/\/dev.inrs.ca\/en\/research\/research-chairs-groups-and-networks\/find-research-chair-group-or-network\/\",\"name\":\"Find a research chair, group, or network | INRS\",\"isPartOf\":{\"@id\":\"https:\/\/dev.inrs.ca\/en\/#website\"},\"primaryImageOfPage\":{\"@id\":\"https:\/\/dev.inrs.ca\/en\/research\/research-chairs-groups-and-networks\/find-research-chair-group-or-network\/#primaryimage\"},\"image\":{\"@id\":\"https:\/\/dev.inrs.ca\/en\/research\/research-chairs-groups-and-networks\/find-research-chair-group-or-network\/#primaryimage\"},\"thumbnailUrl\":\"https:\/\/dev.inrs.ca\/wp-content\/uploads\/\/2020\/02\/recherche-01.jpg\",\"datePublished\":\"2020-09-01T17:12:15+00:00\",\"dateModified\":\"2020-09-13T17:51:43+00:00\",\"description\":\"R\u00e9pertoire des toutes les chaires de recherche du Canada, chaires priv\u00e9es, autres typdes de chaires, groupes et r\u00e9seaux de recherche.\",\"breadcrumb\":{\"@id\":\"https:\/\/dev.inrs.ca\/en\/research\/research-chairs-groups-and-networks\/find-research-chair-group-or-network\/#breadcrumb\"},\"inLanguage\":\"en-CA\",\"potentialAction\":[{\"@type\":\"ReadAction\",\"target\":[\"https:\/\/dev.inrs.ca\/en\/research\/research-chairs-groups-and-networks\/find-research-chair-group-or-network\/\"]}]},{\"@type\":\"ImageObject\",\"inLanguage\":\"en-CA\",\"@id\":\"https:\/\/dev.inrs.ca\/en\/research\/research-chairs-groups-and-networks\/find-research-chair-group-or-network\/#primaryimage\",\"url\":\"https:\/\/dev.inrs.ca\/wp-content\/uploads\/\/2020\/02\/recherche-01.jpg\",\"contentUrl\":\"https:\/\/dev.inrs.ca\/wp-content\/uploads\/\/2020\/02\/recherche-01.jpg\",\"width\":700,\"height\":401,\"caption\":\"chaire de recherche\"},{\"@type\":\"BreadcrumbList\",\"@id\":\"https:\/\/dev.inrs.ca\/en\/research\/research-chairs-groups-and-networks\/find-research-chair-group-or-network\/#breadcrumb\",\"itemListElement\":[{\"@type\":\"ListItem\",\"position\":1,\"name\":\"Research\",\"item\":\"https:\/\/dev.inrs.ca\/la-recherche\/\"},{\"@type\":\"ListItem\",\"position\":2,\"name\":\"Research chairs, groups, and networks\",\"item\":\"https:\/\/dev.inrs.ca\/la-recherche\/chaires-groupes-et-reseaux-de-recherche\/\"},{\"@type\":\"ListItem\",\"position\":3,\"name\":\"Find a research chair, group, or network\"}]},{\"@type\":\"WebSite\",\"@id\":\"https:\/\/dev.inrs.ca\/en\/#website\",\"url\":\"https:\/\/dev.inrs.ca\/en\/\",\"name\":\"INRS\",\"description\":\"Institut national de la recherche scientifique\",\"potentialAction\":[{\"@type\":\"SearchAction\",\"target\":{\"@type\":\"EntryPoint\",\"urlTemplate\":\"https:\/\/dev.inrs.ca\/en\/?s={search_term_string}\"},\"query-input\":{\"@type\":\"PropertyValueSpecification\",\"valueRequired\":true,\"valueName\":\"search_term_string\"}}],\"inLanguage\":\"en-CA\"}]}<\/script>\n<!-- \/ Yoast SEO Premium plugin. -->","yoast_head_json":{"title":"Find a research chair, group, or network | INRS","description":"R\u00e9pertoire des toutes les chaires de recherche du Canada, chaires priv\u00e9es, autres typdes de chaires, groupes et r\u00e9seaux de recherche.","robots":{"index":"noindex","follow":"follow","max-snippet":"max-snippet:-1","max-image-preview":"max-image-preview:large","max-video-preview":"max-video-preview:-1"},"og_locale":"en_US","og_type":"article","og_title":"Find a research chair, group, or network | INRS","og_description":"R\u00e9pertoire des toutes les chaires de recherche du Canada, chaires priv\u00e9es, autres typdes de chaires, groupes et r\u00e9seaux de recherche.","og_url":"https:\/\/dev.inrs.ca\/en\/research\/research-chairs-groups-and-networks\/find-research-chair-group-or-network\/","og_site_name":"INRS","article_publisher":"https:\/\/www.facebook.com\/inrsciences\/","article_modified_time":"2020-09-13T17:51:43+00:00","twitter_card":"summary_large_image","twitter_site":"@inrsciences","schema":{"@context":"https:\/\/schema.org","@graph":[{"@type":"WebPage","@id":"https:\/\/dev.inrs.ca\/en\/research\/research-chairs-groups-and-networks\/find-research-chair-group-or-network\/","url":"https:\/\/dev.inrs.ca\/en\/research\/research-chairs-groups-and-networks\/find-research-chair-group-or-network\/","name":"Find a research chair, group, or network | INRS","isPartOf":{"@id":"https:\/\/dev.inrs.ca\/en\/#website"},"primaryImageOfPage":{"@id":"https:\/\/dev.inrs.ca\/en\/research\/research-chairs-groups-and-networks\/find-research-chair-group-or-network\/#primaryimage"},"image":{"@id":"https:\/\/dev.inrs.ca\/en\/research\/research-chairs-groups-and-networks\/find-research-chair-group-or-network\/#primaryimage"},"thumbnailUrl":"https:\/\/dev.inrs.ca\/wp-content\/uploads\/\/2020\/02\/recherche-01.jpg","datePublished":"2020-09-01T17:12:15+00:00","dateModified":"2020-09-13T17:51:43+00:00","description":"R\u00e9pertoire des toutes les chaires de recherche du Canada, chaires priv\u00e9es, autres typdes de chaires, groupes et r\u00e9seaux de recherche.","breadcrumb":{"@id":"https:\/\/dev.inrs.ca\/en\/research\/research-chairs-groups-and-networks\/find-research-chair-group-or-network\/#breadcrumb"},"inLanguage":"en-CA","potentialAction":[{"@type":"ReadAction","target":["https:\/\/dev.inrs.ca\/en\/research\/research-chairs-groups-and-networks\/find-research-chair-group-or-network\/"]}]},{"@type":"ImageObject","inLanguage":"en-CA","@id":"https:\/\/dev.inrs.ca\/en\/research\/research-chairs-groups-and-networks\/find-research-chair-group-or-network\/#primaryimage","url":"https:\/\/dev.inrs.ca\/wp-content\/uploads\/\/2020\/02\/recherche-01.jpg","contentUrl":"https:\/\/dev.inrs.ca\/wp-content\/uploads\/\/2020\/02\/recherche-01.jpg","width":700,"height":401,"caption":"chaire de recherche"},{"@type":"BreadcrumbList","@id":"https:\/\/dev.inrs.ca\/en\/research\/research-chairs-groups-and-networks\/find-research-chair-group-or-network\/#breadcrumb","itemListElement":[{"@type":"ListItem","position":1,"name":"Research","item":"https:\/\/dev.inrs.ca\/la-recherche\/"},{"@type":"ListItem","position":2,"name":"Research chairs, groups, and networks","item":"https:\/\/dev.inrs.ca\/la-recherche\/chaires-groupes-et-reseaux-de-recherche\/"},{"@type":"ListItem","position":3,"name":"Find a research chair, group, or network"}]},{"@type":"WebSite","@id":"https:\/\/dev.inrs.ca\/en\/#website","url":"https:\/\/dev.inrs.ca\/en\/","name":"INRS","description":"Institut national de la recherche scientifique","potentialAction":[{"@type":"SearchAction","target":{"@type":"EntryPoint","urlTemplate":"https:\/\/dev.inrs.ca\/en\/?s={search_term_string}"},"query-input":{"@type":"PropertyValueSpecification","valueRequired":true,"valueName":"search_term_string"}}],"inLanguage":"en-CA"}]}},"_links":{"self":[{"href":"https:\/\/dev.inrs.ca\/en\/wp-json\/wp\/v2\/pages\/21773","targetHints":{"allow":["GET"]}}],"collection":[{"href":"https:\/\/dev.inrs.ca\/en\/wp-json\/wp\/v2\/pages"}],"about":[{"href":"https:\/\/dev.inrs.ca\/en\/wp-json\/wp\/v2\/types\/page"}],"author":[{"embeddable":true,"href":"https:\/\/dev.inrs.ca\/en\/wp-json\/wp\/v2\/users\/1"}],"replies":[{"embeddable":true,"href":"https:\/\/dev.inrs.ca\/en\/wp-json\/wp\/v2\/comments?post=21773"}],"version-history":[{"count":3,"href":"https:\/\/dev.inrs.ca\/en\/wp-json\/wp\/v2\/pages\/21773\/revisions"}],"predecessor-version":[{"id":24764,"href":"https:\/\/dev.inrs.ca\/en\/wp-json\/wp\/v2\/pages\/21773\/revisions\/24764"}],"up":[{"embeddable":true,"href":"https:\/\/dev.inrs.ca\/en\/wp-json\/wp\/v2\/pages\/13260"}],"wp:featuredmedia":[{"embeddable":true,"href":"https:\/\/dev.inrs.ca\/en\/wp-json\/wp\/v2\/media\/2690"}],"wp:attachment":[{"href":"https:\/\/dev.inrs.ca\/en\/wp-json\/wp\/v2\/media?parent=21773"}],"wp:term":[{"taxonomy":"page_type","embeddable":true,"href":"https:\/\/dev.inrs.ca\/en\/wp-json\/wp\/v2\/page_type?post=21773"},{"taxonomy":"wf_page_folders","embeddable":true,"href":"https:\/\/dev.inrs.ca\/en\/wp-json\/wp\/v2\/wf_page_folders?post=21773"}],"curies":[{"name":"wp","href":"https:\/\/api.w.org\/{rel}","templated":true}]}}