{"id":20107,"date":"2020-06-26T22:04:07","date_gmt":"2020-06-26T22:04:07","guid":{"rendered":"https:\/\/dev.inrs.ca\/repertoire-des-stages-en-recherche\/"},"modified":"2020-09-02T16:45:38","modified_gmt":"2020-09-02T16:45:38","slug":"repertoire-des-stages-en-recherche","status":"publish","type":"page","link":"https:\/\/dev.inrs.ca\/en\/studies\/research-internships\/find-a-research-internship\/","title":{"rendered":"Find a research internship"},"content":{"rendered":"\n<p>Students from Quebec, the rest of Canada, and abroad are eligible for our paid undergraduate<br>and graduate research internships. If you have completed one or more years of an<br>undergraduate or graduate degree, our faculty members can include you on their teams!<\/p>\n\n\n\n<p>Finding a supervisor<br>There are three main ways to find a faculty member to supervise you throughout your<br>internship.<br>You can:<\/p>\n\n\n\n<ol class=\"wp-block-list\"><li>Check the list of available internships<\/li><li>Check the list of faculty members and their fields of expertise<\/li><li>Answer the \u201cFind a research supervisor\u201d questionnaire<br>Contacting your future supervisor<br>Once you\u2019ve found a potential supervisor, you\u2019ll need to ask them whether they can take you on<br>as an intern. We recommend that you read our tips on establishing a good relationship before<br>you contact them.<\/li><\/ol>\n\n\n\n<p>Checking educational equivalency<br>In Qu\u00e9bec, an undergraduate degree corresponds to a bachelor\u2019s and a graduate degree<br>corresponds to either a master\u2019s or a PhD. Make sure you have training at a level that qualifies<br>you for the level of the internship you\u2019re interested in, especially if you studied in another<br>province or outside Canada. Check out our Degree Equivalency section.<br>Funding your internship<br>Your research supervisor will determine whether you qualify for a scholarship and, if so, the<br>amount. INRS offers scholarships for undergraduate summer research internships.<\/p>\n\n\n\n<p>Useful links<\/p>\n\n\n\n<ol class=\"wp-block-list\"><li>List of Internships (lien interne)<\/li><li>Faculty Directory (lien interne)<\/li><li>Establishing a Good Relationship with Your Research Supervisor (lien interne)<\/li><li>Degree Equivalency<\/li><\/ol>\n","protected":false},"excerpt":{"rendered":"<p>Students from Quebec, the rest of Canada, and abroad are eligible for our paid undergraduateand graduate research internships. If you have completed one or more years of anundergraduate or graduate degree, our faculty members can include you on their teams! Finding a supervisorThere are three main ways to find a faculty member to supervise you [&hellip;]<\/p>\n","protected":false},"author":1,"featured_media":72543,"parent":20025,"menu_order":0,"comment_status":"closed","ping_status":"closed","template":"templates\/projects.php","meta":{"_acf_changed":false,"footnotes":""},"page_type":[],"wf_page_folders":[675],"class_list":["post-20107","page","type-page","status-publish","has-post-thumbnail","hentry"],"acf":[],"yoast_head":"<!-- This site is optimized with the Yoast SEO Premium plugin v24.6 (Yoast SEO v24.6) - https:\/\/yoast.com\/wordpress\/plugins\/seo\/ -->\n<title>Find a research internship | Les \u00e9tudes | INRS<\/title>\n<meta name=\"description\" content=\"Vous voulez r\u00e9aliser un stage en recherche? Consultez le r\u00e9pertoire des stages d&#039;\u00e9t\u00e9 de 1er cycle et des stages de 1er, 2e et 3e cycles offerts \u00e0 l&#039;INRS.\" \/>\n<meta name=\"robots\" content=\"noindex, follow, max-snippet:-1, max-image-preview:large, max-video-preview:-1\" \/>\n<meta property=\"og:locale\" content=\"en_US\" \/>\n<meta property=\"og:type\" content=\"article\" \/>\n<meta property=\"og:title\" content=\"Find a research internship | Les \u00e9tudes | INRS\" \/>\n<meta property=\"og:description\" content=\"Vous voulez r\u00e9aliser un stage en recherche? Consultez le r\u00e9pertoire des stages d&#039;\u00e9t\u00e9 de 1er cycle et des stages de 1er, 2e et 3e cycles offerts \u00e0 l&#039;INRS.\" \/>\n<meta property=\"og:url\" content=\"https:\/\/dev.inrs.ca\/en\/studies\/research-internships\/find-a-research-internship\/\" \/>\n<meta property=\"og:site_name\" content=\"INRS\" \/>\n<meta property=\"article:publisher\" content=\"https:\/\/www.facebook.com\/inrsciences\/\" \/>\n<meta property=\"article:modified_time\" content=\"2020-09-02T16:45:38+00:00\" \/>\n<meta property=\"og:image\" content=\"https:\/\/dev.inrs.ca\/wp-content\/uploads\/analyse-donnees_237178995.jpg\" \/>\n\t<meta property=\"og:image:width\" content=\"1200\" \/>\n\t<meta property=\"og:image:height\" content=\"628\" \/>\n\t<meta property=\"og:image:type\" content=\"image\/jpeg\" \/>\n<meta name=\"twitter:card\" content=\"summary_large_image\" \/>\n<meta name=\"twitter:site\" content=\"@inrsciences\" \/>\n<meta name=\"twitter:label1\" content=\"Est. reading time\" \/>\n\t<meta name=\"twitter:data1\" content=\"1 minute\" \/>\n<script type=\"application\/ld+json\" class=\"yoast-schema-graph\">{\"@context\":\"https:\/\/schema.org\",\"@graph\":[{\"@type\":\"WebPage\",\"@id\":\"https:\/\/dev.inrs.ca\/en\/studies\/research-internships\/find-a-research-internship\/\",\"url\":\"https:\/\/dev.inrs.ca\/en\/studies\/research-internships\/find-a-research-internship\/\",\"name\":\"Find a research internship | Les \u00e9tudes | INRS\",\"isPartOf\":{\"@id\":\"https:\/\/dev.inrs.ca\/en\/#website\"},\"primaryImageOfPage\":{\"@id\":\"https:\/\/dev.inrs.ca\/en\/studies\/research-internships\/find-a-research-internship\/#primaryimage\"},\"image\":{\"@id\":\"https:\/\/dev.inrs.ca\/en\/studies\/research-internships\/find-a-research-internship\/#primaryimage\"},\"thumbnailUrl\":\"https:\/\/dev.inrs.ca\/wp-content\/uploads\/analyse-donnees_237178995.jpg\",\"datePublished\":\"2020-06-26T22:04:07+00:00\",\"dateModified\":\"2020-09-02T16:45:38+00:00\",\"description\":\"Vous voulez r\u00e9aliser un stage en recherche? Consultez le r\u00e9pertoire des stages d'\u00e9t\u00e9 de 1er cycle et des stages de 1er, 2e et 3e cycles offerts \u00e0 l'INRS.\",\"breadcrumb\":{\"@id\":\"https:\/\/dev.inrs.ca\/en\/studies\/research-internships\/find-a-research-internship\/#breadcrumb\"},\"inLanguage\":\"en-CA\",\"potentialAction\":[{\"@type\":\"ReadAction\",\"target\":[\"https:\/\/dev.inrs.ca\/en\/studies\/research-internships\/find-a-research-internship\/\"]}]},{\"@type\":\"ImageObject\",\"inLanguage\":\"en-CA\",\"@id\":\"https:\/\/dev.inrs.ca\/en\/studies\/research-internships\/find-a-research-internship\/#primaryimage\",\"url\":\"https:\/\/dev.inrs.ca\/wp-content\/uploads\/analyse-donnees_237178995.jpg\",\"contentUrl\":\"https:\/\/dev.inrs.ca\/wp-content\/uploads\/analyse-donnees_237178995.jpg\",\"width\":1200,\"height\":628},{\"@type\":\"BreadcrumbList\",\"@id\":\"https:\/\/dev.inrs.ca\/en\/studies\/research-internships\/find-a-research-internship\/#breadcrumb\",\"itemListElement\":[{\"@type\":\"ListItem\",\"position\":1,\"name\":\"Studies\",\"item\":\"https:\/\/dev.inrs.ca\/les-etudes\/\"},{\"@type\":\"ListItem\",\"position\":2,\"name\":\"Research Internships\",\"item\":\"https:\/\/dev.inrs.ca\/les-etudes\/stages-en-recherche\/\"},{\"@type\":\"ListItem\",\"position\":3,\"name\":\"Find a research internship\"}]},{\"@type\":\"WebSite\",\"@id\":\"https:\/\/dev.inrs.ca\/en\/#website\",\"url\":\"https:\/\/dev.inrs.ca\/en\/\",\"name\":\"INRS\",\"description\":\"Institut national de la recherche scientifique\",\"potentialAction\":[{\"@type\":\"SearchAction\",\"target\":{\"@type\":\"EntryPoint\",\"urlTemplate\":\"https:\/\/dev.inrs.ca\/en\/?s={search_term_string}\"},\"query-input\":{\"@type\":\"PropertyValueSpecification\",\"valueRequired\":true,\"valueName\":\"search_term_string\"}}],\"inLanguage\":\"en-CA\"}]}<\/script>\n<!-- \/ Yoast SEO Premium plugin. -->","yoast_head_json":{"title":"Find a research internship | Les \u00e9tudes | INRS","description":"Vous voulez r\u00e9aliser un stage en recherche? Consultez le r\u00e9pertoire des stages d'\u00e9t\u00e9 de 1er cycle et des stages de 1er, 2e et 3e cycles offerts \u00e0 l'INRS.","robots":{"index":"noindex","follow":"follow","max-snippet":"max-snippet:-1","max-image-preview":"max-image-preview:large","max-video-preview":"max-video-preview:-1"},"og_locale":"en_US","og_type":"article","og_title":"Find a research internship | Les \u00e9tudes | INRS","og_description":"Vous voulez r\u00e9aliser un stage en recherche? Consultez le r\u00e9pertoire des stages d'\u00e9t\u00e9 de 1er cycle et des stages de 1er, 2e et 3e cycles offerts \u00e0 l'INRS.","og_url":"https:\/\/dev.inrs.ca\/en\/studies\/research-internships\/find-a-research-internship\/","og_site_name":"INRS","article_publisher":"https:\/\/www.facebook.com\/inrsciences\/","article_modified_time":"2020-09-02T16:45:38+00:00","og_image":[{"width":1200,"height":628,"url":"https:\/\/dev.inrs.ca\/wp-content\/uploads\/analyse-donnees_237178995.jpg","type":"image\/jpeg"}],"twitter_card":"summary_large_image","twitter_site":"@inrsciences","twitter_misc":{"Est. reading time":"1 minute"},"schema":{"@context":"https:\/\/schema.org","@graph":[{"@type":"WebPage","@id":"https:\/\/dev.inrs.ca\/en\/studies\/research-internships\/find-a-research-internship\/","url":"https:\/\/dev.inrs.ca\/en\/studies\/research-internships\/find-a-research-internship\/","name":"Find a research internship | Les \u00e9tudes | INRS","isPartOf":{"@id":"https:\/\/dev.inrs.ca\/en\/#website"},"primaryImageOfPage":{"@id":"https:\/\/dev.inrs.ca\/en\/studies\/research-internships\/find-a-research-internship\/#primaryimage"},"image":{"@id":"https:\/\/dev.inrs.ca\/en\/studies\/research-internships\/find-a-research-internship\/#primaryimage"},"thumbnailUrl":"https:\/\/dev.inrs.ca\/wp-content\/uploads\/analyse-donnees_237178995.jpg","datePublished":"2020-06-26T22:04:07+00:00","dateModified":"2020-09-02T16:45:38+00:00","description":"Vous voulez r\u00e9aliser un stage en recherche? Consultez le r\u00e9pertoire des stages d'\u00e9t\u00e9 de 1er cycle et des stages de 1er, 2e et 3e cycles offerts \u00e0 l'INRS.","breadcrumb":{"@id":"https:\/\/dev.inrs.ca\/en\/studies\/research-internships\/find-a-research-internship\/#breadcrumb"},"inLanguage":"en-CA","potentialAction":[{"@type":"ReadAction","target":["https:\/\/dev.inrs.ca\/en\/studies\/research-internships\/find-a-research-internship\/"]}]},{"@type":"ImageObject","inLanguage":"en-CA","@id":"https:\/\/dev.inrs.ca\/en\/studies\/research-internships\/find-a-research-internship\/#primaryimage","url":"https:\/\/dev.inrs.ca\/wp-content\/uploads\/analyse-donnees_237178995.jpg","contentUrl":"https:\/\/dev.inrs.ca\/wp-content\/uploads\/analyse-donnees_237178995.jpg","width":1200,"height":628},{"@type":"BreadcrumbList","@id":"https:\/\/dev.inrs.ca\/en\/studies\/research-internships\/find-a-research-internship\/#breadcrumb","itemListElement":[{"@type":"ListItem","position":1,"name":"Studies","item":"https:\/\/dev.inrs.ca\/les-etudes\/"},{"@type":"ListItem","position":2,"name":"Research Internships","item":"https:\/\/dev.inrs.ca\/les-etudes\/stages-en-recherche\/"},{"@type":"ListItem","position":3,"name":"Find a research internship"}]},{"@type":"WebSite","@id":"https:\/\/dev.inrs.ca\/en\/#website","url":"https:\/\/dev.inrs.ca\/en\/","name":"INRS","description":"Institut national de la recherche scientifique","potentialAction":[{"@type":"SearchAction","target":{"@type":"EntryPoint","urlTemplate":"https:\/\/dev.inrs.ca\/en\/?s={search_term_string}"},"query-input":{"@type":"PropertyValueSpecification","valueRequired":true,"valueName":"search_term_string"}}],"inLanguage":"en-CA"}]}},"_links":{"self":[{"href":"https:\/\/dev.inrs.ca\/en\/wp-json\/wp\/v2\/pages\/20107","targetHints":{"allow":["GET"]}}],"collection":[{"href":"https:\/\/dev.inrs.ca\/en\/wp-json\/wp\/v2\/pages"}],"about":[{"href":"https:\/\/dev.inrs.ca\/en\/wp-json\/wp\/v2\/types\/page"}],"author":[{"embeddable":true,"href":"https:\/\/dev.inrs.ca\/en\/wp-json\/wp\/v2\/users\/1"}],"replies":[{"embeddable":true,"href":"https:\/\/dev.inrs.ca\/en\/wp-json\/wp\/v2\/comments?post=20107"}],"version-history":[{"count":3,"href":"https:\/\/dev.inrs.ca\/en\/wp-json\/wp\/v2\/pages\/20107\/revisions"}],"predecessor-version":[{"id":22121,"href":"https:\/\/dev.inrs.ca\/en\/wp-json\/wp\/v2\/pages\/20107\/revisions\/22121"}],"up":[{"embeddable":true,"href":"https:\/\/dev.inrs.ca\/en\/wp-json\/wp\/v2\/pages\/20025"}],"wp:featuredmedia":[{"embeddable":true,"href":"https:\/\/dev.inrs.ca\/en\/wp-json\/wp\/v2\/media\/72543"}],"wp:attachment":[{"href":"https:\/\/dev.inrs.ca\/en\/wp-json\/wp\/v2\/media?parent=20107"}],"wp:term":[{"taxonomy":"page_type","embeddable":true,"href":"https:\/\/dev.inrs.ca\/en\/wp-json\/wp\/v2\/page_type?post=20107"},{"taxonomy":"wf_page_folders","embeddable":true,"href":"https:\/\/dev.inrs.ca\/en\/wp-json\/wp\/v2\/wf_page_folders?post=20107"}],"curies":[{"name":"wp","href":"https:\/\/api.w.org\/{rel}","templated":true}]}}