{"id":20103,"date":"2020-06-04T20:24:22","date_gmt":"2020-06-04T20:24:22","guid":{"rendered":"https:\/\/dev.inrs.ca\/studies\/programmes-detudes\/"},"modified":"2021-09-01T11:14:03","modified_gmt":"2021-09-01T15:14:03","slug":"programmes-detudes","status":"publish","type":"page","link":"https:\/\/dev.inrs.ca\/en\/studies\/graduate-programs\/","title":{"rendered":"Graduate Programs"},"content":{"rendered":"\n<p class=\"has-large-font-size\"><strong><strong>At INRS, you learn through research. As soon as you arrive, you\u2019ll be integrated into a research team, where you\u2019ll benefit from specialized training in a collaborative interdisciplinary environment.<\/strong><\/strong><\/p>\n\n\n\n<div style=\"height:20px\" aria-hidden=\"true\" class=\"wp-block-spacer\"><\/div>\n\n\n\n<p>INRS <a href=\"https:\/\/dev.inrs.ca\/les-etudes\/programmes-d-etudes\/repertoire-des-programmes-d-etudes\/\"><strong>graduate programs<\/strong><\/a> (in French only) are thematic and non-disciplinary. All programs are based on excellence and innovation. Whether you study in water or geosciences, energy and materials sciences, urban or population studies, virology and immunology, or applied microbiology, you will acquire the knowledge and skills you need to become one of the scientific leaders of tomorrow. <\/p>\n\n\n\n<div class=\"wp-block-columns is-layout-flex wp-container-core-columns-is-layout-1 wp-block-columns-is-layout-flex\">\n<div class=\"wp-block-column is-layout-flow wp-block-column-is-layout-flow\" style=\"flex-basis:60%\">\n<h2 class=\"wp-block-heading\">Graduate training<\/h2>\n\n\n\n<ul class=\"wp-block-list\"><li>Research-based Master\u2019s programs<\/li><li>Professional Master\u2019s programs<\/li><li>PhD programs with <a href=\"https:\/\/dev.inrs.ca\/en\/studies\/graduate-programs\/thesis-cotutelle\/\"><strong>cotutelle option<\/strong><\/a><\/li><li>Short programs<\/li><li><a href=\"https:\/\/dev.inrs.ca\/en\/studies\/graduate-programs\/custom-programs\/\"><strong>Custom programs<\/strong><\/a><\/li><li>Specialized graduate diploma<\/li><li><a href=\"https:\/\/dev.inrs.ca\/en\/studies\/graduate-programs\/dual-degree-programs\/\"><strong>Dual-degree programs<\/strong><\/a> with partner universities in various countries<\/li><\/ul>\n<\/div>\n\n\n\n<div class=\"wp-block-column is-layout-flow wp-block-column-is-layout-flow\" style=\"flex-basis:40%\">\n<blockquote class=\"wp-block-quote is-layout-flow wp-block-quote-is-layout-flow\"><p>Depending on the program you choose, you will be enrolled at one of our <a href=\"https:\/\/dev.inrs.ca\/en\/inrs\/research-centres\/\">four research and training centres<\/a> located in Quebec City, Montreal, Laval, and Varennes.<\/p><\/blockquote>\n<\/div>\n<\/div>\n\n\n<div class=\"content-page-list-ctn\">\n    <h4 class=\"title\"><\/h4>\n    <div class=\"featured-cta-ctn -trio\">\n                    <div class=\"item jsBlockLink\">\n                <div class=\"image\">\n                                            <img decoding=\"async\" src=\"https:\/\/dev.inrs.ca\/wp-content\/uploads\/2020\/09\/cheminements-bidiplomants-inrs-master-maitrise-doctorat-programme-etudes-600x400.jpeg\" alt=\"Dual-Degree Programs\">\n                                    <\/div>\n                <div class=\"info\">\n                    <a class=\"link\" href=\"\/en\/studies\/graduate-programs\/dual-degree-programs\/\">Dual-Degree Programs<\/a>\n                <\/div>\n            <\/div>\n                    <div class=\"item jsBlockLink\">\n                <div class=\"image\">\n                                            <img decoding=\"async\" src=\"https:\/\/dev.inrs.ca\/wp-content\/uploads\/2020\/06\/INRS-Recherche-a-l-international-600x400.png\" alt=\"Thesis Cotutelle\">\n                                    <\/div>\n                <div class=\"info\">\n                    <a class=\"link\" href=\"\/en\/studies\/graduate-programs\/thesis-cotutelle\/\">Thesis Cotutelle<\/a>\n                <\/div>\n            <\/div>\n                    <div class=\"item jsBlockLink\">\n                <div class=\"image\">\n                                            <img decoding=\"async\" src=\"https:\/\/dev.inrs.ca\/wp-content\/uploads\/2020\/08\/Etudes-inrs-en-science-sociales-600x400.jpg\" alt=\"Custom Programs\">\n                                    <\/div>\n                <div class=\"info\">\n                    <a class=\"link\" href=\"\/en\/studies\/graduate-programs\/custom-programs\/\">Custom Programs<\/a>\n                <\/div>\n            <\/div>\n            <\/div>\n<\/div>\n\n\n<div style=\"height:20px\" aria-hidden=\"true\" class=\"wp-block-spacer\"><\/div>\n\n\n\n<blockquote class=\"wp-block-quote is-layout-flow wp-block-quote-is-layout-flow\"><p>The choice of your research director will guide the subject of your work. <a href=\"https:\/\/dev.inrs.ca\/en\/studies\/find-my-path\/\" class=\"broken_link\">Find your path by answering 3 questions<\/a>.<\/p><\/blockquote>\n\n\n<div class=\"content-page-list-ctn\">\n    <h4 class=\"title\"><\/h4>\n    <div class=\"featured-cta-ctn -trio\">\n                    <div class=\"item jsBlockLink\">\n                <div class=\"image\">\n                                            <img decoding=\"async\" src=\"https:\/\/dev.inrs.ca\/wp-content\/uploads\/banniere-web-v1-1-600x400.jpg\" alt=\"Find a Master&#8217;s or PhD project\">\n                                    <\/div>\n                <div class=\"info\">\n                    <a class=\"link\" href=\"\/en\/studies\/masters-and-phd-projects\/find-a-masters-or-phd-project\/\">Find a Master&#8217;s or PhD project<\/a>\n                <\/div>\n            <\/div>\n                    <div class=\"item jsBlockLink\">\n                <div class=\"image\">\n                                            <img decoding=\"async\" src=\"https:\/\/dev.inrs.ca\/wp-content\/uploads\/2020\/07\/etudiant-trouver-directeur-recherche-inrs-philbernard-600x400.jpg\" alt=\"How to Find a Research Supervisor\">\n                                    <\/div>\n                <div class=\"info\">\n                    <a class=\"link\" href=\"\/en\/studies\/how-to-apply\/three-ways-to-find-a-research-supervisor\/\">How to Find a Research Supervisor<\/a>\n                <\/div>\n            <\/div>\n                    <div class=\"item jsBlockLink\">\n                <div class=\"image\">\n                                            <img decoding=\"async\" src=\"https:\/\/dev.inrs.ca\/wp-content\/uploads\/2020\/06\/contact-directeur-recherche-inrs-\u00e9tudiant-professeur-daniel-guay-600x400.jpg\" alt=\"Establishing a Good Relationship with Your Research Supervisor\">\n                                    <\/div>\n                <div class=\"info\">\n                    <a class=\"link\" href=\"\/en\/studies\/how-to-apply\/establishing-a-good-relationship-with-your-research-supervisor\/\">Establishing a Good Relationship with Your Research Supervisor<\/a>\n                <\/div>\n            <\/div>\n            <\/div>\n<\/div>\n\n<div class=\"content-page-list-ctn\">\n    <h4 class=\"title\"><\/h4>\n    <div class=\"featured-cta-ctn -trio\">\n                    <div class=\"item jsBlockLink\">\n                <div class=\"image\">\n                                            <img decoding=\"async\" src=\"https:\/\/dev.inrs.ca\/wp-content\/uploads\/2020\/09\/inrs-tedgieer-drinking-water-plant-600x400.jpg\" alt=\"Industry-Oriented Programs\">\n                                    <\/div>\n                <div class=\"info\">\n                    <a class=\"link\" href=\"\/en\/studies\/graduate-programs\/industry-oriented-programs\/\">Industry-Oriented Programs<\/a>\n                <\/div>\n            <\/div>\n                    <div class=\"item jsBlockLink\">\n                <div class=\"image\">\n                                            <img decoding=\"async\" src=\"https:\/\/dev.inrs.ca\/wp-content\/uploads\/Milad_Jasmin4-CIRSA-web-600x400.jpg\" alt=\"Continuing Education and Intensive Programs\">\n                                    <\/div>\n                <div class=\"info\">\n                    <a class=\"link\" href=\"\/en\/studies\/graduate-programs\/continuing-education-and-intensive-programs\/\">Continuing Education and Intensive Programs<\/a>\n                <\/div>\n            <\/div>\n                    <div class=\"item jsBlockLink\">\n                <div class=\"image\">\n                                            <img decoding=\"async\" src=\"https:\/\/dev.inrs.ca\/wp-content\/uploads\/2020\/06\/inrs-institut-national-recherche-scientifique-quebec-batiment-centre-eau-terre-environnement-600x400.jpg\" alt=\"Research Centres\">\n                                    <\/div>\n                <div class=\"info\">\n                    <a class=\"link\" href=\"\/en\/inrs\/research-centres\/\">Research Centres<\/a>\n                <\/div>\n            <\/div>\n            <\/div>\n<\/div>\n\n\n<figure class=\"wp-block-embed is-type-video is-provider-youtube wp-block-embed-youtube wp-embed-aspect-16-9 wp-has-aspect-ratio\"><div class=\"wp-block-embed__wrapper\">\nhttps:\/\/youtu.be\/rxBlMs5cj7M\n<\/div><\/figure>\n","protected":false},"excerpt":{"rendered":"<p>At INRS, you learn through research. As soon as you arrive, you\u2019ll be integrated into a research team, where you\u2019ll benefit from specialized training in a collaborative interdisciplinary environment.<\/p>\n","protected":false},"author":1,"featured_media":19137,"parent":20081,"menu_order":0,"comment_status":"closed","ping_status":"closed","template":"templates\/research-infrastructure.php","meta":{"_acf_changed":false,"footnotes":""},"page_type":[],"wf_page_folders":[19],"class_list":["post-20103","page","type-page","status-publish","has-post-thumbnail","hentry"],"acf":[],"yoast_head":"<!-- This site is optimized with the Yoast SEO Premium plugin v24.6 (Yoast SEO v24.6) - https:\/\/yoast.com\/wordpress\/plugins\/seo\/ -->\n<title>INRS | Graduate Programs | Future Students<\/title>\n<meta name=\"description\" content=\"At INRS, you learn through research. As soon as you arrive, you\u2019ll be integrated into a research team, where you\u2019ll benefit from specialized training in a collaborative interdisciplinary environment.\" \/>\n<meta name=\"robots\" content=\"noindex, follow, max-snippet:-1, max-image-preview:large, max-video-preview:-1\" \/>\n<meta property=\"og:locale\" content=\"en_US\" \/>\n<meta property=\"og:type\" content=\"article\" \/>\n<meta property=\"og:title\" content=\"INRS | Graduate Programs | Future Students\" \/>\n<meta property=\"og:description\" content=\"At INRS, you learn through research. As soon as you arrive, you\u2019ll be integrated into a research team, where you\u2019ll benefit from specialized training in a collaborative interdisciplinary environment.\" \/>\n<meta property=\"og:url\" content=\"https:\/\/dev.inrs.ca\/en\/studies\/graduate-programs\/\" \/>\n<meta property=\"og:site_name\" content=\"INRS\" \/>\n<meta property=\"article:publisher\" content=\"https:\/\/www.facebook.com\/inrsciences\/\" \/>\n<meta property=\"article:modified_time\" content=\"2021-09-01T15:14:03+00:00\" \/>\n<meta property=\"og:image\" content=\"https:\/\/dev.inrs.ca\/wp-content\/uploads\/2020\/08\/Maria-Eugenia-Long-professeure-et-ses-etudiants-inrs.jpg\" \/>\n\t<meta property=\"og:image:width\" content=\"2000\" \/>\n\t<meta property=\"og:image:height\" content=\"1333\" \/>\n\t<meta property=\"og:image:type\" content=\"image\/jpeg\" \/>\n<meta name=\"twitter:card\" content=\"summary_large_image\" \/>\n<meta name=\"twitter:site\" content=\"@inrsciences\" \/>\n<meta name=\"twitter:label1\" content=\"Est. reading time\" \/>\n\t<meta name=\"twitter:data1\" content=\"1 minute\" \/>\n<script type=\"application\/ld+json\" class=\"yoast-schema-graph\">{\"@context\":\"https:\/\/schema.org\",\"@graph\":[{\"@type\":\"WebPage\",\"@id\":\"https:\/\/dev.inrs.ca\/en\/studies\/graduate-programs\/\",\"url\":\"https:\/\/dev.inrs.ca\/en\/studies\/graduate-programs\/\",\"name\":\"INRS | Graduate Programs | Future Students\",\"isPartOf\":{\"@id\":\"https:\/\/dev.inrs.ca\/en\/#website\"},\"primaryImageOfPage\":{\"@id\":\"https:\/\/dev.inrs.ca\/en\/studies\/graduate-programs\/#primaryimage\"},\"image\":{\"@id\":\"https:\/\/dev.inrs.ca\/en\/studies\/graduate-programs\/#primaryimage\"},\"thumbnailUrl\":\"https:\/\/dev.inrs.ca\/wp-content\/uploads\/2020\/08\/Maria-Eugenia-Long-professeure-et-ses-etudiants-inrs.jpg\",\"datePublished\":\"2020-06-04T20:24:22+00:00\",\"dateModified\":\"2021-09-01T15:14:03+00:00\",\"description\":\"At INRS, you learn through research. As soon as you arrive, you\u2019ll be integrated into a research team, where you\u2019ll benefit from specialized training in a collaborative interdisciplinary environment.\",\"breadcrumb\":{\"@id\":\"https:\/\/dev.inrs.ca\/en\/studies\/graduate-programs\/#breadcrumb\"},\"inLanguage\":\"en-CA\",\"potentialAction\":[{\"@type\":\"ReadAction\",\"target\":[\"https:\/\/dev.inrs.ca\/en\/studies\/graduate-programs\/\"]}]},{\"@type\":\"ImageObject\",\"inLanguage\":\"en-CA\",\"@id\":\"https:\/\/dev.inrs.ca\/en\/studies\/graduate-programs\/#primaryimage\",\"url\":\"https:\/\/dev.inrs.ca\/wp-content\/uploads\/2020\/08\/Maria-Eugenia-Long-professeure-et-ses-etudiants-inrs.jpg\",\"contentUrl\":\"https:\/\/dev.inrs.ca\/wp-content\/uploads\/2020\/08\/Maria-Eugenia-Long-professeure-et-ses-etudiants-inrs.jpg\",\"width\":2000,\"height\":1333,\"caption\":\"\u00c9tudier au Centre Urbanisation Culture Soci\u00e9t\u00e9\"},{\"@type\":\"BreadcrumbList\",\"@id\":\"https:\/\/dev.inrs.ca\/en\/studies\/graduate-programs\/#breadcrumb\",\"itemListElement\":[{\"@type\":\"ListItem\",\"position\":1,\"name\":\"Studies\",\"item\":\"https:\/\/dev.inrs.ca\/les-etudes\/\"},{\"@type\":\"ListItem\",\"position\":2,\"name\":\"Graduate Programs\"}]},{\"@type\":\"WebSite\",\"@id\":\"https:\/\/dev.inrs.ca\/en\/#website\",\"url\":\"https:\/\/dev.inrs.ca\/en\/\",\"name\":\"INRS\",\"description\":\"Institut national de la recherche scientifique\",\"potentialAction\":[{\"@type\":\"SearchAction\",\"target\":{\"@type\":\"EntryPoint\",\"urlTemplate\":\"https:\/\/dev.inrs.ca\/en\/?s={search_term_string}\"},\"query-input\":{\"@type\":\"PropertyValueSpecification\",\"valueRequired\":true,\"valueName\":\"search_term_string\"}}],\"inLanguage\":\"en-CA\"}]}<\/script>\n<!-- \/ Yoast SEO Premium plugin. -->","yoast_head_json":{"title":"INRS | Graduate Programs | Future Students","description":"At INRS, you learn through research. As soon as you arrive, you\u2019ll be integrated into a research team, where you\u2019ll benefit from specialized training in a collaborative interdisciplinary environment.","robots":{"index":"noindex","follow":"follow","max-snippet":"max-snippet:-1","max-image-preview":"max-image-preview:large","max-video-preview":"max-video-preview:-1"},"og_locale":"en_US","og_type":"article","og_title":"INRS | Graduate Programs | Future Students","og_description":"At INRS, you learn through research. As soon as you arrive, you\u2019ll be integrated into a research team, where you\u2019ll benefit from specialized training in a collaborative interdisciplinary environment.","og_url":"https:\/\/dev.inrs.ca\/en\/studies\/graduate-programs\/","og_site_name":"INRS","article_publisher":"https:\/\/www.facebook.com\/inrsciences\/","article_modified_time":"2021-09-01T15:14:03+00:00","og_image":[{"width":2000,"height":1333,"url":"https:\/\/dev.inrs.ca\/wp-content\/uploads\/2020\/08\/Maria-Eugenia-Long-professeure-et-ses-etudiants-inrs.jpg","type":"image\/jpeg"}],"twitter_card":"summary_large_image","twitter_site":"@inrsciences","twitter_misc":{"Est. reading time":"1 minute"},"schema":{"@context":"https:\/\/schema.org","@graph":[{"@type":"WebPage","@id":"https:\/\/dev.inrs.ca\/en\/studies\/graduate-programs\/","url":"https:\/\/dev.inrs.ca\/en\/studies\/graduate-programs\/","name":"INRS | Graduate Programs | Future Students","isPartOf":{"@id":"https:\/\/dev.inrs.ca\/en\/#website"},"primaryImageOfPage":{"@id":"https:\/\/dev.inrs.ca\/en\/studies\/graduate-programs\/#primaryimage"},"image":{"@id":"https:\/\/dev.inrs.ca\/en\/studies\/graduate-programs\/#primaryimage"},"thumbnailUrl":"https:\/\/dev.inrs.ca\/wp-content\/uploads\/2020\/08\/Maria-Eugenia-Long-professeure-et-ses-etudiants-inrs.jpg","datePublished":"2020-06-04T20:24:22+00:00","dateModified":"2021-09-01T15:14:03+00:00","description":"At INRS, you learn through research. As soon as you arrive, you\u2019ll be integrated into a research team, where you\u2019ll benefit from specialized training in a collaborative interdisciplinary environment.","breadcrumb":{"@id":"https:\/\/dev.inrs.ca\/en\/studies\/graduate-programs\/#breadcrumb"},"inLanguage":"en-CA","potentialAction":[{"@type":"ReadAction","target":["https:\/\/dev.inrs.ca\/en\/studies\/graduate-programs\/"]}]},{"@type":"ImageObject","inLanguage":"en-CA","@id":"https:\/\/dev.inrs.ca\/en\/studies\/graduate-programs\/#primaryimage","url":"https:\/\/dev.inrs.ca\/wp-content\/uploads\/2020\/08\/Maria-Eugenia-Long-professeure-et-ses-etudiants-inrs.jpg","contentUrl":"https:\/\/dev.inrs.ca\/wp-content\/uploads\/2020\/08\/Maria-Eugenia-Long-professeure-et-ses-etudiants-inrs.jpg","width":2000,"height":1333,"caption":"\u00c9tudier au Centre Urbanisation Culture Soci\u00e9t\u00e9"},{"@type":"BreadcrumbList","@id":"https:\/\/dev.inrs.ca\/en\/studies\/graduate-programs\/#breadcrumb","itemListElement":[{"@type":"ListItem","position":1,"name":"Studies","item":"https:\/\/dev.inrs.ca\/les-etudes\/"},{"@type":"ListItem","position":2,"name":"Graduate Programs"}]},{"@type":"WebSite","@id":"https:\/\/dev.inrs.ca\/en\/#website","url":"https:\/\/dev.inrs.ca\/en\/","name":"INRS","description":"Institut national de la recherche scientifique","potentialAction":[{"@type":"SearchAction","target":{"@type":"EntryPoint","urlTemplate":"https:\/\/dev.inrs.ca\/en\/?s={search_term_string}"},"query-input":{"@type":"PropertyValueSpecification","valueRequired":true,"valueName":"search_term_string"}}],"inLanguage":"en-CA"}]}},"_links":{"self":[{"href":"https:\/\/dev.inrs.ca\/en\/wp-json\/wp\/v2\/pages\/20103","targetHints":{"allow":["GET"]}}],"collection":[{"href":"https:\/\/dev.inrs.ca\/en\/wp-json\/wp\/v2\/pages"}],"about":[{"href":"https:\/\/dev.inrs.ca\/en\/wp-json\/wp\/v2\/types\/page"}],"author":[{"embeddable":true,"href":"https:\/\/dev.inrs.ca\/en\/wp-json\/wp\/v2\/users\/1"}],"replies":[{"embeddable":true,"href":"https:\/\/dev.inrs.ca\/en\/wp-json\/wp\/v2\/comments?post=20103"}],"version-history":[{"count":5,"href":"https:\/\/dev.inrs.ca\/en\/wp-json\/wp\/v2\/pages\/20103\/revisions"}],"predecessor-version":[{"id":71881,"href":"https:\/\/dev.inrs.ca\/en\/wp-json\/wp\/v2\/pages\/20103\/revisions\/71881"}],"up":[{"embeddable":true,"href":"https:\/\/dev.inrs.ca\/en\/wp-json\/wp\/v2\/pages\/20081"}],"wp:featuredmedia":[{"embeddable":true,"href":"https:\/\/dev.inrs.ca\/en\/wp-json\/wp\/v2\/media\/19137"}],"wp:attachment":[{"href":"https:\/\/dev.inrs.ca\/en\/wp-json\/wp\/v2\/media?parent=20103"}],"wp:term":[{"taxonomy":"page_type","embeddable":true,"href":"https:\/\/dev.inrs.ca\/en\/wp-json\/wp\/v2\/page_type?post=20103"},{"taxonomy":"wf_page_folders","embeddable":true,"href":"https:\/\/dev.inrs.ca\/en\/wp-json\/wp\/v2\/wf_page_folders?post=20103"}],"curies":[{"name":"wp","href":"https:\/\/api.w.org\/{rel}","templated":true}]}}