{"id":20068,"date":"2020-08-31T15:58:20","date_gmt":"2020-08-31T15:58:20","guid":{"rendered":"https:\/\/dev.inrs.ca\/linrs\/newsroom\/evenements\/"},"modified":"2021-02-05T12:13:17","modified_gmt":"2021-02-05T17:13:17","slug":"evenements","status":"publish","type":"page","link":"https:\/\/dev.inrs.ca\/en\/inrs\/newsroom\/events\/","title":{"rendered":"Events"},"content":{"rendered":"","protected":false},"excerpt":{"rendered":"","protected":false},"author":1,"featured_media":0,"parent":20060,"menu_order":0,"comment_status":"closed","ping_status":"closed","template":"templates\/events.php","meta":{"_acf_changed":false,"footnotes":""},"page_type":[],"wf_page_folders":[45,70],"class_list":["post-20068","page","type-page","status-publish","hentry"],"acf":[],"yoast_head":"<!-- This site is optimized with the Yoast SEO Premium plugin v24.6 (Yoast SEO v24.6) - https:\/\/yoast.com\/wordpress\/plugins\/seo\/ -->\n<title>INRS | Events | Calendar<\/title>\n<meta name=\"description\" content=\"Consultez nos \u00e9v\u00e9nements : colloques, conf\u00e9rences, formations, soutenance de th\u00e8se,\" \/>\n<meta name=\"robots\" content=\"noindex, follow, max-snippet:-1, max-image-preview:large, max-video-preview:-1\" \/>\n<meta property=\"og:locale\" content=\"en_US\" \/>\n<meta property=\"og:type\" content=\"article\" \/>\n<meta property=\"og:title\" content=\"INRS | Events | Calendar\" \/>\n<meta property=\"og:description\" content=\"Consultez nos \u00e9v\u00e9nements : colloques, conf\u00e9rences, formations, soutenance de th\u00e8se,\" \/>\n<meta property=\"og:url\" content=\"https:\/\/dev.inrs.ca\/en\/inrs\/newsroom\/events\/\" \/>\n<meta property=\"og:site_name\" content=\"INRS\" \/>\n<meta property=\"article:publisher\" content=\"https:\/\/www.facebook.com\/inrsciences\/\" \/>\n<meta property=\"article:modified_time\" content=\"2021-02-05T17:13:17+00:00\" \/>\n<meta name=\"twitter:card\" content=\"summary_large_image\" \/>\n<meta name=\"twitter:site\" content=\"@inrsciences\" \/>\n<script type=\"application\/ld+json\" class=\"yoast-schema-graph\">{\"@context\":\"https:\/\/schema.org\",\"@graph\":[{\"@type\":\"WebPage\",\"@id\":\"https:\/\/dev.inrs.ca\/en\/inrs\/newsroom\/events\/\",\"url\":\"https:\/\/dev.inrs.ca\/en\/inrs\/newsroom\/events\/\",\"name\":\"INRS | Events | Calendar\",\"isPartOf\":{\"@id\":\"https:\/\/dev.inrs.ca\/en\/#website\"},\"datePublished\":\"2020-08-31T15:58:20+00:00\",\"dateModified\":\"2021-02-05T17:13:17+00:00\",\"description\":\"Consultez nos \u00e9v\u00e9nements : colloques, conf\u00e9rences, formations, soutenance de th\u00e8se,\",\"breadcrumb\":{\"@id\":\"https:\/\/dev.inrs.ca\/en\/inrs\/newsroom\/events\/#breadcrumb\"},\"inLanguage\":\"en-CA\",\"potentialAction\":[{\"@type\":\"ReadAction\",\"target\":[\"https:\/\/dev.inrs.ca\/en\/inrs\/newsroom\/events\/\"]}]},{\"@type\":\"BreadcrumbList\",\"@id\":\"https:\/\/dev.inrs.ca\/en\/inrs\/newsroom\/events\/#breadcrumb\",\"itemListElement\":[{\"@type\":\"ListItem\",\"position\":1,\"name\":\"INRS\",\"item\":\"https:\/\/dev.inrs.ca\/linrs\/\"},{\"@type\":\"ListItem\",\"position\":2,\"name\":\"Newsroom\",\"item\":\"https:\/\/dev.inrs.ca\/linrs\/salle-de-nouvelles\/\"},{\"@type\":\"ListItem\",\"position\":3,\"name\":\"Events\"}]},{\"@type\":\"WebSite\",\"@id\":\"https:\/\/dev.inrs.ca\/en\/#website\",\"url\":\"https:\/\/dev.inrs.ca\/en\/\",\"name\":\"INRS\",\"description\":\"Institut national de la recherche scientifique\",\"potentialAction\":[{\"@type\":\"SearchAction\",\"target\":{\"@type\":\"EntryPoint\",\"urlTemplate\":\"https:\/\/dev.inrs.ca\/en\/?s={search_term_string}\"},\"query-input\":{\"@type\":\"PropertyValueSpecification\",\"valueRequired\":true,\"valueName\":\"search_term_string\"}}],\"inLanguage\":\"en-CA\"}]}<\/script>\n<!-- \/ Yoast SEO Premium plugin. -->","yoast_head_json":{"title":"INRS | Events | Calendar","description":"Consultez nos \u00e9v\u00e9nements : colloques, conf\u00e9rences, formations, soutenance de th\u00e8se,","robots":{"index":"noindex","follow":"follow","max-snippet":"max-snippet:-1","max-image-preview":"max-image-preview:large","max-video-preview":"max-video-preview:-1"},"og_locale":"en_US","og_type":"article","og_title":"INRS | Events | Calendar","og_description":"Consultez nos \u00e9v\u00e9nements : colloques, conf\u00e9rences, formations, soutenance de th\u00e8se,","og_url":"https:\/\/dev.inrs.ca\/en\/inrs\/newsroom\/events\/","og_site_name":"INRS","article_publisher":"https:\/\/www.facebook.com\/inrsciences\/","article_modified_time":"2021-02-05T17:13:17+00:00","twitter_card":"summary_large_image","twitter_site":"@inrsciences","schema":{"@context":"https:\/\/schema.org","@graph":[{"@type":"WebPage","@id":"https:\/\/dev.inrs.ca\/en\/inrs\/newsroom\/events\/","url":"https:\/\/dev.inrs.ca\/en\/inrs\/newsroom\/events\/","name":"INRS | Events | Calendar","isPartOf":{"@id":"https:\/\/dev.inrs.ca\/en\/#website"},"datePublished":"2020-08-31T15:58:20+00:00","dateModified":"2021-02-05T17:13:17+00:00","description":"Consultez nos \u00e9v\u00e9nements : colloques, conf\u00e9rences, formations, soutenance de th\u00e8se,","breadcrumb":{"@id":"https:\/\/dev.inrs.ca\/en\/inrs\/newsroom\/events\/#breadcrumb"},"inLanguage":"en-CA","potentialAction":[{"@type":"ReadAction","target":["https:\/\/dev.inrs.ca\/en\/inrs\/newsroom\/events\/"]}]},{"@type":"BreadcrumbList","@id":"https:\/\/dev.inrs.ca\/en\/inrs\/newsroom\/events\/#breadcrumb","itemListElement":[{"@type":"ListItem","position":1,"name":"INRS","item":"https:\/\/dev.inrs.ca\/linrs\/"},{"@type":"ListItem","position":2,"name":"Newsroom","item":"https:\/\/dev.inrs.ca\/linrs\/salle-de-nouvelles\/"},{"@type":"ListItem","position":3,"name":"Events"}]},{"@type":"WebSite","@id":"https:\/\/dev.inrs.ca\/en\/#website","url":"https:\/\/dev.inrs.ca\/en\/","name":"INRS","description":"Institut national de la recherche scientifique","potentialAction":[{"@type":"SearchAction","target":{"@type":"EntryPoint","urlTemplate":"https:\/\/dev.inrs.ca\/en\/?s={search_term_string}"},"query-input":{"@type":"PropertyValueSpecification","valueRequired":true,"valueName":"search_term_string"}}],"inLanguage":"en-CA"}]}},"_links":{"self":[{"href":"https:\/\/dev.inrs.ca\/en\/wp-json\/wp\/v2\/pages\/20068","targetHints":{"allow":["GET"]}}],"collection":[{"href":"https:\/\/dev.inrs.ca\/en\/wp-json\/wp\/v2\/pages"}],"about":[{"href":"https:\/\/dev.inrs.ca\/en\/wp-json\/wp\/v2\/types\/page"}],"author":[{"embeddable":true,"href":"https:\/\/dev.inrs.ca\/en\/wp-json\/wp\/v2\/users\/1"}],"replies":[{"embeddable":true,"href":"https:\/\/dev.inrs.ca\/en\/wp-json\/wp\/v2\/comments?post=20068"}],"version-history":[{"count":2,"href":"https:\/\/dev.inrs.ca\/en\/wp-json\/wp\/v2\/pages\/20068\/revisions"}],"predecessor-version":[{"id":20070,"href":"https:\/\/dev.inrs.ca\/en\/wp-json\/wp\/v2\/pages\/20068\/revisions\/20070"}],"up":[{"embeddable":true,"href":"https:\/\/dev.inrs.ca\/en\/wp-json\/wp\/v2\/pages\/20060"}],"wp:attachment":[{"href":"https:\/\/dev.inrs.ca\/en\/wp-json\/wp\/v2\/media?parent=20068"}],"wp:term":[{"taxonomy":"page_type","embeddable":true,"href":"https:\/\/dev.inrs.ca\/en\/wp-json\/wp\/v2\/page_type?post=20068"},{"taxonomy":"wf_page_folders","embeddable":true,"href":"https:\/\/dev.inrs.ca\/en\/wp-json\/wp\/v2\/wf_page_folders?post=20068"}],"curies":[{"name":"wp","href":"https:\/\/api.w.org\/{rel}","templated":true}]}}