{"id":20027,"date":"2020-08-30T23:02:04","date_gmt":"2020-08-30T23:02:04","guid":{"rendered":"https:\/\/dev.inrs.ca\/?page_id=20027"},"modified":"2021-10-06T16:10:20","modified_gmt":"2021-10-06T20:10:20","slug":"undergarduate-summer-research-internships","status":"publish","type":"page","link":"https:\/\/dev.inrs.ca\/en\/studies\/research-internships\/undergraduate-summer-research-internships\/","title":{"rendered":"Undergraduate Summer Research Internships"},"content":{"rendered":"\n<p class=\"has-large-font-size\"><strong>Our undergraduate summer internships allow you to discover the world of research. You will put your knowledge into practice. You will participate in innovative and exciting research projects within an interdisciplinary team.<\/strong><\/p>\n\n\n\n<p class=\"has-text-align-left\">Our undergraduate summer research internships are intended for students who have completed at least one year of study in an undergraduate natural sciences, engineering, health sciences, or social sciences program.<\/p>\n\n\n\n<div style=\"height:20px\" aria-hidden=\"true\" class=\"wp-block-spacer\"><\/div>\n\n\n\n<h3 class=\"has-text-align-left wp-block-heading\">Research eligible fields<\/h3>\n\n\n\n<div class=\"wp-block-media-text alignwide is-stacked-on-mobile is-vertically-aligned-top is-image-fill has-background\" style=\"background:linear-gradient(26deg,rgb(239,239,239) 1%,rgb(229,229,229) 100%);grid-template-columns:38% auto\"><figure class=\"wp-block-media-text__media\" style=\"background-image:url(https:\/\/dev.inrs.ca\/wp-content\/uploads\/Umiujaq-Credit-Felix-Antoine-Comeau-3-1024x683.jpg);background-position:50% 50%\"><img loading=\"lazy\" decoding=\"async\" width=\"1024\" height=\"683\" src=\"https:\/\/dev.inrs.ca\/wp-content\/uploads\/Umiujaq-Credit-Felix-Antoine-Comeau-3-1024x683.jpg\" alt=\"\" class=\"wp-image-76258 size-full\" srcset=\"https:\/\/dev.inrs.ca\/wp-content\/uploads\/Umiujaq-Credit-Felix-Antoine-Comeau-3-1024x683.jpg 1024w, https:\/\/dev.inrs.ca\/wp-content\/uploads\/Umiujaq-Credit-Felix-Antoine-Comeau-3-300x200.jpg 300w, https:\/\/dev.inrs.ca\/wp-content\/uploads\/Umiujaq-Credit-Felix-Antoine-Comeau-3-768x512.jpg 768w, https:\/\/dev.inrs.ca\/wp-content\/uploads\/Umiujaq-Credit-Felix-Antoine-Comeau-3-600x400.jpg 600w, https:\/\/dev.inrs.ca\/wp-content\/uploads\/Umiujaq-Credit-Felix-Antoine-Comeau-3.jpg 1440w\" sizes=\"auto, (max-width: 1024px) 100vw, 1024px\" \/><\/figure><div class=\"wp-block-media-text__content\">\n<h4 class=\"wp-block-heading\"><br>Environmental science and geoscience<\/h4>\n\n\n\n<p class=\"is-style-default\">Agronomy, biology, chemistry, ecology, engineering (aerospace, civil, chemical, water, geological, computer, mechanical, physical), physical geography, geology, geomatics, information technology, mathematics, physics, statistics.<\/p>\n\n\n\n<p class=\"is-style-default has-small-font-size\">Internships take place at <a href=\"https:\/\/dev.inrs.ca\/en\/inrs\/research-centres\/eau-terre-environnement-research-centre\/\">Eau Terre Environnement Research Centre<\/a> (Qu\u00e9bec).<\/p>\n\n\n\n<p><\/p>\n<\/div><\/div>\n\n\n\n<div style=\"height:40px\" aria-hidden=\"true\" class=\"wp-block-spacer\"><\/div>\n\n\n\n<div class=\"wp-block-media-text alignwide is-stacked-on-mobile is-vertically-aligned-top is-image-fill has-background\" style=\"background:linear-gradient(26deg,rgb(239,239,239) 0%,rgb(229,229,229) 100%);grid-template-columns:38% auto\"><figure class=\"wp-block-media-text__media\" style=\"background-image:url(https:\/\/dev.inrs.ca\/wp-content\/uploads\/visite_ecole_secondaire_le_carrefour_3-1024x768.jpeg);background-position:80% 100%\"><img loading=\"lazy\" decoding=\"async\" width=\"1024\" height=\"768\" src=\"https:\/\/dev.inrs.ca\/wp-content\/uploads\/visite_ecole_secondaire_le_carrefour_3-1024x768.jpeg\" alt=\"\" class=\"wp-image-76261 size-full\" srcset=\"https:\/\/dev.inrs.ca\/wp-content\/uploads\/visite_ecole_secondaire_le_carrefour_3-1024x768.jpeg 1024w, https:\/\/dev.inrs.ca\/wp-content\/uploads\/visite_ecole_secondaire_le_carrefour_3-300x225.jpeg 300w, https:\/\/dev.inrs.ca\/wp-content\/uploads\/visite_ecole_secondaire_le_carrefour_3-768x576.jpeg 768w, https:\/\/dev.inrs.ca\/wp-content\/uploads\/visite_ecole_secondaire_le_carrefour_3-1536x1152.jpeg 1536w, https:\/\/dev.inrs.ca\/wp-content\/uploads\/visite_ecole_secondaire_le_carrefour_3-2048x1536.jpeg 2048w\" sizes=\"auto, (max-width: 1024px) 100vw, 1024px\" \/><\/figure><div class=\"wp-block-media-text__content\">\n<h4 class=\"wp-block-heading\"><br>Advanced technology<\/h4>\n\n\n\n<p class=\"is-style-default\">Physics and physical engineering, chemistry, chemical engineering, electrical engineering, computer engineering, optics and photonics, material sciences and engineering, mathematics, and applied mathematics.<\/p>\n\n\n\n<p class=\"is-style-default has-small-font-size\">Internships take place at <a href=\"https:\/\/dev.inrs.ca\/en\/inrs\/research-centres\/energie-materiaux-telecommunications-research-centre\/\">\u00c9nergie Mat\u00e9riaux T\u00e9l\u00e9communications Research Centre<\/a> (Varennes and Montreal).<\/p>\n\n\n\n<p><\/p>\n<\/div><\/div>\n\n\n\n<div style=\"height:40px\" aria-hidden=\"true\" class=\"wp-block-spacer\"><\/div>\n\n\n\n<div class=\"wp-block-media-text alignwide is-stacked-on-mobile is-vertically-aligned-top is-image-fill has-background\" style=\"background:linear-gradient(26deg,rgb(239,239,239) 0%,rgb(229,229,229) 100%);grid-template-columns:38% auto\"><figure class=\"wp-block-media-text__media\" style=\"background-image:url(https:\/\/dev.inrs.ca\/wp-content\/uploads\/Etudes-inrs-mentorat-etudiants-programme-apprentis.jpg);background-position:39% 100%\"><img loading=\"lazy\" decoding=\"async\" width=\"1000\" height=\"666\" src=\"https:\/\/dev.inrs.ca\/wp-content\/uploads\/Etudes-inrs-mentorat-etudiants-programme-apprentis.jpg\" alt=\"\" class=\"wp-image-76263 size-full\" srcset=\"https:\/\/dev.inrs.ca\/wp-content\/uploads\/Etudes-inrs-mentorat-etudiants-programme-apprentis.jpg 1000w, https:\/\/dev.inrs.ca\/wp-content\/uploads\/Etudes-inrs-mentorat-etudiants-programme-apprentis-300x200.jpg 300w, https:\/\/dev.inrs.ca\/wp-content\/uploads\/Etudes-inrs-mentorat-etudiants-programme-apprentis-768x511.jpg 768w, https:\/\/dev.inrs.ca\/wp-content\/uploads\/Etudes-inrs-mentorat-etudiants-programme-apprentis-600x400.jpg 600w\" sizes=\"auto, (max-width: 1000px) 100vw, 1000px\" \/><\/figure><div class=\"wp-block-media-text__content\">\n<h4 class=\"wp-block-heading\"><br>Health sciences<\/h4>\n\n\n\n<p class=\"is-style-default\">Bacteriology, biochemistry, biology, cellular biology , molecular biology, biotechnology, chemistry, analytical chemistry, pharmaceutical chemistry, entomology, epidemiology, immunology, veterinary microbiology, neurobiology, parasitology, pharmacology, food safety, animal health, food sciences, toxicology, virology.<\/p>\n\n\n\n<p class=\"is-style-default has-small-font-size\">Internships take place at <a href=\"https:\/\/dev.inrs.ca\/en\/inrs\/research-centres\/energie-materiaux-telecommunications-research-centre\/\">Armand-Frappier Sant\u00e9 Biotechnologie Research Centre<\/a> (Laval).<\/p>\n\n\n\n<p><\/p>\n<\/div><\/div>\n\n\n\n<div style=\"height:40px\" aria-hidden=\"true\" class=\"wp-block-spacer\"><\/div>\n\n\n\n<div class=\"wp-block-media-text alignwide is-stacked-on-mobile is-vertically-aligned-top is-image-fill has-background\" style=\"background:linear-gradient(26deg,rgb(239,239,239) 0%,rgb(229,229,229) 100%);grid-template-columns:37% auto\"><figure class=\"wp-block-media-text__media\" style=\"background-image:url(https:\/\/dev.inrs.ca\/wp-content\/uploads\/maria-eugenia-longo-inrs-professeure-jeunesse-1-1024x683.jpg);background-position:50% 50%\"><img loading=\"lazy\" decoding=\"async\" width=\"1024\" height=\"683\" src=\"https:\/\/dev.inrs.ca\/wp-content\/uploads\/maria-eugenia-longo-inrs-professeure-jeunesse-1-1024x683.jpg\" alt=\"\" class=\"wp-image-76264 size-full\" srcset=\"https:\/\/dev.inrs.ca\/wp-content\/uploads\/maria-eugenia-longo-inrs-professeure-jeunesse-1-1024x683.jpg 1024w, https:\/\/dev.inrs.ca\/wp-content\/uploads\/maria-eugenia-longo-inrs-professeure-jeunesse-1-300x200.jpg 300w, https:\/\/dev.inrs.ca\/wp-content\/uploads\/maria-eugenia-longo-inrs-professeure-jeunesse-1-768x512.jpg 768w, https:\/\/dev.inrs.ca\/wp-content\/uploads\/maria-eugenia-longo-inrs-professeure-jeunesse-1-600x400.jpg 600w, https:\/\/dev.inrs.ca\/wp-content\/uploads\/maria-eugenia-longo-inrs-professeure-jeunesse-1.jpg 1200w\" sizes=\"auto, (max-width: 1024px) 100vw, 1024px\" \/><\/figure><div class=\"wp-block-media-text__content\">\n<h4 class=\"wp-block-heading\"><br>Social sciences<\/h4>\n\n\n\n<p class=\"is-style-default\">Anthropology, communication, economy, geography, history, information studies, political science, population studies, Quebec studies, sociology, urban studies.<\/p>\n\n\n\n<p class=\"is-style-default has-small-font-size\">Internships take place at <a href=\"https:\/\/dev.inrs.ca\/en\/inrs\/research-centres\/urbanisation-culture-societe-research-centre\/\">Urbanisation Culture Soci\u00e9t\u00e9 Research Centre<\/a> (Quebec City and Montreal).<\/p>\n\n\n\n<p><\/p>\n<\/div><\/div>\n\n\n\n<div style=\"height:20px\" aria-hidden=\"true\" class=\"wp-block-spacer\"><\/div>\n\n\n\n<h2 class=\"wp-block-heading\">General Information<\/h2>\n\n\n\n<h3 class=\"wp-block-heading\"><br>Lenght of internship<\/h3>\n\n\n\n<p>10 to 16 weeks<\/p>\n\n\n\n<h3 class=\"wp-block-heading\"><br>Funding<\/h3>\n\n\n\n<p>Summer interns are<strong> paid a salary.<\/strong><\/p>\n\n\n\n<p>Some interns will be eligible for one or more of the following scholarship programs (in French): <a href=\"https:\/\/dev.inrs.ca\/les-etudes\/bourses-d-etudes\/repertoire-des-bourses-d-etudes\/bourses-dexcellence-pour-les-stages-de-1er-cycle-en-recherche-de-linrs\/\">INRS<\/a>, <a href=\"https:\/\/dev.inrs.ca\/les-etudes\/bourses-d-etudes\/repertoire-des-bourses-d-etudes\/bourses-de-recherche-du-conseil-de-recherches-en-sciences-naturelles-et-en-genie-stage-de-1er-cycle\/\">NSERC<\/a>, <a href=\"https:\/\/dev.inrs.ca\/les-etudes\/bourses-d-etudes\/repertoire-des-bourses-d-etudes\/bourses-de-la-fondation-armand-frappier-stages-dete-de-1er-cycle\/\" class=\"broken_link\">Armand-Frappier Foundation<\/a>, <a href=\"https:\/\/dev.inrs.ca\/les-etudes\/bourses-d-etudes\/repertoire-des-bourses-d-etudes\/bourses-urbanisation-culture-societe\/\" target=\"_blank\" rel=\"noreferrer noopener\">Urbanisation Culture Soci\u00e9t\u00e9<\/a>.<\/p>\n\n\n\n    \n    <div class=\"content-slider-ctn\">\n        <!-- Slider main container -->\n        <div class=\"swiper-container\">\n            <!-- Additional required wrapper -->\n            <div class=\"swiper-wrapper\">\n\n                <!-- Slides -->\n                                    <div class=\"swiper-slide slide-img\">\n                        <img decoding=\"async\" src=\"https:\/\/dev.inrs.ca\/wp-content\/uploads\/2020\/08\/Etudier-en-sante-et-biotechnologie-inrs-resize-1000x780.jpg\" alt=\"\">\n                                            <\/div>   \n                                    <div class=\"swiper-slide slide-img\">\n                        <img decoding=\"async\" src=\"https:\/\/dev.inrs.ca\/wp-content\/uploads\/Etudes-Maitrise-Sciences-Terre-Geoingenierie-Environnement-INRS-UnivRennes.jpg\" alt=\"\">\n                                            <\/div>   \n                                    <div class=\"swiper-slide slide-img\">\n                        <img decoding=\"async\" src=\"https:\/\/dev.inrs.ca\/wp-content\/uploads\/2020\/05\/Etudes-Maitrise-sciences-de-leau-inrs.jpg\" alt=\"\">\n                                            <\/div>   \n                                    <div class=\"swiper-slide slide-img\">\n                        <img decoding=\"async\" src=\"https:\/\/dev.inrs.ca\/wp-content\/uploads\/2020\/05\/Etudes-Maitrise-Mobilisation-Transfert-Connaissances-inrs-2.jpg\" alt=\"\">\n                                            <\/div>   \n                                    <div class=\"swiper-slide slide-img\">\n                        <img decoding=\"async\" src=\"https:\/\/dev.inrs.ca\/wp-content\/uploads\/2020\/08\/Etudes-Stages-Postdoctoraux-INRS.jpg\" alt=\"\">\n                                            <\/div>   \n                                    <div class=\"swiper-slide slide-img\">\n                        <img decoding=\"async\" src=\"https:\/\/dev.inrs.ca\/wp-content\/uploads\/2021\/01\/INRS_3228_Web-1200x780.jpg\" alt=\"\">\n                                            <\/div>   \n                                    <div class=\"swiper-slide slide-img\">\n                        <img decoding=\"async\" src=\"https:\/\/dev.inrs.ca\/wp-content\/uploads\/2020\/05\/Etudes-maitrise-professionnelle-science-eau-inrs.jpg\" alt=\"\">\n                                            <\/div>   \n                                    <div class=\"swiper-slide slide-img\">\n                        <img decoding=\"async\" src=\"https:\/\/dev.inrs.ca\/wp-content\/uploads\/2020\/07\/etudier-energie-materiaux-telecommunications-INRS-PlaceBonaventure_laetitiaphotographe-0483-1200x780.jpg\" alt=\"\">\n                                            <\/div>   \n                                    <div class=\"swiper-slide slide-img\">\n                        <img decoding=\"async\" src=\"https:\/\/dev.inrs.ca\/wp-content\/uploads\/2020\/08\/Nicole-Gallant-professeure-avec-ses-etudiants-inrs-1200x780.jpg\" alt=\"\">\n                                            <\/div>   \n                                    <div class=\"swiper-slide slide-img\">\n                        <img decoding=\"async\" src=\"https:\/\/dev.inrs.ca\/wp-content\/uploads\/2020\/09\/Delbes__0123-1200x780.jpg\" alt=\"\">\n                                            <\/div>   \n                                    <div class=\"swiper-slide slide-img\">\n                        <img decoding=\"async\" src=\"https:\/\/dev.inrs.ca\/wp-content\/uploads\/2020\/07\/etudier-materiaux-LMN-INRS.jpg\" alt=\"\">\n                                            <\/div>   \n                                    <div class=\"swiper-slide slide-img\">\n                        <img decoding=\"async\" src=\"https:\/\/dev.inrs.ca\/wp-content\/uploads\/2020\/05\/Etudes-Maitrise-sciences-energie-materiaux-inrs.jpg\" alt=\"\">\n                                            <\/div>   \n                                    <div class=\"swiper-slide slide-img\">\n                        <img decoding=\"async\" src=\"https:\/\/dev.inrs.ca\/wp-content\/uploads\/2020\/07\/programme-perswade-inrs-communications-sans-fil-industrie-telecommunications.jpg\" alt=\"\">\n                                            <\/div>   \n                            <\/div>\n            <div class=\"navigation-ctn\">\n                <div class=\"swiper-button-prev\"><\/div>\n                <div class=\"swiper-button-next\"><\/div>\n            <\/div>\n        <\/div>\n    <\/div>\n\n\n\n<blockquote class=\"wp-block-quote is-layout-flow wp-block-quote-is-layout-flow\"><p>An undergraduate summer research internship is a unique opportunity to discover whether the world of research is for you!<\/p><\/blockquote>\n\n\n\n<h3 class=\"wp-block-heading\"><br>Eligibility requirements<\/h3>\n\n\n\n<ol class=\"wp-block-list\"><li>Completion of at least one year of study in an undergraduate program prior to the start of the natural science, engineering, health science, or social science internship.<\/li><li>An academic record that would allow you to be accepted into graduate school at a Quebec university. A cumulative grade point average of at least 3.2 out of 4.3 or equivalent is usually required.<\/li><\/ol>\n\n\n\n<h3 class=\"wp-block-heading\">Documents required<\/h3>\n\n\n\n<p>You can submit your application using the online form. Please attach the following documents:<\/p>\n\n\n\n<ol class=\"wp-block-list\"><li>A letter of intent mentioning the work, courses, and\/or experiences motivating you to join a research team at the INRS centre where you want to do your summer internship<\/li><li>Your resume<\/li><li>Your official, up-to-date transcript for the university terms you have completed If your transcript does not include the winter 2021 term, proof of enrollment is required for that term.<\/li><\/ol>\n\n\n\n<h3 class=\"wp-block-heading\"><br>Questions<\/h3>\n\n\n\n<p>For any administrative questions related to the 2022 undergraduate summer research internship, contact <strong>Joanie Lavoie <\/strong>at <a href=\"mailto:joanie.lavoie@dev.inrs.ca\">joanie.lavoie@dev.inrs.ca<\/a>.<br><\/p>\n\n\n\n<div style=\"height:20px\" aria-hidden=\"true\" class=\"wp-block-spacer\"><\/div>\n","protected":false},"excerpt":{"rendered":"<p>Our undergraduate summer research internships are intended for students who have completed at least one year of study in an undergraduate natural sciences, engineering, health sciences, or social sciences program.<\/p>\n","protected":false},"author":3,"featured_media":76797,"parent":20025,"menu_order":0,"comment_status":"closed","ping_status":"closed","template":"templates\/research-infrastructure.php","meta":{"_acf_changed":false,"footnotes":""},"page_type":[],"wf_page_folders":[19],"class_list":["post-20027","page","type-page","status-publish","has-post-thumbnail","hentry"],"acf":[],"yoast_head":"<!-- This site is optimized with the Yoast SEO Premium plugin v24.6 (Yoast SEO v24.6) - https:\/\/yoast.com\/wordpress\/plugins\/seo\/ -->\n<title>Undergraduate Summer Research Internships | Studies | INRS<\/title>\n<meta name=\"description\" content=\"Our undergraduate summer research internships are intended for students who have completed at least one year of study in an undergraduate natural sciences, engineering, health sciences, or social sciences program.\" \/>\n<meta name=\"robots\" content=\"noindex, follow, max-snippet:-1, max-image-preview:large, max-video-preview:-1\" \/>\n<meta property=\"og:locale\" content=\"en_US\" \/>\n<meta property=\"og:type\" content=\"article\" \/>\n<meta property=\"og:title\" content=\"Undergraduate Summer Research Internships | Studies | INRS\" \/>\n<meta property=\"og:description\" content=\"Our undergraduate summer research internships are intended for students who have completed at least one year of study in an undergraduate natural sciences, engineering, health sciences, or social sciences program.\" \/>\n<meta property=\"og:url\" content=\"https:\/\/dev.inrs.ca\/en\/studies\/research-internships\/undergraduate-summer-research-internships\/\" \/>\n<meta property=\"og:site_name\" content=\"INRS\" \/>\n<meta property=\"article:publisher\" content=\"https:\/\/www.facebook.com\/inrsciences\/\" \/>\n<meta property=\"article:modified_time\" content=\"2021-10-06T20:10:20+00:00\" \/>\n<meta property=\"og:image\" content=\"https:\/\/dev.inrs.ca\/wp-content\/uploads\/visuel-inrs-stages.png\" \/>\n\t<meta property=\"og:image:width\" content=\"1200\" \/>\n\t<meta property=\"og:image:height\" content=\"628\" \/>\n\t<meta property=\"og:image:type\" content=\"image\/png\" \/>\n<meta name=\"twitter:card\" content=\"summary_large_image\" \/>\n<meta name=\"twitter:site\" content=\"@inrsciences\" \/>\n<meta name=\"twitter:label1\" content=\"Est. reading time\" \/>\n\t<meta name=\"twitter:data1\" content=\"2 minutes\" \/>\n<script type=\"application\/ld+json\" class=\"yoast-schema-graph\">{\"@context\":\"https:\/\/schema.org\",\"@graph\":[{\"@type\":\"WebPage\",\"@id\":\"https:\/\/dev.inrs.ca\/en\/studies\/research-internships\/undergraduate-summer-research-internships\/\",\"url\":\"https:\/\/dev.inrs.ca\/en\/studies\/research-internships\/undergraduate-summer-research-internships\/\",\"name\":\"Undergraduate Summer Research Internships | Studies | INRS\",\"isPartOf\":{\"@id\":\"https:\/\/dev.inrs.ca\/en\/#website\"},\"primaryImageOfPage\":{\"@id\":\"https:\/\/dev.inrs.ca\/en\/studies\/research-internships\/undergraduate-summer-research-internships\/#primaryimage\"},\"image\":{\"@id\":\"https:\/\/dev.inrs.ca\/en\/studies\/research-internships\/undergraduate-summer-research-internships\/#primaryimage\"},\"thumbnailUrl\":\"https:\/\/dev.inrs.ca\/wp-content\/uploads\/visuel-inrs-stages.png\",\"datePublished\":\"2020-08-30T23:02:04+00:00\",\"dateModified\":\"2021-10-06T20:10:20+00:00\",\"description\":\"Our undergraduate summer research internships are intended for students who have completed at least one year of study in an undergraduate natural sciences, engineering, health sciences, or social sciences program.\",\"breadcrumb\":{\"@id\":\"https:\/\/dev.inrs.ca\/en\/studies\/research-internships\/undergraduate-summer-research-internships\/#breadcrumb\"},\"inLanguage\":\"en-CA\",\"potentialAction\":[{\"@type\":\"ReadAction\",\"target\":[\"https:\/\/dev.inrs.ca\/en\/studies\/research-internships\/undergraduate-summer-research-internships\/\"]}]},{\"@type\":\"ImageObject\",\"inLanguage\":\"en-CA\",\"@id\":\"https:\/\/dev.inrs.ca\/en\/studies\/research-internships\/undergraduate-summer-research-internships\/#primaryimage\",\"url\":\"https:\/\/dev.inrs.ca\/wp-content\/uploads\/visuel-inrs-stages.png\",\"contentUrl\":\"https:\/\/dev.inrs.ca\/wp-content\/uploads\/visuel-inrs-stages.png\",\"width\":1200,\"height\":628},{\"@type\":\"BreadcrumbList\",\"@id\":\"https:\/\/dev.inrs.ca\/en\/studies\/research-internships\/undergraduate-summer-research-internships\/#breadcrumb\",\"itemListElement\":[{\"@type\":\"ListItem\",\"position\":1,\"name\":\"Studies\",\"item\":\"https:\/\/dev.inrs.ca\/les-etudes\/\"},{\"@type\":\"ListItem\",\"position\":2,\"name\":\"Research Internships\",\"item\":\"https:\/\/dev.inrs.ca\/les-etudes\/stages-en-recherche\/\"},{\"@type\":\"ListItem\",\"position\":3,\"name\":\"Undergraduate Summer Research Internships\"}]},{\"@type\":\"WebSite\",\"@id\":\"https:\/\/dev.inrs.ca\/en\/#website\",\"url\":\"https:\/\/dev.inrs.ca\/en\/\",\"name\":\"INRS\",\"description\":\"Institut national de la recherche scientifique\",\"potentialAction\":[{\"@type\":\"SearchAction\",\"target\":{\"@type\":\"EntryPoint\",\"urlTemplate\":\"https:\/\/dev.inrs.ca\/en\/?s={search_term_string}\"},\"query-input\":{\"@type\":\"PropertyValueSpecification\",\"valueRequired\":true,\"valueName\":\"search_term_string\"}}],\"inLanguage\":\"en-CA\"}]}<\/script>\n<!-- \/ Yoast SEO Premium plugin. -->","yoast_head_json":{"title":"Undergraduate Summer Research Internships | Studies | INRS","description":"Our undergraduate summer research internships are intended for students who have completed at least one year of study in an undergraduate natural sciences, engineering, health sciences, or social sciences program.","robots":{"index":"noindex","follow":"follow","max-snippet":"max-snippet:-1","max-image-preview":"max-image-preview:large","max-video-preview":"max-video-preview:-1"},"og_locale":"en_US","og_type":"article","og_title":"Undergraduate Summer Research Internships | Studies | INRS","og_description":"Our undergraduate summer research internships are intended for students who have completed at least one year of study in an undergraduate natural sciences, engineering, health sciences, or social sciences program.","og_url":"https:\/\/dev.inrs.ca\/en\/studies\/research-internships\/undergraduate-summer-research-internships\/","og_site_name":"INRS","article_publisher":"https:\/\/www.facebook.com\/inrsciences\/","article_modified_time":"2021-10-06T20:10:20+00:00","og_image":[{"width":1200,"height":628,"url":"https:\/\/dev.inrs.ca\/wp-content\/uploads\/visuel-inrs-stages.png","type":"image\/png"}],"twitter_card":"summary_large_image","twitter_site":"@inrsciences","twitter_misc":{"Est. reading time":"2 minutes"},"schema":{"@context":"https:\/\/schema.org","@graph":[{"@type":"WebPage","@id":"https:\/\/dev.inrs.ca\/en\/studies\/research-internships\/undergraduate-summer-research-internships\/","url":"https:\/\/dev.inrs.ca\/en\/studies\/research-internships\/undergraduate-summer-research-internships\/","name":"Undergraduate Summer Research Internships | Studies | INRS","isPartOf":{"@id":"https:\/\/dev.inrs.ca\/en\/#website"},"primaryImageOfPage":{"@id":"https:\/\/dev.inrs.ca\/en\/studies\/research-internships\/undergraduate-summer-research-internships\/#primaryimage"},"image":{"@id":"https:\/\/dev.inrs.ca\/en\/studies\/research-internships\/undergraduate-summer-research-internships\/#primaryimage"},"thumbnailUrl":"https:\/\/dev.inrs.ca\/wp-content\/uploads\/visuel-inrs-stages.png","datePublished":"2020-08-30T23:02:04+00:00","dateModified":"2021-10-06T20:10:20+00:00","description":"Our undergraduate summer research internships are intended for students who have completed at least one year of study in an undergraduate natural sciences, engineering, health sciences, or social sciences program.","breadcrumb":{"@id":"https:\/\/dev.inrs.ca\/en\/studies\/research-internships\/undergraduate-summer-research-internships\/#breadcrumb"},"inLanguage":"en-CA","potentialAction":[{"@type":"ReadAction","target":["https:\/\/dev.inrs.ca\/en\/studies\/research-internships\/undergraduate-summer-research-internships\/"]}]},{"@type":"ImageObject","inLanguage":"en-CA","@id":"https:\/\/dev.inrs.ca\/en\/studies\/research-internships\/undergraduate-summer-research-internships\/#primaryimage","url":"https:\/\/dev.inrs.ca\/wp-content\/uploads\/visuel-inrs-stages.png","contentUrl":"https:\/\/dev.inrs.ca\/wp-content\/uploads\/visuel-inrs-stages.png","width":1200,"height":628},{"@type":"BreadcrumbList","@id":"https:\/\/dev.inrs.ca\/en\/studies\/research-internships\/undergraduate-summer-research-internships\/#breadcrumb","itemListElement":[{"@type":"ListItem","position":1,"name":"Studies","item":"https:\/\/dev.inrs.ca\/les-etudes\/"},{"@type":"ListItem","position":2,"name":"Research Internships","item":"https:\/\/dev.inrs.ca\/les-etudes\/stages-en-recherche\/"},{"@type":"ListItem","position":3,"name":"Undergraduate Summer Research Internships"}]},{"@type":"WebSite","@id":"https:\/\/dev.inrs.ca\/en\/#website","url":"https:\/\/dev.inrs.ca\/en\/","name":"INRS","description":"Institut national de la recherche scientifique","potentialAction":[{"@type":"SearchAction","target":{"@type":"EntryPoint","urlTemplate":"https:\/\/dev.inrs.ca\/en\/?s={search_term_string}"},"query-input":{"@type":"PropertyValueSpecification","valueRequired":true,"valueName":"search_term_string"}}],"inLanguage":"en-CA"}]}},"_links":{"self":[{"href":"https:\/\/dev.inrs.ca\/en\/wp-json\/wp\/v2\/pages\/20027","targetHints":{"allow":["GET"]}}],"collection":[{"href":"https:\/\/dev.inrs.ca\/en\/wp-json\/wp\/v2\/pages"}],"about":[{"href":"https:\/\/dev.inrs.ca\/en\/wp-json\/wp\/v2\/types\/page"}],"author":[{"embeddable":true,"href":"https:\/\/dev.inrs.ca\/en\/wp-json\/wp\/v2\/users\/3"}],"replies":[{"embeddable":true,"href":"https:\/\/dev.inrs.ca\/en\/wp-json\/wp\/v2\/comments?post=20027"}],"version-history":[{"count":5,"href":"https:\/\/dev.inrs.ca\/en\/wp-json\/wp\/v2\/pages\/20027\/revisions"}],"predecessor-version":[{"id":76816,"href":"https:\/\/dev.inrs.ca\/en\/wp-json\/wp\/v2\/pages\/20027\/revisions\/76816"}],"up":[{"embeddable":true,"href":"https:\/\/dev.inrs.ca\/en\/wp-json\/wp\/v2\/pages\/20025"}],"wp:featuredmedia":[{"embeddable":true,"href":"https:\/\/dev.inrs.ca\/en\/wp-json\/wp\/v2\/media\/76797"}],"wp:attachment":[{"href":"https:\/\/dev.inrs.ca\/en\/wp-json\/wp\/v2\/media?parent=20027"}],"wp:term":[{"taxonomy":"page_type","embeddable":true,"href":"https:\/\/dev.inrs.ca\/en\/wp-json\/wp\/v2\/page_type?post=20027"},{"taxonomy":"wf_page_folders","embeddable":true,"href":"https:\/\/dev.inrs.ca\/en\/wp-json\/wp\/v2\/wf_page_folders?post=20027"}],"curies":[{"name":"wp","href":"https:\/\/api.w.org\/{rel}","templated":true}]}}