{"id":20023,"date":"2020-08-30T22:58:00","date_gmt":"2020-08-30T22:58:00","guid":{"rendered":"https:\/\/dev.inrs.ca\/?page_id=20023"},"modified":"2021-03-25T12:26:55","modified_gmt":"2021-03-25T16:26:55","slug":"postdoctoral-fellowships","status":"publish","type":"page","link":"https:\/\/dev.inrs.ca\/en\/studies\/postdoctoral-fellowships\/","title":{"rendered":"Postdoctoral Fellowships"},"content":{"rendered":"\n<p class=\"has-large-font-size\"><strong>Doing a postdoctoral fellowship at INRS allows you to broaden your horizons and make full use of your knowledge and know-how. It is an opportunity to expand your professional network and benefit from the expertise of our faculty members to further develop your potential and consolidate what you\u2019ve learned.<\/strong><\/p>\n\n\n\n<div style=\"height:20px\" aria-hidden=\"true\" class=\"wp-block-spacer\"><\/div>\n\n\n\n<p style=\"font-size:clamp(14px, 0.875rem + ((1vw - 3.2px) * 0.482), 18px);px\">INRS welcomes approximately 100 postdoctoral fellows in the fields of earth, water, and environmental sciences, engineering and advanced technology, bioscience, and social science.<\/p>\n\n\n<div class=\"content-page-list-ctn\">\n    <h4 class=\"title\"><\/h4>\n    <div class=\"featured-cta-ctn -trio\">\n                    <div class=\"item jsBlockLink\">\n                <div class=\"image\">\n                                            <img decoding=\"async\" src=\"https:\/\/dev.inrs.ca\/wp-content\/uploads\/2021\/02\/avancee-therapeutique-systeme-immunitaire-VIH-inrs-600x400.jpg\" alt=\"Find a postdoctoral fellowship\">\n                                    <\/div>\n                <div class=\"info\">\n                    <a class=\"link\" href=\"\/en\/studies\/postdoctoral-fellowships\/finding-a-postdoctoral-fellowship\/\">Find a postdoctoral fellowship<\/a>\n                <\/div>\n            <\/div>\n                    <div class=\"item jsBlockLink\">\n                <div class=\"image\">\n                                            <img decoding=\"async\" src=\"https:\/\/dev.inrs.ca\/wp-content\/uploads\/2020\/09\/Etudes-sante-biotechnologies-inrs-Eric-Deziel-600x400.jpg\" alt=\"Professors\">\n                                    <\/div>\n                <div class=\"info\">\n                    <a class=\"link\" href=\"\/en\/research\/professors\/\">Professors<\/a>\n                <\/div>\n            <\/div>\n                    <div class=\"item jsBlockLink\">\n                <div class=\"image\">\n                                            <img decoding=\"async\" src=\"https:\/\/dev.inrs.ca\/wp-content\/uploads\/2020\/09\/Etudes-futurs-etudiants-inrs-600x400.jpg\" alt=\"Find a scholarship\">\n                                    <\/div>\n                <div class=\"info\">\n                    <a class=\"link\" href=\"\/en\/studies\/scholarships-and-financial-aid\/find-a-scholarship\/\">Find a scholarship<\/a>\n                <\/div>\n            <\/div>\n            <\/div>\n<\/div>\n\n\n<blockquote class=\"wp-block-quote is-layout-flow wp-block-quote-is-layout-flow\"><p>Finding a supervisor<\/p><\/blockquote>\n\n\n\n<p>You can find a supervisor by:<\/p>\n\n\n\n<h3 class=\"wp-block-heading\"><br>1. Consulting the list of postdoctoral fellowships available<\/h3>\n\n\n\n<p>Postdoctoral fellows are regularly recruited to work on specific research projects. <a href=\"https:\/\/dev.inrs.ca\/en\/studies\/postdoctoral-fellowships\/finding-a-postdoctoral-fellowship\/\"><strong>See all postdoctoral fellowships openings<\/strong><\/a><\/p>\n\n\n\n<h3 class=\"wp-block-heading\"><br>2. Consulting the list of faculty members<\/h3>\n\n\n\n<p>Read our faculty members\u2019 profiles to learn about their areas of expertise, interests, and research projects. This allows you to choose on the basis of your affinities and your personal and professional goals. <a href=\"https:\/\/dev.inrs.ca\/en\/research\/professors\/\"><strong>List of professors<\/strong><\/a><\/p>\n\n\n\n<div style=\"height:20px\" aria-hidden=\"true\" class=\"wp-block-spacer\"><\/div>\n\n\n\n<blockquote class=\"wp-block-quote is-layout-flow wp-block-quote-is-layout-flow\"><p>Before applying for a postdoctoral fellowship<\/p><\/blockquote>\n\n\n\n<p>Before applying, you must first contact the <a href=\"https:\/\/dev.inrs.ca\/en\/research\/professors\/\"><strong>faculty member<\/strong><\/a> you wish to work with to ask if they are willing to supervise you.<\/p>\n\n\n\n<p>Once you have completed this step, you can fill out the application form on our <a href=\"https:\/\/portail.dev.inrs.ca\/ide\/portail\/index.html\" target=\"_blank\" rel=\"noreferrer noopener\"><strong>academic portal<\/strong><\/a>.<\/p>\n\n\n\n<p>Once you find a researcher you would like to do your postdoctoral fellowship with, you must contact them to see if they could include you on their team. <a href=\"https:\/\/dev.inrs.ca\/en\/studies\/how-to-apply\/establishing-a-good-relationship-with-your-research-supervisor\/\"><strong>Starting off on the right foot is key<\/strong><\/a>.<\/p>\n\n\n\n<figure class=\"wp-block-gallery columns-2 is-cropped wp-block-gallery-2 is-layout-flex wp-block-gallery-is-layout-flex\"><ul class=\"blocks-gallery-grid\"><li class=\"blocks-gallery-item\"><figure><img loading=\"lazy\" decoding=\"async\" width=\"1000\" height=\"682\" src=\"https:\/\/dev.inrs.ca\/wp-content\/uploads\/2020\/08\/INRS-projet-de-recherche-Terrain-Recherches-biogeochimie-ile-Bylot.jpg\" alt=\"\" data-id=\"19001\" data-full-url=\"https:\/\/dev.inrs.ca\/wp-content\/uploads\/2020\/08\/INRS-projet-de-recherche-Terrain-Recherches-biogeochimie-ile-Bylot.jpg\" data-link=\"https:\/\/dev.inrs.ca\/en\/studies\/postdoctoral-fellowships\/attachment\/inrs-projet-de-recherche-terrain-recherches-biogeochimie-ile-bylot-2\/\" class=\"wp-image-19001\" srcset=\"https:\/\/dev.inrs.ca\/wp-content\/uploads\/2020\/08\/INRS-projet-de-recherche-Terrain-Recherches-biogeochimie-ile-Bylot.jpg 1000w, https:\/\/dev.inrs.ca\/wp-content\/uploads\/2020\/08\/INRS-projet-de-recherche-Terrain-Recherches-biogeochimie-ile-Bylot-300x205.jpg 300w, https:\/\/dev.inrs.ca\/wp-content\/uploads\/2020\/08\/INRS-projet-de-recherche-Terrain-Recherches-biogeochimie-ile-Bylot-768x524.jpg 768w\" sizes=\"auto, (max-width: 1000px) 100vw, 1000px\" \/><\/figure><\/li><li class=\"blocks-gallery-item\"><figure><img loading=\"lazy\" decoding=\"async\" width=\"960\" height=\"640\" src=\"https:\/\/dev.inrs.ca\/wp-content\/uploads\/2020\/07\/Etudes-INRS-Etudiant-sciences-de-l-energie-materiaux.jpg\" alt=\"\u00c9tudiant en sciences de l'\u00e9nergie et mat\u00e9riaux de l'INRS\" data-id=\"12111\" data-full-url=\"https:\/\/dev.inrs.ca\/wp-content\/uploads\/2020\/07\/Etudes-INRS-Etudiant-sciences-de-l-energie-materiaux.jpg\" data-link=\"https:\/\/dev.inrs.ca\/en\/studies\/masters-and-phd-projects\/find-a-masters-or-phd-project\/next-generation-smart-nanomaterials\/attachment\/etudes-inrs-etudiant-sciences-de-l-energie-materiaux-2\/\" class=\"wp-image-12111\" srcset=\"https:\/\/dev.inrs.ca\/wp-content\/uploads\/2020\/07\/Etudes-INRS-Etudiant-sciences-de-l-energie-materiaux.jpg 960w, https:\/\/dev.inrs.ca\/wp-content\/uploads\/2020\/07\/Etudes-INRS-Etudiant-sciences-de-l-energie-materiaux-300x200.jpg 300w, https:\/\/dev.inrs.ca\/wp-content\/uploads\/2020\/07\/Etudes-INRS-Etudiant-sciences-de-l-energie-materiaux-768x512.jpg 768w, https:\/\/dev.inrs.ca\/wp-content\/uploads\/2020\/07\/Etudes-INRS-Etudiant-sciences-de-l-energie-materiaux-600x400.jpg 600w\" sizes=\"auto, (max-width: 960px) 100vw, 960px\" \/><\/figure><\/li><\/ul><\/figure>\n\n\n\n<blockquote class=\"wp-block-quote is-layout-flow wp-block-quote-is-layout-flow\"><p>Eligibility criteria<\/p><\/blockquote>\n\n\n\n<p><strong>To be eligible for a postdoctoral fellowship, you must meet the following conditions:<\/strong><\/p>\n\n\n\n<ul class=\"wp-block-list\"><li>You earned a PhD less than five years<sup>1<\/sup> before the beginning of the postdoctoral fellowship or have officially submitted your dissertation for evaluation<sup>2<\/sup>. The five year period may be extended for a maximum of two years in the case of parental leave or leave for family obligations.<\/li><li>You have obtained a commitment from a faculty member to supervise your postdoctoral fellowship for a specified period.<\/li><li>The research work you will undertake as part of the postdoctoral fellowship is related to one of the areas of research at INRS.<\/li><\/ul>\n\n\n\n<p class=\"has-small-font-size\"><sup>1 <\/sup>The date of the thesis defence is deemed to be the date the diploma was awarded.<\/p>\n\n\n\n<p class=\"has-small-font-size\"><sup>2<\/sup> Postdoctoral fellowship candidates must present proof that they have officially submitted their thesis and of the date set for defending it, which must take place at the latest within six months of the official submission.<\/p>\n\n\n\n<h3 class=\"wp-block-heading\"><br>Terms<\/h3>\n\n\n\n<h4 class=\"wp-block-heading\">Length and remuneration<\/h4>\n\n\n\n<p>Postdoctoral fellowships can start at any time and last up to five years, including interruptions other than parental and family leave. Postdoctoral fellows must focus exclusively on the work they agreed to when starting the fellowship.<\/p>\n\n\n\n<p>Fellowships must be completed within seven years of the fellow\u2019s thesis defence.<\/p>\n\n\n\n<h4 class=\"wp-block-heading\"><br>Vacation<\/h4>\n\n\n\n<p>Fellows are entitled to four weeks\u2019 vacation a year for each completed fellowship year.<\/p>\n\n\n\n<h4 class=\"wp-block-heading\"><br>Compensation<\/h4>\n\n\n\n<p>The minimum annual income for a full-time salaried postdoctoral fellow is determined according to the pay rate set annually by the Government of Quebec for doctoral students.<\/p>\n\n\n\n<p>Postdoctoral fellows with individual scholarships from external organizations for which INRS has been specifically named as the recipient\u2019s host institution are considered as funded postdoctoral fellows. Funded fellows must receive at least $30,000 from outside organizations. Failing this, the supervisor must supplement the postdoctoral fellow\u2019s income. This supplement is considered a salary.<\/p>\n\n\n\n<h4 class=\"wp-block-heading\"><br>Certificate<\/h4>\n\n\n\n<p>At the end of the fellowship, depending on the supervisor\u2019s evaluation, a postdoctoral fellowship certificate can be issued.<\/p>\n\n\n\n<div style=\"height:20px\" aria-hidden=\"true\" class=\"wp-block-spacer\"><\/div>\n\n\n\n<blockquote class=\"wp-block-quote is-layout-flow wp-block-quote-is-layout-flow\"><p>Your application is successful<\/p><\/blockquote>\n\n\n\n<p><strong>You meet all the eligibility criteria and your postdoctoral fellowship application has been accepted?<\/strong><\/p>\n\n\n\n<p>Now complete your application in our <a href=\"https:\/\/portail.dev.inrs.ca\/ide\/candidature\/nouveau.html#section=formulaire\" target=\"_blank\" rel=\"noreferrer noopener\">academic portal<\/a>. The portal is in French. Instructions in English are available to help you complete the application form fields. <a href=\"https:\/\/portail.dev.inrs.ca\/ide\/candidature\/nouveau.html#section=formulaire\" target=\"_blank\" rel=\"noreferrer noopener\"><strong>Complete my application<\/strong><\/a><\/p>\n\n\n\n<div style=\"height:20px\" aria-hidden=\"true\" class=\"wp-block-spacer\"><\/div>\n\n\n<div class=\"content-accordion-ctn js-accordion\">\n    <p class=\"title\">Questions<\/p>\n    <div class=\"inner\">\n        <div>\n            <p>Planning to do your postdoctoral research at INRS? If you have any administrative questions about your postdoctoral fellowship, please contact us.<\/p>\n<p><strong>Joanie Lavoie<\/strong><br \/>\nScholarship Liaison Officer<br \/>\nPhone: <a href=\"tel:418-654-1801\">418-654-1801<\/a><br \/>\nEmail: <a href=\"mailto:joanie.lavoie@dev.inrs.ca\">joanie.lavoie@dev.inrs.ca<\/a><\/p>\n\n        <\/div>\n    <\/div>\n<\/div>\n\n\n<p><\/p>\n","protected":false},"excerpt":{"rendered":"<p>Doing a postdoctoral fellowship at INRS allows you to broaden your horizons and make full use of your knowledge and know-how. It is an opportunity to expand your professional network and benefit from the expertise of our faculty members to further develop your potential and consolidate what you\u2019ve learned. INRS welcomes approximately 100 postdoctoral fellows [&hellip;]<\/p>\n","protected":false},"author":3,"featured_media":19030,"parent":20081,"menu_order":0,"comment_status":"closed","ping_status":"closed","template":"templates\/research-infrastructure.php","meta":{"_acf_changed":false,"footnotes":""},"page_type":[],"wf_page_folders":[19],"class_list":["post-20023","page","type-page","status-publish","has-post-thumbnail","hentry"],"acf":[],"yoast_head":"<!-- This site is optimized with the Yoast SEO Premium plugin v24.6 (Yoast SEO v24.6) - https:\/\/yoast.com\/wordpress\/plugins\/seo\/ -->\n<title>INRS | Postdoctoral Fellowships<\/title>\n<meta name=\"description\" content=\"A postdoctoral fellowhsip is an opportunity to expand your professional network and benefit from the expertise of INRS faculty members.\" \/>\n<meta name=\"robots\" content=\"noindex, follow, max-snippet:-1, max-image-preview:large, max-video-preview:-1\" \/>\n<meta property=\"og:locale\" content=\"en_US\" \/>\n<meta property=\"og:type\" content=\"article\" \/>\n<meta property=\"og:title\" content=\"INRS | Postdoctoral Fellowships\" \/>\n<meta property=\"og:description\" content=\"A postdoctoral fellowhsip is an opportunity to expand your professional network and benefit from the expertise of INRS faculty members.\" \/>\n<meta property=\"og:url\" content=\"https:\/\/dev.inrs.ca\/en\/studies\/postdoctoral-fellowships\/\" \/>\n<meta property=\"og:site_name\" content=\"INRS\" \/>\n<meta property=\"article:publisher\" content=\"https:\/\/www.facebook.com\/inrsciences\/\" \/>\n<meta property=\"article:modified_time\" content=\"2021-03-25T16:26:55+00:00\" \/>\n<meta property=\"og:image\" content=\"https:\/\/dev.inrs.ca\/wp-content\/uploads\/2020\/08\/Etudes-Stages-Postdoctoraux-INRS.jpg\" \/>\n\t<meta property=\"og:image:width\" content=\"1000\" \/>\n\t<meta property=\"og:image:height\" content=\"667\" \/>\n\t<meta property=\"og:image:type\" content=\"image\/jpeg\" \/>\n<meta name=\"twitter:card\" content=\"summary_large_image\" \/>\n<meta name=\"twitter:site\" content=\"@inrsciences\" \/>\n<meta name=\"twitter:label1\" content=\"Est. reading time\" \/>\n\t<meta name=\"twitter:data1\" content=\"3 minutes\" \/>\n<script type=\"application\/ld+json\" class=\"yoast-schema-graph\">{\"@context\":\"https:\/\/schema.org\",\"@graph\":[{\"@type\":\"WebPage\",\"@id\":\"https:\/\/dev.inrs.ca\/en\/studies\/postdoctoral-fellowships\/\",\"url\":\"https:\/\/dev.inrs.ca\/en\/studies\/postdoctoral-fellowships\/\",\"name\":\"INRS | Postdoctoral Fellowships\",\"isPartOf\":{\"@id\":\"https:\/\/dev.inrs.ca\/en\/#website\"},\"primaryImageOfPage\":{\"@id\":\"https:\/\/dev.inrs.ca\/en\/studies\/postdoctoral-fellowships\/#primaryimage\"},\"image\":{\"@id\":\"https:\/\/dev.inrs.ca\/en\/studies\/postdoctoral-fellowships\/#primaryimage\"},\"thumbnailUrl\":\"https:\/\/dev.inrs.ca\/wp-content\/uploads\/2020\/08\/Etudes-Stages-Postdoctoraux-INRS.jpg\",\"datePublished\":\"2020-08-30T22:58:00+00:00\",\"dateModified\":\"2021-03-25T16:26:55+00:00\",\"description\":\"A postdoctoral fellowhsip is an opportunity to expand your professional network and benefit from the expertise of INRS faculty members.\",\"breadcrumb\":{\"@id\":\"https:\/\/dev.inrs.ca\/en\/studies\/postdoctoral-fellowships\/#breadcrumb\"},\"inLanguage\":\"en-CA\",\"potentialAction\":[{\"@type\":\"ReadAction\",\"target\":[\"https:\/\/dev.inrs.ca\/en\/studies\/postdoctoral-fellowships\/\"]}]},{\"@type\":\"ImageObject\",\"inLanguage\":\"en-CA\",\"@id\":\"https:\/\/dev.inrs.ca\/en\/studies\/postdoctoral-fellowships\/#primaryimage\",\"url\":\"https:\/\/dev.inrs.ca\/wp-content\/uploads\/2020\/08\/Etudes-Stages-Postdoctoraux-INRS.jpg\",\"contentUrl\":\"https:\/\/dev.inrs.ca\/wp-content\/uploads\/2020\/08\/Etudes-Stages-Postdoctoraux-INRS.jpg\",\"width\":1000,\"height\":667},{\"@type\":\"BreadcrumbList\",\"@id\":\"https:\/\/dev.inrs.ca\/en\/studies\/postdoctoral-fellowships\/#breadcrumb\",\"itemListElement\":[{\"@type\":\"ListItem\",\"position\":1,\"name\":\"Studies\",\"item\":\"https:\/\/dev.inrs.ca\/les-etudes\/\"},{\"@type\":\"ListItem\",\"position\":2,\"name\":\"Postdoctoral Fellowships\"}]},{\"@type\":\"WebSite\",\"@id\":\"https:\/\/dev.inrs.ca\/en\/#website\",\"url\":\"https:\/\/dev.inrs.ca\/en\/\",\"name\":\"INRS\",\"description\":\"Institut national de la recherche scientifique\",\"potentialAction\":[{\"@type\":\"SearchAction\",\"target\":{\"@type\":\"EntryPoint\",\"urlTemplate\":\"https:\/\/dev.inrs.ca\/en\/?s={search_term_string}\"},\"query-input\":{\"@type\":\"PropertyValueSpecification\",\"valueRequired\":true,\"valueName\":\"search_term_string\"}}],\"inLanguage\":\"en-CA\"}]}<\/script>\n<!-- \/ Yoast SEO Premium plugin. -->","yoast_head_json":{"title":"INRS | Postdoctoral Fellowships","description":"A postdoctoral fellowhsip is an opportunity to expand your professional network and benefit from the expertise of INRS faculty members.","robots":{"index":"noindex","follow":"follow","max-snippet":"max-snippet:-1","max-image-preview":"max-image-preview:large","max-video-preview":"max-video-preview:-1"},"og_locale":"en_US","og_type":"article","og_title":"INRS | Postdoctoral Fellowships","og_description":"A postdoctoral fellowhsip is an opportunity to expand your professional network and benefit from the expertise of INRS faculty members.","og_url":"https:\/\/dev.inrs.ca\/en\/studies\/postdoctoral-fellowships\/","og_site_name":"INRS","article_publisher":"https:\/\/www.facebook.com\/inrsciences\/","article_modified_time":"2021-03-25T16:26:55+00:00","og_image":[{"width":1000,"height":667,"url":"https:\/\/dev.inrs.ca\/wp-content\/uploads\/2020\/08\/Etudes-Stages-Postdoctoraux-INRS.jpg","type":"image\/jpeg"}],"twitter_card":"summary_large_image","twitter_site":"@inrsciences","twitter_misc":{"Est. reading time":"3 minutes"},"schema":{"@context":"https:\/\/schema.org","@graph":[{"@type":"WebPage","@id":"https:\/\/dev.inrs.ca\/en\/studies\/postdoctoral-fellowships\/","url":"https:\/\/dev.inrs.ca\/en\/studies\/postdoctoral-fellowships\/","name":"INRS | Postdoctoral Fellowships","isPartOf":{"@id":"https:\/\/dev.inrs.ca\/en\/#website"},"primaryImageOfPage":{"@id":"https:\/\/dev.inrs.ca\/en\/studies\/postdoctoral-fellowships\/#primaryimage"},"image":{"@id":"https:\/\/dev.inrs.ca\/en\/studies\/postdoctoral-fellowships\/#primaryimage"},"thumbnailUrl":"https:\/\/dev.inrs.ca\/wp-content\/uploads\/2020\/08\/Etudes-Stages-Postdoctoraux-INRS.jpg","datePublished":"2020-08-30T22:58:00+00:00","dateModified":"2021-03-25T16:26:55+00:00","description":"A postdoctoral fellowhsip is an opportunity to expand your professional network and benefit from the expertise of INRS faculty members.","breadcrumb":{"@id":"https:\/\/dev.inrs.ca\/en\/studies\/postdoctoral-fellowships\/#breadcrumb"},"inLanguage":"en-CA","potentialAction":[{"@type":"ReadAction","target":["https:\/\/dev.inrs.ca\/en\/studies\/postdoctoral-fellowships\/"]}]},{"@type":"ImageObject","inLanguage":"en-CA","@id":"https:\/\/dev.inrs.ca\/en\/studies\/postdoctoral-fellowships\/#primaryimage","url":"https:\/\/dev.inrs.ca\/wp-content\/uploads\/2020\/08\/Etudes-Stages-Postdoctoraux-INRS.jpg","contentUrl":"https:\/\/dev.inrs.ca\/wp-content\/uploads\/2020\/08\/Etudes-Stages-Postdoctoraux-INRS.jpg","width":1000,"height":667},{"@type":"BreadcrumbList","@id":"https:\/\/dev.inrs.ca\/en\/studies\/postdoctoral-fellowships\/#breadcrumb","itemListElement":[{"@type":"ListItem","position":1,"name":"Studies","item":"https:\/\/dev.inrs.ca\/les-etudes\/"},{"@type":"ListItem","position":2,"name":"Postdoctoral Fellowships"}]},{"@type":"WebSite","@id":"https:\/\/dev.inrs.ca\/en\/#website","url":"https:\/\/dev.inrs.ca\/en\/","name":"INRS","description":"Institut national de la recherche scientifique","potentialAction":[{"@type":"SearchAction","target":{"@type":"EntryPoint","urlTemplate":"https:\/\/dev.inrs.ca\/en\/?s={search_term_string}"},"query-input":{"@type":"PropertyValueSpecification","valueRequired":true,"valueName":"search_term_string"}}],"inLanguage":"en-CA"}]}},"_links":{"self":[{"href":"https:\/\/dev.inrs.ca\/en\/wp-json\/wp\/v2\/pages\/20023","targetHints":{"allow":["GET"]}}],"collection":[{"href":"https:\/\/dev.inrs.ca\/en\/wp-json\/wp\/v2\/pages"}],"about":[{"href":"https:\/\/dev.inrs.ca\/en\/wp-json\/wp\/v2\/types\/page"}],"author":[{"embeddable":true,"href":"https:\/\/dev.inrs.ca\/en\/wp-json\/wp\/v2\/users\/3"}],"replies":[{"embeddable":true,"href":"https:\/\/dev.inrs.ca\/en\/wp-json\/wp\/v2\/comments?post=20023"}],"version-history":[{"count":5,"href":"https:\/\/dev.inrs.ca\/en\/wp-json\/wp\/v2\/pages\/20023\/revisions"}],"predecessor-version":[{"id":52821,"href":"https:\/\/dev.inrs.ca\/en\/wp-json\/wp\/v2\/pages\/20023\/revisions\/52821"}],"up":[{"embeddable":true,"href":"https:\/\/dev.inrs.ca\/en\/wp-json\/wp\/v2\/pages\/20081"}],"wp:featuredmedia":[{"embeddable":true,"href":"https:\/\/dev.inrs.ca\/en\/wp-json\/wp\/v2\/media\/19030"}],"wp:attachment":[{"href":"https:\/\/dev.inrs.ca\/en\/wp-json\/wp\/v2\/media?parent=20023"}],"wp:term":[{"taxonomy":"page_type","embeddable":true,"href":"https:\/\/dev.inrs.ca\/en\/wp-json\/wp\/v2\/page_type?post=20023"},{"taxonomy":"wf_page_folders","embeddable":true,"href":"https:\/\/dev.inrs.ca\/en\/wp-json\/wp\/v2\/wf_page_folders?post=20023"}],"curies":[{"name":"wp","href":"https:\/\/api.w.org\/{rel}","templated":true}]}}