{"id":17859,"date":"2020-08-16T10:10:36","date_gmt":"2020-08-16T10:10:36","guid":{"rendered":"https:\/\/dev.inrs.ca\/harcelement-psychologique-et-violences-a-caractere-sexuel\/je-suis-une-personne-en-autorite\/"},"modified":"2021-05-12T22:23:24","modified_gmt":"2021-05-13T02:23:24","slug":"je-suis-une-personne-en-autorite","status":"publish","type":"page","link":"https:\/\/dev.inrs.ca\/en\/inrs\/community-services\/psychological-harassment-and-sexual-violence\/you-are-a-person-in-authority\/","title":{"rendered":"You Are a Person in Authority"},"content":{"rendered":"\n<p style=\"font-size:clamp(14.642px, 0.915rem + ((1vw - 3.2px) * 0.887), 22px);px\"><strong>As a person in authority, you are responsible for stopping harassment and actively preventing it.&nbsp;How?<\/strong><\/p>\n\n\n\n<div style=\"height:20px\" aria-hidden=\"true\" class=\"wp-block-spacer\"><\/div>\n\n\n\n<h2 class=\"wp-block-heading\">How to intervene<\/h2>\n\n\n\n<ul class=\"wp-block-list\"><li>Lead by example.<br>&nbsp;<\/li><li>Apply and enforce the INRS Policy against Sexual Violence and the INRS Harassment, Discrimination and Incivility Policy (<a href=\"https:\/\/dev.inrs.ca\/linrs\/gouvernance\/documents-normatifs\/\">available in the Documents normatifs section<\/a>).<br>&nbsp;<\/li><li>Set expectations for performance and behaviour.<br>&nbsp;<\/li><li>Keep an eye out for and defuse risky situations.&nbsp;<br>&nbsp;<\/li><li>Manage performance and behaviour.<br>&nbsp;<\/li><li>Act when you observe discomfort, suffering or problems with the general atmosphere<\/li><\/ul>\n\n\n\n<h3 class=\"wp-block-heading\"><br><strong>Helpful attitudes and ones to avoid<\/strong><\/h3>\n\n\n\n<p>It\u2019s important to take the time to listen to anyone who tells you they\u2019ve been harassed. Even if you aren\u2019t an expert or you feel unable to comfort or support a victim over the long term, be aware that attentive and respectful listening at the time of disclosure can make a huge difference.<\/p>\n\n\n\n<div style=\"height:40px\" aria-hidden=\"true\" class=\"wp-block-spacer\"><\/div>\n\n\n\n<blockquote class=\"wp-block-quote is-layout-flow wp-block-quote-is-layout-flow\"><p>Harmful reactions<\/p><\/blockquote>\n\n\n\n<p><strong>Judging<\/strong><br>Asking the victim direct questions, demanding for more details, talking incessantly.<\/p>\n\n\n\n<p><strong>Casting doubts<\/strong><br>Being skeptical or questioning what the victim is saying<\/p>\n\n\n\n<p><strong>Trivializing, minimizing, or playing down<\/strong><br>Trivializing the aggression and minimizing its effect on the victim and their emotions and reactions.<\/p>\n\n\n\n<p><strong>Pointing out the victim\u2019s weaknesses or what they could have done<\/strong><br>Telling them they should have done this or that. For example, telling them or making them feel like they shouldn\u2019t have been walking alone or gone out at night.<\/p>\n\n\n\n<p><strong>Ignoring the situation and shirking responsibility<\/strong><br>Ignoring the call for help. Avoiding getting involved in the situation because it doesn\u2019t concern you or isn\u2019t your problem or area of expertise.<\/p>\n\n\n\n<p><strong>Pointing the finger, laying blame, making accusations<\/strong><br>Blaming the victim for what they didn\u2019t or should have done. Indicating to the victim that they must have provoked the behaviour and share responsibility for what happened to them.<\/p>\n\n\n\n<p><strong>Overprotecting<\/strong><br>Smothering and overprotecting the victim by preventing them from going out, seeing relatives or sleeping away from home..<\/p>\n\n\n\n<p><strong>Turning the page<\/strong><br>Preventing the victim from expressing negative emotions under the pretext that it\u2019s not good to live in the past.<\/p>\n\n\n\n<div style=\"height:40px\" aria-hidden=\"true\" class=\"wp-block-spacer\"><\/div>\n\n\n\n<blockquote class=\"wp-block-quote is-layout-flow wp-block-quote-is-layout-flow\"><p>Helpful reactions<\/p><\/blockquote>\n\n\n\n<p><strong>Listening without judging<\/strong><br>Letting the victim express themselves in their own words, in their own way, and at their own pace. Listening without judging.<\/p>\n\n\n\n<p><strong>Believing and respecting the victim\u2019s experiences<\/strong><br>Believing what the victim is telling you because it\u2019s their own experience and perception. Focusing on what they say and have experienced.<\/p>\n\n\n\n<p><strong>Listening without amplifying or minimizing<\/strong><br>Listening to what the victim has to say without minimizing or amplifying facts, emotions or effects.<\/p>\n\n\n\n<p><strong>Emphasizing the victim\u2019s strengths<\/strong><br>Highlighting the things the victim has done right. Underlining their strength and courage in speaking out.<\/p>\n\n\n\n<p><strong>Providing support and being present and available<\/strong><br>Being available to listen to and support the victim. If necessary, telling the victim you feel incapable of helping them, but assisting and supporting them in their search for another person or resource who can.<\/p>\n\n\n\n<p><strong>Eliminating guilt and identifying needs<\/strong><br>Telling the victim that the sexual assault they suffered isn\u2019t their fault. Explaining that the perpetrator is fully responsible for their actions. Emphasizing that their only responsibility is to take care of themselves.<\/p>\n\n\n\n<p><strong>Encouraging the victim to exercise autonomy and reach out to contacts<\/strong><br>Helping the victim regain control over their life while providing support. Giving them space to breathe and resume their normal activities.<\/p>\n\n\n\n<p><strong>Validating their emotions and feelings<\/strong><br>Helping the victim express their feelings by normalizing their reactions, emotions and feelings, including anger, resentment, guilt and low self-esteem. Validating the speed at which they are healing and their reactions over the short, medium and long terms.<\/p>\n\n\n\n<p class=\"has-small-font-size\"><em>Source <\/em>:&nbsp;<a href=\"http:\/\/www.agressionsexuellemontreal.ca\/\" target=\"_blank\" rel=\"noreferrer noopener\">www.agressionsexuellemontreal.ca<\/a>.<\/p>\n\n\n\n<div style=\"height:40px\" aria-hidden=\"true\" class=\"wp-block-spacer\"><\/div>\n\n\n\n<blockquote class=\"wp-block-quote is-layout-flow wp-block-quote-is-layout-flow\"><p>It\u2019s important to assist the victim by listening to them without judging or questioning and refer them to resources that can help. INRS provides <a href=\"https:\/\/dev.inrs.ca\/en\/inrs\/community-services\/psychological-harassment-and-sexual-violence\/resources-available\">several such resources<\/a>.<\/p><\/blockquote>\n\n\n\n<h3 class=\"wp-block-heading\"><br><strong>Giving and finding help<\/strong><\/h3>\n\n\n\n<p>The INRS Human Resources Department provides advisory services to managers and faculty members to help them take appropriate action to stop harassment. They can help you assess the extent and severity of the situation and determine actions that will stop conduct that could be considered harassment and establish an intervention strategy.<\/p>\n\n\n\n<h4 class=\"wp-block-heading\"><br><strong>Academic and authority relationships and intimacy<\/strong><\/h4>\n\n\n\n<p>Under the INRS Policy against Sexual Violence, when a person in an academic or authority relationship enters into an intimate (i.e., romantic or sexual) relationship with another member of the university community, INRS considers that the situation is likely to affect the objectivity and impartiality required in the academic or authority relationship, prevent free consent, encourage the abuse of power, and even lead to sexual violence.<\/p>\n\n\n\n<p>The following individuals are considered to be in academic or authority relationships:<\/p>\n\n\n\n<ul class=\"wp-block-list\"><li>A professor with a student who is under their supervision or joint supervision or enrolled in one of their classes;<\/li><li>A professor with a member of their research group;<\/li><li>A member of a research group with a student they are supervising in the same group;<\/li><li>An officer, executive or other staff member in a management position with a member of the university community working under their supervision.<\/li><\/ul>\n\n\n\n<p>In the event any such relationship becomes intimate, the involved parties must report the situation using the form located in Appendix A of the INRS Policy Against Sexual Violence (available in Documents normatifs section). The form must be sent to&nbsp;<a href=\"mailto:secretariatgeneral@dev.inrs.ca\"><strong>secretariatgeneral@dev.inrs.ca<\/strong><\/a>.&nbsp;<\/p>\n\n\n\n<div style=\"height:30px\" aria-hidden=\"true\" class=\"wp-block-spacer\"><\/div>\n\n\n\n<div class=\"wp-block-media-text alignwide is-stacked-on-mobile is-vertically-aligned-bottom is-image-fill has-background\" style=\"background:linear-gradient(29deg,rgb(239,239,239) 0%,rgb(229,229,229) 100%);grid-template-columns:16% auto\"><figure class=\"wp-block-media-text__media\" style=\"background-image:url(https:\/\/dev.inrs.ca\/wp-content\/uploads\/2020\/08\/INRS-Services-communaute-vacs.jpg);background-position:50% 50%\"><img loading=\"lazy\" decoding=\"async\" width=\"1000\" height=\"573\" src=\"https:\/\/dev.inrs.ca\/wp-content\/uploads\/2020\/08\/INRS-Services-communaute-vacs.jpg\" alt=\"Harc\u00e8lement psychologique et violences \u00e0 caract\u00e8re sexuel\" class=\"wp-image-19943 size-full\" srcset=\"https:\/\/dev.inrs.ca\/wp-content\/uploads\/2020\/08\/INRS-Services-communaute-vacs.jpg 1000w, https:\/\/dev.inrs.ca\/wp-content\/uploads\/2020\/08\/INRS-Services-communaute-vacs-300x172.jpg 300w, https:\/\/dev.inrs.ca\/wp-content\/uploads\/2020\/08\/INRS-Services-communaute-vacs-768x440.jpg 768w\" sizes=\"auto, (max-width: 1000px) 100vw, 1000px\" \/><\/figure><div class=\"wp-block-media-text__content\">\n<h2 class=\"wp-block-heading\"><br>Need help or someone to talk to?<\/h2>\n\n\n\n<p style=\"font-size:clamp(14px, 0.875rem + ((1vw - 3.2px) * 0.482), 18px);px\">Call <a href=\"http:\/\/tel.:1-888-401-8227\"><strong>1 888 401-VACS<\/strong><\/a><strong> (8227)<\/strong> or write to <a href=\"mailto:comitevacs@dev.inrs.ca\"><strong>comitevacs@dev.inrs.ca<\/strong><\/a>.<\/p>\n\n\n\n<p style=\"font-size:clamp(14px, 0.875rem + ((1vw - 3.2px) * 0.482), 18px);px\">Resources are available to the community free of charge and in complete confidentiality.<\/p>\n\n\n\n<div class=\"wp-block-buttons is-layout-flex wp-block-buttons-is-layout-flex\">\n<div class=\"wp-block-button has-custom-width wp-block-button__width-100 is-style-small\"><a class=\"wp-block-button__link has-red-background-color has-background no-border-radius\" href=\"https:\/\/dev.inrs.ca\/en\/inrs\/community-services\/psychological-harassment-and-sexual-violence\/join-the-complaints-office\/\">complaints office<\/a><\/div>\n<\/div>\n<\/div><\/div>\n","protected":false},"excerpt":{"rendered":"<p>As a person in authority, you are responsible for stopping harassment and actively preventing it. How?<\/p>\n","protected":false},"author":4,"featured_media":58802,"parent":17858,"menu_order":0,"comment_status":"closed","ping_status":"closed","template":"","meta":{"_acf_changed":false,"footnotes":""},"page_type":[],"wf_page_folders":[181],"class_list":["post-17859","page","type-page","status-publish","has-post-thumbnail","hentry"],"acf":[],"yoast_head":"<!-- This site is optimized with the Yoast SEO Premium plugin v24.6 (Yoast SEO v24.6) - https:\/\/yoast.com\/wordpress\/plugins\/seo\/ -->\n<title>INRS | You Are a Person in Authority | Psychological Harassment and Sexual Violence<\/title>\n<meta name=\"description\" content=\"As a person in authority, you are responsible for stopping harassment and actively preventing it. How?\" \/>\n<meta name=\"robots\" content=\"noindex, follow, max-snippet:-1, max-image-preview:large, max-video-preview:-1\" \/>\n<meta property=\"og:locale\" content=\"en_US\" \/>\n<meta property=\"og:type\" content=\"article\" \/>\n<meta property=\"og:title\" content=\"INRS | You Are a Person in Authority | Psychological Harassment and Sexual Violence\" \/>\n<meta property=\"og:description\" content=\"As a person in authority, you are responsible for stopping harassment and actively preventing it. How?\" \/>\n<meta property=\"og:url\" content=\"https:\/\/dev.inrs.ca\/en\/inrs\/community-services\/psychological-harassment-and-sexual-violence\/you-are-a-person-in-authority\/\" \/>\n<meta property=\"og:site_name\" content=\"INRS\" \/>\n<meta property=\"article:publisher\" content=\"https:\/\/www.facebook.com\/inrsciences\/\" \/>\n<meta property=\"article:modified_time\" content=\"2021-05-13T02:23:24+00:00\" \/>\n<meta property=\"og:image\" content=\"https:\/\/dev.inrs.ca\/wp-content\/uploads\/personne-autorite-harcelement-aide-vacs-harassment.jpeg\" \/>\n\t<meta property=\"og:image:width\" content=\"1200\" \/>\n\t<meta property=\"og:image:height\" content=\"774\" \/>\n\t<meta property=\"og:image:type\" content=\"image\/jpeg\" \/>\n<meta name=\"twitter:card\" content=\"summary_large_image\" \/>\n<meta name=\"twitter:site\" content=\"@inrsciences\" \/>\n<meta name=\"twitter:label1\" content=\"Est. reading time\" \/>\n\t<meta name=\"twitter:data1\" content=\"4 minutes\" \/>\n<script type=\"application\/ld+json\" class=\"yoast-schema-graph\">{\"@context\":\"https:\/\/schema.org\",\"@graph\":[{\"@type\":\"WebPage\",\"@id\":\"https:\/\/dev.inrs.ca\/en\/inrs\/community-services\/psychological-harassment-and-sexual-violence\/you-are-a-person-in-authority\/\",\"url\":\"https:\/\/dev.inrs.ca\/en\/inrs\/community-services\/psychological-harassment-and-sexual-violence\/you-are-a-person-in-authority\/\",\"name\":\"INRS | You Are a Person in Authority | Psychological Harassment and Sexual Violence\",\"isPartOf\":{\"@id\":\"https:\/\/dev.inrs.ca\/en\/#website\"},\"primaryImageOfPage\":{\"@id\":\"https:\/\/dev.inrs.ca\/en\/inrs\/community-services\/psychological-harassment-and-sexual-violence\/you-are-a-person-in-authority\/#primaryimage\"},\"image\":{\"@id\":\"https:\/\/dev.inrs.ca\/en\/inrs\/community-services\/psychological-harassment-and-sexual-violence\/you-are-a-person-in-authority\/#primaryimage\"},\"thumbnailUrl\":\"https:\/\/dev.inrs.ca\/wp-content\/uploads\/personne-autorite-harcelement-aide-vacs-harassment.jpeg\",\"datePublished\":\"2020-08-16T10:10:36+00:00\",\"dateModified\":\"2021-05-13T02:23:24+00:00\",\"description\":\"As a person in authority, you are responsible for stopping harassment and actively preventing it. How?\",\"breadcrumb\":{\"@id\":\"https:\/\/dev.inrs.ca\/en\/inrs\/community-services\/psychological-harassment-and-sexual-violence\/you-are-a-person-in-authority\/#breadcrumb\"},\"inLanguage\":\"en-CA\",\"potentialAction\":[{\"@type\":\"ReadAction\",\"target\":[\"https:\/\/dev.inrs.ca\/en\/inrs\/community-services\/psychological-harassment-and-sexual-violence\/you-are-a-person-in-authority\/\"]}]},{\"@type\":\"ImageObject\",\"inLanguage\":\"en-CA\",\"@id\":\"https:\/\/dev.inrs.ca\/en\/inrs\/community-services\/psychological-harassment-and-sexual-violence\/you-are-a-person-in-authority\/#primaryimage\",\"url\":\"https:\/\/dev.inrs.ca\/wp-content\/uploads\/personne-autorite-harcelement-aide-vacs-harassment.jpeg\",\"contentUrl\":\"https:\/\/dev.inrs.ca\/wp-content\/uploads\/personne-autorite-harcelement-aide-vacs-harassment.jpeg\",\"width\":1200,\"height\":774,\"caption\":\"Friends and Family Support. A young woman comforting her crying best friend. The mother supports her daughter in a difficult situation. Vector illustration\"},{\"@type\":\"BreadcrumbList\",\"@id\":\"https:\/\/dev.inrs.ca\/en\/inrs\/community-services\/psychological-harassment-and-sexual-violence\/you-are-a-person-in-authority\/#breadcrumb\",\"itemListElement\":[{\"@type\":\"ListItem\",\"position\":1,\"name\":\"INRS\",\"item\":\"https:\/\/dev.inrs.ca\/linrs\/\"},{\"@type\":\"ListItem\",\"position\":2,\"name\":\"Community Services\",\"item\":\"https:\/\/dev.inrs.ca\/linrs\/services-a-la-communaute\/\"},{\"@type\":\"ListItem\",\"position\":3,\"name\":\"Psychological Harassment and Sexual Violence\",\"item\":\"https:\/\/dev.inrs.ca\/linrs\/services-a-la-communaute\/harcelement-psychologique-et-violences-a-caractere-sexuel\/\"},{\"@type\":\"ListItem\",\"position\":4,\"name\":\"You Are a Person in Authority\"}]},{\"@type\":\"WebSite\",\"@id\":\"https:\/\/dev.inrs.ca\/en\/#website\",\"url\":\"https:\/\/dev.inrs.ca\/en\/\",\"name\":\"INRS\",\"description\":\"Institut national de la recherche scientifique\",\"potentialAction\":[{\"@type\":\"SearchAction\",\"target\":{\"@type\":\"EntryPoint\",\"urlTemplate\":\"https:\/\/dev.inrs.ca\/en\/?s={search_term_string}\"},\"query-input\":{\"@type\":\"PropertyValueSpecification\",\"valueRequired\":true,\"valueName\":\"search_term_string\"}}],\"inLanguage\":\"en-CA\"}]}<\/script>\n<!-- \/ Yoast SEO Premium plugin. -->","yoast_head_json":{"title":"INRS | You Are a Person in Authority | Psychological Harassment and Sexual Violence","description":"As a person in authority, you are responsible for stopping harassment and actively preventing it. How?","robots":{"index":"noindex","follow":"follow","max-snippet":"max-snippet:-1","max-image-preview":"max-image-preview:large","max-video-preview":"max-video-preview:-1"},"og_locale":"en_US","og_type":"article","og_title":"INRS | You Are a Person in Authority | Psychological Harassment and Sexual Violence","og_description":"As a person in authority, you are responsible for stopping harassment and actively preventing it. How?","og_url":"https:\/\/dev.inrs.ca\/en\/inrs\/community-services\/psychological-harassment-and-sexual-violence\/you-are-a-person-in-authority\/","og_site_name":"INRS","article_publisher":"https:\/\/www.facebook.com\/inrsciences\/","article_modified_time":"2021-05-13T02:23:24+00:00","og_image":[{"width":1200,"height":774,"url":"https:\/\/dev.inrs.ca\/wp-content\/uploads\/personne-autorite-harcelement-aide-vacs-harassment.jpeg","type":"image\/jpeg"}],"twitter_card":"summary_large_image","twitter_site":"@inrsciences","twitter_misc":{"Est. reading time":"4 minutes"},"schema":{"@context":"https:\/\/schema.org","@graph":[{"@type":"WebPage","@id":"https:\/\/dev.inrs.ca\/en\/inrs\/community-services\/psychological-harassment-and-sexual-violence\/you-are-a-person-in-authority\/","url":"https:\/\/dev.inrs.ca\/en\/inrs\/community-services\/psychological-harassment-and-sexual-violence\/you-are-a-person-in-authority\/","name":"INRS | You Are a Person in Authority | Psychological Harassment and Sexual Violence","isPartOf":{"@id":"https:\/\/dev.inrs.ca\/en\/#website"},"primaryImageOfPage":{"@id":"https:\/\/dev.inrs.ca\/en\/inrs\/community-services\/psychological-harassment-and-sexual-violence\/you-are-a-person-in-authority\/#primaryimage"},"image":{"@id":"https:\/\/dev.inrs.ca\/en\/inrs\/community-services\/psychological-harassment-and-sexual-violence\/you-are-a-person-in-authority\/#primaryimage"},"thumbnailUrl":"https:\/\/dev.inrs.ca\/wp-content\/uploads\/personne-autorite-harcelement-aide-vacs-harassment.jpeg","datePublished":"2020-08-16T10:10:36+00:00","dateModified":"2021-05-13T02:23:24+00:00","description":"As a person in authority, you are responsible for stopping harassment and actively preventing it. How?","breadcrumb":{"@id":"https:\/\/dev.inrs.ca\/en\/inrs\/community-services\/psychological-harassment-and-sexual-violence\/you-are-a-person-in-authority\/#breadcrumb"},"inLanguage":"en-CA","potentialAction":[{"@type":"ReadAction","target":["https:\/\/dev.inrs.ca\/en\/inrs\/community-services\/psychological-harassment-and-sexual-violence\/you-are-a-person-in-authority\/"]}]},{"@type":"ImageObject","inLanguage":"en-CA","@id":"https:\/\/dev.inrs.ca\/en\/inrs\/community-services\/psychological-harassment-and-sexual-violence\/you-are-a-person-in-authority\/#primaryimage","url":"https:\/\/dev.inrs.ca\/wp-content\/uploads\/personne-autorite-harcelement-aide-vacs-harassment.jpeg","contentUrl":"https:\/\/dev.inrs.ca\/wp-content\/uploads\/personne-autorite-harcelement-aide-vacs-harassment.jpeg","width":1200,"height":774,"caption":"Friends and Family Support. A young woman comforting her crying best friend. The mother supports her daughter in a difficult situation. Vector illustration"},{"@type":"BreadcrumbList","@id":"https:\/\/dev.inrs.ca\/en\/inrs\/community-services\/psychological-harassment-and-sexual-violence\/you-are-a-person-in-authority\/#breadcrumb","itemListElement":[{"@type":"ListItem","position":1,"name":"INRS","item":"https:\/\/dev.inrs.ca\/linrs\/"},{"@type":"ListItem","position":2,"name":"Community Services","item":"https:\/\/dev.inrs.ca\/linrs\/services-a-la-communaute\/"},{"@type":"ListItem","position":3,"name":"Psychological Harassment and Sexual Violence","item":"https:\/\/dev.inrs.ca\/linrs\/services-a-la-communaute\/harcelement-psychologique-et-violences-a-caractere-sexuel\/"},{"@type":"ListItem","position":4,"name":"You Are a Person in Authority"}]},{"@type":"WebSite","@id":"https:\/\/dev.inrs.ca\/en\/#website","url":"https:\/\/dev.inrs.ca\/en\/","name":"INRS","description":"Institut national de la recherche scientifique","potentialAction":[{"@type":"SearchAction","target":{"@type":"EntryPoint","urlTemplate":"https:\/\/dev.inrs.ca\/en\/?s={search_term_string}"},"query-input":{"@type":"PropertyValueSpecification","valueRequired":true,"valueName":"search_term_string"}}],"inLanguage":"en-CA"}]}},"_links":{"self":[{"href":"https:\/\/dev.inrs.ca\/en\/wp-json\/wp\/v2\/pages\/17859","targetHints":{"allow":["GET"]}}],"collection":[{"href":"https:\/\/dev.inrs.ca\/en\/wp-json\/wp\/v2\/pages"}],"about":[{"href":"https:\/\/dev.inrs.ca\/en\/wp-json\/wp\/v2\/types\/page"}],"author":[{"embeddable":true,"href":"https:\/\/dev.inrs.ca\/en\/wp-json\/wp\/v2\/users\/4"}],"replies":[{"embeddable":true,"href":"https:\/\/dev.inrs.ca\/en\/wp-json\/wp\/v2\/comments?post=17859"}],"version-history":[{"count":5,"href":"https:\/\/dev.inrs.ca\/en\/wp-json\/wp\/v2\/pages\/17859\/revisions"}],"predecessor-version":[{"id":58959,"href":"https:\/\/dev.inrs.ca\/en\/wp-json\/wp\/v2\/pages\/17859\/revisions\/58959"}],"up":[{"embeddable":true,"href":"https:\/\/dev.inrs.ca\/en\/wp-json\/wp\/v2\/pages\/17858"}],"wp:featuredmedia":[{"embeddable":true,"href":"https:\/\/dev.inrs.ca\/en\/wp-json\/wp\/v2\/media\/58802"}],"wp:attachment":[{"href":"https:\/\/dev.inrs.ca\/en\/wp-json\/wp\/v2\/media?parent=17859"}],"wp:term":[{"taxonomy":"page_type","embeddable":true,"href":"https:\/\/dev.inrs.ca\/en\/wp-json\/wp\/v2\/page_type?post=17859"},{"taxonomy":"wf_page_folders","embeddable":true,"href":"https:\/\/dev.inrs.ca\/en\/wp-json\/wp\/v2\/wf_page_folders?post=17859"}],"curies":[{"name":"wp","href":"https:\/\/api.w.org\/{rel}","templated":true}]}}