{"id":17858,"date":"2020-08-15T16:31:58","date_gmt":"2020-08-15T16:31:58","guid":{"rendered":"https:\/\/dev.inrs.ca\/harcelement-psychologique-et-violences-a-caractere-sexuel\/"},"modified":"2021-05-18T14:10:59","modified_gmt":"2021-05-18T18:10:59","slug":"harcelement-psychologique-et-violences-a-caractere-sexuel","status":"publish","type":"page","link":"https:\/\/dev.inrs.ca\/en\/community-services\/psychological-harassment-and-sexual-violence\/","title":{"rendered":"Psychological Harassment and Sexual Violence"},"content":{"rendered":"\n<p class=\"has-large-font-size\"><strong><strong>Together, let us prevent and fight psychological harassment and sexual violence so that our study and work environment is healthy, safe and marked by respect for all members of the INRS community.<\/strong><\/strong><\/p>\n\n\n\n<div style=\"height:40px\" aria-hidden=\"true\" class=\"wp-block-spacer\"><\/div>\n\n\n\n<div class=\"wp-block-media-text alignwide is-stacked-on-mobile is-vertically-aligned-bottom is-image-fill has-background\" style=\"background:linear-gradient(66deg,rgb(238,69,64) 0%,rgb(242,70,65) 100%);grid-template-columns:30% auto\"><figure class=\"wp-block-media-text__media\" style=\"background-image:url(https:\/\/dev.inrs.ca\/wp-content\/uploads\/harcelement-psychologique-vacs-harassment-homme-1024x1024.jpeg);background-position:50% 50%\"><img loading=\"lazy\" decoding=\"async\" width=\"1024\" height=\"1024\" src=\"https:\/\/dev.inrs.ca\/wp-content\/uploads\/harcelement-psychologique-vacs-harassment-homme-1024x1024.jpeg\" alt=\"\" class=\"wp-image-58650 size-full\" srcset=\"https:\/\/dev.inrs.ca\/wp-content\/uploads\/harcelement-psychologique-vacs-harassment-homme-1024x1024.jpeg 1024w, https:\/\/dev.inrs.ca\/wp-content\/uploads\/harcelement-psychologique-vacs-harassment-homme-300x300.jpeg 300w, https:\/\/dev.inrs.ca\/wp-content\/uploads\/harcelement-psychologique-vacs-harassment-homme-150x150.jpeg 150w, https:\/\/dev.inrs.ca\/wp-content\/uploads\/harcelement-psychologique-vacs-harassment-homme-768x768.jpeg 768w, https:\/\/dev.inrs.ca\/wp-content\/uploads\/harcelement-psychologique-vacs-harassment-homme.jpeg 1200w\" sizes=\"auto, (max-width: 1024px) 100vw, 1024px\" \/><\/figure><div class=\"wp-block-media-text__content\">\n<h2 class=\"wp-block-heading\"><br><span style=\"color:#ffffff\" class=\"tadv-color\">What is psychological harassment?<\/span><\/h2>\n\n\n\n<div style=\"height:10px\" aria-hidden=\"true\" class=\"wp-block-spacer\"><\/div>\n\n\n\n<div class=\"wp-block-buttons is-layout-flex wp-block-buttons-is-layout-flex\">\n<div class=\"wp-block-button has-custom-width wp-block-button__width-100 is-style-small\"><a class=\"wp-block-button__link has-lighter-background-color has-background\" href=\"https:\/\/dev.inrs.ca\/en\/inrs\/community-services\/psychological-harassment-and-sexual-violence\/psychological-harassment\/\" style=\"border-radius:35px\">how to recognize harassing behaviours<\/a><\/div>\n<\/div>\n<\/div><\/div>\n\n\n\n<div style=\"height:20px\" aria-hidden=\"true\" class=\"wp-block-spacer\"><\/div>\n\n\n\n<div class=\"wp-block-media-text alignwide is-stacked-on-mobile is-vertically-aligned-bottom is-image-fill has-background\" style=\"background:linear-gradient(60deg,rgb(19,32,128) 0%,rgb(33,51,184) 100%);grid-template-columns:30% auto\"><figure class=\"wp-block-media-text__media\" style=\"background-image:url(https:\/\/dev.inrs.ca\/wp-content\/uploads\/vacs-violences-caractere-sexuel-sexual-violence-1024x768.jpeg);background-position:50% 50%\"><img loading=\"lazy\" decoding=\"async\" width=\"1024\" height=\"768\" src=\"https:\/\/dev.inrs.ca\/wp-content\/uploads\/vacs-violences-caractere-sexuel-sexual-violence-1024x768.jpeg\" alt=\"\" class=\"wp-image-58225 size-full\" srcset=\"https:\/\/dev.inrs.ca\/wp-content\/uploads\/vacs-violences-caractere-sexuel-sexual-violence-1024x768.jpeg 1024w, https:\/\/dev.inrs.ca\/wp-content\/uploads\/vacs-violences-caractere-sexuel-sexual-violence-300x225.jpeg 300w, https:\/\/dev.inrs.ca\/wp-content\/uploads\/vacs-violences-caractere-sexuel-sexual-violence-768x576.jpeg 768w, https:\/\/dev.inrs.ca\/wp-content\/uploads\/vacs-violences-caractere-sexuel-sexual-violence.jpeg 1200w\" sizes=\"auto, (max-width: 1024px) 100vw, 1024px\" \/><\/figure><div class=\"wp-block-media-text__content\">\n<h2 class=\"wp-block-heading\"><br><span style=\"color:#ffffff\" class=\"tadv-color\">What is sexual violence?<\/span><\/h2>\n\n\n\n<div style=\"height:10px\" aria-hidden=\"true\" class=\"wp-block-spacer\"><\/div>\n\n\n\n<div class=\"wp-block-buttons is-layout-flex wp-block-buttons-is-layout-flex\">\n<div class=\"wp-block-button has-custom-width wp-block-button__width-100 is-style-small\"><a class=\"wp-block-button__link has-lighter-background-color has-background\" href=\"https:\/\/dev.inrs.ca\/en\/inrs\/community-services\/psychological-harassment-and-sexual-violence\/what-is-sexual-violence\/\" style=\"border-radius:35px\">How to recognize types of sexual violence<\/a><\/div>\n<\/div>\n<\/div><\/div>\n\n\n\n<div style=\"height:20px\" aria-hidden=\"true\" class=\"wp-block-spacer\"><\/div>\n\n\n<div class=\"content-page-list-ctn\">\n    <h4 class=\"title\"><\/h4>\n    <div class=\"featured-cta-ctn -trio\">\n                    <div class=\"item jsBlockLink\">\n                <div class=\"image\">\n                                            <img decoding=\"async\" src=\"https:\/\/dev.inrs.ca\/wp-content\/uploads\/harcelement-psychologique-psychological-harassment-600x400.jpeg\" alt=\"Are You Being Harassed?\">\n                                    <\/div>\n                <div class=\"info\">\n                    <a class=\"link\" href=\"\/en\/inrs\/community-services\/psychological-harassment-and-sexual-violence\/are-you-being-harassed\/\">Are You Being Harassed?<\/a>\n                <\/div>\n            <\/div>\n                    <div class=\"item jsBlockLink\">\n                <div class=\"image\">\n                                            <img decoding=\"async\" src=\"https:\/\/dev.inrs.ca\/wp-content\/uploads\/temoin-witness-harcelement-harassament-sexual-violence-vacs-600x400.jpeg\" alt=\"If You Are a Witness\">\n                                    <\/div>\n                <div class=\"info\">\n                    <a class=\"link\" href=\"\/en\/psychological-harassment-and-sexual-violence\/witness\/\">If You Are a Witness<\/a>\n                <\/div>\n            <\/div>\n                    <div class=\"item jsBlockLink\">\n                <div class=\"image\">\n                                            <img decoding=\"async\" src=\"https:\/\/dev.inrs.ca\/wp-content\/uploads\/personne-autorite-harcelement-aide-vacs-harassment-600x400.jpeg\" alt=\"You Are a Person in Authority\">\n                                    <\/div>\n                <div class=\"info\">\n                    <a class=\"link\" href=\"\/en\/inrs\/community-services\/psychological-harassment-and-sexual-violence\/you-are-a-person-in-authority\/\">You Are a Person in Authority<\/a>\n                <\/div>\n            <\/div>\n            <\/div>\n<\/div>\n\n<div class=\"content-page-list-ctn\">\n    <h4 class=\"title\"><\/h4>\n    <div class=\"featured-cta-ctn -trio\">\n                    <div class=\"item jsBlockLink\">\n                <div class=\"image\">\n                                            <img decoding=\"async\" src=\"https:\/\/dev.inrs.ca\/wp-content\/uploads\/ressources-disponibles-harcelement-vacs-harassment-600x400.jpeg\" alt=\"Resources Available\">\n                                    <\/div>\n                <div class=\"info\">\n                    <a class=\"link\" href=\"\/en\/inrs\/community-services\/psychological-harassment-and-sexual-violence\/resources-available\/\">Resources Available<\/a>\n                <\/div>\n            <\/div>\n                    <div class=\"item jsBlockLink\">\n                <div class=\"image\">\n                                            <img decoding=\"async\" src=\"https:\/\/dev.inrs.ca\/wp-content\/uploads\/reglements-regulation-vacs-harassment-harcelement-600x400.jpeg\" alt=\"Regulations\">\n                                    <\/div>\n                <div class=\"info\">\n                    <a class=\"link\" href=\"\/en\/inrs\/community-services\/psychological-harassment-and-sexual-violence\/regulation\/\">Regulations<\/a>\n                <\/div>\n            <\/div>\n                    <div class=\"item jsBlockLink\">\n                <div class=\"image\">\n                                            <img decoding=\"async\" src=\"https:\/\/dev.inrs.ca\/wp-content\/uploads\/formation-training-harcelement-vacs-harassment-1-600x400.jpeg\" alt=\"Mandatory Trainings to Counter Sexual Violence\">\n                                    <\/div>\n                <div class=\"info\">\n                    <a class=\"link\" href=\"\/en\/psychological-harassment-and-sexual-violence\/training-to-counter-sexual-violence\/\">Mandatory Trainings to Counter Sexual Violence<\/a>\n                <\/div>\n            <\/div>\n            <\/div>\n<\/div>\n\n\n<div style=\"height:20px\" aria-hidden=\"true\" class=\"wp-block-spacer\"><\/div>\n\n\n\n<div class=\"wp-block-media-text alignwide is-stacked-on-mobile is-vertically-aligned-bottom is-image-fill has-background\" style=\"background:linear-gradient(29deg,rgb(239,239,239) 0%,rgb(229,229,229) 100%);grid-template-columns:15% auto\"><figure class=\"wp-block-media-text__media\" style=\"background-image:url(https:\/\/dev.inrs.ca\/wp-content\/uploads\/2020\/08\/INRS-Services-communaute-vacs.jpg);background-position:50% 50%\"><img loading=\"lazy\" decoding=\"async\" width=\"1000\" height=\"573\" src=\"https:\/\/dev.inrs.ca\/wp-content\/uploads\/2020\/08\/INRS-Services-communaute-vacs.jpg\" alt=\"Harc\u00e8lement psychologique et violences \u00e0 caract\u00e8re sexuel\" class=\"wp-image-19943 size-full\" srcset=\"https:\/\/dev.inrs.ca\/wp-content\/uploads\/2020\/08\/INRS-Services-communaute-vacs.jpg 1000w, https:\/\/dev.inrs.ca\/wp-content\/uploads\/2020\/08\/INRS-Services-communaute-vacs-300x172.jpg 300w, https:\/\/dev.inrs.ca\/wp-content\/uploads\/2020\/08\/INRS-Services-communaute-vacs-768x440.jpg 768w\" sizes=\"auto, (max-width: 1000px) 100vw, 1000px\" \/><\/figure><div class=\"wp-block-media-text__content\">\n<h2 class=\"wp-block-heading\"><br>Need help or someone to talk to?<\/h2>\n\n\n\n<p style=\"font-size:clamp(14px, 0.875rem + ((1vw - 3.2px) * 0.482), 18px);px\">Call <a href=\"http:\/\/tel.:1-888-401-8227\"><strong>1 888 401-VACS<\/strong><\/a><strong> (8227)<\/strong> or write to <a href=\"mailto:comitevacs@dev.inrs.ca\"><strong>comitevacs@dev.inrs.ca<\/strong><\/a>.<\/p>\n\n\n\n<p style=\"font-size:clamp(14px, 0.875rem + ((1vw - 3.2px) * 0.482), 18px);px\">Resources are available to the community free of charge and in complete confidentiality.<\/p>\n\n\n\n<div class=\"wp-block-buttons is-layout-flex wp-block-buttons-is-layout-flex\">\n<div class=\"wp-block-button has-custom-width wp-block-button__width-100 is-style-small\"><a class=\"wp-block-button__link has-red-background-color has-background no-border-radius\" href=\"https:\/\/dev.inrs.ca\/en\/inrs\/community-services\/psychological-harassment-and-sexual-violence\/join-the-complaints-office\/\">complaints office<\/a><\/div>\n<\/div>\n<\/div><\/div>\n","protected":false},"excerpt":{"rendered":"<p>ogether, let us prevent and fight psychological harassment and sexual violence so that our study and work environment is healthy, safe and marked by respect for all members of the INRS community.<\/p>\n","protected":false},"author":4,"featured_media":19943,"parent":22307,"menu_order":0,"comment_status":"closed","ping_status":"closed","template":"","meta":{"_acf_changed":false,"footnotes":""},"page_type":[],"wf_page_folders":[181],"class_list":["post-17858","page","type-page","status-publish","has-post-thumbnail","hentry"],"acf":[],"yoast_head":"<!-- This site is optimized with the Yoast SEO Premium plugin v24.6 (Yoast SEO v24.6) - https:\/\/yoast.com\/wordpress\/plugins\/seo\/ -->\n<title>INRS | Psychological Harassment and Sexual Violence | Community<\/title>\n<meta name=\"description\" content=\"Together, let us prevent and fight psychological harassment and sexual violence so that our study and work environment is healthy, safe and marked by respect for all members of the INRS community.\" \/>\n<meta name=\"robots\" content=\"noindex, follow, max-snippet:-1, max-image-preview:large, max-video-preview:-1\" \/>\n<meta property=\"og:locale\" content=\"en_US\" \/>\n<meta property=\"og:type\" content=\"article\" \/>\n<meta property=\"og:title\" content=\"INRS | Psychological Harassment and Sexual Violence | Community\" \/>\n<meta property=\"og:description\" content=\"Together, let us prevent and fight psychological harassment and sexual violence so that our study and work environment is healthy, safe and marked by respect for all members of the INRS community.\" \/>\n<meta property=\"og:url\" content=\"https:\/\/dev.inrs.ca\/en\/community-services\/psychological-harassment-and-sexual-violence\/\" \/>\n<meta property=\"og:site_name\" content=\"INRS\" \/>\n<meta property=\"article:publisher\" content=\"https:\/\/www.facebook.com\/inrsciences\/\" \/>\n<meta property=\"article:modified_time\" content=\"2021-05-18T18:10:59+00:00\" \/>\n<meta property=\"og:image\" content=\"https:\/\/dev.inrs.ca\/wp-content\/uploads\/2020\/08\/INRS-Services-communaute-vacs.jpg\" \/>\n\t<meta property=\"og:image:width\" content=\"1000\" \/>\n\t<meta property=\"og:image:height\" content=\"573\" \/>\n\t<meta property=\"og:image:type\" content=\"image\/jpeg\" \/>\n<meta name=\"twitter:card\" content=\"summary_large_image\" \/>\n<meta name=\"twitter:site\" content=\"@inrsciences\" \/>\n<script type=\"application\/ld+json\" class=\"yoast-schema-graph\">{\"@context\":\"https:\/\/schema.org\",\"@graph\":[{\"@type\":\"WebPage\",\"@id\":\"https:\/\/dev.inrs.ca\/en\/community-services\/psychological-harassment-and-sexual-violence\/\",\"url\":\"https:\/\/dev.inrs.ca\/en\/community-services\/psychological-harassment-and-sexual-violence\/\",\"name\":\"INRS | Psychological Harassment and Sexual Violence | Community\",\"isPartOf\":{\"@id\":\"https:\/\/dev.inrs.ca\/en\/#website\"},\"primaryImageOfPage\":{\"@id\":\"https:\/\/dev.inrs.ca\/en\/community-services\/psychological-harassment-and-sexual-violence\/#primaryimage\"},\"image\":{\"@id\":\"https:\/\/dev.inrs.ca\/en\/community-services\/psychological-harassment-and-sexual-violence\/#primaryimage\"},\"thumbnailUrl\":\"https:\/\/dev.inrs.ca\/wp-content\/uploads\/2020\/08\/INRS-Services-communaute-vacs.jpg\",\"datePublished\":\"2020-08-15T16:31:58+00:00\",\"dateModified\":\"2021-05-18T18:10:59+00:00\",\"description\":\"Together, let us prevent and fight psychological harassment and sexual violence so that our study and work environment is healthy, safe and marked by respect for all members of the INRS community.\",\"breadcrumb\":{\"@id\":\"https:\/\/dev.inrs.ca\/en\/community-services\/psychological-harassment-and-sexual-violence\/#breadcrumb\"},\"inLanguage\":\"en-CA\",\"potentialAction\":[{\"@type\":\"ReadAction\",\"target\":[\"https:\/\/dev.inrs.ca\/en\/community-services\/psychological-harassment-and-sexual-violence\/\"]}]},{\"@type\":\"ImageObject\",\"inLanguage\":\"en-CA\",\"@id\":\"https:\/\/dev.inrs.ca\/en\/community-services\/psychological-harassment-and-sexual-violence\/#primaryimage\",\"url\":\"https:\/\/dev.inrs.ca\/wp-content\/uploads\/2020\/08\/INRS-Services-communaute-vacs.jpg\",\"contentUrl\":\"https:\/\/dev.inrs.ca\/wp-content\/uploads\/2020\/08\/INRS-Services-communaute-vacs.jpg\",\"width\":1000,\"height\":573,\"caption\":\"Harc\u00e8lement psychologique et violences \u00e0 caract\u00e8re sexuel\"},{\"@type\":\"BreadcrumbList\",\"@id\":\"https:\/\/dev.inrs.ca\/en\/community-services\/psychological-harassment-and-sexual-violence\/#breadcrumb\",\"itemListElement\":[{\"@type\":\"ListItem\",\"position\":1,\"name\":\"INRS\",\"item\":\"https:\/\/dev.inrs.ca\/linrs\/\"},{\"@type\":\"ListItem\",\"position\":2,\"name\":\"Community Services\",\"item\":\"https:\/\/dev.inrs.ca\/linrs\/services-a-la-communaute\/\"},{\"@type\":\"ListItem\",\"position\":3,\"name\":\"Psychological Harassment and Sexual Violence\"}]},{\"@type\":\"WebSite\",\"@id\":\"https:\/\/dev.inrs.ca\/en\/#website\",\"url\":\"https:\/\/dev.inrs.ca\/en\/\",\"name\":\"INRS\",\"description\":\"Institut national de la recherche scientifique\",\"potentialAction\":[{\"@type\":\"SearchAction\",\"target\":{\"@type\":\"EntryPoint\",\"urlTemplate\":\"https:\/\/dev.inrs.ca\/en\/?s={search_term_string}\"},\"query-input\":{\"@type\":\"PropertyValueSpecification\",\"valueRequired\":true,\"valueName\":\"search_term_string\"}}],\"inLanguage\":\"en-CA\"}]}<\/script>\n<!-- \/ Yoast SEO Premium plugin. -->","yoast_head_json":{"title":"INRS | Psychological Harassment and Sexual Violence | Community","description":"Together, let us prevent and fight psychological harassment and sexual violence so that our study and work environment is healthy, safe and marked by respect for all members of the INRS community.","robots":{"index":"noindex","follow":"follow","max-snippet":"max-snippet:-1","max-image-preview":"max-image-preview:large","max-video-preview":"max-video-preview:-1"},"og_locale":"en_US","og_type":"article","og_title":"INRS | Psychological Harassment and Sexual Violence | Community","og_description":"Together, let us prevent and fight psychological harassment and sexual violence so that our study and work environment is healthy, safe and marked by respect for all members of the INRS community.","og_url":"https:\/\/dev.inrs.ca\/en\/community-services\/psychological-harassment-and-sexual-violence\/","og_site_name":"INRS","article_publisher":"https:\/\/www.facebook.com\/inrsciences\/","article_modified_time":"2021-05-18T18:10:59+00:00","og_image":[{"width":1000,"height":573,"url":"https:\/\/dev.inrs.ca\/wp-content\/uploads\/2020\/08\/INRS-Services-communaute-vacs.jpg","type":"image\/jpeg"}],"twitter_card":"summary_large_image","twitter_site":"@inrsciences","schema":{"@context":"https:\/\/schema.org","@graph":[{"@type":"WebPage","@id":"https:\/\/dev.inrs.ca\/en\/community-services\/psychological-harassment-and-sexual-violence\/","url":"https:\/\/dev.inrs.ca\/en\/community-services\/psychological-harassment-and-sexual-violence\/","name":"INRS | Psychological Harassment and Sexual Violence | Community","isPartOf":{"@id":"https:\/\/dev.inrs.ca\/en\/#website"},"primaryImageOfPage":{"@id":"https:\/\/dev.inrs.ca\/en\/community-services\/psychological-harassment-and-sexual-violence\/#primaryimage"},"image":{"@id":"https:\/\/dev.inrs.ca\/en\/community-services\/psychological-harassment-and-sexual-violence\/#primaryimage"},"thumbnailUrl":"https:\/\/dev.inrs.ca\/wp-content\/uploads\/2020\/08\/INRS-Services-communaute-vacs.jpg","datePublished":"2020-08-15T16:31:58+00:00","dateModified":"2021-05-18T18:10:59+00:00","description":"Together, let us prevent and fight psychological harassment and sexual violence so that our study and work environment is healthy, safe and marked by respect for all members of the INRS community.","breadcrumb":{"@id":"https:\/\/dev.inrs.ca\/en\/community-services\/psychological-harassment-and-sexual-violence\/#breadcrumb"},"inLanguage":"en-CA","potentialAction":[{"@type":"ReadAction","target":["https:\/\/dev.inrs.ca\/en\/community-services\/psychological-harassment-and-sexual-violence\/"]}]},{"@type":"ImageObject","inLanguage":"en-CA","@id":"https:\/\/dev.inrs.ca\/en\/community-services\/psychological-harassment-and-sexual-violence\/#primaryimage","url":"https:\/\/dev.inrs.ca\/wp-content\/uploads\/2020\/08\/INRS-Services-communaute-vacs.jpg","contentUrl":"https:\/\/dev.inrs.ca\/wp-content\/uploads\/2020\/08\/INRS-Services-communaute-vacs.jpg","width":1000,"height":573,"caption":"Harc\u00e8lement psychologique et violences \u00e0 caract\u00e8re sexuel"},{"@type":"BreadcrumbList","@id":"https:\/\/dev.inrs.ca\/en\/community-services\/psychological-harassment-and-sexual-violence\/#breadcrumb","itemListElement":[{"@type":"ListItem","position":1,"name":"INRS","item":"https:\/\/dev.inrs.ca\/linrs\/"},{"@type":"ListItem","position":2,"name":"Community Services","item":"https:\/\/dev.inrs.ca\/linrs\/services-a-la-communaute\/"},{"@type":"ListItem","position":3,"name":"Psychological Harassment and Sexual Violence"}]},{"@type":"WebSite","@id":"https:\/\/dev.inrs.ca\/en\/#website","url":"https:\/\/dev.inrs.ca\/en\/","name":"INRS","description":"Institut national de la recherche scientifique","potentialAction":[{"@type":"SearchAction","target":{"@type":"EntryPoint","urlTemplate":"https:\/\/dev.inrs.ca\/en\/?s={search_term_string}"},"query-input":{"@type":"PropertyValueSpecification","valueRequired":true,"valueName":"search_term_string"}}],"inLanguage":"en-CA"}]}},"_links":{"self":[{"href":"https:\/\/dev.inrs.ca\/en\/wp-json\/wp\/v2\/pages\/17858","targetHints":{"allow":["GET"]}}],"collection":[{"href":"https:\/\/dev.inrs.ca\/en\/wp-json\/wp\/v2\/pages"}],"about":[{"href":"https:\/\/dev.inrs.ca\/en\/wp-json\/wp\/v2\/types\/page"}],"author":[{"embeddable":true,"href":"https:\/\/dev.inrs.ca\/en\/wp-json\/wp\/v2\/users\/4"}],"replies":[{"embeddable":true,"href":"https:\/\/dev.inrs.ca\/en\/wp-json\/wp\/v2\/comments?post=17858"}],"version-history":[{"count":5,"href":"https:\/\/dev.inrs.ca\/en\/wp-json\/wp\/v2\/pages\/17858\/revisions"}],"predecessor-version":[{"id":59875,"href":"https:\/\/dev.inrs.ca\/en\/wp-json\/wp\/v2\/pages\/17858\/revisions\/59875"}],"up":[{"embeddable":true,"href":"https:\/\/dev.inrs.ca\/en\/wp-json\/wp\/v2\/pages\/22307"}],"wp:featuredmedia":[{"embeddable":true,"href":"https:\/\/dev.inrs.ca\/en\/wp-json\/wp\/v2\/media\/19943"}],"wp:attachment":[{"href":"https:\/\/dev.inrs.ca\/en\/wp-json\/wp\/v2\/media?parent=17858"}],"wp:term":[{"taxonomy":"page_type","embeddable":true,"href":"https:\/\/dev.inrs.ca\/en\/wp-json\/wp\/v2\/page_type?post=17858"},{"taxonomy":"wf_page_folders","embeddable":true,"href":"https:\/\/dev.inrs.ca\/en\/wp-json\/wp\/v2\/wf_page_folders?post=17858"}],"curies":[{"name":"wp","href":"https:\/\/api.w.org\/{rel}","templated":true}]}}