{"id":17857,"date":"2020-08-15T16:00:38","date_gmt":"2020-08-15T16:00:38","guid":{"rendered":"https:\/\/dev.inrs.ca\/?page_id=17857"},"modified":"2021-05-12T22:24:49","modified_gmt":"2021-05-13T02:24:49","slug":"join-the-complaints-office","status":"publish","type":"page","link":"https:\/\/dev.inrs.ca\/en\/inrs\/community-services\/psychological-harassment-and-sexual-violence\/join-the-complaints-office\/","title":{"rendered":"File a Complaint of Psychological Harassment or Sexual Violence"},"content":{"rendered":"\n<p style=\"font-size:clamp(14.642px, 0.915rem + ((1vw - 3.2px) * 0.887), 22px);px\"><strong>If you are a victim or a witness, you can file a complaint with the INRS Complaints Office, which is also available to answer any questions you may have.<\/strong> <strong>Let\u2019s work together to stop psychological harassment and sexual violence.<\/strong><\/p>\n\n\n\n<div style=\"height:20px\" aria-hidden=\"true\" class=\"wp-block-spacer\"><\/div>\n\n\n\n<p>To file a complaint or ask a question, please write to:<\/p>\n\n\n\n<p><strong>Complaints Office<\/strong><br>490 de la Couronne Street<br>Qu\u00e9bec City, Quebec   G1K 9A9<br>Phone: <a href=\"http:\/\/Tel.:418-654-3890\">418-654-3890<\/a><br>Email: <a href=\"mailto:bureaudesplaintes@dev.inrs.ca\">bureaudesplaintes@dev.inrs.ca<\/a><\/p>\n\n\n\n<div style=\"height:20px\" aria-hidden=\"true\" class=\"wp-block-spacer\"><\/div>\n\n\n\n<blockquote class=\"wp-block-quote is-layout-flow wp-block-quote-is-layout-flow\"><p>Your complaint will remain confidential.<\/p><\/blockquote>\n\n\n\n<div style=\"height:20px\" aria-hidden=\"true\" class=\"wp-block-spacer\"><\/div>\n\n\n\n<p>The General Secretariat will appoint an external, independent and impartial investigator with no employment relationship with INRS to handle complaints that are deemed admissible.<\/p>\n\n\n\n<p>When a complaint is filed against an executive or a member of the INRS General Secretariat, it must be submitted in accordance with the Disclosure of Wrongdoing Directive (<a href=\"https:\/\/dev.inrs.ca\/linrs\/gouvernance\/documents-normatifs\/\">available in the Documents normatifs section<\/a>) through the secure and anonymous <a href=\"https:\/\/www.clearviewconnects.com\/#\/\" target=\"_blank\" rel=\"noreferrer noopener\"><strong>Connexions Clearview<\/strong><\/a> website.<\/p>\n\n\n\n<div style=\"height:30px\" aria-hidden=\"true\" class=\"wp-block-spacer\"><\/div>\n\n\n\n<div class=\"wp-block-media-text alignwide is-stacked-on-mobile is-vertically-aligned-bottom is-image-fill has-background\" style=\"background:linear-gradient(29deg,rgb(239,239,239) 0%,rgb(229,229,229) 100%);grid-template-columns:15% auto\"><figure class=\"wp-block-media-text__media\" style=\"background-image:url(https:\/\/dev.inrs.ca\/wp-content\/uploads\/2020\/08\/INRS-Services-communaute-vacs.jpg);background-position:50% 50%\"><img loading=\"lazy\" decoding=\"async\" width=\"1000\" height=\"573\" src=\"https:\/\/dev.inrs.ca\/wp-content\/uploads\/2020\/08\/INRS-Services-communaute-vacs.jpg\" alt=\"Harc\u00e8lement psychologique et violences \u00e0 caract\u00e8re sexuel\" class=\"wp-image-19943 size-full\" srcset=\"https:\/\/dev.inrs.ca\/wp-content\/uploads\/2020\/08\/INRS-Services-communaute-vacs.jpg 1000w, https:\/\/dev.inrs.ca\/wp-content\/uploads\/2020\/08\/INRS-Services-communaute-vacs-300x172.jpg 300w, https:\/\/dev.inrs.ca\/wp-content\/uploads\/2020\/08\/INRS-Services-communaute-vacs-768x440.jpg 768w\" sizes=\"auto, (max-width: 1000px) 100vw, 1000px\" \/><\/figure><div class=\"wp-block-media-text__content\">\n<h2 class=\"wp-block-heading\"><br>Need help or someone to talk to?<\/h2>\n\n\n\n<p style=\"font-size:clamp(14px, 0.875rem + ((1vw - 3.2px) * 0.482), 18px);px\">Call <a href=\"http:\/\/tel.:1-888-401-8227\"><strong>1 888 401-VACS<\/strong><\/a><strong> (8227)<\/strong> or write to <a href=\"mailto:comitevacs@dev.inrs.ca\"><strong>comitevacs@dev.inrs.ca<\/strong><\/a>.<\/p>\n\n\n\n<p style=\"font-size:clamp(14px, 0.875rem + ((1vw - 3.2px) * 0.482), 18px);px\">Resources are available to the community free of charge and in complete confidentiality.<\/p>\n\n\n\n<div class=\"wp-block-buttons is-layout-flex wp-block-buttons-is-layout-flex\">\n<div class=\"wp-block-button has-custom-width wp-block-button__width-100 is-style-small\"><a class=\"wp-block-button__link has-red-background-color has-background no-border-radius\" href=\"https:\/\/dev.inrs.ca\/en\/inrs\/community-services\/psychological-harassment-and-sexual-violence\/join-the-complaints-office\/\">complaints office<\/a><\/div>\n<\/div>\n<\/div><\/div>\n","protected":false},"excerpt":{"rendered":"<p>If you are a victim or a witness, you can file a complaint with the INRS Complaints Office, which is also available to answer any questions you may have. Let\u2019s work together to stop psychological harassment and sexual violence. To file a complaint or ask a question, please write to: Complaints Office490 de la Couronne [&hellip;]<\/p>\n","protected":false},"author":4,"featured_media":58812,"parent":17858,"menu_order":0,"comment_status":"closed","ping_status":"closed","template":"","meta":{"_acf_changed":false,"footnotes":""},"page_type":[],"wf_page_folders":[181],"class_list":["post-17857","page","type-page","status-publish","has-post-thumbnail","hentry"],"acf":[],"yoast_head":"<!-- This site is optimized with the Yoast SEO Premium plugin v24.6 (Yoast SEO v24.6) - https:\/\/yoast.com\/wordpress\/plugins\/seo\/ -->\n<title>INRS | Make a complaint | Psychological Harassment and Sexual Violence<\/title>\n<meta name=\"description\" content=\"If you are a victim or a witness, you can file a complaint with the INRS Complaints Office, which is also available to answer any questions you may have.\" \/>\n<meta name=\"robots\" content=\"noindex, follow, max-snippet:-1, max-image-preview:large, max-video-preview:-1\" \/>\n<meta property=\"og:locale\" content=\"en_US\" \/>\n<meta property=\"og:type\" content=\"article\" \/>\n<meta property=\"og:title\" content=\"INRS | Make a complaint | Psychological Harassment and Sexual Violence\" \/>\n<meta property=\"og:description\" content=\"If you are a victim or a witness, you can file a complaint with the INRS Complaints Office, which is also available to answer any questions you may have.\" \/>\n<meta property=\"og:url\" content=\"https:\/\/dev.inrs.ca\/en\/inrs\/community-services\/psychological-harassment-and-sexual-violence\/join-the-complaints-office\/\" \/>\n<meta property=\"og:site_name\" content=\"INRS\" \/>\n<meta property=\"article:publisher\" content=\"https:\/\/www.facebook.com\/inrsciences\/\" \/>\n<meta property=\"article:modified_time\" content=\"2021-05-13T02:24:49+00:00\" \/>\n<meta property=\"og:image\" content=\"https:\/\/dev.inrs.ca\/wp-content\/uploads\/porter-plainte-make-complaint-harcelement-harassment.jpeg\" \/>\n\t<meta property=\"og:image:width\" content=\"1200\" \/>\n\t<meta property=\"og:image:height\" content=\"923\" \/>\n\t<meta property=\"og:image:type\" content=\"image\/jpeg\" \/>\n<meta name=\"twitter:card\" content=\"summary_large_image\" \/>\n<meta name=\"twitter:site\" content=\"@inrsciences\" \/>\n<meta name=\"twitter:label1\" content=\"Est. reading time\" \/>\n\t<meta name=\"twitter:data1\" content=\"1 minute\" \/>\n<script type=\"application\/ld+json\" class=\"yoast-schema-graph\">{\"@context\":\"https:\/\/schema.org\",\"@graph\":[{\"@type\":\"WebPage\",\"@id\":\"https:\/\/dev.inrs.ca\/en\/inrs\/community-services\/psychological-harassment-and-sexual-violence\/join-the-complaints-office\/\",\"url\":\"https:\/\/dev.inrs.ca\/en\/inrs\/community-services\/psychological-harassment-and-sexual-violence\/join-the-complaints-office\/\",\"name\":\"INRS | Make a complaint | Psychological Harassment and Sexual Violence\",\"isPartOf\":{\"@id\":\"https:\/\/dev.inrs.ca\/en\/#website\"},\"primaryImageOfPage\":{\"@id\":\"https:\/\/dev.inrs.ca\/en\/inrs\/community-services\/psychological-harassment-and-sexual-violence\/join-the-complaints-office\/#primaryimage\"},\"image\":{\"@id\":\"https:\/\/dev.inrs.ca\/en\/inrs\/community-services\/psychological-harassment-and-sexual-violence\/join-the-complaints-office\/#primaryimage\"},\"thumbnailUrl\":\"https:\/\/dev.inrs.ca\/wp-content\/uploads\/porter-plainte-make-complaint-harcelement-harassment.jpeg\",\"datePublished\":\"2020-08-15T16:00:38+00:00\",\"dateModified\":\"2021-05-13T02:24:49+00:00\",\"description\":\"If you are a victim or a witness, you can file a complaint with the INRS Complaints Office, which is also available to answer any questions you may have.\",\"breadcrumb\":{\"@id\":\"https:\/\/dev.inrs.ca\/en\/inrs\/community-services\/psychological-harassment-and-sexual-violence\/join-the-complaints-office\/#breadcrumb\"},\"inLanguage\":\"en-CA\",\"potentialAction\":[{\"@type\":\"ReadAction\",\"target\":[\"https:\/\/dev.inrs.ca\/en\/inrs\/community-services\/psychological-harassment-and-sexual-violence\/join-the-complaints-office\/\"]}]},{\"@type\":\"ImageObject\",\"inLanguage\":\"en-CA\",\"@id\":\"https:\/\/dev.inrs.ca\/en\/inrs\/community-services\/psychological-harassment-and-sexual-violence\/join-the-complaints-office\/#primaryimage\",\"url\":\"https:\/\/dev.inrs.ca\/wp-content\/uploads\/porter-plainte-make-complaint-harcelement-harassment.jpeg\",\"contentUrl\":\"https:\/\/dev.inrs.ca\/wp-content\/uploads\/porter-plainte-make-complaint-harcelement-harassment.jpeg\",\"width\":1200,\"height\":923,\"caption\":\"A young woman steps out of the cage. The female character is getting out of a confined space. Concept of freedom, mental rehabilitation and opening up new opportunities for personal development.Vector\"},{\"@type\":\"BreadcrumbList\",\"@id\":\"https:\/\/dev.inrs.ca\/en\/inrs\/community-services\/psychological-harassment-and-sexual-violence\/join-the-complaints-office\/#breadcrumb\",\"itemListElement\":[{\"@type\":\"ListItem\",\"position\":1,\"name\":\"INRS\",\"item\":\"https:\/\/dev.inrs.ca\/linrs\/\"},{\"@type\":\"ListItem\",\"position\":2,\"name\":\"Community Services\",\"item\":\"https:\/\/dev.inrs.ca\/linrs\/services-a-la-communaute\/\"},{\"@type\":\"ListItem\",\"position\":3,\"name\":\"Psychological Harassment and Sexual Violence\",\"item\":\"https:\/\/dev.inrs.ca\/linrs\/services-a-la-communaute\/harcelement-psychologique-et-violences-a-caractere-sexuel\/\"},{\"@type\":\"ListItem\",\"position\":4,\"name\":\"File a Complaint of Psychological Harassment or Sexual Violence\"}]},{\"@type\":\"WebSite\",\"@id\":\"https:\/\/dev.inrs.ca\/en\/#website\",\"url\":\"https:\/\/dev.inrs.ca\/en\/\",\"name\":\"INRS\",\"description\":\"Institut national de la recherche scientifique\",\"potentialAction\":[{\"@type\":\"SearchAction\",\"target\":{\"@type\":\"EntryPoint\",\"urlTemplate\":\"https:\/\/dev.inrs.ca\/en\/?s={search_term_string}\"},\"query-input\":{\"@type\":\"PropertyValueSpecification\",\"valueRequired\":true,\"valueName\":\"search_term_string\"}}],\"inLanguage\":\"en-CA\"}]}<\/script>\n<!-- \/ Yoast SEO Premium plugin. -->","yoast_head_json":{"title":"INRS | Make a complaint | Psychological Harassment and Sexual Violence","description":"If you are a victim or a witness, you can file a complaint with the INRS Complaints Office, which is also available to answer any questions you may have.","robots":{"index":"noindex","follow":"follow","max-snippet":"max-snippet:-1","max-image-preview":"max-image-preview:large","max-video-preview":"max-video-preview:-1"},"og_locale":"en_US","og_type":"article","og_title":"INRS | Make a complaint | Psychological Harassment and Sexual Violence","og_description":"If you are a victim or a witness, you can file a complaint with the INRS Complaints Office, which is also available to answer any questions you may have.","og_url":"https:\/\/dev.inrs.ca\/en\/inrs\/community-services\/psychological-harassment-and-sexual-violence\/join-the-complaints-office\/","og_site_name":"INRS","article_publisher":"https:\/\/www.facebook.com\/inrsciences\/","article_modified_time":"2021-05-13T02:24:49+00:00","og_image":[{"width":1200,"height":923,"url":"https:\/\/dev.inrs.ca\/wp-content\/uploads\/porter-plainte-make-complaint-harcelement-harassment.jpeg","type":"image\/jpeg"}],"twitter_card":"summary_large_image","twitter_site":"@inrsciences","twitter_misc":{"Est. reading time":"1 minute"},"schema":{"@context":"https:\/\/schema.org","@graph":[{"@type":"WebPage","@id":"https:\/\/dev.inrs.ca\/en\/inrs\/community-services\/psychological-harassment-and-sexual-violence\/join-the-complaints-office\/","url":"https:\/\/dev.inrs.ca\/en\/inrs\/community-services\/psychological-harassment-and-sexual-violence\/join-the-complaints-office\/","name":"INRS | Make a complaint | Psychological Harassment and Sexual Violence","isPartOf":{"@id":"https:\/\/dev.inrs.ca\/en\/#website"},"primaryImageOfPage":{"@id":"https:\/\/dev.inrs.ca\/en\/inrs\/community-services\/psychological-harassment-and-sexual-violence\/join-the-complaints-office\/#primaryimage"},"image":{"@id":"https:\/\/dev.inrs.ca\/en\/inrs\/community-services\/psychological-harassment-and-sexual-violence\/join-the-complaints-office\/#primaryimage"},"thumbnailUrl":"https:\/\/dev.inrs.ca\/wp-content\/uploads\/porter-plainte-make-complaint-harcelement-harassment.jpeg","datePublished":"2020-08-15T16:00:38+00:00","dateModified":"2021-05-13T02:24:49+00:00","description":"If you are a victim or a witness, you can file a complaint with the INRS Complaints Office, which is also available to answer any questions you may have.","breadcrumb":{"@id":"https:\/\/dev.inrs.ca\/en\/inrs\/community-services\/psychological-harassment-and-sexual-violence\/join-the-complaints-office\/#breadcrumb"},"inLanguage":"en-CA","potentialAction":[{"@type":"ReadAction","target":["https:\/\/dev.inrs.ca\/en\/inrs\/community-services\/psychological-harassment-and-sexual-violence\/join-the-complaints-office\/"]}]},{"@type":"ImageObject","inLanguage":"en-CA","@id":"https:\/\/dev.inrs.ca\/en\/inrs\/community-services\/psychological-harassment-and-sexual-violence\/join-the-complaints-office\/#primaryimage","url":"https:\/\/dev.inrs.ca\/wp-content\/uploads\/porter-plainte-make-complaint-harcelement-harassment.jpeg","contentUrl":"https:\/\/dev.inrs.ca\/wp-content\/uploads\/porter-plainte-make-complaint-harcelement-harassment.jpeg","width":1200,"height":923,"caption":"A young woman steps out of the cage. The female character is getting out of a confined space. Concept of freedom, mental rehabilitation and opening up new opportunities for personal development.Vector"},{"@type":"BreadcrumbList","@id":"https:\/\/dev.inrs.ca\/en\/inrs\/community-services\/psychological-harassment-and-sexual-violence\/join-the-complaints-office\/#breadcrumb","itemListElement":[{"@type":"ListItem","position":1,"name":"INRS","item":"https:\/\/dev.inrs.ca\/linrs\/"},{"@type":"ListItem","position":2,"name":"Community Services","item":"https:\/\/dev.inrs.ca\/linrs\/services-a-la-communaute\/"},{"@type":"ListItem","position":3,"name":"Psychological Harassment and Sexual Violence","item":"https:\/\/dev.inrs.ca\/linrs\/services-a-la-communaute\/harcelement-psychologique-et-violences-a-caractere-sexuel\/"},{"@type":"ListItem","position":4,"name":"File a Complaint of Psychological Harassment or Sexual Violence"}]},{"@type":"WebSite","@id":"https:\/\/dev.inrs.ca\/en\/#website","url":"https:\/\/dev.inrs.ca\/en\/","name":"INRS","description":"Institut national de la recherche scientifique","potentialAction":[{"@type":"SearchAction","target":{"@type":"EntryPoint","urlTemplate":"https:\/\/dev.inrs.ca\/en\/?s={search_term_string}"},"query-input":{"@type":"PropertyValueSpecification","valueRequired":true,"valueName":"search_term_string"}}],"inLanguage":"en-CA"}]}},"_links":{"self":[{"href":"https:\/\/dev.inrs.ca\/en\/wp-json\/wp\/v2\/pages\/17857","targetHints":{"allow":["GET"]}}],"collection":[{"href":"https:\/\/dev.inrs.ca\/en\/wp-json\/wp\/v2\/pages"}],"about":[{"href":"https:\/\/dev.inrs.ca\/en\/wp-json\/wp\/v2\/types\/page"}],"author":[{"embeddable":true,"href":"https:\/\/dev.inrs.ca\/en\/wp-json\/wp\/v2\/users\/4"}],"replies":[{"embeddable":true,"href":"https:\/\/dev.inrs.ca\/en\/wp-json\/wp\/v2\/comments?post=17857"}],"version-history":[{"count":5,"href":"https:\/\/dev.inrs.ca\/en\/wp-json\/wp\/v2\/pages\/17857\/revisions"}],"predecessor-version":[{"id":58961,"href":"https:\/\/dev.inrs.ca\/en\/wp-json\/wp\/v2\/pages\/17857\/revisions\/58961"}],"up":[{"embeddable":true,"href":"https:\/\/dev.inrs.ca\/en\/wp-json\/wp\/v2\/pages\/17858"}],"wp:featuredmedia":[{"embeddable":true,"href":"https:\/\/dev.inrs.ca\/en\/wp-json\/wp\/v2\/media\/58812"}],"wp:attachment":[{"href":"https:\/\/dev.inrs.ca\/en\/wp-json\/wp\/v2\/media?parent=17857"}],"wp:term":[{"taxonomy":"page_type","embeddable":true,"href":"https:\/\/dev.inrs.ca\/en\/wp-json\/wp\/v2\/page_type?post=17857"},{"taxonomy":"wf_page_folders","embeddable":true,"href":"https:\/\/dev.inrs.ca\/en\/wp-json\/wp\/v2\/wf_page_folders?post=17857"}],"curies":[{"name":"wp","href":"https:\/\/api.w.org\/{rel}","templated":true}]}}