{"id":17757,"date":"2020-12-17T11:55:31","date_gmt":"2020-12-17T16:55:31","guid":{"rendered":"https:\/\/dev.inrs.ca\/covid-19\/"},"modified":"2021-09-23T14:24:06","modified_gmt":"2021-09-23T18:24:06","slug":"covid-19","status":"publish","type":"page","link":"https:\/\/dev.inrs.ca\/en\/inrs\/community-services\/emergency-procedures\/covid-19\/","title":{"rendered":"COVID-19: Announcements, Measures, and Guidelines"},"content":{"rendered":"\n<p class=\"has-large-font-size\"><strong>Stay tuned for news releases to our community and information about the measures and guidelines in place to address the COVID-19 pandemic.<\/strong><\/p>\n\n\n\n<div style=\"height:20px\" aria-hidden=\"true\" class=\"wp-block-spacer\"><\/div>\n\n\n\n<blockquote class=\"wp-block-quote is-layout-flow wp-block-quote-is-layout-flow\" id=\"announcement\"><p>LAST ANNOUNCEMENT<\/p><\/blockquote>\n\n\n\n<h2 class=\"wp-block-heading\"><strong><strong>August 31, 2021<\/strong><\/strong><\/h2>\n\n\n\n<h2 class=\"wp-block-heading\"><strong><span style=\"color:#801336\" class=\"tadv-color\"><strong>Updated guidelines for a safe in-person return to school<\/strong><\/span><\/strong><\/h2>\n\n\n\n<p style=\"font-size:clamp(14px, 0.875rem + ((1vw - 3.2px) * 0.602), 19px);px\"><strong>Following the recent directives issued by the Government of Quebec on the epidemiological situation, please find below the latest updates with regard to our activities to ensure a safe return to school.<\/strong><\/p>\n\n\n\n<div style=\"height:19px\" aria-hidden=\"true\" class=\"wp-block-spacer\"><\/div>\n\n\n\n<ul class=\"wp-block-list\"><li>For all members of the INRS community, the wearing of a procedure mask remains mandatory at all times, including in classrooms, laboratories and libraries. It may be removed only to eating or drinking in designated areas. A person alone, in a closed room, may also remove their mask.<\/li><li>Procedural masks will continue to be provided free of charge to all community members at all campus entrances.<\/li><li>A physical distance of one meter shall be maintained for all community members.<\/li><li>In classrooms, a distance of less than a meter will be allowed for members of the student community, who must maintain their procedural masks. Faculty members who remove their masks to give their classes will be required to maintain a distance of two meters in compliance with the standards issued by the CNESST.<\/li><li>In laboratories, when the one-meter distance cannot be maintained, students and staff will have to add an additional personal protection to the procedural mask, namely a face shield.<\/li><li>As of September 1<sup>st<\/sup>, the vaccination passport will apply to certain activities deemed non-essential and at high risk of spreading COVID-19, namely sports, cultural and social activities. In addition, partners and guests will also be required to show their vaccination passport to access INRS facilities. Details regarding vaccination passport verification will be communicated at a later date.<\/li><li>For international students, please note that some additional <a href=\"https:\/\/dev.inrs.ca\/en\/inrs\/community-services\/emergency-procedures\/covid-19\/welcoming-foreign-students-in-the-context-of-covid-19\/\">rules<\/a> apply. We invite you to consult them and make sure you respect them before the start of the new school year.<\/li><li>Please note that the welcoming activities related to the beginning of the school year and planned in the centers are maintained, in accordance with the instructions issued by public health authorities.<\/li><li>Finally, for administrative staff members who do not provide direct services to the community, teleworking is encouraged; we ask you to refer to your manager for any additional questions.<\/li><\/ul>\n\n\n\n<h3 class=\"wp-block-heading\"><br><strong>Any questions?<\/strong><\/h3>\n\n\n\n<p>If you have any questions or comments, we invite you to directly reach out to the management of your center or administrative unit. You can also visit the COVID-19 section on our website or send an email to <a href=\"file:\/\/\/C:\/Users\/lmleclerc\/AppData\/Local\/Microsoft\/Windows\/INetCache\/Content.Outlook\/IL96MMN1\/inrs.covid@dev.inrs.ca\">inrs.covid@dev.inrs.ca<\/a>.<\/p>\n\n\n\n<p>Thank you for your cooperation.<\/p>\n\n\n\n<p><strong><em>The Chief Executive Office<\/em><\/strong><\/p>\n\n\n\n<div style=\"height:11px\" aria-hidden=\"true\" class=\"wp-block-spacer\"><\/div>\n\n\n\n<hr class=\"wp-block-separator\" id=\"infocovid\"\/>\n\n\n\n<div class=\"wp-block-columns is-layout-flex wp-container-core-columns-is-layout-1 wp-block-columns-is-layout-flex\">\n<div class=\"wp-block-column is-layout-flow wp-block-column-is-layout-flow\">\n<div class=\"wp-block-image\"><figure class=\"aligncenter size-large is-resized\"><img loading=\"lazy\" decoding=\"async\" src=\"https:\/\/dev.inrs.ca\/wp-content\/uploads\/iconfinder_syringe_vaccine_medicine_injection_antibiotic_6217286-1.png\" alt=\"Vaccination icon vaccin\" class=\"wp-image-59452\" width=\"128\" height=\"128\" srcset=\"https:\/\/dev.inrs.ca\/wp-content\/uploads\/iconfinder_syringe_vaccine_medicine_injection_antibiotic_6217286-1.png 512w, https:\/\/dev.inrs.ca\/wp-content\/uploads\/iconfinder_syringe_vaccine_medicine_injection_antibiotic_6217286-1-300x300.png 300w, https:\/\/dev.inrs.ca\/wp-content\/uploads\/iconfinder_syringe_vaccine_medicine_injection_antibiotic_6217286-1-150x150.png 150w\" sizes=\"auto, (max-width: 128px) 100vw, 128px\" \/><\/figure><\/div>\n<\/div>\n\n\n\n<div class=\"wp-block-column is-layout-flow wp-block-column-is-layout-flow\" style=\"flex-basis:66.66%\">\n<h3 class=\"wp-block-heading\"><br>We all have good questions about vaccination<\/h3>\n\n\n\n<p><a href=\"https:\/\/dev.inrs.ca\/wp-content\/uploads\/EN-QR_QR_Vaccination_26_avril.pdf\" target=\"_blank\" rel=\"noreferrer noopener\" class=\"broken_link\">Consult the Quebec government&#8217;s frequently asked questions<\/a>(PDF)<\/p>\n<\/div>\n<\/div>\n\n\n\n<div style=\"height:20px\" aria-hidden=\"true\" class=\"wp-block-spacer\"><\/div>\n\n\n\n    \n\n<div class=\"content-usefull-links-ctn \">\n    <h4 class=\"title\"><\/h4>\n    <div class=\"tile-cta-ctn\">\n                    <div class=\"item tile-cta jsBlockLink\">\n                <p class=\"link\">\n                    <a href=\"https:\/\/dev.inrs.ca\/en\/inrs\/community-services\/emergency-procedures\/covid-19\/covid-19-all-announcements\/\" target=\"\">COVID-19: All announcements<\/a>\n                <\/p>\n            <\/div>\n                    <div class=\"item tile-cta jsBlockLink\">\n                <p class=\"link\">\n                    <a href=\"https:\/\/dev.inrs.ca\/linrs\/services-a-la-communaute\/mesures-d-urgence\/covid-19\/nos-expertises-sur-la-covid-19\/\" target=\"\">Our expertise on COVID-19 (in French)<\/a>\n                <\/p>\n            <\/div>\n            <\/div>\n<\/div>\n\n\n<h2 class=\"wp-block-heading\"><strong>INRS is mobilized to support you during the COVID-19 pandemic<\/strong><\/h2>\n\n\n\n<div class=\"wp-block-media-text alignwide is-stacked-on-mobile is-image-fill has-background\" style=\"background:linear-gradient(29deg,rgb(239,239,239) 0%,rgb(229,229,229) 100%);grid-template-columns:15% auto\"><figure class=\"wp-block-media-text__media\" style=\"background-image:url(https:\/\/dev.inrs.ca\/wp-content\/uploads\/2020\/07\/coronavirus-virus-1024x576.jpg);background-position:50% 50%\"><img loading=\"lazy\" decoding=\"async\" width=\"1024\" height=\"576\" src=\"https:\/\/dev.inrs.ca\/wp-content\/uploads\/2020\/07\/coronavirus-virus-1024x576.jpg\" alt=\"\" class=\"wp-image-17871 size-full\" srcset=\"https:\/\/dev.inrs.ca\/wp-content\/uploads\/2020\/07\/coronavirus-virus-1024x576.jpg 1024w, https:\/\/dev.inrs.ca\/wp-content\/uploads\/2020\/07\/coronavirus-virus-300x169.jpg 300w, https:\/\/dev.inrs.ca\/wp-content\/uploads\/2020\/07\/coronavirus-virus-768x432.jpg 768w, https:\/\/dev.inrs.ca\/wp-content\/uploads\/2020\/07\/coronavirus-virus-1536x864.jpg 1536w, https:\/\/dev.inrs.ca\/wp-content\/uploads\/2020\/07\/coronavirus-virus-2048x1152.jpg 2048w\" sizes=\"auto, (max-width: 1024px) 100vw, 1024px\" \/><\/figure><div class=\"wp-block-media-text__content\">\n<p>A committee has been set up to closely monitor <a href=\"https:\/\/www.quebec.ca\/en\/health\/health-issues\/a-z\/2019-coronavirus\/\" target=\"_blank\" rel=\"noreferrer noopener\"><strong>developments<\/strong><\/a>. This committee communicates regularly and as soon as necessary the instructions, important information and preventive measures announced by the Quebec Ministry of Education and Higher Education and by Public Health.<\/p>\n\n\n\n<p><strong>For any questions, we invite you to write to <\/strong><a href=\"mailto:inrs.covid@dev.inrs.ca\"><strong>inrs.covid@dev.inrs.ca<\/strong><\/a><strong>.<\/strong><\/p>\n<\/div><\/div>\n\n\n\n<div style=\"height:20px\" aria-hidden=\"true\" class=\"wp-block-spacer\"><\/div>\n\n\n<div class=\"content-page-list-ctn\">\n    <h4 class=\"title\"><\/h4>\n    <div class=\"featured-cta-ctn -trio\">\n                    <div class=\"item jsBlockLink\">\n                <div class=\"image\">\n                                            <img decoding=\"async\" src=\"https:\/\/dev.inrs.ca\/wp-content\/uploads\/2020\/09\/futurs-etudiants-inrs2-science-600x400.jpg\" alt=\"COVID-19: Conditions on Maintaining Education Activities\">\n                                    <\/div>\n                <div class=\"info\">\n                    <a class=\"link\" href=\"\/en\/inrs\/community-services\/emergency-procedures\/covid-19\/conditions-on-maintaining-education-activities\/\">COVID-19: Conditions on Maintaining Education Activities<\/a>\n                <\/div>\n            <\/div>\n                    <div class=\"item jsBlockLink\">\n                <div class=\"image\">\n                                            <img decoding=\"async\" src=\"https:\/\/dev.inrs.ca\/wp-content\/uploads\/2020\/07\/Actualite-detecter-le-virus-de-la-COVID-19-sur-le-terrain-inrs-600x400.jpg\" alt=\"COVID-19: Conditions on Maintaining Research Activities\">\n                                    <\/div>\n                <div class=\"info\">\n                    <a class=\"link\" href=\"\/en\/inrs\/community-services\/emergency-procedures\/covid-19\/conditions-for-research-activities\/\">COVID-19: Conditions on Maintaining Research Activities<\/a>\n                <\/div>\n            <\/div>\n                    <div class=\"item jsBlockLink\">\n                <div class=\"image\">\n                                            <img decoding=\"async\" src=\"https:\/\/dev.inrs.ca\/wp-content\/uploads\/2021\/03\/INRS-Mtl-Sherbrooke_laetitiaphotographe-0842-2-600x400.jpg\" alt=\"COVID-19: Conditions on Maintaining Work Activities\">\n                                    <\/div>\n                <div class=\"info\">\n                    <a class=\"link\" href=\"\/en\/inrs\/community-services\/emergency-procedures\/covid-19\/conditions-on-maintaining-work-activities\/\">COVID-19: Conditions on Maintaining Work Activities<\/a>\n                <\/div>\n            <\/div>\n            <\/div>\n<\/div>\n\n<div class=\"content-page-list-ctn\">\n    <h4 class=\"title\"><\/h4>\n    <div class=\"featured-cta-ctn -trio\">\n                    <div class=\"item jsBlockLink\">\n                <div class=\"image\">\n                                            <img decoding=\"async\" src=\"https:\/\/dev.inrs.ca\/wp-content\/uploads\/accueil-etudiants-etrangers-covid-inrs-600x400.jpeg\" alt=\"Welcoming International Students in the Context of COVID-19\">\n                                    <\/div>\n                <div class=\"info\">\n                    <a class=\"link\" href=\"\/en\/inrs\/community-services\/emergency-procedures\/covid-19\/welcoming-foreign-students-in-the-context-of-covid-19\/\">Welcoming International Students in the Context of COVID-19<\/a>\n                <\/div>\n            <\/div>\n                    <div class=\"item jsBlockLink\">\n                <div class=\"image\">\n                                            <img decoding=\"async\" src=\"https:\/\/dev.inrs.ca\/wp-content\/uploads\/2021\/01\/Photonique-neuromorphique-detection-COVID-19-600x400.png\" alt=\"Flat-rate living allowance for the quarantine\">\n                                    <\/div>\n                <div class=\"info\">\n                    <a class=\"link\" href=\"\/en\/en\/studies\/scholarships-and-financial-aid\/find-a-scholarship\/repertoire-des-bourses-d-etudes\/flat-rate-living-allowance-for-the-quarantine\/\">Flat-rate living allowance for the quarantine<\/a>\n                <\/div>\n            <\/div>\n                    <div class=\"item jsBlockLink\">\n                <div class=\"image\">\n                                            <img decoding=\"async\" src=\"https:\/\/dev.inrs.ca\/wp-content\/uploads\/2021\/03\/fonds-aide-etudiant-urgence-covid-600x400.jpeg\" alt=\"COVID-19: Student Emergency Assistance Fund\">\n                                    <\/div>\n                <div class=\"info\">\n                    <a class=\"link\" href=\"\/en\/community-services\/emergency-procedures\/covid-19\/student-emergency-assistance-fund\/\">COVID-19: Student Emergency Assistance Fund<\/a>\n                <\/div>\n            <\/div>\n            <\/div>\n<\/div>\n\n<div class=\"content-page-list-ctn\">\n    <h4 class=\"title\"><\/h4>\n    <div class=\"featured-cta-ctn -trio\">\n                    <div class=\"item jsBlockLink\">\n                <div class=\"image\">\n                                            <img decoding=\"async\" src=\"https:\/\/dev.inrs.ca\/wp-content\/uploads\/sante-mentale-health-reseau-allies-inrs-600x400.jpeg\" alt=\"Psychological Support\">\n                                    <\/div>\n                <div class=\"info\">\n                    <a class=\"link\" href=\"\/en\/inrs\/community-services\/psychological-support\/\">Psychological Support<\/a>\n                <\/div>\n            <\/div>\n                    <div class=\"item jsBlockLink\">\n                <div class=\"image\">\n                                            <img decoding=\"async\" src=\"https:\/\/dev.inrs.ca\/wp-content\/uploads\/2020\/07\/Actualite-domestiquer-le-virus-de-la-COVID-19-inrs-600x400.jpg\" alt=\"Preventive measures and health instructions\">\n                                    <\/div>\n                <div class=\"info\">\n                    <a class=\"link\" href=\"\/en\/inrs\/community-services\/emergency-procedures\/covid-19\/preventive-measures\/\">Preventive measures and health instructions<\/a>\n                <\/div>\n            <\/div>\n            <\/div>\n<\/div>","protected":false},"excerpt":{"rendered":"<p>The National Institute for Scientific Research is closely monitoring the pandemic of the new coronavirus causing COVID-19 disease. A committee has been set up to regularly communicate the prevention instructions and measures announced by the Quebec Ministry of Education and Higher Education as well as important information concerning the entire INRS community.<\/p>\n","protected":false},"author":3,"featured_media":12171,"parent":17740,"menu_order":0,"comment_status":"closed","ping_status":"closed","template":"templates\/research-infrastructure.php","meta":{"_acf_changed":false,"footnotes":""},"page_type":[],"wf_page_folders":[],"class_list":["post-17757","page","type-page","status-publish","has-post-thumbnail","hentry"],"acf":[],"yoast_head":"<!-- This site is optimized with the Yoast SEO Premium plugin v24.6 (Yoast SEO v24.6) - https:\/\/yoast.com\/wordpress\/plugins\/seo\/ -->\n<title>COVID-19: Announcements, Measures, and Guidelines | Community | Emergency procedures | INRS<\/title>\n<meta name=\"description\" content=\"COVID-19 (coronavirus) : communiqu\u00e9s, modalit\u00e9s des \u00e9tudes, de la recherche et du travail, bourses d&#039;\u00e9tudes, fonds \u00e9tudiant d&#039;aide d&#039;urgence, sant\u00e9.\" \/>\n<meta name=\"robots\" content=\"noindex, follow, max-snippet:-1, max-image-preview:large, max-video-preview:-1\" \/>\n<meta property=\"og:locale\" content=\"en_US\" \/>\n<meta property=\"og:type\" content=\"article\" \/>\n<meta property=\"og:title\" content=\"COVID-19: Announcements, Measures, and Guidelines | Community | Emergency procedures | INRS\" \/>\n<meta property=\"og:description\" content=\"COVID-19 (coronavirus) : communiqu\u00e9s, modalit\u00e9s des \u00e9tudes, de la recherche et du travail, bourses d&#039;\u00e9tudes, fonds \u00e9tudiant d&#039;aide d&#039;urgence, sant\u00e9.\" \/>\n<meta property=\"og:url\" content=\"https:\/\/dev.inrs.ca\/en\/inrs\/community-services\/emergency-procedures\/covid-19\/\" \/>\n<meta property=\"og:site_name\" content=\"INRS\" \/>\n<meta property=\"article:publisher\" content=\"https:\/\/www.facebook.com\/inrsciences\/\" \/>\n<meta property=\"article:modified_time\" content=\"2021-09-23T18:24:06+00:00\" \/>\n<meta property=\"og:image\" content=\"https:\/\/dev.inrs.ca\/wp-content\/uploads\/2020\/07\/Actualite-des-recherches-pour-un-antiviral-a-large-spectre-contre-les-coronavirus-inrs.jpg\" \/>\n\t<meta property=\"og:image:width\" content=\"1000\" \/>\n\t<meta property=\"og:image:height\" content=\"563\" \/>\n\t<meta property=\"og:image:type\" content=\"image\/jpeg\" \/>\n<meta name=\"twitter:card\" content=\"summary_large_image\" \/>\n<meta name=\"twitter:site\" content=\"@inrsciences\" \/>\n<meta name=\"twitter:label1\" content=\"Est. reading time\" \/>\n\t<meta name=\"twitter:data1\" content=\"3 minutes\" \/>\n<script type=\"application\/ld+json\" class=\"yoast-schema-graph\">{\"@context\":\"https:\/\/schema.org\",\"@graph\":[{\"@type\":\"WebPage\",\"@id\":\"https:\/\/dev.inrs.ca\/en\/inrs\/community-services\/emergency-procedures\/covid-19\/\",\"url\":\"https:\/\/dev.inrs.ca\/en\/inrs\/community-services\/emergency-procedures\/covid-19\/\",\"name\":\"COVID-19: Announcements, Measures, and Guidelines | Community | Emergency procedures | INRS\",\"isPartOf\":{\"@id\":\"https:\/\/dev.inrs.ca\/en\/#website\"},\"primaryImageOfPage\":{\"@id\":\"https:\/\/dev.inrs.ca\/en\/inrs\/community-services\/emergency-procedures\/covid-19\/#primaryimage\"},\"image\":{\"@id\":\"https:\/\/dev.inrs.ca\/en\/inrs\/community-services\/emergency-procedures\/covid-19\/#primaryimage\"},\"thumbnailUrl\":\"https:\/\/dev.inrs.ca\/wp-content\/uploads\/2020\/07\/Actualite-des-recherches-pour-un-antiviral-a-large-spectre-contre-les-coronavirus-inrs.jpg\",\"datePublished\":\"2020-12-17T16:55:31+00:00\",\"dateModified\":\"2021-09-23T18:24:06+00:00\",\"description\":\"COVID-19 (coronavirus) : communiqu\u00e9s, modalit\u00e9s des \u00e9tudes, de la recherche et du travail, bourses d'\u00e9tudes, fonds \u00e9tudiant d'aide d'urgence, sant\u00e9.\",\"breadcrumb\":{\"@id\":\"https:\/\/dev.inrs.ca\/en\/inrs\/community-services\/emergency-procedures\/covid-19\/#breadcrumb\"},\"inLanguage\":\"en-CA\",\"potentialAction\":[{\"@type\":\"ReadAction\",\"target\":[\"https:\/\/dev.inrs.ca\/en\/inrs\/community-services\/emergency-procedures\/covid-19\/\"]}]},{\"@type\":\"ImageObject\",\"inLanguage\":\"en-CA\",\"@id\":\"https:\/\/dev.inrs.ca\/en\/inrs\/community-services\/emergency-procedures\/covid-19\/#primaryimage\",\"url\":\"https:\/\/dev.inrs.ca\/wp-content\/uploads\/2020\/07\/Actualite-des-recherches-pour-un-antiviral-a-large-spectre-contre-les-coronavirus-inrs.jpg\",\"contentUrl\":\"https:\/\/dev.inrs.ca\/wp-content\/uploads\/2020\/07\/Actualite-des-recherches-pour-un-antiviral-a-large-spectre-contre-les-coronavirus-inrs.jpg\",\"width\":1000,\"height\":563,\"caption\":\"Des recherches pour un antiviral \u00e0 large spectre contre les coronavirus\"},{\"@type\":\"BreadcrumbList\",\"@id\":\"https:\/\/dev.inrs.ca\/en\/inrs\/community-services\/emergency-procedures\/covid-19\/#breadcrumb\",\"itemListElement\":[{\"@type\":\"ListItem\",\"position\":1,\"name\":\"INRS\",\"item\":\"https:\/\/dev.inrs.ca\/linrs\/\"},{\"@type\":\"ListItem\",\"position\":2,\"name\":\"Community Services\",\"item\":\"https:\/\/dev.inrs.ca\/linrs\/services-a-la-communaute\/\"},{\"@type\":\"ListItem\",\"position\":3,\"name\":\"Emergency Procedures\",\"item\":\"https:\/\/dev.inrs.ca\/linrs\/services-a-la-communaute\/mesures-d-urgence\/\"},{\"@type\":\"ListItem\",\"position\":4,\"name\":\"COVID-19: Announcements, Measures, and Guidelines\"}]},{\"@type\":\"WebSite\",\"@id\":\"https:\/\/dev.inrs.ca\/en\/#website\",\"url\":\"https:\/\/dev.inrs.ca\/en\/\",\"name\":\"INRS\",\"description\":\"Institut national de la recherche scientifique\",\"potentialAction\":[{\"@type\":\"SearchAction\",\"target\":{\"@type\":\"EntryPoint\",\"urlTemplate\":\"https:\/\/dev.inrs.ca\/en\/?s={search_term_string}\"},\"query-input\":{\"@type\":\"PropertyValueSpecification\",\"valueRequired\":true,\"valueName\":\"search_term_string\"}}],\"inLanguage\":\"en-CA\"}]}<\/script>\n<!-- \/ Yoast SEO Premium plugin. -->","yoast_head_json":{"title":"COVID-19: Announcements, Measures, and Guidelines | Community | Emergency procedures | INRS","description":"COVID-19 (coronavirus) : communiqu\u00e9s, modalit\u00e9s des \u00e9tudes, de la recherche et du travail, bourses d'\u00e9tudes, fonds \u00e9tudiant d'aide d'urgence, sant\u00e9.","robots":{"index":"noindex","follow":"follow","max-snippet":"max-snippet:-1","max-image-preview":"max-image-preview:large","max-video-preview":"max-video-preview:-1"},"og_locale":"en_US","og_type":"article","og_title":"COVID-19: Announcements, Measures, and Guidelines | Community | Emergency procedures | INRS","og_description":"COVID-19 (coronavirus) : communiqu\u00e9s, modalit\u00e9s des \u00e9tudes, de la recherche et du travail, bourses d'\u00e9tudes, fonds \u00e9tudiant d'aide d'urgence, sant\u00e9.","og_url":"https:\/\/dev.inrs.ca\/en\/inrs\/community-services\/emergency-procedures\/covid-19\/","og_site_name":"INRS","article_publisher":"https:\/\/www.facebook.com\/inrsciences\/","article_modified_time":"2021-09-23T18:24:06+00:00","og_image":[{"width":1000,"height":563,"url":"https:\/\/dev.inrs.ca\/wp-content\/uploads\/2020\/07\/Actualite-des-recherches-pour-un-antiviral-a-large-spectre-contre-les-coronavirus-inrs.jpg","type":"image\/jpeg"}],"twitter_card":"summary_large_image","twitter_site":"@inrsciences","twitter_misc":{"Est. reading time":"3 minutes"},"schema":{"@context":"https:\/\/schema.org","@graph":[{"@type":"WebPage","@id":"https:\/\/dev.inrs.ca\/en\/inrs\/community-services\/emergency-procedures\/covid-19\/","url":"https:\/\/dev.inrs.ca\/en\/inrs\/community-services\/emergency-procedures\/covid-19\/","name":"COVID-19: Announcements, Measures, and Guidelines | Community | Emergency procedures | INRS","isPartOf":{"@id":"https:\/\/dev.inrs.ca\/en\/#website"},"primaryImageOfPage":{"@id":"https:\/\/dev.inrs.ca\/en\/inrs\/community-services\/emergency-procedures\/covid-19\/#primaryimage"},"image":{"@id":"https:\/\/dev.inrs.ca\/en\/inrs\/community-services\/emergency-procedures\/covid-19\/#primaryimage"},"thumbnailUrl":"https:\/\/dev.inrs.ca\/wp-content\/uploads\/2020\/07\/Actualite-des-recherches-pour-un-antiviral-a-large-spectre-contre-les-coronavirus-inrs.jpg","datePublished":"2020-12-17T16:55:31+00:00","dateModified":"2021-09-23T18:24:06+00:00","description":"COVID-19 (coronavirus) : communiqu\u00e9s, modalit\u00e9s des \u00e9tudes, de la recherche et du travail, bourses d'\u00e9tudes, fonds \u00e9tudiant d'aide d'urgence, sant\u00e9.","breadcrumb":{"@id":"https:\/\/dev.inrs.ca\/en\/inrs\/community-services\/emergency-procedures\/covid-19\/#breadcrumb"},"inLanguage":"en-CA","potentialAction":[{"@type":"ReadAction","target":["https:\/\/dev.inrs.ca\/en\/inrs\/community-services\/emergency-procedures\/covid-19\/"]}]},{"@type":"ImageObject","inLanguage":"en-CA","@id":"https:\/\/dev.inrs.ca\/en\/inrs\/community-services\/emergency-procedures\/covid-19\/#primaryimage","url":"https:\/\/dev.inrs.ca\/wp-content\/uploads\/2020\/07\/Actualite-des-recherches-pour-un-antiviral-a-large-spectre-contre-les-coronavirus-inrs.jpg","contentUrl":"https:\/\/dev.inrs.ca\/wp-content\/uploads\/2020\/07\/Actualite-des-recherches-pour-un-antiviral-a-large-spectre-contre-les-coronavirus-inrs.jpg","width":1000,"height":563,"caption":"Des recherches pour un antiviral \u00e0 large spectre contre les coronavirus"},{"@type":"BreadcrumbList","@id":"https:\/\/dev.inrs.ca\/en\/inrs\/community-services\/emergency-procedures\/covid-19\/#breadcrumb","itemListElement":[{"@type":"ListItem","position":1,"name":"INRS","item":"https:\/\/dev.inrs.ca\/linrs\/"},{"@type":"ListItem","position":2,"name":"Community Services","item":"https:\/\/dev.inrs.ca\/linrs\/services-a-la-communaute\/"},{"@type":"ListItem","position":3,"name":"Emergency Procedures","item":"https:\/\/dev.inrs.ca\/linrs\/services-a-la-communaute\/mesures-d-urgence\/"},{"@type":"ListItem","position":4,"name":"COVID-19: Announcements, Measures, and Guidelines"}]},{"@type":"WebSite","@id":"https:\/\/dev.inrs.ca\/en\/#website","url":"https:\/\/dev.inrs.ca\/en\/","name":"INRS","description":"Institut national de la recherche scientifique","potentialAction":[{"@type":"SearchAction","target":{"@type":"EntryPoint","urlTemplate":"https:\/\/dev.inrs.ca\/en\/?s={search_term_string}"},"query-input":{"@type":"PropertyValueSpecification","valueRequired":true,"valueName":"search_term_string"}}],"inLanguage":"en-CA"}]}},"_links":{"self":[{"href":"https:\/\/dev.inrs.ca\/en\/wp-json\/wp\/v2\/pages\/17757","targetHints":{"allow":["GET"]}}],"collection":[{"href":"https:\/\/dev.inrs.ca\/en\/wp-json\/wp\/v2\/pages"}],"about":[{"href":"https:\/\/dev.inrs.ca\/en\/wp-json\/wp\/v2\/types\/page"}],"author":[{"embeddable":true,"href":"https:\/\/dev.inrs.ca\/en\/wp-json\/wp\/v2\/users\/3"}],"replies":[{"embeddable":true,"href":"https:\/\/dev.inrs.ca\/en\/wp-json\/wp\/v2\/comments?post=17757"}],"version-history":[{"count":5,"href":"https:\/\/dev.inrs.ca\/en\/wp-json\/wp\/v2\/pages\/17757\/revisions"}],"predecessor-version":[{"id":75129,"href":"https:\/\/dev.inrs.ca\/en\/wp-json\/wp\/v2\/pages\/17757\/revisions\/75129"}],"up":[{"embeddable":true,"href":"https:\/\/dev.inrs.ca\/en\/wp-json\/wp\/v2\/pages\/17740"}],"wp:featuredmedia":[{"embeddable":true,"href":"https:\/\/dev.inrs.ca\/en\/wp-json\/wp\/v2\/media\/12171"}],"wp:attachment":[{"href":"https:\/\/dev.inrs.ca\/en\/wp-json\/wp\/v2\/media?parent=17757"}],"wp:term":[{"taxonomy":"page_type","embeddable":true,"href":"https:\/\/dev.inrs.ca\/en\/wp-json\/wp\/v2\/page_type?post=17757"},{"taxonomy":"wf_page_folders","embeddable":true,"href":"https:\/\/dev.inrs.ca\/en\/wp-json\/wp\/v2\/wf_page_folders?post=17757"}],"curies":[{"name":"wp","href":"https:\/\/api.w.org\/{rel}","templated":true}]}}