{"id":17754,"date":"2020-08-13T15:18:45","date_gmt":"2020-08-13T15:18:45","guid":{"rendered":"https:\/\/dev.inrs.ca\/mesures-durgence\/autres-situations-durgence\/"},"modified":"2020-09-06T14:05:35","modified_gmt":"2020-09-06T18:05:35","slug":"autres-situations-durgence","status":"publish","type":"page","link":"https:\/\/dev.inrs.ca\/en\/inrs\/community-services\/emergency-procedures\/other-emergency-situations\/","title":{"rendered":"Other emergency situations"},"content":{"rendered":"\n<p style=\"font-size:clamp(14px, 0.875rem + ((1vw - 3.2px) * 0.723), 20px);px\"><strong><strong>Would you know what to do in the event of an intrusion, explosion, or earthquake? For your own safety and the safety of those around you, find out what to in the following emergency situations.<\/strong><\/strong><\/p>\n\n\n<div class=\"banner-text\">\n    <div class=\"inner\">\n        Only take action if it is safe to do so.\n    <\/div>\n<\/div>\n\n\n<p><strong><strong><a href=\"#Firstaidandinjuries\">First aid and injuries<\/a> | <a href=\"#Structuraldamageorcollapse\">Structural damage or collapse<\/a> | <a href=\"#Explosion\">Explosion<\/a><\/strong><\/strong> <strong><strong>| <a href=\"#Gasleaksuspiciousodour\">Gas leak (suspicious odour)<\/a> | <a href=\"#Fire\">Fire<\/a> | <a href=\"#Floodorseverewaterdamage\">Flood or severe water damage<\/a> | <a href=\"#Hazardousmaterialspill\">Hazardous material spill<\/a> | <a href=\"#Earthquake\">Earthquake<\/a> | <a href=\"#Violenceandthreats\">Violence and threats<\/a> | <a href=\"#Intrusion\">Intrusion<\/a> | <a href=\"#Vandalism\">Vandalism<\/a> | <a href=\"#Majortechnicalissue\">Major technical issue<\/a> | <a href=\"#Animalatlarge\">Animal at large<\/a> | <a href=\"#Confinementbreach\">Confinement breach<\/a> | <a href=\"#Gammacellalarm\">Gammacell alarm<\/a> | <a href=\"#Demonstration\">Demonstration<\/a><\/strong><\/strong><\/p>\n\n\n\n<h2 class=\"wp-block-heading\" id=\"Firstaidandinjuries\"><strong><strong>First aid and injuries<\/strong><\/strong><\/h2>\n\n\n\n<ul class=\"wp-block-list\"><li>Your research centre\u2019s first aid team can treat minor injuries.<\/li><li>For medical emergencies and more serious injuries, call an ambulance.<\/li><li>All injuries and medical emergencies, even if they are minor, must be reported to avoid possible complications.<\/li><\/ul>\n\n\n\n<p><strong><strong>For all emergencies, including minor ones:<\/strong><\/strong><\/p>\n\n\n\n<p>Go to a safe place and call Security for immediate assistance. Wait for help to arrive. You\u2019ll need to provide the following information:<\/p>\n\n\n\n<ul class=\"wp-block-list\"><li>Where the incident happened (building, room)<\/li><li>Your name and a telephone number where you can be reached<\/li><li>How many people are injured<\/li><\/ul>\n\n\n\n<p>If you call 911 right away, it is important to call research centre Security afterward to ensure emergency responders are directed to the right place and to get help before the ambulance arrives.<\/p>\n\n\n\n<p><strong><strong>If you are with the victim:<\/strong><\/strong><\/p>\n\n\n\n<ul class=\"wp-block-list\"><li>Stay with the person and provide reassurance while you wait for help to arrive<\/li><li>Do not move the person<\/li><li>If possible, send someone to the entrance to direct the responders<\/li><\/ul>\n\n\n\n<div style=\"height:30px\" aria-hidden=\"true\" class=\"wp-block-spacer\"><\/div>\n\n\n\n<h2 class=\"wp-block-heading\" id=\"Structuraldamageorcollapse\"><strong>Structural damage or collapse<\/strong><\/h2>\n\n\n\n<p><strong>If you see, or are injured in, a structural collapse:<\/strong><\/p>\n\n\n\n<ul class=\"wp-block-list\" type=\"1\"><li>Do not use anything that could produce a spark in the area of the collapse (cell phone, electrical switch or device, manual fire alarm, etc.).<\/li><li>Evacuate and go to the nearest meeting point.<\/li><li>Call Security from a safe location to report the incident. You\u2019ll need to provide the following information:<ul><li>Location of the collapse (building, room)<\/li><li>Your name and a telephone number where you can be reached<\/li><li>Whether there are injuries<\/li><\/ul><\/li><\/ul>\n\n\n\n<div style=\"height:30px\" aria-hidden=\"true\" class=\"wp-block-spacer\"><\/div>\n\n\n\n<h2 class=\"wp-block-heading\" id=\"Explosion\">Explosion<\/h2>\n\n\n\n<p><strong>If you see, or are injured in, an explosion:<\/strong><\/p>\n\n\n\n<ul class=\"wp-block-list\" type=\"1\"><li>Do not use anything that could produce a spark in the area of the explosion (cell phone, electrical switch or device, manual fire alarm, etc.).<\/li><li>Evacuate and go to the nearest meeting point.<\/li><li>Call Security from a safe location to report the incident. You\u2019ll need to provide the following information:<ul><li>Location (building, room)<\/li><li>Your name and a telephone number where you can be reached<\/li><li>Whether there are injuries<\/li><\/ul><\/li><\/ul>\n\n\n<div class=\"banner-text\">\n    <div class=\"inner\">\n        If you call 911 right away, it is important to call research centre Security afterward to ensure emergency responders are directed to the right place and to get help quickly.\n    <\/div>\n<\/div>\n\n\n<h2 class=\"wp-block-heading\" id=\"Gasleaksuspiciousodour\"><strong>Gas leak (suspicious odour)<\/strong><\/h2>\n\n\n\n<p><strong>If you detect, or are injured in, a gas leak:<\/strong><\/p>\n\n\n\n<ul class=\"wp-block-list\" type=\"1\"><li>Do not use anything that could produce a spark in the area of the suspicious odour (cell phone, electrical switch or device, manual fire alarm, etc.).<\/li><li>Extinguish any flames or other non-electric ignition sources.<\/li><li>Notify everyone in the immediate area.<\/li><li>Close the doors and do not let anyone enter.<\/li><li>Evacuate and go to the nearest meeting point. If conditions allow and if it won\u2019t take too long, evacuate from the side opposite the source of the odour.<\/li><\/ul>\n\n\n\n<p>Call Security from a safe location to report the incident. You\u2019ll need to provide the following information:<\/p>\n\n\n\n<ul class=\"wp-block-list\"><li>The location of the suspicious odour (building, room)<\/li><li>Your name and a telephone number where you can be reached<\/li><li>Whether there are injuries<\/li><\/ul>\n\n\n\n<div style=\"height:30px\" aria-hidden=\"true\" class=\"wp-block-spacer\"><\/div>\n\n\n\n<h2 class=\"wp-block-heading\" id=\"Fire\">Fire<\/h2>\n\n\n\n<p>Be proactive and know where the extinguishers, alarms, and emergency exits are so you can be ready if there is a fire.<\/p>\n\n\n\n<p><strong>If you notice a fire (smoke and\/or flames):<\/strong><\/p>\n\n\n\n<p>If you notice a fire (smoke and\/or flames):<\/p>\n\n\n\n<ul class=\"wp-block-list\" type=\"1\"><li>Pull the manual fire alarm to sound the alert.<\/li><li>Call Security from a safe location to report the fire.<\/li><\/ul>\n\n\n\n<p>When you hear the alarm or if you are ordered to evacuate:<\/p>\n\n\n\n<ul class=\"wp-block-list\"><li>Evacuate quickly but calmly.<\/li><li>Do not run.<\/li><li>Do not go back to your work station for any personal belongings.<\/li><li>Leave the building via the nearest emergency exit.<strong><\/strong><\/li><\/ul>\n\n\n<div class=\"banner-text\">\n    <div class=\"inner\">\n        Always follow the safety officer\u2019s instructions.\n    <\/div>\n<\/div>\n\n\n<p><strong>If you can do so safely:<\/strong><\/p>\n\n\n\n<ul class=\"wp-block-list\"><li>\u00c9vacuez toute personne situ\u00e9e \u00e0 proximit\u00e9 du foyer d\u2019incendie.<\/li><\/ul>\n\n\n\n<ul class=\"wp-block-list\"><li>Evacuate everyone in the vicinity of the fire.<\/li><li>If applicable, turn off any ventilation devices (chemical fume hood, biological safety cabinet, etc.) and lab equipment (hotplate, oven, gas cylinder, etc.) and leave the room, closing the door behind you.<\/li><li>Use a portable extinguisher to put the fire out. Only use one extinguisher. If the fire is still burning, leave the area immediately.<\/li><\/ul>\n\n\n\n<p><strong>Make sure the exit route is clear before going out into a hallway or using the stairs.<\/strong><\/p>\n\n\n\n<ul class=\"wp-block-list\"><li>Is the door hot when you touch it with the back of your hand?<\/li><li>Is there heat coming from the stairwell or hallway?<\/li><li>Is there smoke or an odour of gas?<\/li><li>Is your exit route flooded?<\/li><\/ul>\n\n\n\n<p><strong>If the answer to any of these questions is \u201cyes,\u201d make your way to a different emergency exit.<\/strong><\/p>\n\n\n\n<p><strong>If you find yourself in an area with a lot of smoke, crouch down or crawl.<\/strong><\/p>\n\n\n\n<ul class=\"wp-block-list\"><li>Go immediately to the nearest meeting point.<\/li><li>Wait there until the safety patrol officer gives the all clear to go back in the building.<\/li><\/ul>\n\n\n<div class=\"banner-text\">\n    <div class=\"inner\">\n        Never re-enter an evacuated building. Never enter a building while the alarm is going off.\r\n\n    <\/div>\n<\/div>\n\n\n<p><strong><strong>If you cannot evacuate safely:<\/strong><\/strong><\/p>\n\n\n\n<ul class=\"wp-block-list\" type=\"1\"><li>Crouch down so you are not breathing in smoke or toxic gases<\/li><li>Shelter in an enclosed space<\/li><li>Close all the doors and windows. Open doors and windows can create drafts that carry smoke and toxic gases into the room<\/li><li>Seal any spaces around the doors<\/li><li>Go to the window (if there is one) to let someone know you are there<\/li><\/ul>\n\n\n\n<div style=\"height:30px\" aria-hidden=\"true\" class=\"wp-block-spacer\"><\/div>\n\n\n\n<h2 class=\"wp-block-heading\" id=\"Floodorseverewaterdamage\"><strong>Flood or severe water damage<\/strong><\/h2>\n\n\n\n<p><strong>In the event of a flood or severe water damage:<\/strong><\/p>\n\n\n\n<ul class=\"wp-block-list\" type=\"1\"><li>Do not touch anything electrical, whether or not it is turned on (computer, switch, etc.). There is a risk of electrocution.<\/li><li>Go to a safe place.<\/li><li>Call Security at your research centre to report the incident. You\u2019ll need to provide the following information:<ul><li>The location of the flood or water damage (building, room)<\/li><li>Your name and a telephone number where you can be reached<\/li><\/ul><\/li><\/ul>\n\n\n\n<p><strong>Tell others not to touch anything and to leave the area.<\/strong><\/p>\n\n\n\n<p>If possible, block off the flooded area by closing the door and sealing the space underneath the door to stop the spread of water.<\/p>\n\n\n\n<div style=\"height:30px\" aria-hidden=\"true\" class=\"wp-block-spacer\"><\/div>\n\n\n\n<h2 class=\"wp-block-heading\" id=\"Hazardousmaterialspill\"><strong>Hazardous material spill<\/strong><\/h2>\n\n\n\n<p><strong>If you see or are the victim of a hazardous material spill:<\/strong><\/p>\n\n\n\n<ul class=\"wp-block-list\" type=\"1\"><li>Do not use anything that could produce a spark in the area of the spill (cell phone, electrical switch or device, manual fire alarm, etc.).<\/li><li>Go to a safe place.<\/li><li>Call Security at your research centre to report the incident. You\u2019ll need to provide the following information:<ul><li>Location of the spill (building, room)<\/li><li>Your name and a telephone number where you can be reached<\/li><li>Type of spill<\/li><li>Whether there are injuries<\/li><\/ul><\/li><li>Notify everyone in the area.<\/li><\/ul>\n\n\n\n<p>If there is a risk of spilled liquid running into a drain, block the drain if it is safe to do so.<\/p>\n\n\n\n<p>If necessary, close the doors to prevent access to the room where the spill occurred.<\/p>\n\n\n\n<p><strong>Be ready to tell responders what was spilled and how it happened.<\/strong><\/p>\n\n\n\n<div style=\"height:30px\" aria-hidden=\"true\" class=\"wp-block-spacer\"><\/div>\n\n\n\n<h2 class=\"wp-block-heading\" id=\"Earthquake\"><strong>Earthquake<\/strong><\/h2>\n\n\n\n<p><strong><strong>If you are indoors:<\/strong><\/strong><\/p>\n\n\n\n<ul class=\"wp-block-list\"><li>Stay inside<\/li><li>Shelter under a heavy piece of furniture, such as a table, desk, or other sturdy object<\/li><li>For the best protection, hold on tightly to the object you are sheltering under<\/li><li>Cover your head and torso to protect yourself against falling objects<\/li><\/ul>\n\n\n\n<p><strong><strong>Things to avoid:<\/strong><\/strong><\/p>\n\n\n\n<ul class=\"wp-block-list\"><li>Do not shelter in a doorway. In newer buildings, they are not strong enough to protect you, and you could get hit by debris.<ul><li>If there is no furniture you can shelter under, crouch down against an interior wall or in a corner<\/li><li>Stay away from windows and shelves with heavy objects<\/li><li>Keep your back towards any windows<\/li><\/ul><\/li><\/ul>\n\n\n\n<p><strong><strong>If you are outdoors:<\/strong><\/strong><\/p>\n\n\n\n<ul class=\"wp-block-list\"><li>Stay outside<\/li><li>Go to an open space away from any buildings<\/li><li>If you are in a busy public place, shelter where you won\u2019t get trampled<\/li><\/ul>\n\n\n\n<p><strong>Si vous \u00eates dans un endroit public achaland\u00e9, r\u00e9fugiez-vous dans un endroit o\u00f9 vous ne serez pas pi\u00e9tin\u00e9.<\/strong><\/p>\n\n\n\n<div style=\"height:30px\" aria-hidden=\"true\" class=\"wp-block-spacer\"><\/div>\n\n\n\n<h2 class=\"wp-block-heading\" id=\"Violenceandthreats\"><strong>Violence and threats<\/strong><\/h2>\n\n\n\n<p><strong>If you are assaulted or if you witness an assault:<\/strong><\/p>\n\n\n\n<ul class=\"wp-block-list\" type=\"1\"><li>Go to a safe place.<\/li><li>Call Security at your research centre to report the incident. You\u2019ll need to provide the following information:<ul><li>Where the assault happened (building, room)<\/li><li>Your name and a telephone number where you can be reached<\/li><li>Description of the assailant<\/li><\/ul><\/li><\/ul>\n\n\n\n<p>If you call 911 right away, it is important to call research centre Security afterward to ensure emergency responders are directed to the right place and to get help quickly.<\/p>\n\n\n\n<div style=\"height:30px\" aria-hidden=\"true\" class=\"wp-block-spacer\"><\/div>\n\n\n\n<h2 class=\"wp-block-heading\" id=\"Intrusion\">Intrusion<\/h2>\n\n\n\n<p><strong>If you witness an intrusion:<\/strong><\/p>\n\n\n\n<ul class=\"wp-block-list\" type=\"1\"><li>Go to a safe place.<\/li><li>Call Security at your research centre to report the incident. You\u2019ll need to provide the following information:<ul><li>Where the intrusion is taking place<\/li><li>Your name and a telephone number where you can be reached<\/li><li>Description of the intruder<\/li><\/ul><\/li><\/ul>\n\n\n\n<div style=\"height:30px\" aria-hidden=\"true\" class=\"wp-block-spacer\"><\/div>\n\n\n\n<h2 class=\"wp-block-heading\" id=\"Vandalism\"><strong>Vandalism<\/strong><\/h2>\n\n\n\n<p><strong>If you witness vandalism:<\/strong><\/p>\n\n\n\n<ul class=\"wp-block-list\" type=\"1\"><li>Go to a safe place.<\/li><li>Call Security at your research centre to report the incident. You\u2019ll need to provide the following information:<ul><li>Where the vandalism is taking place (building, room)<\/li><li>Your name and a telephone number where you can be reached<\/li><li>Description of the perpetrator<\/li><\/ul><\/li><\/ul>\n\n\n\n<div style=\"height:30px\" aria-hidden=\"true\" class=\"wp-block-spacer\"><\/div>\n\n\n\n<h2 class=\"wp-block-heading\" id=\"Majortechnicalissue\"><strong>Major technical issue<\/strong><\/h2>\n\n\n\n<p>From an emergency measures perspective, a technical issue is defined as a situation that can have significant negative effects on the health and safety of occupants and on property and equipment in the area (e.g., a major power outage or an elevator malfunction when the elevator is occupied, etc.).<\/p>\n\n\n\n<p><strong>If you see a technical issue:<\/strong><\/p>\n\n\n\n<ul class=\"wp-block-list\" type=\"1\"><li>Go to a safe place.<\/li><li>Call Security at your research centre to report the incident. You\u2019ll need to provide the following information:<ul><li>Location of the issue<\/li><li>A brief description<\/li><li>Your name and a telephone number where you can be reached<\/li><\/ul><\/li><\/ul>\n\n\n\n<div style=\"height:30px\" aria-hidden=\"true\" class=\"wp-block-spacer\"><\/div>\n\n\n\n<h2 class=\"wp-block-heading\" id=\"Animalatlarge\"><strong>Animal at large<\/strong><\/h2>\n\n\n\n<p><strong>If you witness an abnormal situation involving an animal:<\/strong><\/p>\n\n\n\n<ul class=\"wp-block-list\" type=\"1\"><li>Go to a safe place.<\/li><li>Close the doors.<\/li><li>Call Security at your research centre for immediate assistance and wait for help to arrive. You\u2019ll need to provide the following information:<ul><li>Where you saw the animal (building, room)<\/li><li>Your name and a telephone number where you can be reached<\/li><li>Whether there are injuries<\/li><\/ul><\/li><\/ul>\n\n\n\n<div style=\"height:30px\" aria-hidden=\"true\" class=\"wp-block-spacer\"><\/div>\n\n\n\n<h2 class=\"wp-block-heading\" id=\"Confinementbreach\"><strong>Confinement breach<\/strong><\/h2>\n\n\n\n<p><strong>If you have knowledge of a confinement breach:<\/strong><\/p>\n\n\n\n<ul class=\"wp-block-list\" type=\"1\"><li>Go to a safe place.<\/li><li>Call Security at your research centre to report the incident. You\u2019ll need to provide the following information:<ul><li>Location (building, room)<\/li><li>Your name and a telephone number where you can be reached<\/li><\/ul><\/li><\/ul>\n\n\n\n<p>Notify everyone in the immediate area&nbsp;.<\/p>\n\n\n\n<div style=\"height:30px\" aria-hidden=\"true\" class=\"wp-block-spacer\"><\/div>\n\n\n\n<h2 class=\"wp-block-heading\" id=\"Gammacellalarm\"><strong>Gammacell alarm<\/strong><\/h2>\n\n\n\n<p><strong>If you hear a Gammacell alert:<\/strong><\/p>\n\n\n\n<ul class=\"wp-block-list\" type=\"1\"><li>Go to a safe place.<\/li><li>Call Security at your research centre to report the incident. You\u2019ll need to provide the following information:<ul><li>Location of the alarm (building, room)<\/li><li>Your name and a telephone number where you can be reached<\/li><\/ul><\/li><\/ul>\n\n\n\n<p>Notify everyone in the immediate area.<\/p>\n\n\n\n<div style=\"height:30px\" aria-hidden=\"true\" class=\"wp-block-spacer\"><\/div>\n\n\n\n<h2 class=\"wp-block-heading\" id=\"Demonstration\"><strong>Demonstration<\/strong><\/h2>\n\n\n\n<p><strong>Si vIf you see a demonstration:<\/strong><\/p>\n\n\n\n<ul class=\"wp-block-list\" type=\"1\"><li>Go to a safe place.<\/li><li>Call Security at your research centre to report the incident. You\u2019ll need to provide the following information:<ul><li>Where the demonstration is taking place<\/li><li>Your name and a telephone number where you can be reached<\/li><li>Description of the situation<\/li><\/ul><\/li><\/ul>\n\n\n\n<p><\/p>\n","protected":false},"excerpt":{"rendered":"<p>Would you know what to do in the event of an intrusion, explosion, or earthquake? For your own safety and the safety of those around you, find out what to in the following emergency situations.<\/p>\n","protected":false},"author":1,"featured_media":0,"parent":17740,"menu_order":0,"comment_status":"closed","ping_status":"closed","template":"","meta":{"_acf_changed":false,"footnotes":""},"page_type":[],"wf_page_folders":[181],"class_list":["post-17754","page","type-page","status-publish","hentry"],"acf":[],"yoast_head":"<!-- This site is optimized with the Yoast SEO Premium plugin v24.6 (Yoast SEO v24.6) - https:\/\/yoast.com\/wordpress\/plugins\/seo\/ -->\n<title>Other emergency situations | INRS<\/title>\n<meta name=\"description\" content=\"En cas d\u2019intrusion, de blessures, d\u2019explosion ou de tremblement de terre : prenez connaissance des proc\u00e9dures \u00e0 suivre advenant ces situations d\u2019urgence.\" \/>\n<meta name=\"robots\" content=\"noindex, follow, max-snippet:-1, max-image-preview:large, max-video-preview:-1\" \/>\n<meta property=\"og:locale\" content=\"en_US\" \/>\n<meta property=\"og:type\" content=\"article\" \/>\n<meta property=\"og:title\" content=\"Other emergency situations | INRS\" \/>\n<meta property=\"og:description\" content=\"En cas d\u2019intrusion, de blessures, d\u2019explosion ou de tremblement de terre : prenez connaissance des proc\u00e9dures \u00e0 suivre advenant ces situations d\u2019urgence.\" \/>\n<meta property=\"og:url\" content=\"https:\/\/dev.inrs.ca\/en\/inrs\/community-services\/emergency-procedures\/other-emergency-situations\/\" \/>\n<meta property=\"og:site_name\" content=\"INRS\" \/>\n<meta property=\"article:publisher\" content=\"https:\/\/www.facebook.com\/inrsciences\/\" \/>\n<meta property=\"article:modified_time\" content=\"2020-09-06T18:05:35+00:00\" \/>\n<meta name=\"twitter:card\" content=\"summary_large_image\" \/>\n<meta name=\"twitter:site\" content=\"@inrsciences\" \/>\n<meta name=\"twitter:label1\" content=\"Est. reading time\" \/>\n\t<meta name=\"twitter:data1\" content=\"9 minutes\" \/>\n<script type=\"application\/ld+json\" class=\"yoast-schema-graph\">{\"@context\":\"https:\/\/schema.org\",\"@graph\":[{\"@type\":\"WebPage\",\"@id\":\"https:\/\/dev.inrs.ca\/en\/inrs\/community-services\/emergency-procedures\/other-emergency-situations\/\",\"url\":\"https:\/\/dev.inrs.ca\/en\/inrs\/community-services\/emergency-procedures\/other-emergency-situations\/\",\"name\":\"Other emergency situations | INRS\",\"isPartOf\":{\"@id\":\"https:\/\/dev.inrs.ca\/en\/#website\"},\"datePublished\":\"2020-08-13T15:18:45+00:00\",\"dateModified\":\"2020-09-06T18:05:35+00:00\",\"description\":\"En cas d\u2019intrusion, de blessures, d\u2019explosion ou de tremblement de terre : prenez connaissance des proc\u00e9dures \u00e0 suivre advenant ces situations d\u2019urgence.\",\"breadcrumb\":{\"@id\":\"https:\/\/dev.inrs.ca\/en\/inrs\/community-services\/emergency-procedures\/other-emergency-situations\/#breadcrumb\"},\"inLanguage\":\"en-CA\",\"potentialAction\":[{\"@type\":\"ReadAction\",\"target\":[\"https:\/\/dev.inrs.ca\/en\/inrs\/community-services\/emergency-procedures\/other-emergency-situations\/\"]}]},{\"@type\":\"BreadcrumbList\",\"@id\":\"https:\/\/dev.inrs.ca\/en\/inrs\/community-services\/emergency-procedures\/other-emergency-situations\/#breadcrumb\",\"itemListElement\":[{\"@type\":\"ListItem\",\"position\":1,\"name\":\"INRS\",\"item\":\"https:\/\/dev.inrs.ca\/linrs\/\"},{\"@type\":\"ListItem\",\"position\":2,\"name\":\"Community Services\",\"item\":\"https:\/\/dev.inrs.ca\/linrs\/services-a-la-communaute\/\"},{\"@type\":\"ListItem\",\"position\":3,\"name\":\"Emergency Procedures\",\"item\":\"https:\/\/dev.inrs.ca\/linrs\/services-a-la-communaute\/mesures-d-urgence\/\"},{\"@type\":\"ListItem\",\"position\":4,\"name\":\"Other emergency situations\"}]},{\"@type\":\"WebSite\",\"@id\":\"https:\/\/dev.inrs.ca\/en\/#website\",\"url\":\"https:\/\/dev.inrs.ca\/en\/\",\"name\":\"INRS\",\"description\":\"Institut national de la recherche scientifique\",\"potentialAction\":[{\"@type\":\"SearchAction\",\"target\":{\"@type\":\"EntryPoint\",\"urlTemplate\":\"https:\/\/dev.inrs.ca\/en\/?s={search_term_string}\"},\"query-input\":{\"@type\":\"PropertyValueSpecification\",\"valueRequired\":true,\"valueName\":\"search_term_string\"}}],\"inLanguage\":\"en-CA\"}]}<\/script>\n<!-- \/ Yoast SEO Premium plugin. -->","yoast_head_json":{"title":"Other emergency situations | INRS","description":"En cas d\u2019intrusion, de blessures, d\u2019explosion ou de tremblement de terre : prenez connaissance des proc\u00e9dures \u00e0 suivre advenant ces situations d\u2019urgence.","robots":{"index":"noindex","follow":"follow","max-snippet":"max-snippet:-1","max-image-preview":"max-image-preview:large","max-video-preview":"max-video-preview:-1"},"og_locale":"en_US","og_type":"article","og_title":"Other emergency situations | INRS","og_description":"En cas d\u2019intrusion, de blessures, d\u2019explosion ou de tremblement de terre : prenez connaissance des proc\u00e9dures \u00e0 suivre advenant ces situations d\u2019urgence.","og_url":"https:\/\/dev.inrs.ca\/en\/inrs\/community-services\/emergency-procedures\/other-emergency-situations\/","og_site_name":"INRS","article_publisher":"https:\/\/www.facebook.com\/inrsciences\/","article_modified_time":"2020-09-06T18:05:35+00:00","twitter_card":"summary_large_image","twitter_site":"@inrsciences","twitter_misc":{"Est. reading time":"9 minutes"},"schema":{"@context":"https:\/\/schema.org","@graph":[{"@type":"WebPage","@id":"https:\/\/dev.inrs.ca\/en\/inrs\/community-services\/emergency-procedures\/other-emergency-situations\/","url":"https:\/\/dev.inrs.ca\/en\/inrs\/community-services\/emergency-procedures\/other-emergency-situations\/","name":"Other emergency situations | INRS","isPartOf":{"@id":"https:\/\/dev.inrs.ca\/en\/#website"},"datePublished":"2020-08-13T15:18:45+00:00","dateModified":"2020-09-06T18:05:35+00:00","description":"En cas d\u2019intrusion, de blessures, d\u2019explosion ou de tremblement de terre : prenez connaissance des proc\u00e9dures \u00e0 suivre advenant ces situations d\u2019urgence.","breadcrumb":{"@id":"https:\/\/dev.inrs.ca\/en\/inrs\/community-services\/emergency-procedures\/other-emergency-situations\/#breadcrumb"},"inLanguage":"en-CA","potentialAction":[{"@type":"ReadAction","target":["https:\/\/dev.inrs.ca\/en\/inrs\/community-services\/emergency-procedures\/other-emergency-situations\/"]}]},{"@type":"BreadcrumbList","@id":"https:\/\/dev.inrs.ca\/en\/inrs\/community-services\/emergency-procedures\/other-emergency-situations\/#breadcrumb","itemListElement":[{"@type":"ListItem","position":1,"name":"INRS","item":"https:\/\/dev.inrs.ca\/linrs\/"},{"@type":"ListItem","position":2,"name":"Community Services","item":"https:\/\/dev.inrs.ca\/linrs\/services-a-la-communaute\/"},{"@type":"ListItem","position":3,"name":"Emergency Procedures","item":"https:\/\/dev.inrs.ca\/linrs\/services-a-la-communaute\/mesures-d-urgence\/"},{"@type":"ListItem","position":4,"name":"Other emergency situations"}]},{"@type":"WebSite","@id":"https:\/\/dev.inrs.ca\/en\/#website","url":"https:\/\/dev.inrs.ca\/en\/","name":"INRS","description":"Institut national de la recherche scientifique","potentialAction":[{"@type":"SearchAction","target":{"@type":"EntryPoint","urlTemplate":"https:\/\/dev.inrs.ca\/en\/?s={search_term_string}"},"query-input":{"@type":"PropertyValueSpecification","valueRequired":true,"valueName":"search_term_string"}}],"inLanguage":"en-CA"}]}},"_links":{"self":[{"href":"https:\/\/dev.inrs.ca\/en\/wp-json\/wp\/v2\/pages\/17754","targetHints":{"allow":["GET"]}}],"collection":[{"href":"https:\/\/dev.inrs.ca\/en\/wp-json\/wp\/v2\/pages"}],"about":[{"href":"https:\/\/dev.inrs.ca\/en\/wp-json\/wp\/v2\/types\/page"}],"author":[{"embeddable":true,"href":"https:\/\/dev.inrs.ca\/en\/wp-json\/wp\/v2\/users\/1"}],"replies":[{"embeddable":true,"href":"https:\/\/dev.inrs.ca\/en\/wp-json\/wp\/v2\/comments?post=17754"}],"version-history":[{"count":1,"href":"https:\/\/dev.inrs.ca\/en\/wp-json\/wp\/v2\/pages\/17754\/revisions"}],"predecessor-version":[{"id":22685,"href":"https:\/\/dev.inrs.ca\/en\/wp-json\/wp\/v2\/pages\/17754\/revisions\/22685"}],"up":[{"embeddable":true,"href":"https:\/\/dev.inrs.ca\/en\/wp-json\/wp\/v2\/pages\/17740"}],"wp:attachment":[{"href":"https:\/\/dev.inrs.ca\/en\/wp-json\/wp\/v2\/media?parent=17754"}],"wp:term":[{"taxonomy":"page_type","embeddable":true,"href":"https:\/\/dev.inrs.ca\/en\/wp-json\/wp\/v2\/page_type?post=17754"},{"taxonomy":"wf_page_folders","embeddable":true,"href":"https:\/\/dev.inrs.ca\/en\/wp-json\/wp\/v2\/wf_page_folders?post=17754"}],"curies":[{"name":"wp","href":"https:\/\/api.w.org\/{rel}","templated":true}]}}