{"id":17740,"date":"2020-08-12T18:11:42","date_gmt":"2020-08-12T18:11:42","guid":{"rendered":"https:\/\/dev.inrs.ca\/mesures-durgence\/"},"modified":"2021-05-04T10:13:28","modified_gmt":"2021-05-04T14:13:28","slug":"mesures-durgence","status":"publish","type":"page","link":"https:\/\/dev.inrs.ca\/en\/inrs\/community-services\/emergency-procedures\/","title":{"rendered":"Emergency Procedures"},"content":{"rendered":"\n<p class=\"has-large-font-size\"><strong><strong>To maintain a safe environment for the entire university community, Institut national de la recherche scientifique has drawn up guidelines for emergency situations. <\/strong><\/strong><\/p>\n\n\n\n<h4 class=\"wp-block-heading\"><br><strong>ARMAND-FRAPPIER SANT\u00c9 BIOTECHNOLOGIE<\/strong> <strong>Research Centre<\/strong><\/h4>\n\n\n\n<p style=\"font-size:clamp(14.642px, 0.915rem + ((1vw - 3.2px) * 0.887), 22px);px\"><a href=\"Tel:450-687-5010\"><strong>450-687-5010<\/strong><\/a> extension <strong>4444<\/strong><\/p>\n\n\n\n<h4 class=\"wp-block-heading\"><br><strong>EAU TERRE ENVIRONNEMENT<\/strong> <strong>Research Centre<\/strong><\/h4>\n\n\n\n<p style=\"font-size:clamp(14.642px, 0.915rem + ((1vw - 3.2px) * 0.887), 22px);px\"><a href=\"Tel:418-654-2628\"><strong>418-654-2628<\/strong><\/a><\/p>\n\n\n\n<h4 class=\"wp-block-heading\" style=\"font-size:clamp(14.642px, 0.915rem + ((1vw - 3.2px) * 0.887), 22px);px\"><br><strong>\u00c9NERGIE MAT\u00c9RIAUX T\u00c9L\u00c9COMMUNICATIONS Research Centre<\/strong><\/h4>\n\n\n\n<p class=\"has-large-font-size\">Varennes <a href=\"Tel:514-594-9196\"><strong>514-594-9196<\/strong><\/a><br>Montr\u00e9al <a href=\"tel:514-397-2392\"><strong>514-397-2392<\/strong><\/a><\/p>\n\n\n\n<h4 class=\"wp-block-heading\" style=\"font-size:clamp(14.642px, 0.915rem + ((1vw - 3.2px) * 0.887), 22px);px\"><br><strong>URBANISATION CULTURE SOCI\u00c9T\u00c9<\/strong> <strong>Research Centre<\/strong><\/h4>\n\n\n\n<p class=\"has-large-font-size\">Montr\u00e9al <a href=\"TEL:514 499-4007\"><strong>514-499-4007<\/strong><\/a><br>Qu\u00e9bec <a href=\"Tel:418-654-2628\"><strong>418-654-2628<\/strong><\/a><\/p>\n\n\n\n<div style=\"height:20px\" aria-hidden=\"true\" class=\"wp-block-spacer\"><\/div>\n\n\n\n<div class=\"wp-block-image\"><figure class=\"aligncenter size-large\"><img loading=\"lazy\" decoding=\"async\" width=\"1000\" height=\"299\" src=\"https:\/\/dev.inrs.ca\/wp-content\/uploads\/2020\/11\/urgence-emergency-telephone-number-inrs-1.jpeg\" alt=\"Emergency phone numbers\" class=\"wp-image-34350\" srcset=\"https:\/\/dev.inrs.ca\/wp-content\/uploads\/2020\/11\/urgence-emergency-telephone-number-inrs-1.jpeg 1000w, https:\/\/dev.inrs.ca\/wp-content\/uploads\/2020\/11\/urgence-emergency-telephone-number-inrs-1-300x90.jpeg 300w, https:\/\/dev.inrs.ca\/wp-content\/uploads\/2020\/11\/urgence-emergency-telephone-number-inrs-1-768x230.jpeg 768w\" sizes=\"auto, (max-width: 1000px) 100vw, 1000px\" \/><\/figure><\/div>\n\n\n\n<blockquote class=\"wp-block-quote is-layout-flow wp-block-quote-is-layout-flow\"><p>For everyone\u2019s safety, it is important to be aware of the correct procedures. Be informed and be ready! Knowing what to do can save lives.<\/p><\/blockquote>\n\n\n\n<h2 class=\"wp-block-heading\"><br>Emergency procedures<\/h2>\n\n\n\n<div class=\"wp-block-buttons is-layout-flex wp-block-buttons-is-layout-flex\">\n<div class=\"wp-block-button has-custom-width wp-block-button__width-100\"><a class=\"wp-block-button__link\" href=\"https:\/\/dev.inrs.ca\/en\/inrs\/community-services\/emergency-procedures\/armed-individual\/\">armed individual<\/a><\/div>\n<\/div>\n\n\n\n<div class=\"wp-block-buttons is-layout-flex wp-block-buttons-is-layout-flex\">\n<div class=\"wp-block-button has-custom-width wp-block-button__width-100\"><a class=\"wp-block-button__link\" href=\"https:\/\/dev.inrs.ca\/en\/inrs\/community-services\/emergency-procedures\/bomb-threat\/\">bomb threat<\/a><\/div>\n<\/div>\n\n\n\n<div class=\"wp-block-buttons is-layout-flex wp-block-buttons-is-layout-flex\">\n<div class=\"wp-block-button has-custom-width wp-block-button__width-100\"><a class=\"wp-block-button__link\" href=\"https:\/\/dev.inrs.ca\/en\/inrs\/community-services\/emergency-procedures\/suspicious-packages\/\">suspicious packages<\/a><\/div>\n<\/div>\n\n\n\n<div class=\"wp-block-buttons is-layout-flex wp-block-buttons-is-layout-flex\">\n<div class=\"wp-block-button has-custom-width wp-block-button__width-100\"><a class=\"wp-block-button__link\" href=\"https:\/\/dev.inrs.ca\/en\/inrs\/community-services\/emergency-procedures\/lockdown\/\">lockdown<\/a><\/div>\n<\/div>\n\n\n\n<div class=\"wp-block-buttons is-layout-flex wp-block-buttons-is-layout-flex\">\n<div class=\"wp-block-button has-custom-width wp-block-button__width-100\"><a class=\"wp-block-button__link\" href=\"https:\/\/dev.inrs.ca\/en\/emergency-procedures\/evacuation-procedure\/\">evacuation procedure<\/a><\/div>\n<\/div>\n\n\n\n<div class=\"wp-block-buttons is-layout-flex wp-block-buttons-is-layout-flex\">\n<div class=\"wp-block-button has-custom-width wp-block-button__width-100\"><a class=\"wp-block-button__link\" href=\"https:\/\/dev.inrs.ca\/en\/inrs\/community-services\/emergency-procedures\/other-emergency-situations\/\">other emergency situations<\/a><\/div>\n<\/div>\n\n\n\n<div class=\"wp-block-columns is-layout-flex wp-container-core-columns-is-layout-1 wp-block-columns-is-layout-flex\">\n<div class=\"wp-block-column is-layout-flow wp-block-column-is-layout-flow\">\n<h2 class=\"wp-block-heading\">Safety officers<\/h2>\n\n\n\n<p><strong>Safety officers are there to help in the event of an emergency.<\/strong> When an incident occurs, it is important to follow their instructions.<\/p>\n\n\n\n<p>To find answers to your questions or report an emergency, contact the safety officers in your building.<\/p>\n\n\n\n<p><a href=\"http:\/\/mondev.inrs.ca\/mesures-durgence\/\" target=\"_blank\" rel=\"noreferrer noopener\"><strong>List of safety officers<\/strong><\/a> (intranet)<\/p>\n<\/div>\n\n\n\n<div class=\"wp-block-column is-layout-flow wp-block-column-is-layout-flow\">\n<h2 class=\"wp-block-heading\">Questions<\/h2>\n\n\n\n<p><strong>Contact Zina Enriquez, Emergency Procedures Director.<\/strong><\/p>\n\n\n\n<p>Email:<strong> <\/strong><a href=\"mailto:zina.enriquez@dev.inrs.ca\">zina.enriquez@dev.inrs.ca<\/a><\/p>\n\n\n\n<p>Phone: <a href=\"tel:418 650-3174\">418 650-3174<\/a><\/p>\n<\/div>\n<\/div>\n\n\n\n<p><\/p>\n\n\n\n    \n\n<div class=\"content-usefull-links-ctn \">\n    <h4 class=\"title\"><\/h4>\n    <div class=\"tile-cta-ctn\">\n                    <div class=\"item tile-cta jsBlockLink\">\n                <p class=\"link\">\n                    <a href=\"http:\/\/dev.inrs.ca\/en\/inrs\/community-services\/suspension-of-activities\/\" target=\"\">Suspension of activities<\/a>\n                <\/p>\n            <\/div>\n                    <div class=\"item tile-cta jsBlockLink\">\n                <p class=\"link\">\n                    <a href=\"http:\/\/dev.inrs.ca\/en\/inrs\/community-services\/emergency-procedures\/covid-19\/\" target=\"\">COVID-19<\/a>\n                <\/p>\n            <\/div>\n            <\/div>\n<\/div>","protected":false},"excerpt":{"rendered":"<p>To maintain a safe environment for the entire university community, Institut national de la recherche scientifique has drawn up guidelines for emergency situations. For everyone\u2019s safety, it is important to be aware of the correct procedures.<\/p>\n","protected":false},"author":1,"featured_media":17720,"parent":22307,"menu_order":0,"comment_status":"closed","ping_status":"closed","template":"","meta":{"_acf_changed":false,"footnotes":""},"page_type":[],"wf_page_folders":[520],"class_list":["post-17740","page","type-page","status-publish","has-post-thumbnail","hentry"],"acf":[],"yoast_head":"<!-- This site is optimized with the Yoast SEO Premium plugin v24.6 (Yoast SEO v24.6) - https:\/\/yoast.com\/wordpress\/plugins\/seo\/ -->\n<title>INRS | Emergencies | Procedures and telephone numbers<\/title>\n<meta name=\"description\" content=\"Telephone numbers and procedures to ensure your safety during an emergency at your place of study, work or research.\" \/>\n<meta name=\"robots\" content=\"noindex, follow, max-snippet:-1, max-image-preview:large, max-video-preview:-1\" \/>\n<meta property=\"og:locale\" content=\"en_US\" \/>\n<meta property=\"og:type\" content=\"article\" \/>\n<meta property=\"og:title\" content=\"INRS | Emergencies | Procedures and telephone numbers\" \/>\n<meta property=\"og:description\" content=\"Telephone numbers and procedures to ensure your safety during an emergency at your place of study, work or research.\" \/>\n<meta property=\"og:url\" content=\"https:\/\/dev.inrs.ca\/en\/inrs\/community-services\/emergency-procedures\/\" \/>\n<meta property=\"og:site_name\" content=\"INRS\" \/>\n<meta property=\"article:publisher\" content=\"https:\/\/www.facebook.com\/inrsciences\/\" \/>\n<meta property=\"article:modified_time\" content=\"2021-05-04T14:13:28+00:00\" \/>\n<meta property=\"og:image\" content=\"https:\/\/dev.inrs.ca\/wp-content\/uploads\/2020\/08\/INRS-Securite.gif\" \/>\n\t<meta property=\"og:image:width\" content=\"1000\" \/>\n\t<meta property=\"og:image:height\" content=\"600\" \/>\n\t<meta property=\"og:image:type\" content=\"image\/gif\" \/>\n<meta name=\"twitter:card\" content=\"summary_large_image\" \/>\n<meta name=\"twitter:site\" content=\"@inrsciences\" \/>\n<meta name=\"twitter:label1\" content=\"Est. reading time\" \/>\n\t<meta name=\"twitter:data1\" content=\"1 minute\" \/>\n<script type=\"application\/ld+json\" class=\"yoast-schema-graph\">{\"@context\":\"https:\/\/schema.org\",\"@graph\":[{\"@type\":\"WebPage\",\"@id\":\"https:\/\/dev.inrs.ca\/en\/inrs\/community-services\/emergency-procedures\/\",\"url\":\"https:\/\/dev.inrs.ca\/en\/inrs\/community-services\/emergency-procedures\/\",\"name\":\"INRS | Emergencies | Procedures and telephone numbers\",\"isPartOf\":{\"@id\":\"https:\/\/dev.inrs.ca\/en\/#website\"},\"primaryImageOfPage\":{\"@id\":\"https:\/\/dev.inrs.ca\/en\/inrs\/community-services\/emergency-procedures\/#primaryimage\"},\"image\":{\"@id\":\"https:\/\/dev.inrs.ca\/en\/inrs\/community-services\/emergency-procedures\/#primaryimage\"},\"thumbnailUrl\":\"https:\/\/dev.inrs.ca\/wp-content\/uploads\/2020\/08\/INRS-Securite.gif\",\"datePublished\":\"2020-08-12T18:11:42+00:00\",\"dateModified\":\"2021-05-04T14:13:28+00:00\",\"description\":\"Telephone numbers and procedures to ensure your safety during an emergency at your place of study, work or research.\",\"breadcrumb\":{\"@id\":\"https:\/\/dev.inrs.ca\/en\/inrs\/community-services\/emergency-procedures\/#breadcrumb\"},\"inLanguage\":\"en-CA\",\"potentialAction\":[{\"@type\":\"ReadAction\",\"target\":[\"https:\/\/dev.inrs.ca\/en\/inrs\/community-services\/emergency-procedures\/\"]}]},{\"@type\":\"ImageObject\",\"inLanguage\":\"en-CA\",\"@id\":\"https:\/\/dev.inrs.ca\/en\/inrs\/community-services\/emergency-procedures\/#primaryimage\",\"url\":\"https:\/\/dev.inrs.ca\/wp-content\/uploads\/2020\/08\/INRS-Securite.gif\",\"contentUrl\":\"https:\/\/dev.inrs.ca\/wp-content\/uploads\/2020\/08\/INRS-Securite.gif\",\"width\":1000,\"height\":600},{\"@type\":\"BreadcrumbList\",\"@id\":\"https:\/\/dev.inrs.ca\/en\/inrs\/community-services\/emergency-procedures\/#breadcrumb\",\"itemListElement\":[{\"@type\":\"ListItem\",\"position\":1,\"name\":\"INRS\",\"item\":\"https:\/\/dev.inrs.ca\/linrs\/\"},{\"@type\":\"ListItem\",\"position\":2,\"name\":\"Community Services\",\"item\":\"https:\/\/dev.inrs.ca\/linrs\/services-a-la-communaute\/\"},{\"@type\":\"ListItem\",\"position\":3,\"name\":\"Emergency Procedures\"}]},{\"@type\":\"WebSite\",\"@id\":\"https:\/\/dev.inrs.ca\/en\/#website\",\"url\":\"https:\/\/dev.inrs.ca\/en\/\",\"name\":\"INRS\",\"description\":\"Institut national de la recherche scientifique\",\"potentialAction\":[{\"@type\":\"SearchAction\",\"target\":{\"@type\":\"EntryPoint\",\"urlTemplate\":\"https:\/\/dev.inrs.ca\/en\/?s={search_term_string}\"},\"query-input\":{\"@type\":\"PropertyValueSpecification\",\"valueRequired\":true,\"valueName\":\"search_term_string\"}}],\"inLanguage\":\"en-CA\"}]}<\/script>\n<!-- \/ Yoast SEO Premium plugin. -->","yoast_head_json":{"title":"INRS | Emergencies | Procedures and telephone numbers","description":"Telephone numbers and procedures to ensure your safety during an emergency at your place of study, work or research.","robots":{"index":"noindex","follow":"follow","max-snippet":"max-snippet:-1","max-image-preview":"max-image-preview:large","max-video-preview":"max-video-preview:-1"},"og_locale":"en_US","og_type":"article","og_title":"INRS | Emergencies | Procedures and telephone numbers","og_description":"Telephone numbers and procedures to ensure your safety during an emergency at your place of study, work or research.","og_url":"https:\/\/dev.inrs.ca\/en\/inrs\/community-services\/emergency-procedures\/","og_site_name":"INRS","article_publisher":"https:\/\/www.facebook.com\/inrsciences\/","article_modified_time":"2021-05-04T14:13:28+00:00","og_image":[{"width":1000,"height":600,"url":"https:\/\/dev.inrs.ca\/wp-content\/uploads\/2020\/08\/INRS-Securite.gif","type":"image\/gif"}],"twitter_card":"summary_large_image","twitter_site":"@inrsciences","twitter_misc":{"Est. reading time":"1 minute"},"schema":{"@context":"https:\/\/schema.org","@graph":[{"@type":"WebPage","@id":"https:\/\/dev.inrs.ca\/en\/inrs\/community-services\/emergency-procedures\/","url":"https:\/\/dev.inrs.ca\/en\/inrs\/community-services\/emergency-procedures\/","name":"INRS | Emergencies | Procedures and telephone numbers","isPartOf":{"@id":"https:\/\/dev.inrs.ca\/en\/#website"},"primaryImageOfPage":{"@id":"https:\/\/dev.inrs.ca\/en\/inrs\/community-services\/emergency-procedures\/#primaryimage"},"image":{"@id":"https:\/\/dev.inrs.ca\/en\/inrs\/community-services\/emergency-procedures\/#primaryimage"},"thumbnailUrl":"https:\/\/dev.inrs.ca\/wp-content\/uploads\/2020\/08\/INRS-Securite.gif","datePublished":"2020-08-12T18:11:42+00:00","dateModified":"2021-05-04T14:13:28+00:00","description":"Telephone numbers and procedures to ensure your safety during an emergency at your place of study, work or research.","breadcrumb":{"@id":"https:\/\/dev.inrs.ca\/en\/inrs\/community-services\/emergency-procedures\/#breadcrumb"},"inLanguage":"en-CA","potentialAction":[{"@type":"ReadAction","target":["https:\/\/dev.inrs.ca\/en\/inrs\/community-services\/emergency-procedures\/"]}]},{"@type":"ImageObject","inLanguage":"en-CA","@id":"https:\/\/dev.inrs.ca\/en\/inrs\/community-services\/emergency-procedures\/#primaryimage","url":"https:\/\/dev.inrs.ca\/wp-content\/uploads\/2020\/08\/INRS-Securite.gif","contentUrl":"https:\/\/dev.inrs.ca\/wp-content\/uploads\/2020\/08\/INRS-Securite.gif","width":1000,"height":600},{"@type":"BreadcrumbList","@id":"https:\/\/dev.inrs.ca\/en\/inrs\/community-services\/emergency-procedures\/#breadcrumb","itemListElement":[{"@type":"ListItem","position":1,"name":"INRS","item":"https:\/\/dev.inrs.ca\/linrs\/"},{"@type":"ListItem","position":2,"name":"Community Services","item":"https:\/\/dev.inrs.ca\/linrs\/services-a-la-communaute\/"},{"@type":"ListItem","position":3,"name":"Emergency Procedures"}]},{"@type":"WebSite","@id":"https:\/\/dev.inrs.ca\/en\/#website","url":"https:\/\/dev.inrs.ca\/en\/","name":"INRS","description":"Institut national de la recherche scientifique","potentialAction":[{"@type":"SearchAction","target":{"@type":"EntryPoint","urlTemplate":"https:\/\/dev.inrs.ca\/en\/?s={search_term_string}"},"query-input":{"@type":"PropertyValueSpecification","valueRequired":true,"valueName":"search_term_string"}}],"inLanguage":"en-CA"}]}},"_links":{"self":[{"href":"https:\/\/dev.inrs.ca\/en\/wp-json\/wp\/v2\/pages\/17740","targetHints":{"allow":["GET"]}}],"collection":[{"href":"https:\/\/dev.inrs.ca\/en\/wp-json\/wp\/v2\/pages"}],"about":[{"href":"https:\/\/dev.inrs.ca\/en\/wp-json\/wp\/v2\/types\/page"}],"author":[{"embeddable":true,"href":"https:\/\/dev.inrs.ca\/en\/wp-json\/wp\/v2\/users\/1"}],"replies":[{"embeddable":true,"href":"https:\/\/dev.inrs.ca\/en\/wp-json\/wp\/v2\/comments?post=17740"}],"version-history":[{"count":5,"href":"https:\/\/dev.inrs.ca\/en\/wp-json\/wp\/v2\/pages\/17740\/revisions"}],"predecessor-version":[{"id":57603,"href":"https:\/\/dev.inrs.ca\/en\/wp-json\/wp\/v2\/pages\/17740\/revisions\/57603"}],"up":[{"embeddable":true,"href":"https:\/\/dev.inrs.ca\/en\/wp-json\/wp\/v2\/pages\/22307"}],"wp:featuredmedia":[{"embeddable":true,"href":"https:\/\/dev.inrs.ca\/en\/wp-json\/wp\/v2\/media\/17720"}],"wp:attachment":[{"href":"https:\/\/dev.inrs.ca\/en\/wp-json\/wp\/v2\/media?parent=17740"}],"wp:term":[{"taxonomy":"page_type","embeddable":true,"href":"https:\/\/dev.inrs.ca\/en\/wp-json\/wp\/v2\/page_type?post=17740"},{"taxonomy":"wf_page_folders","embeddable":true,"href":"https:\/\/dev.inrs.ca\/en\/wp-json\/wp\/v2\/wf_page_folders?post=17740"}],"curies":[{"name":"wp","href":"https:\/\/api.w.org\/{rel}","templated":true}]}}