{"id":17738,"date":"2020-08-12T17:59:30","date_gmt":"2020-08-12T17:59:30","guid":{"rendered":"https:\/\/dev.inrs.ca\/mesures-durgence\/individu-arme\/"},"modified":"2020-09-06T14:02:01","modified_gmt":"2020-09-06T18:02:01","slug":"individu-arme","status":"publish","type":"page","link":"https:\/\/dev.inrs.ca\/en\/inrs\/community-services\/emergency-procedures\/armed-individual\/","title":{"rendered":"Armed individual"},"content":{"rendered":"\n<p style=\"font-size:clamp(14px, 0.875rem + ((1vw - 3.2px) * 0.723), 20px);px\"><strong><strong>An armed individual is a person with a gun, knife, or other object and whose behaviour could put the safety of the building occupants at risk or who could intentionally cause injuries or damage.<\/strong><\/strong><\/p>\n\n\n\n<h3 class=\"wp-block-heading\"><strong><strong>If there is an armed individual in the building:<\/strong><\/strong><\/h3>\n\n\n\n<ul class=\"wp-block-list\" type=\"1\"><li>If there are gunshots, move away quickly in the opposite direction.<\/li><li>Leave the building without stopping to collect your personal belongings. Keep you hands visible.<\/li><li>Follow <a href=\"https:\/\/dev.inrs.ca\/en\/inrs\/community-services\/emergency-procedures\/lockdown\/\">the lockdown procedure<\/a>.<\/li><\/ul>\n\n\n<div class=\"banner-text\">\n    <div class=\"inner\">\n        Focus on your own safety. Do not try to help others if doing so puts your safety at risk.\n    <\/div>\n<\/div>\n\n\n<h3 class=\"wp-block-heading\"><strong><strong>If you come face to face with an armed individual:<\/strong><\/strong><\/h3>\n\n\n\n<ul class=\"wp-block-list\"><li>Do not make eye contact.<\/li><li>Act submissive.<\/li><li>Do not try to talk to the person.<\/li><li>Stay calm and do not shout.<\/li><li>Leave the space and disengage.<\/li><li>If you can, call 911 and follow instructions<\/li><\/ul>\n\n\n<div class=\"banner-text\">\n    <div class=\"inner\">\n         Do not use the fire alarm.\n    <\/div>\n<\/div>","protected":false},"excerpt":{"rendered":"<p>An armed individual is a person with a gun, knife, or other object and whose behaviour could put the safety of the building occupants at risk or who could intentionally cause injuries or damage.<\/p>\n","protected":false},"author":1,"featured_media":0,"parent":17740,"menu_order":0,"comment_status":"closed","ping_status":"closed","template":"","meta":{"_acf_changed":false,"footnotes":""},"page_type":[],"wf_page_folders":[181],"class_list":["post-17738","page","type-page","status-publish","hentry"],"acf":[],"yoast_head":"<!-- This site is optimized with the Yoast SEO Premium plugin v24.6 (Yoast SEO v24.6) - https:\/\/yoast.com\/wordpress\/plugins\/seo\/ -->\n<title>Armed individual | Emergency procedures | INRS<\/title>\n<meta name=\"description\" content=\"Toute personne qui est en possession d\u2019une arme \u00e0 feu, d\u2019un couteau ou d\u2019un autre objet quelconque est consid\u00e9r\u00e9e comme un individu arm\u00e9.\" \/>\n<meta name=\"robots\" content=\"noindex, follow, max-snippet:-1, max-image-preview:large, max-video-preview:-1\" \/>\n<meta property=\"og:locale\" content=\"en_US\" \/>\n<meta property=\"og:type\" content=\"article\" \/>\n<meta property=\"og:title\" content=\"Armed individual | Emergency procedures | INRS\" \/>\n<meta property=\"og:description\" content=\"Toute personne qui est en possession d\u2019une arme \u00e0 feu, d\u2019un couteau ou d\u2019un autre objet quelconque est consid\u00e9r\u00e9e comme un individu arm\u00e9.\" \/>\n<meta property=\"og:url\" content=\"https:\/\/dev.inrs.ca\/en\/inrs\/community-services\/emergency-procedures\/armed-individual\/\" \/>\n<meta property=\"og:site_name\" content=\"INRS\" \/>\n<meta property=\"article:publisher\" content=\"https:\/\/www.facebook.com\/inrsciences\/\" \/>\n<meta property=\"article:modified_time\" content=\"2020-09-06T18:02:01+00:00\" \/>\n<meta name=\"twitter:card\" content=\"summary_large_image\" \/>\n<meta name=\"twitter:site\" content=\"@inrsciences\" \/>\n<meta name=\"twitter:label1\" content=\"Est. reading time\" \/>\n\t<meta name=\"twitter:data1\" content=\"1 minute\" \/>\n<script type=\"application\/ld+json\" class=\"yoast-schema-graph\">{\"@context\":\"https:\/\/schema.org\",\"@graph\":[{\"@type\":\"WebPage\",\"@id\":\"https:\/\/dev.inrs.ca\/en\/inrs\/community-services\/emergency-procedures\/armed-individual\/\",\"url\":\"https:\/\/dev.inrs.ca\/en\/inrs\/community-services\/emergency-procedures\/armed-individual\/\",\"name\":\"Armed individual | Emergency procedures | INRS\",\"isPartOf\":{\"@id\":\"https:\/\/dev.inrs.ca\/en\/#website\"},\"datePublished\":\"2020-08-12T17:59:30+00:00\",\"dateModified\":\"2020-09-06T18:02:01+00:00\",\"description\":\"Toute personne qui est en possession d\u2019une arme \u00e0 feu, d\u2019un couteau ou d\u2019un autre objet quelconque est consid\u00e9r\u00e9e comme un individu arm\u00e9.\",\"breadcrumb\":{\"@id\":\"https:\/\/dev.inrs.ca\/en\/inrs\/community-services\/emergency-procedures\/armed-individual\/#breadcrumb\"},\"inLanguage\":\"en-CA\",\"potentialAction\":[{\"@type\":\"ReadAction\",\"target\":[\"https:\/\/dev.inrs.ca\/en\/inrs\/community-services\/emergency-procedures\/armed-individual\/\"]}]},{\"@type\":\"BreadcrumbList\",\"@id\":\"https:\/\/dev.inrs.ca\/en\/inrs\/community-services\/emergency-procedures\/armed-individual\/#breadcrumb\",\"itemListElement\":[{\"@type\":\"ListItem\",\"position\":1,\"name\":\"INRS\",\"item\":\"https:\/\/dev.inrs.ca\/linrs\/\"},{\"@type\":\"ListItem\",\"position\":2,\"name\":\"Community Services\",\"item\":\"https:\/\/dev.inrs.ca\/linrs\/services-a-la-communaute\/\"},{\"@type\":\"ListItem\",\"position\":3,\"name\":\"Emergency Procedures\",\"item\":\"https:\/\/dev.inrs.ca\/linrs\/services-a-la-communaute\/mesures-d-urgence\/\"},{\"@type\":\"ListItem\",\"position\":4,\"name\":\"Armed individual\"}]},{\"@type\":\"WebSite\",\"@id\":\"https:\/\/dev.inrs.ca\/en\/#website\",\"url\":\"https:\/\/dev.inrs.ca\/en\/\",\"name\":\"INRS\",\"description\":\"Institut national de la recherche scientifique\",\"potentialAction\":[{\"@type\":\"SearchAction\",\"target\":{\"@type\":\"EntryPoint\",\"urlTemplate\":\"https:\/\/dev.inrs.ca\/en\/?s={search_term_string}\"},\"query-input\":{\"@type\":\"PropertyValueSpecification\",\"valueRequired\":true,\"valueName\":\"search_term_string\"}}],\"inLanguage\":\"en-CA\"}]}<\/script>\n<!-- \/ Yoast SEO Premium plugin. -->","yoast_head_json":{"title":"Armed individual | Emergency procedures | INRS","description":"Toute personne qui est en possession d\u2019une arme \u00e0 feu, d\u2019un couteau ou d\u2019un autre objet quelconque est consid\u00e9r\u00e9e comme un individu arm\u00e9.","robots":{"index":"noindex","follow":"follow","max-snippet":"max-snippet:-1","max-image-preview":"max-image-preview:large","max-video-preview":"max-video-preview:-1"},"og_locale":"en_US","og_type":"article","og_title":"Armed individual | Emergency procedures | INRS","og_description":"Toute personne qui est en possession d\u2019une arme \u00e0 feu, d\u2019un couteau ou d\u2019un autre objet quelconque est consid\u00e9r\u00e9e comme un individu arm\u00e9.","og_url":"https:\/\/dev.inrs.ca\/en\/inrs\/community-services\/emergency-procedures\/armed-individual\/","og_site_name":"INRS","article_publisher":"https:\/\/www.facebook.com\/inrsciences\/","article_modified_time":"2020-09-06T18:02:01+00:00","twitter_card":"summary_large_image","twitter_site":"@inrsciences","twitter_misc":{"Est. reading time":"1 minute"},"schema":{"@context":"https:\/\/schema.org","@graph":[{"@type":"WebPage","@id":"https:\/\/dev.inrs.ca\/en\/inrs\/community-services\/emergency-procedures\/armed-individual\/","url":"https:\/\/dev.inrs.ca\/en\/inrs\/community-services\/emergency-procedures\/armed-individual\/","name":"Armed individual | Emergency procedures | INRS","isPartOf":{"@id":"https:\/\/dev.inrs.ca\/en\/#website"},"datePublished":"2020-08-12T17:59:30+00:00","dateModified":"2020-09-06T18:02:01+00:00","description":"Toute personne qui est en possession d\u2019une arme \u00e0 feu, d\u2019un couteau ou d\u2019un autre objet quelconque est consid\u00e9r\u00e9e comme un individu arm\u00e9.","breadcrumb":{"@id":"https:\/\/dev.inrs.ca\/en\/inrs\/community-services\/emergency-procedures\/armed-individual\/#breadcrumb"},"inLanguage":"en-CA","potentialAction":[{"@type":"ReadAction","target":["https:\/\/dev.inrs.ca\/en\/inrs\/community-services\/emergency-procedures\/armed-individual\/"]}]},{"@type":"BreadcrumbList","@id":"https:\/\/dev.inrs.ca\/en\/inrs\/community-services\/emergency-procedures\/armed-individual\/#breadcrumb","itemListElement":[{"@type":"ListItem","position":1,"name":"INRS","item":"https:\/\/dev.inrs.ca\/linrs\/"},{"@type":"ListItem","position":2,"name":"Community Services","item":"https:\/\/dev.inrs.ca\/linrs\/services-a-la-communaute\/"},{"@type":"ListItem","position":3,"name":"Emergency Procedures","item":"https:\/\/dev.inrs.ca\/linrs\/services-a-la-communaute\/mesures-d-urgence\/"},{"@type":"ListItem","position":4,"name":"Armed individual"}]},{"@type":"WebSite","@id":"https:\/\/dev.inrs.ca\/en\/#website","url":"https:\/\/dev.inrs.ca\/en\/","name":"INRS","description":"Institut national de la recherche scientifique","potentialAction":[{"@type":"SearchAction","target":{"@type":"EntryPoint","urlTemplate":"https:\/\/dev.inrs.ca\/en\/?s={search_term_string}"},"query-input":{"@type":"PropertyValueSpecification","valueRequired":true,"valueName":"search_term_string"}}],"inLanguage":"en-CA"}]}},"_links":{"self":[{"href":"https:\/\/dev.inrs.ca\/en\/wp-json\/wp\/v2\/pages\/17738","targetHints":{"allow":["GET"]}}],"collection":[{"href":"https:\/\/dev.inrs.ca\/en\/wp-json\/wp\/v2\/pages"}],"about":[{"href":"https:\/\/dev.inrs.ca\/en\/wp-json\/wp\/v2\/types\/page"}],"author":[{"embeddable":true,"href":"https:\/\/dev.inrs.ca\/en\/wp-json\/wp\/v2\/users\/1"}],"replies":[{"embeddable":true,"href":"https:\/\/dev.inrs.ca\/en\/wp-json\/wp\/v2\/comments?post=17738"}],"version-history":[{"count":2,"href":"https:\/\/dev.inrs.ca\/en\/wp-json\/wp\/v2\/pages\/17738\/revisions"}],"predecessor-version":[{"id":22681,"href":"https:\/\/dev.inrs.ca\/en\/wp-json\/wp\/v2\/pages\/17738\/revisions\/22681"}],"up":[{"embeddable":true,"href":"https:\/\/dev.inrs.ca\/en\/wp-json\/wp\/v2\/pages\/17740"}],"wp:attachment":[{"href":"https:\/\/dev.inrs.ca\/en\/wp-json\/wp\/v2\/media?parent=17738"}],"wp:term":[{"taxonomy":"page_type","embeddable":true,"href":"https:\/\/dev.inrs.ca\/en\/wp-json\/wp\/v2\/page_type?post=17738"},{"taxonomy":"wf_page_folders","embeddable":true,"href":"https:\/\/dev.inrs.ca\/en\/wp-json\/wp\/v2\/wf_page_folders?post=17738"}],"curies":[{"name":"wp","href":"https:\/\/api.w.org\/{rel}","templated":true}]}}