{"id":13371,"date":"2021-02-19T06:33:54","date_gmt":"2021-02-19T11:33:54","guid":{"rendered":"https:\/\/dev.inrs.ca\/student-health\/"},"modified":"2021-06-30T07:31:13","modified_gmt":"2021-06-30T11:31:13","slug":"physical-health","status":"publish","type":"page","link":"https:\/\/dev.inrs.ca\/en\/studies\/community-services\/physical-health\/","title":{"rendered":"Physical Health"},"content":{"rendered":"\n<p class=\"has-large-font-size\"><strong>Institut national de la recherche scientifique (INRS) provides students with access to facilities and services that help them stay fit, both physically and mentally. Maintaining a healthy lifestyle is important for your academic success and general well-being.<\/strong><\/p>\n\n\n\n<div style=\"height:20px\" aria-hidden=\"true\" class=\"wp-block-spacer\"><\/div>\n\n\n\n<h3 class=\"wp-block-heading\">Sports facilities at \u00c9cole de technologie sup\u00e9rieure (\u00c9TS) in Montreal<\/h3>\n\n\n\n<p>To encourage student fitness, INRS has an agreement with \u00c9TS allowing INRS students to use \u00c9TS sports facilities. Under this agreement, you pay the same rates as \u00c9TS students for sports centre services and related activities. Simply present your INRS student card at our partner institution and mention that you want to register at the sports centre.<\/p>\n\n\n\n<div class=\"wp-block-buttons is-layout-flex wp-block-buttons-is-layout-flex\">\n<div class=\"wp-block-button\"><a class=\"wp-block-button__link\" href=\"https:\/\/centresportif.etsmtl.ca\/\" style=\"border-radius:5px\" target=\"_blank\" rel=\"noreferrer noopener\">go to \u00e9ts sports complex<\/a><\/div>\n<\/div>\n\n\n\n<h3 class=\"wp-block-heading\"><br>C\u00e9gep Limoilou sports complex, Quebec City<\/h3>\n\n\n\n<p>Thanks to a partnership agreement with C\u00e9gep Limoilou, INRS students can use the college sports facilities at the student rate. You can sign up for the fitness room, take classes, or play badminton, basketball, floor hockey, soccer, or volleyball on a drop-in basis. You can get a membership card by presenting a valid student card at the sports complex reception desk.<\/p>\n\n\n\n<div class=\"wp-block-buttons is-layout-flex wp-block-buttons-is-layout-flex\">\n<div class=\"wp-block-button\"><a class=\"wp-block-button__link\" href=\"https:\/\/www.cegeplimoilou.ca\/grand-public\/complexe-sportif\/\" style=\"border-radius:5px\" target=\"_blank\" rel=\"noreferrer noopener\">go to c\u00e9gep limoilou sports complex<\/a><\/div>\n<\/div>\n\n\n\n<div style=\"height:20px\" aria-hidden=\"true\" class=\"wp-block-spacer\"><\/div>\n","protected":false},"excerpt":{"rendered":"<p>Maintaining a healthy lifestyle is important for your academic success and general well-being, wether at school or at work.<\/p>\n","protected":false},"author":1,"featured_media":48054,"parent":22307,"menu_order":0,"comment_status":"closed","ping_status":"closed","template":"templates\/research-infrastructure.php","meta":{"_acf_changed":false,"footnotes":""},"page_type":[],"wf_page_folders":[19],"class_list":["post-13371","page","type-page","status-publish","has-post-thumbnail","hentry"],"acf":[],"yoast_head":"<!-- This site is optimized with the Yoast SEO Premium plugin v24.6 (Yoast SEO v24.6) - https:\/\/yoast.com\/wordpress\/plugins\/seo\/ -->\n<title>INRS | Physical Health | Community Services<\/title>\n<meta name=\"description\" content=\"Sports facilities for students: maintaining a healthy lifestyle is important for your academic success and general well-being, wether at school or at work.\" \/>\n<meta name=\"robots\" content=\"noindex, follow, max-snippet:-1, max-image-preview:large, max-video-preview:-1\" \/>\n<meta property=\"og:locale\" content=\"en_US\" \/>\n<meta property=\"og:type\" content=\"article\" \/>\n<meta property=\"og:title\" content=\"INRS | Physical Health | Community Services\" \/>\n<meta property=\"og:description\" content=\"Sports facilities for students: maintaining a healthy lifestyle is important for your academic success and general well-being, wether at school or at work.\" \/>\n<meta property=\"og:url\" content=\"https:\/\/dev.inrs.ca\/en\/studies\/community-services\/physical-health\/\" \/>\n<meta property=\"og:site_name\" content=\"INRS\" \/>\n<meta property=\"article:publisher\" content=\"https:\/\/www.facebook.com\/inrsciences\/\" \/>\n<meta property=\"article:modified_time\" content=\"2021-06-30T11:31:13+00:00\" \/>\n<meta property=\"og:image\" content=\"https:\/\/dev.inrs.ca\/wp-content\/uploads\/2021\/02\/defi-sante.png\" \/>\n\t<meta property=\"og:image:width\" content=\"1244\" \/>\n\t<meta property=\"og:image:height\" content=\"829\" \/>\n\t<meta property=\"og:image:type\" content=\"image\/png\" \/>\n<meta name=\"twitter:card\" content=\"summary_large_image\" \/>\n<meta name=\"twitter:site\" content=\"@inrsciences\" \/>\n<meta name=\"twitter:label1\" content=\"Est. reading time\" \/>\n\t<meta name=\"twitter:data1\" content=\"1 minute\" \/>\n<script type=\"application\/ld+json\" class=\"yoast-schema-graph\">{\"@context\":\"https:\/\/schema.org\",\"@graph\":[{\"@type\":\"WebPage\",\"@id\":\"https:\/\/dev.inrs.ca\/en\/studies\/community-services\/physical-health\/\",\"url\":\"https:\/\/dev.inrs.ca\/en\/studies\/community-services\/physical-health\/\",\"name\":\"INRS | Physical Health | Community Services\",\"isPartOf\":{\"@id\":\"https:\/\/dev.inrs.ca\/en\/#website\"},\"primaryImageOfPage\":{\"@id\":\"https:\/\/dev.inrs.ca\/en\/studies\/community-services\/physical-health\/#primaryimage\"},\"image\":{\"@id\":\"https:\/\/dev.inrs.ca\/en\/studies\/community-services\/physical-health\/#primaryimage\"},\"thumbnailUrl\":\"https:\/\/dev.inrs.ca\/wp-content\/uploads\/2021\/02\/defi-sante.png\",\"datePublished\":\"2021-02-19T11:33:54+00:00\",\"dateModified\":\"2021-06-30T11:31:13+00:00\",\"description\":\"Sports facilities for students: maintaining a healthy lifestyle is important for your academic success and general well-being, wether at school or at work.\",\"breadcrumb\":{\"@id\":\"https:\/\/dev.inrs.ca\/en\/studies\/community-services\/physical-health\/#breadcrumb\"},\"inLanguage\":\"en-CA\",\"potentialAction\":[{\"@type\":\"ReadAction\",\"target\":[\"https:\/\/dev.inrs.ca\/en\/studies\/community-services\/physical-health\/\"]}]},{\"@type\":\"ImageObject\",\"inLanguage\":\"en-CA\",\"@id\":\"https:\/\/dev.inrs.ca\/en\/studies\/community-services\/physical-health\/#primaryimage\",\"url\":\"https:\/\/dev.inrs.ca\/wp-content\/uploads\/2021\/02\/defi-sante.png\",\"contentUrl\":\"https:\/\/dev.inrs.ca\/wp-content\/uploads\/2021\/02\/defi-sante.png\",\"width\":1244,\"height\":829},{\"@type\":\"BreadcrumbList\",\"@id\":\"https:\/\/dev.inrs.ca\/en\/studies\/community-services\/physical-health\/#breadcrumb\",\"itemListElement\":[{\"@type\":\"ListItem\",\"position\":1,\"name\":\"INRS\",\"item\":\"https:\/\/dev.inrs.ca\/linrs\/\"},{\"@type\":\"ListItem\",\"position\":2,\"name\":\"Community Services\",\"item\":\"https:\/\/dev.inrs.ca\/linrs\/services-a-la-communaute\/\"},{\"@type\":\"ListItem\",\"position\":3,\"name\":\"Physical Health\"}]},{\"@type\":\"WebSite\",\"@id\":\"https:\/\/dev.inrs.ca\/en\/#website\",\"url\":\"https:\/\/dev.inrs.ca\/en\/\",\"name\":\"INRS\",\"description\":\"Institut national de la recherche scientifique\",\"potentialAction\":[{\"@type\":\"SearchAction\",\"target\":{\"@type\":\"EntryPoint\",\"urlTemplate\":\"https:\/\/dev.inrs.ca\/en\/?s={search_term_string}\"},\"query-input\":{\"@type\":\"PropertyValueSpecification\",\"valueRequired\":true,\"valueName\":\"search_term_string\"}}],\"inLanguage\":\"en-CA\"}]}<\/script>\n<!-- \/ Yoast SEO Premium plugin. -->","yoast_head_json":{"title":"INRS | Physical Health | Community Services","description":"Sports facilities for students: maintaining a healthy lifestyle is important for your academic success and general well-being, wether at school or at work.","robots":{"index":"noindex","follow":"follow","max-snippet":"max-snippet:-1","max-image-preview":"max-image-preview:large","max-video-preview":"max-video-preview:-1"},"og_locale":"en_US","og_type":"article","og_title":"INRS | Physical Health | Community Services","og_description":"Sports facilities for students: maintaining a healthy lifestyle is important for your academic success and general well-being, wether at school or at work.","og_url":"https:\/\/dev.inrs.ca\/en\/studies\/community-services\/physical-health\/","og_site_name":"INRS","article_publisher":"https:\/\/www.facebook.com\/inrsciences\/","article_modified_time":"2021-06-30T11:31:13+00:00","og_image":[{"width":1244,"height":829,"url":"https:\/\/dev.inrs.ca\/wp-content\/uploads\/2021\/02\/defi-sante.png","type":"image\/png"}],"twitter_card":"summary_large_image","twitter_site":"@inrsciences","twitter_misc":{"Est. reading time":"1 minute"},"schema":{"@context":"https:\/\/schema.org","@graph":[{"@type":"WebPage","@id":"https:\/\/dev.inrs.ca\/en\/studies\/community-services\/physical-health\/","url":"https:\/\/dev.inrs.ca\/en\/studies\/community-services\/physical-health\/","name":"INRS | Physical Health | Community Services","isPartOf":{"@id":"https:\/\/dev.inrs.ca\/en\/#website"},"primaryImageOfPage":{"@id":"https:\/\/dev.inrs.ca\/en\/studies\/community-services\/physical-health\/#primaryimage"},"image":{"@id":"https:\/\/dev.inrs.ca\/en\/studies\/community-services\/physical-health\/#primaryimage"},"thumbnailUrl":"https:\/\/dev.inrs.ca\/wp-content\/uploads\/2021\/02\/defi-sante.png","datePublished":"2021-02-19T11:33:54+00:00","dateModified":"2021-06-30T11:31:13+00:00","description":"Sports facilities for students: maintaining a healthy lifestyle is important for your academic success and general well-being, wether at school or at work.","breadcrumb":{"@id":"https:\/\/dev.inrs.ca\/en\/studies\/community-services\/physical-health\/#breadcrumb"},"inLanguage":"en-CA","potentialAction":[{"@type":"ReadAction","target":["https:\/\/dev.inrs.ca\/en\/studies\/community-services\/physical-health\/"]}]},{"@type":"ImageObject","inLanguage":"en-CA","@id":"https:\/\/dev.inrs.ca\/en\/studies\/community-services\/physical-health\/#primaryimage","url":"https:\/\/dev.inrs.ca\/wp-content\/uploads\/2021\/02\/defi-sante.png","contentUrl":"https:\/\/dev.inrs.ca\/wp-content\/uploads\/2021\/02\/defi-sante.png","width":1244,"height":829},{"@type":"BreadcrumbList","@id":"https:\/\/dev.inrs.ca\/en\/studies\/community-services\/physical-health\/#breadcrumb","itemListElement":[{"@type":"ListItem","position":1,"name":"INRS","item":"https:\/\/dev.inrs.ca\/linrs\/"},{"@type":"ListItem","position":2,"name":"Community Services","item":"https:\/\/dev.inrs.ca\/linrs\/services-a-la-communaute\/"},{"@type":"ListItem","position":3,"name":"Physical Health"}]},{"@type":"WebSite","@id":"https:\/\/dev.inrs.ca\/en\/#website","url":"https:\/\/dev.inrs.ca\/en\/","name":"INRS","description":"Institut national de la recherche scientifique","potentialAction":[{"@type":"SearchAction","target":{"@type":"EntryPoint","urlTemplate":"https:\/\/dev.inrs.ca\/en\/?s={search_term_string}"},"query-input":{"@type":"PropertyValueSpecification","valueRequired":true,"valueName":"search_term_string"}}],"inLanguage":"en-CA"}]}},"_links":{"self":[{"href":"https:\/\/dev.inrs.ca\/en\/wp-json\/wp\/v2\/pages\/13371","targetHints":{"allow":["GET"]}}],"collection":[{"href":"https:\/\/dev.inrs.ca\/en\/wp-json\/wp\/v2\/pages"}],"about":[{"href":"https:\/\/dev.inrs.ca\/en\/wp-json\/wp\/v2\/types\/page"}],"author":[{"embeddable":true,"href":"https:\/\/dev.inrs.ca\/en\/wp-json\/wp\/v2\/users\/1"}],"replies":[{"embeddable":true,"href":"https:\/\/dev.inrs.ca\/en\/wp-json\/wp\/v2\/comments?post=13371"}],"version-history":[{"count":5,"href":"https:\/\/dev.inrs.ca\/en\/wp-json\/wp\/v2\/pages\/13371\/revisions"}],"predecessor-version":[{"id":65512,"href":"https:\/\/dev.inrs.ca\/en\/wp-json\/wp\/v2\/pages\/13371\/revisions\/65512"}],"up":[{"embeddable":true,"href":"https:\/\/dev.inrs.ca\/en\/wp-json\/wp\/v2\/pages\/22307"}],"wp:featuredmedia":[{"embeddable":true,"href":"https:\/\/dev.inrs.ca\/en\/wp-json\/wp\/v2\/media\/48054"}],"wp:attachment":[{"href":"https:\/\/dev.inrs.ca\/en\/wp-json\/wp\/v2\/media?parent=13371"}],"wp:term":[{"taxonomy":"page_type","embeddable":true,"href":"https:\/\/dev.inrs.ca\/en\/wp-json\/wp\/v2\/page_type?post=13371"},{"taxonomy":"wf_page_folders","embeddable":true,"href":"https:\/\/dev.inrs.ca\/en\/wp-json\/wp\/v2\/wf_page_folders?post=13371"}],"curies":[{"name":"wp","href":"https:\/\/api.w.org\/{rel}","templated":true}]}}