{"id":13369,"date":"2021-02-25T13:11:39","date_gmt":"2021-02-25T18:11:39","guid":{"rendered":"https:\/\/dev.inrs.ca\/student-conferences-and-symposiums\/"},"modified":"2021-05-05T11:37:35","modified_gmt":"2021-05-05T15:37:35","slug":"student-conferences-and-symposiums","status":"publish","type":"page","link":"https:\/\/dev.inrs.ca\/en\/studies\/science-communication\/student-conferences-and-symposiums\/","title":{"rendered":"Student Conferences and Symposiums"},"content":{"rendered":"\n<p class=\"has-large-font-size\"><strong>Conferences and symposiums not only allow INRS students to share their knowledge and research findings, they are also tremendous opportunities to network and learn.<\/strong><\/p>\n\n\n\n<div style=\"height:20px\" aria-hidden=\"true\" class=\"wp-block-spacer\"><\/div>\n\n\n\n<p>INRS students organize or participate in many events of this kind during the year in cities across Quebec and around the world. Want to help organize a conference, symposium, or seminar? Here are the events put on by the INRS student body, in some cases in collaboration with other institutions.<\/p>\n\n\n\n<div style=\"height:20px\" aria-hidden=\"true\" class=\"wp-block-spacer\"><\/div>\n\n\n\n<h2 class=\"wp-block-heading\">Congr\u00e8s Eau Terre Environnement<\/h2>\n\n\n\n<p>This annual, province-wide conference is aimed at fostering ties between students from across Quebec who are interested in earth, water, and environmental sciences. The conference is an opportunity for students to learn about research being conducted at the master\u2019s and doctoral level and to develop their science communication skills by giving oral and poster presentations. The event is divided between two venues, the Centre Eau Terre Environnement Research Centre at INRS and another Quebec university (ENAP or Universit\u00e9 Laval) to make room for all the participants. <a href=\"http:\/\/congresete.ete.dev.inrs.ca\/\" target=\"_blank\" rel=\"noreferrer noopener\"><strong>Learn more<\/strong><\/a><\/p>\n\n\n\n<h2 class=\"wp-block-heading\"><br>Congr\u00e8s Armand-Frappier<\/h2>\n\n\n\n<p>This conference, organized by students at the Armand-Frappier Sant\u00e9 Biotechnologie Research Centre, is attended by 150 people each year and showcases bioscience research in the form of oral presentations and posters. It is a great opportunity to share your research findings with your peers and hear internationally renowned experts speaking on current topics in various fields of biology. Congr\u00e8s Armand-Frappier is also an occasion to fraternize with fellow students and meet new colleagues in a beautiful location in the Eastern Townships. <a href=\"http:\/\/congresarmandfrappier.dev.inrs.ca\/\" target=\"_blank\" rel=\"noreferrer noopener\"><strong>Learn more<\/strong><\/a><\/p>\n\n\n\n<h2 class=\"wp-block-heading\"><br>Colloque \u00e9tudiant en \u00e9tudes urbaines INRS-UQAM<\/h2>\n\n\n\n<p>In addition to bringing together those with shared interests in the same field of social science research, this symposium explores various research themes and issues in urban studies. The one-day event is an opportunity for students enrolled in joint doctoral programs in urban studies at l&#8217;Institut national de la recherche scientifique (INRS) and l\u2019Universit\u00e9 du Qu\u00e9bec \u00e0 Montr\u00e9al (UQAM) to meet and reflect.<\/p>\n\n\n\n<h2 class=\"wp-block-heading\"><br>Journ\u00e9e de mobilisation des savoirs<\/h2>\n\n\n\n<p>The purpose of this day-long event is to better understand the mobilization and transfer of knowledge and take a closer look at career paths and options. It is open to INRS students in all fields as well as to faculty members, professionals, and participants from other Quebec universities. The event is organized by the knowledge mobilization committee. <a href=\"http:\/\/mobsavoirs.org\/\" target=\"_blank\" rel=\"noreferrer noopener\"><strong>Learn more<\/strong><\/a><\/p>\n\n\n\n<h2 class=\"wp-block-heading\"><br>Journ\u00e9e des sciences de la Terre et de l\u2019environnement<\/h2>\n\n\n\n<p>Journ\u00e9e des sciences de la Terre et de l\u2019environnement (JSTE) is an annual event created over 20 years ago to enable master\u2019s and PhD geoscience students at INRS to showcase their research via oral and poster presentations. Professionals and industry members are invited. <a href=\"http:\/\/jste.ete.dev.inrs.ca\/\" target=\"_blank\" rel=\"noreferrer noopener\"><strong>Learn more<\/strong><\/a><\/p>\n\n\n\n<h3 class=\"wp-block-heading\"><br>Other symposiums and conferences<\/h3>\n\n\n\n<p>In addition to the knowledge-sharing activities for which it is responsible, the INRS student body actively shares its research findings at conferences and symposiums held by other organizations and groups in cities across Quebec. Here are some of the events in which INRS students regularly participate and at which they are often awarded prizes for their oral presentations and posters!<\/p>\n\n\n\n<ul class=\"wp-block-list\" id=\"block-6abc023b-7d7e-4399-a1c7-7399403798c9\"><li><a rel=\"noreferrer noopener\" href=\"https:\/\/www.acfas.ca\/evenements\/congres\" target=\"_blank\">Acfas<\/a><\/li><li><a rel=\"noreferrer noopener\" href=\"https:\/\/mern.gouv.qc.ca\/en\/quebec-mines\/\" target=\"_blank\">Qu\u00e9bec Mines<\/a><\/li><li><a href=\"https:\/\/www.geotop.ca\/en\/congres-etudiants\" target=\"_blank\" rel=\"noreferrer noopener\" class=\"broken_link\">GEOTOP<\/a><\/li><\/ul>\n\n\n\n<div style=\"height:20px\" aria-hidden=\"true\" class=\"wp-block-spacer\"><\/div>\n\n\n\n<p><strong>Top photo:&nbsp;<\/strong>Marie-\u00c8ve Jean, PhD in water science, <a href=\"https:\/\/www.acfas.ca\/evenements\/journees-de-la-releve-en-recherche\" target=\"_blank\" rel=\"noreferrer noopener\">Journ\u00e9es de la rel\u00e8ve en recherche<\/a> (Acfas).<\/p>\n","protected":false},"excerpt":{"rendered":"<p>Conferences and symposiums not only allow INRS students to share their knowledge and research findings, they are also tremendous opportunitiesto network and learn.<\/p>\n","protected":false},"author":1,"featured_media":19092,"parent":13339,"menu_order":0,"comment_status":"closed","ping_status":"closed","template":"","meta":{"_acf_changed":false,"footnotes":""},"page_type":[],"wf_page_folders":[19],"class_list":["post-13369","page","type-page","status-publish","has-post-thumbnail","hentry"],"acf":[],"yoast_head":"<!-- This site is optimized with the Yoast SEO Premium plugin v24.6 (Yoast SEO v24.6) - https:\/\/yoast.com\/wordpress\/plugins\/seo\/ -->\n<title>Student Conferences and Symposiums | Science Communication | INRS<\/title>\n<meta name=\"description\" content=\"Conferences and symposiums not only allow INRS students to share their knowledge and research findings, they are also tremendous opportunitiesto network and learn.\" \/>\n<meta name=\"robots\" content=\"noindex, follow, max-snippet:-1, max-image-preview:large, max-video-preview:-1\" \/>\n<meta property=\"og:locale\" content=\"en_US\" \/>\n<meta property=\"og:type\" content=\"article\" \/>\n<meta property=\"og:title\" content=\"Student Conferences and Symposiums | Science Communication | INRS\" \/>\n<meta property=\"og:description\" content=\"Conferences and symposiums not only allow INRS students to share their knowledge and research findings, they are also tremendous opportunitiesto network and learn.\" \/>\n<meta property=\"og:url\" content=\"https:\/\/dev.inrs.ca\/en\/studies\/science-communication\/student-conferences-and-symposiums\/\" \/>\n<meta property=\"og:site_name\" content=\"INRS\" \/>\n<meta property=\"article:publisher\" content=\"https:\/\/www.facebook.com\/inrsciences\/\" \/>\n<meta property=\"article:modified_time\" content=\"2021-05-05T15:37:35+00:00\" \/>\n<meta property=\"og:image\" content=\"https:\/\/dev.inrs.ca\/wp-content\/uploads\/2020\/08\/Etudes-congres-ACFAS-J2R-etudiante-inrs-Marie-eve-Jean-laureate-2017.jpg\" \/>\n\t<meta property=\"og:image:width\" content=\"1000\" \/>\n\t<meta property=\"og:image:height\" content=\"667\" \/>\n\t<meta property=\"og:image:type\" content=\"image\/jpeg\" \/>\n<meta name=\"twitter:card\" content=\"summary_large_image\" \/>\n<meta name=\"twitter:site\" content=\"@inrsciences\" \/>\n<meta name=\"twitter:label1\" content=\"Est. reading time\" \/>\n\t<meta name=\"twitter:data1\" content=\"3 minutes\" \/>\n<script type=\"application\/ld+json\" class=\"yoast-schema-graph\">{\"@context\":\"https:\/\/schema.org\",\"@graph\":[{\"@type\":\"WebPage\",\"@id\":\"https:\/\/dev.inrs.ca\/en\/studies\/science-communication\/student-conferences-and-symposiums\/\",\"url\":\"https:\/\/dev.inrs.ca\/en\/studies\/science-communication\/student-conferences-and-symposiums\/\",\"name\":\"Student Conferences and Symposiums | Science Communication | INRS\",\"isPartOf\":{\"@id\":\"https:\/\/dev.inrs.ca\/en\/#website\"},\"primaryImageOfPage\":{\"@id\":\"https:\/\/dev.inrs.ca\/en\/studies\/science-communication\/student-conferences-and-symposiums\/#primaryimage\"},\"image\":{\"@id\":\"https:\/\/dev.inrs.ca\/en\/studies\/science-communication\/student-conferences-and-symposiums\/#primaryimage\"},\"thumbnailUrl\":\"https:\/\/dev.inrs.ca\/wp-content\/uploads\/2020\/08\/Etudes-congres-ACFAS-J2R-etudiante-inrs-Marie-eve-Jean-laureate-2017.jpg\",\"datePublished\":\"2021-02-25T18:11:39+00:00\",\"dateModified\":\"2021-05-05T15:37:35+00:00\",\"description\":\"Conferences and symposiums not only allow INRS students to share their knowledge and research findings, they are also tremendous opportunitiesto network and learn.\",\"breadcrumb\":{\"@id\":\"https:\/\/dev.inrs.ca\/en\/studies\/science-communication\/student-conferences-and-symposiums\/#breadcrumb\"},\"inLanguage\":\"en-CA\",\"potentialAction\":[{\"@type\":\"ReadAction\",\"target\":[\"https:\/\/dev.inrs.ca\/en\/studies\/science-communication\/student-conferences-and-symposiums\/\"]}]},{\"@type\":\"ImageObject\",\"inLanguage\":\"en-CA\",\"@id\":\"https:\/\/dev.inrs.ca\/en\/studies\/science-communication\/student-conferences-and-symposiums\/#primaryimage\",\"url\":\"https:\/\/dev.inrs.ca\/wp-content\/uploads\/2020\/08\/Etudes-congres-ACFAS-J2R-etudiante-inrs-Marie-eve-Jean-laureate-2017.jpg\",\"contentUrl\":\"https:\/\/dev.inrs.ca\/wp-content\/uploads\/2020\/08\/Etudes-congres-ACFAS-J2R-etudiante-inrs-Marie-eve-Jean-laureate-2017.jpg\",\"width\":1000,\"height\":667,\"caption\":\"??????????????????????????????????????????????????????????????????????????????????????????????????????????????????????????????????????????????????????????????????????????????????????????????????????????????????????????????????\"},{\"@type\":\"BreadcrumbList\",\"@id\":\"https:\/\/dev.inrs.ca\/en\/studies\/science-communication\/student-conferences-and-symposiums\/#breadcrumb\",\"itemListElement\":[{\"@type\":\"ListItem\",\"position\":1,\"name\":\"Studies\",\"item\":\"https:\/\/dev.inrs.ca\/les-etudes\/\"},{\"@type\":\"ListItem\",\"position\":2,\"name\":\"Science Communication\",\"item\":\"https:\/\/dev.inrs.ca\/les-etudes\/vulgarisation-scientifique\/\"},{\"@type\":\"ListItem\",\"position\":3,\"name\":\"Student Conferences and Symposiums\"}]},{\"@type\":\"WebSite\",\"@id\":\"https:\/\/dev.inrs.ca\/en\/#website\",\"url\":\"https:\/\/dev.inrs.ca\/en\/\",\"name\":\"INRS\",\"description\":\"Institut national de la recherche scientifique\",\"potentialAction\":[{\"@type\":\"SearchAction\",\"target\":{\"@type\":\"EntryPoint\",\"urlTemplate\":\"https:\/\/dev.inrs.ca\/en\/?s={search_term_string}\"},\"query-input\":{\"@type\":\"PropertyValueSpecification\",\"valueRequired\":true,\"valueName\":\"search_term_string\"}}],\"inLanguage\":\"en-CA\"}]}<\/script>\n<!-- \/ Yoast SEO Premium plugin. -->","yoast_head_json":{"title":"Student Conferences and Symposiums | Science Communication | INRS","description":"Conferences and symposiums not only allow INRS students to share their knowledge and research findings, they are also tremendous opportunitiesto network and learn.","robots":{"index":"noindex","follow":"follow","max-snippet":"max-snippet:-1","max-image-preview":"max-image-preview:large","max-video-preview":"max-video-preview:-1"},"og_locale":"en_US","og_type":"article","og_title":"Student Conferences and Symposiums | Science Communication | INRS","og_description":"Conferences and symposiums not only allow INRS students to share their knowledge and research findings, they are also tremendous opportunitiesto network and learn.","og_url":"https:\/\/dev.inrs.ca\/en\/studies\/science-communication\/student-conferences-and-symposiums\/","og_site_name":"INRS","article_publisher":"https:\/\/www.facebook.com\/inrsciences\/","article_modified_time":"2021-05-05T15:37:35+00:00","og_image":[{"width":1000,"height":667,"url":"https:\/\/dev.inrs.ca\/wp-content\/uploads\/2020\/08\/Etudes-congres-ACFAS-J2R-etudiante-inrs-Marie-eve-Jean-laureate-2017.jpg","type":"image\/jpeg"}],"twitter_card":"summary_large_image","twitter_site":"@inrsciences","twitter_misc":{"Est. reading time":"3 minutes"},"schema":{"@context":"https:\/\/schema.org","@graph":[{"@type":"WebPage","@id":"https:\/\/dev.inrs.ca\/en\/studies\/science-communication\/student-conferences-and-symposiums\/","url":"https:\/\/dev.inrs.ca\/en\/studies\/science-communication\/student-conferences-and-symposiums\/","name":"Student Conferences and Symposiums | Science Communication | INRS","isPartOf":{"@id":"https:\/\/dev.inrs.ca\/en\/#website"},"primaryImageOfPage":{"@id":"https:\/\/dev.inrs.ca\/en\/studies\/science-communication\/student-conferences-and-symposiums\/#primaryimage"},"image":{"@id":"https:\/\/dev.inrs.ca\/en\/studies\/science-communication\/student-conferences-and-symposiums\/#primaryimage"},"thumbnailUrl":"https:\/\/dev.inrs.ca\/wp-content\/uploads\/2020\/08\/Etudes-congres-ACFAS-J2R-etudiante-inrs-Marie-eve-Jean-laureate-2017.jpg","datePublished":"2021-02-25T18:11:39+00:00","dateModified":"2021-05-05T15:37:35+00:00","description":"Conferences and symposiums not only allow INRS students to share their knowledge and research findings, they are also tremendous opportunitiesto network and learn.","breadcrumb":{"@id":"https:\/\/dev.inrs.ca\/en\/studies\/science-communication\/student-conferences-and-symposiums\/#breadcrumb"},"inLanguage":"en-CA","potentialAction":[{"@type":"ReadAction","target":["https:\/\/dev.inrs.ca\/en\/studies\/science-communication\/student-conferences-and-symposiums\/"]}]},{"@type":"ImageObject","inLanguage":"en-CA","@id":"https:\/\/dev.inrs.ca\/en\/studies\/science-communication\/student-conferences-and-symposiums\/#primaryimage","url":"https:\/\/dev.inrs.ca\/wp-content\/uploads\/2020\/08\/Etudes-congres-ACFAS-J2R-etudiante-inrs-Marie-eve-Jean-laureate-2017.jpg","contentUrl":"https:\/\/dev.inrs.ca\/wp-content\/uploads\/2020\/08\/Etudes-congres-ACFAS-J2R-etudiante-inrs-Marie-eve-Jean-laureate-2017.jpg","width":1000,"height":667,"caption":"??????????????????????????????????????????????????????????????????????????????????????????????????????????????????????????????????????????????????????????????????????????????????????????????????????????????????????????????????"},{"@type":"BreadcrumbList","@id":"https:\/\/dev.inrs.ca\/en\/studies\/science-communication\/student-conferences-and-symposiums\/#breadcrumb","itemListElement":[{"@type":"ListItem","position":1,"name":"Studies","item":"https:\/\/dev.inrs.ca\/les-etudes\/"},{"@type":"ListItem","position":2,"name":"Science Communication","item":"https:\/\/dev.inrs.ca\/les-etudes\/vulgarisation-scientifique\/"},{"@type":"ListItem","position":3,"name":"Student Conferences and Symposiums"}]},{"@type":"WebSite","@id":"https:\/\/dev.inrs.ca\/en\/#website","url":"https:\/\/dev.inrs.ca\/en\/","name":"INRS","description":"Institut national de la recherche scientifique","potentialAction":[{"@type":"SearchAction","target":{"@type":"EntryPoint","urlTemplate":"https:\/\/dev.inrs.ca\/en\/?s={search_term_string}"},"query-input":{"@type":"PropertyValueSpecification","valueRequired":true,"valueName":"search_term_string"}}],"inLanguage":"en-CA"}]}},"_links":{"self":[{"href":"https:\/\/dev.inrs.ca\/en\/wp-json\/wp\/v2\/pages\/13369","targetHints":{"allow":["GET"]}}],"collection":[{"href":"https:\/\/dev.inrs.ca\/en\/wp-json\/wp\/v2\/pages"}],"about":[{"href":"https:\/\/dev.inrs.ca\/en\/wp-json\/wp\/v2\/types\/page"}],"author":[{"embeddable":true,"href":"https:\/\/dev.inrs.ca\/en\/wp-json\/wp\/v2\/users\/1"}],"replies":[{"embeddable":true,"href":"https:\/\/dev.inrs.ca\/en\/wp-json\/wp\/v2\/comments?post=13369"}],"version-history":[{"count":5,"href":"https:\/\/dev.inrs.ca\/en\/wp-json\/wp\/v2\/pages\/13369\/revisions"}],"predecessor-version":[{"id":57911,"href":"https:\/\/dev.inrs.ca\/en\/wp-json\/wp\/v2\/pages\/13369\/revisions\/57911"}],"up":[{"embeddable":true,"href":"https:\/\/dev.inrs.ca\/en\/wp-json\/wp\/v2\/pages\/13339"}],"wp:featuredmedia":[{"embeddable":true,"href":"https:\/\/dev.inrs.ca\/en\/wp-json\/wp\/v2\/media\/19092"}],"wp:attachment":[{"href":"https:\/\/dev.inrs.ca\/en\/wp-json\/wp\/v2\/media?parent=13369"}],"wp:term":[{"taxonomy":"page_type","embeddable":true,"href":"https:\/\/dev.inrs.ca\/en\/wp-json\/wp\/v2\/page_type?post=13369"},{"taxonomy":"wf_page_folders","embeddable":true,"href":"https:\/\/dev.inrs.ca\/en\/wp-json\/wp\/v2\/wf_page_folders?post=13369"}],"curies":[{"name":"wp","href":"https:\/\/api.w.org\/{rel}","templated":true}]}}