{"id":13336,"date":"2021-02-25T10:59:45","date_gmt":"2021-02-25T15:59:45","guid":{"rendered":"https:\/\/dev.inrs.ca\/student-competitions\/"},"modified":"2021-05-06T13:15:18","modified_gmt":"2021-05-06T17:15:18","slug":"student-competitions","status":"publish","type":"page","link":"https:\/\/dev.inrs.ca\/en\/studies\/science-communication\/student-competitions\/","title":{"rendered":"Student Competitions"},"content":{"rendered":"\n<p class=\"has-large-font-size\"><strong>If you\u2019re looking to challenge yourself and like to compete, student competitions are a great opportunity to showcase your achievements and gain self-assurance.<\/strong><\/p>\n\n\n\n<div style=\"height:20px\" aria-hidden=\"true\" class=\"wp-block-spacer\"><\/div>\n\n\n\n<p>They are also a good way of making yourself known to the scientific and university community. Some competitions can even open doors to career opportunities in business and industry. So go for it!<\/p>\n\n\n\n<h3 class=\"wp-block-heading\"><br>Ma th\u00e8se en 180 secondes\/Three Minute Thesis<\/h3>\n\n\n\n<p>The Ma th\u00e8se en 180 secondes (MT180) competition is a French-language event organized by Association francophone pour le savoir (ACFAS). Finals are held in all Quebec universities. Winners from each university then gather for the provincial final, which is held in a different university each year. The MT180 competition is an opportunity for PhD students to explain their research topic to a lay&nbsp;audience. INRS also organizes a final of the Three Minute Thesis competition, the English-language version of the MT180. <a href=\"https:\/\/dev.inrs.ca\/en\/studies\/science-communication\/student-competitions\/3-minute-thesis-competition\/\"><strong>Find out more about the INRS final<\/strong>.<\/a><\/p>\n\n\n\n<div style=\"height:20px\" aria-hidden=\"true\" class=\"wp-block-spacer\"><\/div>\n\n\n\n<figure class=\"wp-block-embed is-type-video is-provider-youtube wp-block-embed-youtube wp-embed-aspect-16-9 wp-has-aspect-ratio\"><div class=\"wp-block-embed__wrapper\">\n<iframe loading=\"lazy\" title=\"Outils optiques pour caract\u00e9riser la biomasse des algues des lacs - Ma th\u00e8se en 180 secondes 2019\" width=\"500\" height=\"281\" src=\"https:\/\/www.youtube.com\/embed\/JMgafeU3FJ4?feature=oembed\" frameborder=\"0\" allow=\"accelerometer; autoplay; clipboard-write; encrypted-media; gyroscope; picture-in-picture; web-share\" referrerpolicy=\"strict-origin-when-cross-origin\" allowfullscreen><\/iframe>\n<\/div><\/figure>\n\n\n\n<div style=\"height:20px\" aria-hidden=\"true\" class=\"wp-block-spacer\"><\/div>\n\n\n\n<h3 class=\"wp-block-heading\">Forces AVENIR<\/h3>\n\n\n\n<p>The Forces AVENIR competition recognizes, honours, and promotes academic achievement and student engagement in projects that contribute to the development of open-minded, responsible citizens with a strong community commitment. For the eligibility criteria, terms and conditions, and prize details, <a href=\"https:\/\/www.forcesavenir.qc.ca\/\" target=\"_blank\" rel=\"noreferrer noopener\"><strong>check out Forces AVENIR website<\/strong><\/a>.<\/p>\n\n\n\n<h3 class=\"wp-block-heading\"><br>La preuve par l\u2019image\/Science Exposed<\/h3>\n\n\n\n<p>The La preuve par l\u2019image\/Science Exposed competition is an initiative of Association francophone pour le savoir (ACFAS) in collaboration with the <a href=\"https:\/\/www.nserc-crsng.gc.ca\/index_eng.asp\" target=\"_blank\" rel=\"noreferrer noopener\"><strong>Natural Sciences and Engineering Research Council of Canada<\/strong><\/a><strong> <\/strong>(NSERC). The competition is devoted exclusively to visual images of scientific research, in all fields of study (except the visual and media arts and research-creation. All visual production techniques are accepted: photography, radiography, drawing, graphs, etc. For information on how to enter and details on the prizes, <a href=\"https:\/\/www.acfas.ca\/prix-concours\/preuve-image\" target=\"_blank\" rel=\"noreferrer noopener\"><strong>visit Acfas website<\/strong><\/a>.<\/p>\n\n\n\n<h3 class=\"wp-block-heading\"><br>AquaHacking<\/h3>\n\n\n\n<p>The AquaHacking Challenge is a tech competition aimed at finding original and sustainable solutions to important water resource problems and promoting entrepreneurship and the commercialization of the solutions presented at the competition. Generous scholarships are presented to the winning teams so they can continue developing their innovations. Teams made up of students, faculty members, and postdoctoral fellows can enter. The challenge was created by the De &nbsp;Gasp\u00e9 Beaubien Foundation and has been held in cities across Canada since 2015. Two INRS teams have won the challenge: E-Nundation in 2018 and GuIA in 2019. For eligibility criteria, terms and conditions, and prize details, <a href=\"https:\/\/aquahacking.com\/en\/\" target=\"_blank\" rel=\"noreferrer noopener\" class=\"broken_link\"><strong>visit AquaHacking website<\/strong><\/a>.<\/p>\n\n\n\n<div style=\"height:20px\" aria-hidden=\"true\" class=\"wp-block-spacer\"><\/div>\n\n\n\n<figure class=\"wp-block-embed is-type-video is-provider-youtube wp-block-embed-youtube wp-embed-aspect-16-9 wp-has-aspect-ratio\"><div class=\"wp-block-embed__wrapper\">\n<iframe loading=\"lazy\" title=\"Hachem Agili, gagnant 2018 de GeoSapiens, discute le processus d&#039;AquaHacking\" width=\"500\" height=\"281\" src=\"https:\/\/www.youtube.com\/embed\/a3SHaLrRg-8?feature=oembed\" frameborder=\"0\" allow=\"accelerometer; autoplay; clipboard-write; encrypted-media; gyroscope; picture-in-picture; web-share\" referrerpolicy=\"strict-origin-when-cross-origin\" allowfullscreen><\/iframe>\n<\/div><\/figure>\n\n\n\n<div style=\"height:20px\" aria-hidden=\"true\" class=\"wp-block-spacer\"><\/div>\n\n\n\n<h3 class=\"wp-block-heading\">G\u00e9nies en affaires<\/h3>\n\n\n\n<p>The G\u00e9nies en affaires competition, organized by Association francophone pour le savoir (ACFAS), gives university students the opportunity to team up and test the feasibility of their innovative projects with professionals and the general public. The goal of the multi-day competition is to show how their projects can improve society. For information on how to enter and details on the prizes, <a href=\"https:\/\/www.acfas.ca\/prix-concours\/concours-genies-en-affaires\" target=\"_blank\" rel=\"noreferrer noopener\"><strong>visit G\u00e9nie en affaires website<\/strong><\/a>.<\/p>\n\n\n\n<div style=\"height:20px\" aria-hidden=\"true\" class=\"wp-block-spacer\"><\/div>\n\n\n\n<figure class=\"wp-block-embed is-type-video is-provider-youtube wp-block-embed-youtube wp-embed-aspect-16-9 wp-has-aspect-ratio\"><div class=\"wp-block-embed__wrapper\">\n<iframe loading=\"lazy\" title=\"Laur\u00e9ates - Concours vid\u00e9os \u00e9tudiantes 2017 - \u00c9quipe - 2e et 3e cycles\" width=\"500\" height=\"281\" src=\"https:\/\/www.youtube.com\/embed\/PkMLzlOT4ak?feature=oembed\" frameborder=\"0\" allow=\"accelerometer; autoplay; clipboard-write; encrypted-media; gyroscope; picture-in-picture; web-share\" referrerpolicy=\"strict-origin-when-cross-origin\" allowfullscreen><\/iframe>\n<\/div><\/figure>\n\n\n\n<div style=\"height:20px\" aria-hidden=\"true\" class=\"wp-block-spacer\"><\/div>\n\n\n\n<h3 class=\"wp-block-heading\">Universit\u00e9 du Qu\u00e9bec video competition<\/h3>\n\n\n\n<p>This annual video competition is aimed at revealing different facets of student life and promoting university research. The competition, which has a different theme each year, emphasizes creativity and is a great opportunity to hone your scriptwriting and science communication skills. The competition is open to undergraduate and graduate students at Universit\u00e9 du Qu\u00e9bec member institutions. The winning videos are distributed through <a href=\"https:\/\/savoir.media\/\" target=\"_blank\" rel=\"noreferrer noopener\"><strong>Savoir M\u00e9dia<\/strong><\/a>. For information on how to enter and details on the prizes, <a href=\"https:\/\/www.uquebec.ca\/concoursvideo\/\" target=\"_blank\" rel=\"noreferrer noopener\" class=\"broken_link\"><strong>check out Universit\u00e9 du Qu\u00e9bec website<\/strong><\/a>.<\/p>\n\n\n\n<div style=\"height:20px\" aria-hidden=\"true\" class=\"wp-block-spacer\"><\/div>\n\n\n\n<figure class=\"wp-block-embed is-type-video is-provider-youtube wp-block-embed-youtube wp-embed-aspect-16-9 wp-has-aspect-ratio\"><div class=\"wp-block-embed__wrapper\">\n<iframe loading=\"lazy\" title=\"Laur\u00e9at - Concours vid\u00e9os \u00e9tudiantes 2017 - Individuel - 2e et 3e cycles\" width=\"500\" height=\"281\" src=\"https:\/\/www.youtube.com\/embed\/Ribw1b3-kqg?feature=oembed\" frameborder=\"0\" allow=\"accelerometer; autoplay; clipboard-write; encrypted-media; gyroscope; picture-in-picture; web-share\" referrerpolicy=\"strict-origin-when-cross-origin\" allowfullscreen><\/iframe>\n<\/div><\/figure>\n\n\n\n<div style=\"height:20px\" aria-hidden=\"true\" class=\"wp-block-spacer\"><\/div>\n\n\n\n<h3 class=\"wp-block-heading\"><em>Qu\u00e9bec Science<\/em> inventions of the year competition<\/h3>\n\n\n\n<p><em>Qu\u00e9bec Scienc<\/em>e magazine and Association pour le d\u00e9veloppement de la recherche et de l\u2019innovation du Qu\u00e9bec (ADRIQ) are seeking promising innovations developed by Quebec researchers. The INRS research team behind the E-Nundation app, a flood risk management tool, was among the . For information on how to enter and prize details on the next edition, <a href=\"https:\/\/www.quebecscience.qc.ca\/\" target=\"_blank\" rel=\"noreferrer noopener\"><strong>check out <em>Qu\u00e9bec Science<\/em> website<\/strong><\/a>.<\/p>\n","protected":false},"excerpt":{"rendered":"<p>If you\u2019re looking to challenge yourself and like to compete, student competitions are a great opportunity to showcase your achievements and gain self-assurance. They are also a good way of making yourself known to the scientific and university community. Some competitions can even open doors to career opportunities in business and industry. So go for [&hellip;]<\/p>\n","protected":false},"author":1,"featured_media":71390,"parent":13339,"menu_order":0,"comment_status":"closed","ping_status":"closed","template":"templates\/research-infrastructure.php","meta":{"_acf_changed":false,"footnotes":""},"page_type":[],"wf_page_folders":[19],"class_list":["post-13336","page","type-page","status-publish","has-post-thumbnail","hentry"],"acf":[],"yoast_head":"<!-- This site is optimized with the Yoast SEO Premium plugin v24.6 (Yoast SEO v24.6) - https:\/\/yoast.com\/wordpress\/plugins\/seo\/ -->\n<title>Student Competitions | INRS<\/title>\n<meta name=\"description\" content=\"Student Competitions\" \/>\n<meta name=\"robots\" content=\"noindex, follow, max-snippet:-1, max-image-preview:large, max-video-preview:-1\" \/>\n<meta property=\"og:locale\" content=\"en_US\" \/>\n<meta property=\"og:type\" content=\"article\" \/>\n<meta property=\"og:title\" content=\"Student Competitions | INRS\" \/>\n<meta property=\"og:description\" content=\"Student Competitions\" \/>\n<meta property=\"og:url\" content=\"https:\/\/dev.inrs.ca\/en\/studies\/science-communication\/student-competitions\/\" \/>\n<meta property=\"og:site_name\" content=\"INRS\" \/>\n<meta property=\"article:publisher\" content=\"https:\/\/www.facebook.com\/inrsciences\/\" \/>\n<meta property=\"article:modified_time\" content=\"2021-05-06T17:15:18+00:00\" \/>\n<meta property=\"og:image\" content=\"https:\/\/dev.inrs.ca\/wp-content\/uploads\/1DSC07617.jpg\" \/>\n\t<meta property=\"og:image:width\" content=\"900\" \/>\n\t<meta property=\"og:image:height\" content=\"600\" \/>\n\t<meta property=\"og:image:type\" content=\"image\/jpeg\" \/>\n<meta name=\"twitter:card\" content=\"summary_large_image\" \/>\n<meta name=\"twitter:site\" content=\"@inrsciences\" \/>\n<meta name=\"twitter:label1\" content=\"Est. reading time\" \/>\n\t<meta name=\"twitter:data1\" content=\"3 minutes\" \/>\n<script type=\"application\/ld+json\" class=\"yoast-schema-graph\">{\"@context\":\"https:\/\/schema.org\",\"@graph\":[{\"@type\":\"WebPage\",\"@id\":\"https:\/\/dev.inrs.ca\/en\/studies\/science-communication\/student-competitions\/\",\"url\":\"https:\/\/dev.inrs.ca\/en\/studies\/science-communication\/student-competitions\/\",\"name\":\"Student Competitions | INRS\",\"isPartOf\":{\"@id\":\"https:\/\/dev.inrs.ca\/en\/#website\"},\"primaryImageOfPage\":{\"@id\":\"https:\/\/dev.inrs.ca\/en\/studies\/science-communication\/student-competitions\/#primaryimage\"},\"image\":{\"@id\":\"https:\/\/dev.inrs.ca\/en\/studies\/science-communication\/student-competitions\/#primaryimage\"},\"thumbnailUrl\":\"https:\/\/dev.inrs.ca\/wp-content\/uploads\/1DSC07617.jpg\",\"datePublished\":\"2021-02-25T15:59:45+00:00\",\"dateModified\":\"2021-05-06T17:15:18+00:00\",\"description\":\"Student Competitions\",\"breadcrumb\":{\"@id\":\"https:\/\/dev.inrs.ca\/en\/studies\/science-communication\/student-competitions\/#breadcrumb\"},\"inLanguage\":\"en-CA\",\"potentialAction\":[{\"@type\":\"ReadAction\",\"target\":[\"https:\/\/dev.inrs.ca\/en\/studies\/science-communication\/student-competitions\/\"]}]},{\"@type\":\"ImageObject\",\"inLanguage\":\"en-CA\",\"@id\":\"https:\/\/dev.inrs.ca\/en\/studies\/science-communication\/student-competitions\/#primaryimage\",\"url\":\"https:\/\/dev.inrs.ca\/wp-content\/uploads\/1DSC07617.jpg\",\"contentUrl\":\"https:\/\/dev.inrs.ca\/wp-content\/uploads\/1DSC07617.jpg\",\"width\":900,\"height\":600},{\"@type\":\"BreadcrumbList\",\"@id\":\"https:\/\/dev.inrs.ca\/en\/studies\/science-communication\/student-competitions\/#breadcrumb\",\"itemListElement\":[{\"@type\":\"ListItem\",\"position\":1,\"name\":\"Studies\",\"item\":\"https:\/\/dev.inrs.ca\/les-etudes\/\"},{\"@type\":\"ListItem\",\"position\":2,\"name\":\"Science Communication\",\"item\":\"https:\/\/dev.inrs.ca\/les-etudes\/vulgarisation-scientifique\/\"},{\"@type\":\"ListItem\",\"position\":3,\"name\":\"Student Competitions\"}]},{\"@type\":\"WebSite\",\"@id\":\"https:\/\/dev.inrs.ca\/en\/#website\",\"url\":\"https:\/\/dev.inrs.ca\/en\/\",\"name\":\"INRS\",\"description\":\"Institut national de la recherche scientifique\",\"potentialAction\":[{\"@type\":\"SearchAction\",\"target\":{\"@type\":\"EntryPoint\",\"urlTemplate\":\"https:\/\/dev.inrs.ca\/en\/?s={search_term_string}\"},\"query-input\":{\"@type\":\"PropertyValueSpecification\",\"valueRequired\":true,\"valueName\":\"search_term_string\"}}],\"inLanguage\":\"en-CA\"}]}<\/script>\n<!-- \/ Yoast SEO Premium plugin. -->","yoast_head_json":{"title":"Student Competitions | INRS","description":"Student Competitions","robots":{"index":"noindex","follow":"follow","max-snippet":"max-snippet:-1","max-image-preview":"max-image-preview:large","max-video-preview":"max-video-preview:-1"},"og_locale":"en_US","og_type":"article","og_title":"Student Competitions | INRS","og_description":"Student Competitions","og_url":"https:\/\/dev.inrs.ca\/en\/studies\/science-communication\/student-competitions\/","og_site_name":"INRS","article_publisher":"https:\/\/www.facebook.com\/inrsciences\/","article_modified_time":"2021-05-06T17:15:18+00:00","og_image":[{"width":900,"height":600,"url":"https:\/\/dev.inrs.ca\/wp-content\/uploads\/1DSC07617.jpg","type":"image\/jpeg"}],"twitter_card":"summary_large_image","twitter_site":"@inrsciences","twitter_misc":{"Est. reading time":"3 minutes"},"schema":{"@context":"https:\/\/schema.org","@graph":[{"@type":"WebPage","@id":"https:\/\/dev.inrs.ca\/en\/studies\/science-communication\/student-competitions\/","url":"https:\/\/dev.inrs.ca\/en\/studies\/science-communication\/student-competitions\/","name":"Student Competitions | INRS","isPartOf":{"@id":"https:\/\/dev.inrs.ca\/en\/#website"},"primaryImageOfPage":{"@id":"https:\/\/dev.inrs.ca\/en\/studies\/science-communication\/student-competitions\/#primaryimage"},"image":{"@id":"https:\/\/dev.inrs.ca\/en\/studies\/science-communication\/student-competitions\/#primaryimage"},"thumbnailUrl":"https:\/\/dev.inrs.ca\/wp-content\/uploads\/1DSC07617.jpg","datePublished":"2021-02-25T15:59:45+00:00","dateModified":"2021-05-06T17:15:18+00:00","description":"Student Competitions","breadcrumb":{"@id":"https:\/\/dev.inrs.ca\/en\/studies\/science-communication\/student-competitions\/#breadcrumb"},"inLanguage":"en-CA","potentialAction":[{"@type":"ReadAction","target":["https:\/\/dev.inrs.ca\/en\/studies\/science-communication\/student-competitions\/"]}]},{"@type":"ImageObject","inLanguage":"en-CA","@id":"https:\/\/dev.inrs.ca\/en\/studies\/science-communication\/student-competitions\/#primaryimage","url":"https:\/\/dev.inrs.ca\/wp-content\/uploads\/1DSC07617.jpg","contentUrl":"https:\/\/dev.inrs.ca\/wp-content\/uploads\/1DSC07617.jpg","width":900,"height":600},{"@type":"BreadcrumbList","@id":"https:\/\/dev.inrs.ca\/en\/studies\/science-communication\/student-competitions\/#breadcrumb","itemListElement":[{"@type":"ListItem","position":1,"name":"Studies","item":"https:\/\/dev.inrs.ca\/les-etudes\/"},{"@type":"ListItem","position":2,"name":"Science Communication","item":"https:\/\/dev.inrs.ca\/les-etudes\/vulgarisation-scientifique\/"},{"@type":"ListItem","position":3,"name":"Student Competitions"}]},{"@type":"WebSite","@id":"https:\/\/dev.inrs.ca\/en\/#website","url":"https:\/\/dev.inrs.ca\/en\/","name":"INRS","description":"Institut national de la recherche scientifique","potentialAction":[{"@type":"SearchAction","target":{"@type":"EntryPoint","urlTemplate":"https:\/\/dev.inrs.ca\/en\/?s={search_term_string}"},"query-input":{"@type":"PropertyValueSpecification","valueRequired":true,"valueName":"search_term_string"}}],"inLanguage":"en-CA"}]}},"_links":{"self":[{"href":"https:\/\/dev.inrs.ca\/en\/wp-json\/wp\/v2\/pages\/13336","targetHints":{"allow":["GET"]}}],"collection":[{"href":"https:\/\/dev.inrs.ca\/en\/wp-json\/wp\/v2\/pages"}],"about":[{"href":"https:\/\/dev.inrs.ca\/en\/wp-json\/wp\/v2\/types\/page"}],"author":[{"embeddable":true,"href":"https:\/\/dev.inrs.ca\/en\/wp-json\/wp\/v2\/users\/1"}],"replies":[{"embeddable":true,"href":"https:\/\/dev.inrs.ca\/en\/wp-json\/wp\/v2\/comments?post=13336"}],"version-history":[{"count":5,"href":"https:\/\/dev.inrs.ca\/en\/wp-json\/wp\/v2\/pages\/13336\/revisions"}],"predecessor-version":[{"id":57962,"href":"https:\/\/dev.inrs.ca\/en\/wp-json\/wp\/v2\/pages\/13336\/revisions\/57962"}],"up":[{"embeddable":true,"href":"https:\/\/dev.inrs.ca\/en\/wp-json\/wp\/v2\/pages\/13339"}],"wp:featuredmedia":[{"embeddable":true,"href":"https:\/\/dev.inrs.ca\/en\/wp-json\/wp\/v2\/media\/71390"}],"wp:attachment":[{"href":"https:\/\/dev.inrs.ca\/en\/wp-json\/wp\/v2\/media?parent=13336"}],"wp:term":[{"taxonomy":"page_type","embeddable":true,"href":"https:\/\/dev.inrs.ca\/en\/wp-json\/wp\/v2\/page_type?post=13336"},{"taxonomy":"wf_page_folders","embeddable":true,"href":"https:\/\/dev.inrs.ca\/en\/wp-json\/wp\/v2\/wf_page_folders?post=13336"}],"curies":[{"name":"wp","href":"https:\/\/api.w.org\/{rel}","templated":true}]}}