{"id":13334,"date":"2021-02-20T08:13:41","date_gmt":"2021-02-20T13:13:41","guid":{"rendered":"https:\/\/dev.inrs.ca\/ambassadors\/"},"modified":"2021-04-20T16:34:29","modified_gmt":"2021-04-20T20:34:29","slug":"ambassadors","status":"publish","type":"page","link":"https:\/\/dev.inrs.ca\/en\/studies\/student-services\/ambassadors\/","title":{"rendered":"Ambassadors"},"content":{"rendered":"\n<p class=\"has-large-font-size\"><strong>If you\u2019re an INRS student and you want to share your enthusiasm for your institution, become an ambassador! You\u2019ll play a key role at special events, recruitment activities, and consultations<\/strong>.<\/p>\n\n\n\n<div style=\"height:20px\" aria-hidden=\"true\" class=\"wp-block-spacer\"><\/div>\n\n\n\n<h2 class=\"wp-block-heading\">Ambassador&#8217;s Role<\/h2>\n\n\n\n<p>You will help boost INRS\u2019s profile as a leading university research institute for partnerships and the training of scientific leaders. You will promote INRS faculty, programs, and research internships, as well as research activities in strategic sectors for the economic, cultural and social development of Quebec.<\/p>\n\n\n\n<div style=\"height:20px\" aria-hidden=\"true\" class=\"wp-block-spacer\"><\/div>\n\n\n\n<blockquote class=\"wp-block-quote is-layout-flow wp-block-quote-is-layout-flow\"><p>Ambassadors for 2020\u20132021<\/p><\/blockquote>\n\n\n\n<div style=\"height:20px\" aria-hidden=\"true\" class=\"wp-block-spacer\"><\/div>\n\n\n\n<div class=\"wp-block-columns is-layout-flex wp-container-core-columns-is-layout-1 wp-block-columns-is-layout-flex\">\n<div class=\"wp-block-column is-layout-flow wp-block-column-is-layout-flow\">\n<p><strong>\u00c9milie Boutet<\/strong><br><a href=\"https:\/\/dev.inrs.ca\/les-etudes\/programmes-d-etudes\/repertoire-des-programmes-d-etudes\/doctorat-en-biologie-3805\/\"><strong>PhD in Biology<\/strong><br><\/a>Research Supervisor: <a href=\"https:\/\/dev.inrs.ca\/en\/research\/professors\/jonathan-perreault\/\">Jonathan Perreault<\/a><\/p>\n\n\n\n<p><strong>Jessica Dozois<\/strong><br><a href=\"https:\/\/dev.inrs.ca\/les-etudes\/programmes-d-etudes\/repertoire-des-programmes-d-etudes\/maitrise-en-microbiologie-appliquee-3631\/\"><strong>MSc in Applied Microbiology<\/strong><br><\/a>Research Supervisor: <a href=\"https:\/\/dev.inrs.ca\/en\/research\/professors\/etienne-yergeau\/\">\u00c9tienne Yergeau<\/a><\/p>\n\n\n\n<p><strong>V\u00e9ronique Dubos<\/strong><br><a href=\"https:\/\/dev.inrs.ca\/les-etudes\/programmes-d-etudes\/repertoire-des-programmes-d-etudes\/doctorat-en-sciences-de-l-eau-3461\/\" rel=\"nofollow\"><strong>PhD in Water Science<\/strong><\/a><br>Research Supervisor: <a href=\"https:\/\/dev.inrs.ca\/en\/research\/professors\/andre-st-hilaire\/\">Andr\u00e9 St-Hilaire<\/a><\/p>\n\n\n\n<p><strong>Alice Gaudreau<\/strong><br><a href=\"https:\/\/dev.inrs.ca\/les-etudes\/programmes-d-etudes\/repertoire-des-programmes-d-etudes\/maitrise-en-mobilisation-et-transfert-des-connaissances-1986\/\"><strong>MSc in Transfer and Knowledge Mobilization<\/strong><br><\/a>Research Supervisor: <a href=\"https:\/\/dev.inrs.ca\/en\/research\/professors\/maria-eugenia-longo\/\">Maria Eugenia Longo<\/a><\/p>\n<\/div>\n\n\n\n<div class=\"wp-block-column is-layout-flow wp-block-column-is-layout-flow\">\n<p><strong>Elissa Haddad<\/strong><br><a href=\"https:\/\/dev.inrs.ca\/les-etudes\/programmes-d-etudes\/repertoire-des-programmes-d-etudes\/doctorat-en-sciences-de-l-energie-et-des-materiaux-3732\/\"><strong>PhD in Energy and Materials Science<\/strong><br><\/a>Research Supervisor: <a href=\"https:\/\/dev.inrs.ca\/en\/research\/professors\/francois-legare\/\">Fran\u00e7ois L\u00e9gar\u00e9<\/a><\/p>\n\n\n\n<p><strong>Victoria Jepson<\/strong><br><a href=\"https:\/\/dev.inrs.ca\/les-etudes\/programmes-d-etudes\/repertoire-des-programmes-d-etudes\/doctorat-en-etudes-urbaines-3895\/\"><strong>PhD in Urban Studies<\/strong><br><\/a>Research Supervisor: <a href=\"https:\/\/dev.inrs.ca\/en\/research\/professors\/philippe-apparicio\/\">Philippe Apparicio<\/a><\/p>\n\n\n\n<p><strong>Ahlem Meziadi<\/strong><br><a href=\"https:\/\/dev.inrs.ca\/les-etudes\/programmes-d-etudes\/repertoire-des-programmes-d-etudes\/doctorat-en-sciences-de-l-energie-et-des-materiaux-3732\/\"><strong>PhD in Energy and Materials Science<\/strong><br><\/a>Research Supervisor: <a href=\"https:\/\/dev.inrs.ca\/en\/research\/professors\/marc-a-gauthier\/\">Marc-Andr\u00e9 Gauthier<\/a><\/p>\n\n\n\n<p><strong>J\u00e9rome Simon<\/strong><br><a href=\"https:\/\/dev.inrs.ca\/les-etudes\/programmes-d-etudes\/repertoire-des-programmes-d-etudes\/doctorat-en-sciences-de-la-terre-3527\/\"><strong>PhD in Earth Science<\/strong><\/a><strong><br><\/strong>Research Supervisor: <a href=\"https:\/\/dev.inrs.ca\/en\/research\/professors\/erwan-gloaguen\/\">Erwan Gloaguen<\/a><\/p>\n<\/div>\n<\/div>\n\n\n\n<h3 class=\"wp-block-heading\"><br>Mandate term<\/h3>\n\n\n\n<p>Ambassadors\u2019 terms last one year, from May 1 to April 30 and are renewable for an additional year.<\/p>\n\n\n\n<p><strong>Due to the COVID-19 pandemic, the term of the 2020-21 Ambassadors will be exceptionally from May 10, 2021 to April 30, 2022.<\/strong><\/p>\n\n\n\n<h3 class=\"wp-block-heading\"><br>How to apply<\/h3>\n\n\n\n<p>Does this challenge interest you? <strong>Submit your application before May 3, 2021 to Joanie Lavoie at <\/strong><a href=\"mailto:joanie.lavoie@dev.inrs.ca\"><strong>joanie.lavoie@dev.inrs.ca<\/strong><\/a>. Please note that you must be proficient in French to be an ambassador. Your application must include:<\/p>\n\n\n\n<ul class=\"wp-block-list\"><li>Transcripts for all studies completed to date<\/li><li>A letter of motivation in French explaining why you would like to take on this role and how you can help promote INRS (1 page)<\/li><li>A reference letter from your research supervisor highlighting your communication skills<\/li><\/ul>\n\n\n\n<h3 class=\"wp-block-heading\"><br>Evaluation criteria<\/h3>\n\n\n\n<p>Applications will be evaluated based on four criteria out of total score of 100:<\/p>\n\n\n\n<ul class=\"wp-block-list\"><li>Motivation (40 points)<\/li><li>Academic record (30 points)<\/li><li>Support from the research supervisor (20 points)<\/li><li>Proficiency in a language other than French (10 points)<\/li><\/ul>\n\n\n\n<h3 class=\"wp-block-heading\"><br>Scholarship<\/h3>\n\n\n\n<p>A scholarship of $1,000 is awarded to each ambassador to thank them for their commitment.<\/p>\n","protected":false},"excerpt":{"rendered":"<p>If you\u2019re an INRS student and you want to share your enthusiasm for your institution, become an ambassador! You\u2019ll play a key role at special events, recruitment activities, and consultations.<\/p>\n","protected":false},"author":1,"featured_media":19938,"parent":13372,"menu_order":0,"comment_status":"closed","ping_status":"closed","template":"templates\/research-infrastructure.php","meta":{"_acf_changed":false,"footnotes":""},"page_type":[],"wf_page_folders":[19],"class_list":["post-13334","page","type-page","status-publish","has-post-thumbnail","hentry"],"acf":[],"yoast_head":"<!-- This site is optimized with the Yoast SEO Premium plugin v24.6 (Yoast SEO v24.6) - https:\/\/yoast.com\/wordpress\/plugins\/seo\/ -->\n<title>Ambassadors | Student Life | INRS<\/title>\n<meta name=\"description\" content=\"If you\u2019re an INRS student and you want to share your enthusiasm for your institution, become an ambassador! You\u2019ll play a key role at special events, recruitment activities, and consultations.\" \/>\n<meta name=\"robots\" content=\"noindex, follow, max-snippet:-1, max-image-preview:large, max-video-preview:-1\" \/>\n<meta property=\"og:locale\" content=\"en_US\" \/>\n<meta property=\"og:type\" content=\"article\" \/>\n<meta property=\"og:title\" content=\"Ambassadors | Student Life | INRS\" \/>\n<meta property=\"og:description\" content=\"If you\u2019re an INRS student and you want to share your enthusiasm for your institution, become an ambassador! You\u2019ll play a key role at special events, recruitment activities, and consultations.\" \/>\n<meta property=\"og:url\" content=\"https:\/\/dev.inrs.ca\/en\/studies\/student-services\/ambassadors\/\" \/>\n<meta property=\"og:site_name\" content=\"INRS\" \/>\n<meta property=\"article:publisher\" content=\"https:\/\/www.facebook.com\/inrsciences\/\" \/>\n<meta property=\"article:modified_time\" content=\"2021-04-20T20:34:29+00:00\" \/>\n<meta property=\"og:image\" content=\"https:\/\/dev.inrs.ca\/wp-content\/uploads\/2020\/08\/Etudes-ambassadeurs-etudiants-inrs-afsb.jpg\" \/>\n\t<meta property=\"og:image:width\" content=\"1000\" \/>\n\t<meta property=\"og:image:height\" content=\"529\" \/>\n\t<meta property=\"og:image:type\" content=\"image\/jpeg\" \/>\n<meta name=\"twitter:card\" content=\"summary_large_image\" \/>\n<meta name=\"twitter:site\" content=\"@inrsciences\" \/>\n<meta name=\"twitter:label1\" content=\"Est. reading time\" \/>\n\t<meta name=\"twitter:data1\" content=\"2 minutes\" \/>\n<script type=\"application\/ld+json\" class=\"yoast-schema-graph\">{\"@context\":\"https:\/\/schema.org\",\"@graph\":[{\"@type\":\"WebPage\",\"@id\":\"https:\/\/dev.inrs.ca\/en\/studies\/student-services\/ambassadors\/\",\"url\":\"https:\/\/dev.inrs.ca\/en\/studies\/student-services\/ambassadors\/\",\"name\":\"Ambassadors | Student Life | INRS\",\"isPartOf\":{\"@id\":\"https:\/\/dev.inrs.ca\/en\/#website\"},\"primaryImageOfPage\":{\"@id\":\"https:\/\/dev.inrs.ca\/en\/studies\/student-services\/ambassadors\/#primaryimage\"},\"image\":{\"@id\":\"https:\/\/dev.inrs.ca\/en\/studies\/student-services\/ambassadors\/#primaryimage\"},\"thumbnailUrl\":\"https:\/\/dev.inrs.ca\/wp-content\/uploads\/2020\/08\/Etudes-ambassadeurs-etudiants-inrs-afsb.jpg\",\"datePublished\":\"2021-02-20T13:13:41+00:00\",\"dateModified\":\"2021-04-20T20:34:29+00:00\",\"description\":\"If you\u2019re an INRS student and you want to share your enthusiasm for your institution, become an ambassador! You\u2019ll play a key role at special events, recruitment activities, and consultations.\",\"breadcrumb\":{\"@id\":\"https:\/\/dev.inrs.ca\/en\/studies\/student-services\/ambassadors\/#breadcrumb\"},\"inLanguage\":\"en-CA\",\"potentialAction\":[{\"@type\":\"ReadAction\",\"target\":[\"https:\/\/dev.inrs.ca\/en\/studies\/student-services\/ambassadors\/\"]}]},{\"@type\":\"ImageObject\",\"inLanguage\":\"en-CA\",\"@id\":\"https:\/\/dev.inrs.ca\/en\/studies\/student-services\/ambassadors\/#primaryimage\",\"url\":\"https:\/\/dev.inrs.ca\/wp-content\/uploads\/2020\/08\/Etudes-ambassadeurs-etudiants-inrs-afsb.jpg\",\"contentUrl\":\"https:\/\/dev.inrs.ca\/wp-content\/uploads\/2020\/08\/Etudes-ambassadeurs-etudiants-inrs-afsb.jpg\",\"width\":1000,\"height\":529},{\"@type\":\"BreadcrumbList\",\"@id\":\"https:\/\/dev.inrs.ca\/en\/studies\/student-services\/ambassadors\/#breadcrumb\",\"itemListElement\":[{\"@type\":\"ListItem\",\"position\":1,\"name\":\"Studies\",\"item\":\"https:\/\/dev.inrs.ca\/les-etudes\/\"},{\"@type\":\"ListItem\",\"position\":2,\"name\":\"Student Life Services\",\"item\":\"https:\/\/dev.inrs.ca\/les-etudes\/services-a-la-vie-etudiante\/\"},{\"@type\":\"ListItem\",\"position\":3,\"name\":\"Ambassadors\"}]},{\"@type\":\"WebSite\",\"@id\":\"https:\/\/dev.inrs.ca\/en\/#website\",\"url\":\"https:\/\/dev.inrs.ca\/en\/\",\"name\":\"INRS\",\"description\":\"Institut national de la recherche scientifique\",\"potentialAction\":[{\"@type\":\"SearchAction\",\"target\":{\"@type\":\"EntryPoint\",\"urlTemplate\":\"https:\/\/dev.inrs.ca\/en\/?s={search_term_string}\"},\"query-input\":{\"@type\":\"PropertyValueSpecification\",\"valueRequired\":true,\"valueName\":\"search_term_string\"}}],\"inLanguage\":\"en-CA\"}]}<\/script>\n<!-- \/ Yoast SEO Premium plugin. -->","yoast_head_json":{"title":"Ambassadors | Student Life | INRS","description":"If you\u2019re an INRS student and you want to share your enthusiasm for your institution, become an ambassador! You\u2019ll play a key role at special events, recruitment activities, and consultations.","robots":{"index":"noindex","follow":"follow","max-snippet":"max-snippet:-1","max-image-preview":"max-image-preview:large","max-video-preview":"max-video-preview:-1"},"og_locale":"en_US","og_type":"article","og_title":"Ambassadors | Student Life | INRS","og_description":"If you\u2019re an INRS student and you want to share your enthusiasm for your institution, become an ambassador! You\u2019ll play a key role at special events, recruitment activities, and consultations.","og_url":"https:\/\/dev.inrs.ca\/en\/studies\/student-services\/ambassadors\/","og_site_name":"INRS","article_publisher":"https:\/\/www.facebook.com\/inrsciences\/","article_modified_time":"2021-04-20T20:34:29+00:00","og_image":[{"width":1000,"height":529,"url":"https:\/\/dev.inrs.ca\/wp-content\/uploads\/2020\/08\/Etudes-ambassadeurs-etudiants-inrs-afsb.jpg","type":"image\/jpeg"}],"twitter_card":"summary_large_image","twitter_site":"@inrsciences","twitter_misc":{"Est. reading time":"2 minutes"},"schema":{"@context":"https:\/\/schema.org","@graph":[{"@type":"WebPage","@id":"https:\/\/dev.inrs.ca\/en\/studies\/student-services\/ambassadors\/","url":"https:\/\/dev.inrs.ca\/en\/studies\/student-services\/ambassadors\/","name":"Ambassadors | Student Life | INRS","isPartOf":{"@id":"https:\/\/dev.inrs.ca\/en\/#website"},"primaryImageOfPage":{"@id":"https:\/\/dev.inrs.ca\/en\/studies\/student-services\/ambassadors\/#primaryimage"},"image":{"@id":"https:\/\/dev.inrs.ca\/en\/studies\/student-services\/ambassadors\/#primaryimage"},"thumbnailUrl":"https:\/\/dev.inrs.ca\/wp-content\/uploads\/2020\/08\/Etudes-ambassadeurs-etudiants-inrs-afsb.jpg","datePublished":"2021-02-20T13:13:41+00:00","dateModified":"2021-04-20T20:34:29+00:00","description":"If you\u2019re an INRS student and you want to share your enthusiasm for your institution, become an ambassador! You\u2019ll play a key role at special events, recruitment activities, and consultations.","breadcrumb":{"@id":"https:\/\/dev.inrs.ca\/en\/studies\/student-services\/ambassadors\/#breadcrumb"},"inLanguage":"en-CA","potentialAction":[{"@type":"ReadAction","target":["https:\/\/dev.inrs.ca\/en\/studies\/student-services\/ambassadors\/"]}]},{"@type":"ImageObject","inLanguage":"en-CA","@id":"https:\/\/dev.inrs.ca\/en\/studies\/student-services\/ambassadors\/#primaryimage","url":"https:\/\/dev.inrs.ca\/wp-content\/uploads\/2020\/08\/Etudes-ambassadeurs-etudiants-inrs-afsb.jpg","contentUrl":"https:\/\/dev.inrs.ca\/wp-content\/uploads\/2020\/08\/Etudes-ambassadeurs-etudiants-inrs-afsb.jpg","width":1000,"height":529},{"@type":"BreadcrumbList","@id":"https:\/\/dev.inrs.ca\/en\/studies\/student-services\/ambassadors\/#breadcrumb","itemListElement":[{"@type":"ListItem","position":1,"name":"Studies","item":"https:\/\/dev.inrs.ca\/les-etudes\/"},{"@type":"ListItem","position":2,"name":"Student Life Services","item":"https:\/\/dev.inrs.ca\/les-etudes\/services-a-la-vie-etudiante\/"},{"@type":"ListItem","position":3,"name":"Ambassadors"}]},{"@type":"WebSite","@id":"https:\/\/dev.inrs.ca\/en\/#website","url":"https:\/\/dev.inrs.ca\/en\/","name":"INRS","description":"Institut national de la recherche scientifique","potentialAction":[{"@type":"SearchAction","target":{"@type":"EntryPoint","urlTemplate":"https:\/\/dev.inrs.ca\/en\/?s={search_term_string}"},"query-input":{"@type":"PropertyValueSpecification","valueRequired":true,"valueName":"search_term_string"}}],"inLanguage":"en-CA"}]}},"_links":{"self":[{"href":"https:\/\/dev.inrs.ca\/en\/wp-json\/wp\/v2\/pages\/13334","targetHints":{"allow":["GET"]}}],"collection":[{"href":"https:\/\/dev.inrs.ca\/en\/wp-json\/wp\/v2\/pages"}],"about":[{"href":"https:\/\/dev.inrs.ca\/en\/wp-json\/wp\/v2\/types\/page"}],"author":[{"embeddable":true,"href":"https:\/\/dev.inrs.ca\/en\/wp-json\/wp\/v2\/users\/1"}],"replies":[{"embeddable":true,"href":"https:\/\/dev.inrs.ca\/en\/wp-json\/wp\/v2\/comments?post=13334"}],"version-history":[{"count":5,"href":"https:\/\/dev.inrs.ca\/en\/wp-json\/wp\/v2\/pages\/13334\/revisions"}],"predecessor-version":[{"id":55821,"href":"https:\/\/dev.inrs.ca\/en\/wp-json\/wp\/v2\/pages\/13334\/revisions\/55821"}],"up":[{"embeddable":true,"href":"https:\/\/dev.inrs.ca\/en\/wp-json\/wp\/v2\/pages\/13372"}],"wp:featuredmedia":[{"embeddable":true,"href":"https:\/\/dev.inrs.ca\/en\/wp-json\/wp\/v2\/media\/19938"}],"wp:attachment":[{"href":"https:\/\/dev.inrs.ca\/en\/wp-json\/wp\/v2\/media?parent=13334"}],"wp:term":[{"taxonomy":"page_type","embeddable":true,"href":"https:\/\/dev.inrs.ca\/en\/wp-json\/wp\/v2\/page_type?post=13334"},{"taxonomy":"wf_page_folders","embeddable":true,"href":"https:\/\/dev.inrs.ca\/en\/wp-json\/wp\/v2\/wf_page_folders?post=13334"}],"curies":[{"name":"wp","href":"https:\/\/api.w.org\/{rel}","templated":true}]}}