{"id":13259,"date":"2021-06-15T15:09:46","date_gmt":"2021-06-15T19:09:46","guid":{"rendered":"https:\/\/dev.inrs.ca\/librairies\/"},"modified":"2021-06-23T10:25:43","modified_gmt":"2021-06-23T14:25:43","slug":"librairies","status":"publish","type":"page","link":"https:\/\/dev.inrs.ca\/en\/inrs\/community-services\/libraries\/","title":{"rendered":"Libraries"},"content":{"rendered":"\n<p class=\"has-large-font-size\"><strong>Grouped together under the name Specialized Documentation and Information Department (<a href=\"http:\/\/sdis.dev.inrs.ca\/\" target=\"_blank\" rel=\"noreferrer noopener\">Service de documentation et d&#8217;information sp\u00e9cialis\u00e9es<\/a>, SDIS), they offer more than 50,000 documents in digital or printed format available for borrowing by its community and certain partners such as the Geological Survey of Canada.<\/strong><\/p>\n\n\n\n<div style=\"height:20px\" aria-hidden=\"true\" class=\"wp-block-spacer\"><\/div>\n\n\n\n<div class=\"wp-block-media-text alignwide is-stacked-on-mobile is-image-fill has-background\" style=\"background:linear-gradient(135deg,rgb(238,69,64) 0%,rgb(242,70,65) 100%);grid-template-columns:15% auto\"><figure class=\"wp-block-media-text__media\" style=\"background-image:url(https:\/\/dev.inrs.ca\/wp-content\/uploads\/\/2020\/08\/antiviral-coronaviruse.jpg);background-position:50% 50%\"><img loading=\"lazy\" decoding=\"async\" width=\"800\" height=\"450\" src=\"https:\/\/dev.inrs.ca\/wp-content\/uploads\/\/2020\/08\/antiviral-coronaviruse.jpg\" alt=\"\" class=\"wp-image-18066 size-full\" srcset=\"https:\/\/dev.inrs.ca\/wp-content\/uploads\/2020\/08\/antiviral-coronaviruse.jpg 800w, https:\/\/dev.inrs.ca\/wp-content\/uploads\/2020\/08\/antiviral-coronaviruse-300x169.jpg 300w, https:\/\/dev.inrs.ca\/wp-content\/uploads\/2020\/08\/antiviral-coronaviruse-768x432.jpg 768w\" sizes=\"auto, (max-width: 800px) 100vw, 800px\" \/><\/figure><div class=\"wp-block-media-text__content\">\n<h3 class=\"wp-block-heading\"><br><span style=\"color:#ffffff\" class=\"tadv-color\">Available services during the COVID-19 pandemic<\/span><\/h3>\n\n\n\n<p style=\"font-size:clamp(14px, 0.875rem + ((1vw - 3.2px) * 0.482), 18px);px\"><span style=\"color:#ffffff\" class=\"tadv-color\">All online services remain available. However, physical access to the libraries is very limited.<\/span><\/p>\n\n\n\n<div class=\"wp-block-buttons is-layout-flex wp-block-buttons-is-layout-flex\">\n<div class=\"wp-block-button is-style-small\"><a class=\"wp-block-button__link has-darker-color has-lighter-background-color has-text-color has-background\" href=\"http:\/\/sdis.dev.inrs.ca\/covid-ressources\" target=\"_blank\" rel=\"noreferrer noopener\">learn more about available services (in french)<\/a><\/div>\n<\/div>\n<\/div><\/div>\n\n\n\n<div style=\"height:20px\" aria-hidden=\"true\" class=\"wp-block-spacer\"><\/div>\n\n\n\n<h2 class=\"wp-block-heading\">Catalog Sofia<\/h2>\n\n\n\n<div class=\"wp-block-columns is-layout-flex wp-container-core-columns-is-layout-1 wp-block-columns-is-layout-flex\">\n<div class=\"wp-block-column is-layout-flow wp-block-column-is-layout-flow\" style=\"flex-basis:60%\">\n<p>Both the student and faculty communities, as well as INRS graduates and staff, can find documents to borrow in Sofia, the bilingual catalog of collections and services common to all university libraries in Quebec. Theses loans are possible under the BCI <a href=\"https:\/\/biblios-uni-qc.org\/\" target=\"_blank\" rel=\"noreferrer noopener\"><strong>Partenariat des biblioth\u00e8ques universitaires qu\u00e9b\u00e9coises<\/strong><\/a>. In some cases, certain external users may borrow documents, under certain conditions.<\/p>\n<\/div>\n\n\n\n<div class=\"wp-block-column is-layout-flow wp-block-column-is-layout-flow\" style=\"flex-basis:40%\">\n<div class=\"wp-block-buttons is-content-justification-center is-layout-flex wp-block-buttons-is-layout-flex\">\n<div class=\"wp-block-button has-custom-width wp-block-button__width-100\"><a class=\"wp-block-button__link has-darker-background-color has-background\" href=\"https:\/\/inrs.on.worldcat.org\/discovery\" target=\"_blank\" rel=\"noreferrer noopener\">search in sofia<\/a><\/div>\n<\/div>\n\n\n\n<div class=\"wp-block-buttons is-content-justification-center is-layout-flex wp-block-buttons-is-layout-flex\">\n<div class=\"wp-block-button has-custom-width wp-block-button__width-100\"><a class=\"wp-block-button__link has-darker-color has-lighter-background-color has-text-color has-background\" href=\"https:\/\/sofia-biblios-uni-qc.org\/en\/\" target=\"_blank\" rel=\"noreferrer noopener\">learn more about sofia<\/a><\/div>\n<\/div>\n<\/div>\n<\/div>\n\n\n\n<div style=\"height:20px\" aria-hidden=\"true\" class=\"wp-block-spacer\"><\/div>\n\n\n\n<h2 class=\"wp-block-heading\">Resources and services offered<\/h2>\n\n\n\n<p>SDIS ensures the accessibility, availability, and efficient use of information and documentation, to support instruction, research, and creation in the various INRS entities and their areas of practice.<\/p>\n\n\n\n<p>In addition to support for lending between 18 Quebec university libraries with the <a href=\"https:\/\/inrs.on.worldcat.org\/discovery\" target=\"_blank\" rel=\"noreferrer noopener\">Sofia <\/a>search tool, borrowing and renewing between INRS libraries, and depositing a digital document in <a href=\"http:\/\/espace.dev.inrs.ca\/\" target=\"_blank\" rel=\"noreferrer noopener\">EspaceINRS<\/a>, the person in charge of the library can help you find documentation, organize your information, write scientific texts, find the best places to publish them, understand copyright, and more.<\/p>\n\n\n\n<p>Library users have access to a wide variety of resources and services.<\/p>\n\n\n\n<p><\/p>\n\n\n\n<div class=\"wp-block-columns is-layout-flex wp-container-core-columns-is-layout-2 wp-block-columns-is-layout-flex\">\n<div class=\"wp-block-column is-layout-flow wp-block-column-is-layout-flow\">\n<ul class=\"wp-block-list\"><li>Assessment of information literacy skills<\/li><li>Bibliographic notification service<\/li><li>Computer workstations<\/li><li>Literature monitoring<\/li><li>Plagiarism management<\/li><li>Provision of documents (purchase, borrow, copy)<\/li><li>Publications database and institutional repositories<\/li><li>Research data management<\/li><li>Research support<\/li><\/ul>\n<\/div>\n\n\n\n<div class=\"wp-block-column is-layout-flow wp-block-column-is-layout-flow\">\n<ul class=\"wp-block-list\" id=\"block-484a5cd3-d7e3-4156-a375-ff267764e87e\"><li>Remote access to digital collections<\/li><li>Scanner\/fax<\/li><li>Technical help for the library classroom<\/li><li>Training and help with bibliographic research<\/li><li>Training and technical support (bibliographic and informational tools)<\/li><li><a href=\"https:\/\/inrs.libcal.com\/calendar\/formations?cid=7669&amp;t=d&amp;d=0000-00-00&amp;cal=7669&amp;inc=0\" target=\"_blank\" rel=\"noreferrer noopener\">Workshops and self-training<\/a><\/li><li>Workspaces<\/li><li>Writing assistance (scientific posters, etc.)<\/li><\/ul>\n<\/div>\n<\/div>\n\n\n\n<blockquote class=\"wp-block-quote is-layout-flow wp-block-quote-is-layout-flow\"><p><a href=\"https:\/\/inrs.libcal.com\/calendar\/formations?cid=7669&amp;t=d&amp;d=0000-00-00&amp;cal=7669&amp;inc=0\" target=\"_blank\" rel=\"noreferrer noopener\">Training<\/a> is offered on a regular basis to help the student community use all the tools and orient them to the world of information, publishing and documentation.<\/p><\/blockquote>\n\n\n\n<figure class=\"wp-block-gallery columns-2 is-cropped wp-block-gallery-2 is-layout-flex wp-block-gallery-is-layout-flex\"><ul class=\"blocks-gallery-grid\"><li class=\"blocks-gallery-item\"><figure><img loading=\"lazy\" decoding=\"async\" width=\"1000\" height=\"750\" src=\"https:\/\/dev.inrs.ca\/wp-content\/uploads\/2020\/08\/INRS-bibliotheques.jpg\" alt=\"\" data-id=\"19908\" data-full-url=\"https:\/\/dev.inrs.ca\/wp-content\/uploads\/2020\/08\/INRS-bibliotheques.jpg\" data-link=\"https:\/\/dev.inrs.ca\/en\/studies\/masters-and-phd-projects\/find-a-masters-or-phd-project\/attachment\/inrs-bibliotheques-2\/\" class=\"wp-image-19908\" srcset=\"https:\/\/dev.inrs.ca\/wp-content\/uploads\/2020\/08\/INRS-bibliotheques.jpg 1000w, https:\/\/dev.inrs.ca\/wp-content\/uploads\/2020\/08\/INRS-bibliotheques-300x225.jpg 300w, https:\/\/dev.inrs.ca\/wp-content\/uploads\/2020\/08\/INRS-bibliotheques-768x576.jpg 768w\" sizes=\"auto, (max-width: 1000px) 100vw, 1000px\" \/><\/figure><\/li><li class=\"blocks-gallery-item\"><figure><img loading=\"lazy\" decoding=\"async\" width=\"1000\" height=\"581\" src=\"https:\/\/dev.inrs.ca\/wp-content\/uploads\/2020\/06\/services-a-la-communaute-inrs.png\" alt=\"Biblioth\u00e8que de l'INRS\" data-id=\"11231\" data-full-url=\"https:\/\/dev.inrs.ca\/wp-content\/uploads\/2020\/06\/services-a-la-communaute-inrs.png\" data-link=\"https:\/\/dev.inrs.ca\/en\/studies\/masters-and-phd-projects\/find-a-masters-or-phd-project\/attachment\/services-a-la-communaute-inrs-2\/\" class=\"wp-image-11231\" srcset=\"https:\/\/dev.inrs.ca\/wp-content\/uploads\/2020\/06\/services-a-la-communaute-inrs.png 1000w, https:\/\/dev.inrs.ca\/wp-content\/uploads\/2020\/06\/services-a-la-communaute-inrs-300x174.png 300w, https:\/\/dev.inrs.ca\/wp-content\/uploads\/2020\/06\/services-a-la-communaute-inrs-768x446.png 768w\" sizes=\"auto, (max-width: 1000px) 100vw, 1000px\" \/><\/figure><\/li><\/ul><\/figure>\n\n\n\n<div class=\"wp-block-columns is-layout-flex wp-container-core-columns-is-layout-3 wp-block-columns-is-layout-flex\">\n<div class=\"wp-block-column is-layout-flow wp-block-column-is-layout-flow\">\n<h2 class=\"wp-block-heading\">Opening hours<\/h2>\n\n\n\n<p>Library staff are available to answer your questions Monday through Friday. Please note that the opening hours of the service desks are variable and that certain time slots are offered by appointment only. <\/p>\n\n\n\n<div class=\"wp-block-buttons is-layout-flex wp-block-buttons-is-layout-flex\">\n<div class=\"wp-block-button has-custom-width wp-block-button__width-100\"><a class=\"wp-block-button__link\" href=\"http:\/\/sdis.dev.inrs.ca\/horaire\" target=\"_blank\" rel=\"noreferrer noopener\">see the sdis schedule<\/a><\/div>\n<\/div>\n<\/div>\n\n\n\n<div class=\"wp-block-column is-layout-flow wp-block-column-is-layout-flow\">\n<h2 class=\"wp-block-heading\">Contacts<\/h2>\n\n\n\n<p>Library users can count on the assistance of qualified resource people for research, access and management of information in all its forms, including digital and geospatial data and research data management.<\/p>\n\n\n\n<div class=\"wp-block-buttons is-layout-flex wp-block-buttons-is-layout-flex\">\n<div class=\"wp-block-button has-custom-width wp-block-button__width-100\"><a class=\"wp-block-button__link\" href=\"http:\/\/sdis.dev.inrs.ca\/bottin\" target=\"_blank\" rel=\"noreferrer noopener\">see the sdis staff directory<\/a><\/div>\n<\/div>\n<\/div>\n<\/div>\n\n\n\n<div class=\"wp-block-media-text alignwide is-stacked-on-mobile is-image-fill has-background\" style=\"background:linear-gradient(29deg,rgb(239,239,239) 0%,rgb(229,229,229) 100%);grid-template-columns:23% auto\"><figure class=\"wp-block-media-text__media\" style=\"background-image:url(https:\/\/dev.inrs.ca\/wp-content\/uploads\/INRS-Mtl-Sherbrooke_laetitiaphotographe-0991-1024x748.jpg);background-position:50% 50%\"><img loading=\"lazy\" decoding=\"async\" width=\"1024\" height=\"748\" src=\"https:\/\/dev.inrs.ca\/wp-content\/uploads\/INRS-Mtl-Sherbrooke_laetitiaphotographe-0991-1024x748.jpg\" alt=\"\" class=\"wp-image-63601 size-full\"\/><\/figure><div class=\"wp-block-media-text__content\">\n<h4 class=\"wp-block-heading\"><br><strong>General information<\/strong><\/h4>\n\n\n\n<p>General email: <a href=\"mailto:sdis@dev.inrs.ca\">sdis@dev.inrs.ca<\/a><br>Text message: <a href=\"tel:514-613-7347\">514-613-7347<\/a><\/p>\n\n\n\n<div class=\"wp-block-buttons is-layout-flex wp-block-buttons-is-layout-flex\">\n<div class=\"wp-block-button\"><a class=\"wp-block-button__link has-red-background-color has-background\" href=\"http:\/\/sdis.dev.inrs.ca\/\" target=\"_blank\" rel=\"noreferrer noopener\">sdis website<\/a><\/div>\n<\/div>\n<\/div><\/div>\n\n\n<div class=\"content-page-list-ctn\">\n    <h4 class=\"title\"><\/h4>\n    <div class=\"featured-cta-ctn -trio\">\n                    <div class=\"item jsBlockLink\">\n                <div class=\"image\">\n                                            <img decoding=\"async\" src=\"https:\/\/dev.inrs.ca\/wp-content\/uploads\/2020\/09\/depot-numerique-digital-inrs-600x400.jpeg\" alt=\"Institutional Digital Repository\">\n                                    <\/div>\n                <div class=\"info\">\n                    <a class=\"link\" href=\"\/en\/research\/institutional-digital-repository\/\">Institutional Digital Repository<\/a>\n                <\/div>\n            <\/div>\n                    <div class=\"item jsBlockLink\">\n                <div class=\"image\">\n                                            <img decoding=\"async\" src=\"https:\/\/dev.inrs.ca\/wp-content\/uploads\/2020\/06\/inrs-institut-national-recherche-scientifique-quebec-batiment-centre-eau-terre-environnement-600x400.jpg\" alt=\"Research Centres\">\n                                    <\/div>\n                <div class=\"info\">\n                    <a class=\"link\" href=\"\/en\/inrs\/research-centres\/\">Research Centres<\/a>\n                <\/div>\n            <\/div>\n            <\/div>\n<\/div>","protected":false},"excerpt":{"rendered":"<p>Grouped together under the name Specialized Documentation and Information Department (Service de documentation et d&#8217;information sp\u00e9cialis\u00e9es, SDIS), they offer more than 50,000 documents in digital or printed format available for borrowing by its community and certain partners such as the Geological Survey of Canada. Catalog Sofia Both the student and faculty communities, as well as [&hellip;]<\/p>\n","protected":false},"author":1,"featured_media":53636,"parent":22307,"menu_order":0,"comment_status":"closed","ping_status":"closed","template":"templates\/research-infrastructure.php","meta":{"_acf_changed":false,"footnotes":""},"page_type":[],"wf_page_folders":[725],"class_list":["post-13259","page","type-page","status-publish","has-post-thumbnail","hentry"],"acf":[],"yoast_head":"<!-- This site is optimized with the Yoast SEO Premium plugin v24.6 (Yoast SEO v24.6) - https:\/\/yoast.com\/wordpress\/plugins\/seo\/ -->\n<title>INRS | Libraries and specialized documentation services<\/title>\n<meta name=\"description\" content=\"INRS libraries offer a place where you can work and study. They also have more than 50,000 items available for you to borrow.\" \/>\n<meta name=\"robots\" content=\"noindex, follow, max-snippet:-1, max-image-preview:large, max-video-preview:-1\" \/>\n<meta property=\"og:locale\" content=\"en_US\" \/>\n<meta property=\"og:type\" content=\"article\" \/>\n<meta property=\"og:title\" content=\"INRS | Libraries and specialized documentation services\" \/>\n<meta property=\"og:description\" content=\"INRS libraries offer a place where you can work and study. They also have more than 50,000 items available for you to borrow.\" \/>\n<meta property=\"og:url\" content=\"https:\/\/dev.inrs.ca\/en\/inrs\/community-services\/libraries\/\" \/>\n<meta property=\"og:site_name\" content=\"INRS\" \/>\n<meta property=\"article:publisher\" content=\"https:\/\/www.facebook.com\/inrsciences\/\" \/>\n<meta property=\"article:modified_time\" content=\"2021-06-23T14:25:43+00:00\" \/>\n<meta property=\"og:image\" content=\"https:\/\/dev.inrs.ca\/wp-content\/uploads\/2021\/03\/INRS-Mtl-Sherbrooke_laetitiaphotographe-0916.jpg\" \/>\n\t<meta property=\"og:image:width\" content=\"1702\" \/>\n\t<meta property=\"og:image:height\" content=\"1135\" \/>\n\t<meta property=\"og:image:type\" content=\"image\/jpeg\" \/>\n<meta name=\"twitter:card\" content=\"summary_large_image\" \/>\n<meta name=\"twitter:site\" content=\"@inrsciences\" \/>\n<meta name=\"twitter:label1\" content=\"Est. reading time\" \/>\n\t<meta name=\"twitter:data1\" content=\"2 minutes\" \/>\n<script type=\"application\/ld+json\" class=\"yoast-schema-graph\">{\"@context\":\"https:\/\/schema.org\",\"@graph\":[{\"@type\":\"WebPage\",\"@id\":\"https:\/\/dev.inrs.ca\/en\/inrs\/community-services\/libraries\/\",\"url\":\"https:\/\/dev.inrs.ca\/en\/inrs\/community-services\/libraries\/\",\"name\":\"INRS | Libraries and specialized documentation services\",\"isPartOf\":{\"@id\":\"https:\/\/dev.inrs.ca\/en\/#website\"},\"primaryImageOfPage\":{\"@id\":\"https:\/\/dev.inrs.ca\/en\/inrs\/community-services\/libraries\/#primaryimage\"},\"image\":{\"@id\":\"https:\/\/dev.inrs.ca\/en\/inrs\/community-services\/libraries\/#primaryimage\"},\"thumbnailUrl\":\"https:\/\/dev.inrs.ca\/wp-content\/uploads\/2021\/03\/INRS-Mtl-Sherbrooke_laetitiaphotographe-0916.jpg\",\"datePublished\":\"2021-06-15T19:09:46+00:00\",\"dateModified\":\"2021-06-23T14:25:43+00:00\",\"description\":\"INRS libraries offer a place where you can work and study. They also have more than 50,000 items available for you to borrow.\",\"breadcrumb\":{\"@id\":\"https:\/\/dev.inrs.ca\/en\/inrs\/community-services\/libraries\/#breadcrumb\"},\"inLanguage\":\"en-CA\",\"potentialAction\":[{\"@type\":\"ReadAction\",\"target\":[\"https:\/\/dev.inrs.ca\/en\/inrs\/community-services\/libraries\/\"]}]},{\"@type\":\"ImageObject\",\"inLanguage\":\"en-CA\",\"@id\":\"https:\/\/dev.inrs.ca\/en\/inrs\/community-services\/libraries\/#primaryimage\",\"url\":\"https:\/\/dev.inrs.ca\/wp-content\/uploads\/2021\/03\/INRS-Mtl-Sherbrooke_laetitiaphotographe-0916.jpg\",\"contentUrl\":\"https:\/\/dev.inrs.ca\/wp-content\/uploads\/2021\/03\/INRS-Mtl-Sherbrooke_laetitiaphotographe-0916.jpg\",\"width\":1702,\"height\":1135,\"caption\":\"Biblioth\u00e8ques\"},{\"@type\":\"BreadcrumbList\",\"@id\":\"https:\/\/dev.inrs.ca\/en\/inrs\/community-services\/libraries\/#breadcrumb\",\"itemListElement\":[{\"@type\":\"ListItem\",\"position\":1,\"name\":\"INRS\",\"item\":\"https:\/\/dev.inrs.ca\/linrs\/\"},{\"@type\":\"ListItem\",\"position\":2,\"name\":\"Community Services\",\"item\":\"https:\/\/dev.inrs.ca\/linrs\/services-a-la-communaute\/\"},{\"@type\":\"ListItem\",\"position\":3,\"name\":\"Libraries\"}]},{\"@type\":\"WebSite\",\"@id\":\"https:\/\/dev.inrs.ca\/en\/#website\",\"url\":\"https:\/\/dev.inrs.ca\/en\/\",\"name\":\"INRS\",\"description\":\"Institut national de la recherche scientifique\",\"potentialAction\":[{\"@type\":\"SearchAction\",\"target\":{\"@type\":\"EntryPoint\",\"urlTemplate\":\"https:\/\/dev.inrs.ca\/en\/?s={search_term_string}\"},\"query-input\":{\"@type\":\"PropertyValueSpecification\",\"valueRequired\":true,\"valueName\":\"search_term_string\"}}],\"inLanguage\":\"en-CA\"}]}<\/script>\n<!-- \/ Yoast SEO Premium plugin. -->","yoast_head_json":{"title":"INRS | Libraries and specialized documentation services","description":"INRS libraries offer a place where you can work and study. They also have more than 50,000 items available for you to borrow.","robots":{"index":"noindex","follow":"follow","max-snippet":"max-snippet:-1","max-image-preview":"max-image-preview:large","max-video-preview":"max-video-preview:-1"},"og_locale":"en_US","og_type":"article","og_title":"INRS | Libraries and specialized documentation services","og_description":"INRS libraries offer a place where you can work and study. They also have more than 50,000 items available for you to borrow.","og_url":"https:\/\/dev.inrs.ca\/en\/inrs\/community-services\/libraries\/","og_site_name":"INRS","article_publisher":"https:\/\/www.facebook.com\/inrsciences\/","article_modified_time":"2021-06-23T14:25:43+00:00","og_image":[{"width":1702,"height":1135,"url":"https:\/\/dev.inrs.ca\/wp-content\/uploads\/2021\/03\/INRS-Mtl-Sherbrooke_laetitiaphotographe-0916.jpg","type":"image\/jpeg"}],"twitter_card":"summary_large_image","twitter_site":"@inrsciences","twitter_misc":{"Est. reading time":"2 minutes"},"schema":{"@context":"https:\/\/schema.org","@graph":[{"@type":"WebPage","@id":"https:\/\/dev.inrs.ca\/en\/inrs\/community-services\/libraries\/","url":"https:\/\/dev.inrs.ca\/en\/inrs\/community-services\/libraries\/","name":"INRS | Libraries and specialized documentation services","isPartOf":{"@id":"https:\/\/dev.inrs.ca\/en\/#website"},"primaryImageOfPage":{"@id":"https:\/\/dev.inrs.ca\/en\/inrs\/community-services\/libraries\/#primaryimage"},"image":{"@id":"https:\/\/dev.inrs.ca\/en\/inrs\/community-services\/libraries\/#primaryimage"},"thumbnailUrl":"https:\/\/dev.inrs.ca\/wp-content\/uploads\/2021\/03\/INRS-Mtl-Sherbrooke_laetitiaphotographe-0916.jpg","datePublished":"2021-06-15T19:09:46+00:00","dateModified":"2021-06-23T14:25:43+00:00","description":"INRS libraries offer a place where you can work and study. They also have more than 50,000 items available for you to borrow.","breadcrumb":{"@id":"https:\/\/dev.inrs.ca\/en\/inrs\/community-services\/libraries\/#breadcrumb"},"inLanguage":"en-CA","potentialAction":[{"@type":"ReadAction","target":["https:\/\/dev.inrs.ca\/en\/inrs\/community-services\/libraries\/"]}]},{"@type":"ImageObject","inLanguage":"en-CA","@id":"https:\/\/dev.inrs.ca\/en\/inrs\/community-services\/libraries\/#primaryimage","url":"https:\/\/dev.inrs.ca\/wp-content\/uploads\/2021\/03\/INRS-Mtl-Sherbrooke_laetitiaphotographe-0916.jpg","contentUrl":"https:\/\/dev.inrs.ca\/wp-content\/uploads\/2021\/03\/INRS-Mtl-Sherbrooke_laetitiaphotographe-0916.jpg","width":1702,"height":1135,"caption":"Biblioth\u00e8ques"},{"@type":"BreadcrumbList","@id":"https:\/\/dev.inrs.ca\/en\/inrs\/community-services\/libraries\/#breadcrumb","itemListElement":[{"@type":"ListItem","position":1,"name":"INRS","item":"https:\/\/dev.inrs.ca\/linrs\/"},{"@type":"ListItem","position":2,"name":"Community Services","item":"https:\/\/dev.inrs.ca\/linrs\/services-a-la-communaute\/"},{"@type":"ListItem","position":3,"name":"Libraries"}]},{"@type":"WebSite","@id":"https:\/\/dev.inrs.ca\/en\/#website","url":"https:\/\/dev.inrs.ca\/en\/","name":"INRS","description":"Institut national de la recherche scientifique","potentialAction":[{"@type":"SearchAction","target":{"@type":"EntryPoint","urlTemplate":"https:\/\/dev.inrs.ca\/en\/?s={search_term_string}"},"query-input":{"@type":"PropertyValueSpecification","valueRequired":true,"valueName":"search_term_string"}}],"inLanguage":"en-CA"}]}},"_links":{"self":[{"href":"https:\/\/dev.inrs.ca\/en\/wp-json\/wp\/v2\/pages\/13259","targetHints":{"allow":["GET"]}}],"collection":[{"href":"https:\/\/dev.inrs.ca\/en\/wp-json\/wp\/v2\/pages"}],"about":[{"href":"https:\/\/dev.inrs.ca\/en\/wp-json\/wp\/v2\/types\/page"}],"author":[{"embeddable":true,"href":"https:\/\/dev.inrs.ca\/en\/wp-json\/wp\/v2\/users\/1"}],"replies":[{"embeddable":true,"href":"https:\/\/dev.inrs.ca\/en\/wp-json\/wp\/v2\/comments?post=13259"}],"version-history":[{"count":5,"href":"https:\/\/dev.inrs.ca\/en\/wp-json\/wp\/v2\/pages\/13259\/revisions"}],"predecessor-version":[{"id":64837,"href":"https:\/\/dev.inrs.ca\/en\/wp-json\/wp\/v2\/pages\/13259\/revisions\/64837"}],"up":[{"embeddable":true,"href":"https:\/\/dev.inrs.ca\/en\/wp-json\/wp\/v2\/pages\/22307"}],"wp:featuredmedia":[{"embeddable":true,"href":"https:\/\/dev.inrs.ca\/en\/wp-json\/wp\/v2\/media\/53636"}],"wp:attachment":[{"href":"https:\/\/dev.inrs.ca\/en\/wp-json\/wp\/v2\/media?parent=13259"}],"wp:term":[{"taxonomy":"page_type","embeddable":true,"href":"https:\/\/dev.inrs.ca\/en\/wp-json\/wp\/v2\/page_type?post=13259"},{"taxonomy":"wf_page_folders","embeddable":true,"href":"https:\/\/dev.inrs.ca\/en\/wp-json\/wp\/v2\/wf_page_folders?post=13259"}],"curies":[{"name":"wp","href":"https:\/\/api.w.org\/{rel}","templated":true}]}}