{"id":12342,"date":"2020-07-10T20:06:02","date_gmt":"2020-07-10T20:06:02","guid":{"rendered":"https:\/\/dev.inrs.ca\/je-suis-temoin\/"},"modified":"2021-05-12T22:34:49","modified_gmt":"2021-05-13T02:34:49","slug":"je-suis-temoin","status":"publish","type":"page","link":"https:\/\/dev.inrs.ca\/en\/psychological-harassment-and-sexual-violence\/witness\/","title":{"rendered":"If You Are a Witness"},"content":{"rendered":"\n<p style=\"font-size:clamp(14.642px, 0.915rem + ((1vw - 3.2px) * 0.887), 22px);px\"><strong>\u201cI regret not having done anything!\u201d \u201cI suspected something!\u201d \u201cEveryone knew!\u201d These kinds of comments are common when a case of violence, bullying or harassment becomes public. But by then, it\u2019s already too late. The question is: why?&nbsp;<\/strong><\/p>\n\n\n\n<div style=\"height:20px\" aria-hidden=\"true\" class=\"wp-block-spacer\"><\/div>\n\n\n\n<p>When there are multiple witnesses, each one does nothing because they think the others will intervene (<strong>dilution of responsibility<\/strong>). Or, each one wonders about the seriousness of the situation. They think that if everyone else is doing nothing, they must have misunderstood what is happening (<strong>perception<\/strong>). If the witnesses know one another (same university or workplace), fear of reprisals may justify inaction (<strong>protection<\/strong>).\u00a0<\/p>\n\n\n\n<p>INRS has zero tolerance for harassment and anyone who witnesses harassment at INRS should intervene. Silence and inaction help harassment continue and everyone has a duty to stop it.&nbsp;<\/p>\n\n\n\n<blockquote class=\"wp-block-quote is-layout-flow wp-block-quote-is-layout-flow\"><p>Often victims are aware that they\u2019re in a difficult situation, but don\u2019t necessarily see it as being harassment. An outside perspective can help them better understand what they\u2019re going through. As a witness, you can help the victim realize that action needs to be taken.&nbsp;<\/p><\/blockquote>\n\n\n\n<p>Witnesses have an important role to play in maintaining a healthy and harassment-free environment. They can help victims break the climate of fear. As a witness, you don\u2019t have to conduct an investigation or provide evidence that points to harassment. If you seriously suspect harassment is occurring, you should help the person break the silence.<\/p>\n\n\n\n<h2 class=\"wp-block-heading\"><br><strong>How to intervene<\/strong><\/h2>\n\n\n\n<p><strong>Saying nothing is no longer an option. Unresolved conflicts, incivility and humiliation lay the groundwork for an unhealthy workplace and open the door to harassment.&nbsp;<\/strong>&nbsp;<\/p>\n\n\n\n<p>Witnesses can either help break down or contribute to maintaining the climate of fear and silence that fosters harassment. By giving their version of the facts, witnesses can prevent conflicts from escalating and help put a stop to them.&nbsp;&nbsp;<\/p>\n\n\n\n<p><strong>Verbal intervention:&nbsp;<\/strong>The perpetrator must be named, informed that their behaviour, words or actions are causing discomfort and distress, and told that it shouldn\u2019t happen again. Clearly draw the line between what is acceptable and what isn\u2019t.<\/p>\n\n\n\n<p><strong>Physical intervention :&nbsp;<\/strong>Another option is to physically step in and alter the interpersonal dynamics. It only takes a few seconds. Move between the two parties to get an object or document or ask for some information. In a <a href=\"https:\/\/www.youtube.com\/watch?v=Erlw-ODVZxU\" target=\"_blank\" rel=\"noreferrer noopener\">video <\/a>that has been viewed over four million times, two people in a subway car are in the midst of a verbal and physical altercation. \u201cSnackman\u201d positions himself between the two, says nothing and quietly munches away on some chips. <\/p>\n\n\n\n<p>Physical intervention is not possible in all circumstances. It may be necessary to seek help from others (e.g., a manager, professor or colleague) or call <a href=\"http:\/\/tel.911\">911<\/a>.<\/p>\n\n\n\n<p><strong>Create a diversion or interruption:&nbsp;<\/strong>Ask either person an unrelated question: \u201cCan you help me with the photocopier?\u201d \u201cHow do I&#8230;?\u201d or \u201cMichael was looking for you. You have to go see him right away.\u201d<\/p>\n\n\n\n<p><strong>Support the victim:&nbsp;<\/strong>If you can\u2019t intervene during the incident, you can get involved afterwards. Go see the person and ask if they\u2019re OK. Say that you noticed the other person\u2019s behaviour, actions or words. Encourage them to talk about it and seek help from the organization\u2019s staff and resources. <a href=\"https:\/\/dev.inrs.ca\/en\/inrs\/community-services\/psychological-harassment-and-sexual-violence\/resources-available\/\"><strong>See the resources available<\/strong><\/a>.<\/p>\n\n\n\n<p><strong>Report the situation:&nbsp;<\/strong>Witnesses must report the situations they observe to a person in authority. If you have heard or seen something, it is your duty to help stop the situation. On the other hand, be aware that spreading rumours or distorting the truth by talking with colleagues can undermine investigations and damage the credibility of witness testimony. Employers have a legal obligation, but each employee has an obligation too.<\/p>\n\n\n\n<h2 class=\"wp-block-heading\"><br><strong>What if I witness sexual violence?<\/strong><\/h2>\n\n\n\n<p>After assessing the situation, if you can act safely, stop the sexual violence either be intervening directly or helping the potential victim escape the situation.&nbsp;&nbsp;<\/p>\n\n\n\n<blockquote class=\"wp-block-quote is-layout-flow wp-block-quote-is-layout-flow\"><p>If the victim is in danger or you are concerned for their safety<strong> <\/strong>or your own, call&nbsp;<span style=\"color:#801336\" class=\"tadv-color\"><a href=\"http:\/\/tel.911\"><strong>911<\/strong><\/a><\/span>.<\/p><\/blockquote>\n\n\n\n<h2 class=\"wp-block-heading\"><br><strong>Available resources<\/strong><\/h2>\n\n\n\n<p>It\u2019s important to listen to the victim without passing judging or calling their experience into question. They should also be referred to resources that can provide help. Consult the <a href=\"https:\/\/dev.inrs.ca\/en\/inrs\/community-services\/psychological-harassment-and-sexual-violence\/resources-available\/\">resources available<\/a> for victims of psychological harassment, discrimination, incivility, sexual harassment, and sexual violence.<\/p>\n\n\n\n<div style=\"height:30px\" aria-hidden=\"true\" class=\"wp-block-spacer\"><\/div>\n\n\n\n<div class=\"wp-block-media-text alignwide is-stacked-on-mobile is-vertically-aligned-bottom is-image-fill has-background\" style=\"background:linear-gradient(29deg,rgb(239,239,239) 0%,rgb(229,229,229) 100%);grid-template-columns:15% auto\"><figure class=\"wp-block-media-text__media\" style=\"background-image:url(https:\/\/dev.inrs.ca\/wp-content\/uploads\/2020\/08\/INRS-Services-communaute-vacs.jpg);background-position:50% 50%\"><img loading=\"lazy\" decoding=\"async\" width=\"1000\" height=\"573\" src=\"https:\/\/dev.inrs.ca\/wp-content\/uploads\/2020\/08\/INRS-Services-communaute-vacs.jpg\" alt=\"Harc\u00e8lement psychologique et violences \u00e0 caract\u00e8re sexuel\" class=\"wp-image-19943 size-full\" srcset=\"https:\/\/dev.inrs.ca\/wp-content\/uploads\/2020\/08\/INRS-Services-communaute-vacs.jpg 1000w, https:\/\/dev.inrs.ca\/wp-content\/uploads\/2020\/08\/INRS-Services-communaute-vacs-300x172.jpg 300w, https:\/\/dev.inrs.ca\/wp-content\/uploads\/2020\/08\/INRS-Services-communaute-vacs-768x440.jpg 768w\" sizes=\"auto, (max-width: 1000px) 100vw, 1000px\" \/><\/figure><div class=\"wp-block-media-text__content\">\n<h2 class=\"wp-block-heading\"><br>Need help or someone to talk to?<\/h2>\n\n\n\n<p style=\"font-size:clamp(14px, 0.875rem + ((1vw - 3.2px) * 0.482), 18px);px\">Call <a href=\"http:\/\/tel.:1-888-401-8227\"><strong>1 888 401-VACS<\/strong><\/a><strong> (8227)<\/strong> or write to <a href=\"mailto:comitevacs@dev.inrs.ca\"><strong>comitevacs@dev.inrs.ca<\/strong><\/a>.<\/p>\n\n\n\n<p style=\"font-size:clamp(14px, 0.875rem + ((1vw - 3.2px) * 0.482), 18px);px\">Resources are available to the community free of charge and in complete confidentiality.<\/p>\n\n\n\n<div class=\"wp-block-buttons is-layout-flex wp-block-buttons-is-layout-flex\">\n<div class=\"wp-block-button has-custom-width wp-block-button__width-100 is-style-small\"><a class=\"wp-block-button__link has-red-background-color has-background no-border-radius\" href=\"https:\/\/dev.inrs.ca\/en\/inrs\/community-services\/psychological-harassment-and-sexual-violence\/join-the-complaints-office\/\">complaints office<\/a><\/div>\n<\/div>\n<\/div><\/div>\n","protected":false},"excerpt":{"rendered":"<p>\u00ab Je regrette de n\u2019avoir rien fait ! \u00bb \u00ab Je m\u2019en doutais ! \u00bb \u00ab Tout le monde le savait dans le milieu ! \u00bb Ces commentaires sont communs lorsqu\u2019un cas de violence, d\u2019intimidation ou de harc\u00e8lement devient public, ou qu\u2019il est trop tard. La question est : pourquoi?<\/p>\n","protected":false},"author":4,"featured_media":58769,"parent":17858,"menu_order":0,"comment_status":"closed","ping_status":"closed","template":"","meta":{"_acf_changed":false,"footnotes":""},"page_type":[],"wf_page_folders":[181],"class_list":["post-12342","page","type-page","status-publish","has-post-thumbnail","hentry"],"acf":[],"yoast_head":"<!-- This site is optimized with the Yoast SEO Premium plugin v24.6 (Yoast SEO v24.6) - https:\/\/yoast.com\/wordpress\/plugins\/seo\/ -->\n<title>INRS | If You Are a Witness | Psychological harassment and sexual violence<\/title>\n<meta name=\"description\" content=\"Witnesses have an important role to play in maintaining a healthy and harassment-free environment. They can help victims break the climate of fear.\" \/>\n<meta name=\"robots\" content=\"noindex, follow, max-snippet:-1, max-image-preview:large, max-video-preview:-1\" \/>\n<meta property=\"og:locale\" content=\"en_US\" \/>\n<meta property=\"og:type\" content=\"article\" \/>\n<meta property=\"og:title\" content=\"INRS | If You Are a Witness | Psychological harassment and sexual violence\" \/>\n<meta property=\"og:description\" content=\"Witnesses have an important role to play in maintaining a healthy and harassment-free environment. They can help victims break the climate of fear.\" \/>\n<meta property=\"og:url\" content=\"https:\/\/dev.inrs.ca\/en\/psychological-harassment-and-sexual-violence\/witness\/\" \/>\n<meta property=\"og:site_name\" content=\"INRS\" \/>\n<meta property=\"article:publisher\" content=\"https:\/\/www.facebook.com\/inrsciences\/\" \/>\n<meta property=\"article:modified_time\" content=\"2021-05-13T02:34:49+00:00\" \/>\n<meta property=\"og:image\" content=\"https:\/\/dev.inrs.ca\/wp-content\/uploads\/temoin-witness-harcelement-harassament-sexual-violence-vacs.jpeg\" \/>\n\t<meta property=\"og:image:width\" content=\"1200\" \/>\n\t<meta property=\"og:image:height\" content=\"1200\" \/>\n\t<meta property=\"og:image:type\" content=\"image\/jpeg\" \/>\n<meta name=\"twitter:card\" content=\"summary_large_image\" \/>\n<meta name=\"twitter:site\" content=\"@inrsciences\" \/>\n<meta name=\"twitter:label1\" content=\"Est. reading time\" \/>\n\t<meta name=\"twitter:data1\" content=\"4 minutes\" \/>\n<script type=\"application\/ld+json\" class=\"yoast-schema-graph\">{\"@context\":\"https:\/\/schema.org\",\"@graph\":[{\"@type\":\"WebPage\",\"@id\":\"https:\/\/dev.inrs.ca\/en\/psychological-harassment-and-sexual-violence\/witness\/\",\"url\":\"https:\/\/dev.inrs.ca\/en\/psychological-harassment-and-sexual-violence\/witness\/\",\"name\":\"INRS | If You Are a Witness | Psychological harassment and sexual violence\",\"isPartOf\":{\"@id\":\"https:\/\/dev.inrs.ca\/en\/#website\"},\"primaryImageOfPage\":{\"@id\":\"https:\/\/dev.inrs.ca\/en\/psychological-harassment-and-sexual-violence\/witness\/#primaryimage\"},\"image\":{\"@id\":\"https:\/\/dev.inrs.ca\/en\/psychological-harassment-and-sexual-violence\/witness\/#primaryimage\"},\"thumbnailUrl\":\"https:\/\/dev.inrs.ca\/wp-content\/uploads\/temoin-witness-harcelement-harassament-sexual-violence-vacs.jpeg\",\"datePublished\":\"2020-07-10T20:06:02+00:00\",\"dateModified\":\"2021-05-13T02:34:49+00:00\",\"description\":\"Witnesses have an important role to play in maintaining a healthy and harassment-free environment. They can help victims break the climate of fear.\",\"breadcrumb\":{\"@id\":\"https:\/\/dev.inrs.ca\/en\/psychological-harassment-and-sexual-violence\/witness\/#breadcrumb\"},\"inLanguage\":\"en-CA\",\"potentialAction\":[{\"@type\":\"ReadAction\",\"target\":[\"https:\/\/dev.inrs.ca\/en\/psychological-harassment-and-sexual-violence\/witness\/\"]}]},{\"@type\":\"ImageObject\",\"inLanguage\":\"en-CA\",\"@id\":\"https:\/\/dev.inrs.ca\/en\/psychological-harassment-and-sexual-violence\/witness\/#primaryimage\",\"url\":\"https:\/\/dev.inrs.ca\/wp-content\/uploads\/temoin-witness-harcelement-harassament-sexual-violence-vacs.jpeg\",\"contentUrl\":\"https:\/\/dev.inrs.ca\/wp-content\/uploads\/temoin-witness-harcelement-harassament-sexual-violence-vacs.jpeg\",\"width\":1200,\"height\":1200},{\"@type\":\"BreadcrumbList\",\"@id\":\"https:\/\/dev.inrs.ca\/en\/psychological-harassment-and-sexual-violence\/witness\/#breadcrumb\",\"itemListElement\":[{\"@type\":\"ListItem\",\"position\":1,\"name\":\"INRS\",\"item\":\"https:\/\/dev.inrs.ca\/linrs\/\"},{\"@type\":\"ListItem\",\"position\":2,\"name\":\"Community Services\",\"item\":\"https:\/\/dev.inrs.ca\/linrs\/services-a-la-communaute\/\"},{\"@type\":\"ListItem\",\"position\":3,\"name\":\"Psychological Harassment and Sexual Violence\",\"item\":\"https:\/\/dev.inrs.ca\/linrs\/services-a-la-communaute\/harcelement-psychologique-et-violences-a-caractere-sexuel\/\"},{\"@type\":\"ListItem\",\"position\":4,\"name\":\"If You Are a Witness\"}]},{\"@type\":\"WebSite\",\"@id\":\"https:\/\/dev.inrs.ca\/en\/#website\",\"url\":\"https:\/\/dev.inrs.ca\/en\/\",\"name\":\"INRS\",\"description\":\"Institut national de la recherche scientifique\",\"potentialAction\":[{\"@type\":\"SearchAction\",\"target\":{\"@type\":\"EntryPoint\",\"urlTemplate\":\"https:\/\/dev.inrs.ca\/en\/?s={search_term_string}\"},\"query-input\":{\"@type\":\"PropertyValueSpecification\",\"valueRequired\":true,\"valueName\":\"search_term_string\"}}],\"inLanguage\":\"en-CA\"}]}<\/script>\n<!-- \/ Yoast SEO Premium plugin. -->","yoast_head_json":{"title":"INRS | If You Are a Witness | Psychological harassment and sexual violence","description":"Witnesses have an important role to play in maintaining a healthy and harassment-free environment. They can help victims break the climate of fear.","robots":{"index":"noindex","follow":"follow","max-snippet":"max-snippet:-1","max-image-preview":"max-image-preview:large","max-video-preview":"max-video-preview:-1"},"og_locale":"en_US","og_type":"article","og_title":"INRS | If You Are a Witness | Psychological harassment and sexual violence","og_description":"Witnesses have an important role to play in maintaining a healthy and harassment-free environment. They can help victims break the climate of fear.","og_url":"https:\/\/dev.inrs.ca\/en\/psychological-harassment-and-sexual-violence\/witness\/","og_site_name":"INRS","article_publisher":"https:\/\/www.facebook.com\/inrsciences\/","article_modified_time":"2021-05-13T02:34:49+00:00","og_image":[{"width":1200,"height":1200,"url":"https:\/\/dev.inrs.ca\/wp-content\/uploads\/temoin-witness-harcelement-harassament-sexual-violence-vacs.jpeg","type":"image\/jpeg"}],"twitter_card":"summary_large_image","twitter_site":"@inrsciences","twitter_misc":{"Est. reading time":"4 minutes"},"schema":{"@context":"https:\/\/schema.org","@graph":[{"@type":"WebPage","@id":"https:\/\/dev.inrs.ca\/en\/psychological-harassment-and-sexual-violence\/witness\/","url":"https:\/\/dev.inrs.ca\/en\/psychological-harassment-and-sexual-violence\/witness\/","name":"INRS | If You Are a Witness | Psychological harassment and sexual violence","isPartOf":{"@id":"https:\/\/dev.inrs.ca\/en\/#website"},"primaryImageOfPage":{"@id":"https:\/\/dev.inrs.ca\/en\/psychological-harassment-and-sexual-violence\/witness\/#primaryimage"},"image":{"@id":"https:\/\/dev.inrs.ca\/en\/psychological-harassment-and-sexual-violence\/witness\/#primaryimage"},"thumbnailUrl":"https:\/\/dev.inrs.ca\/wp-content\/uploads\/temoin-witness-harcelement-harassament-sexual-violence-vacs.jpeg","datePublished":"2020-07-10T20:06:02+00:00","dateModified":"2021-05-13T02:34:49+00:00","description":"Witnesses have an important role to play in maintaining a healthy and harassment-free environment. They can help victims break the climate of fear.","breadcrumb":{"@id":"https:\/\/dev.inrs.ca\/en\/psychological-harassment-and-sexual-violence\/witness\/#breadcrumb"},"inLanguage":"en-CA","potentialAction":[{"@type":"ReadAction","target":["https:\/\/dev.inrs.ca\/en\/psychological-harassment-and-sexual-violence\/witness\/"]}]},{"@type":"ImageObject","inLanguage":"en-CA","@id":"https:\/\/dev.inrs.ca\/en\/psychological-harassment-and-sexual-violence\/witness\/#primaryimage","url":"https:\/\/dev.inrs.ca\/wp-content\/uploads\/temoin-witness-harcelement-harassament-sexual-violence-vacs.jpeg","contentUrl":"https:\/\/dev.inrs.ca\/wp-content\/uploads\/temoin-witness-harcelement-harassament-sexual-violence-vacs.jpeg","width":1200,"height":1200},{"@type":"BreadcrumbList","@id":"https:\/\/dev.inrs.ca\/en\/psychological-harassment-and-sexual-violence\/witness\/#breadcrumb","itemListElement":[{"@type":"ListItem","position":1,"name":"INRS","item":"https:\/\/dev.inrs.ca\/linrs\/"},{"@type":"ListItem","position":2,"name":"Community Services","item":"https:\/\/dev.inrs.ca\/linrs\/services-a-la-communaute\/"},{"@type":"ListItem","position":3,"name":"Psychological Harassment and Sexual Violence","item":"https:\/\/dev.inrs.ca\/linrs\/services-a-la-communaute\/harcelement-psychologique-et-violences-a-caractere-sexuel\/"},{"@type":"ListItem","position":4,"name":"If You Are a Witness"}]},{"@type":"WebSite","@id":"https:\/\/dev.inrs.ca\/en\/#website","url":"https:\/\/dev.inrs.ca\/en\/","name":"INRS","description":"Institut national de la recherche scientifique","potentialAction":[{"@type":"SearchAction","target":{"@type":"EntryPoint","urlTemplate":"https:\/\/dev.inrs.ca\/en\/?s={search_term_string}"},"query-input":{"@type":"PropertyValueSpecification","valueRequired":true,"valueName":"search_term_string"}}],"inLanguage":"en-CA"}]}},"_links":{"self":[{"href":"https:\/\/dev.inrs.ca\/en\/wp-json\/wp\/v2\/pages\/12342","targetHints":{"allow":["GET"]}}],"collection":[{"href":"https:\/\/dev.inrs.ca\/en\/wp-json\/wp\/v2\/pages"}],"about":[{"href":"https:\/\/dev.inrs.ca\/en\/wp-json\/wp\/v2\/types\/page"}],"author":[{"embeddable":true,"href":"https:\/\/dev.inrs.ca\/en\/wp-json\/wp\/v2\/users\/4"}],"replies":[{"embeddable":true,"href":"https:\/\/dev.inrs.ca\/en\/wp-json\/wp\/v2\/comments?post=12342"}],"version-history":[{"count":5,"href":"https:\/\/dev.inrs.ca\/en\/wp-json\/wp\/v2\/pages\/12342\/revisions"}],"predecessor-version":[{"id":58974,"href":"https:\/\/dev.inrs.ca\/en\/wp-json\/wp\/v2\/pages\/12342\/revisions\/58974"}],"up":[{"embeddable":true,"href":"https:\/\/dev.inrs.ca\/en\/wp-json\/wp\/v2\/pages\/17858"}],"wp:featuredmedia":[{"embeddable":true,"href":"https:\/\/dev.inrs.ca\/en\/wp-json\/wp\/v2\/media\/58769"}],"wp:attachment":[{"href":"https:\/\/dev.inrs.ca\/en\/wp-json\/wp\/v2\/media?parent=12342"}],"wp:term":[{"taxonomy":"page_type","embeddable":true,"href":"https:\/\/dev.inrs.ca\/en\/wp-json\/wp\/v2\/page_type?post=12342"},{"taxonomy":"wf_page_folders","embeddable":true,"href":"https:\/\/dev.inrs.ca\/en\/wp-json\/wp\/v2\/wf_page_folders?post=12342"}],"curies":[{"name":"wp","href":"https:\/\/api.w.org\/{rel}","templated":true}]}}