{"id":12335,"date":"2020-07-10T17:57:53","date_gmt":"2020-07-10T17:57:53","guid":{"rendered":"https:\/\/dev.inrs.ca\/les-violences-a-caractere-sexuel-cest-quoi\/"},"modified":"2021-05-12T22:17:47","modified_gmt":"2021-05-13T02:17:47","slug":"les-violences-a-caractere-sexuel-cest-quoi","status":"publish","type":"page","link":"https:\/\/dev.inrs.ca\/en\/inrs\/community-services\/psychological-harassment-and-sexual-violence\/what-is-sexual-violence\/","title":{"rendered":"What is Sexual Violence?"},"content":{"rendered":"\n<p style=\"font-size:clamp(14.642px, 0.915rem + ((1vw - 3.2px) * 0.887), 22px);px\"><strong><strong>Sexual violence is any form of violence that involves sexual activity or targets a person\u2019s sexuality. Sexual violence encompasses unwanted sexual gestures, comments, behaviour, and attitudes expressed directly or indirectly, including through technology.&nbsp;<\/strong><\/strong><\/p>\n\n\n\n<div style=\"height:20px\" aria-hidden=\"true\" class=\"wp-block-spacer\"><\/div>\n\n\n\n<h2 class=\"wp-block-heading\"><br><strong>Types of sexual violence<\/strong><\/h2>\n\n\n\n<ul class=\"wp-block-list\"><li>Cybersexual violence;<\/li><li>Repeated behaviour that is sexist, heterosexist, homophobic, biphobic, transphobic, or misogynistic, etc.;<\/li><li>Creating or distributing sexual images of a person without consent;<\/li><li>Forced sexual intimacy without consent;<\/li><li>Undue and unwanted expression of interest;<\/li><li>Sexual harassment;<\/li><li>Acts of voyeurism and exhibitionism;<\/li><li>Sexual assault;<\/li><li>Any act of power, promise of a reward, or threat of retaliation, implicit or explicit, for complying with or rejecting a request of a sexual nature;<\/li><li>Unwanted comments, allusions, jokes or insults of a sexual nature;<\/li><li>Unwanted physical advances.<\/li><\/ul>\n\n\n\n<h2 class=\"wp-block-heading\"><br><strong>The following instances do not constitute sexual violence:<\/strong><\/h2>\n\n\n\n<ul class=\"wp-block-list\"><li>Treating others with respect;<\/li><li>Reciprocal flirting;<\/li><li>Invitations or expressions of romantic or sexual interest without insisting in the event of refusal;<\/li><li>Giving compliments without sexual overtones;<\/li><li>Occasional expressions of appreciation that fall within the boundaries of civility and the recipient\u2019s limits;<\/li><li>Friendly, romantic or sexual relations between consenting persons.&nbsp;<\/li><\/ul>\n\n\n\n<h2 class=\"wp-block-heading\"><br><strong>Consent<\/strong><\/h2>\n\n\n\n<p>Consent is agreement given by one person to another in relation to actions, words, behaviours or attitudes with a sexual connotation. It must be given freely, voluntarily and on an informed basis, and can be withdrawn at any time. Sexual consent is deemed invalid if:&nbsp;<\/p>\n\n\n\n<ul class=\"wp-block-list\"><li>The person is unconscious or unable to communicate;<\/li><li>The person is under the influence of drugs or alcohol;<\/li><li>The person requesting consent is in a position of power, trust or authority;<\/li><li>The person changes their mind;<\/li><li>The person says nothing or does not refuse;<\/li><li>Consent is obtained by way of threats and coercion.<\/li><\/ul>\n\n\n\n<p>&nbsp;The concept of consent in sexual assault cases is defined in section 273.1 of the Criminal Code. Sexual consent is&nbsp;<strong>voluntary agreement<\/strong>&nbsp;given by a person to their partner when engaging in sexual activity. A person must&nbsp;<strong>clearly communicate their agreement<\/strong>&nbsp;to the sexual activity for their consent to be valid. Agreement can be communicated verbally, through behaviour or both.&nbsp;Sexual consent must be given&nbsp;<strong>voluntarily<\/strong>, i.e., it must be a&nbsp;<strong>free and informed choice<\/strong>. If a person refuses to engage in sexual activity with another person and is forced to do so, it is considered assault. No one has the right to impose sexual relations on another person against their will.&nbsp;Consent is only valid if it has been<strong>&nbsp;granted freely<\/strong>. If a person is paralyzed by fear, or is afraid to react, there is no consent on their part. Being intoxicated by drugs or alcohol is NEVER an invitation for sexual contact. Agreeing to drink alcohol or do drugs is not consent for sexual activity. The only person responsible for a sexual assault is the person who commits the assault.&nbsp;<\/p>\n\n\n\n<div style=\"height:40px\" aria-hidden=\"true\" class=\"wp-block-spacer\"><\/div>\n\n\n\n<blockquote class=\"wp-block-quote is-layout-flow wp-block-quote-is-layout-flow\"><p>People have the right to say NO at any time. When a person is forced to do what an abuser requires of them, they are not freely consenting to sexual activity.<\/p><\/blockquote>\n\n\n\n<div style=\"height:40px\" aria-hidden=\"true\" class=\"wp-block-spacer\"><\/div>\n\n\n\n<h3 class=\"wp-block-heading\"><strong>Getting help, support, and an attentive ear<\/strong><\/h3>\n\n\n\n<p>Front-line service, psychosocial support, assistance and information on sexual violence are provided by one of our expert resources, the Crime Victims Assistance Centre. The organization is recognized by Ministre de la Justice and provides front-line psychosocial and legal services to victims of criminal acts and their families, whether or not the perpetrator is identified, arrested, prosecuted or convicted. Each of their regional centres has sexual violence liaison officers, whose role includes working with the higher education community.<\/p>\n\n\n\n<div style=\"height:30px\" aria-hidden=\"true\" class=\"wp-block-spacer\"><\/div>\n\n\n\n<div class=\"wp-block-media-text alignwide is-stacked-on-mobile is-image-fill has-background\" style=\"background:linear-gradient(29deg,rgb(239,239,239) 0%,rgb(229,229,229) 100%);grid-template-columns:15% auto\"><figure class=\"wp-block-media-text__media\" style=\"background-image:url(https:\/\/dev.inrs.ca\/wp-content\/uploads\/2020\/08\/INRS-Services-communaute-vacs.jpg);background-position:50% 50%\"><img loading=\"lazy\" decoding=\"async\" width=\"1000\" height=\"573\" src=\"https:\/\/dev.inrs.ca\/wp-content\/uploads\/2020\/08\/INRS-Services-communaute-vacs.jpg\" alt=\"Harc\u00e8lement psychologique et violences \u00e0 caract\u00e8re sexuel\" class=\"wp-image-19943 size-full\" srcset=\"https:\/\/dev.inrs.ca\/wp-content\/uploads\/2020\/08\/INRS-Services-communaute-vacs.jpg 1000w, https:\/\/dev.inrs.ca\/wp-content\/uploads\/2020\/08\/INRS-Services-communaute-vacs-300x172.jpg 300w, https:\/\/dev.inrs.ca\/wp-content\/uploads\/2020\/08\/INRS-Services-communaute-vacs-768x440.jpg 768w\" sizes=\"auto, (max-width: 1000px) 100vw, 1000px\" \/><\/figure><div class=\"wp-block-media-text__content\">\n<h2 class=\"wp-block-heading\"><br>Need help or someone to talk to?<\/h2>\n\n\n\n<p style=\"font-size:clamp(14px, 0.875rem + ((1vw - 3.2px) * 0.482), 18px);px\">Call <a href=\"http:\/\/tel.:1-888-401-8227\"><strong>1 888 401-VACS<\/strong><\/a><strong> (8227)<\/strong> or write to <a href=\"mailto:comitevacs@dev.inrs.ca\"><strong>comitevacs@dev.inrs.ca<\/strong><\/a>.<\/p>\n\n\n\n<p style=\"font-size:clamp(14px, 0.875rem + ((1vw - 3.2px) * 0.482), 18px);px\">Resources are available to the community free of charge and in complete confidentiality.<\/p>\n\n\n\n<div class=\"wp-block-buttons is-layout-flex wp-block-buttons-is-layout-flex\">\n<div class=\"wp-block-button has-custom-width wp-block-button__width-100 is-style-small\"><a class=\"wp-block-button__link has-red-background-color has-background no-border-radius\" href=\"https:\/\/dev.inrs.ca\/en\/inrs\/community-services\/psychological-harassment-and-sexual-violence\/join-the-complaints-office\/\">complaints office<\/a><\/div>\n<\/div>\n<\/div><\/div>\n","protected":false},"excerpt":{"rendered":"<p>Sexual violence is any form of violence that involves sexual activity or targets a person\u2019s sexuality. Sexual violence encompasses unwanted sexual gestures, comments, behaviour, and attitudes expressed directly or indirectly, including through technology. <\/p>\n","protected":false},"author":4,"featured_media":58225,"parent":17858,"menu_order":0,"comment_status":"closed","ping_status":"closed","template":"","meta":{"_acf_changed":false,"footnotes":""},"page_type":[],"wf_page_folders":[181],"class_list":["post-12335","page","type-page","status-publish","has-post-thumbnail","hentry"],"acf":[],"yoast_head":"<!-- This site is optimized with the Yoast SEO Premium plugin v24.6 (Yoast SEO v24.6) - https:\/\/yoast.com\/wordpress\/plugins\/seo\/ -->\n<title>INRS | What is Sexual Violence? | Harassment and Sexual Violence<\/title>\n<meta name=\"description\" content=\"Sexual violence is any form of violence that involves sexual activity or targets a person\u2019s sexuality. Unwanted sexual gestures, comments, behaviour, and attitudes expressed directly or indirectly, including through technology.\" \/>\n<meta name=\"robots\" content=\"noindex, follow, max-snippet:-1, max-image-preview:large, max-video-preview:-1\" \/>\n<meta property=\"og:locale\" content=\"en_US\" \/>\n<meta property=\"og:type\" content=\"article\" \/>\n<meta property=\"og:title\" content=\"INRS | What is Sexual Violence? | Harassment and Sexual Violence\" \/>\n<meta property=\"og:description\" content=\"Sexual violence is any form of violence that involves sexual activity or targets a person\u2019s sexuality. Unwanted sexual gestures, comments, behaviour, and attitudes expressed directly or indirectly, including through technology.\" \/>\n<meta property=\"og:url\" content=\"https:\/\/dev.inrs.ca\/en\/inrs\/community-services\/psychological-harassment-and-sexual-violence\/what-is-sexual-violence\/\" \/>\n<meta property=\"og:site_name\" content=\"INRS\" \/>\n<meta property=\"article:publisher\" content=\"https:\/\/www.facebook.com\/inrsciences\/\" \/>\n<meta property=\"article:modified_time\" content=\"2021-05-13T02:17:47+00:00\" \/>\n<meta property=\"og:image\" content=\"https:\/\/dev.inrs.ca\/wp-content\/uploads\/vacs-violences-caractere-sexuel-sexual-violence.jpeg\" \/>\n\t<meta property=\"og:image:width\" content=\"1200\" \/>\n\t<meta property=\"og:image:height\" content=\"900\" \/>\n\t<meta property=\"og:image:type\" content=\"image\/jpeg\" \/>\n<meta name=\"twitter:card\" content=\"summary_large_image\" \/>\n<meta name=\"twitter:site\" content=\"@inrsciences\" \/>\n<meta name=\"twitter:label1\" content=\"Est. reading time\" \/>\n\t<meta name=\"twitter:data1\" content=\"3 minutes\" \/>\n<script type=\"application\/ld+json\" class=\"yoast-schema-graph\">{\"@context\":\"https:\/\/schema.org\",\"@graph\":[{\"@type\":\"WebPage\",\"@id\":\"https:\/\/dev.inrs.ca\/en\/inrs\/community-services\/psychological-harassment-and-sexual-violence\/what-is-sexual-violence\/\",\"url\":\"https:\/\/dev.inrs.ca\/en\/inrs\/community-services\/psychological-harassment-and-sexual-violence\/what-is-sexual-violence\/\",\"name\":\"INRS | What is Sexual Violence? | Harassment and Sexual Violence\",\"isPartOf\":{\"@id\":\"https:\/\/dev.inrs.ca\/en\/#website\"},\"primaryImageOfPage\":{\"@id\":\"https:\/\/dev.inrs.ca\/en\/inrs\/community-services\/psychological-harassment-and-sexual-violence\/what-is-sexual-violence\/#primaryimage\"},\"image\":{\"@id\":\"https:\/\/dev.inrs.ca\/en\/inrs\/community-services\/psychological-harassment-and-sexual-violence\/what-is-sexual-violence\/#primaryimage\"},\"thumbnailUrl\":\"https:\/\/dev.inrs.ca\/wp-content\/uploads\/vacs-violences-caractere-sexuel-sexual-violence.jpeg\",\"datePublished\":\"2020-07-10T17:57:53+00:00\",\"dateModified\":\"2021-05-13T02:17:47+00:00\",\"description\":\"Sexual violence is any form of violence that involves sexual activity or targets a person\u2019s sexuality. Unwanted sexual gestures, comments, behaviour, and attitudes expressed directly or indirectly, including through technology.\",\"breadcrumb\":{\"@id\":\"https:\/\/dev.inrs.ca\/en\/inrs\/community-services\/psychological-harassment-and-sexual-violence\/what-is-sexual-violence\/#breadcrumb\"},\"inLanguage\":\"en-CA\",\"potentialAction\":[{\"@type\":\"ReadAction\",\"target\":[\"https:\/\/dev.inrs.ca\/en\/inrs\/community-services\/psychological-harassment-and-sexual-violence\/what-is-sexual-violence\/\"]}]},{\"@type\":\"ImageObject\",\"inLanguage\":\"en-CA\",\"@id\":\"https:\/\/dev.inrs.ca\/en\/inrs\/community-services\/psychological-harassment-and-sexual-violence\/what-is-sexual-violence\/#primaryimage\",\"url\":\"https:\/\/dev.inrs.ca\/wp-content\/uploads\/vacs-violences-caractere-sexuel-sexual-violence.jpeg\",\"contentUrl\":\"https:\/\/dev.inrs.ca\/wp-content\/uploads\/vacs-violences-caractere-sexuel-sexual-violence.jpeg\",\"width\":1200,\"height\":900,\"caption\":\"A young woman with flying hair is tied with a rope. Concepts of restrictions on the ability of women in society. Human character illustration\"},{\"@type\":\"BreadcrumbList\",\"@id\":\"https:\/\/dev.inrs.ca\/en\/inrs\/community-services\/psychological-harassment-and-sexual-violence\/what-is-sexual-violence\/#breadcrumb\",\"itemListElement\":[{\"@type\":\"ListItem\",\"position\":1,\"name\":\"INRS\",\"item\":\"https:\/\/dev.inrs.ca\/linrs\/\"},{\"@type\":\"ListItem\",\"position\":2,\"name\":\"Community Services\",\"item\":\"https:\/\/dev.inrs.ca\/linrs\/services-a-la-communaute\/\"},{\"@type\":\"ListItem\",\"position\":3,\"name\":\"Psychological Harassment and Sexual Violence\",\"item\":\"https:\/\/dev.inrs.ca\/linrs\/services-a-la-communaute\/harcelement-psychologique-et-violences-a-caractere-sexuel\/\"},{\"@type\":\"ListItem\",\"position\":4,\"name\":\"What is Sexual Violence?\"}]},{\"@type\":\"WebSite\",\"@id\":\"https:\/\/dev.inrs.ca\/en\/#website\",\"url\":\"https:\/\/dev.inrs.ca\/en\/\",\"name\":\"INRS\",\"description\":\"Institut national de la recherche scientifique\",\"potentialAction\":[{\"@type\":\"SearchAction\",\"target\":{\"@type\":\"EntryPoint\",\"urlTemplate\":\"https:\/\/dev.inrs.ca\/en\/?s={search_term_string}\"},\"query-input\":{\"@type\":\"PropertyValueSpecification\",\"valueRequired\":true,\"valueName\":\"search_term_string\"}}],\"inLanguage\":\"en-CA\"}]}<\/script>\n<!-- \/ Yoast SEO Premium plugin. -->","yoast_head_json":{"title":"INRS | What is Sexual Violence? | Harassment and Sexual Violence","description":"Sexual violence is any form of violence that involves sexual activity or targets a person\u2019s sexuality. Unwanted sexual gestures, comments, behaviour, and attitudes expressed directly or indirectly, including through technology.","robots":{"index":"noindex","follow":"follow","max-snippet":"max-snippet:-1","max-image-preview":"max-image-preview:large","max-video-preview":"max-video-preview:-1"},"og_locale":"en_US","og_type":"article","og_title":"INRS | What is Sexual Violence? | Harassment and Sexual Violence","og_description":"Sexual violence is any form of violence that involves sexual activity or targets a person\u2019s sexuality. Unwanted sexual gestures, comments, behaviour, and attitudes expressed directly or indirectly, including through technology.","og_url":"https:\/\/dev.inrs.ca\/en\/inrs\/community-services\/psychological-harassment-and-sexual-violence\/what-is-sexual-violence\/","og_site_name":"INRS","article_publisher":"https:\/\/www.facebook.com\/inrsciences\/","article_modified_time":"2021-05-13T02:17:47+00:00","og_image":[{"width":1200,"height":900,"url":"https:\/\/dev.inrs.ca\/wp-content\/uploads\/vacs-violences-caractere-sexuel-sexual-violence.jpeg","type":"image\/jpeg"}],"twitter_card":"summary_large_image","twitter_site":"@inrsciences","twitter_misc":{"Est. reading time":"3 minutes"},"schema":{"@context":"https:\/\/schema.org","@graph":[{"@type":"WebPage","@id":"https:\/\/dev.inrs.ca\/en\/inrs\/community-services\/psychological-harassment-and-sexual-violence\/what-is-sexual-violence\/","url":"https:\/\/dev.inrs.ca\/en\/inrs\/community-services\/psychological-harassment-and-sexual-violence\/what-is-sexual-violence\/","name":"INRS | What is Sexual Violence? | Harassment and Sexual Violence","isPartOf":{"@id":"https:\/\/dev.inrs.ca\/en\/#website"},"primaryImageOfPage":{"@id":"https:\/\/dev.inrs.ca\/en\/inrs\/community-services\/psychological-harassment-and-sexual-violence\/what-is-sexual-violence\/#primaryimage"},"image":{"@id":"https:\/\/dev.inrs.ca\/en\/inrs\/community-services\/psychological-harassment-and-sexual-violence\/what-is-sexual-violence\/#primaryimage"},"thumbnailUrl":"https:\/\/dev.inrs.ca\/wp-content\/uploads\/vacs-violences-caractere-sexuel-sexual-violence.jpeg","datePublished":"2020-07-10T17:57:53+00:00","dateModified":"2021-05-13T02:17:47+00:00","description":"Sexual violence is any form of violence that involves sexual activity or targets a person\u2019s sexuality. Unwanted sexual gestures, comments, behaviour, and attitudes expressed directly or indirectly, including through technology.","breadcrumb":{"@id":"https:\/\/dev.inrs.ca\/en\/inrs\/community-services\/psychological-harassment-and-sexual-violence\/what-is-sexual-violence\/#breadcrumb"},"inLanguage":"en-CA","potentialAction":[{"@type":"ReadAction","target":["https:\/\/dev.inrs.ca\/en\/inrs\/community-services\/psychological-harassment-and-sexual-violence\/what-is-sexual-violence\/"]}]},{"@type":"ImageObject","inLanguage":"en-CA","@id":"https:\/\/dev.inrs.ca\/en\/inrs\/community-services\/psychological-harassment-and-sexual-violence\/what-is-sexual-violence\/#primaryimage","url":"https:\/\/dev.inrs.ca\/wp-content\/uploads\/vacs-violences-caractere-sexuel-sexual-violence.jpeg","contentUrl":"https:\/\/dev.inrs.ca\/wp-content\/uploads\/vacs-violences-caractere-sexuel-sexual-violence.jpeg","width":1200,"height":900,"caption":"A young woman with flying hair is tied with a rope. Concepts of restrictions on the ability of women in society. Human character illustration"},{"@type":"BreadcrumbList","@id":"https:\/\/dev.inrs.ca\/en\/inrs\/community-services\/psychological-harassment-and-sexual-violence\/what-is-sexual-violence\/#breadcrumb","itemListElement":[{"@type":"ListItem","position":1,"name":"INRS","item":"https:\/\/dev.inrs.ca\/linrs\/"},{"@type":"ListItem","position":2,"name":"Community Services","item":"https:\/\/dev.inrs.ca\/linrs\/services-a-la-communaute\/"},{"@type":"ListItem","position":3,"name":"Psychological Harassment and Sexual Violence","item":"https:\/\/dev.inrs.ca\/linrs\/services-a-la-communaute\/harcelement-psychologique-et-violences-a-caractere-sexuel\/"},{"@type":"ListItem","position":4,"name":"What is Sexual Violence?"}]},{"@type":"WebSite","@id":"https:\/\/dev.inrs.ca\/en\/#website","url":"https:\/\/dev.inrs.ca\/en\/","name":"INRS","description":"Institut national de la recherche scientifique","potentialAction":[{"@type":"SearchAction","target":{"@type":"EntryPoint","urlTemplate":"https:\/\/dev.inrs.ca\/en\/?s={search_term_string}"},"query-input":{"@type":"PropertyValueSpecification","valueRequired":true,"valueName":"search_term_string"}}],"inLanguage":"en-CA"}]}},"_links":{"self":[{"href":"https:\/\/dev.inrs.ca\/en\/wp-json\/wp\/v2\/pages\/12335","targetHints":{"allow":["GET"]}}],"collection":[{"href":"https:\/\/dev.inrs.ca\/en\/wp-json\/wp\/v2\/pages"}],"about":[{"href":"https:\/\/dev.inrs.ca\/en\/wp-json\/wp\/v2\/types\/page"}],"author":[{"embeddable":true,"href":"https:\/\/dev.inrs.ca\/en\/wp-json\/wp\/v2\/users\/4"}],"replies":[{"embeddable":true,"href":"https:\/\/dev.inrs.ca\/en\/wp-json\/wp\/v2\/comments?post=12335"}],"version-history":[{"count":5,"href":"https:\/\/dev.inrs.ca\/en\/wp-json\/wp\/v2\/pages\/12335\/revisions"}],"predecessor-version":[{"id":58953,"href":"https:\/\/dev.inrs.ca\/en\/wp-json\/wp\/v2\/pages\/12335\/revisions\/58953"}],"up":[{"embeddable":true,"href":"https:\/\/dev.inrs.ca\/en\/wp-json\/wp\/v2\/pages\/17858"}],"wp:featuredmedia":[{"embeddable":true,"href":"https:\/\/dev.inrs.ca\/en\/wp-json\/wp\/v2\/media\/58225"}],"wp:attachment":[{"href":"https:\/\/dev.inrs.ca\/en\/wp-json\/wp\/v2\/media?parent=12335"}],"wp:term":[{"taxonomy":"page_type","embeddable":true,"href":"https:\/\/dev.inrs.ca\/en\/wp-json\/wp\/v2\/page_type?post=12335"},{"taxonomy":"wf_page_folders","embeddable":true,"href":"https:\/\/dev.inrs.ca\/en\/wp-json\/wp\/v2\/wf_page_folders?post=12335"}],"curies":[{"name":"wp","href":"https:\/\/api.w.org\/{rel}","templated":true}]}}